{"id":671,"date":"2017-08-07T11:23:28","date_gmt":"2017-08-07T14:23:28","guid":{"rendered":"http:\/\/www.lojamelhordosul.com.br\/site\/?page_id=671"},"modified":"2022-04-05T15:21:56","modified_gmt":"2022-04-05T18:21:56","slug":"sac","status":"publish","type":"page","link":"https:\/\/www.lojamelhordosul.com.br\/site\/sac\/","title":{"rendered":"SAC"},"content":{"rendered":"<p>Entrega<br \/>\nQual a pol\u00edtica de entrega da Loja Melhor do Sul?<\/p>\n<p>Durante a realiza\u00e7\u00e3o de sua compra o sistema lhe pedir\u00e1 obrigatoriamente que informe um CEP para c\u00e1lculo do frete. Voc\u00ea deve informar corretamente o CEP onde dever\u00e1 ser feita a entrega. O prazo de entrega \u00e9 calculado da seguinte forma: prazo de disponibilidade + prazo da sua regi\u00e3o (cidade\/estado) + forma de pagamento.<\/p>\n<p>O prazo de disponibilidade \u00e9 informado na p\u00e1gina de detalhes do produto. Produtos dispon\u00edveis em estoque s\u00e3o apresentados como Disponibilidade Imediata. Alguns produtos tem Disponibilidade Diferenciada que informar\u00e1 a quantidade de dias \u00fateis em que o produto estar\u00e1 dispon\u00edvel para entrega ap\u00f3s sua compra.<\/p>\n<p>O prazo para sua regi\u00e3o efetivamente \u00e9 a quantidade de dias \u00fateis que o pedido leva para sair do nosso estoque at\u00e9 chegar ao seu destino final. Este prazo pode variar de acordo com a quantidade e o peso dos items, bem como a regi\u00e3o de entrega e o tipo de entrega (expressa, ou econ\u00f4mica) de acordo com as op\u00e7\u00f5es que lhe forem apresentadas.<\/p>\n<p>A Forma de Pagamento escolhida tamb\u00e9m pode influenciar no prazo de entrega de seu pedido. Pedidos pagos atrav\u00e9s do PagSeguro com cart\u00e3o de cr\u00e9dito podem levar at\u00e9 48 horas para serem liberados. Enquanto pagamentos com d\u00e9bito online s\u00e3o liberados imediatamente. Pagamentos com Boleto ou Dep\u00f3sito levam de 1 \u00e0 2 dias \u00fateis para serem liberados.<\/p>\n<p>Ap\u00f3s a finaliza\u00e7\u00e3o da compra todos os pedidos passam por uma avalia\u00e7\u00e3o e uma vez confirmado o pagamento seu pedido ent\u00e3o ser\u00e1 liberado para envio. As entregas s\u00e3o realizadas pelos Correios ou Transportadoras. Voc\u00ea dever\u00e1 escolher uma das op\u00e7\u00f5es de entrega que lhe forem apresentadas na cesta de compras.<\/p>\n<p>Como funciona a entrega em Porto Alegre ou na regi\u00e3o metropolitana?<br \/>\nSe voc\u00ea \u00e9 de Porto Alegre ou da regi\u00e3o metropolitana voc\u00ea poder\u00e1 comprar pelo site ou pedir por telefone (51) 3338-8243 ou (51) 98261-3445 e receber sua compra em casa com total seguran\u00e7a e comodidade, tamb\u00e9m pode pagar em dinheiro para o motoboy na hora da entrega, bem como, pagamento com cart\u00e3o de d\u00e9bito ou cr\u00e9dito que enviamos a maquina de cart\u00e3o, basta efetuar uma compra normal informando o tipo de pagamento. Na cesta de comprar voc\u00ea dever\u00e1 digitar seu CEP e nosso sistema reconhecer\u00e1 que trata-se da cidade de Porto Alegre-RS.<br \/>\nPrivacidade e Seguran\u00e7a<br \/>\nSeus dados s\u00e3o de uso exclusivo para identific\u00e1-lo em suas compras. Suas informa\u00e7\u00f5es ser\u00e3o utilizadas apenas para sabermos reconhec\u00ea-lo na sua pr\u00f3xima visita e para que voc\u00ea saiba o seu hist\u00f3rico de compras. N\u00f3s guardamos confidencialmente alguns de seus dados. Assim, na pr\u00f3xima compra, voc\u00ea n\u00e3o precisa preencher seu cadastro novamente. Tais informa\u00e7\u00f5es poder\u00e3o, entretanto, ser agrupadas conforme determinados crit\u00e9rios e utilizadas como estat\u00edsticas gen\u00e9ricas objetivando um melhor entendimento do perfil do consumidor. As suas informa\u00e7\u00f5es s\u00e3o utilizadas apenas para processar suas compras e as mesmas n\u00e3o ser\u00e3o fornecidas a terceiros.<\/p>\n<p>Pedido e pagamento<br \/>\n\u00c9 f\u00e1cil fazer o pedido, voc\u00ea deve escolher seus produtos e adicionar na cesta de compras, na finaliza\u00e7\u00e3o da compra o site lhe direcionar\u00e1 para a forma de pagamento mais adequada podendo ser pagamento com cart\u00e3o de cr\u00e9dito, d\u00e9bito, dep\u00f3sito banc\u00e1rio, sedex a cobrar, dinheiro ou Pix.<\/p>\n<p>\u00c9 seguro comprar na Loja Melhor do Sul?<br \/>\nSim, a Loja Virtual \u00e9 protegida por moderno protocolo de seguran\u00e7a SSL que encriptografa os dados impedindo que outros computadores tenham acesso \u00e0s informa\u00e7\u00f5es.<\/p>\n<p>\u00c9 seguro comprar com cart\u00e3o de cr\u00e9dito?<br \/>\nSim, voce pode pedir a maquina de cart\u00e3o que o motoboy leva para voc\u00ea, passa hora da entrega do produto ou comprando no site com total seguran\u00e7a pois hoje as opera\u00e7\u00f5es com cart\u00e3o est\u00e3o bem mais seguras que no in\u00edcio do com\u00e9rcio eletr\u00f4nico, al\u00e9m dos protocolos de seguran\u00e7a SSL, as operadoras de cart\u00e3o de cr\u00e9dito tomaram algumas medidas para evitar as fraudes, uma destas medidas \u00e9 que o n\u00famero do cart\u00e3o n\u00e3o fica mais armazenado na loja virtual, toda opera\u00e7\u00e3o de pagamento com cart\u00e3o de cr\u00e9dito ocorre entre o computador do usu\u00e1rio e o computador da operadora de cart\u00e3o de cr\u00e9dito.<\/p>\n","protected":false},"excerpt":{"rendered":"<p>Entrega Qual a pol\u00edtica de entrega da Loja Melhor do Sul? Durante a realiza\u00e7\u00e3o de sua compra o sistema lhe pedir\u00e1 obrigatoriamente que informe um CEP para c\u00e1lculo do frete. Voc\u00ea deve informar corretamente o CEP onde dever\u00e1 ser feita a entrega. O prazo de entrega \u00e9 calculado da seguinte forma: prazo de disponibilidade + &hellip; <a href=\"https:\/\/www.lojamelhordosul.com.br\/site\/sac\/\" class=\"more-link\">Continuar lendo <span class=\"screen-reader-text\">SAC<\/span><\/a><\/p>\n","protected":false},"author":2,"featured_media":0,"parent":0,"menu_order":0,"comment_status":"closed","ping_status":"closed","template":"","meta":{"footnotes":""},"class_list":["post-671","page","type-page","status-publish","hentry"],"yoast_head":"<!-- This site is optimized with the Yoast SEO plugin v27.5 - https:\/\/yoast.com\/product\/yoast-seo-wordpress\/ -->\n<title>Loja Melhor do Sul Sistemas de Seguran\u00e7a<\/title>\n<meta name=\"robots\" content=\"index, follow, max-snippet:-1, max-image-preview:large, max-video-preview:-1\" \/>\n<link rel=\"canonical\" href=\"https:\/\/www.lojamelhordosul.com.br\/site\/sac\/\" \/>\n<meta property=\"og:locale\" content=\"pt_BR\" \/>\n<meta property=\"og:type\" content=\"article\" \/>\n<meta property=\"og:title\" content=\"Loja Melhor do Sul Sistemas de Seguran\u00e7a\" \/>\n<meta property=\"og:description\" content=\"Entrega Qual a pol\u00edtica de entrega da Loja Melhor do Sul? Durante a realiza\u00e7\u00e3o de sua compra o sistema lhe pedir\u00e1 obrigatoriamente que informe um CEP para c\u00e1lculo do frete. Voc\u00ea deve informar corretamente o CEP onde dever\u00e1 ser feita a entrega. O prazo de entrega \u00e9 calculado da seguinte forma: prazo de disponibilidade + &hellip; Continuar lendo SAC\" \/>\n<meta property=\"og:url\" content=\"https:\/\/www.lojamelhordosul.com.br\/site\/sac\/\" \/>\n<meta property=\"og:site_name\" content=\"Loja Melhor do Sul Sistemas de Seguran\u00e7a\" \/>\n<meta property=\"article:modified_time\" content=\"2022-04-05T18:21:56+00:00\" \/>\n<meta name=\"twitter:card\" content=\"summary_large_image\" \/>\n<meta name=\"twitter:label1\" content=\"Est. tempo de leitura\" \/>\n\t<meta name=\"twitter:data1\" content=\"4 minutos\" \/>\n<script type=\"application\/ld+json\" class=\"yoast-schema-graph\">{\"@context\":\"https:\\\/\\\/schema.org\",\"@graph\":[{\"@type\":\"WebPage\",\"@id\":\"https:\\\/\\\/www.lojamelhordosul.com.br\\\/site\\\/sac\\\/\",\"url\":\"https:\\\/\\\/www.lojamelhordosul.com.br\\\/site\\\/sac\\\/\",\"name\":\"Loja Melhor do Sul Sistemas de Seguran\u00e7a\",\"isPartOf\":{\"@id\":\"https:\\\/\\\/www.lojamelhordosul.com.br\\\/site\\\/#website\"},\"datePublished\":\"2017-08-07T14:23:28+00:00\",\"dateModified\":\"2022-04-05T18:21:56+00:00\",\"breadcrumb\":{\"@id\":\"https:\\\/\\\/www.lojamelhordosul.com.br\\\/site\\\/sac\\\/#breadcrumb\"},\"inLanguage\":\"pt-BR\",\"potentialAction\":[{\"@type\":\"ReadAction\",\"target\":[\"https:\\\/\\\/www.lojamelhordosul.com.br\\\/site\\\/sac\\\/\"]}]},{\"@type\":\"BreadcrumbList\",\"@id\":\"https:\\\/\\\/www.lojamelhordosul.com.br\\\/site\\\/sac\\\/#breadcrumb\",\"itemListElement\":[{\"@type\":\"ListItem\",\"position\":1,\"name\":\"In\u00edcio\",\"item\":\"https:\\\/\\\/www.lojamelhordosul.com.br\\\/site\\\/\"},{\"@type\":\"ListItem\",\"position\":2,\"name\":\"SAC\"}]},{\"@type\":\"WebSite\",\"@id\":\"https:\\\/\\\/www.lojamelhordosul.com.br\\\/site\\\/#website\",\"url\":\"https:\\\/\\\/www.lojamelhordosul.com.br\\\/site\\\/\",\"name\":\"Loja Melhor do Sul Sistemas de Seguran\u00e7a\",\"description\":\"Loja Melhor do Sul - Revenda Ouro Intelbras em Porto Alegre\",\"publisher\":{\"@id\":\"https:\\\/\\\/www.lojamelhordosul.com.br\\\/site\\\/#organization\"},\"potentialAction\":[{\"@type\":\"SearchAction\",\"target\":{\"@type\":\"EntryPoint\",\"urlTemplate\":\"https:\\\/\\\/www.lojamelhordosul.com.br\\\/site\\\/?s={search_term_string}\"},\"query-input\":{\"@type\":\"PropertyValueSpecification\",\"valueRequired\":true,\"valueName\":\"search_term_string\"}}],\"inLanguage\":\"pt-BR\"},{\"@type\":\"Organization\",\"@id\":\"https:\\\/\\\/www.lojamelhordosul.com.br\\\/site\\\/#organization\",\"name\":\"Loja Melhor do Sul\",\"url\":\"https:\\\/\\\/www.lojamelhordosul.com.br\\\/site\\\/\",\"logo\":{\"@type\":\"ImageObject\",\"inLanguage\":\"pt-BR\",\"@id\":\"https:\\\/\\\/www.lojamelhordosul.com.br\\\/site\\\/#\\\/schema\\\/logo\\\/image\\\/\",\"url\":\"https:\\\/\\\/www.lojamelhordosul.com.br\\\/site\\\/wp-content\\\/uploads\\\/2019\\\/10\\\/logo-longo-da-loja.png\",\"contentUrl\":\"https:\\\/\\\/www.lojamelhordosul.com.br\\\/site\\\/wp-content\\\/uploads\\\/2019\\\/10\\\/logo-longo-da-loja.png\",\"width\":597,\"height\":114,\"caption\":\"Loja Melhor do Sul\"},\"image\":{\"@id\":\"https:\\\/\\\/www.lojamelhordosul.com.br\\\/site\\\/#\\\/schema\\\/logo\\\/image\\\/\"}}]}<\/script>\n<!-- \/ Yoast SEO plugin. -->","yoast_head_json":{"title":"Loja Melhor do Sul Sistemas de Seguran\u00e7a","robots":{"index":"index","follow":"follow","max-snippet":"max-snippet:-1","max-image-preview":"max-image-preview:large","max-video-preview":"max-video-preview:-1"},"canonical":"https:\/\/www.lojamelhordosul.com.br\/site\/sac\/","og_locale":"pt_BR","og_type":"article","og_title":"Loja Melhor do Sul Sistemas de Seguran\u00e7a","og_description":"Entrega Qual a pol\u00edtica de entrega da Loja Melhor do Sul? Durante a realiza\u00e7\u00e3o de sua compra o sistema lhe pedir\u00e1 obrigatoriamente que informe um CEP para c\u00e1lculo do frete. Voc\u00ea deve informar corretamente o CEP onde dever\u00e1 ser feita a entrega. O prazo de entrega \u00e9 calculado da seguinte forma: prazo de disponibilidade + &hellip; Continuar lendo SAC","og_url":"https:\/\/www.lojamelhordosul.com.br\/site\/sac\/","og_site_name":"Loja Melhor do Sul Sistemas de Seguran\u00e7a","article_modified_time":"2022-04-05T18:21:56+00:00","twitter_card":"summary_large_image","twitter_misc":{"Est. tempo de leitura":"4 minutos"},"schema":{"@context":"https:\/\/schema.org","@graph":[{"@type":"WebPage","@id":"https:\/\/www.lojamelhordosul.com.br\/site\/sac\/","url":"https:\/\/www.lojamelhordosul.com.br\/site\/sac\/","name":"Loja Melhor do Sul Sistemas de Seguran\u00e7a","isPartOf":{"@id":"https:\/\/www.lojamelhordosul.com.br\/site\/#website"},"datePublished":"2017-08-07T14:23:28+00:00","dateModified":"2022-04-05T18:21:56+00:00","breadcrumb":{"@id":"https:\/\/www.lojamelhordosul.com.br\/site\/sac\/#breadcrumb"},"inLanguage":"pt-BR","potentialAction":[{"@type":"ReadAction","target":["https:\/\/www.lojamelhordosul.com.br\/site\/sac\/"]}]},{"@type":"BreadcrumbList","@id":"https:\/\/www.lojamelhordosul.com.br\/site\/sac\/#breadcrumb","itemListElement":[{"@type":"ListItem","position":1,"name":"In\u00edcio","item":"https:\/\/www.lojamelhordosul.com.br\/site\/"},{"@type":"ListItem","position":2,"name":"SAC"}]},{"@type":"WebSite","@id":"https:\/\/www.lojamelhordosul.com.br\/site\/#website","url":"https:\/\/www.lojamelhordosul.com.br\/site\/","name":"Loja Melhor do Sul Sistemas de Seguran\u00e7a","description":"Loja Melhor do Sul - Revenda Ouro Intelbras em Porto Alegre","publisher":{"@id":"https:\/\/www.lojamelhordosul.com.br\/site\/#organization"},"potentialAction":[{"@type":"SearchAction","target":{"@type":"EntryPoint","urlTemplate":"https:\/\/www.lojamelhordosul.com.br\/site\/?s={search_term_string}"},"query-input":{"@type":"PropertyValueSpecification","valueRequired":true,"valueName":"search_term_string"}}],"inLanguage":"pt-BR"},{"@type":"Organization","@id":"https:\/\/www.lojamelhordosul.com.br\/site\/#organization","name":"Loja Melhor do Sul","url":"https:\/\/www.lojamelhordosul.com.br\/site\/","logo":{"@type":"ImageObject","inLanguage":"pt-BR","@id":"https:\/\/www.lojamelhordosul.com.br\/site\/#\/schema\/logo\/image\/","url":"https:\/\/www.lojamelhordosul.com.br\/site\/wp-content\/uploads\/2019\/10\/logo-longo-da-loja.png","contentUrl":"https:\/\/www.lojamelhordosul.com.br\/site\/wp-content\/uploads\/2019\/10\/logo-longo-da-loja.png","width":597,"height":114,"caption":"Loja Melhor do Sul"},"image":{"@id":"https:\/\/www.lojamelhordosul.com.br\/site\/#\/schema\/logo\/image\/"}}]}},"_links":{"self":[{"href":"https:\/\/www.lojamelhordosul.com.br\/site\/wp-json\/wp\/v2\/pages\/671","targetHints":{"allow":["GET"]}}],"collection":[{"href":"https:\/\/www.lojamelhordosul.com.br\/site\/wp-json\/wp\/v2\/pages"}],"about":[{"href":"https:\/\/www.lojamelhordosul.com.br\/site\/wp-json\/wp\/v2\/types\/page"}],"author":[{"embeddable":true,"href":"https:\/\/www.lojamelhordosul.com.br\/site\/wp-json\/wp\/v2\/users\/2"}],"replies":[{"embeddable":true,"href":"https:\/\/www.lojamelhordosul.com.br\/site\/wp-json\/wp\/v2\/comments?post=671"}],"version-history":[{"count":0,"href":"https:\/\/www.lojamelhordosul.com.br\/site\/wp-json\/wp\/v2\/pages\/671\/revisions"}],"wp:attachment":[{"href":"https:\/\/www.lojamelhordosul.com.br\/site\/wp-json\/wp\/v2\/media?parent=671"}],"curies":[{"name":"wp","href":"https:\/\/api.w.org\/{rel}","templated":true}]}}