{"id":10325,"date":"2021-01-11T16:35:38","date_gmt":"2021-01-11T19:35:38","guid":{"rendered":"https:\/\/www.lojamelhordosul.com.br\/site\/?post_type=product&#038;p=10325"},"modified":"2026-03-12T15:48:21","modified_gmt":"2026-03-12T18:48:21","slug":"porteiro-eletronico-intelbras-xpe-1001-plus-interfone","status":"publish","type":"product","link":"https:\/\/www.lojamelhordosul.com.br\/site\/produto\/porteiro-eletronico-intelbras-xpe-1001-plus-interfone\/","title":{"rendered":"Porteiro Eletr\u00f4nico Intelbras Xpe 1001 Plus Interfone"},"content":{"rendered":"<div class=\"wpb-content-wrapper\"><div class=\"vc_row wpb_row vc_row-fluid\"><div class=\"container\"><div class=\"row\"><div class=\"wpb_column vc_column_container vc_col-md-12\"><div class=\"vc_column-inner \"><div class=\"wpb_wrapper\"><div class=\"wpb_single_image widget wpb_content_element vc_align_center\">\r\n\t\t\r\n\t\t<figure class=\"wpb_wrapper vc_figure\">\r\n\t\t\t<div class=\"vc_single_image-wrapper   vc_box_border_grey\"><img decoding=\"async\" class=\"vc_single_image-img\"  src=\"https:\/\/www.lojamelhordosul.com.br\/site\/wp-content\/uploads\/2020\/06\/Logo-Site-2020.png\" \/><\/div>\r\n\t\t<div class=\"description\">\r\n\t\t\t\r\n\t\t<\/div>\r\n\t\r\n\t\t<\/figure>\r\n\t<\/div><\/div><\/div><\/div><\/div><\/div><\/div><div class=\"vc_row wpb_row vc_row-fluid\"><div class=\"container\"><div class=\"row\"><div class=\"wpb_column vc_column_container vc_col-md-12\"><div class=\"vc_column-inner \"><div class=\"wpb_wrapper\">\n\t<div class=\"wpb_text_column wpb_content_element\" >\n\t\t<div class=\"wpb_wrapper\">\n\t\t\t<p>XPE 1001 PLUS<\/p>\n<p><span class=\"cke-font-size-default\">Universal, pode ser usado em qualquer posi\u00e7\u00e3o de ramal de central padr\u00e3o ANATEL. Possui design exclusivo e f\u00e1cil instala\u00e7\u00e3o. Ideal para comunica\u00e7\u00e3o direta com o apartamento a partir do port\u00e3o do condom\u00ednio.<\/span><\/p>\n<p><span class=\"cke-font-size-default\">\u00bb\u00a0Entrada para 2 botoeiras e 2 sensores de porta aberta<br \/>\n\u00bb\u00a0<\/span>Controle de intertravamento para entrada de pedestres (eclusa ou gaiola)<br \/>\n\u00bb\u00a0Tamper de indica\u00e7\u00e3o de viola\u00e7\u00e3o<br \/>\n\u00bb\u00a0Fonte interna Full range de 90 a 240 VAC (autom\u00e1tica)<br \/>\n\u00bb\u00a0Entrada de fonte externa de fonte 12 VDC<br \/>\n\u00bb\u00a0Teclado luminoso<br \/>\n\u00bb\u00a0Comunica\u00e7\u00e3o e abertura de fechadura atrav\u00e9s do apartamento<br \/>\n\u00bb\u00a0Programa\u00e7\u00e3o de at\u00e9 16 d\u00edgitos do prefixo e tecla portaria<br \/>\n\u00bb\u00a0Configura\u00e7\u00e3o do tipo de fechadura na sa\u00edda 2 (AUX)<br \/>\n\u00bb\u00a0Ajuste de volume de \u00e1udio por programa\u00e7\u00e3o (3 n\u00edveis)<br \/>\n\u00bb\u00a0N\u00e3o perde as programa\u00e7\u00f5es em caso de falta de energia el\u00e9trica<br \/>\n\u00bb\u00a0Mem\u00f3ria das programa\u00e7\u00f5es soqueteada<br \/>\n\u00bb\u00a0Atualiza\u00e7\u00e3o simples de firmware atrav\u00e9s de USB<\/p>\n\n\t\t<\/div>\n\t<\/div>\n<\/div><\/div><\/div><\/div><\/div><\/div><div class=\"vc_row wpb_row vc_row-fluid\"><div class=\"container\"><div class=\"row\"><div class=\"wpb_column vc_column_container vc_col-md-12\"><div class=\"vc_column-inner \"><div class=\"wpb_wrapper\">\n\t<div class=\"wpb_text_column wpb_content_element\" >\n\t\t<div class=\"wpb_wrapper\">\n\t\t\t<p>Comunica\u00e7\u00e3o Condominial<\/p>\n<p>A Intelbras oferece solu\u00e7\u00f5es que v\u00e3o suprir as necessidades de seguran\u00e7a dos condom\u00ednios com qualidade e praticidade. S\u00e3o produtos com alta tecnologia para ampliar a seguran\u00e7a do patrim\u00f4nio e a tranquilidade dos usu\u00e1rios.<\/p>\n\n\t\t<\/div>\n\t<\/div>\n<\/div><\/div><\/div><\/div><\/div><\/div><div class=\"vc_row wpb_row vc_row-fluid\"><div class=\"container\"><div class=\"row\"><div class=\"wpb_column vc_column_container vc_col-md-12\"><div class=\"vc_column-inner \"><div class=\"wpb_wrapper\">\n\t<div class=\"wpb_text_column wpb_content_element\" >\n\t\t<div class=\"wpb_wrapper\">\n\t\t\t<p>Linha de centrais de portaria<\/p>\n<p>As centrais de portaria Intelbras permitem liga\u00e7\u00f5es de 48 at\u00e9 656 pontos dentro de um condom\u00ednio. Esses pontos podem realizar liga\u00e7\u00f5es entre eles sem custo, al\u00e9m de usufru\u00edrem das seguintes facilidades: identifica\u00e7\u00e3o de ramal para apartamentos, pega trote, transfer\u00eancia, Siga-me, N\u00e3o perturbe, entre outros. As centrais possuem baix\u00edssimo consumo de energia el\u00e9trica, s\u00e3o pr\u00e1ticas de instalar e f\u00e1ceis de programar.<\/p>\n\n\t\t<\/div>\n\t<\/div>\n<\/div><\/div><\/div><\/div><\/div><\/div><div class=\"vc_row wpb_row vc_row-fluid\"><div class=\"container\"><div class=\"row\"><div class=\"wpb_column vc_column_container vc_col-md-12\"><div class=\"vc_column-inner \"><div class=\"wpb_wrapper\">\n\t<div class=\"wpb_text_column wpb_content_element\" >\n\t\t<div class=\"wpb_wrapper\">\n\t\t\t<p>Linha de porteiros eletr\u00f4nicos XPE<\/p>\n<p>Os porteiros eletr\u00f4nicos para condom\u00ednio da j\u00e1 consagrada linha XPE permitem a comunica\u00e7\u00e3o com o apartamento, guarita ou empresa de portaria remota de forma r\u00e1pida e com \u00e1udio de qualidade. A linha possui modelos com leitor RFID, acesso por senha, fun\u00e7\u00e3o intertravamento e muito mais. Al\u00e9m da praticidade na instala\u00e7\u00e3o, qualidade e seguran\u00e7a da marca Intelbras.<\/p>\n\n\t\t<\/div>\n\t<\/div>\n<\/div><\/div><\/div><\/div><\/div><\/div><div class=\"vc_row wpb_row vc_row-fluid\"><div class=\"container\"><div class=\"row\"><div class=\"wpb_column vc_column_container vc_col-md-12\"><div class=\"vc_column-inner \"><div class=\"wpb_wrapper\">\n\t<div class=\"wpb_text_column wpb_content_element\" >\n\t\t<div class=\"wpb_wrapper\">\n\t\t\t<p>Linha de terminais<\/p>\n<p>Os terminais foram desenvolvidos especialmente para usu\u00e1rios das centrais de portaria Intelbras\/Maxcom. Eles possuem design arrojado, s\u00e3o f\u00e1ceis de instalar e de limpar e suas cores combinam com v\u00e1rios ambientes.<\/p>\n<p>&nbsp;<\/p>\n<p>Produto beneficiado pela legisla\u00e7\u00e3o da inform\u00e1tica.<\/p>\n\n\t\t<\/div>\n\t<\/div>\n<\/div><\/div><\/div><\/div><\/div><\/div>\n<\/div>","protected":false},"excerpt":{"rendered":"<p>XPE 1001 PLUS Universal, pode ser usado em qualquer posi\u00e7\u00e3o de ramal de central padr\u00e3o ANATEL. Possui design exclusivo e f\u00e1cil instala\u00e7\u00e3o.<\/p>\n<p>\u2022 Porteiro eletr\u00f4nico de 01 tecla p\/central de portaria<br \/>\n\u2022 Possui at\u00e9 2 acionamentos, fechadura<br \/>\neletromagn\u00e9tica (12V) e contato seco<br \/>\n\u2022 Funcionamento em qualquer posi\u00e7\u00e3o de ramal<br \/>\n\u2022 Comunica\u00e7\u00e3o direta c\/ ramal previamente programado<br \/>\n\u2022 Fonte de alimenta\u00e7\u00e3o interna ou externa<\/p>\n","protected":false},"featured_media":10327,"comment_status":"closed","ping_status":"closed","template":"","meta":{"rs_blank_template":"","rs_page_bg_color":"","slide_template_v7":""},"product_brand":[],"product_cat":[2767,2769],"product_tag":[],"class_list":{"0":"post-10325","1":"product","2":"type-product","3":"status-publish","4":"has-post-thumbnail","6":"product_cat-interfonia","7":"product_cat-porteiros-eletronicos","9":"first","10":"instock","11":"shipping-taxable","12":"purchasable","13":"product-type-simple"},"yoast_head":"<!-- This site is optimized with the Yoast SEO plugin v27.6 - https:\/\/yoast.com\/product\/yoast-seo-wordpress\/ -->\n<title>Porteiro Eletr\u00f4nico Intelbras Xpe 1001 Plus Interfone - Loja Melhor do Sul Sistemas de Seguran\u00e7a<\/title>\n<meta name=\"robots\" content=\"index, follow, max-snippet:-1, max-image-preview:large, max-video-preview:-1\" \/>\n<link rel=\"canonical\" href=\"https:\/\/www.lojamelhordosul.com.br\/site\/produto\/porteiro-eletronico-intelbras-xpe-1001-plus-interfone\/\" \/>\n<meta property=\"og:locale\" content=\"pt_BR\" \/>\n<meta property=\"og:type\" content=\"article\" \/>\n<meta property=\"og:title\" content=\"Porteiro Eletr\u00f4nico Intelbras Xpe 1001 Plus Interfone - Loja Melhor do Sul Sistemas de Seguran\u00e7a\" \/>\n<meta property=\"og:description\" content=\"XPE 1001 PLUS Universal, pode ser usado em qualquer posi\u00e7\u00e3o de ramal de central padr\u00e3o ANATEL. Possui design exclusivo e f\u00e1cil instala\u00e7\u00e3o.  \u2022 Porteiro eletr\u00f4nico de 01 tecla p\/central de portaria \u2022 Possui at\u00e9 2 acionamentos, fechadura eletromagn\u00e9tica (12V) e contato seco \u2022 Funcionamento em qualquer posi\u00e7\u00e3o de ramal \u2022 Comunica\u00e7\u00e3o direta c\/ ramal previamente programado \u2022 Fonte de alimenta\u00e7\u00e3o interna ou externa\" \/>\n<meta property=\"og:url\" content=\"https:\/\/www.lojamelhordosul.com.br\/site\/produto\/porteiro-eletronico-intelbras-xpe-1001-plus-interfone\/\" \/>\n<meta property=\"og:site_name\" content=\"Loja Melhor do Sul Sistemas de Seguran\u00e7a\" \/>\n<meta property=\"article:modified_time\" content=\"2026-03-12T18:48:21+00:00\" \/>\n<meta property=\"og:image\" content=\"https:\/\/www.lojamelhordosul.com.br\/site\/wp-content\/uploads\/2021\/01\/xpe-1001-plus.jpg\" \/>\n\t<meta property=\"og:image:width\" content=\"900\" \/>\n\t<meta property=\"og:image:height\" content=\"900\" \/>\n\t<meta property=\"og:image:type\" content=\"image\/jpeg\" \/>\n<meta name=\"twitter:card\" content=\"summary_large_image\" \/>\n<meta name=\"twitter:label1\" content=\"Est. tempo de leitura\" \/>\n\t<meta name=\"twitter:data1\" content=\"2 minutos\" \/>\n<script type=\"application\/ld+json\" class=\"yoast-schema-graph\">{\"@context\":\"https:\\\/\\\/schema.org\",\"@graph\":[{\"@type\":\"WebPage\",\"@id\":\"https:\\\/\\\/www.lojamelhordosul.com.br\\\/site\\\/produto\\\/porteiro-eletronico-intelbras-xpe-1001-plus-interfone\\\/\",\"url\":\"https:\\\/\\\/www.lojamelhordosul.com.br\\\/site\\\/produto\\\/porteiro-eletronico-intelbras-xpe-1001-plus-interfone\\\/\",\"name\":\"Porteiro Eletr\u00f4nico Intelbras Xpe 1001 Plus Interfone - Loja Melhor do Sul Sistemas de Seguran\u00e7a\",\"isPartOf\":{\"@id\":\"https:\\\/\\\/www.lojamelhordosul.com.br\\\/site\\\/#website\"},\"primaryImageOfPage\":{\"@id\":\"https:\\\/\\\/www.lojamelhordosul.com.br\\\/site\\\/produto\\\/porteiro-eletronico-intelbras-xpe-1001-plus-interfone\\\/#primaryimage\"},\"image\":{\"@id\":\"https:\\\/\\\/www.lojamelhordosul.com.br\\\/site\\\/produto\\\/porteiro-eletronico-intelbras-xpe-1001-plus-interfone\\\/#primaryimage\"},\"thumbnailUrl\":\"https:\\\/\\\/www.lojamelhordosul.com.br\\\/site\\\/wp-content\\\/uploads\\\/2021\\\/01\\\/xpe-1001-plus.jpg\",\"datePublished\":\"2021-01-11T19:35:38+00:00\",\"dateModified\":\"2026-03-12T18:48:21+00:00\",\"breadcrumb\":{\"@id\":\"https:\\\/\\\/www.lojamelhordosul.com.br\\\/site\\\/produto\\\/porteiro-eletronico-intelbras-xpe-1001-plus-interfone\\\/#breadcrumb\"},\"inLanguage\":\"pt-BR\",\"potentialAction\":[{\"@type\":\"ReadAction\",\"target\":[\"https:\\\/\\\/www.lojamelhordosul.com.br\\\/site\\\/produto\\\/porteiro-eletronico-intelbras-xpe-1001-plus-interfone\\\/\"]}]},{\"@type\":\"ImageObject\",\"inLanguage\":\"pt-BR\",\"@id\":\"https:\\\/\\\/www.lojamelhordosul.com.br\\\/site\\\/produto\\\/porteiro-eletronico-intelbras-xpe-1001-plus-interfone\\\/#primaryimage\",\"url\":\"https:\\\/\\\/www.lojamelhordosul.com.br\\\/site\\\/wp-content\\\/uploads\\\/2021\\\/01\\\/xpe-1001-plus.jpg\",\"contentUrl\":\"https:\\\/\\\/www.lojamelhordosul.com.br\\\/site\\\/wp-content\\\/uploads\\\/2021\\\/01\\\/xpe-1001-plus.jpg\",\"width\":\"900\",\"height\":\"900\"},{\"@type\":\"BreadcrumbList\",\"@id\":\"https:\\\/\\\/www.lojamelhordosul.com.br\\\/site\\\/produto\\\/porteiro-eletronico-intelbras-xpe-1001-plus-interfone\\\/#breadcrumb\",\"itemListElement\":[{\"@type\":\"ListItem\",\"position\":1,\"name\":\"In\u00edcio\",\"item\":\"https:\\\/\\\/www.lojamelhordosul.com.br\\\/site\\\/\"},{\"@type\":\"ListItem\",\"position\":2,\"name\":\"Loja\",\"item\":\"https:\\\/\\\/www.lojamelhordosul.com.br\\\/site\\\/loja\\\/\"},{\"@type\":\"ListItem\",\"position\":3,\"name\":\"Porteiro Eletr\u00f4nico Intelbras Xpe 1001 Plus Interfone\"}]},{\"@type\":\"WebSite\",\"@id\":\"https:\\\/\\\/www.lojamelhordosul.com.br\\\/site\\\/#website\",\"url\":\"https:\\\/\\\/www.lojamelhordosul.com.br\\\/site\\\/\",\"name\":\"Loja Melhor do Sul Sistemas de Seguran\u00e7a\",\"description\":\"Loja Melhor do Sul - Revenda Ouro Intelbras em Porto Alegre\",\"publisher\":{\"@id\":\"https:\\\/\\\/www.lojamelhordosul.com.br\\\/site\\\/#organization\"},\"potentialAction\":[{\"@type\":\"SearchAction\",\"target\":{\"@type\":\"EntryPoint\",\"urlTemplate\":\"https:\\\/\\\/www.lojamelhordosul.com.br\\\/site\\\/?s={search_term_string}\"},\"query-input\":{\"@type\":\"PropertyValueSpecification\",\"valueRequired\":true,\"valueName\":\"search_term_string\"}}],\"inLanguage\":\"pt-BR\"},{\"@type\":\"Organization\",\"@id\":\"https:\\\/\\\/www.lojamelhordosul.com.br\\\/site\\\/#organization\",\"name\":\"Loja Melhor do Sul\",\"url\":\"https:\\\/\\\/www.lojamelhordosul.com.br\\\/site\\\/\",\"logo\":{\"@type\":\"ImageObject\",\"inLanguage\":\"pt-BR\",\"@id\":\"https:\\\/\\\/www.lojamelhordosul.com.br\\\/site\\\/#\\\/schema\\\/logo\\\/image\\\/\",\"url\":\"https:\\\/\\\/www.lojamelhordosul.com.br\\\/site\\\/wp-content\\\/uploads\\\/2019\\\/10\\\/logo-longo-da-loja.png\",\"contentUrl\":\"https:\\\/\\\/www.lojamelhordosul.com.br\\\/site\\\/wp-content\\\/uploads\\\/2019\\\/10\\\/logo-longo-da-loja.png\",\"width\":597,\"height\":114,\"caption\":\"Loja Melhor do Sul\"},\"image\":{\"@id\":\"https:\\\/\\\/www.lojamelhordosul.com.br\\\/site\\\/#\\\/schema\\\/logo\\\/image\\\/\"}}]}<\/script>\n<!-- \/ Yoast SEO plugin. -->","yoast_head_json":{"title":"Porteiro Eletr\u00f4nico Intelbras Xpe 1001 Plus Interfone - Loja Melhor do Sul Sistemas de Seguran\u00e7a","robots":{"index":"index","follow":"follow","max-snippet":"max-snippet:-1","max-image-preview":"max-image-preview:large","max-video-preview":"max-video-preview:-1"},"canonical":"https:\/\/www.lojamelhordosul.com.br\/site\/produto\/porteiro-eletronico-intelbras-xpe-1001-plus-interfone\/","og_locale":"pt_BR","og_type":"article","og_title":"Porteiro Eletr\u00f4nico Intelbras Xpe 1001 Plus Interfone - Loja Melhor do Sul Sistemas de Seguran\u00e7a","og_description":"XPE 1001 PLUS Universal, pode ser usado em qualquer posi\u00e7\u00e3o de ramal de central padr\u00e3o ANATEL. Possui design exclusivo e f\u00e1cil instala\u00e7\u00e3o.  \u2022 Porteiro eletr\u00f4nico de 01 tecla p\/central de portaria \u2022 Possui at\u00e9 2 acionamentos, fechadura eletromagn\u00e9tica (12V) e contato seco \u2022 Funcionamento em qualquer posi\u00e7\u00e3o de ramal \u2022 Comunica\u00e7\u00e3o direta c\/ ramal previamente programado \u2022 Fonte de alimenta\u00e7\u00e3o interna ou externa","og_url":"https:\/\/www.lojamelhordosul.com.br\/site\/produto\/porteiro-eletronico-intelbras-xpe-1001-plus-interfone\/","og_site_name":"Loja Melhor do Sul Sistemas de Seguran\u00e7a","article_modified_time":"2026-03-12T18:48:21+00:00","og_image":[{"width":900,"height":900,"url":"https:\/\/www.lojamelhordosul.com.br\/site\/wp-content\/uploads\/2021\/01\/xpe-1001-plus.jpg","type":"image\/jpeg"}],"twitter_card":"summary_large_image","twitter_misc":{"Est. tempo de leitura":"2 minutos"},"schema":{"@context":"https:\/\/schema.org","@graph":[{"@type":"WebPage","@id":"https:\/\/www.lojamelhordosul.com.br\/site\/produto\/porteiro-eletronico-intelbras-xpe-1001-plus-interfone\/","url":"https:\/\/www.lojamelhordosul.com.br\/site\/produto\/porteiro-eletronico-intelbras-xpe-1001-plus-interfone\/","name":"Porteiro Eletr\u00f4nico Intelbras Xpe 1001 Plus Interfone - Loja Melhor do Sul Sistemas de Seguran\u00e7a","isPartOf":{"@id":"https:\/\/www.lojamelhordosul.com.br\/site\/#website"},"primaryImageOfPage":{"@id":"https:\/\/www.lojamelhordosul.com.br\/site\/produto\/porteiro-eletronico-intelbras-xpe-1001-plus-interfone\/#primaryimage"},"image":{"@id":"https:\/\/www.lojamelhordosul.com.br\/site\/produto\/porteiro-eletronico-intelbras-xpe-1001-plus-interfone\/#primaryimage"},"thumbnailUrl":"https:\/\/www.lojamelhordosul.com.br\/site\/wp-content\/uploads\/2021\/01\/xpe-1001-plus.jpg","datePublished":"2021-01-11T19:35:38+00:00","dateModified":"2026-03-12T18:48:21+00:00","breadcrumb":{"@id":"https:\/\/www.lojamelhordosul.com.br\/site\/produto\/porteiro-eletronico-intelbras-xpe-1001-plus-interfone\/#breadcrumb"},"inLanguage":"pt-BR","potentialAction":[{"@type":"ReadAction","target":["https:\/\/www.lojamelhordosul.com.br\/site\/produto\/porteiro-eletronico-intelbras-xpe-1001-plus-interfone\/"]}]},{"@type":"ImageObject","inLanguage":"pt-BR","@id":"https:\/\/www.lojamelhordosul.com.br\/site\/produto\/porteiro-eletronico-intelbras-xpe-1001-plus-interfone\/#primaryimage","url":"https:\/\/www.lojamelhordosul.com.br\/site\/wp-content\/uploads\/2021\/01\/xpe-1001-plus.jpg","contentUrl":"https:\/\/www.lojamelhordosul.com.br\/site\/wp-content\/uploads\/2021\/01\/xpe-1001-plus.jpg","width":"900","height":"900"},{"@type":"BreadcrumbList","@id":"https:\/\/www.lojamelhordosul.com.br\/site\/produto\/porteiro-eletronico-intelbras-xpe-1001-plus-interfone\/#breadcrumb","itemListElement":[{"@type":"ListItem","position":1,"name":"In\u00edcio","item":"https:\/\/www.lojamelhordosul.com.br\/site\/"},{"@type":"ListItem","position":2,"name":"Loja","item":"https:\/\/www.lojamelhordosul.com.br\/site\/loja\/"},{"@type":"ListItem","position":3,"name":"Porteiro Eletr\u00f4nico Intelbras Xpe 1001 Plus Interfone"}]},{"@type":"WebSite","@id":"https:\/\/www.lojamelhordosul.com.br\/site\/#website","url":"https:\/\/www.lojamelhordosul.com.br\/site\/","name":"Loja Melhor do Sul Sistemas de Seguran\u00e7a","description":"Loja Melhor do Sul - Revenda Ouro Intelbras em Porto Alegre","publisher":{"@id":"https:\/\/www.lojamelhordosul.com.br\/site\/#organization"},"potentialAction":[{"@type":"SearchAction","target":{"@type":"EntryPoint","urlTemplate":"https:\/\/www.lojamelhordosul.com.br\/site\/?s={search_term_string}"},"query-input":{"@type":"PropertyValueSpecification","valueRequired":true,"valueName":"search_term_string"}}],"inLanguage":"pt-BR"},{"@type":"Organization","@id":"https:\/\/www.lojamelhordosul.com.br\/site\/#organization","name":"Loja Melhor do Sul","url":"https:\/\/www.lojamelhordosul.com.br\/site\/","logo":{"@type":"ImageObject","inLanguage":"pt-BR","@id":"https:\/\/www.lojamelhordosul.com.br\/site\/#\/schema\/logo\/image\/","url":"https:\/\/www.lojamelhordosul.com.br\/site\/wp-content\/uploads\/2019\/10\/logo-longo-da-loja.png","contentUrl":"https:\/\/www.lojamelhordosul.com.br\/site\/wp-content\/uploads\/2019\/10\/logo-longo-da-loja.png","width":597,"height":114,"caption":"Loja Melhor do Sul"},"image":{"@id":"https:\/\/www.lojamelhordosul.com.br\/site\/#\/schema\/logo\/image\/"}}]}},"_links":{"self":[{"href":"https:\/\/www.lojamelhordosul.com.br\/site\/wp-json\/wp\/v2\/product\/10325","targetHints":{"allow":["GET"]}}],"collection":[{"href":"https:\/\/www.lojamelhordosul.com.br\/site\/wp-json\/wp\/v2\/product"}],"about":[{"href":"https:\/\/www.lojamelhordosul.com.br\/site\/wp-json\/wp\/v2\/types\/product"}],"replies":[{"embeddable":true,"href":"https:\/\/www.lojamelhordosul.com.br\/site\/wp-json\/wp\/v2\/comments?post=10325"}],"wp:featuredmedia":[{"embeddable":true,"href":"https:\/\/www.lojamelhordosul.com.br\/site\/wp-json\/wp\/v2\/media\/10327"}],"wp:attachment":[{"href":"https:\/\/www.lojamelhordosul.com.br\/site\/wp-json\/wp\/v2\/media?parent=10325"}],"wp:term":[{"taxonomy":"product_brand","embeddable":true,"href":"https:\/\/www.lojamelhordosul.com.br\/site\/wp-json\/wp\/v2\/product_brand?post=10325"},{"taxonomy":"product_cat","embeddable":true,"href":"https:\/\/www.lojamelhordosul.com.br\/site\/wp-json\/wp\/v2\/product_cat?post=10325"},{"taxonomy":"product_tag","embeddable":true,"href":"https:\/\/www.lojamelhordosul.com.br\/site\/wp-json\/wp\/v2\/product_tag?post=10325"}],"curies":[{"name":"wp","href":"https:\/\/api.w.org\/{rel}","templated":true}]}}