{"id":11085,"date":"2021-04-10T13:28:31","date_gmt":"2021-04-10T16:28:31","guid":{"rendered":"https:\/\/www.lojamelhordosul.com.br\/site\/?post_type=product&#038;p=11085"},"modified":"2026-03-13T16:33:37","modified_gmt":"2026-03-13T19:33:37","slug":"cartao-de-memoria-western-digital-wdd064g1p0a-wd-purple-64gb","status":"publish","type":"product","link":"https:\/\/www.lojamelhordosul.com.br\/site\/produto\/cartao-de-memoria-western-digital-wdd064g1p0a-wd-purple-64gb\/","title":{"rendered":"Cart\u00e3o De Mem\u00f3ria Western Digital Wdd064g1p0a Wd Purple 64gb"},"content":{"rendered":"<div class=\"wpb-content-wrapper\"><div class=\"vc_row wpb_row vc_row-fluid\"><div class=\"container\"><div class=\"row\"><div class=\"wpb_column vc_column_container vc_col-md-12\"><div class=\"vc_column-inner \"><div class=\"wpb_wrapper\"><div class=\"wpb_single_image widget wpb_content_element vc_align_center\">\r\n\t\t\r\n\t\t<figure class=\"wpb_wrapper vc_figure\">\r\n\t\t\t<div class=\"vc_single_image-wrapper   vc_box_border_grey\"><img decoding=\"async\" class=\"vc_single_image-img\"  src=\"https:\/\/www.lojamelhordosul.com.br\/site\/wp-content\/uploads\/2020\/06\/Logo-Site-2020.png\" \/><\/div>\r\n\t\t<div class=\"description\">\r\n\t\t\t\r\n\t\t<\/div>\r\n\t\r\n\t\t<\/figure>\r\n\t<\/div><\/div><\/div><\/div><\/div><\/div><\/div><div class=\"vc_row wpb_row vc_row-fluid\"><div class=\"container\"><div class=\"row\"><div class=\"wpb_column vc_column_container vc_col-md-12\"><div class=\"vc_column-inner \"><div class=\"wpb_wrapper\">\n\t<div class=\"wpb_text_column wpb_content_element\" >\n\t\t<div class=\"wpb_wrapper\">\n\t\t\t<p>Bem-vindos \u00e0 Loja Melhor do Sul<\/p>\n<p>O cart\u00e3o microSD WD Purple SC QD101\u00a0 64GB da Western Digital \u00e9 projetado especificamente para o mercado de c\u00e2meras de seguran\u00e7a convencionais.<\/p>\n<p>Usando a avan\u00e7ada tecnologia 3D NAND de 96 camadas, o cart\u00e3o oferece uma combina\u00e7\u00e3o econ\u00f4mica de ultra-durabilidade, alto desempenho e uma ampla gama de capacidades de at\u00e9 1TB1, e o seu suporte para a funcionalidade de monitoramento de integridade do cart\u00e3o permite o gerenciamento preventivo do armazenamento.<\/p>\n<p>Com o mercado de c\u00e2meras de seguran\u00e7a em r\u00e1pido crescimento e a crescente ado\u00e7\u00e3o do v\u00eddeo 4K, este cart\u00e3o oferece a combina\u00e7\u00e3o certa de longevidade e capacidade para tratar a carga de trabalho de grava\u00e7\u00e3o cont\u00ednua 24\/7.<\/p>\n<p>Ponha mais confian\u00e7a em suas c\u00e2meras<br \/>\nResist\u00eancia alt\u00edssima. Cart\u00f5es microSD WD Purple SC s\u00e3o projetados para grava\u00e7\u00e3o cont\u00ednua 24\/7 se a sua c\u00e2mera perder a conex\u00e3o com o NVR, fornecendo confian\u00e7a adicional em sua solu\u00e7\u00e3o de vigil\u00e2ncia de v\u00eddeo.<\/p>\n<p>Confie na Western Digital para aproveitar o WD Purple &#8211; o armazenamento microSD ideal para c\u00e2meras de vigil\u00e2ncia de v\u00eddeo e dispositivos de extremidade.<\/p>\n\n\t\t<\/div>\n\t<\/div>\n<\/div><\/div><\/div><\/div><\/div><\/div>\n<\/div>","protected":false},"excerpt":{"rendered":"<p>Ideal para c\u00e2meras de vigil\u00e2ncia de v\u00eddeo que suportam armazenamento na c\u00e2mera (slot microSD) para grava\u00e7\u00e3o isolada ou armazenamento local em caso de queda da rede.<\/p>\n<p>Capacidade<br \/>\n64 GB<br \/>\nTamanho f\u00edsico<br \/>\nmicroSDHC&#x2122;<br \/>\nInterface<br \/>\nSDA 6.0<\/p>\n","protected":false},"featured_media":11082,"comment_status":"closed","ping_status":"closed","template":"","meta":[],"product_brand":[],"product_cat":[2719,2817],"product_tag":[],"class_list":{"0":"post-11085","1":"product","2":"type-product","3":"status-publish","4":"has-post-thumbnail","6":"product_cat-acessorios-cftv","7":"product_cat-sds","9":"first","10":"instock","11":"shipping-taxable","12":"purchasable","13":"product-type-simple"},"yoast_head":"<!-- This site is optimized with the Yoast SEO plugin v27.5 - https:\/\/yoast.com\/product\/yoast-seo-wordpress\/ -->\n<title>Cart\u00e3o De Mem\u00f3ria Western Digital Wdd064g1p0a Wd Purple 64gb - Loja Melhor do Sul Sistemas de Seguran\u00e7a<\/title>\n<meta name=\"robots\" content=\"index, follow, max-snippet:-1, max-image-preview:large, max-video-preview:-1\" \/>\n<link rel=\"canonical\" href=\"https:\/\/www.lojamelhordosul.com.br\/site\/produto\/cartao-de-memoria-western-digital-wdd064g1p0a-wd-purple-64gb\/\" \/>\n<meta property=\"og:locale\" content=\"pt_BR\" \/>\n<meta property=\"og:type\" content=\"article\" \/>\n<meta property=\"og:title\" content=\"Cart\u00e3o De Mem\u00f3ria Western Digital Wdd064g1p0a Wd Purple 64gb - Loja Melhor do Sul Sistemas de Seguran\u00e7a\" \/>\n<meta property=\"og:description\" content=\"Ideal para c\u00e2meras de vigil\u00e2ncia de v\u00eddeo que suportam armazenamento na c\u00e2mera (slot microSD) para grava\u00e7\u00e3o isolada ou armazenamento local em caso de queda da rede.  Capacidade 64 GB Tamanho f\u00edsico microSDHC&#x2122; Interface SDA 6.0\" \/>\n<meta property=\"og:url\" content=\"https:\/\/www.lojamelhordosul.com.br\/site\/produto\/cartao-de-memoria-western-digital-wdd064g1p0a-wd-purple-64gb\/\" \/>\n<meta property=\"og:site_name\" content=\"Loja Melhor do Sul Sistemas de Seguran\u00e7a\" \/>\n<meta property=\"article:modified_time\" content=\"2026-03-13T19:33:37+00:00\" \/>\n<meta property=\"og:image\" content=\"https:\/\/www.lojamelhordosul.com.br\/site\/wp-content\/uploads\/2021\/04\/wd-purple-microsd-2020-front-64gb.png.thumb_.1280.1280.png\" \/>\n\t<meta property=\"og:image:width\" content=\"1280\" \/>\n\t<meta property=\"og:image:height\" content=\"1280\" \/>\n\t<meta property=\"og:image:type\" content=\"image\/png\" \/>\n<meta name=\"twitter:card\" content=\"summary_large_image\" \/>\n<meta name=\"twitter:label1\" content=\"Est. tempo de leitura\" \/>\n\t<meta name=\"twitter:data1\" content=\"1 minuto\" \/>\n<script type=\"application\/ld+json\" class=\"yoast-schema-graph\">{\"@context\":\"https:\\\/\\\/schema.org\",\"@graph\":[{\"@type\":\"WebPage\",\"@id\":\"https:\\\/\\\/www.lojamelhordosul.com.br\\\/site\\\/produto\\\/cartao-de-memoria-western-digital-wdd064g1p0a-wd-purple-64gb\\\/\",\"url\":\"https:\\\/\\\/www.lojamelhordosul.com.br\\\/site\\\/produto\\\/cartao-de-memoria-western-digital-wdd064g1p0a-wd-purple-64gb\\\/\",\"name\":\"Cart\u00e3o De Mem\u00f3ria Western Digital Wdd064g1p0a Wd Purple 64gb - Loja Melhor do Sul Sistemas de Seguran\u00e7a\",\"isPartOf\":{\"@id\":\"https:\\\/\\\/www.lojamelhordosul.com.br\\\/site\\\/#website\"},\"primaryImageOfPage\":{\"@id\":\"https:\\\/\\\/www.lojamelhordosul.com.br\\\/site\\\/produto\\\/cartao-de-memoria-western-digital-wdd064g1p0a-wd-purple-64gb\\\/#primaryimage\"},\"image\":{\"@id\":\"https:\\\/\\\/www.lojamelhordosul.com.br\\\/site\\\/produto\\\/cartao-de-memoria-western-digital-wdd064g1p0a-wd-purple-64gb\\\/#primaryimage\"},\"thumbnailUrl\":\"https:\\\/\\\/www.lojamelhordosul.com.br\\\/site\\\/wp-content\\\/uploads\\\/2021\\\/04\\\/wd-purple-microsd-2020-front-64gb.png.thumb_.1280.1280.png\",\"datePublished\":\"2021-04-10T16:28:31+00:00\",\"dateModified\":\"2026-03-13T19:33:37+00:00\",\"breadcrumb\":{\"@id\":\"https:\\\/\\\/www.lojamelhordosul.com.br\\\/site\\\/produto\\\/cartao-de-memoria-western-digital-wdd064g1p0a-wd-purple-64gb\\\/#breadcrumb\"},\"inLanguage\":\"pt-BR\",\"potentialAction\":[{\"@type\":\"ReadAction\",\"target\":[\"https:\\\/\\\/www.lojamelhordosul.com.br\\\/site\\\/produto\\\/cartao-de-memoria-western-digital-wdd064g1p0a-wd-purple-64gb\\\/\"]}]},{\"@type\":\"ImageObject\",\"inLanguage\":\"pt-BR\",\"@id\":\"https:\\\/\\\/www.lojamelhordosul.com.br\\\/site\\\/produto\\\/cartao-de-memoria-western-digital-wdd064g1p0a-wd-purple-64gb\\\/#primaryimage\",\"url\":\"https:\\\/\\\/www.lojamelhordosul.com.br\\\/site\\\/wp-content\\\/uploads\\\/2021\\\/04\\\/wd-purple-microsd-2020-front-64gb.png.thumb_.1280.1280.png\",\"contentUrl\":\"https:\\\/\\\/www.lojamelhordosul.com.br\\\/site\\\/wp-content\\\/uploads\\\/2021\\\/04\\\/wd-purple-microsd-2020-front-64gb.png.thumb_.1280.1280.png\",\"width\":1280,\"height\":1280},{\"@type\":\"BreadcrumbList\",\"@id\":\"https:\\\/\\\/www.lojamelhordosul.com.br\\\/site\\\/produto\\\/cartao-de-memoria-western-digital-wdd064g1p0a-wd-purple-64gb\\\/#breadcrumb\",\"itemListElement\":[{\"@type\":\"ListItem\",\"position\":1,\"name\":\"In\u00edcio\",\"item\":\"https:\\\/\\\/www.lojamelhordosul.com.br\\\/site\\\/\"},{\"@type\":\"ListItem\",\"position\":2,\"name\":\"Loja\",\"item\":\"https:\\\/\\\/www.lojamelhordosul.com.br\\\/site\\\/loja\\\/\"},{\"@type\":\"ListItem\",\"position\":3,\"name\":\"Cart\u00e3o De Mem\u00f3ria Western Digital Wdd064g1p0a Wd Purple 64gb\"}]},{\"@type\":\"WebSite\",\"@id\":\"https:\\\/\\\/www.lojamelhordosul.com.br\\\/site\\\/#website\",\"url\":\"https:\\\/\\\/www.lojamelhordosul.com.br\\\/site\\\/\",\"name\":\"Loja Melhor do Sul Sistemas de Seguran\u00e7a\",\"description\":\"Loja Melhor do Sul - Revenda Ouro Intelbras em Porto Alegre\",\"publisher\":{\"@id\":\"https:\\\/\\\/www.lojamelhordosul.com.br\\\/site\\\/#organization\"},\"potentialAction\":[{\"@type\":\"SearchAction\",\"target\":{\"@type\":\"EntryPoint\",\"urlTemplate\":\"https:\\\/\\\/www.lojamelhordosul.com.br\\\/site\\\/?s={search_term_string}\"},\"query-input\":{\"@type\":\"PropertyValueSpecification\",\"valueRequired\":true,\"valueName\":\"search_term_string\"}}],\"inLanguage\":\"pt-BR\"},{\"@type\":\"Organization\",\"@id\":\"https:\\\/\\\/www.lojamelhordosul.com.br\\\/site\\\/#organization\",\"name\":\"Loja Melhor do Sul\",\"url\":\"https:\\\/\\\/www.lojamelhordosul.com.br\\\/site\\\/\",\"logo\":{\"@type\":\"ImageObject\",\"inLanguage\":\"pt-BR\",\"@id\":\"https:\\\/\\\/www.lojamelhordosul.com.br\\\/site\\\/#\\\/schema\\\/logo\\\/image\\\/\",\"url\":\"https:\\\/\\\/www.lojamelhordosul.com.br\\\/site\\\/wp-content\\\/uploads\\\/2019\\\/10\\\/logo-longo-da-loja.png\",\"contentUrl\":\"https:\\\/\\\/www.lojamelhordosul.com.br\\\/site\\\/wp-content\\\/uploads\\\/2019\\\/10\\\/logo-longo-da-loja.png\",\"width\":597,\"height\":114,\"caption\":\"Loja Melhor do Sul\"},\"image\":{\"@id\":\"https:\\\/\\\/www.lojamelhordosul.com.br\\\/site\\\/#\\\/schema\\\/logo\\\/image\\\/\"}}]}<\/script>\n<!-- \/ Yoast SEO plugin. -->","yoast_head_json":{"title":"Cart\u00e3o De Mem\u00f3ria Western Digital Wdd064g1p0a Wd Purple 64gb - Loja Melhor do Sul Sistemas de Seguran\u00e7a","robots":{"index":"index","follow":"follow","max-snippet":"max-snippet:-1","max-image-preview":"max-image-preview:large","max-video-preview":"max-video-preview:-1"},"canonical":"https:\/\/www.lojamelhordosul.com.br\/site\/produto\/cartao-de-memoria-western-digital-wdd064g1p0a-wd-purple-64gb\/","og_locale":"pt_BR","og_type":"article","og_title":"Cart\u00e3o De Mem\u00f3ria Western Digital Wdd064g1p0a Wd Purple 64gb - Loja Melhor do Sul Sistemas de Seguran\u00e7a","og_description":"Ideal para c\u00e2meras de vigil\u00e2ncia de v\u00eddeo que suportam armazenamento na c\u00e2mera (slot microSD) para grava\u00e7\u00e3o isolada ou armazenamento local em caso de queda da rede.  Capacidade 64 GB Tamanho f\u00edsico microSDHC&#x2122; Interface SDA 6.0","og_url":"https:\/\/www.lojamelhordosul.com.br\/site\/produto\/cartao-de-memoria-western-digital-wdd064g1p0a-wd-purple-64gb\/","og_site_name":"Loja Melhor do Sul Sistemas de Seguran\u00e7a","article_modified_time":"2026-03-13T19:33:37+00:00","og_image":[{"width":1280,"height":1280,"url":"https:\/\/www.lojamelhordosul.com.br\/site\/wp-content\/uploads\/2021\/04\/wd-purple-microsd-2020-front-64gb.png.thumb_.1280.1280.png","type":"image\/png"}],"twitter_card":"summary_large_image","twitter_misc":{"Est. tempo de leitura":"1 minuto"},"schema":{"@context":"https:\/\/schema.org","@graph":[{"@type":"WebPage","@id":"https:\/\/www.lojamelhordosul.com.br\/site\/produto\/cartao-de-memoria-western-digital-wdd064g1p0a-wd-purple-64gb\/","url":"https:\/\/www.lojamelhordosul.com.br\/site\/produto\/cartao-de-memoria-western-digital-wdd064g1p0a-wd-purple-64gb\/","name":"Cart\u00e3o De Mem\u00f3ria Western Digital Wdd064g1p0a Wd Purple 64gb - Loja Melhor do Sul Sistemas de Seguran\u00e7a","isPartOf":{"@id":"https:\/\/www.lojamelhordosul.com.br\/site\/#website"},"primaryImageOfPage":{"@id":"https:\/\/www.lojamelhordosul.com.br\/site\/produto\/cartao-de-memoria-western-digital-wdd064g1p0a-wd-purple-64gb\/#primaryimage"},"image":{"@id":"https:\/\/www.lojamelhordosul.com.br\/site\/produto\/cartao-de-memoria-western-digital-wdd064g1p0a-wd-purple-64gb\/#primaryimage"},"thumbnailUrl":"https:\/\/www.lojamelhordosul.com.br\/site\/wp-content\/uploads\/2021\/04\/wd-purple-microsd-2020-front-64gb.png.thumb_.1280.1280.png","datePublished":"2021-04-10T16:28:31+00:00","dateModified":"2026-03-13T19:33:37+00:00","breadcrumb":{"@id":"https:\/\/www.lojamelhordosul.com.br\/site\/produto\/cartao-de-memoria-western-digital-wdd064g1p0a-wd-purple-64gb\/#breadcrumb"},"inLanguage":"pt-BR","potentialAction":[{"@type":"ReadAction","target":["https:\/\/www.lojamelhordosul.com.br\/site\/produto\/cartao-de-memoria-western-digital-wdd064g1p0a-wd-purple-64gb\/"]}]},{"@type":"ImageObject","inLanguage":"pt-BR","@id":"https:\/\/www.lojamelhordosul.com.br\/site\/produto\/cartao-de-memoria-western-digital-wdd064g1p0a-wd-purple-64gb\/#primaryimage","url":"https:\/\/www.lojamelhordosul.com.br\/site\/wp-content\/uploads\/2021\/04\/wd-purple-microsd-2020-front-64gb.png.thumb_.1280.1280.png","contentUrl":"https:\/\/www.lojamelhordosul.com.br\/site\/wp-content\/uploads\/2021\/04\/wd-purple-microsd-2020-front-64gb.png.thumb_.1280.1280.png","width":1280,"height":1280},{"@type":"BreadcrumbList","@id":"https:\/\/www.lojamelhordosul.com.br\/site\/produto\/cartao-de-memoria-western-digital-wdd064g1p0a-wd-purple-64gb\/#breadcrumb","itemListElement":[{"@type":"ListItem","position":1,"name":"In\u00edcio","item":"https:\/\/www.lojamelhordosul.com.br\/site\/"},{"@type":"ListItem","position":2,"name":"Loja","item":"https:\/\/www.lojamelhordosul.com.br\/site\/loja\/"},{"@type":"ListItem","position":3,"name":"Cart\u00e3o De Mem\u00f3ria Western Digital Wdd064g1p0a Wd Purple 64gb"}]},{"@type":"WebSite","@id":"https:\/\/www.lojamelhordosul.com.br\/site\/#website","url":"https:\/\/www.lojamelhordosul.com.br\/site\/","name":"Loja Melhor do Sul Sistemas de Seguran\u00e7a","description":"Loja Melhor do Sul - Revenda Ouro Intelbras em Porto Alegre","publisher":{"@id":"https:\/\/www.lojamelhordosul.com.br\/site\/#organization"},"potentialAction":[{"@type":"SearchAction","target":{"@type":"EntryPoint","urlTemplate":"https:\/\/www.lojamelhordosul.com.br\/site\/?s={search_term_string}"},"query-input":{"@type":"PropertyValueSpecification","valueRequired":true,"valueName":"search_term_string"}}],"inLanguage":"pt-BR"},{"@type":"Organization","@id":"https:\/\/www.lojamelhordosul.com.br\/site\/#organization","name":"Loja Melhor do Sul","url":"https:\/\/www.lojamelhordosul.com.br\/site\/","logo":{"@type":"ImageObject","inLanguage":"pt-BR","@id":"https:\/\/www.lojamelhordosul.com.br\/site\/#\/schema\/logo\/image\/","url":"https:\/\/www.lojamelhordosul.com.br\/site\/wp-content\/uploads\/2019\/10\/logo-longo-da-loja.png","contentUrl":"https:\/\/www.lojamelhordosul.com.br\/site\/wp-content\/uploads\/2019\/10\/logo-longo-da-loja.png","width":597,"height":114,"caption":"Loja Melhor do Sul"},"image":{"@id":"https:\/\/www.lojamelhordosul.com.br\/site\/#\/schema\/logo\/image\/"}}]}},"_links":{"self":[{"href":"https:\/\/www.lojamelhordosul.com.br\/site\/wp-json\/wp\/v2\/product\/11085","targetHints":{"allow":["GET"]}}],"collection":[{"href":"https:\/\/www.lojamelhordosul.com.br\/site\/wp-json\/wp\/v2\/product"}],"about":[{"href":"https:\/\/www.lojamelhordosul.com.br\/site\/wp-json\/wp\/v2\/types\/product"}],"replies":[{"embeddable":true,"href":"https:\/\/www.lojamelhordosul.com.br\/site\/wp-json\/wp\/v2\/comments?post=11085"}],"wp:featuredmedia":[{"embeddable":true,"href":"https:\/\/www.lojamelhordosul.com.br\/site\/wp-json\/wp\/v2\/media\/11082"}],"wp:attachment":[{"href":"https:\/\/www.lojamelhordosul.com.br\/site\/wp-json\/wp\/v2\/media?parent=11085"}],"wp:term":[{"taxonomy":"product_brand","embeddable":true,"href":"https:\/\/www.lojamelhordosul.com.br\/site\/wp-json\/wp\/v2\/product_brand?post=11085"},{"taxonomy":"product_cat","embeddable":true,"href":"https:\/\/www.lojamelhordosul.com.br\/site\/wp-json\/wp\/v2\/product_cat?post=11085"},{"taxonomy":"product_tag","embeddable":true,"href":"https:\/\/www.lojamelhordosul.com.br\/site\/wp-json\/wp\/v2\/product_tag?post=11085"}],"curies":[{"name":"wp","href":"https:\/\/api.w.org\/{rel}","templated":true}]}}