{"id":1197,"date":"2017-10-06T08:38:22","date_gmt":"2017-10-06T11:38:22","guid":{"rendered":"https:\/\/www.lojamelhordosul.com.br\/site\/?post_type=product&#038;p=1197"},"modified":"2025-07-31T14:18:37","modified_gmt":"2025-07-31T17:18:37","slug":"cabo-para-alarme-interfone-telefone-4-vias-rolo-de-100m","status":"publish","type":"product","link":"https:\/\/www.lojamelhordosul.com.br\/site\/produto\/cabo-para-alarme-interfone-telefone-4-vias-rolo-de-100m\/","title":{"rendered":"Cabo para Alarme Interfone Telefone 4 vias rolo de 100m"},"content":{"rendered":"<p><img decoding=\"async\" class=\"wp-image-1183 aligncenter\" src=\"https:\/\/www.lojamelhordosul.com.br\/site\/wp-content\/uploads\/2017\/09\/logo-longo-da-loja-1-300x57.png\" alt=\"\" width=\"743\" height=\"141\" \/><\/p>\n<p><img decoding=\"async\" class=\"wp-image-1198 aligncenter\" src=\"https:\/\/www.lojamelhordosul.com.br\/site\/wp-content\/uploads\/2017\/10\/cabo-4-vias-300x137.jpg\" alt=\"\" width=\"322\" height=\"147\" \/><\/p>\n<p>Cabo Alarme Interfone Telefone 4 Vias Rolo 100 M Branco<\/p>\n<p>04 VIAS<\/p>\n<p>Ideal para: Alarmes<br \/>\nCondutor Interno: Fio de Cobre n\u00fa, Eletrol\u00edtico, Mole<br \/>\nDi\u00e2metro: 0,32mm<br \/>\nIsola\u00e7\u00e3o Interna: Polietileno de baixa densidade multicor<br \/>\nIsola\u00e7\u00e3o Externa: PVC 70\u00ba Anti-Chama \/ Branco<br \/>\nEmbalagem: Caixa com 100M<\/p>\n<p><img decoding=\"async\" class=\"wp-image-948 aligncenter\" src=\"https:\/\/www.lojamelhordosul.com.br\/site\/wp-content\/uploads\/2017\/03\/logo-do-fim-1-300x217.jpg\" alt=\"\" width=\"581\" height=\"420\" \/><\/p>\n","protected":false},"excerpt":{"rendered":"<p>Cabo Alarme Interfone Telefone 4 Vias Rolo 100 M Branco 04 VIAS Ideal para: Alarmes Condutor Interno: Fio de Cobre n\u00fa, Eletrol\u00edtico, Mole Di\u00e2metro: 0,32mm Isola\u00e7\u00e3o Interna: Polietileno de baixa densidade multicor Isola\u00e7\u00e3o Externa: PVC 70\u00ba Anti-Chama \/ Branco Embalagem: Caixa com 100M<\/p>\n","protected":false},"featured_media":12198,"comment_status":"open","ping_status":"closed","template":"","meta":[],"product_brand":[],"product_cat":[2736,2730,2726],"product_tag":[],"class_list":{"0":"post-1197","1":"product","2":"type-product","3":"status-publish","4":"has-post-thumbnail","6":"product_cat-linha-de-alarmes","7":"product_cat-cabos-alarme","8":"product_cat-cabos-conectores","10":"first","11":"instock","12":"shipping-taxable","13":"purchasable","14":"product-type-simple"},"yoast_head":"<!-- This site is optimized with the Yoast SEO plugin v27.3 - https:\/\/yoast.com\/product\/yoast-seo-wordpress\/ -->\n<title>Cabo para Alarme Interfone Telefone 4 vias rolo de 100m - Loja Melhor do Sul Sistemas de Seguran\u00e7a<\/title>\n<meta name=\"robots\" content=\"index, follow, max-snippet:-1, max-image-preview:large, max-video-preview:-1\" \/>\n<link rel=\"canonical\" href=\"https:\/\/www.lojamelhordosul.com.br\/site\/produto\/cabo-para-alarme-interfone-telefone-4-vias-rolo-de-100m\/\" \/>\n<meta property=\"og:locale\" content=\"pt_BR\" \/>\n<meta property=\"og:type\" content=\"article\" \/>\n<meta property=\"og:title\" content=\"Cabo para Alarme Interfone Telefone 4 vias rolo de 100m - Loja Melhor do Sul Sistemas de Seguran\u00e7a\" \/>\n<meta property=\"og:description\" content=\"Cabo Alarme Interfone Telefone 4 Vias Rolo 100 M Branco 04 VIAS Ideal para: Alarmes Condutor Interno: Fio de Cobre n\u00fa, Eletrol\u00edtico, Mole Di\u00e2metro: 0,32mm Isola\u00e7\u00e3o Interna: Polietileno de baixa densidade multicor Isola\u00e7\u00e3o Externa: PVC 70\u00ba Anti-Chama \/ Branco Embalagem: Caixa com 100M\" \/>\n<meta property=\"og:url\" content=\"https:\/\/www.lojamelhordosul.com.br\/site\/produto\/cabo-para-alarme-interfone-telefone-4-vias-rolo-de-100m\/\" \/>\n<meta property=\"og:site_name\" content=\"Loja Melhor do Sul Sistemas de Seguran\u00e7a\" \/>\n<meta property=\"article:modified_time\" content=\"2025-07-31T17:18:37+00:00\" \/>\n<meta property=\"og:image\" content=\"https:\/\/www.lojamelhordosul.com.br\/site\/wp-content\/uploads\/2017\/10\/cabo.webp\" \/>\n\t<meta property=\"og:image:width\" content=\"500\" \/>\n\t<meta property=\"og:image:height\" content=\"455\" \/>\n\t<meta property=\"og:image:type\" content=\"image\/webp\" \/>\n<meta name=\"twitter:card\" content=\"summary_large_image\" \/>\n<script type=\"application\/ld+json\" class=\"yoast-schema-graph\">{\"@context\":\"https:\\\/\\\/schema.org\",\"@graph\":[{\"@type\":\"WebPage\",\"@id\":\"https:\\\/\\\/www.lojamelhordosul.com.br\\\/site\\\/produto\\\/cabo-para-alarme-interfone-telefone-4-vias-rolo-de-100m\\\/\",\"url\":\"https:\\\/\\\/www.lojamelhordosul.com.br\\\/site\\\/produto\\\/cabo-para-alarme-interfone-telefone-4-vias-rolo-de-100m\\\/\",\"name\":\"Cabo para Alarme Interfone Telefone 4 vias rolo de 100m - Loja Melhor do Sul Sistemas de Seguran\u00e7a\",\"isPartOf\":{\"@id\":\"https:\\\/\\\/www.lojamelhordosul.com.br\\\/site\\\/#website\"},\"primaryImageOfPage\":{\"@id\":\"https:\\\/\\\/www.lojamelhordosul.com.br\\\/site\\\/produto\\\/cabo-para-alarme-interfone-telefone-4-vias-rolo-de-100m\\\/#primaryimage\"},\"image\":{\"@id\":\"https:\\\/\\\/www.lojamelhordosul.com.br\\\/site\\\/produto\\\/cabo-para-alarme-interfone-telefone-4-vias-rolo-de-100m\\\/#primaryimage\"},\"thumbnailUrl\":\"https:\\\/\\\/www.lojamelhordosul.com.br\\\/site\\\/wp-content\\\/uploads\\\/2017\\\/10\\\/cabo.webp\",\"datePublished\":\"2017-10-06T11:38:22+00:00\",\"dateModified\":\"2025-07-31T17:18:37+00:00\",\"breadcrumb\":{\"@id\":\"https:\\\/\\\/www.lojamelhordosul.com.br\\\/site\\\/produto\\\/cabo-para-alarme-interfone-telefone-4-vias-rolo-de-100m\\\/#breadcrumb\"},\"inLanguage\":\"pt-BR\",\"potentialAction\":[{\"@type\":\"ReadAction\",\"target\":[\"https:\\\/\\\/www.lojamelhordosul.com.br\\\/site\\\/produto\\\/cabo-para-alarme-interfone-telefone-4-vias-rolo-de-100m\\\/\"]}]},{\"@type\":\"ImageObject\",\"inLanguage\":\"pt-BR\",\"@id\":\"https:\\\/\\\/www.lojamelhordosul.com.br\\\/site\\\/produto\\\/cabo-para-alarme-interfone-telefone-4-vias-rolo-de-100m\\\/#primaryimage\",\"url\":\"https:\\\/\\\/www.lojamelhordosul.com.br\\\/site\\\/wp-content\\\/uploads\\\/2017\\\/10\\\/cabo.webp\",\"contentUrl\":\"https:\\\/\\\/www.lojamelhordosul.com.br\\\/site\\\/wp-content\\\/uploads\\\/2017\\\/10\\\/cabo.webp\",\"width\":\"500\",\"height\":\"455\"},{\"@type\":\"BreadcrumbList\",\"@id\":\"https:\\\/\\\/www.lojamelhordosul.com.br\\\/site\\\/produto\\\/cabo-para-alarme-interfone-telefone-4-vias-rolo-de-100m\\\/#breadcrumb\",\"itemListElement\":[{\"@type\":\"ListItem\",\"position\":1,\"name\":\"In\u00edcio\",\"item\":\"https:\\\/\\\/www.lojamelhordosul.com.br\\\/site\\\/\"},{\"@type\":\"ListItem\",\"position\":2,\"name\":\"Loja\",\"item\":\"https:\\\/\\\/www.lojamelhordosul.com.br\\\/site\\\/loja\\\/\"},{\"@type\":\"ListItem\",\"position\":3,\"name\":\"Cabo para Alarme Interfone Telefone 4 vias rolo de 100m\"}]},{\"@type\":\"WebSite\",\"@id\":\"https:\\\/\\\/www.lojamelhordosul.com.br\\\/site\\\/#website\",\"url\":\"https:\\\/\\\/www.lojamelhordosul.com.br\\\/site\\\/\",\"name\":\"Loja Melhor do Sul Sistemas de Seguran\u00e7a\",\"description\":\"Loja Melhor do Sul - Revenda Ouro Intelbras em Porto Alegre\",\"publisher\":{\"@id\":\"https:\\\/\\\/www.lojamelhordosul.com.br\\\/site\\\/#organization\"},\"potentialAction\":[{\"@type\":\"SearchAction\",\"target\":{\"@type\":\"EntryPoint\",\"urlTemplate\":\"https:\\\/\\\/www.lojamelhordosul.com.br\\\/site\\\/?s={search_term_string}\"},\"query-input\":{\"@type\":\"PropertyValueSpecification\",\"valueRequired\":true,\"valueName\":\"search_term_string\"}}],\"inLanguage\":\"pt-BR\"},{\"@type\":\"Organization\",\"@id\":\"https:\\\/\\\/www.lojamelhordosul.com.br\\\/site\\\/#organization\",\"name\":\"Loja Melhor do Sul\",\"url\":\"https:\\\/\\\/www.lojamelhordosul.com.br\\\/site\\\/\",\"logo\":{\"@type\":\"ImageObject\",\"inLanguage\":\"pt-BR\",\"@id\":\"https:\\\/\\\/www.lojamelhordosul.com.br\\\/site\\\/#\\\/schema\\\/logo\\\/image\\\/\",\"url\":\"https:\\\/\\\/www.lojamelhordosul.com.br\\\/site\\\/wp-content\\\/uploads\\\/2019\\\/10\\\/logo-longo-da-loja.png\",\"contentUrl\":\"https:\\\/\\\/www.lojamelhordosul.com.br\\\/site\\\/wp-content\\\/uploads\\\/2019\\\/10\\\/logo-longo-da-loja.png\",\"width\":597,\"height\":114,\"caption\":\"Loja Melhor do Sul\"},\"image\":{\"@id\":\"https:\\\/\\\/www.lojamelhordosul.com.br\\\/site\\\/#\\\/schema\\\/logo\\\/image\\\/\"}}]}<\/script>\n<!-- \/ Yoast SEO plugin. -->","yoast_head_json":{"title":"Cabo para Alarme Interfone Telefone 4 vias rolo de 100m - Loja Melhor do Sul Sistemas de Seguran\u00e7a","robots":{"index":"index","follow":"follow","max-snippet":"max-snippet:-1","max-image-preview":"max-image-preview:large","max-video-preview":"max-video-preview:-1"},"canonical":"https:\/\/www.lojamelhordosul.com.br\/site\/produto\/cabo-para-alarme-interfone-telefone-4-vias-rolo-de-100m\/","og_locale":"pt_BR","og_type":"article","og_title":"Cabo para Alarme Interfone Telefone 4 vias rolo de 100m - Loja Melhor do Sul Sistemas de Seguran\u00e7a","og_description":"Cabo Alarme Interfone Telefone 4 Vias Rolo 100 M Branco 04 VIAS Ideal para: Alarmes Condutor Interno: Fio de Cobre n\u00fa, Eletrol\u00edtico, Mole Di\u00e2metro: 0,32mm Isola\u00e7\u00e3o Interna: Polietileno de baixa densidade multicor Isola\u00e7\u00e3o Externa: PVC 70\u00ba Anti-Chama \/ Branco Embalagem: Caixa com 100M","og_url":"https:\/\/www.lojamelhordosul.com.br\/site\/produto\/cabo-para-alarme-interfone-telefone-4-vias-rolo-de-100m\/","og_site_name":"Loja Melhor do Sul Sistemas de Seguran\u00e7a","article_modified_time":"2025-07-31T17:18:37+00:00","og_image":[{"width":500,"height":455,"url":"https:\/\/www.lojamelhordosul.com.br\/site\/wp-content\/uploads\/2017\/10\/cabo.webp","type":"image\/webp"}],"twitter_card":"summary_large_image","schema":{"@context":"https:\/\/schema.org","@graph":[{"@type":"WebPage","@id":"https:\/\/www.lojamelhordosul.com.br\/site\/produto\/cabo-para-alarme-interfone-telefone-4-vias-rolo-de-100m\/","url":"https:\/\/www.lojamelhordosul.com.br\/site\/produto\/cabo-para-alarme-interfone-telefone-4-vias-rolo-de-100m\/","name":"Cabo para Alarme Interfone Telefone 4 vias rolo de 100m - Loja Melhor do Sul Sistemas de Seguran\u00e7a","isPartOf":{"@id":"https:\/\/www.lojamelhordosul.com.br\/site\/#website"},"primaryImageOfPage":{"@id":"https:\/\/www.lojamelhordosul.com.br\/site\/produto\/cabo-para-alarme-interfone-telefone-4-vias-rolo-de-100m\/#primaryimage"},"image":{"@id":"https:\/\/www.lojamelhordosul.com.br\/site\/produto\/cabo-para-alarme-interfone-telefone-4-vias-rolo-de-100m\/#primaryimage"},"thumbnailUrl":"https:\/\/www.lojamelhordosul.com.br\/site\/wp-content\/uploads\/2017\/10\/cabo.webp","datePublished":"2017-10-06T11:38:22+00:00","dateModified":"2025-07-31T17:18:37+00:00","breadcrumb":{"@id":"https:\/\/www.lojamelhordosul.com.br\/site\/produto\/cabo-para-alarme-interfone-telefone-4-vias-rolo-de-100m\/#breadcrumb"},"inLanguage":"pt-BR","potentialAction":[{"@type":"ReadAction","target":["https:\/\/www.lojamelhordosul.com.br\/site\/produto\/cabo-para-alarme-interfone-telefone-4-vias-rolo-de-100m\/"]}]},{"@type":"ImageObject","inLanguage":"pt-BR","@id":"https:\/\/www.lojamelhordosul.com.br\/site\/produto\/cabo-para-alarme-interfone-telefone-4-vias-rolo-de-100m\/#primaryimage","url":"https:\/\/www.lojamelhordosul.com.br\/site\/wp-content\/uploads\/2017\/10\/cabo.webp","contentUrl":"https:\/\/www.lojamelhordosul.com.br\/site\/wp-content\/uploads\/2017\/10\/cabo.webp","width":"500","height":"455"},{"@type":"BreadcrumbList","@id":"https:\/\/www.lojamelhordosul.com.br\/site\/produto\/cabo-para-alarme-interfone-telefone-4-vias-rolo-de-100m\/#breadcrumb","itemListElement":[{"@type":"ListItem","position":1,"name":"In\u00edcio","item":"https:\/\/www.lojamelhordosul.com.br\/site\/"},{"@type":"ListItem","position":2,"name":"Loja","item":"https:\/\/www.lojamelhordosul.com.br\/site\/loja\/"},{"@type":"ListItem","position":3,"name":"Cabo para Alarme Interfone Telefone 4 vias rolo de 100m"}]},{"@type":"WebSite","@id":"https:\/\/www.lojamelhordosul.com.br\/site\/#website","url":"https:\/\/www.lojamelhordosul.com.br\/site\/","name":"Loja Melhor do Sul Sistemas de Seguran\u00e7a","description":"Loja Melhor do Sul - Revenda Ouro Intelbras em Porto Alegre","publisher":{"@id":"https:\/\/www.lojamelhordosul.com.br\/site\/#organization"},"potentialAction":[{"@type":"SearchAction","target":{"@type":"EntryPoint","urlTemplate":"https:\/\/www.lojamelhordosul.com.br\/site\/?s={search_term_string}"},"query-input":{"@type":"PropertyValueSpecification","valueRequired":true,"valueName":"search_term_string"}}],"inLanguage":"pt-BR"},{"@type":"Organization","@id":"https:\/\/www.lojamelhordosul.com.br\/site\/#organization","name":"Loja Melhor do Sul","url":"https:\/\/www.lojamelhordosul.com.br\/site\/","logo":{"@type":"ImageObject","inLanguage":"pt-BR","@id":"https:\/\/www.lojamelhordosul.com.br\/site\/#\/schema\/logo\/image\/","url":"https:\/\/www.lojamelhordosul.com.br\/site\/wp-content\/uploads\/2019\/10\/logo-longo-da-loja.png","contentUrl":"https:\/\/www.lojamelhordosul.com.br\/site\/wp-content\/uploads\/2019\/10\/logo-longo-da-loja.png","width":597,"height":114,"caption":"Loja Melhor do Sul"},"image":{"@id":"https:\/\/www.lojamelhordosul.com.br\/site\/#\/schema\/logo\/image\/"}}]}},"_links":{"self":[{"href":"https:\/\/www.lojamelhordosul.com.br\/site\/wp-json\/wp\/v2\/product\/1197","targetHints":{"allow":["GET"]}}],"collection":[{"href":"https:\/\/www.lojamelhordosul.com.br\/site\/wp-json\/wp\/v2\/product"}],"about":[{"href":"https:\/\/www.lojamelhordosul.com.br\/site\/wp-json\/wp\/v2\/types\/product"}],"replies":[{"embeddable":true,"href":"https:\/\/www.lojamelhordosul.com.br\/site\/wp-json\/wp\/v2\/comments?post=1197"}],"wp:featuredmedia":[{"embeddable":true,"href":"https:\/\/www.lojamelhordosul.com.br\/site\/wp-json\/wp\/v2\/media\/12198"}],"wp:attachment":[{"href":"https:\/\/www.lojamelhordosul.com.br\/site\/wp-json\/wp\/v2\/media?parent=1197"}],"wp:term":[{"taxonomy":"product_brand","embeddable":true,"href":"https:\/\/www.lojamelhordosul.com.br\/site\/wp-json\/wp\/v2\/product_brand?post=1197"},{"taxonomy":"product_cat","embeddable":true,"href":"https:\/\/www.lojamelhordosul.com.br\/site\/wp-json\/wp\/v2\/product_cat?post=1197"},{"taxonomy":"product_tag","embeddable":true,"href":"https:\/\/www.lojamelhordosul.com.br\/site\/wp-json\/wp\/v2\/product_tag?post=1197"}],"curies":[{"name":"wp","href":"https:\/\/api.w.org\/{rel}","templated":true}]}}