{"id":12175,"date":"2021-08-04T17:28:07","date_gmt":"2021-08-04T20:28:07","guid":{"rendered":"https:\/\/www.lojamelhordosul.com.br\/site\/?post_type=product&#038;p=12175"},"modified":"2025-07-31T14:25:44","modified_gmt":"2025-07-31T17:25:44","slug":"kit-sistema-de-alarme-sem-fio-amt-8000-slim-intelbras","status":"publish","type":"product","link":"https:\/\/www.lojamelhordosul.com.br\/site\/produto\/kit-sistema-de-alarme-sem-fio-amt-8000-slim-intelbras\/","title":{"rendered":"Kit de Alarme Sem Fio Amt 8000 Slim Intelbras"},"content":{"rendered":"<div class=\"wpb-content-wrapper\"><div class=\"vc_row wpb_row vc_row-fluid\"><div class=\"container\"><div class=\"row\"><div class=\"wpb_column vc_column_container vc_col-md-12\"><div class=\"vc_column-inner \"><div class=\"wpb_wrapper\">\n\t<div class=\"wpb_text_column wpb_content_element\" >\n\t\t<div class=\"wpb_wrapper\">\n\t\t\t<div class=\"mt2 mb2 \">\n<div class=\"grid-container \">\n<div class=\"block-mini-banner\" data-ga-name=\"section-mini-banner\">\n<div class=\"grid-x grid-margin-x align-middle\">\n<div class=\"cell medium-auto medium-order-1\">\n<div class=\"block-mini-banner__content\">\n<div class=\"mt2 mb2 \">\n<h1 class=\"weight--small-300 weight--large-200 h3\"><span style=\"font-size: 16px;\">S\u00e9rie 8000<\/span><\/h1>\n<\/div>\n<\/div>\n<div class=\"block-mini-banner__content\">\n<div class=\"text text--300\">\n<p>A s\u00e9rie 8000 de alarmes e sensores da Intelbras \u00e9 totalmente sem fio, garantindo praticidade na instala\u00e7\u00e3o e maior alcance de cobertura, al\u00e9m de reduzir custos e fornecer um visual mais clean.<\/p>\n<p>&nbsp;<\/p>\n<\/div>\n<\/div>\n<\/div>\n<\/div>\n<\/div>\n<\/div>\n<\/div>\n<div class=\"mt2 mb2 \">\n<div class=\"grid-container \">\n<div class=\"block-mini-banner\" data-ga-name=\"section-mini-banner\">\n<div class=\"grid-x grid-margin-x align-middle\">\n<div class=\"cell medium-6\">\n<div class=\"block-mini-banner__media\">\n<figure class=\"text-center object-fit--contain\"><img decoding=\"async\" src=\"https:\/\/backend.intelbras.com\/sites\/default\/files\/styles\/large\/public\/2019-07\/Flyer_digital_Serie_8000_portugues_01-18_07.jpg\" alt=\"Flyer_digital_Serie_8000_portugues_01-18_07\" \/><\/figure>\n<p>class=&#8221;text-center object-fit&#8211;contain&#8221;&gt;Divis\u00e3o por ambientes<\/p>\n<\/div>\n<\/div>\n<p>Com capacidade de divis\u00e3o em at\u00e9 16 parti\u00e7\u00f5es, as centrais de alarme da s\u00e9rie 8000 permitem desarmar o sistema em pontos selecos, mantendo a vigil\u00e2ncia nos outro locais.<\/p>\n<div class=\"cell medium-auto\">\n<div class=\"block-mini-banner__content\">\n<div class=\"text text--300\">\n<h4><img decoding=\"async\" class=\"aligncenter\" src=\"https:\/\/backend.intelbras.com\/sites\/default\/files\/styles\/large\/public\/2019-07\/Flyer_digital_Serie_8000_portugues_01-18_11.jpg\" alt=\"Flyer_digital_Serie_8000_portugues_01-18_11\" width=\"547\" height=\"334\" \/>&lt;\/<\/h4>\n<\/div>\n<\/div>\n<\/div>\n<\/div>\n<\/div>\n<\/div>\n<\/div>\n<div class=\"mt2 mb2 \">\n<div class=\"grid-container \">\n<div class=\"block-mini-banner\" data-ga-name=\"section-mini-banner\">\n<div class=\"grid-x grid-margin-x align-middle\">\n<div class=\"cell medium-auto medium-order-1\">\n<div class=\"block-mini-banner__content\">\n<h2 class=\"mt2 mb2 \">Software AMT Remoto Mobile<\/h2>\n<div class=\"text text--300\">\n<div class=\"block-template overflow-hidden\">Com o aplicativo AMT Remoto Mobile, \u00e9 poss\u00edvel configurar a sua central de alarme sem complica\u00e7\u00f5es. Ele permite interatividade com todos os dispositivos\u00b9, tornando poss\u00edvel a ativa\u00e7\u00e3o\/desativa\u00e7\u00e3o, visualiza\u00e7\u00e3o de status e anula\u00e7\u00e3o de zonas.<\/div>\n<h2><strong>DESCRI\u00c7\u00c3O:<\/strong><\/h2>\n<p>Prote\u00e7\u00e3o com o melhor custo-benef\u00edcio<br \/>\nComposta pela central de alarme AMT 8000, sirene XSS 8000, controle remoto XAC 8000, sensor de movimento IVP 8000 PET e sensores de abertura XAS 8000.<br \/>\nDivis\u00e3o por ambientes<br \/>\nA central de alarme AMT 8000 possui 16 parti\u00e7\u00f5es, o que permite desarmar o sistema em pontos selecionados, mantendo a vigil\u00e2ncia nos outros locais.<\/p>\n<p>Maior dura\u00e7\u00e3o de bateria do mercado<br \/>\nCom alta performance de comunica\u00e7\u00e3o, os dispositivos possuem bateria com dura\u00e7\u00e3o de at\u00e9 5 anos.<\/p>\n<p>Totalmente sem fio<br \/>\nCom alcance de transmiss\u00e3o de at\u00e9 600 metros sem barreiras, os dispositivos podem ficar distantes da central de alarmes.<\/p>\n<p>Configura\u00e7\u00e3o Remota<br \/>\nCom o aplicativo AMT Remoto Mobile ou o software AMT Remoto Desktop, \u00e9 poss\u00edvel configurar a sua central de alarme e sensores.<\/p>\n<h2>ESPECIFICA\u00c7\u00d5ES:<\/h2>\n<p>IVP 8000 PET<br \/>\n\u00bb F\u00e1cil instala\u00e7\u00e3o<br \/>\n\u00bb \u00c2ngulo de detec\u00e7\u00e3o de 90\u00b0<br \/>\n\u00bb Configura\u00e7\u00e3o simples pelo aplicativo AMT Remoto Mobile<br \/>\n\u00bb Central de alarme com comunica\u00e7\u00e3o sem fio de longo<br \/>\nalcance<br \/>\n\u00bb Imunidade a animais dom\u00e9sticos de at\u00e9 20 kg, evitando<br \/>\ndisparos acidentais<br \/>\n\u00bb Alcance de detec\u00e7\u00e3o de at\u00e9 12 m<br \/>\n\u00bb Comunica\u00e7\u00e3o bidirecional sem fio supervisionada e<br \/>\ncriptografada<br \/>\n\u00bb Chave tamper antiviola\u00e7\u00e3o frontal e traseira<br \/>\n\u00bb LED para verifica\u00e7\u00e3o do status de comunica\u00e7\u00e3o<br \/>\n\u00bb Bateria de longa dura\u00e7\u00e3o<br \/>\nXAS 8000<br \/>\n\u00bb F\u00e1cil instala\u00e7\u00e3o<br \/>\n\u00bb Alcance de transmiss\u00e3o de 600 metros, sem obst\u00e1culos<br \/>\n\u00bb Chave tamper antiviola\u00e7\u00e3o<br \/>\n\u00bb Prote\u00e7\u00e3o contra invas\u00f5es de sinal<br \/>\n\u00bb Dist\u00e2ncia de abertura (GAP) de 20 mm<br \/>\n\u00bb Comunica\u00e7\u00e3o bidirecional sem fio supervisionada e<br \/>\ncriptografada<br \/>\n\u00bb LED para verifica\u00e7\u00e3o do status de comunica\u00e7\u00e3o<br \/>\n\u00bb Bateria de longa dura\u00e7\u00e3o<br \/>\nCentral de alarme monitorada<br \/>\n\u00bb Capacidade para 16 parti\u00e7\u00f5es com ativa\u00e7\u00f5es\/desativa\u00e7\u00f5es independentes<br \/>\n\u00bb Possui receptor\/transmissor de sinal sem fio integrado<br \/>\nque opera com frequ\u00eancia de 915 \u00e0 928 MHz<\/p>\n<p>\u00bb Reportagem de eventos por conex\u00e3o Ethernet\/Wi-fi,<br \/>\npor linha telef\u00f4nica com o m\u00f3dulo FXO 8000 instalado\u00b9<br \/>\ne conex\u00e3o GPRS com o m\u00f3dulo XAG 8000 instalado\u00b9<br \/>\n\u00bb Acesso remoto da central de alarme via aplica\u00e7\u00f5es e servi\u00e7os<br \/>\n\u00bb Capacidade de visualiza\u00e7\u00e3o e programa\u00e7\u00e3o dos<br \/>\npar\u00e2metros por at\u00e9 16 teclados XAT 8000\u00b9<br \/>\n\u00b9 Produto vendido separadamente<\/p>\n<h2>Controle remoto<\/h2>\n<p>\u00bb Design moderno e diferenciado<br \/>\n\u00bb Prote\u00e7\u00e3o contra invas\u00f5es de sinal<br \/>\n\u00bb Criptografia na transmiss\u00e3o de dados entre dispositivos<br \/>\n\u00bb LED indicador de status<br \/>\n\u00bb Antitravamento de teclas<br \/>\nSirene sem fio<br \/>\n\u00bb Sirene sem fio para central de alarme AMT 8000<br \/>\n\u00bb Prote\u00e7\u00e3o contra invas\u00f5es de sinal<br \/>\n\u00bb Criptografia na transmiss\u00e3o de dados entre dispositivos<br \/>\n\u00bb Instala\u00e7\u00e3o e utiliza\u00e7\u00e3o simplificada<br \/>\n\u00bb Pot\u00eancia sonora elevada<\/p>\n<p>&nbsp;<\/p>\n<\/div>\n<\/div>\n<\/div>\n<\/div>\n<\/div>\n<\/div>\n<\/div>\n\n\t\t<\/div>\n\t<\/div>\n<\/div><\/div><\/div><\/div><\/div><\/div>\n<\/div>","protected":false},"excerpt":{"rendered":"<p><strong>ITENS INCLUSOS:<\/strong><br \/>\n01 Central de alarme AMT8000<br \/>\n01 Sirene XSS 8000<br \/>\n01 Controle Xac 8000<br \/>\n01 Sensor de movimento IVP 8000 Pet<br \/>\n02 Sensor de abertura Xas 8000<\/p>\n","protected":false},"featured_media":12644,"comment_status":"closed","ping_status":"closed","template":"","meta":[],"product_brand":[],"product_cat":[2737],"product_tag":[],"class_list":{"0":"post-12175","1":"product","2":"type-product","3":"status-publish","4":"has-post-thumbnail","6":"product_cat-kits-de-alarme","8":"first","9":"instock","10":"shipping-taxable","11":"purchasable","12":"product-type-simple"},"yoast_head":"<!-- This site is optimized with the Yoast SEO plugin v27.3 - https:\/\/yoast.com\/product\/yoast-seo-wordpress\/ -->\n<title>Kit de Alarme Sem Fio Amt 8000 Slim Intelbras - Loja Melhor do Sul Sistemas de Seguran\u00e7a<\/title>\n<meta name=\"robots\" content=\"index, follow, max-snippet:-1, max-image-preview:large, max-video-preview:-1\" \/>\n<link rel=\"canonical\" href=\"https:\/\/www.lojamelhordosul.com.br\/site\/produto\/kit-sistema-de-alarme-sem-fio-amt-8000-slim-intelbras\/\" \/>\n<meta property=\"og:locale\" content=\"pt_BR\" \/>\n<meta property=\"og:type\" content=\"article\" \/>\n<meta property=\"og:title\" content=\"Kit de Alarme Sem Fio Amt 8000 Slim Intelbras - Loja Melhor do Sul Sistemas de Seguran\u00e7a\" \/>\n<meta property=\"og:description\" content=\"ITENS INCLUSOS: 01 Central de alarme AMT8000 01 Sirene XSS 8000 01 Controle Xac 8000 01 Sensor de movimento IVP 8000 Pet 02 Sensor de abertura Xas 8000\" \/>\n<meta property=\"og:url\" content=\"https:\/\/www.lojamelhordosul.com.br\/site\/produto\/kit-sistema-de-alarme-sem-fio-amt-8000-slim-intelbras\/\" \/>\n<meta property=\"og:site_name\" content=\"Loja Melhor do Sul Sistemas de Seguran\u00e7a\" \/>\n<meta property=\"article:modified_time\" content=\"2025-07-31T17:25:44+00:00\" \/>\n<meta property=\"og:image\" content=\"https:\/\/www.lojamelhordosul.com.br\/site\/wp-content\/uploads\/2021\/08\/Untitled-design-19.png\" \/>\n\t<meta property=\"og:image:width\" content=\"1080\" \/>\n\t<meta property=\"og:image:height\" content=\"1080\" \/>\n\t<meta property=\"og:image:type\" content=\"image\/png\" \/>\n<meta name=\"twitter:card\" content=\"summary_large_image\" \/>\n<meta name=\"twitter:label1\" content=\"Est. tempo de leitura\" \/>\n\t<meta name=\"twitter:data1\" content=\"4 minutos\" \/>\n<script type=\"application\/ld+json\" class=\"yoast-schema-graph\">{\"@context\":\"https:\\\/\\\/schema.org\",\"@graph\":[{\"@type\":\"WebPage\",\"@id\":\"https:\\\/\\\/www.lojamelhordosul.com.br\\\/site\\\/produto\\\/kit-sistema-de-alarme-sem-fio-amt-8000-slim-intelbras\\\/\",\"url\":\"https:\\\/\\\/www.lojamelhordosul.com.br\\\/site\\\/produto\\\/kit-sistema-de-alarme-sem-fio-amt-8000-slim-intelbras\\\/\",\"name\":\"Kit de Alarme Sem Fio Amt 8000 Slim Intelbras - Loja Melhor do Sul Sistemas de Seguran\u00e7a\",\"isPartOf\":{\"@id\":\"https:\\\/\\\/www.lojamelhordosul.com.br\\\/site\\\/#website\"},\"primaryImageOfPage\":{\"@id\":\"https:\\\/\\\/www.lojamelhordosul.com.br\\\/site\\\/produto\\\/kit-sistema-de-alarme-sem-fio-amt-8000-slim-intelbras\\\/#primaryimage\"},\"image\":{\"@id\":\"https:\\\/\\\/www.lojamelhordosul.com.br\\\/site\\\/produto\\\/kit-sistema-de-alarme-sem-fio-amt-8000-slim-intelbras\\\/#primaryimage\"},\"thumbnailUrl\":\"https:\\\/\\\/www.lojamelhordosul.com.br\\\/site\\\/wp-content\\\/uploads\\\/2021\\\/08\\\/Untitled-design-19.png\",\"datePublished\":\"2021-08-04T20:28:07+00:00\",\"dateModified\":\"2025-07-31T17:25:44+00:00\",\"breadcrumb\":{\"@id\":\"https:\\\/\\\/www.lojamelhordosul.com.br\\\/site\\\/produto\\\/kit-sistema-de-alarme-sem-fio-amt-8000-slim-intelbras\\\/#breadcrumb\"},\"inLanguage\":\"pt-BR\",\"potentialAction\":[{\"@type\":\"ReadAction\",\"target\":[\"https:\\\/\\\/www.lojamelhordosul.com.br\\\/site\\\/produto\\\/kit-sistema-de-alarme-sem-fio-amt-8000-slim-intelbras\\\/\"]}]},{\"@type\":\"ImageObject\",\"inLanguage\":\"pt-BR\",\"@id\":\"https:\\\/\\\/www.lojamelhordosul.com.br\\\/site\\\/produto\\\/kit-sistema-de-alarme-sem-fio-amt-8000-slim-intelbras\\\/#primaryimage\",\"url\":\"https:\\\/\\\/www.lojamelhordosul.com.br\\\/site\\\/wp-content\\\/uploads\\\/2021\\\/08\\\/Untitled-design-19.png\",\"contentUrl\":\"https:\\\/\\\/www.lojamelhordosul.com.br\\\/site\\\/wp-content\\\/uploads\\\/2021\\\/08\\\/Untitled-design-19.png\",\"width\":1080,\"height\":1080},{\"@type\":\"BreadcrumbList\",\"@id\":\"https:\\\/\\\/www.lojamelhordosul.com.br\\\/site\\\/produto\\\/kit-sistema-de-alarme-sem-fio-amt-8000-slim-intelbras\\\/#breadcrumb\",\"itemListElement\":[{\"@type\":\"ListItem\",\"position\":1,\"name\":\"In\u00edcio\",\"item\":\"https:\\\/\\\/www.lojamelhordosul.com.br\\\/site\\\/\"},{\"@type\":\"ListItem\",\"position\":2,\"name\":\"Loja\",\"item\":\"https:\\\/\\\/www.lojamelhordosul.com.br\\\/site\\\/loja\\\/\"},{\"@type\":\"ListItem\",\"position\":3,\"name\":\"Kit de Alarme Sem Fio Amt 8000 Slim Intelbras\"}]},{\"@type\":\"WebSite\",\"@id\":\"https:\\\/\\\/www.lojamelhordosul.com.br\\\/site\\\/#website\",\"url\":\"https:\\\/\\\/www.lojamelhordosul.com.br\\\/site\\\/\",\"name\":\"Loja Melhor do Sul Sistemas de Seguran\u00e7a\",\"description\":\"Loja Melhor do Sul - Revenda Ouro Intelbras em Porto Alegre\",\"publisher\":{\"@id\":\"https:\\\/\\\/www.lojamelhordosul.com.br\\\/site\\\/#organization\"},\"potentialAction\":[{\"@type\":\"SearchAction\",\"target\":{\"@type\":\"EntryPoint\",\"urlTemplate\":\"https:\\\/\\\/www.lojamelhordosul.com.br\\\/site\\\/?s={search_term_string}\"},\"query-input\":{\"@type\":\"PropertyValueSpecification\",\"valueRequired\":true,\"valueName\":\"search_term_string\"}}],\"inLanguage\":\"pt-BR\"},{\"@type\":\"Organization\",\"@id\":\"https:\\\/\\\/www.lojamelhordosul.com.br\\\/site\\\/#organization\",\"name\":\"Loja Melhor do Sul\",\"url\":\"https:\\\/\\\/www.lojamelhordosul.com.br\\\/site\\\/\",\"logo\":{\"@type\":\"ImageObject\",\"inLanguage\":\"pt-BR\",\"@id\":\"https:\\\/\\\/www.lojamelhordosul.com.br\\\/site\\\/#\\\/schema\\\/logo\\\/image\\\/\",\"url\":\"https:\\\/\\\/www.lojamelhordosul.com.br\\\/site\\\/wp-content\\\/uploads\\\/2019\\\/10\\\/logo-longo-da-loja.png\",\"contentUrl\":\"https:\\\/\\\/www.lojamelhordosul.com.br\\\/site\\\/wp-content\\\/uploads\\\/2019\\\/10\\\/logo-longo-da-loja.png\",\"width\":597,\"height\":114,\"caption\":\"Loja Melhor do Sul\"},\"image\":{\"@id\":\"https:\\\/\\\/www.lojamelhordosul.com.br\\\/site\\\/#\\\/schema\\\/logo\\\/image\\\/\"}}]}<\/script>\n<!-- \/ Yoast SEO plugin. -->","yoast_head_json":{"title":"Kit de Alarme Sem Fio Amt 8000 Slim Intelbras - Loja Melhor do Sul Sistemas de Seguran\u00e7a","robots":{"index":"index","follow":"follow","max-snippet":"max-snippet:-1","max-image-preview":"max-image-preview:large","max-video-preview":"max-video-preview:-1"},"canonical":"https:\/\/www.lojamelhordosul.com.br\/site\/produto\/kit-sistema-de-alarme-sem-fio-amt-8000-slim-intelbras\/","og_locale":"pt_BR","og_type":"article","og_title":"Kit de Alarme Sem Fio Amt 8000 Slim Intelbras - Loja Melhor do Sul Sistemas de Seguran\u00e7a","og_description":"ITENS INCLUSOS: 01 Central de alarme AMT8000 01 Sirene XSS 8000 01 Controle Xac 8000 01 Sensor de movimento IVP 8000 Pet 02 Sensor de abertura Xas 8000","og_url":"https:\/\/www.lojamelhordosul.com.br\/site\/produto\/kit-sistema-de-alarme-sem-fio-amt-8000-slim-intelbras\/","og_site_name":"Loja Melhor do Sul Sistemas de Seguran\u00e7a","article_modified_time":"2025-07-31T17:25:44+00:00","og_image":[{"width":1080,"height":1080,"url":"https:\/\/www.lojamelhordosul.com.br\/site\/wp-content\/uploads\/2021\/08\/Untitled-design-19.png","type":"image\/png"}],"twitter_card":"summary_large_image","twitter_misc":{"Est. tempo de leitura":"4 minutos"},"schema":{"@context":"https:\/\/schema.org","@graph":[{"@type":"WebPage","@id":"https:\/\/www.lojamelhordosul.com.br\/site\/produto\/kit-sistema-de-alarme-sem-fio-amt-8000-slim-intelbras\/","url":"https:\/\/www.lojamelhordosul.com.br\/site\/produto\/kit-sistema-de-alarme-sem-fio-amt-8000-slim-intelbras\/","name":"Kit de Alarme Sem Fio Amt 8000 Slim Intelbras - Loja Melhor do Sul Sistemas de Seguran\u00e7a","isPartOf":{"@id":"https:\/\/www.lojamelhordosul.com.br\/site\/#website"},"primaryImageOfPage":{"@id":"https:\/\/www.lojamelhordosul.com.br\/site\/produto\/kit-sistema-de-alarme-sem-fio-amt-8000-slim-intelbras\/#primaryimage"},"image":{"@id":"https:\/\/www.lojamelhordosul.com.br\/site\/produto\/kit-sistema-de-alarme-sem-fio-amt-8000-slim-intelbras\/#primaryimage"},"thumbnailUrl":"https:\/\/www.lojamelhordosul.com.br\/site\/wp-content\/uploads\/2021\/08\/Untitled-design-19.png","datePublished":"2021-08-04T20:28:07+00:00","dateModified":"2025-07-31T17:25:44+00:00","breadcrumb":{"@id":"https:\/\/www.lojamelhordosul.com.br\/site\/produto\/kit-sistema-de-alarme-sem-fio-amt-8000-slim-intelbras\/#breadcrumb"},"inLanguage":"pt-BR","potentialAction":[{"@type":"ReadAction","target":["https:\/\/www.lojamelhordosul.com.br\/site\/produto\/kit-sistema-de-alarme-sem-fio-amt-8000-slim-intelbras\/"]}]},{"@type":"ImageObject","inLanguage":"pt-BR","@id":"https:\/\/www.lojamelhordosul.com.br\/site\/produto\/kit-sistema-de-alarme-sem-fio-amt-8000-slim-intelbras\/#primaryimage","url":"https:\/\/www.lojamelhordosul.com.br\/site\/wp-content\/uploads\/2021\/08\/Untitled-design-19.png","contentUrl":"https:\/\/www.lojamelhordosul.com.br\/site\/wp-content\/uploads\/2021\/08\/Untitled-design-19.png","width":1080,"height":1080},{"@type":"BreadcrumbList","@id":"https:\/\/www.lojamelhordosul.com.br\/site\/produto\/kit-sistema-de-alarme-sem-fio-amt-8000-slim-intelbras\/#breadcrumb","itemListElement":[{"@type":"ListItem","position":1,"name":"In\u00edcio","item":"https:\/\/www.lojamelhordosul.com.br\/site\/"},{"@type":"ListItem","position":2,"name":"Loja","item":"https:\/\/www.lojamelhordosul.com.br\/site\/loja\/"},{"@type":"ListItem","position":3,"name":"Kit de Alarme Sem Fio Amt 8000 Slim Intelbras"}]},{"@type":"WebSite","@id":"https:\/\/www.lojamelhordosul.com.br\/site\/#website","url":"https:\/\/www.lojamelhordosul.com.br\/site\/","name":"Loja Melhor do Sul Sistemas de Seguran\u00e7a","description":"Loja Melhor do Sul - Revenda Ouro Intelbras em Porto Alegre","publisher":{"@id":"https:\/\/www.lojamelhordosul.com.br\/site\/#organization"},"potentialAction":[{"@type":"SearchAction","target":{"@type":"EntryPoint","urlTemplate":"https:\/\/www.lojamelhordosul.com.br\/site\/?s={search_term_string}"},"query-input":{"@type":"PropertyValueSpecification","valueRequired":true,"valueName":"search_term_string"}}],"inLanguage":"pt-BR"},{"@type":"Organization","@id":"https:\/\/www.lojamelhordosul.com.br\/site\/#organization","name":"Loja Melhor do Sul","url":"https:\/\/www.lojamelhordosul.com.br\/site\/","logo":{"@type":"ImageObject","inLanguage":"pt-BR","@id":"https:\/\/www.lojamelhordosul.com.br\/site\/#\/schema\/logo\/image\/","url":"https:\/\/www.lojamelhordosul.com.br\/site\/wp-content\/uploads\/2019\/10\/logo-longo-da-loja.png","contentUrl":"https:\/\/www.lojamelhordosul.com.br\/site\/wp-content\/uploads\/2019\/10\/logo-longo-da-loja.png","width":597,"height":114,"caption":"Loja Melhor do Sul"},"image":{"@id":"https:\/\/www.lojamelhordosul.com.br\/site\/#\/schema\/logo\/image\/"}}]}},"_links":{"self":[{"href":"https:\/\/www.lojamelhordosul.com.br\/site\/wp-json\/wp\/v2\/product\/12175","targetHints":{"allow":["GET"]}}],"collection":[{"href":"https:\/\/www.lojamelhordosul.com.br\/site\/wp-json\/wp\/v2\/product"}],"about":[{"href":"https:\/\/www.lojamelhordosul.com.br\/site\/wp-json\/wp\/v2\/types\/product"}],"replies":[{"embeddable":true,"href":"https:\/\/www.lojamelhordosul.com.br\/site\/wp-json\/wp\/v2\/comments?post=12175"}],"wp:featuredmedia":[{"embeddable":true,"href":"https:\/\/www.lojamelhordosul.com.br\/site\/wp-json\/wp\/v2\/media\/12644"}],"wp:attachment":[{"href":"https:\/\/www.lojamelhordosul.com.br\/site\/wp-json\/wp\/v2\/media?parent=12175"}],"wp:term":[{"taxonomy":"product_brand","embeddable":true,"href":"https:\/\/www.lojamelhordosul.com.br\/site\/wp-json\/wp\/v2\/product_brand?post=12175"},{"taxonomy":"product_cat","embeddable":true,"href":"https:\/\/www.lojamelhordosul.com.br\/site\/wp-json\/wp\/v2\/product_cat?post=12175"},{"taxonomy":"product_tag","embeddable":true,"href":"https:\/\/www.lojamelhordosul.com.br\/site\/wp-json\/wp\/v2\/product_tag?post=12175"}],"curies":[{"name":"wp","href":"https:\/\/api.w.org\/{rel}","templated":true}]}}