{"id":12192,"date":"2021-08-12T16:12:38","date_gmt":"2021-08-12T19:12:38","guid":{"rendered":"https:\/\/www.lojamelhordosul.com.br\/site\/?post_type=product&#038;p=12192"},"modified":"2026-03-13T16:18:53","modified_gmt":"2026-03-13T19:18:53","slug":"central-pabx-unniti-2000-intelbras","status":"publish","type":"product","link":"https:\/\/www.lojamelhordosul.com.br\/site\/produto\/central-pabx-unniti-2000-intelbras\/","title":{"rendered":"Central Pabx Unniti 2000 Intelbras"},"content":{"rendered":"<table cellspacing=\"0\" cellpadding=\"0\">\n<tbody>\n<tr>\n<td class=\"cke-align-top\"><img decoding=\"async\" class=\"media-element file-default\" title=\"Flyer_digital_UnniTI_2000_03\" src=\"http:\/\/suporte-tecnico.intelbras.com.br\/sites\/default\/files\/flyer_digital_unniti_2000_03_0.png\" alt=\"Flyer_digital_UnniTI_2000_03\" \/><\/p>\n<h2><\/h2>\n<p>A UnniTI 2000 \u00e9 uma solu\u00e7\u00e3o eficaz para a integra\u00e7\u00e3o de redes de voz e dados, ideal para pequenas e m\u00e9dias empresas. Com capacidade para at\u00e9\u00a0<span class=\"cke-bold\">6 placas adicionais<\/span>, ela chega a uma configura\u00e7\u00e3o m\u00e1xima de\u00a0<span class=\"cke-bold\">60 troncos IP, 96 ramais anal\u00f3gicos<\/span>\u00a0mais\u00a0<span class=\"cke-bold\">120 ramais IP<\/span>. Al\u00e9m das configura\u00e7\u00f5es habituais de uma central telef\u00f4nica, ela conta com a\u00a0<span class=\"cke-bold\">fun\u00e7\u00e3o de gateway<\/span>, interligando duas redes e permitindo a\u00a0<span class=\"cke-bold\">realiza\u00e7\u00e3o de chamadas com tecnologia VoIP<\/span>\u00a0(voz sobre IP).<\/td>\n<\/tr>\n<\/tbody>\n<\/table>\n<hr \/>\n<table cellspacing=\"0\" cellpadding=\"0\">\n<tbody>\n<tr>\n<td class=\"cke-align-top\"><img decoding=\"async\" class=\"media-element file-default\" title=\"Flyer_digital_UnniTI_2000_07\" src=\"http:\/\/suporte-tecnico.intelbras.com.br\/sites\/default\/files\/flyer_digital_unniti_2000_07_1.png\" alt=\"Flyer_digital_UnniTI_2000_07\" \/><\/p>\n<h2><\/h2>\n<h2>Mais compacta<\/h2>\n<p>Com design otimizado, 66% menor do que as centrais da linha Impacta, a UnniTI 2000 utiliza somente\u00a0<span class=\"cke-bold\">2 Us de altura em rack 19\u201d<\/span>. Al\u00e9m disso, os\u00a0<span class=\"cke-bold\">conectores RJ45 integrados<\/span>\u00a0agilizam a instala\u00e7\u00e3o em parede, rack ou prateleira.<\/td>\n<\/tr>\n<\/tbody>\n<\/table>\n<hr \/>\n<table cellspacing=\"0\" cellpadding=\"0\">\n<tbody>\n<tr>\n<td class=\"cke-align-top\"><img decoding=\"async\" class=\"media-element file-default\" title=\"Flyer_digital_UnniTI_2000_11\" src=\"http:\/\/suporte-tecnico.intelbras.com.br\/sites\/default\/files\/flyer_digital_unniti_2000_11_0.png\" alt=\"Flyer_digital_UnniTI_2000_11\" \/><\/p>\n<h2>Condom\u00ednio GSM\/3G<\/h2>\n<p><span class=\"cke-bold\">A Central tem facilidade condom\u00ednio que utiliza a tecnologia GSM\/3G, o que permite ao morador atender aos visitantes e abrir portas e port\u00f5es, tudo pelo celular.<\/span><\/td>\n<\/tr>\n<\/tbody>\n<\/table>\n<hr \/>\n<table cellspacing=\"0\" cellpadding=\"0\">\n<tbody>\n<tr>\n<td class=\"cke-align-top\"><img decoding=\"async\" class=\"media-element file-default\" title=\"Flyer_digital_UnniTI_2000_15\" src=\"http:\/\/suporte-tecnico.intelbras.com.br\/sites\/default\/files\/flyer_digital_unniti_2000_15.png\" alt=\"Flyer_digital_UnniTI_2000_15\" \/><\/p>\n<h2><\/h2>\n<h2>Gerenciador web com interface responsiva<\/h2>\n<p><span class=\"cke-bold\">Gerencie a UnniTI 2000 de diferentes dispositivos<\/span>\u00a0sem precisar enviar\/receber programa\u00e7\u00f5es. Compat\u00edvel com os principais navegadores, ela possui\u00a0<span class=\"cke-bold\">interface responsiva e \u00f3tima usabilidade<\/span>\u00a0em tablets e smartphones, e ainda exibe alertas de atualiza\u00e7\u00f5es autom\u00e1ticas, sem necessidade de fazer download no site.<\/td>\n<\/tr>\n<\/tbody>\n<\/table>\n<hr \/>\n<table cellspacing=\"0\" cellpadding=\"0\">\n<tbody>\n<tr>\n<td class=\"cke-align-top\"><img decoding=\"async\" class=\"media-element file-default\" title=\"Flyer_digital_UnniTI_2000_19\" src=\"http:\/\/suporte-tecnico.intelbras.com.br\/sites\/default\/files\/flyer_digital_unniti_2000_19.png\" alt=\"Flyer_digital_UnniTI_2000_19\" \/><\/p>\n<h2>DISA multin\u00edvel<\/h2>\n<p><span class=\"cke-bold\">Atendimento autom\u00e1tico<\/span>\u00a0com menus e submenus. Mais op\u00e7\u00f5es e versatilidade na hora de programar os menus de atendimentos.<\/td>\n<\/tr>\n<\/tbody>\n<\/table>\n","protected":false},"excerpt":{"rendered":"<p>A UnniTI 2000 \u00e9 uma solu\u00e7\u00e3o eficaz para a integra\u00e7\u00e3o de redes de voz e dados, ideal para pequenas e m\u00e9dias empresas. Com capacidade para at\u00e9\u00a06 placas adicionais, ela chega a uma configura\u00e7\u00e3o m\u00e1xima de\u00a060 troncos IP, 96 ramais anal\u00f3gicos\u00a0mais\u00a0120 ramais IP. Al\u00e9m das configura\u00e7\u00f5es habituais de uma central telef\u00f4nica, ela conta com a\u00a0fun\u00e7\u00e3o de &hellip; <a href=\"https:\/\/www.lojamelhordosul.com.br\/site\/produto\/central-pabx-unniti-2000-intelbras\/\" class=\"more-link\">Continuar lendo <span class=\"screen-reader-text\">Central Pabx Unniti 2000 Intelbras<\/span><\/a><\/p>\n","protected":false},"featured_media":12193,"comment_status":"closed","ping_status":"closed","template":"","meta":[],"product_brand":[],"product_cat":[2784,2790,2787],"product_tag":[],"class_list":{"0":"post-12192","1":"product","2":"type-product","3":"status-publish","4":"has-post-thumbnail","6":"product_cat-area-comunicacao","7":"product_cat-telefone-pabx","8":"product_cat-telefonia-telefones","10":"first","11":"instock","12":"sale","13":"shipping-taxable","14":"purchasable","15":"product-type-simple"},"yoast_head":"<!-- This site is optimized with the Yoast SEO plugin v27.5 - https:\/\/yoast.com\/product\/yoast-seo-wordpress\/ -->\n<title>Central Pabx Unniti 2000 Intelbras - Loja Melhor do Sul Sistemas de Seguran\u00e7a<\/title>\n<meta name=\"robots\" content=\"index, follow, max-snippet:-1, max-image-preview:large, max-video-preview:-1\" \/>\n<link rel=\"canonical\" href=\"https:\/\/www.lojamelhordosul.com.br\/site\/produto\/central-pabx-unniti-2000-intelbras\/\" \/>\n<meta property=\"og:locale\" content=\"pt_BR\" \/>\n<meta property=\"og:type\" content=\"article\" \/>\n<meta property=\"og:title\" content=\"Central Pabx Unniti 2000 Intelbras - Loja Melhor do Sul Sistemas de Seguran\u00e7a\" \/>\n<meta property=\"og:description\" content=\"A UnniTI 2000 \u00e9 uma solu\u00e7\u00e3o eficaz para a integra\u00e7\u00e3o de redes de voz e dados, ideal para pequenas e m\u00e9dias empresas. Com capacidade para at\u00e9\u00a06 placas adicionais, ela chega a uma configura\u00e7\u00e3o m\u00e1xima de\u00a060 troncos IP, 96 ramais anal\u00f3gicos\u00a0mais\u00a0120 ramais IP. Al\u00e9m das configura\u00e7\u00f5es habituais de uma central telef\u00f4nica, ela conta com a\u00a0fun\u00e7\u00e3o de &hellip; Continuar lendo Central Pabx Unniti 2000 Intelbras\" \/>\n<meta property=\"og:url\" content=\"https:\/\/www.lojamelhordosul.com.br\/site\/produto\/central-pabx-unniti-2000-intelbras\/\" \/>\n<meta property=\"og:site_name\" content=\"Loja Melhor do Sul Sistemas de Seguran\u00e7a\" \/>\n<meta property=\"article:modified_time\" content=\"2026-03-13T19:18:53+00:00\" \/>\n<meta property=\"og:image\" content=\"https:\/\/www.lojamelhordosul.com.br\/site\/wp-content\/uploads\/2021\/08\/unniti-2000.png\" \/>\n\t<meta property=\"og:image:width\" content=\"1200\" \/>\n\t<meta property=\"og:image:height\" content=\"1200\" \/>\n\t<meta property=\"og:image:type\" content=\"image\/png\" \/>\n<meta name=\"twitter:card\" content=\"summary_large_image\" \/>\n<meta name=\"twitter:label1\" content=\"Est. tempo de leitura\" \/>\n\t<meta name=\"twitter:data1\" content=\"2 minutos\" \/>\n<script type=\"application\/ld+json\" class=\"yoast-schema-graph\">{\"@context\":\"https:\\\/\\\/schema.org\",\"@graph\":[{\"@type\":\"WebPage\",\"@id\":\"https:\\\/\\\/www.lojamelhordosul.com.br\\\/site\\\/produto\\\/central-pabx-unniti-2000-intelbras\\\/\",\"url\":\"https:\\\/\\\/www.lojamelhordosul.com.br\\\/site\\\/produto\\\/central-pabx-unniti-2000-intelbras\\\/\",\"name\":\"Central Pabx Unniti 2000 Intelbras - Loja Melhor do Sul Sistemas de Seguran\u00e7a\",\"isPartOf\":{\"@id\":\"https:\\\/\\\/www.lojamelhordosul.com.br\\\/site\\\/#website\"},\"primaryImageOfPage\":{\"@id\":\"https:\\\/\\\/www.lojamelhordosul.com.br\\\/site\\\/produto\\\/central-pabx-unniti-2000-intelbras\\\/#primaryimage\"},\"image\":{\"@id\":\"https:\\\/\\\/www.lojamelhordosul.com.br\\\/site\\\/produto\\\/central-pabx-unniti-2000-intelbras\\\/#primaryimage\"},\"thumbnailUrl\":\"https:\\\/\\\/www.lojamelhordosul.com.br\\\/site\\\/wp-content\\\/uploads\\\/2021\\\/08\\\/unniti-2000.png\",\"datePublished\":\"2021-08-12T19:12:38+00:00\",\"dateModified\":\"2026-03-13T19:18:53+00:00\",\"breadcrumb\":{\"@id\":\"https:\\\/\\\/www.lojamelhordosul.com.br\\\/site\\\/produto\\\/central-pabx-unniti-2000-intelbras\\\/#breadcrumb\"},\"inLanguage\":\"pt-BR\",\"potentialAction\":[{\"@type\":\"ReadAction\",\"target\":[\"https:\\\/\\\/www.lojamelhordosul.com.br\\\/site\\\/produto\\\/central-pabx-unniti-2000-intelbras\\\/\"]}]},{\"@type\":\"ImageObject\",\"inLanguage\":\"pt-BR\",\"@id\":\"https:\\\/\\\/www.lojamelhordosul.com.br\\\/site\\\/produto\\\/central-pabx-unniti-2000-intelbras\\\/#primaryimage\",\"url\":\"https:\\\/\\\/www.lojamelhordosul.com.br\\\/site\\\/wp-content\\\/uploads\\\/2021\\\/08\\\/unniti-2000.png\",\"contentUrl\":\"https:\\\/\\\/www.lojamelhordosul.com.br\\\/site\\\/wp-content\\\/uploads\\\/2021\\\/08\\\/unniti-2000.png\",\"width\":1200,\"height\":1200},{\"@type\":\"BreadcrumbList\",\"@id\":\"https:\\\/\\\/www.lojamelhordosul.com.br\\\/site\\\/produto\\\/central-pabx-unniti-2000-intelbras\\\/#breadcrumb\",\"itemListElement\":[{\"@type\":\"ListItem\",\"position\":1,\"name\":\"In\u00edcio\",\"item\":\"https:\\\/\\\/www.lojamelhordosul.com.br\\\/site\\\/\"},{\"@type\":\"ListItem\",\"position\":2,\"name\":\"Loja\",\"item\":\"https:\\\/\\\/www.lojamelhordosul.com.br\\\/site\\\/loja\\\/\"},{\"@type\":\"ListItem\",\"position\":3,\"name\":\"Central Pabx Unniti 2000 Intelbras\"}]},{\"@type\":\"WebSite\",\"@id\":\"https:\\\/\\\/www.lojamelhordosul.com.br\\\/site\\\/#website\",\"url\":\"https:\\\/\\\/www.lojamelhordosul.com.br\\\/site\\\/\",\"name\":\"Loja Melhor do Sul Sistemas de Seguran\u00e7a\",\"description\":\"Loja Melhor do Sul - Revenda Ouro Intelbras em Porto Alegre\",\"publisher\":{\"@id\":\"https:\\\/\\\/www.lojamelhordosul.com.br\\\/site\\\/#organization\"},\"potentialAction\":[{\"@type\":\"SearchAction\",\"target\":{\"@type\":\"EntryPoint\",\"urlTemplate\":\"https:\\\/\\\/www.lojamelhordosul.com.br\\\/site\\\/?s={search_term_string}\"},\"query-input\":{\"@type\":\"PropertyValueSpecification\",\"valueRequired\":true,\"valueName\":\"search_term_string\"}}],\"inLanguage\":\"pt-BR\"},{\"@type\":\"Organization\",\"@id\":\"https:\\\/\\\/www.lojamelhordosul.com.br\\\/site\\\/#organization\",\"name\":\"Loja Melhor do Sul\",\"url\":\"https:\\\/\\\/www.lojamelhordosul.com.br\\\/site\\\/\",\"logo\":{\"@type\":\"ImageObject\",\"inLanguage\":\"pt-BR\",\"@id\":\"https:\\\/\\\/www.lojamelhordosul.com.br\\\/site\\\/#\\\/schema\\\/logo\\\/image\\\/\",\"url\":\"https:\\\/\\\/www.lojamelhordosul.com.br\\\/site\\\/wp-content\\\/uploads\\\/2019\\\/10\\\/logo-longo-da-loja.png\",\"contentUrl\":\"https:\\\/\\\/www.lojamelhordosul.com.br\\\/site\\\/wp-content\\\/uploads\\\/2019\\\/10\\\/logo-longo-da-loja.png\",\"width\":597,\"height\":114,\"caption\":\"Loja Melhor do Sul\"},\"image\":{\"@id\":\"https:\\\/\\\/www.lojamelhordosul.com.br\\\/site\\\/#\\\/schema\\\/logo\\\/image\\\/\"}}]}<\/script>\n<!-- \/ Yoast SEO plugin. -->","yoast_head_json":{"title":"Central Pabx Unniti 2000 Intelbras - Loja Melhor do Sul Sistemas de Seguran\u00e7a","robots":{"index":"index","follow":"follow","max-snippet":"max-snippet:-1","max-image-preview":"max-image-preview:large","max-video-preview":"max-video-preview:-1"},"canonical":"https:\/\/www.lojamelhordosul.com.br\/site\/produto\/central-pabx-unniti-2000-intelbras\/","og_locale":"pt_BR","og_type":"article","og_title":"Central Pabx Unniti 2000 Intelbras - Loja Melhor do Sul Sistemas de Seguran\u00e7a","og_description":"A UnniTI 2000 \u00e9 uma solu\u00e7\u00e3o eficaz para a integra\u00e7\u00e3o de redes de voz e dados, ideal para pequenas e m\u00e9dias empresas. Com capacidade para at\u00e9\u00a06 placas adicionais, ela chega a uma configura\u00e7\u00e3o m\u00e1xima de\u00a060 troncos IP, 96 ramais anal\u00f3gicos\u00a0mais\u00a0120 ramais IP. Al\u00e9m das configura\u00e7\u00f5es habituais de uma central telef\u00f4nica, ela conta com a\u00a0fun\u00e7\u00e3o de &hellip; Continuar lendo Central Pabx Unniti 2000 Intelbras","og_url":"https:\/\/www.lojamelhordosul.com.br\/site\/produto\/central-pabx-unniti-2000-intelbras\/","og_site_name":"Loja Melhor do Sul Sistemas de Seguran\u00e7a","article_modified_time":"2026-03-13T19:18:53+00:00","og_image":[{"width":1200,"height":1200,"url":"https:\/\/www.lojamelhordosul.com.br\/site\/wp-content\/uploads\/2021\/08\/unniti-2000.png","type":"image\/png"}],"twitter_card":"summary_large_image","twitter_misc":{"Est. tempo de leitura":"2 minutos"},"schema":{"@context":"https:\/\/schema.org","@graph":[{"@type":"WebPage","@id":"https:\/\/www.lojamelhordosul.com.br\/site\/produto\/central-pabx-unniti-2000-intelbras\/","url":"https:\/\/www.lojamelhordosul.com.br\/site\/produto\/central-pabx-unniti-2000-intelbras\/","name":"Central Pabx Unniti 2000 Intelbras - Loja Melhor do Sul Sistemas de Seguran\u00e7a","isPartOf":{"@id":"https:\/\/www.lojamelhordosul.com.br\/site\/#website"},"primaryImageOfPage":{"@id":"https:\/\/www.lojamelhordosul.com.br\/site\/produto\/central-pabx-unniti-2000-intelbras\/#primaryimage"},"image":{"@id":"https:\/\/www.lojamelhordosul.com.br\/site\/produto\/central-pabx-unniti-2000-intelbras\/#primaryimage"},"thumbnailUrl":"https:\/\/www.lojamelhordosul.com.br\/site\/wp-content\/uploads\/2021\/08\/unniti-2000.png","datePublished":"2021-08-12T19:12:38+00:00","dateModified":"2026-03-13T19:18:53+00:00","breadcrumb":{"@id":"https:\/\/www.lojamelhordosul.com.br\/site\/produto\/central-pabx-unniti-2000-intelbras\/#breadcrumb"},"inLanguage":"pt-BR","potentialAction":[{"@type":"ReadAction","target":["https:\/\/www.lojamelhordosul.com.br\/site\/produto\/central-pabx-unniti-2000-intelbras\/"]}]},{"@type":"ImageObject","inLanguage":"pt-BR","@id":"https:\/\/www.lojamelhordosul.com.br\/site\/produto\/central-pabx-unniti-2000-intelbras\/#primaryimage","url":"https:\/\/www.lojamelhordosul.com.br\/site\/wp-content\/uploads\/2021\/08\/unniti-2000.png","contentUrl":"https:\/\/www.lojamelhordosul.com.br\/site\/wp-content\/uploads\/2021\/08\/unniti-2000.png","width":1200,"height":1200},{"@type":"BreadcrumbList","@id":"https:\/\/www.lojamelhordosul.com.br\/site\/produto\/central-pabx-unniti-2000-intelbras\/#breadcrumb","itemListElement":[{"@type":"ListItem","position":1,"name":"In\u00edcio","item":"https:\/\/www.lojamelhordosul.com.br\/site\/"},{"@type":"ListItem","position":2,"name":"Loja","item":"https:\/\/www.lojamelhordosul.com.br\/site\/loja\/"},{"@type":"ListItem","position":3,"name":"Central Pabx Unniti 2000 Intelbras"}]},{"@type":"WebSite","@id":"https:\/\/www.lojamelhordosul.com.br\/site\/#website","url":"https:\/\/www.lojamelhordosul.com.br\/site\/","name":"Loja Melhor do Sul Sistemas de Seguran\u00e7a","description":"Loja Melhor do Sul - Revenda Ouro Intelbras em Porto Alegre","publisher":{"@id":"https:\/\/www.lojamelhordosul.com.br\/site\/#organization"},"potentialAction":[{"@type":"SearchAction","target":{"@type":"EntryPoint","urlTemplate":"https:\/\/www.lojamelhordosul.com.br\/site\/?s={search_term_string}"},"query-input":{"@type":"PropertyValueSpecification","valueRequired":true,"valueName":"search_term_string"}}],"inLanguage":"pt-BR"},{"@type":"Organization","@id":"https:\/\/www.lojamelhordosul.com.br\/site\/#organization","name":"Loja Melhor do Sul","url":"https:\/\/www.lojamelhordosul.com.br\/site\/","logo":{"@type":"ImageObject","inLanguage":"pt-BR","@id":"https:\/\/www.lojamelhordosul.com.br\/site\/#\/schema\/logo\/image\/","url":"https:\/\/www.lojamelhordosul.com.br\/site\/wp-content\/uploads\/2019\/10\/logo-longo-da-loja.png","contentUrl":"https:\/\/www.lojamelhordosul.com.br\/site\/wp-content\/uploads\/2019\/10\/logo-longo-da-loja.png","width":597,"height":114,"caption":"Loja Melhor do Sul"},"image":{"@id":"https:\/\/www.lojamelhordosul.com.br\/site\/#\/schema\/logo\/image\/"}}]}},"_links":{"self":[{"href":"https:\/\/www.lojamelhordosul.com.br\/site\/wp-json\/wp\/v2\/product\/12192","targetHints":{"allow":["GET"]}}],"collection":[{"href":"https:\/\/www.lojamelhordosul.com.br\/site\/wp-json\/wp\/v2\/product"}],"about":[{"href":"https:\/\/www.lojamelhordosul.com.br\/site\/wp-json\/wp\/v2\/types\/product"}],"replies":[{"embeddable":true,"href":"https:\/\/www.lojamelhordosul.com.br\/site\/wp-json\/wp\/v2\/comments?post=12192"}],"wp:featuredmedia":[{"embeddable":true,"href":"https:\/\/www.lojamelhordosul.com.br\/site\/wp-json\/wp\/v2\/media\/12193"}],"wp:attachment":[{"href":"https:\/\/www.lojamelhordosul.com.br\/site\/wp-json\/wp\/v2\/media?parent=12192"}],"wp:term":[{"taxonomy":"product_brand","embeddable":true,"href":"https:\/\/www.lojamelhordosul.com.br\/site\/wp-json\/wp\/v2\/product_brand?post=12192"},{"taxonomy":"product_cat","embeddable":true,"href":"https:\/\/www.lojamelhordosul.com.br\/site\/wp-json\/wp\/v2\/product_cat?post=12192"},{"taxonomy":"product_tag","embeddable":true,"href":"https:\/\/www.lojamelhordosul.com.br\/site\/wp-json\/wp\/v2\/product_tag?post=12192"}],"curies":[{"name":"wp","href":"https:\/\/api.w.org\/{rel}","templated":true}]}}