{"id":12267,"date":"2021-09-30T14:47:01","date_gmt":"2021-09-30T17:47:01","guid":{"rendered":"https:\/\/www.lojamelhordosul.com.br\/?post_type=product&#038;p=12267"},"modified":"2025-12-19T11:55:14","modified_gmt":"2025-12-19T14:55:14","slug":"grade-de-protecao-mega-forte-para-camera-de-seguranca-cftv","status":"publish","type":"product","link":"https:\/\/www.lojamelhordosul.com.br\/site\/produto\/grade-de-protecao-mega-forte-para-camera-de-seguranca-cftv\/","title":{"rendered":"Grade De Prote\u00e7\u00e3o Mega Forte Para C\u00e2mera De Seguran\u00e7a Cftv"},"content":{"rendered":"<p>Esta Grade De Prote\u00e7\u00e3o Tem A Fun\u00e7\u00e3o De Proteger C\u00e2meras De Seguran\u00e7a Contra Roubos E Vandalismos.<br \/>\nFeita Em A\u00e7o Galvanizado Super Refor\u00e7ado E Resistente.<br \/>\nSua Pintura Em Epoxi Permite Ser Usada Exposta Ao Tempo Sem Enferrujar.<br \/>\nIdeal Para C\u00e2meras De Monitoramento.<\/p>\n<p>Caracter\u00edsticas:<\/p>\n<p>Parte Superior Fechada Prote\u00e7\u00e3o De Chuvas.<\/p>\n<p>Parte Inferior Fechada Com Ralo Para Escoar \u00c1gua Prote\u00e7\u00e3o De A\u00e7\u00f5es De Vandalos.<\/p>\n<p>Fixa\u00e7\u00e3o Pr\u00e1tica Externa- Acompanha Buchas E Parafusos Especiais.<\/p>\n<p>* Design moderno e arrojado;<br \/>\n* Tamanho 15A x 25L x 20P;<br \/>\n* Kit fixa\u00e7\u00e3o: Parafuso 5mm Bucha 7mm;<br \/>\n* Composi\u00e7\u00e3o: A\u00e7o 1006(3mm);<br \/>\n* Mais durabilidade;<br \/>\n* Pintura Eletroest\u00e1tica (Ep\u00f3xil)<br \/>\n* Evita ferrigem e reflexo;<br \/>\n* Cor Preta<\/p>\n","protected":false},"excerpt":{"rendered":"<p>Esta Grade De Prote\u00e7\u00e3o Tem A Fun\u00e7\u00e3o De Proteger C\u00e2meras De Seguran\u00e7a Contra Roubos E Vandalismos. Feita Em A\u00e7o Galvanizado Super Refor\u00e7ado E Resistente. Sua Pintura Em Epoxi Permite Ser Usada Exposta Ao Tempo Sem Enferrujar. Ideal Para C\u00e2meras De Monitoramento. Caracter\u00edsticas: Parte Superior Fechada Prote\u00e7\u00e3o De Chuvas. Parte Inferior Fechada Com Ralo Para Escoar &hellip; <a href=\"https:\/\/www.lojamelhordosul.com.br\/site\/produto\/grade-de-protecao-mega-forte-para-camera-de-seguranca-cftv\/\" class=\"more-link\">Continuar lendo <span class=\"screen-reader-text\">Grade De Prote\u00e7\u00e3o Mega Forte Para C\u00e2mera De Seguran\u00e7a Cftv<\/span><\/a><\/p>\n","protected":false},"featured_media":12269,"comment_status":"closed","ping_status":"closed","template":"","meta":[],"product_brand":[],"product_cat":[2719,2723],"product_tag":[],"class_list":{"0":"post-12267","1":"product","2":"type-product","3":"status-publish","4":"has-post-thumbnail","6":"product_cat-acessorios-cftv","7":"product_cat-acessorios-suportes","9":"first","10":"instock","11":"shipping-taxable","12":"purchasable","13":"product-type-simple"},"yoast_head":"<!-- This site is optimized with the Yoast SEO plugin v27.5 - https:\/\/yoast.com\/product\/yoast-seo-wordpress\/ -->\n<title>Grade De Prote\u00e7\u00e3o Mega Forte Para C\u00e2mera De Seguran\u00e7a Cftv - Loja Melhor do Sul Sistemas de Seguran\u00e7a<\/title>\n<meta name=\"robots\" content=\"index, follow, max-snippet:-1, max-image-preview:large, max-video-preview:-1\" \/>\n<link rel=\"canonical\" href=\"https:\/\/www.lojamelhordosul.com.br\/site\/produto\/grade-de-protecao-mega-forte-para-camera-de-seguranca-cftv\/\" \/>\n<meta property=\"og:locale\" content=\"pt_BR\" \/>\n<meta property=\"og:type\" content=\"article\" \/>\n<meta property=\"og:title\" content=\"Grade De Prote\u00e7\u00e3o Mega Forte Para C\u00e2mera De Seguran\u00e7a Cftv - Loja Melhor do Sul Sistemas de Seguran\u00e7a\" \/>\n<meta property=\"og:description\" content=\"Esta Grade De Prote\u00e7\u00e3o Tem A Fun\u00e7\u00e3o De Proteger C\u00e2meras De Seguran\u00e7a Contra Roubos E Vandalismos. Feita Em A\u00e7o Galvanizado Super Refor\u00e7ado E Resistente. Sua Pintura Em Epoxi Permite Ser Usada Exposta Ao Tempo Sem Enferrujar. Ideal Para C\u00e2meras De Monitoramento. Caracter\u00edsticas: Parte Superior Fechada Prote\u00e7\u00e3o De Chuvas. Parte Inferior Fechada Com Ralo Para Escoar &hellip; Continuar lendo Grade De Prote\u00e7\u00e3o Mega Forte Para C\u00e2mera De Seguran\u00e7a Cftv\" \/>\n<meta property=\"og:url\" content=\"https:\/\/www.lojamelhordosul.com.br\/site\/produto\/grade-de-protecao-mega-forte-para-camera-de-seguranca-cftv\/\" \/>\n<meta property=\"og:site_name\" content=\"Loja Melhor do Sul Sistemas de Seguran\u00e7a\" \/>\n<meta property=\"article:modified_time\" content=\"2025-12-19T14:55:14+00:00\" \/>\n<meta property=\"og:image\" content=\"https:\/\/www.lojamelhordosul.com.br\/site\/wp-content\/uploads\/2021\/09\/grade.png\" \/>\n\t<meta property=\"og:image:width\" content=\"1200\" \/>\n\t<meta property=\"og:image:height\" content=\"1200\" \/>\n\t<meta property=\"og:image:type\" content=\"image\/png\" \/>\n<meta name=\"twitter:card\" content=\"summary_large_image\" \/>\n<meta name=\"twitter:label1\" content=\"Est. tempo de leitura\" \/>\n\t<meta name=\"twitter:data1\" content=\"1 minuto\" \/>\n<script type=\"application\/ld+json\" class=\"yoast-schema-graph\">{\"@context\":\"https:\\\/\\\/schema.org\",\"@graph\":[{\"@type\":\"WebPage\",\"@id\":\"https:\\\/\\\/www.lojamelhordosul.com.br\\\/site\\\/produto\\\/grade-de-protecao-mega-forte-para-camera-de-seguranca-cftv\\\/\",\"url\":\"https:\\\/\\\/www.lojamelhordosul.com.br\\\/site\\\/produto\\\/grade-de-protecao-mega-forte-para-camera-de-seguranca-cftv\\\/\",\"name\":\"Grade De Prote\u00e7\u00e3o Mega Forte Para C\u00e2mera De Seguran\u00e7a Cftv - Loja Melhor do Sul Sistemas de Seguran\u00e7a\",\"isPartOf\":{\"@id\":\"https:\\\/\\\/www.lojamelhordosul.com.br\\\/site\\\/#website\"},\"primaryImageOfPage\":{\"@id\":\"https:\\\/\\\/www.lojamelhordosul.com.br\\\/site\\\/produto\\\/grade-de-protecao-mega-forte-para-camera-de-seguranca-cftv\\\/#primaryimage\"},\"image\":{\"@id\":\"https:\\\/\\\/www.lojamelhordosul.com.br\\\/site\\\/produto\\\/grade-de-protecao-mega-forte-para-camera-de-seguranca-cftv\\\/#primaryimage\"},\"thumbnailUrl\":\"https:\\\/\\\/www.lojamelhordosul.com.br\\\/site\\\/wp-content\\\/uploads\\\/2021\\\/09\\\/grade.png\",\"datePublished\":\"2021-09-30T17:47:01+00:00\",\"dateModified\":\"2025-12-19T14:55:14+00:00\",\"breadcrumb\":{\"@id\":\"https:\\\/\\\/www.lojamelhordosul.com.br\\\/site\\\/produto\\\/grade-de-protecao-mega-forte-para-camera-de-seguranca-cftv\\\/#breadcrumb\"},\"inLanguage\":\"pt-BR\",\"potentialAction\":[{\"@type\":\"ReadAction\",\"target\":[\"https:\\\/\\\/www.lojamelhordosul.com.br\\\/site\\\/produto\\\/grade-de-protecao-mega-forte-para-camera-de-seguranca-cftv\\\/\"]}]},{\"@type\":\"ImageObject\",\"inLanguage\":\"pt-BR\",\"@id\":\"https:\\\/\\\/www.lojamelhordosul.com.br\\\/site\\\/produto\\\/grade-de-protecao-mega-forte-para-camera-de-seguranca-cftv\\\/#primaryimage\",\"url\":\"https:\\\/\\\/www.lojamelhordosul.com.br\\\/site\\\/wp-content\\\/uploads\\\/2021\\\/09\\\/grade.png\",\"contentUrl\":\"https:\\\/\\\/www.lojamelhordosul.com.br\\\/site\\\/wp-content\\\/uploads\\\/2021\\\/09\\\/grade.png\",\"width\":1200,\"height\":1200},{\"@type\":\"BreadcrumbList\",\"@id\":\"https:\\\/\\\/www.lojamelhordosul.com.br\\\/site\\\/produto\\\/grade-de-protecao-mega-forte-para-camera-de-seguranca-cftv\\\/#breadcrumb\",\"itemListElement\":[{\"@type\":\"ListItem\",\"position\":1,\"name\":\"In\u00edcio\",\"item\":\"https:\\\/\\\/www.lojamelhordosul.com.br\\\/site\\\/\"},{\"@type\":\"ListItem\",\"position\":2,\"name\":\"Loja\",\"item\":\"https:\\\/\\\/www.lojamelhordosul.com.br\\\/site\\\/loja\\\/\"},{\"@type\":\"ListItem\",\"position\":3,\"name\":\"Grade De Prote\u00e7\u00e3o Mega Forte Para C\u00e2mera De Seguran\u00e7a Cftv\"}]},{\"@type\":\"WebSite\",\"@id\":\"https:\\\/\\\/www.lojamelhordosul.com.br\\\/site\\\/#website\",\"url\":\"https:\\\/\\\/www.lojamelhordosul.com.br\\\/site\\\/\",\"name\":\"Loja Melhor do Sul Sistemas de Seguran\u00e7a\",\"description\":\"Loja Melhor do Sul - Revenda Ouro Intelbras em Porto Alegre\",\"publisher\":{\"@id\":\"https:\\\/\\\/www.lojamelhordosul.com.br\\\/site\\\/#organization\"},\"potentialAction\":[{\"@type\":\"SearchAction\",\"target\":{\"@type\":\"EntryPoint\",\"urlTemplate\":\"https:\\\/\\\/www.lojamelhordosul.com.br\\\/site\\\/?s={search_term_string}\"},\"query-input\":{\"@type\":\"PropertyValueSpecification\",\"valueRequired\":true,\"valueName\":\"search_term_string\"}}],\"inLanguage\":\"pt-BR\"},{\"@type\":\"Organization\",\"@id\":\"https:\\\/\\\/www.lojamelhordosul.com.br\\\/site\\\/#organization\",\"name\":\"Loja Melhor do Sul\",\"url\":\"https:\\\/\\\/www.lojamelhordosul.com.br\\\/site\\\/\",\"logo\":{\"@type\":\"ImageObject\",\"inLanguage\":\"pt-BR\",\"@id\":\"https:\\\/\\\/www.lojamelhordosul.com.br\\\/site\\\/#\\\/schema\\\/logo\\\/image\\\/\",\"url\":\"https:\\\/\\\/www.lojamelhordosul.com.br\\\/site\\\/wp-content\\\/uploads\\\/2019\\\/10\\\/logo-longo-da-loja.png\",\"contentUrl\":\"https:\\\/\\\/www.lojamelhordosul.com.br\\\/site\\\/wp-content\\\/uploads\\\/2019\\\/10\\\/logo-longo-da-loja.png\",\"width\":597,\"height\":114,\"caption\":\"Loja Melhor do Sul\"},\"image\":{\"@id\":\"https:\\\/\\\/www.lojamelhordosul.com.br\\\/site\\\/#\\\/schema\\\/logo\\\/image\\\/\"}}]}<\/script>\n<!-- \/ Yoast SEO plugin. -->","yoast_head_json":{"title":"Grade De Prote\u00e7\u00e3o Mega Forte Para C\u00e2mera De Seguran\u00e7a Cftv - Loja Melhor do Sul Sistemas de Seguran\u00e7a","robots":{"index":"index","follow":"follow","max-snippet":"max-snippet:-1","max-image-preview":"max-image-preview:large","max-video-preview":"max-video-preview:-1"},"canonical":"https:\/\/www.lojamelhordosul.com.br\/site\/produto\/grade-de-protecao-mega-forte-para-camera-de-seguranca-cftv\/","og_locale":"pt_BR","og_type":"article","og_title":"Grade De Prote\u00e7\u00e3o Mega Forte Para C\u00e2mera De Seguran\u00e7a Cftv - Loja Melhor do Sul Sistemas de Seguran\u00e7a","og_description":"Esta Grade De Prote\u00e7\u00e3o Tem A Fun\u00e7\u00e3o De Proteger C\u00e2meras De Seguran\u00e7a Contra Roubos E Vandalismos. Feita Em A\u00e7o Galvanizado Super Refor\u00e7ado E Resistente. Sua Pintura Em Epoxi Permite Ser Usada Exposta Ao Tempo Sem Enferrujar. Ideal Para C\u00e2meras De Monitoramento. Caracter\u00edsticas: Parte Superior Fechada Prote\u00e7\u00e3o De Chuvas. Parte Inferior Fechada Com Ralo Para Escoar &hellip; Continuar lendo Grade De Prote\u00e7\u00e3o Mega Forte Para C\u00e2mera De Seguran\u00e7a Cftv","og_url":"https:\/\/www.lojamelhordosul.com.br\/site\/produto\/grade-de-protecao-mega-forte-para-camera-de-seguranca-cftv\/","og_site_name":"Loja Melhor do Sul Sistemas de Seguran\u00e7a","article_modified_time":"2025-12-19T14:55:14+00:00","og_image":[{"width":1200,"height":1200,"url":"https:\/\/www.lojamelhordosul.com.br\/site\/wp-content\/uploads\/2021\/09\/grade.png","type":"image\/png"}],"twitter_card":"summary_large_image","twitter_misc":{"Est. tempo de leitura":"1 minuto"},"schema":{"@context":"https:\/\/schema.org","@graph":[{"@type":"WebPage","@id":"https:\/\/www.lojamelhordosul.com.br\/site\/produto\/grade-de-protecao-mega-forte-para-camera-de-seguranca-cftv\/","url":"https:\/\/www.lojamelhordosul.com.br\/site\/produto\/grade-de-protecao-mega-forte-para-camera-de-seguranca-cftv\/","name":"Grade De Prote\u00e7\u00e3o Mega Forte Para C\u00e2mera De Seguran\u00e7a Cftv - Loja Melhor do Sul Sistemas de Seguran\u00e7a","isPartOf":{"@id":"https:\/\/www.lojamelhordosul.com.br\/site\/#website"},"primaryImageOfPage":{"@id":"https:\/\/www.lojamelhordosul.com.br\/site\/produto\/grade-de-protecao-mega-forte-para-camera-de-seguranca-cftv\/#primaryimage"},"image":{"@id":"https:\/\/www.lojamelhordosul.com.br\/site\/produto\/grade-de-protecao-mega-forte-para-camera-de-seguranca-cftv\/#primaryimage"},"thumbnailUrl":"https:\/\/www.lojamelhordosul.com.br\/site\/wp-content\/uploads\/2021\/09\/grade.png","datePublished":"2021-09-30T17:47:01+00:00","dateModified":"2025-12-19T14:55:14+00:00","breadcrumb":{"@id":"https:\/\/www.lojamelhordosul.com.br\/site\/produto\/grade-de-protecao-mega-forte-para-camera-de-seguranca-cftv\/#breadcrumb"},"inLanguage":"pt-BR","potentialAction":[{"@type":"ReadAction","target":["https:\/\/www.lojamelhordosul.com.br\/site\/produto\/grade-de-protecao-mega-forte-para-camera-de-seguranca-cftv\/"]}]},{"@type":"ImageObject","inLanguage":"pt-BR","@id":"https:\/\/www.lojamelhordosul.com.br\/site\/produto\/grade-de-protecao-mega-forte-para-camera-de-seguranca-cftv\/#primaryimage","url":"https:\/\/www.lojamelhordosul.com.br\/site\/wp-content\/uploads\/2021\/09\/grade.png","contentUrl":"https:\/\/www.lojamelhordosul.com.br\/site\/wp-content\/uploads\/2021\/09\/grade.png","width":1200,"height":1200},{"@type":"BreadcrumbList","@id":"https:\/\/www.lojamelhordosul.com.br\/site\/produto\/grade-de-protecao-mega-forte-para-camera-de-seguranca-cftv\/#breadcrumb","itemListElement":[{"@type":"ListItem","position":1,"name":"In\u00edcio","item":"https:\/\/www.lojamelhordosul.com.br\/site\/"},{"@type":"ListItem","position":2,"name":"Loja","item":"https:\/\/www.lojamelhordosul.com.br\/site\/loja\/"},{"@type":"ListItem","position":3,"name":"Grade De Prote\u00e7\u00e3o Mega Forte Para C\u00e2mera De Seguran\u00e7a Cftv"}]},{"@type":"WebSite","@id":"https:\/\/www.lojamelhordosul.com.br\/site\/#website","url":"https:\/\/www.lojamelhordosul.com.br\/site\/","name":"Loja Melhor do Sul Sistemas de Seguran\u00e7a","description":"Loja Melhor do Sul - Revenda Ouro Intelbras em Porto Alegre","publisher":{"@id":"https:\/\/www.lojamelhordosul.com.br\/site\/#organization"},"potentialAction":[{"@type":"SearchAction","target":{"@type":"EntryPoint","urlTemplate":"https:\/\/www.lojamelhordosul.com.br\/site\/?s={search_term_string}"},"query-input":{"@type":"PropertyValueSpecification","valueRequired":true,"valueName":"search_term_string"}}],"inLanguage":"pt-BR"},{"@type":"Organization","@id":"https:\/\/www.lojamelhordosul.com.br\/site\/#organization","name":"Loja Melhor do Sul","url":"https:\/\/www.lojamelhordosul.com.br\/site\/","logo":{"@type":"ImageObject","inLanguage":"pt-BR","@id":"https:\/\/www.lojamelhordosul.com.br\/site\/#\/schema\/logo\/image\/","url":"https:\/\/www.lojamelhordosul.com.br\/site\/wp-content\/uploads\/2019\/10\/logo-longo-da-loja.png","contentUrl":"https:\/\/www.lojamelhordosul.com.br\/site\/wp-content\/uploads\/2019\/10\/logo-longo-da-loja.png","width":597,"height":114,"caption":"Loja Melhor do Sul"},"image":{"@id":"https:\/\/www.lojamelhordosul.com.br\/site\/#\/schema\/logo\/image\/"}}]}},"_links":{"self":[{"href":"https:\/\/www.lojamelhordosul.com.br\/site\/wp-json\/wp\/v2\/product\/12267","targetHints":{"allow":["GET"]}}],"collection":[{"href":"https:\/\/www.lojamelhordosul.com.br\/site\/wp-json\/wp\/v2\/product"}],"about":[{"href":"https:\/\/www.lojamelhordosul.com.br\/site\/wp-json\/wp\/v2\/types\/product"}],"replies":[{"embeddable":true,"href":"https:\/\/www.lojamelhordosul.com.br\/site\/wp-json\/wp\/v2\/comments?post=12267"}],"wp:featuredmedia":[{"embeddable":true,"href":"https:\/\/www.lojamelhordosul.com.br\/site\/wp-json\/wp\/v2\/media\/12269"}],"wp:attachment":[{"href":"https:\/\/www.lojamelhordosul.com.br\/site\/wp-json\/wp\/v2\/media?parent=12267"}],"wp:term":[{"taxonomy":"product_brand","embeddable":true,"href":"https:\/\/www.lojamelhordosul.com.br\/site\/wp-json\/wp\/v2\/product_brand?post=12267"},{"taxonomy":"product_cat","embeddable":true,"href":"https:\/\/www.lojamelhordosul.com.br\/site\/wp-json\/wp\/v2\/product_cat?post=12267"},{"taxonomy":"product_tag","embeddable":true,"href":"https:\/\/www.lojamelhordosul.com.br\/site\/wp-json\/wp\/v2\/product_tag?post=12267"}],"curies":[{"name":"wp","href":"https:\/\/api.w.org\/{rel}","templated":true}]}}