{"id":12479,"date":"2021-11-22T15:06:44","date_gmt":"2021-11-22T18:06:44","guid":{"rendered":"https:\/\/www.lojamelhordosul.com.br\/site\/?post_type=product&#038;p=12479"},"modified":"2026-03-13T16:05:24","modified_gmt":"2026-03-13T19:05:24","slug":"central-pabx-impacta-68-base","status":"publish","type":"product","link":"https:\/\/www.lojamelhordosul.com.br\/site\/produto\/central-pabx-impacta-68-base\/","title":{"rendered":"Central Pabx Impacta 68i Base"},"content":{"rendered":"<table cellspacing=\"0\" cellpadding=\"0\">\n<tbody>\n<tr>\n<td class=\"cke-align-top\"><img decoding=\"async\" class=\"media-element file-default\" title=\"impacta 68i\" src=\"http:\/\/suporte-tecnico.intelbras.com.br\/sites\/default\/files\/flyer_digital_impacta_01_03_0.png\" alt=\"impacta 68i\" \/><\/p>\n<h2><\/h2>\n<p>A linha Impacta \u00e9 composta por centrais PABX de comunica\u00e7\u00e3o h\u00edbrida que integram as tecnologias anal\u00f3gica, digital e IP. Ideais para micro e pequenas empresas que buscam melhorar a qualidade e a capacidade de comunica\u00e7\u00e3o, as centrais Impacta oferecem diversas fun\u00e7\u00f5es sem muito investimento. Al\u00e9m de apresentarem as fun\u00e7\u00f5es habituais de um PABX, elas podem interligar duas ou mais redes e permitir a realiza\u00e7\u00e3o de chamadas com tecnologia VoIP (voz sobre internet).<\/td>\n<\/tr>\n<\/tbody>\n<\/table>\n<hr \/>\n<table cellspacing=\"0\" cellpadding=\"0\">\n<tbody>\n<tr>\n<td class=\"cke-align-top\"><img decoding=\"async\" class=\"media-element file-default\" title=\"impacta 68i\" src=\"http:\/\/suporte-tecnico.intelbras.com.br\/sites\/default\/files\/flyer_digital_impacta_01_07_0.png\" alt=\"impacta 68i\" \/><\/p>\n<h2><\/h2>\n<h2>Mais qualidade na comunica\u00e7\u00e3o<\/h2>\n<p>Al\u00e9m dos benef\u00edcios de se obter um produto Intelbras com design, garantia, suporte, assist\u00eancia t\u00e9cnica e tecnologia de ponta, as centrais Impacta possuem v\u00e1rias fun\u00e7\u00f5es e opcionais desenvolvidos para facilitar a comunica\u00e7\u00e3o entre empresas, seus clientes e filiais.<\/td>\n<\/tr>\n<\/tbody>\n<\/table>\n<hr \/>\n<table cellspacing=\"0\" cellpadding=\"0\">\n<tbody>\n<tr>\n<td class=\"cke-align-top\"><img decoding=\"async\" class=\"media-element file-default\" title=\"impacta 68i\" src=\"http:\/\/suporte-tecnico.intelbras.com.br\/sites\/default\/files\/flyer_digital_impacta_11_0.png\" alt=\"impacta 68i\" \/><\/p>\n<h2>Tenha muito sem gastar tanto<\/h2>\n<p>Atrav\u00e9s de fun\u00e7\u00f5es como sele\u00e7\u00e3o autom\u00e1tica de linhas, ramal econ\u00f4mico e bloqueio de recebimento de chamadas a cobrar, \u00e9 poss\u00edvel reduzir o valor da conta telef\u00f4nica. A tecnologia VoIP permite a interliga\u00e7\u00e3o entre matriz e filiais, para que elas possam\u00a0se falar de forma simplificada e sem custos, tudo via internet.<\/td>\n<\/tr>\n<\/tbody>\n<\/table>\n<hr \/>\n<table cellspacing=\"0\" cellpadding=\"0\">\n<tbody>\n<tr>\n<td class=\"cke-align-top\"><img decoding=\"async\" class=\"media-element file-default\" title=\"impacta 68i\" src=\"http:\/\/suporte-tecnico.intelbras.com.br\/sites\/default\/files\/flyer_digital_impacta_01_13_0.png\" alt=\"impacta 68i\" \/><\/p>\n<h2><\/h2>\n<h2>Mais agilidade<\/h2>\n<p>As centrais Impacta identificam quem est\u00e1 ligando e direcionam as chamadas para qualquer ramal, grupo ou filial que estiver pr\u00e9-cadastrado para atender, baseando-se em parte do n\u00famero (ex.: DDD) ou no ramal. Agilidade e assertividade para voc\u00ea e\u00a0seus clientes.<\/td>\n<\/tr>\n<\/tbody>\n<\/table>\n<hr \/>\n<table cellspacing=\"0\" cellpadding=\"0\">\n<tbody>\n<tr>\n<td class=\"cke-align-top\"><img decoding=\"async\" class=\"media-element file-default\" title=\"impacta 68i\" src=\"http:\/\/suporte-tecnico.intelbras.com.br\/sites\/default\/files\/flyer_digital_impacta_01_17_0.png\" alt=\"impacta 68i\" \/><\/p>\n<h2>Seguran\u00e7a e qualidade no atendimento<\/h2>\n<p>O software ICR \u2013 Gravador de chamadas Intelbras\u00b9 permite a grava\u00e7\u00e3o atrav\u00e9s de um cart\u00e3o SD conectado \u00e0 placa de grava\u00e7\u00e3o de chamadas\u00b2 da Impacta 68i. Assim, \u00e9 poss\u00edvel alavancar a produtividade no atendimento, pois a empresa sabe como seus colaboradores est\u00e3o tratando clientes, fornecedores e parceiros. Isso permite avaliar e tomar a\u00e7\u00f5es preventivas e corretivas, melhorando a qualidade do atendimento e a satisfa\u00e7\u00e3o dos clientes.<\/p>\n<p><em>\u00b9 Necess\u00e1ria aquisi\u00e7\u00e3o de licen\u00e7as para utiliza\u00e7\u00e3o do software.<br \/>\n\u00b2 Placa de grava\u00e7\u00e3o para Impacta 68i deve adquirida separadamente.<\/em><\/td>\n<\/tr>\n<\/tbody>\n<\/table>\n<hr \/>\n<table cellspacing=\"0\" cellpadding=\"0\">\n<tbody>\n<tr>\n<td class=\"cke-align-top\"><a href=\"http:\/\/suporte-tecnico.intelbras.com.br\/sites\/default\/files\/downloads\/cenario_impactas.pdf\"><img decoding=\"async\" class=\"media-element file-default\" title=\"impacta 68i\" src=\"http:\/\/suporte-tecnico.intelbras.com.br\/sites\/default\/files\/flyer_digital_impacta_17_2.png\" alt=\"impacta 68i\" \/><\/a><\/p>\n<h2><\/h2>\n<h2>Garantia de investimento<\/h2>\n<p>As centrais Impacta acompanham o crescimento das empresas, possibilitando a amplia\u00e7\u00e3o da capacidade sem perder o investimento inicial.<\/td>\n<\/tr>\n<\/tbody>\n<\/table>\n","protected":false},"excerpt":{"rendered":"<p>A linha Impacta \u00e9 composta por centrais PABX de comunica\u00e7\u00e3o h\u00edbrida que integram as tecnologias anal\u00f3gica, digital e IP. Ideais para micro e pequenas empresas que buscam melhorar a qualidade e a capacidade de comunica\u00e7\u00e3o, as centrais Impacta oferecem diversas fun\u00e7\u00f5es sem muito investimento. Al\u00e9m de apresentarem as fun\u00e7\u00f5es habituais de um PABX, elas podem &hellip; <a href=\"https:\/\/www.lojamelhordosul.com.br\/site\/produto\/central-pabx-impacta-68-base\/\" class=\"more-link\">Continuar lendo <span class=\"screen-reader-text\">Central Pabx Impacta 68i Base<\/span><\/a><\/p>\n","protected":false},"featured_media":12480,"comment_status":"closed","ping_status":"closed","template":"","meta":[],"product_brand":[],"product_cat":[2786,2790],"product_tag":[],"class_list":{"0":"post-12479","1":"product","2":"type-product","3":"status-publish","4":"has-post-thumbnail","6":"product_cat-telefonia-centrais-telefonicas","7":"product_cat-telefone-pabx","9":"first","10":"instock","11":"sale","12":"shipping-taxable","13":"purchasable","14":"product-type-simple"},"yoast_head":"<!-- This site is optimized with the Yoast SEO plugin v27.3 - https:\/\/yoast.com\/product\/yoast-seo-wordpress\/ -->\n<title>Central Pabx Impacta 68i Base - Loja Melhor do Sul Sistemas de Seguran\u00e7a<\/title>\n<meta name=\"robots\" content=\"index, follow, max-snippet:-1, max-image-preview:large, max-video-preview:-1\" \/>\n<link rel=\"canonical\" href=\"https:\/\/www.lojamelhordosul.com.br\/site\/produto\/central-pabx-impacta-68-base\/\" \/>\n<meta property=\"og:locale\" content=\"pt_BR\" \/>\n<meta property=\"og:type\" content=\"article\" \/>\n<meta property=\"og:title\" content=\"Central Pabx Impacta 68i Base - Loja Melhor do Sul Sistemas de Seguran\u00e7a\" \/>\n<meta property=\"og:description\" content=\"A linha Impacta \u00e9 composta por centrais PABX de comunica\u00e7\u00e3o h\u00edbrida que integram as tecnologias anal\u00f3gica, digital e IP. Ideais para micro e pequenas empresas que buscam melhorar a qualidade e a capacidade de comunica\u00e7\u00e3o, as centrais Impacta oferecem diversas fun\u00e7\u00f5es sem muito investimento. Al\u00e9m de apresentarem as fun\u00e7\u00f5es habituais de um PABX, elas podem &hellip; Continuar lendo Central Pabx Impacta 68i Base\" \/>\n<meta property=\"og:url\" content=\"https:\/\/www.lojamelhordosul.com.br\/site\/produto\/central-pabx-impacta-68-base\/\" \/>\n<meta property=\"og:site_name\" content=\"Loja Melhor do Sul Sistemas de Seguran\u00e7a\" \/>\n<meta property=\"article:modified_time\" content=\"2026-03-13T19:05:24+00:00\" \/>\n<meta property=\"og:image\" content=\"https:\/\/www.lojamelhordosul.com.br\/site\/wp-content\/uploads\/2021\/11\/68.jpg\" \/>\n\t<meta property=\"og:image:width\" content=\"1000\" \/>\n\t<meta property=\"og:image:height\" content=\"1000\" \/>\n\t<meta property=\"og:image:type\" content=\"image\/jpeg\" \/>\n<meta name=\"twitter:card\" content=\"summary_large_image\" \/>\n<meta name=\"twitter:label1\" content=\"Est. tempo de leitura\" \/>\n\t<meta name=\"twitter:data1\" content=\"3 minutos\" \/>\n<script type=\"application\/ld+json\" class=\"yoast-schema-graph\">{\"@context\":\"https:\\\/\\\/schema.org\",\"@graph\":[{\"@type\":\"WebPage\",\"@id\":\"https:\\\/\\\/www.lojamelhordosul.com.br\\\/site\\\/produto\\\/central-pabx-impacta-68-base\\\/\",\"url\":\"https:\\\/\\\/www.lojamelhordosul.com.br\\\/site\\\/produto\\\/central-pabx-impacta-68-base\\\/\",\"name\":\"Central Pabx Impacta 68i Base - Loja Melhor do Sul Sistemas de Seguran\u00e7a\",\"isPartOf\":{\"@id\":\"https:\\\/\\\/www.lojamelhordosul.com.br\\\/site\\\/#website\"},\"primaryImageOfPage\":{\"@id\":\"https:\\\/\\\/www.lojamelhordosul.com.br\\\/site\\\/produto\\\/central-pabx-impacta-68-base\\\/#primaryimage\"},\"image\":{\"@id\":\"https:\\\/\\\/www.lojamelhordosul.com.br\\\/site\\\/produto\\\/central-pabx-impacta-68-base\\\/#primaryimage\"},\"thumbnailUrl\":\"https:\\\/\\\/www.lojamelhordosul.com.br\\\/site\\\/wp-content\\\/uploads\\\/2021\\\/11\\\/68.jpg\",\"datePublished\":\"2021-11-22T18:06:44+00:00\",\"dateModified\":\"2026-03-13T19:05:24+00:00\",\"breadcrumb\":{\"@id\":\"https:\\\/\\\/www.lojamelhordosul.com.br\\\/site\\\/produto\\\/central-pabx-impacta-68-base\\\/#breadcrumb\"},\"inLanguage\":\"pt-BR\",\"potentialAction\":[{\"@type\":\"ReadAction\",\"target\":[\"https:\\\/\\\/www.lojamelhordosul.com.br\\\/site\\\/produto\\\/central-pabx-impacta-68-base\\\/\"]}]},{\"@type\":\"ImageObject\",\"inLanguage\":\"pt-BR\",\"@id\":\"https:\\\/\\\/www.lojamelhordosul.com.br\\\/site\\\/produto\\\/central-pabx-impacta-68-base\\\/#primaryimage\",\"url\":\"https:\\\/\\\/www.lojamelhordosul.com.br\\\/site\\\/wp-content\\\/uploads\\\/2021\\\/11\\\/68.jpg\",\"contentUrl\":\"https:\\\/\\\/www.lojamelhordosul.com.br\\\/site\\\/wp-content\\\/uploads\\\/2021\\\/11\\\/68.jpg\",\"width\":1000,\"height\":1000},{\"@type\":\"BreadcrumbList\",\"@id\":\"https:\\\/\\\/www.lojamelhordosul.com.br\\\/site\\\/produto\\\/central-pabx-impacta-68-base\\\/#breadcrumb\",\"itemListElement\":[{\"@type\":\"ListItem\",\"position\":1,\"name\":\"In\u00edcio\",\"item\":\"https:\\\/\\\/www.lojamelhordosul.com.br\\\/site\\\/\"},{\"@type\":\"ListItem\",\"position\":2,\"name\":\"Loja\",\"item\":\"https:\\\/\\\/www.lojamelhordosul.com.br\\\/site\\\/loja\\\/\"},{\"@type\":\"ListItem\",\"position\":3,\"name\":\"Central Pabx Impacta 68i Base\"}]},{\"@type\":\"WebSite\",\"@id\":\"https:\\\/\\\/www.lojamelhordosul.com.br\\\/site\\\/#website\",\"url\":\"https:\\\/\\\/www.lojamelhordosul.com.br\\\/site\\\/\",\"name\":\"Loja Melhor do Sul Sistemas de Seguran\u00e7a\",\"description\":\"Loja Melhor do Sul - Revenda Ouro Intelbras em Porto Alegre\",\"publisher\":{\"@id\":\"https:\\\/\\\/www.lojamelhordosul.com.br\\\/site\\\/#organization\"},\"potentialAction\":[{\"@type\":\"SearchAction\",\"target\":{\"@type\":\"EntryPoint\",\"urlTemplate\":\"https:\\\/\\\/www.lojamelhordosul.com.br\\\/site\\\/?s={search_term_string}\"},\"query-input\":{\"@type\":\"PropertyValueSpecification\",\"valueRequired\":true,\"valueName\":\"search_term_string\"}}],\"inLanguage\":\"pt-BR\"},{\"@type\":\"Organization\",\"@id\":\"https:\\\/\\\/www.lojamelhordosul.com.br\\\/site\\\/#organization\",\"name\":\"Loja Melhor do Sul\",\"url\":\"https:\\\/\\\/www.lojamelhordosul.com.br\\\/site\\\/\",\"logo\":{\"@type\":\"ImageObject\",\"inLanguage\":\"pt-BR\",\"@id\":\"https:\\\/\\\/www.lojamelhordosul.com.br\\\/site\\\/#\\\/schema\\\/logo\\\/image\\\/\",\"url\":\"https:\\\/\\\/www.lojamelhordosul.com.br\\\/site\\\/wp-content\\\/uploads\\\/2019\\\/10\\\/logo-longo-da-loja.png\",\"contentUrl\":\"https:\\\/\\\/www.lojamelhordosul.com.br\\\/site\\\/wp-content\\\/uploads\\\/2019\\\/10\\\/logo-longo-da-loja.png\",\"width\":597,\"height\":114,\"caption\":\"Loja Melhor do Sul\"},\"image\":{\"@id\":\"https:\\\/\\\/www.lojamelhordosul.com.br\\\/site\\\/#\\\/schema\\\/logo\\\/image\\\/\"}}]}<\/script>\n<!-- \/ Yoast SEO plugin. -->","yoast_head_json":{"title":"Central Pabx Impacta 68i Base - Loja Melhor do Sul Sistemas de Seguran\u00e7a","robots":{"index":"index","follow":"follow","max-snippet":"max-snippet:-1","max-image-preview":"max-image-preview:large","max-video-preview":"max-video-preview:-1"},"canonical":"https:\/\/www.lojamelhordosul.com.br\/site\/produto\/central-pabx-impacta-68-base\/","og_locale":"pt_BR","og_type":"article","og_title":"Central Pabx Impacta 68i Base - Loja Melhor do Sul Sistemas de Seguran\u00e7a","og_description":"A linha Impacta \u00e9 composta por centrais PABX de comunica\u00e7\u00e3o h\u00edbrida que integram as tecnologias anal\u00f3gica, digital e IP. Ideais para micro e pequenas empresas que buscam melhorar a qualidade e a capacidade de comunica\u00e7\u00e3o, as centrais Impacta oferecem diversas fun\u00e7\u00f5es sem muito investimento. Al\u00e9m de apresentarem as fun\u00e7\u00f5es habituais de um PABX, elas podem &hellip; Continuar lendo Central Pabx Impacta 68i Base","og_url":"https:\/\/www.lojamelhordosul.com.br\/site\/produto\/central-pabx-impacta-68-base\/","og_site_name":"Loja Melhor do Sul Sistemas de Seguran\u00e7a","article_modified_time":"2026-03-13T19:05:24+00:00","og_image":[{"width":1000,"height":1000,"url":"https:\/\/www.lojamelhordosul.com.br\/site\/wp-content\/uploads\/2021\/11\/68.jpg","type":"image\/jpeg"}],"twitter_card":"summary_large_image","twitter_misc":{"Est. tempo de leitura":"3 minutos"},"schema":{"@context":"https:\/\/schema.org","@graph":[{"@type":"WebPage","@id":"https:\/\/www.lojamelhordosul.com.br\/site\/produto\/central-pabx-impacta-68-base\/","url":"https:\/\/www.lojamelhordosul.com.br\/site\/produto\/central-pabx-impacta-68-base\/","name":"Central Pabx Impacta 68i Base - Loja Melhor do Sul Sistemas de Seguran\u00e7a","isPartOf":{"@id":"https:\/\/www.lojamelhordosul.com.br\/site\/#website"},"primaryImageOfPage":{"@id":"https:\/\/www.lojamelhordosul.com.br\/site\/produto\/central-pabx-impacta-68-base\/#primaryimage"},"image":{"@id":"https:\/\/www.lojamelhordosul.com.br\/site\/produto\/central-pabx-impacta-68-base\/#primaryimage"},"thumbnailUrl":"https:\/\/www.lojamelhordosul.com.br\/site\/wp-content\/uploads\/2021\/11\/68.jpg","datePublished":"2021-11-22T18:06:44+00:00","dateModified":"2026-03-13T19:05:24+00:00","breadcrumb":{"@id":"https:\/\/www.lojamelhordosul.com.br\/site\/produto\/central-pabx-impacta-68-base\/#breadcrumb"},"inLanguage":"pt-BR","potentialAction":[{"@type":"ReadAction","target":["https:\/\/www.lojamelhordosul.com.br\/site\/produto\/central-pabx-impacta-68-base\/"]}]},{"@type":"ImageObject","inLanguage":"pt-BR","@id":"https:\/\/www.lojamelhordosul.com.br\/site\/produto\/central-pabx-impacta-68-base\/#primaryimage","url":"https:\/\/www.lojamelhordosul.com.br\/site\/wp-content\/uploads\/2021\/11\/68.jpg","contentUrl":"https:\/\/www.lojamelhordosul.com.br\/site\/wp-content\/uploads\/2021\/11\/68.jpg","width":1000,"height":1000},{"@type":"BreadcrumbList","@id":"https:\/\/www.lojamelhordosul.com.br\/site\/produto\/central-pabx-impacta-68-base\/#breadcrumb","itemListElement":[{"@type":"ListItem","position":1,"name":"In\u00edcio","item":"https:\/\/www.lojamelhordosul.com.br\/site\/"},{"@type":"ListItem","position":2,"name":"Loja","item":"https:\/\/www.lojamelhordosul.com.br\/site\/loja\/"},{"@type":"ListItem","position":3,"name":"Central Pabx Impacta 68i Base"}]},{"@type":"WebSite","@id":"https:\/\/www.lojamelhordosul.com.br\/site\/#website","url":"https:\/\/www.lojamelhordosul.com.br\/site\/","name":"Loja Melhor do Sul Sistemas de Seguran\u00e7a","description":"Loja Melhor do Sul - Revenda Ouro Intelbras em Porto Alegre","publisher":{"@id":"https:\/\/www.lojamelhordosul.com.br\/site\/#organization"},"potentialAction":[{"@type":"SearchAction","target":{"@type":"EntryPoint","urlTemplate":"https:\/\/www.lojamelhordosul.com.br\/site\/?s={search_term_string}"},"query-input":{"@type":"PropertyValueSpecification","valueRequired":true,"valueName":"search_term_string"}}],"inLanguage":"pt-BR"},{"@type":"Organization","@id":"https:\/\/www.lojamelhordosul.com.br\/site\/#organization","name":"Loja Melhor do Sul","url":"https:\/\/www.lojamelhordosul.com.br\/site\/","logo":{"@type":"ImageObject","inLanguage":"pt-BR","@id":"https:\/\/www.lojamelhordosul.com.br\/site\/#\/schema\/logo\/image\/","url":"https:\/\/www.lojamelhordosul.com.br\/site\/wp-content\/uploads\/2019\/10\/logo-longo-da-loja.png","contentUrl":"https:\/\/www.lojamelhordosul.com.br\/site\/wp-content\/uploads\/2019\/10\/logo-longo-da-loja.png","width":597,"height":114,"caption":"Loja Melhor do Sul"},"image":{"@id":"https:\/\/www.lojamelhordosul.com.br\/site\/#\/schema\/logo\/image\/"}}]}},"_links":{"self":[{"href":"https:\/\/www.lojamelhordosul.com.br\/site\/wp-json\/wp\/v2\/product\/12479","targetHints":{"allow":["GET"]}}],"collection":[{"href":"https:\/\/www.lojamelhordosul.com.br\/site\/wp-json\/wp\/v2\/product"}],"about":[{"href":"https:\/\/www.lojamelhordosul.com.br\/site\/wp-json\/wp\/v2\/types\/product"}],"replies":[{"embeddable":true,"href":"https:\/\/www.lojamelhordosul.com.br\/site\/wp-json\/wp\/v2\/comments?post=12479"}],"wp:featuredmedia":[{"embeddable":true,"href":"https:\/\/www.lojamelhordosul.com.br\/site\/wp-json\/wp\/v2\/media\/12480"}],"wp:attachment":[{"href":"https:\/\/www.lojamelhordosul.com.br\/site\/wp-json\/wp\/v2\/media?parent=12479"}],"wp:term":[{"taxonomy":"product_brand","embeddable":true,"href":"https:\/\/www.lojamelhordosul.com.br\/site\/wp-json\/wp\/v2\/product_brand?post=12479"},{"taxonomy":"product_cat","embeddable":true,"href":"https:\/\/www.lojamelhordosul.com.br\/site\/wp-json\/wp\/v2\/product_cat?post=12479"},{"taxonomy":"product_tag","embeddable":true,"href":"https:\/\/www.lojamelhordosul.com.br\/site\/wp-json\/wp\/v2\/product_tag?post=12479"}],"curies":[{"name":"wp","href":"https:\/\/api.w.org\/{rel}","templated":true}]}}