{"id":12592,"date":"2022-01-24T17:02:37","date_gmt":"2022-01-24T20:02:37","guid":{"rendered":"https:\/\/www.lojamelhordosul.com.br\/site\/?post_type=product&#038;p=12592"},"modified":"2026-02-05T11:09:21","modified_gmt":"2026-02-05T14:09:21","slug":"camera-wi-fi-full-hd-1080p-30m-visao-noturna-zoom-audio-mibo-im5-s-32gb","status":"publish","type":"product","link":"https:\/\/www.lojamelhordosul.com.br\/site\/produto\/camera-wi-fi-full-hd-1080p-30m-visao-noturna-zoom-audio-mibo-im5-s-32gb\/","title":{"rendered":"CAMERA DE VIDEO WI-FI FULL HD IM5 SC C\/ MICROSD 32GB &#8211; MIBO SMART"},"content":{"rendered":"<div class=\"wpb-content-wrapper\"><p style=\"text-align: center;\"><img decoding=\"async\" src=\"https:\/\/www.lojamelhordosul.com.br\/site\/wp-content\/uploads\/2020\/06\/Logo-Site-2020.png\" \/><\/p>\n<div class=\"vc_row wpb_row vc_row-fluid\">\n<div class=\"container\">\n<div class=\"row\">\n<div class=\"wpb_column vc_column_container vc_col-md-6\">\n<div class=\"vc_column-inner \">\n<div class=\"wpb_wrapper\">\n<div class=\"wpb_text_column wpb_content_element \">\n<div class=\"wpb_wrapper\">\n<div class=\"mt2 mb2 \">\n<h2 class=\"weight--small-300 weight--large-200 h3\">Intelig\u00eancia artificial<\/h2>\n<\/div>\n<div class=\"text text--300\">\n<div class=\"block-template overflow-hidden\">\n<p>A iM5 S detecta e diferencia a presen\u00e7a de pessoas, enviando uma notifica\u00e7\u00e3o ao seu celular sempre que um visitante chegar ao local monitorado.<\/p>\n<\/div>\n<\/div>\n<\/div>\n<\/div>\n<\/div>\n<\/div>\n<\/div>\n<div class=\"wpb_column vc_column_container vc_col-md-6\">\n<div class=\"vc_column-inner \">\n<div class=\"wpb_wrapper\">\n<div class=\"wpb_single_image widget wpb_content_element vc_align_left\">\n<figure class=\"wpb_wrapper vc_figure\">\n<div class=\"vc_single_image-wrapper vc_box_border_grey\"><img decoding=\"async\" class=\"vc_single_image-img litespeed-loaded\" src=\"https:\/\/backend.intelbras.com\/sites\/default\/files\/styles\/large\/public\/2021-04\/im5-s-camera-externa-inteligente-wifi-com-inteligencia-artificial.jpg\" data-lazyloaded=\"1\" data-src=\"https:\/\/backend.intelbras.com\/sites\/default\/files\/styles\/large\/public\/2021-04\/im5-s-camera-externa-inteligente-wifi-com-inteligencia-artificial.jpg\" data-was-processed=\"true\" \/><\/div>\n<div class=\"description\"><\/div>\n<\/figure>\n<\/div>\n<\/div>\n<\/div>\n<\/div>\n<\/div>\n<\/div>\n<\/div>\n<div class=\"vc_row wpb_row vc_row-fluid\">\n<div class=\"container\">\n<div class=\"row\">\n<div class=\"wpb_column vc_column_container vc_col-md-6\">\n<div class=\"vc_column-inner \">\n<div class=\"wpb_wrapper\">\n<div class=\"wpb_single_image widget wpb_content_element vc_align_left\">\n<figure class=\"wpb_wrapper vc_figure\">\n<div class=\"vc_single_image-wrapper vc_box_border_grey\"><img decoding=\"async\" class=\"vc_single_image-img litespeed-loaded\" src=\"https:\/\/backend.intelbras.com\/sites\/default\/files\/styles\/large\/public\/2021-04\/im5-s-camera-externa-inteligente-wifi-protecao-contra-chuva-e-poeira.jpg\" data-lazyloaded=\"1\" data-src=\"https:\/\/backend.intelbras.com\/sites\/default\/files\/styles\/large\/public\/2021-04\/im5-s-camera-externa-inteligente-wifi-protecao-contra-chuva-e-poeira.jpg\" data-was-processed=\"true\" \/><\/div>\n<div class=\"description\"><\/div>\n<\/figure>\n<\/div>\n<\/div>\n<\/div>\n<\/div>\n<div class=\"wpb_column vc_column_container vc_col-md-6\">\n<div class=\"vc_column-inner \">\n<div class=\"wpb_wrapper\">\n<div class=\"wpb_text_column wpb_content_element \">\n<div class=\"wpb_wrapper\">\n<div class=\"mt2 mb2 \">\n<h2 class=\"weight--small-300 weight--large-200 h3\">Prote\u00e7\u00e3o contra chuva e poeira<\/h2>\n<\/div>\n<div class=\"text text--300\">\n<div class=\"block-template overflow-hidden\">\n<p>Com prote\u00e7\u00e3o IP67, a iM5 S \u00e9 a c\u00e2mera ideal para proteger os ambientes externos, pois tem alta resist\u00eancia \u00e0 chuva e poeira.<\/p>\n<\/div>\n<\/div>\n<\/div>\n<\/div>\n<\/div>\n<\/div>\n<\/div>\n<\/div>\n<\/div>\n<\/div>\n<div class=\"vc_row wpb_row vc_row-fluid\">\n<div class=\"container\">\n<div class=\"row\">\n<div class=\"wpb_column vc_column_container vc_col-md-6\">\n<div class=\"vc_column-inner \">\n<div class=\"wpb_wrapper\">\n<div class=\"wpb_text_column wpb_content_element \">\n<div class=\"wpb_wrapper\">\n<div class=\"mt2 mb2 \">\n<h2 class=\"weight--small-300 weight--large-200 h3\">Imagens em alta defini\u00e7\u00e3o e amplo campo de vis\u00e3o<\/h2>\n<\/div>\n<div class=\"text text--300\">\n<div class=\"block-template overflow-hidden\">\n<p>A c\u00e2mera captura imagens em qualidade Full HD, al\u00e9m de possuir campo de vis\u00e3o de 120\u00b0 e zoom digital de 16\u00d7: para voc\u00ea n\u00e3o perder nenhum detalhe.<\/p>\n<\/div>\n<\/div>\n<\/div>\n<\/div>\n<\/div>\n<\/div>\n<\/div>\n<div class=\"wpb_column vc_column_container vc_col-md-6\">\n<div class=\"vc_column-inner \">\n<div class=\"wpb_wrapper\">\n<div class=\"wpb_single_image widget wpb_content_element vc_align_left\">\n<figure class=\"wpb_wrapper vc_figure\">\n<div class=\"vc_single_image-wrapper vc_box_border_grey\"><img decoding=\"async\" class=\"vc_single_image-img litespeed-loaded\" src=\"https:\/\/backend.intelbras.com\/sites\/default\/files\/styles\/large\/public\/2021-04\/im5-s-camera-externa-inteligente-wifi-com-imagens-em-alta-definicao-e-amplo-campo-de-visao.jpg\" data-lazyloaded=\"1\" data-src=\"https:\/\/backend.intelbras.com\/sites\/default\/files\/styles\/large\/public\/2021-04\/im5-s-camera-externa-inteligente-wifi-com-imagens-em-alta-definicao-e-amplo-campo-de-visao.jpg\" data-was-processed=\"true\" \/><\/div>\n<div class=\"description\"><\/div>\n<\/figure>\n<\/div>\n<\/div>\n<\/div>\n<\/div>\n<\/div>\n<\/div>\n<\/div>\n<div class=\"vc_row wpb_row vc_row-fluid\">\n<div class=\"container\">\n<div class=\"row\">\n<div class=\"wpb_column vc_column_container vc_col-md-6\">\n<div class=\"vc_column-inner \">\n<div class=\"wpb_wrapper\">\n<div class=\"wpb_single_image widget wpb_content_element vc_align_left\">\n<figure class=\"wpb_wrapper vc_figure\">\n<div class=\"vc_single_image-wrapper vc_box_border_grey\"><img decoding=\"async\" class=\"vc_single_image-img litespeed-loaded\" src=\"https:\/\/backend.intelbras.com\/sites\/default\/files\/styles\/large\/public\/2021-04\/im5-s-camera-externa-inteligente-wifi-com-microfone-interno.jpg\" data-lazyloaded=\"1\" data-src=\"https:\/\/backend.intelbras.com\/sites\/default\/files\/styles\/large\/public\/2021-04\/im5-s-camera-externa-inteligente-wifi-com-microfone-interno.jpg\" data-was-processed=\"true\" \/><\/div>\n<div class=\"description\"><\/div>\n<\/figure>\n<\/div>\n<\/div>\n<\/div>\n<\/div>\n<div class=\"wpb_column vc_column_container vc_col-md-6\">\n<div class=\"vc_column-inner \">\n<div class=\"wpb_wrapper\">\n<div class=\"wpb_text_column wpb_content_element \">\n<div class=\"wpb_wrapper\">\n<div class=\"mt2 mb2 \">\n<h2 class=\"weight--small-300 weight--large-200 h3\">Microfone interno<\/h2>\n<\/div>\n<div class=\"text text--300\">\n<div class=\"block-template overflow-hidden\">\n<p>Escute tudo o que acontece do lado de fora de sua casa e tenha um monitoramento muito mais completo.<\/p>\n<\/div>\n<\/div>\n<\/div>\n<\/div>\n<\/div>\n<\/div>\n<\/div>\n<\/div>\n<\/div>\n<\/div>\n<div class=\"vc_row wpb_row vc_row-fluid\">\n<div class=\"container\">\n<div class=\"row\">\n<div class=\"wpb_column vc_column_container vc_col-md-6\">\n<div class=\"vc_column-inner \">\n<div class=\"wpb_wrapper\">\n<div class=\"wpb_text_column wpb_content_element \">\n<div class=\"wpb_wrapper\">\n<div class=\"mt2 mb2 \">\n<h2 class=\"weight--small-300 weight--large-200 h3\">Multiarmazenamento<\/h2>\n<\/div>\n<div class=\"text text--300\">\n<div class=\"block-template overflow-hidden\">\n<p>Tenha os momentos importantes guardados com seguran\u00e7a em cart\u00e3o micro-SD\u00b9, em DVR\/NVR com tecnologia Onvif ou em nuvem, atrav\u00e9s do Mibo Cloud\u00b2.<\/p>\n<p>\u00b9 Vendido separadamente. \u00b2 Servi\u00e7o dispon\u00edvel atrav\u00e9s de aquisi\u00e7\u00e3o, n\u00e3o faz parte das funcionalidades padr\u00e3o do produto. Os planos s\u00e3o individuais. Ou seja, \u00e9 necess\u00e1rio contratar um plano para cada c\u00e2mera Mibo.<\/p>\n<\/div>\n<\/div>\n<\/div>\n<\/div>\n<\/div>\n<\/div>\n<\/div>\n<div class=\"wpb_column vc_column_container vc_col-md-6\">\n<div class=\"vc_column-inner \">\n<div class=\"wpb_wrapper\">\n<div class=\"wpb_single_image widget wpb_content_element vc_align_left\">\n<figure class=\"wpb_wrapper vc_figure\">\n<div class=\"vc_single_image-wrapper vc_box_border_grey\"><img decoding=\"async\" class=\"vc_single_image-img litespeed-loaded\" src=\"https:\/\/backend.intelbras.com\/sites\/default\/files\/styles\/large\/public\/2021-04\/im5-s-camera-externa-inteligente-wifi-com-plano-de-multiarmazenamento.jpg\" data-lazyloaded=\"1\" data-src=\"https:\/\/backend.intelbras.com\/sites\/default\/files\/styles\/large\/public\/2021-04\/im5-s-camera-externa-inteligente-wifi-com-plano-de-multiarmazenamento.jpg\" data-was-processed=\"true\" \/><\/div>\n<\/figure>\n<\/div>\n<\/div>\n<\/div>\n<\/div>\n<\/div>\n<\/div>\n<\/div>\n<\/div>","protected":false},"excerpt":{"rendered":"<p>Intelig\u00eancia artificial A iM5 S detecta e diferencia a presen\u00e7a de pessoas, enviando uma notifica\u00e7\u00e3o ao seu celular sempre que um visitante chegar ao local monitorado. Prote\u00e7\u00e3o contra chuva e poeira Com prote\u00e7\u00e3o IP67, a iM5 S \u00e9 a c\u00e2mera ideal para proteger os ambientes externos, pois tem alta resist\u00eancia \u00e0 chuva e poeira. Imagens &hellip; <a href=\"https:\/\/www.lojamelhordosul.com.br\/site\/produto\/camera-wi-fi-full-hd-1080p-30m-visao-noturna-zoom-audio-mibo-im5-s-32gb\/\" class=\"more-link\">Continuar lendo <span class=\"screen-reader-text\">CAMERA DE VIDEO WI-FI FULL HD IM5 SC C\/ MICROSD 32GB &#8211; MIBO SMART<\/span><\/a><\/p>\n","protected":false},"featured_media":13532,"comment_status":"closed","ping_status":"closed","template":"","meta":[],"product_brand":[],"product_cat":[1838,2643,2644],"product_tag":[],"class_list":{"0":"post-12592","1":"product","2":"type-product","3":"status-publish","4":"has-post-thumbnail","6":"product_cat-cameras-de-seguranca","7":"product_cat-cameras-wifi-seguranca","8":"product_cat-cameras-wifi-mibo","10":"first","11":"instock","12":"sale","13":"shipping-taxable","14":"purchasable","15":"product-type-simple"},"yoast_head":"<!-- This site is optimized with the Yoast SEO plugin v27.5 - https:\/\/yoast.com\/product\/yoast-seo-wordpress\/ -->\n<title>CAMERA DE VIDEO WI-FI FULL HD IM5 SC C\/ MICROSD 32GB - MIBO SMART - Loja Melhor do Sul Sistemas de Seguran\u00e7a<\/title>\n<meta name=\"robots\" content=\"index, follow, max-snippet:-1, max-image-preview:large, max-video-preview:-1\" \/>\n<link rel=\"canonical\" href=\"https:\/\/www.lojamelhordosul.com.br\/site\/produto\/camera-wi-fi-full-hd-1080p-30m-visao-noturna-zoom-audio-mibo-im5-s-32gb\/\" \/>\n<meta property=\"og:locale\" content=\"pt_BR\" \/>\n<meta property=\"og:type\" content=\"article\" \/>\n<meta property=\"og:title\" content=\"CAMERA DE VIDEO WI-FI FULL HD IM5 SC C\/ MICROSD 32GB - MIBO SMART - Loja Melhor do Sul Sistemas de Seguran\u00e7a\" \/>\n<meta property=\"og:description\" content=\"Intelig\u00eancia artificial A iM5 S detecta e diferencia a presen\u00e7a de pessoas, enviando uma notifica\u00e7\u00e3o ao seu celular sempre que um visitante chegar ao local monitorado. Prote\u00e7\u00e3o contra chuva e poeira Com prote\u00e7\u00e3o IP67, a iM5 S \u00e9 a c\u00e2mera ideal para proteger os ambientes externos, pois tem alta resist\u00eancia \u00e0 chuva e poeira. Imagens &hellip; Continuar lendo CAMERA DE VIDEO WI-FI FULL HD IM5 SC C\/ MICROSD 32GB &#8211; MIBO SMART\" \/>\n<meta property=\"og:url\" content=\"https:\/\/www.lojamelhordosul.com.br\/site\/produto\/camera-wi-fi-full-hd-1080p-30m-visao-noturna-zoom-audio-mibo-im5-s-32gb\/\" \/>\n<meta property=\"og:site_name\" content=\"Loja Melhor do Sul Sistemas de Seguran\u00e7a\" \/>\n<meta property=\"article:modified_time\" content=\"2026-02-05T14:09:21+00:00\" \/>\n<meta property=\"og:image\" content=\"https:\/\/www.lojamelhordosul.com.br\/site\/wp-content\/uploads\/2022\/01\/100x-6.png\" \/>\n\t<meta property=\"og:image:width\" content=\"1200\" \/>\n\t<meta property=\"og:image:height\" content=\"1200\" \/>\n\t<meta property=\"og:image:type\" content=\"image\/png\" \/>\n<meta name=\"twitter:card\" content=\"summary_large_image\" \/>\n<meta name=\"twitter:label1\" content=\"Est. tempo de leitura\" \/>\n\t<meta name=\"twitter:data1\" content=\"3 minutos\" \/>\n<script type=\"application\/ld+json\" class=\"yoast-schema-graph\">{\"@context\":\"https:\\\/\\\/schema.org\",\"@graph\":[{\"@type\":\"WebPage\",\"@id\":\"https:\\\/\\\/www.lojamelhordosul.com.br\\\/site\\\/produto\\\/camera-wi-fi-full-hd-1080p-30m-visao-noturna-zoom-audio-mibo-im5-s-32gb\\\/\",\"url\":\"https:\\\/\\\/www.lojamelhordosul.com.br\\\/site\\\/produto\\\/camera-wi-fi-full-hd-1080p-30m-visao-noturna-zoom-audio-mibo-im5-s-32gb\\\/\",\"name\":\"CAMERA DE VIDEO WI-FI FULL HD IM5 SC C\\\/ MICROSD 32GB - MIBO SMART - Loja Melhor do Sul Sistemas de Seguran\u00e7a\",\"isPartOf\":{\"@id\":\"https:\\\/\\\/www.lojamelhordosul.com.br\\\/site\\\/#website\"},\"primaryImageOfPage\":{\"@id\":\"https:\\\/\\\/www.lojamelhordosul.com.br\\\/site\\\/produto\\\/camera-wi-fi-full-hd-1080p-30m-visao-noturna-zoom-audio-mibo-im5-s-32gb\\\/#primaryimage\"},\"image\":{\"@id\":\"https:\\\/\\\/www.lojamelhordosul.com.br\\\/site\\\/produto\\\/camera-wi-fi-full-hd-1080p-30m-visao-noturna-zoom-audio-mibo-im5-s-32gb\\\/#primaryimage\"},\"thumbnailUrl\":\"https:\\\/\\\/www.lojamelhordosul.com.br\\\/site\\\/wp-content\\\/uploads\\\/2022\\\/01\\\/100x-6.png\",\"datePublished\":\"2022-01-24T20:02:37+00:00\",\"dateModified\":\"2026-02-05T14:09:21+00:00\",\"breadcrumb\":{\"@id\":\"https:\\\/\\\/www.lojamelhordosul.com.br\\\/site\\\/produto\\\/camera-wi-fi-full-hd-1080p-30m-visao-noturna-zoom-audio-mibo-im5-s-32gb\\\/#breadcrumb\"},\"inLanguage\":\"pt-BR\",\"potentialAction\":[{\"@type\":\"ReadAction\",\"target\":[\"https:\\\/\\\/www.lojamelhordosul.com.br\\\/site\\\/produto\\\/camera-wi-fi-full-hd-1080p-30m-visao-noturna-zoom-audio-mibo-im5-s-32gb\\\/\"]}]},{\"@type\":\"ImageObject\",\"inLanguage\":\"pt-BR\",\"@id\":\"https:\\\/\\\/www.lojamelhordosul.com.br\\\/site\\\/produto\\\/camera-wi-fi-full-hd-1080p-30m-visao-noturna-zoom-audio-mibo-im5-s-32gb\\\/#primaryimage\",\"url\":\"https:\\\/\\\/www.lojamelhordosul.com.br\\\/site\\\/wp-content\\\/uploads\\\/2022\\\/01\\\/100x-6.png\",\"contentUrl\":\"https:\\\/\\\/www.lojamelhordosul.com.br\\\/site\\\/wp-content\\\/uploads\\\/2022\\\/01\\\/100x-6.png\",\"width\":1200,\"height\":1200},{\"@type\":\"BreadcrumbList\",\"@id\":\"https:\\\/\\\/www.lojamelhordosul.com.br\\\/site\\\/produto\\\/camera-wi-fi-full-hd-1080p-30m-visao-noturna-zoom-audio-mibo-im5-s-32gb\\\/#breadcrumb\",\"itemListElement\":[{\"@type\":\"ListItem\",\"position\":1,\"name\":\"In\u00edcio\",\"item\":\"https:\\\/\\\/www.lojamelhordosul.com.br\\\/site\\\/\"},{\"@type\":\"ListItem\",\"position\":2,\"name\":\"Loja\",\"item\":\"https:\\\/\\\/www.lojamelhordosul.com.br\\\/site\\\/loja\\\/\"},{\"@type\":\"ListItem\",\"position\":3,\"name\":\"CAMERA DE VIDEO WI-FI FULL HD IM5 SC C\\\/ MICROSD 32GB &#8211; MIBO SMART\"}]},{\"@type\":\"WebSite\",\"@id\":\"https:\\\/\\\/www.lojamelhordosul.com.br\\\/site\\\/#website\",\"url\":\"https:\\\/\\\/www.lojamelhordosul.com.br\\\/site\\\/\",\"name\":\"Loja Melhor do Sul Sistemas de Seguran\u00e7a\",\"description\":\"Loja Melhor do Sul - Revenda Ouro Intelbras em Porto Alegre\",\"publisher\":{\"@id\":\"https:\\\/\\\/www.lojamelhordosul.com.br\\\/site\\\/#organization\"},\"potentialAction\":[{\"@type\":\"SearchAction\",\"target\":{\"@type\":\"EntryPoint\",\"urlTemplate\":\"https:\\\/\\\/www.lojamelhordosul.com.br\\\/site\\\/?s={search_term_string}\"},\"query-input\":{\"@type\":\"PropertyValueSpecification\",\"valueRequired\":true,\"valueName\":\"search_term_string\"}}],\"inLanguage\":\"pt-BR\"},{\"@type\":\"Organization\",\"@id\":\"https:\\\/\\\/www.lojamelhordosul.com.br\\\/site\\\/#organization\",\"name\":\"Loja Melhor do Sul\",\"url\":\"https:\\\/\\\/www.lojamelhordosul.com.br\\\/site\\\/\",\"logo\":{\"@type\":\"ImageObject\",\"inLanguage\":\"pt-BR\",\"@id\":\"https:\\\/\\\/www.lojamelhordosul.com.br\\\/site\\\/#\\\/schema\\\/logo\\\/image\\\/\",\"url\":\"https:\\\/\\\/www.lojamelhordosul.com.br\\\/site\\\/wp-content\\\/uploads\\\/2019\\\/10\\\/logo-longo-da-loja.png\",\"contentUrl\":\"https:\\\/\\\/www.lojamelhordosul.com.br\\\/site\\\/wp-content\\\/uploads\\\/2019\\\/10\\\/logo-longo-da-loja.png\",\"width\":597,\"height\":114,\"caption\":\"Loja Melhor do Sul\"},\"image\":{\"@id\":\"https:\\\/\\\/www.lojamelhordosul.com.br\\\/site\\\/#\\\/schema\\\/logo\\\/image\\\/\"}}]}<\/script>\n<!-- \/ Yoast SEO plugin. -->","yoast_head_json":{"title":"CAMERA DE VIDEO WI-FI FULL HD IM5 SC C\/ MICROSD 32GB - MIBO SMART - Loja Melhor do Sul Sistemas de Seguran\u00e7a","robots":{"index":"index","follow":"follow","max-snippet":"max-snippet:-1","max-image-preview":"max-image-preview:large","max-video-preview":"max-video-preview:-1"},"canonical":"https:\/\/www.lojamelhordosul.com.br\/site\/produto\/camera-wi-fi-full-hd-1080p-30m-visao-noturna-zoom-audio-mibo-im5-s-32gb\/","og_locale":"pt_BR","og_type":"article","og_title":"CAMERA DE VIDEO WI-FI FULL HD IM5 SC C\/ MICROSD 32GB - MIBO SMART - Loja Melhor do Sul Sistemas de Seguran\u00e7a","og_description":"Intelig\u00eancia artificial A iM5 S detecta e diferencia a presen\u00e7a de pessoas, enviando uma notifica\u00e7\u00e3o ao seu celular sempre que um visitante chegar ao local monitorado. Prote\u00e7\u00e3o contra chuva e poeira Com prote\u00e7\u00e3o IP67, a iM5 S \u00e9 a c\u00e2mera ideal para proteger os ambientes externos, pois tem alta resist\u00eancia \u00e0 chuva e poeira. Imagens &hellip; Continuar lendo CAMERA DE VIDEO WI-FI FULL HD IM5 SC C\/ MICROSD 32GB &#8211; MIBO SMART","og_url":"https:\/\/www.lojamelhordosul.com.br\/site\/produto\/camera-wi-fi-full-hd-1080p-30m-visao-noturna-zoom-audio-mibo-im5-s-32gb\/","og_site_name":"Loja Melhor do Sul Sistemas de Seguran\u00e7a","article_modified_time":"2026-02-05T14:09:21+00:00","og_image":[{"width":1200,"height":1200,"url":"https:\/\/www.lojamelhordosul.com.br\/site\/wp-content\/uploads\/2022\/01\/100x-6.png","type":"image\/png"}],"twitter_card":"summary_large_image","twitter_misc":{"Est. tempo de leitura":"3 minutos"},"schema":{"@context":"https:\/\/schema.org","@graph":[{"@type":"WebPage","@id":"https:\/\/www.lojamelhordosul.com.br\/site\/produto\/camera-wi-fi-full-hd-1080p-30m-visao-noturna-zoom-audio-mibo-im5-s-32gb\/","url":"https:\/\/www.lojamelhordosul.com.br\/site\/produto\/camera-wi-fi-full-hd-1080p-30m-visao-noturna-zoom-audio-mibo-im5-s-32gb\/","name":"CAMERA DE VIDEO WI-FI FULL HD IM5 SC C\/ MICROSD 32GB - MIBO SMART - Loja Melhor do Sul Sistemas de Seguran\u00e7a","isPartOf":{"@id":"https:\/\/www.lojamelhordosul.com.br\/site\/#website"},"primaryImageOfPage":{"@id":"https:\/\/www.lojamelhordosul.com.br\/site\/produto\/camera-wi-fi-full-hd-1080p-30m-visao-noturna-zoom-audio-mibo-im5-s-32gb\/#primaryimage"},"image":{"@id":"https:\/\/www.lojamelhordosul.com.br\/site\/produto\/camera-wi-fi-full-hd-1080p-30m-visao-noturna-zoom-audio-mibo-im5-s-32gb\/#primaryimage"},"thumbnailUrl":"https:\/\/www.lojamelhordosul.com.br\/site\/wp-content\/uploads\/2022\/01\/100x-6.png","datePublished":"2022-01-24T20:02:37+00:00","dateModified":"2026-02-05T14:09:21+00:00","breadcrumb":{"@id":"https:\/\/www.lojamelhordosul.com.br\/site\/produto\/camera-wi-fi-full-hd-1080p-30m-visao-noturna-zoom-audio-mibo-im5-s-32gb\/#breadcrumb"},"inLanguage":"pt-BR","potentialAction":[{"@type":"ReadAction","target":["https:\/\/www.lojamelhordosul.com.br\/site\/produto\/camera-wi-fi-full-hd-1080p-30m-visao-noturna-zoom-audio-mibo-im5-s-32gb\/"]}]},{"@type":"ImageObject","inLanguage":"pt-BR","@id":"https:\/\/www.lojamelhordosul.com.br\/site\/produto\/camera-wi-fi-full-hd-1080p-30m-visao-noturna-zoom-audio-mibo-im5-s-32gb\/#primaryimage","url":"https:\/\/www.lojamelhordosul.com.br\/site\/wp-content\/uploads\/2022\/01\/100x-6.png","contentUrl":"https:\/\/www.lojamelhordosul.com.br\/site\/wp-content\/uploads\/2022\/01\/100x-6.png","width":1200,"height":1200},{"@type":"BreadcrumbList","@id":"https:\/\/www.lojamelhordosul.com.br\/site\/produto\/camera-wi-fi-full-hd-1080p-30m-visao-noturna-zoom-audio-mibo-im5-s-32gb\/#breadcrumb","itemListElement":[{"@type":"ListItem","position":1,"name":"In\u00edcio","item":"https:\/\/www.lojamelhordosul.com.br\/site\/"},{"@type":"ListItem","position":2,"name":"Loja","item":"https:\/\/www.lojamelhordosul.com.br\/site\/loja\/"},{"@type":"ListItem","position":3,"name":"CAMERA DE VIDEO WI-FI FULL HD IM5 SC C\/ MICROSD 32GB &#8211; MIBO SMART"}]},{"@type":"WebSite","@id":"https:\/\/www.lojamelhordosul.com.br\/site\/#website","url":"https:\/\/www.lojamelhordosul.com.br\/site\/","name":"Loja Melhor do Sul Sistemas de Seguran\u00e7a","description":"Loja Melhor do Sul - Revenda Ouro Intelbras em Porto Alegre","publisher":{"@id":"https:\/\/www.lojamelhordosul.com.br\/site\/#organization"},"potentialAction":[{"@type":"SearchAction","target":{"@type":"EntryPoint","urlTemplate":"https:\/\/www.lojamelhordosul.com.br\/site\/?s={search_term_string}"},"query-input":{"@type":"PropertyValueSpecification","valueRequired":true,"valueName":"search_term_string"}}],"inLanguage":"pt-BR"},{"@type":"Organization","@id":"https:\/\/www.lojamelhordosul.com.br\/site\/#organization","name":"Loja Melhor do Sul","url":"https:\/\/www.lojamelhordosul.com.br\/site\/","logo":{"@type":"ImageObject","inLanguage":"pt-BR","@id":"https:\/\/www.lojamelhordosul.com.br\/site\/#\/schema\/logo\/image\/","url":"https:\/\/www.lojamelhordosul.com.br\/site\/wp-content\/uploads\/2019\/10\/logo-longo-da-loja.png","contentUrl":"https:\/\/www.lojamelhordosul.com.br\/site\/wp-content\/uploads\/2019\/10\/logo-longo-da-loja.png","width":597,"height":114,"caption":"Loja Melhor do Sul"},"image":{"@id":"https:\/\/www.lojamelhordosul.com.br\/site\/#\/schema\/logo\/image\/"}}]}},"_links":{"self":[{"href":"https:\/\/www.lojamelhordosul.com.br\/site\/wp-json\/wp\/v2\/product\/12592","targetHints":{"allow":["GET"]}}],"collection":[{"href":"https:\/\/www.lojamelhordosul.com.br\/site\/wp-json\/wp\/v2\/product"}],"about":[{"href":"https:\/\/www.lojamelhordosul.com.br\/site\/wp-json\/wp\/v2\/types\/product"}],"replies":[{"embeddable":true,"href":"https:\/\/www.lojamelhordosul.com.br\/site\/wp-json\/wp\/v2\/comments?post=12592"}],"wp:featuredmedia":[{"embeddable":true,"href":"https:\/\/www.lojamelhordosul.com.br\/site\/wp-json\/wp\/v2\/media\/13532"}],"wp:attachment":[{"href":"https:\/\/www.lojamelhordosul.com.br\/site\/wp-json\/wp\/v2\/media?parent=12592"}],"wp:term":[{"taxonomy":"product_brand","embeddable":true,"href":"https:\/\/www.lojamelhordosul.com.br\/site\/wp-json\/wp\/v2\/product_brand?post=12592"},{"taxonomy":"product_cat","embeddable":true,"href":"https:\/\/www.lojamelhordosul.com.br\/site\/wp-json\/wp\/v2\/product_cat?post=12592"},{"taxonomy":"product_tag","embeddable":true,"href":"https:\/\/www.lojamelhordosul.com.br\/site\/wp-json\/wp\/v2\/product_tag?post=12592"}],"curies":[{"name":"wp","href":"https:\/\/api.w.org\/{rel}","templated":true}]}}