{"id":12677,"date":"2022-02-24T16:39:26","date_gmt":"2022-02-24T19:39:26","guid":{"rendered":"https:\/\/www.lojamelhordosul.com.br\/site\/?post_type=product&#038;p=12677"},"modified":"2025-07-31T14:26:08","modified_gmt":"2025-07-31T17:26:08","slug":"controle-remoto-portao-eletronico-intelbras-433mhz-ep-02","status":"publish","type":"product","link":"https:\/\/www.lojamelhordosul.com.br\/site\/produto\/controle-remoto-portao-eletronico-intelbras-433mhz-ep-02\/","title":{"rendered":"Controle Remoto Port\u00e3o Eletr\u00f4nico Intelbras 433mhz Ep 02"},"content":{"rendered":"<div class=\"mt2 mb2  \">\n<div class=\"grid-container  \">\n<div class=\"block-mini-banner\" data-ga-name=\"section-mini-banner\">\n<div class=\"grid-x grid-margin-x align-middle\">\n<div class=\"cell medium-auto medium-order-1\">\n<div class=\"block-mini-banner__content\">\n<div class=\"mt2 mb2 \">\n<h2 class=\"weight--small-300 weight--large-200 h3\">Acionamento de longo alcance, fa\u00e7a chuva ou fa\u00e7a sol<\/h2>\n<\/div>\n<div class=\"text text--300\">\n<div class=\"block-template overflow-hidden\">\n<p>Maior conforto e comodidade no acionamento do seu port\u00e3o, sem precisar sair do carro para o controle funcionar.<\/p>\n<\/div>\n<\/div>\n<\/div>\n<\/div>\n<\/div>\n<\/div>\n<\/div>\n<\/div>\n<div class=\"mt2 mb2  \">\n<div class=\"grid-container  \">\n<div class=\"block-mini-banner\" data-ga-name=\"section-mini-banner\">\n<div class=\"grid-x grid-margin-x align-middle\">\n<div class=\"cell medium-6\">\n<div class=\"block-mini-banner__media\">\n<figure class=\"text-center  object-fit--contain\"><img decoding=\"async\" src=\"https:\/\/backend.intelbras.com\/sites\/default\/files\/styles\/large\/public\/2021-03\/ep-02-e-ep-04-controles-remotos-para-automatizadores-de-portao-botoes-com-chave-tact-e-led-indicador.jpg\" alt=\"ep-02-e-ep-04-controles-remotos-para-automatizadores-de-portao-botoes-com-chave-tact-e-led-indicador\" \/><\/figure>\n<\/div>\n<\/div>\n<div class=\"cell medium-auto\">\n<div class=\"block-mini-banner__content\">\n<div class=\"mt2 mb2 \">\n<h2 class=\"weight--small-300 weight--large-200 h3\">Bot\u00f5es com chave tact e LED indicador<\/h2>\n<\/div>\n<div class=\"text text--300\">\n<div class=\"block-template overflow-hidden\">\n<p>Voc\u00ea saber\u00e1 quando o controle for acionado atrav\u00e9s da luz LED e clique do bot\u00e3o, sem toques acidentais e com a seguran\u00e7a do acionamento.<\/p>\n<\/div>\n<\/div>\n<\/div>\n<\/div>\n<\/div>\n<\/div>\n<\/div>\n<\/div>\n<div class=\"mt2 mb2  \">\n<div class=\"grid-container  \">\n<div class=\"block-mini-banner\" data-ga-name=\"section-mini-banner\">\n<div class=\"grid-x grid-margin-x align-middle\">\n<div class=\"cell medium-6 medium-order-2 large-offset-1\">\n<div class=\"block-mini-banner__media\">\n<figure class=\"text-center  object-fit--contain\"><img decoding=\"async\" src=\"https:\/\/backend.intelbras.com\/sites\/default\/files\/styles\/large\/public\/2021-03\/ep-02-e-ep-04-controles-remotos-para-automatizadores-de-portao-compativel-com-a-linha-strat-automatizadores-de-portao.jpg\" alt=\"ep-02-e-ep-04-controles-remotos-para-automatizadores-de-portao-compativel-com-a-linha-strat-automatizadores-de-portao\" \/><\/figure>\n<\/div>\n<\/div>\n<div class=\"cell medium-auto medium-order-1\">\n<div class=\"block-mini-banner__content\">\n<div class=\"mt2 mb2 \">\n<h2 class=\"weight--small-300 weight--large-200 h3\">Compat\u00edvel com a linha Strat Automatizadores de port\u00e3o<\/h2>\n<\/div>\n<div class=\"text text--300\">\n<div class=\"block-template overflow-hidden\">\n<p>Velocidade, robustez e seguran\u00e7a para abertura e fechamento de port\u00f5es Intelbras.<\/p>\n<\/div>\n<\/div>\n<\/div>\n<\/div>\n<\/div>\n<\/div>\n<\/div>\n<\/div>\n","protected":false},"excerpt":{"rendered":"<p>Acionamento de longo alcance, fa\u00e7a chuva ou fa\u00e7a sol Maior conforto e comodidade no acionamento do seu port\u00e3o, sem precisar sair do carro para o controle funcionar. Bot\u00f5es com chave tact e LED indicador Voc\u00ea saber\u00e1 quando o controle for acionado atrav\u00e9s da luz LED e clique do bot\u00e3o, sem toques acidentais e com a &hellip; <a href=\"https:\/\/www.lojamelhordosul.com.br\/site\/produto\/controle-remoto-portao-eletronico-intelbras-433mhz-ep-02\/\" class=\"more-link\">Continuar lendo <span class=\"screen-reader-text\">Controle Remoto Port\u00e3o Eletr\u00f4nico Intelbras 433mhz Ep 02<\/span><\/a><\/p>\n","protected":false},"featured_media":12678,"comment_status":"closed","ping_status":"closed","template":"","meta":[],"product_brand":[],"product_cat":[2812,2809],"product_tag":[],"class_list":{"0":"post-12677","1":"product","2":"type-product","3":"status-publish","4":"has-post-thumbnail","6":"product_cat-acessorios","7":"product_cat-motores","9":"first","10":"instock","11":"shipping-taxable","12":"purchasable","13":"product-type-simple"},"yoast_head":"<!-- This site is optimized with the Yoast SEO plugin v27.3 - https:\/\/yoast.com\/product\/yoast-seo-wordpress\/ -->\n<title>Controle Remoto Port\u00e3o Eletr\u00f4nico Intelbras 433mhz Ep 02 - Loja Melhor do Sul Sistemas de Seguran\u00e7a<\/title>\n<meta name=\"robots\" content=\"index, follow, max-snippet:-1, max-image-preview:large, max-video-preview:-1\" \/>\n<link rel=\"canonical\" href=\"https:\/\/www.lojamelhordosul.com.br\/site\/produto\/controle-remoto-portao-eletronico-intelbras-433mhz-ep-02\/\" \/>\n<meta property=\"og:locale\" content=\"pt_BR\" \/>\n<meta property=\"og:type\" content=\"article\" \/>\n<meta property=\"og:title\" content=\"Controle Remoto Port\u00e3o Eletr\u00f4nico Intelbras 433mhz Ep 02 - Loja Melhor do Sul Sistemas de Seguran\u00e7a\" \/>\n<meta property=\"og:description\" content=\"Acionamento de longo alcance, fa\u00e7a chuva ou fa\u00e7a sol Maior conforto e comodidade no acionamento do seu port\u00e3o, sem precisar sair do carro para o controle funcionar. Bot\u00f5es com chave tact e LED indicador Voc\u00ea saber\u00e1 quando o controle for acionado atrav\u00e9s da luz LED e clique do bot\u00e3o, sem toques acidentais e com a &hellip; Continuar lendo Controle Remoto Port\u00e3o Eletr\u00f4nico Intelbras 433mhz Ep 02\" \/>\n<meta property=\"og:url\" content=\"https:\/\/www.lojamelhordosul.com.br\/site\/produto\/controle-remoto-portao-eletronico-intelbras-433mhz-ep-02\/\" \/>\n<meta property=\"og:site_name\" content=\"Loja Melhor do Sul Sistemas de Seguran\u00e7a\" \/>\n<meta property=\"article:modified_time\" content=\"2025-07-31T17:26:08+00:00\" \/>\n<meta property=\"og:image\" content=\"https:\/\/www.lojamelhordosul.com.br\/site\/wp-content\/uploads\/2022\/02\/ep-02-controle-remoto-para-automatizadores-de-portao-preto-pers-esq.png\" \/>\n\t<meta property=\"og:image:width\" content=\"1200\" \/>\n\t<meta property=\"og:image:height\" content=\"1200\" \/>\n\t<meta property=\"og:image:type\" content=\"image\/png\" \/>\n<meta name=\"twitter:card\" content=\"summary_large_image\" \/>\n<meta name=\"twitter:label1\" content=\"Est. tempo de leitura\" \/>\n\t<meta name=\"twitter:data1\" content=\"1 minuto\" \/>\n<script type=\"application\/ld+json\" class=\"yoast-schema-graph\">{\"@context\":\"https:\\\/\\\/schema.org\",\"@graph\":[{\"@type\":\"WebPage\",\"@id\":\"https:\\\/\\\/www.lojamelhordosul.com.br\\\/site\\\/produto\\\/controle-remoto-portao-eletronico-intelbras-433mhz-ep-02\\\/\",\"url\":\"https:\\\/\\\/www.lojamelhordosul.com.br\\\/site\\\/produto\\\/controle-remoto-portao-eletronico-intelbras-433mhz-ep-02\\\/\",\"name\":\"Controle Remoto Port\u00e3o Eletr\u00f4nico Intelbras 433mhz Ep 02 - Loja Melhor do Sul Sistemas de Seguran\u00e7a\",\"isPartOf\":{\"@id\":\"https:\\\/\\\/www.lojamelhordosul.com.br\\\/site\\\/#website\"},\"primaryImageOfPage\":{\"@id\":\"https:\\\/\\\/www.lojamelhordosul.com.br\\\/site\\\/produto\\\/controle-remoto-portao-eletronico-intelbras-433mhz-ep-02\\\/#primaryimage\"},\"image\":{\"@id\":\"https:\\\/\\\/www.lojamelhordosul.com.br\\\/site\\\/produto\\\/controle-remoto-portao-eletronico-intelbras-433mhz-ep-02\\\/#primaryimage\"},\"thumbnailUrl\":\"https:\\\/\\\/www.lojamelhordosul.com.br\\\/site\\\/wp-content\\\/uploads\\\/2022\\\/02\\\/ep-02-controle-remoto-para-automatizadores-de-portao-preto-pers-esq.png\",\"datePublished\":\"2022-02-24T19:39:26+00:00\",\"dateModified\":\"2025-07-31T17:26:08+00:00\",\"breadcrumb\":{\"@id\":\"https:\\\/\\\/www.lojamelhordosul.com.br\\\/site\\\/produto\\\/controle-remoto-portao-eletronico-intelbras-433mhz-ep-02\\\/#breadcrumb\"},\"inLanguage\":\"pt-BR\",\"potentialAction\":[{\"@type\":\"ReadAction\",\"target\":[\"https:\\\/\\\/www.lojamelhordosul.com.br\\\/site\\\/produto\\\/controle-remoto-portao-eletronico-intelbras-433mhz-ep-02\\\/\"]}]},{\"@type\":\"ImageObject\",\"inLanguage\":\"pt-BR\",\"@id\":\"https:\\\/\\\/www.lojamelhordosul.com.br\\\/site\\\/produto\\\/controle-remoto-portao-eletronico-intelbras-433mhz-ep-02\\\/#primaryimage\",\"url\":\"https:\\\/\\\/www.lojamelhordosul.com.br\\\/site\\\/wp-content\\\/uploads\\\/2022\\\/02\\\/ep-02-controle-remoto-para-automatizadores-de-portao-preto-pers-esq.png\",\"contentUrl\":\"https:\\\/\\\/www.lojamelhordosul.com.br\\\/site\\\/wp-content\\\/uploads\\\/2022\\\/02\\\/ep-02-controle-remoto-para-automatizadores-de-portao-preto-pers-esq.png\",\"width\":1200,\"height\":1200},{\"@type\":\"BreadcrumbList\",\"@id\":\"https:\\\/\\\/www.lojamelhordosul.com.br\\\/site\\\/produto\\\/controle-remoto-portao-eletronico-intelbras-433mhz-ep-02\\\/#breadcrumb\",\"itemListElement\":[{\"@type\":\"ListItem\",\"position\":1,\"name\":\"In\u00edcio\",\"item\":\"https:\\\/\\\/www.lojamelhordosul.com.br\\\/site\\\/\"},{\"@type\":\"ListItem\",\"position\":2,\"name\":\"Loja\",\"item\":\"https:\\\/\\\/www.lojamelhordosul.com.br\\\/site\\\/loja\\\/\"},{\"@type\":\"ListItem\",\"position\":3,\"name\":\"Controle Remoto Port\u00e3o Eletr\u00f4nico Intelbras 433mhz Ep 02\"}]},{\"@type\":\"WebSite\",\"@id\":\"https:\\\/\\\/www.lojamelhordosul.com.br\\\/site\\\/#website\",\"url\":\"https:\\\/\\\/www.lojamelhordosul.com.br\\\/site\\\/\",\"name\":\"Loja Melhor do Sul Sistemas de Seguran\u00e7a\",\"description\":\"Loja Melhor do Sul - Revenda Ouro Intelbras em Porto Alegre\",\"publisher\":{\"@id\":\"https:\\\/\\\/www.lojamelhordosul.com.br\\\/site\\\/#organization\"},\"potentialAction\":[{\"@type\":\"SearchAction\",\"target\":{\"@type\":\"EntryPoint\",\"urlTemplate\":\"https:\\\/\\\/www.lojamelhordosul.com.br\\\/site\\\/?s={search_term_string}\"},\"query-input\":{\"@type\":\"PropertyValueSpecification\",\"valueRequired\":true,\"valueName\":\"search_term_string\"}}],\"inLanguage\":\"pt-BR\"},{\"@type\":\"Organization\",\"@id\":\"https:\\\/\\\/www.lojamelhordosul.com.br\\\/site\\\/#organization\",\"name\":\"Loja Melhor do Sul\",\"url\":\"https:\\\/\\\/www.lojamelhordosul.com.br\\\/site\\\/\",\"logo\":{\"@type\":\"ImageObject\",\"inLanguage\":\"pt-BR\",\"@id\":\"https:\\\/\\\/www.lojamelhordosul.com.br\\\/site\\\/#\\\/schema\\\/logo\\\/image\\\/\",\"url\":\"https:\\\/\\\/www.lojamelhordosul.com.br\\\/site\\\/wp-content\\\/uploads\\\/2019\\\/10\\\/logo-longo-da-loja.png\",\"contentUrl\":\"https:\\\/\\\/www.lojamelhordosul.com.br\\\/site\\\/wp-content\\\/uploads\\\/2019\\\/10\\\/logo-longo-da-loja.png\",\"width\":597,\"height\":114,\"caption\":\"Loja Melhor do Sul\"},\"image\":{\"@id\":\"https:\\\/\\\/www.lojamelhordosul.com.br\\\/site\\\/#\\\/schema\\\/logo\\\/image\\\/\"}}]}<\/script>\n<!-- \/ Yoast SEO plugin. -->","yoast_head_json":{"title":"Controle Remoto Port\u00e3o Eletr\u00f4nico Intelbras 433mhz Ep 02 - Loja Melhor do Sul Sistemas de Seguran\u00e7a","robots":{"index":"index","follow":"follow","max-snippet":"max-snippet:-1","max-image-preview":"max-image-preview:large","max-video-preview":"max-video-preview:-1"},"canonical":"https:\/\/www.lojamelhordosul.com.br\/site\/produto\/controle-remoto-portao-eletronico-intelbras-433mhz-ep-02\/","og_locale":"pt_BR","og_type":"article","og_title":"Controle Remoto Port\u00e3o Eletr\u00f4nico Intelbras 433mhz Ep 02 - Loja Melhor do Sul Sistemas de Seguran\u00e7a","og_description":"Acionamento de longo alcance, fa\u00e7a chuva ou fa\u00e7a sol Maior conforto e comodidade no acionamento do seu port\u00e3o, sem precisar sair do carro para o controle funcionar. Bot\u00f5es com chave tact e LED indicador Voc\u00ea saber\u00e1 quando o controle for acionado atrav\u00e9s da luz LED e clique do bot\u00e3o, sem toques acidentais e com a &hellip; Continuar lendo Controle Remoto Port\u00e3o Eletr\u00f4nico Intelbras 433mhz Ep 02","og_url":"https:\/\/www.lojamelhordosul.com.br\/site\/produto\/controle-remoto-portao-eletronico-intelbras-433mhz-ep-02\/","og_site_name":"Loja Melhor do Sul Sistemas de Seguran\u00e7a","article_modified_time":"2025-07-31T17:26:08+00:00","og_image":[{"width":1200,"height":1200,"url":"https:\/\/www.lojamelhordosul.com.br\/site\/wp-content\/uploads\/2022\/02\/ep-02-controle-remoto-para-automatizadores-de-portao-preto-pers-esq.png","type":"image\/png"}],"twitter_card":"summary_large_image","twitter_misc":{"Est. tempo de leitura":"1 minuto"},"schema":{"@context":"https:\/\/schema.org","@graph":[{"@type":"WebPage","@id":"https:\/\/www.lojamelhordosul.com.br\/site\/produto\/controle-remoto-portao-eletronico-intelbras-433mhz-ep-02\/","url":"https:\/\/www.lojamelhordosul.com.br\/site\/produto\/controle-remoto-portao-eletronico-intelbras-433mhz-ep-02\/","name":"Controle Remoto Port\u00e3o Eletr\u00f4nico Intelbras 433mhz Ep 02 - Loja Melhor do Sul Sistemas de Seguran\u00e7a","isPartOf":{"@id":"https:\/\/www.lojamelhordosul.com.br\/site\/#website"},"primaryImageOfPage":{"@id":"https:\/\/www.lojamelhordosul.com.br\/site\/produto\/controle-remoto-portao-eletronico-intelbras-433mhz-ep-02\/#primaryimage"},"image":{"@id":"https:\/\/www.lojamelhordosul.com.br\/site\/produto\/controle-remoto-portao-eletronico-intelbras-433mhz-ep-02\/#primaryimage"},"thumbnailUrl":"https:\/\/www.lojamelhordosul.com.br\/site\/wp-content\/uploads\/2022\/02\/ep-02-controle-remoto-para-automatizadores-de-portao-preto-pers-esq.png","datePublished":"2022-02-24T19:39:26+00:00","dateModified":"2025-07-31T17:26:08+00:00","breadcrumb":{"@id":"https:\/\/www.lojamelhordosul.com.br\/site\/produto\/controle-remoto-portao-eletronico-intelbras-433mhz-ep-02\/#breadcrumb"},"inLanguage":"pt-BR","potentialAction":[{"@type":"ReadAction","target":["https:\/\/www.lojamelhordosul.com.br\/site\/produto\/controle-remoto-portao-eletronico-intelbras-433mhz-ep-02\/"]}]},{"@type":"ImageObject","inLanguage":"pt-BR","@id":"https:\/\/www.lojamelhordosul.com.br\/site\/produto\/controle-remoto-portao-eletronico-intelbras-433mhz-ep-02\/#primaryimage","url":"https:\/\/www.lojamelhordosul.com.br\/site\/wp-content\/uploads\/2022\/02\/ep-02-controle-remoto-para-automatizadores-de-portao-preto-pers-esq.png","contentUrl":"https:\/\/www.lojamelhordosul.com.br\/site\/wp-content\/uploads\/2022\/02\/ep-02-controle-remoto-para-automatizadores-de-portao-preto-pers-esq.png","width":1200,"height":1200},{"@type":"BreadcrumbList","@id":"https:\/\/www.lojamelhordosul.com.br\/site\/produto\/controle-remoto-portao-eletronico-intelbras-433mhz-ep-02\/#breadcrumb","itemListElement":[{"@type":"ListItem","position":1,"name":"In\u00edcio","item":"https:\/\/www.lojamelhordosul.com.br\/site\/"},{"@type":"ListItem","position":2,"name":"Loja","item":"https:\/\/www.lojamelhordosul.com.br\/site\/loja\/"},{"@type":"ListItem","position":3,"name":"Controle Remoto Port\u00e3o Eletr\u00f4nico Intelbras 433mhz Ep 02"}]},{"@type":"WebSite","@id":"https:\/\/www.lojamelhordosul.com.br\/site\/#website","url":"https:\/\/www.lojamelhordosul.com.br\/site\/","name":"Loja Melhor do Sul Sistemas de Seguran\u00e7a","description":"Loja Melhor do Sul - Revenda Ouro Intelbras em Porto Alegre","publisher":{"@id":"https:\/\/www.lojamelhordosul.com.br\/site\/#organization"},"potentialAction":[{"@type":"SearchAction","target":{"@type":"EntryPoint","urlTemplate":"https:\/\/www.lojamelhordosul.com.br\/site\/?s={search_term_string}"},"query-input":{"@type":"PropertyValueSpecification","valueRequired":true,"valueName":"search_term_string"}}],"inLanguage":"pt-BR"},{"@type":"Organization","@id":"https:\/\/www.lojamelhordosul.com.br\/site\/#organization","name":"Loja Melhor do Sul","url":"https:\/\/www.lojamelhordosul.com.br\/site\/","logo":{"@type":"ImageObject","inLanguage":"pt-BR","@id":"https:\/\/www.lojamelhordosul.com.br\/site\/#\/schema\/logo\/image\/","url":"https:\/\/www.lojamelhordosul.com.br\/site\/wp-content\/uploads\/2019\/10\/logo-longo-da-loja.png","contentUrl":"https:\/\/www.lojamelhordosul.com.br\/site\/wp-content\/uploads\/2019\/10\/logo-longo-da-loja.png","width":597,"height":114,"caption":"Loja Melhor do Sul"},"image":{"@id":"https:\/\/www.lojamelhordosul.com.br\/site\/#\/schema\/logo\/image\/"}}]}},"_links":{"self":[{"href":"https:\/\/www.lojamelhordosul.com.br\/site\/wp-json\/wp\/v2\/product\/12677","targetHints":{"allow":["GET"]}}],"collection":[{"href":"https:\/\/www.lojamelhordosul.com.br\/site\/wp-json\/wp\/v2\/product"}],"about":[{"href":"https:\/\/www.lojamelhordosul.com.br\/site\/wp-json\/wp\/v2\/types\/product"}],"replies":[{"embeddable":true,"href":"https:\/\/www.lojamelhordosul.com.br\/site\/wp-json\/wp\/v2\/comments?post=12677"}],"wp:featuredmedia":[{"embeddable":true,"href":"https:\/\/www.lojamelhordosul.com.br\/site\/wp-json\/wp\/v2\/media\/12678"}],"wp:attachment":[{"href":"https:\/\/www.lojamelhordosul.com.br\/site\/wp-json\/wp\/v2\/media?parent=12677"}],"wp:term":[{"taxonomy":"product_brand","embeddable":true,"href":"https:\/\/www.lojamelhordosul.com.br\/site\/wp-json\/wp\/v2\/product_brand?post=12677"},{"taxonomy":"product_cat","embeddable":true,"href":"https:\/\/www.lojamelhordosul.com.br\/site\/wp-json\/wp\/v2\/product_cat?post=12677"},{"taxonomy":"product_tag","embeddable":true,"href":"https:\/\/www.lojamelhordosul.com.br\/site\/wp-json\/wp\/v2\/product_tag?post=12677"}],"curies":[{"name":"wp","href":"https:\/\/api.w.org\/{rel}","templated":true}]}}