{"id":12741,"date":"2022-04-12T17:14:46","date_gmt":"2022-04-12T20:14:46","guid":{"rendered":"https:\/\/www.lojamelhordosul.com.br\/site\/?post_type=product&#038;p=12741"},"modified":"2025-07-31T14:26:13","modified_gmt":"2025-07-31T17:26:13","slug":"sistema-de-alarme-s-fio-contra-roubo-amt-8000-intelbras","status":"publish","type":"product","link":"https:\/\/www.lojamelhordosul.com.br\/site\/produto\/sistema-de-alarme-s-fio-contra-roubo-amt-8000-intelbras\/","title":{"rendered":"kit de Sistema De Alarme S\/ Fio Contra Roubo Amt 8000 &#8211; Intelbras"},"content":{"rendered":"<div class=\"cell medium-6 medium-order-2 large-offset-1\">\n<div class=\"block-mini-banner__media\">\n<figure class=\"text-center object-fit--contain\"><img decoding=\"async\" src=\"https:\/\/backend.intelbras.com\/sites\/default\/files\/styles\/large\/public\/2019-07\/Flyer_digital_Serie_8000_portugues_01-18_03.jpg\" alt=\"Flyer_digital_Serie_8000_portugues_01-18_03\" \/><\/figure>\n<p><span class=\"text text--300\"><em>* Imagem ilustrativa<\/em><\/span><\/p>\n<\/div>\n<\/div>\n<div class=\"cell medium-auto medium-order-1\">\n<div class=\"block-mini-banner__content\">\n<div class=\"mt2 mb2 \">\n<div class=\"mt2 mb2 \">\n<div class=\"grid-container \">\n<div class=\"block-mini-banner\" data-ga-name=\"section-mini-banner\">\n<div class=\"grid-x grid-margin-x align-middle\">\n<div class=\"cell medium-auto medium-order-1\">\n<div class=\"block-mini-banner__content\">\n<div class=\"mt2 mb2 \">\n<h2 class=\"weight--small-300 weight--large-200 h3\">S\u00e9rie 8000<\/h2>\n<\/div>\n<div class=\"text text--300\">\n<div class=\"block-template overflow-hidden\">\n<p>A s\u00e9rie 8000 de alarmes e sensores da Intelbras \u00e9 totalmente sem fio, garantindo praticidade na instala\u00e7\u00e3o e maior alcance de cobertura, al\u00e9m de reduzir custos e fornecer um visual mais clean.<\/p>\n<\/div>\n<\/div>\n<\/div>\n<\/div>\n<\/div>\n<\/div>\n<\/div>\n<\/div>\n<div class=\"mt2 mb2 \">\n<div class=\"grid-container \">\n<div class=\"block-mini-banner\" data-ga-name=\"section-mini-banner\">\n<div class=\"grid-x grid-margin-x align-middle\">\n<div class=\"cell medium-6\">\n<div class=\"block-mini-banner__media\">\n<figure class=\"text-center object-fit--contain\"><img decoding=\"async\" src=\"https:\/\/backend.intelbras.com\/sites\/default\/files\/styles\/large\/public\/2019-07\/Flyer_digital_Serie_8000_portugues_01-18_07.jpg\" alt=\"Flyer_digital_Serie_8000_portugues_01-18_07\" \/><\/figure>\n<p><span class=\"text text--300\"><em>* Imagem ilustrativa<\/em><\/span><\/p>\n<\/div>\n<\/div>\n<div class=\"cell medium-auto\">\n<div class=\"block-mini-banner__content\">\n<div class=\"mt2 mb2 \">\n<h2 class=\"weight--small-300 weight--large-200 h3\">Divis\u00e3o por ambientes<\/h2>\n<\/div>\n<div class=\"text text--300\">\n<div class=\"block-template overflow-hidden\">\n<p>Com capacidade de divis\u00e3o em at\u00e9 16 parti\u00e7\u00f5es, as centrais de alarme da s\u00e9rie 8000 permitem desarmar o sistema em pontos selecionados, mantendo a vigil\u00e2ncia nos outros locais.<\/p>\n<\/div>\n<\/div>\n<\/div>\n<\/div>\n<\/div>\n<\/div>\n<\/div>\n<\/div>\n<div class=\"mt2 mb2 \">\n<div class=\"grid-container \">\n<div class=\"block-mini-banner\" data-ga-name=\"section-mini-banner\">\n<div class=\"grid-x grid-margin-x align-middle\">\n<div class=\"cell medium-6 medium-order-2 large-offset-1\">\n<div class=\"block-mini-banner__media\">\n<figure class=\"text-center object-fit--contain\"><img decoding=\"async\" src=\"https:\/\/backend.intelbras.com\/sites\/default\/files\/styles\/large\/public\/2019-07\/Flyer_digital_Serie_8000_portugues_01-18_11.jpg\" alt=\"Flyer_digital_Serie_8000_portugues_01-18_11\" \/><\/figure>\n<p><span class=\"text text--300\"><em>* Imagem ilustrativa<\/em><\/span><\/p>\n<\/div>\n<\/div>\n<div class=\"cell medium-auto medium-order-1\">\n<div class=\"block-mini-banner__content\">\n<div class=\"mt2 mb2 \">\n<h2 class=\"weight--small-300 weight--large-200 h3\">Software AMT Remoto Mobile<\/h2>\n<\/div>\n<div class=\"text text--300\">\n<div class=\"block-template overflow-hidden\">\n<p>Com o aplicativo AMT Remoto Mobile, \u00e9 poss\u00edvel configurar a sua central de alarme sem complica\u00e7\u00f5es. Ele permite interatividade com todos os dispositivos\u00b9, tornando poss\u00edvel a ativa\u00e7\u00e3o\/desativa\u00e7\u00e3o, visualiza\u00e7\u00e3o de status e anula\u00e7\u00e3o de zonas.<\/p>\n<p>\u00b9 Centrais de alarme com comunica\u00e7\u00e3o IP.<\/p>\n<\/div>\n<\/div>\n<\/div>\n<\/div>\n<\/div>\n<\/div>\n<\/div>\n<\/div>\n<\/div>\n<\/div>\n<\/div>\n","protected":false},"excerpt":{"rendered":"<p>01 &#8211; CENTRAL DE ALARME SEM FIO AMT 8000<br \/>\n01 &#8211; SIRENE SEM FIO XSS 8000<br \/>\n01 &#8211; TECLADO SEM FIO PARA CENTRAIS DE ALARME XAT 8000<br \/>\n01 &#8211; CONTROLE REMOTO XAC 8000<br \/>\n01 &#8211; SENSOR DE ABERTURA MAGN\u00c9TICO SEM FIO XAS 8000<br \/>\n01 &#8211; SENSOR DE MOVIMENTO INFRAVERMELHO PASSIVO SEM FIO IVP 8000 PET CAM<\/p>\n","protected":false},"featured_media":12742,"comment_status":"closed","ping_status":"closed","template":"","meta":[],"product_brand":[],"product_cat":[2736,2737],"product_tag":[],"class_list":{"0":"post-12741","1":"product","2":"type-product","3":"status-publish","4":"has-post-thumbnail","6":"product_cat-linha-de-alarmes","7":"product_cat-kits-de-alarme","9":"first","10":"instock","11":"shipping-taxable","12":"purchasable","13":"product-type-simple"},"yoast_head":"<!-- This site is optimized with the Yoast SEO plugin v27.4 - https:\/\/yoast.com\/product\/yoast-seo-wordpress\/ -->\n<title>kit de Sistema De Alarme S\/ Fio Contra Roubo Amt 8000 - Intelbras - Loja Melhor do Sul Sistemas de Seguran\u00e7a<\/title>\n<meta name=\"robots\" content=\"index, follow, max-snippet:-1, max-image-preview:large, max-video-preview:-1\" \/>\n<link rel=\"canonical\" href=\"https:\/\/www.lojamelhordosul.com.br\/site\/produto\/sistema-de-alarme-s-fio-contra-roubo-amt-8000-intelbras\/\" \/>\n<meta property=\"og:locale\" content=\"pt_BR\" \/>\n<meta property=\"og:type\" content=\"article\" \/>\n<meta property=\"og:title\" content=\"kit de Sistema De Alarme S\/ Fio Contra Roubo Amt 8000 - Intelbras - Loja Melhor do Sul Sistemas de Seguran\u00e7a\" \/>\n<meta property=\"og:description\" content=\"01 - CENTRAL DE ALARME SEM FIO AMT 8000 01 - SIRENE SEM FIO XSS 8000 01 - TECLADO SEM FIO PARA CENTRAIS DE ALARME XAT 8000 01 - CONTROLE REMOTO XAC 8000 01 - SENSOR DE ABERTURA MAGN\u00c9TICO SEM FIO XAS 8000 01 - SENSOR DE MOVIMENTO INFRAVERMELHO PASSIVO SEM FIO IVP 8000 PET CAM\" \/>\n<meta property=\"og:url\" content=\"https:\/\/www.lojamelhordosul.com.br\/site\/produto\/sistema-de-alarme-s-fio-contra-roubo-amt-8000-intelbras\/\" \/>\n<meta property=\"og:site_name\" content=\"Loja Melhor do Sul Sistemas de Seguran\u00e7a\" \/>\n<meta property=\"article:modified_time\" content=\"2025-07-31T17:26:13+00:00\" \/>\n<meta property=\"og:image\" content=\"https:\/\/www.lojamelhordosul.com.br\/site\/wp-content\/uploads\/2022\/04\/093d48d88f7b128168ac3cebd39407ca.webp\" \/>\n\t<meta property=\"og:image:width\" content=\"1200\" \/>\n\t<meta property=\"og:image:height\" content=\"1200\" \/>\n\t<meta property=\"og:image:type\" content=\"image\/webp\" \/>\n<meta name=\"twitter:card\" content=\"summary_large_image\" \/>\n<meta name=\"twitter:label1\" content=\"Est. tempo de leitura\" \/>\n\t<meta name=\"twitter:data1\" content=\"2 minutos\" \/>\n<script type=\"application\/ld+json\" class=\"yoast-schema-graph\">{\"@context\":\"https:\\\/\\\/schema.org\",\"@graph\":[{\"@type\":\"WebPage\",\"@id\":\"https:\\\/\\\/www.lojamelhordosul.com.br\\\/site\\\/produto\\\/sistema-de-alarme-s-fio-contra-roubo-amt-8000-intelbras\\\/\",\"url\":\"https:\\\/\\\/www.lojamelhordosul.com.br\\\/site\\\/produto\\\/sistema-de-alarme-s-fio-contra-roubo-amt-8000-intelbras\\\/\",\"name\":\"kit de Sistema De Alarme S\\\/ Fio Contra Roubo Amt 8000 - Intelbras - Loja Melhor do Sul Sistemas de Seguran\u00e7a\",\"isPartOf\":{\"@id\":\"https:\\\/\\\/www.lojamelhordosul.com.br\\\/site\\\/#website\"},\"primaryImageOfPage\":{\"@id\":\"https:\\\/\\\/www.lojamelhordosul.com.br\\\/site\\\/produto\\\/sistema-de-alarme-s-fio-contra-roubo-amt-8000-intelbras\\\/#primaryimage\"},\"image\":{\"@id\":\"https:\\\/\\\/www.lojamelhordosul.com.br\\\/site\\\/produto\\\/sistema-de-alarme-s-fio-contra-roubo-amt-8000-intelbras\\\/#primaryimage\"},\"thumbnailUrl\":\"https:\\\/\\\/www.lojamelhordosul.com.br\\\/site\\\/wp-content\\\/uploads\\\/2022\\\/04\\\/093d48d88f7b128168ac3cebd39407ca.webp\",\"datePublished\":\"2022-04-12T20:14:46+00:00\",\"dateModified\":\"2025-07-31T17:26:13+00:00\",\"breadcrumb\":{\"@id\":\"https:\\\/\\\/www.lojamelhordosul.com.br\\\/site\\\/produto\\\/sistema-de-alarme-s-fio-contra-roubo-amt-8000-intelbras\\\/#breadcrumb\"},\"inLanguage\":\"pt-BR\",\"potentialAction\":[{\"@type\":\"ReadAction\",\"target\":[\"https:\\\/\\\/www.lojamelhordosul.com.br\\\/site\\\/produto\\\/sistema-de-alarme-s-fio-contra-roubo-amt-8000-intelbras\\\/\"]}]},{\"@type\":\"ImageObject\",\"inLanguage\":\"pt-BR\",\"@id\":\"https:\\\/\\\/www.lojamelhordosul.com.br\\\/site\\\/produto\\\/sistema-de-alarme-s-fio-contra-roubo-amt-8000-intelbras\\\/#primaryimage\",\"url\":\"https:\\\/\\\/www.lojamelhordosul.com.br\\\/site\\\/wp-content\\\/uploads\\\/2022\\\/04\\\/093d48d88f7b128168ac3cebd39407ca.webp\",\"contentUrl\":\"https:\\\/\\\/www.lojamelhordosul.com.br\\\/site\\\/wp-content\\\/uploads\\\/2022\\\/04\\\/093d48d88f7b128168ac3cebd39407ca.webp\",\"width\":1200,\"height\":1200},{\"@type\":\"BreadcrumbList\",\"@id\":\"https:\\\/\\\/www.lojamelhordosul.com.br\\\/site\\\/produto\\\/sistema-de-alarme-s-fio-contra-roubo-amt-8000-intelbras\\\/#breadcrumb\",\"itemListElement\":[{\"@type\":\"ListItem\",\"position\":1,\"name\":\"In\u00edcio\",\"item\":\"https:\\\/\\\/www.lojamelhordosul.com.br\\\/site\\\/\"},{\"@type\":\"ListItem\",\"position\":2,\"name\":\"Loja\",\"item\":\"https:\\\/\\\/www.lojamelhordosul.com.br\\\/site\\\/loja\\\/\"},{\"@type\":\"ListItem\",\"position\":3,\"name\":\"kit de Sistema De Alarme S\\\/ Fio Contra Roubo Amt 8000 &#8211; Intelbras\"}]},{\"@type\":\"WebSite\",\"@id\":\"https:\\\/\\\/www.lojamelhordosul.com.br\\\/site\\\/#website\",\"url\":\"https:\\\/\\\/www.lojamelhordosul.com.br\\\/site\\\/\",\"name\":\"Loja Melhor do Sul Sistemas de Seguran\u00e7a\",\"description\":\"Loja Melhor do Sul - Revenda Ouro Intelbras em Porto Alegre\",\"publisher\":{\"@id\":\"https:\\\/\\\/www.lojamelhordosul.com.br\\\/site\\\/#organization\"},\"potentialAction\":[{\"@type\":\"SearchAction\",\"target\":{\"@type\":\"EntryPoint\",\"urlTemplate\":\"https:\\\/\\\/www.lojamelhordosul.com.br\\\/site\\\/?s={search_term_string}\"},\"query-input\":{\"@type\":\"PropertyValueSpecification\",\"valueRequired\":true,\"valueName\":\"search_term_string\"}}],\"inLanguage\":\"pt-BR\"},{\"@type\":\"Organization\",\"@id\":\"https:\\\/\\\/www.lojamelhordosul.com.br\\\/site\\\/#organization\",\"name\":\"Loja Melhor do Sul\",\"url\":\"https:\\\/\\\/www.lojamelhordosul.com.br\\\/site\\\/\",\"logo\":{\"@type\":\"ImageObject\",\"inLanguage\":\"pt-BR\",\"@id\":\"https:\\\/\\\/www.lojamelhordosul.com.br\\\/site\\\/#\\\/schema\\\/logo\\\/image\\\/\",\"url\":\"https:\\\/\\\/www.lojamelhordosul.com.br\\\/site\\\/wp-content\\\/uploads\\\/2019\\\/10\\\/logo-longo-da-loja.png\",\"contentUrl\":\"https:\\\/\\\/www.lojamelhordosul.com.br\\\/site\\\/wp-content\\\/uploads\\\/2019\\\/10\\\/logo-longo-da-loja.png\",\"width\":597,\"height\":114,\"caption\":\"Loja Melhor do Sul\"},\"image\":{\"@id\":\"https:\\\/\\\/www.lojamelhordosul.com.br\\\/site\\\/#\\\/schema\\\/logo\\\/image\\\/\"}}]}<\/script>\n<!-- \/ Yoast SEO plugin. -->","yoast_head_json":{"title":"kit de Sistema De Alarme S\/ Fio Contra Roubo Amt 8000 - Intelbras - Loja Melhor do Sul Sistemas de Seguran\u00e7a","robots":{"index":"index","follow":"follow","max-snippet":"max-snippet:-1","max-image-preview":"max-image-preview:large","max-video-preview":"max-video-preview:-1"},"canonical":"https:\/\/www.lojamelhordosul.com.br\/site\/produto\/sistema-de-alarme-s-fio-contra-roubo-amt-8000-intelbras\/","og_locale":"pt_BR","og_type":"article","og_title":"kit de Sistema De Alarme S\/ Fio Contra Roubo Amt 8000 - Intelbras - Loja Melhor do Sul Sistemas de Seguran\u00e7a","og_description":"01 - CENTRAL DE ALARME SEM FIO AMT 8000 01 - SIRENE SEM FIO XSS 8000 01 - TECLADO SEM FIO PARA CENTRAIS DE ALARME XAT 8000 01 - CONTROLE REMOTO XAC 8000 01 - SENSOR DE ABERTURA MAGN\u00c9TICO SEM FIO XAS 8000 01 - SENSOR DE MOVIMENTO INFRAVERMELHO PASSIVO SEM FIO IVP 8000 PET CAM","og_url":"https:\/\/www.lojamelhordosul.com.br\/site\/produto\/sistema-de-alarme-s-fio-contra-roubo-amt-8000-intelbras\/","og_site_name":"Loja Melhor do Sul Sistemas de Seguran\u00e7a","article_modified_time":"2025-07-31T17:26:13+00:00","og_image":[{"width":1200,"height":1200,"url":"https:\/\/www.lojamelhordosul.com.br\/site\/wp-content\/uploads\/2022\/04\/093d48d88f7b128168ac3cebd39407ca.webp","type":"image\/webp"}],"twitter_card":"summary_large_image","twitter_misc":{"Est. tempo de leitura":"2 minutos"},"schema":{"@context":"https:\/\/schema.org","@graph":[{"@type":"WebPage","@id":"https:\/\/www.lojamelhordosul.com.br\/site\/produto\/sistema-de-alarme-s-fio-contra-roubo-amt-8000-intelbras\/","url":"https:\/\/www.lojamelhordosul.com.br\/site\/produto\/sistema-de-alarme-s-fio-contra-roubo-amt-8000-intelbras\/","name":"kit de Sistema De Alarme S\/ Fio Contra Roubo Amt 8000 - Intelbras - Loja Melhor do Sul Sistemas de Seguran\u00e7a","isPartOf":{"@id":"https:\/\/www.lojamelhordosul.com.br\/site\/#website"},"primaryImageOfPage":{"@id":"https:\/\/www.lojamelhordosul.com.br\/site\/produto\/sistema-de-alarme-s-fio-contra-roubo-amt-8000-intelbras\/#primaryimage"},"image":{"@id":"https:\/\/www.lojamelhordosul.com.br\/site\/produto\/sistema-de-alarme-s-fio-contra-roubo-amt-8000-intelbras\/#primaryimage"},"thumbnailUrl":"https:\/\/www.lojamelhordosul.com.br\/site\/wp-content\/uploads\/2022\/04\/093d48d88f7b128168ac3cebd39407ca.webp","datePublished":"2022-04-12T20:14:46+00:00","dateModified":"2025-07-31T17:26:13+00:00","breadcrumb":{"@id":"https:\/\/www.lojamelhordosul.com.br\/site\/produto\/sistema-de-alarme-s-fio-contra-roubo-amt-8000-intelbras\/#breadcrumb"},"inLanguage":"pt-BR","potentialAction":[{"@type":"ReadAction","target":["https:\/\/www.lojamelhordosul.com.br\/site\/produto\/sistema-de-alarme-s-fio-contra-roubo-amt-8000-intelbras\/"]}]},{"@type":"ImageObject","inLanguage":"pt-BR","@id":"https:\/\/www.lojamelhordosul.com.br\/site\/produto\/sistema-de-alarme-s-fio-contra-roubo-amt-8000-intelbras\/#primaryimage","url":"https:\/\/www.lojamelhordosul.com.br\/site\/wp-content\/uploads\/2022\/04\/093d48d88f7b128168ac3cebd39407ca.webp","contentUrl":"https:\/\/www.lojamelhordosul.com.br\/site\/wp-content\/uploads\/2022\/04\/093d48d88f7b128168ac3cebd39407ca.webp","width":1200,"height":1200},{"@type":"BreadcrumbList","@id":"https:\/\/www.lojamelhordosul.com.br\/site\/produto\/sistema-de-alarme-s-fio-contra-roubo-amt-8000-intelbras\/#breadcrumb","itemListElement":[{"@type":"ListItem","position":1,"name":"In\u00edcio","item":"https:\/\/www.lojamelhordosul.com.br\/site\/"},{"@type":"ListItem","position":2,"name":"Loja","item":"https:\/\/www.lojamelhordosul.com.br\/site\/loja\/"},{"@type":"ListItem","position":3,"name":"kit de Sistema De Alarme S\/ Fio Contra Roubo Amt 8000 &#8211; Intelbras"}]},{"@type":"WebSite","@id":"https:\/\/www.lojamelhordosul.com.br\/site\/#website","url":"https:\/\/www.lojamelhordosul.com.br\/site\/","name":"Loja Melhor do Sul Sistemas de Seguran\u00e7a","description":"Loja Melhor do Sul - Revenda Ouro Intelbras em Porto Alegre","publisher":{"@id":"https:\/\/www.lojamelhordosul.com.br\/site\/#organization"},"potentialAction":[{"@type":"SearchAction","target":{"@type":"EntryPoint","urlTemplate":"https:\/\/www.lojamelhordosul.com.br\/site\/?s={search_term_string}"},"query-input":{"@type":"PropertyValueSpecification","valueRequired":true,"valueName":"search_term_string"}}],"inLanguage":"pt-BR"},{"@type":"Organization","@id":"https:\/\/www.lojamelhordosul.com.br\/site\/#organization","name":"Loja Melhor do Sul","url":"https:\/\/www.lojamelhordosul.com.br\/site\/","logo":{"@type":"ImageObject","inLanguage":"pt-BR","@id":"https:\/\/www.lojamelhordosul.com.br\/site\/#\/schema\/logo\/image\/","url":"https:\/\/www.lojamelhordosul.com.br\/site\/wp-content\/uploads\/2019\/10\/logo-longo-da-loja.png","contentUrl":"https:\/\/www.lojamelhordosul.com.br\/site\/wp-content\/uploads\/2019\/10\/logo-longo-da-loja.png","width":597,"height":114,"caption":"Loja Melhor do Sul"},"image":{"@id":"https:\/\/www.lojamelhordosul.com.br\/site\/#\/schema\/logo\/image\/"}}]}},"_links":{"self":[{"href":"https:\/\/www.lojamelhordosul.com.br\/site\/wp-json\/wp\/v2\/product\/12741","targetHints":{"allow":["GET"]}}],"collection":[{"href":"https:\/\/www.lojamelhordosul.com.br\/site\/wp-json\/wp\/v2\/product"}],"about":[{"href":"https:\/\/www.lojamelhordosul.com.br\/site\/wp-json\/wp\/v2\/types\/product"}],"replies":[{"embeddable":true,"href":"https:\/\/www.lojamelhordosul.com.br\/site\/wp-json\/wp\/v2\/comments?post=12741"}],"wp:featuredmedia":[{"embeddable":true,"href":"https:\/\/www.lojamelhordosul.com.br\/site\/wp-json\/wp\/v2\/media\/12742"}],"wp:attachment":[{"href":"https:\/\/www.lojamelhordosul.com.br\/site\/wp-json\/wp\/v2\/media?parent=12741"}],"wp:term":[{"taxonomy":"product_brand","embeddable":true,"href":"https:\/\/www.lojamelhordosul.com.br\/site\/wp-json\/wp\/v2\/product_brand?post=12741"},{"taxonomy":"product_cat","embeddable":true,"href":"https:\/\/www.lojamelhordosul.com.br\/site\/wp-json\/wp\/v2\/product_cat?post=12741"},{"taxonomy":"product_tag","embeddable":true,"href":"https:\/\/www.lojamelhordosul.com.br\/site\/wp-json\/wp\/v2\/product_tag?post=12741"}],"curies":[{"name":"wp","href":"https:\/\/api.w.org\/{rel}","templated":true}]}}