{"id":12852,"date":"2022-05-06T14:59:16","date_gmt":"2022-05-06T17:59:16","guid":{"rendered":"https:\/\/www.lojamelhordosul.com.br\/site\/?post_type=product&#038;p=12852"},"modified":"2026-03-13T17:39:48","modified_gmt":"2026-03-13T20:39:48","slug":"fechadura-eletrica-tambor-subs-fx-2000-un-preta-intelbras","status":"publish","type":"product","link":"https:\/\/www.lojamelhordosul.com.br\/site\/produto\/fechadura-eletrica-tambor-subs-fx-2000-un-preta-intelbras\/","title":{"rendered":"Fechadura El\u00e9trica Tambor Subs. Fx 2000 Un Preta Intelbras"},"content":{"rendered":"<div>\n<div class=\"z-index-4 internal-fixed-navigation\">\n<div class=\"grid-container  \">\n<div class=\"navigation-sticky\">\n<div class=\"grid-x align-middle\">\n<div class=\"cell navigation__cell-first large-auto text-left is-sticky\">\n<div class=\"overflow-x-auto start\">\n<div class=\"overflow-x-auto__wrapper\"><\/div>\n<\/div>\n<\/div>\n<div class=\"cell large-shrink navigation__cell-second\">\n<div class=\"navigation__cell-second-container\"><\/div>\n<\/div>\n<\/div>\n<\/div>\n<\/div>\n<\/div>\n<\/div>\n<div>\n<div class=\"grid-container  \">\n<div class=\"mt2 mb2  \">\n<div class=\"grid-container  \">\n<div class=\"block-template overflow-hidden\">\n<div class=\"field field-name-field-description field-type-text-with-summary field-label-hidden wysiwyg_filtered\">\n<div class=\"field-items\">\n<div class=\"field-item even\">\n<table cellspacing=\"0\" cellpadding=\"0\">\n<tbody>\n<tr>\n<td class=\"cke-align-top\"><img decoding=\"async\" class=\"media-element file-default\" title=\"FX 2000 UN PRETA\" src=\"http:\/\/suporte-tecnico.intelbras.com.br\/sites\/default\/files\/flyer_digital_fx_2000-un_02.png\" alt=\"FX 2000 UN PRETA\" \/><\/td>\n<td class=\"cke-align-top\">&nbsp;<\/p>\n<p>Muito segura e pr\u00e1tica, a fechadura FX 2000 UN \u00e9 a solu\u00e7\u00e3o ideal para controle de acesso em ambientes comerciais ou residenciais. Dispon\u00edvel nas cores preta e cinza, possui acabamento elegante, que amplia as possibilidades de aplica\u00e7\u00e3o.<\/p>\n<p><img decoding=\"async\" class=\"media-element file-default\" title=\"FX 2000 UN PRETA\" src=\"http:\/\/suporte-tecnico.intelbras.com.br\/sites\/default\/files\/flyer_digital_fx_2000-un_05.png\" alt=\"FX 2000 UN PRETA\" \/><\/td>\n<\/tr>\n<\/tbody>\n<\/table>\n<table cellspacing=\"0\" cellpadding=\"0\">\n<tbody>\n<tr>\n<td class=\"cke-align-top\">\n<h2>Versatilidade de instala\u00e7\u00e3o<\/h2>\n<p>Instale em portas e port\u00f5es de metal ou madeira, com abertura para direita, esquerda, para dentro ou para fora do ambiente. Al\u00e9m disso, os acess\u00f3rios Guia do batente e Batente de embutir permitem escolher se a porta abrir\u00e1 para o lado de dentro ou de fora do ambiente. A FX 2000 UN ainda possui lingueta revers\u00edvel, \u00e9 s\u00f3 empurrar e girar a lingueta na hora da instala\u00e7\u00e3o.<\/td>\n<td class=\"cke-align-top\"><img decoding=\"async\" class=\"media-element file-default\" title=\"FX 2000 UN PRETA\" src=\"http:\/\/suporte-tecnico.intelbras.com.br\/sites\/default\/files\/flyer_digital_fx_2000-un_10.png\" alt=\"FX 2000 UN PRETA\" \/><\/td>\n<\/tr>\n<\/tbody>\n<\/table>\n<table cellspacing=\"0\" cellpadding=\"0\">\n<tbody>\n<tr>\n<td class=\"cke-align-top\"><img decoding=\"async\" class=\"media-element file-default\" title=\"FX 2000 UN PRETA\" src=\"http:\/\/suporte-tecnico.intelbras.com.br\/sites\/default\/files\/flyer_digital_fx_2000-un_02.png\" alt=\"FX 2000 UN PRETA\" \/><\/td>\n<td class=\"cke-align-top\">\n<h2>Fura\u00e7\u00e3o-padr\u00e3o de mercado<\/h2>\n<p>Troque facilmente a sua fechadura el\u00e9trica pela FX 2000 UN sem necessidade de novos furos.<\/p>\n<p><img decoding=\"async\" class=\"media-element file-default\" title=\"FX 2000 UN PRETA\" src=\"http:\/\/suporte-tecnico.intelbras.com.br\/sites\/default\/files\/flyer_digital_fx_2000-un_16.png\" alt=\"FX 2000 UN PRETA\" \/><\/p>\n<p>&nbsp;<\/p>\n<p>&nbsp;<\/td>\n<\/tr>\n<\/tbody>\n<\/table>\n<table cellspacing=\"0\" cellpadding=\"0\">\n<tbody>\n<tr>\n<td class=\"cke-align-top\">\n<h2><\/h2>\n<h2>Mem\u00f3ria mec\u00e2nica com abertura suave<\/h2>\n<p>Tem mem\u00f3ria mec\u00e2nica que destrava ao primeiro impulso e abertura suave, tornando o acesso mais pr\u00e1tico.<\/td>\n<td class=\"cke-align-top\"><img decoding=\"async\" class=\"media-element file-default\" title=\"FX 2000 UN PRETA\" src=\"http:\/\/suporte-tecnico.intelbras.com.br\/sites\/default\/files\/flyer_digital_fx_2000-un_21.png\" alt=\"FX 2000 UN PRETA\" \/><\/td>\n<\/tr>\n<\/tbody>\n<\/table>\n<table cellspacing=\"0\" cellpadding=\"0\">\n<tbody>\n<tr>\n<td class=\"cke-align-top\"><img decoding=\"async\" class=\"media-element file-default\" title=\"FX 2000 UN PRETA\" src=\"http:\/\/suporte-tecnico.intelbras.com.br\/sites\/default\/files\/flyer_digital_fx_2000-un_22_0.png\" alt=\"FX 2000 UN PRETA\" \/><\/td>\n<td class=\"cke-align-top\">\n<h2><\/h2>\n<h2><\/h2>\n<h2>Tambor substitu\u00edvel<\/h2>\n<p>Com a FX 2000 UN \u00e9 poss\u00edvel manter o tambor de sua fechadura antiga, evitando a troca de chaves.<\/p>\n<p><img decoding=\"async\" class=\"media-element file-default\" title=\"FX 2000 UN PRETA\" src=\"http:\/\/suporte-tecnico.intelbras.com.br\/sites\/default\/files\/flyer_digital_fx_2000-un_26.png\" alt=\"FX 2000 UN PRETA\" \/><\/td>\n<\/tr>\n<\/tbody>\n<\/table>\n<table cellspacing=\"0\" cellpadding=\"0\">\n<tbody>\n<tr>\n<td class=\"cke-align-top\">\n<h2>Compatibilidade<\/h2>\n<p>Compat\u00edvel com toda a linha de porteiros eletr\u00f4nicos, videoporteiros e controladores de acesso<\/td>\n<td class=\"cke-align-top\"><img decoding=\"async\" class=\"media-element file-default\" title=\"FX 2000 UN PRETA\" src=\"http:\/\/suporte-tecnico.intelbras.com.br\/sites\/default\/files\/flyer_digital_fx_2000-un_31_0.png\" alt=\"FX 2000 UN PRETA\" \/><\/td>\n<\/tr>\n<\/tbody>\n<\/table>\n<\/div>\n<\/div>\n<\/div>\n<\/div>\n<\/div>\n<\/div>\n<\/div>\n<\/div>\n","protected":false},"excerpt":{"rendered":"<p>&nbsp; Muito segura e pr\u00e1tica, a fechadura FX 2000 UN \u00e9 a solu\u00e7\u00e3o ideal para controle de acesso em ambientes comerciais ou residenciais. Dispon\u00edvel nas cores preta e cinza, possui acabamento elegante, que amplia as possibilidades de aplica\u00e7\u00e3o. Versatilidade de instala\u00e7\u00e3o Instale em portas e port\u00f5es de metal ou madeira, com abertura para direita, esquerda, &hellip; <a href=\"https:\/\/www.lojamelhordosul.com.br\/site\/produto\/fechadura-eletrica-tambor-subs-fx-2000-un-preta-intelbras\/\" class=\"more-link\">Continuar lendo <span class=\"screen-reader-text\">Fechadura El\u00e9trica Tambor Subs. Fx 2000 Un Preta Intelbras<\/span><\/a><\/p>\n","protected":false},"featured_media":12850,"comment_status":"closed","ping_status":"closed","template":"","meta":[],"product_brand":[],"product_cat":[2758,2756,2762,2760],"product_tag":[],"class_list":{"0":"post-12852","1":"product","2":"type-product","3":"status-publish","4":"has-post-thumbnail","6":"product_cat-controladores-de-acessso","7":"product_cat-controle-acesso","8":"product_cat-fechadura-eletrica","9":"product_cat-controle-acesso-fechaduras","11":"first","12":"instock","13":"shipping-taxable","14":"purchasable","15":"product-type-simple"},"yoast_head":"<!-- This site is optimized with the Yoast SEO plugin v27.3 - https:\/\/yoast.com\/product\/yoast-seo-wordpress\/ -->\n<title>Fechadura El\u00e9trica Tambor Subs. Fx 2000 Un Preta Intelbras - Loja Melhor do Sul Sistemas de Seguran\u00e7a<\/title>\n<meta name=\"robots\" content=\"index, follow, max-snippet:-1, max-image-preview:large, max-video-preview:-1\" \/>\n<link rel=\"canonical\" href=\"https:\/\/www.lojamelhordosul.com.br\/site\/produto\/fechadura-eletrica-tambor-subs-fx-2000-un-preta-intelbras\/\" \/>\n<meta property=\"og:locale\" content=\"pt_BR\" \/>\n<meta property=\"og:type\" content=\"article\" \/>\n<meta property=\"og:title\" content=\"Fechadura El\u00e9trica Tambor Subs. Fx 2000 Un Preta Intelbras - Loja Melhor do Sul Sistemas de Seguran\u00e7a\" \/>\n<meta property=\"og:description\" content=\"&nbsp; Muito segura e pr\u00e1tica, a fechadura FX 2000 UN \u00e9 a solu\u00e7\u00e3o ideal para controle de acesso em ambientes comerciais ou residenciais. Dispon\u00edvel nas cores preta e cinza, possui acabamento elegante, que amplia as possibilidades de aplica\u00e7\u00e3o. Versatilidade de instala\u00e7\u00e3o Instale em portas e port\u00f5es de metal ou madeira, com abertura para direita, esquerda, &hellip; Continuar lendo Fechadura El\u00e9trica Tambor Subs. Fx 2000 Un Preta Intelbras\" \/>\n<meta property=\"og:url\" content=\"https:\/\/www.lojamelhordosul.com.br\/site\/produto\/fechadura-eletrica-tambor-subs-fx-2000-un-preta-intelbras\/\" \/>\n<meta property=\"og:site_name\" content=\"Loja Melhor do Sul Sistemas de Seguran\u00e7a\" \/>\n<meta property=\"article:modified_time\" content=\"2026-03-13T20:39:48+00:00\" \/>\n<meta property=\"og:image\" content=\"https:\/\/www.lojamelhordosul.com.br\/site\/wp-content\/uploads\/2022\/05\/Untitled-design-13.png\" \/>\n\t<meta property=\"og:image:width\" content=\"1200\" \/>\n\t<meta property=\"og:image:height\" content=\"1200\" \/>\n\t<meta property=\"og:image:type\" content=\"image\/png\" \/>\n<meta name=\"twitter:card\" content=\"summary_large_image\" \/>\n<meta name=\"twitter:label1\" content=\"Est. tempo de leitura\" \/>\n\t<meta name=\"twitter:data1\" content=\"3 minutos\" \/>\n<script type=\"application\/ld+json\" class=\"yoast-schema-graph\">{\"@context\":\"https:\\\/\\\/schema.org\",\"@graph\":[{\"@type\":\"WebPage\",\"@id\":\"https:\\\/\\\/www.lojamelhordosul.com.br\\\/site\\\/produto\\\/fechadura-eletrica-tambor-subs-fx-2000-un-preta-intelbras\\\/\",\"url\":\"https:\\\/\\\/www.lojamelhordosul.com.br\\\/site\\\/produto\\\/fechadura-eletrica-tambor-subs-fx-2000-un-preta-intelbras\\\/\",\"name\":\"Fechadura El\u00e9trica Tambor Subs. Fx 2000 Un Preta Intelbras - Loja Melhor do Sul Sistemas de Seguran\u00e7a\",\"isPartOf\":{\"@id\":\"https:\\\/\\\/www.lojamelhordosul.com.br\\\/site\\\/#website\"},\"primaryImageOfPage\":{\"@id\":\"https:\\\/\\\/www.lojamelhordosul.com.br\\\/site\\\/produto\\\/fechadura-eletrica-tambor-subs-fx-2000-un-preta-intelbras\\\/#primaryimage\"},\"image\":{\"@id\":\"https:\\\/\\\/www.lojamelhordosul.com.br\\\/site\\\/produto\\\/fechadura-eletrica-tambor-subs-fx-2000-un-preta-intelbras\\\/#primaryimage\"},\"thumbnailUrl\":\"https:\\\/\\\/www.lojamelhordosul.com.br\\\/site\\\/wp-content\\\/uploads\\\/2022\\\/05\\\/Untitled-design-13.png\",\"datePublished\":\"2022-05-06T17:59:16+00:00\",\"dateModified\":\"2026-03-13T20:39:48+00:00\",\"breadcrumb\":{\"@id\":\"https:\\\/\\\/www.lojamelhordosul.com.br\\\/site\\\/produto\\\/fechadura-eletrica-tambor-subs-fx-2000-un-preta-intelbras\\\/#breadcrumb\"},\"inLanguage\":\"pt-BR\",\"potentialAction\":[{\"@type\":\"ReadAction\",\"target\":[\"https:\\\/\\\/www.lojamelhordosul.com.br\\\/site\\\/produto\\\/fechadura-eletrica-tambor-subs-fx-2000-un-preta-intelbras\\\/\"]}]},{\"@type\":\"ImageObject\",\"inLanguage\":\"pt-BR\",\"@id\":\"https:\\\/\\\/www.lojamelhordosul.com.br\\\/site\\\/produto\\\/fechadura-eletrica-tambor-subs-fx-2000-un-preta-intelbras\\\/#primaryimage\",\"url\":\"https:\\\/\\\/www.lojamelhordosul.com.br\\\/site\\\/wp-content\\\/uploads\\\/2022\\\/05\\\/Untitled-design-13.png\",\"contentUrl\":\"https:\\\/\\\/www.lojamelhordosul.com.br\\\/site\\\/wp-content\\\/uploads\\\/2022\\\/05\\\/Untitled-design-13.png\",\"width\":1200,\"height\":1200},{\"@type\":\"BreadcrumbList\",\"@id\":\"https:\\\/\\\/www.lojamelhordosul.com.br\\\/site\\\/produto\\\/fechadura-eletrica-tambor-subs-fx-2000-un-preta-intelbras\\\/#breadcrumb\",\"itemListElement\":[{\"@type\":\"ListItem\",\"position\":1,\"name\":\"In\u00edcio\",\"item\":\"https:\\\/\\\/www.lojamelhordosul.com.br\\\/site\\\/\"},{\"@type\":\"ListItem\",\"position\":2,\"name\":\"Loja\",\"item\":\"https:\\\/\\\/www.lojamelhordosul.com.br\\\/site\\\/loja\\\/\"},{\"@type\":\"ListItem\",\"position\":3,\"name\":\"Fechadura El\u00e9trica Tambor Subs. Fx 2000 Un Preta Intelbras\"}]},{\"@type\":\"WebSite\",\"@id\":\"https:\\\/\\\/www.lojamelhordosul.com.br\\\/site\\\/#website\",\"url\":\"https:\\\/\\\/www.lojamelhordosul.com.br\\\/site\\\/\",\"name\":\"Loja Melhor do Sul Sistemas de Seguran\u00e7a\",\"description\":\"Loja Melhor do Sul - Revenda Ouro Intelbras em Porto Alegre\",\"publisher\":{\"@id\":\"https:\\\/\\\/www.lojamelhordosul.com.br\\\/site\\\/#organization\"},\"potentialAction\":[{\"@type\":\"SearchAction\",\"target\":{\"@type\":\"EntryPoint\",\"urlTemplate\":\"https:\\\/\\\/www.lojamelhordosul.com.br\\\/site\\\/?s={search_term_string}\"},\"query-input\":{\"@type\":\"PropertyValueSpecification\",\"valueRequired\":true,\"valueName\":\"search_term_string\"}}],\"inLanguage\":\"pt-BR\"},{\"@type\":\"Organization\",\"@id\":\"https:\\\/\\\/www.lojamelhordosul.com.br\\\/site\\\/#organization\",\"name\":\"Loja Melhor do Sul\",\"url\":\"https:\\\/\\\/www.lojamelhordosul.com.br\\\/site\\\/\",\"logo\":{\"@type\":\"ImageObject\",\"inLanguage\":\"pt-BR\",\"@id\":\"https:\\\/\\\/www.lojamelhordosul.com.br\\\/site\\\/#\\\/schema\\\/logo\\\/image\\\/\",\"url\":\"https:\\\/\\\/www.lojamelhordosul.com.br\\\/site\\\/wp-content\\\/uploads\\\/2019\\\/10\\\/logo-longo-da-loja.png\",\"contentUrl\":\"https:\\\/\\\/www.lojamelhordosul.com.br\\\/site\\\/wp-content\\\/uploads\\\/2019\\\/10\\\/logo-longo-da-loja.png\",\"width\":597,\"height\":114,\"caption\":\"Loja Melhor do Sul\"},\"image\":{\"@id\":\"https:\\\/\\\/www.lojamelhordosul.com.br\\\/site\\\/#\\\/schema\\\/logo\\\/image\\\/\"}}]}<\/script>\n<!-- \/ Yoast SEO plugin. -->","yoast_head_json":{"title":"Fechadura El\u00e9trica Tambor Subs. Fx 2000 Un Preta Intelbras - Loja Melhor do Sul Sistemas de Seguran\u00e7a","robots":{"index":"index","follow":"follow","max-snippet":"max-snippet:-1","max-image-preview":"max-image-preview:large","max-video-preview":"max-video-preview:-1"},"canonical":"https:\/\/www.lojamelhordosul.com.br\/site\/produto\/fechadura-eletrica-tambor-subs-fx-2000-un-preta-intelbras\/","og_locale":"pt_BR","og_type":"article","og_title":"Fechadura El\u00e9trica Tambor Subs. Fx 2000 Un Preta Intelbras - Loja Melhor do Sul Sistemas de Seguran\u00e7a","og_description":"&nbsp; Muito segura e pr\u00e1tica, a fechadura FX 2000 UN \u00e9 a solu\u00e7\u00e3o ideal para controle de acesso em ambientes comerciais ou residenciais. Dispon\u00edvel nas cores preta e cinza, possui acabamento elegante, que amplia as possibilidades de aplica\u00e7\u00e3o. Versatilidade de instala\u00e7\u00e3o Instale em portas e port\u00f5es de metal ou madeira, com abertura para direita, esquerda, &hellip; Continuar lendo Fechadura El\u00e9trica Tambor Subs. Fx 2000 Un Preta Intelbras","og_url":"https:\/\/www.lojamelhordosul.com.br\/site\/produto\/fechadura-eletrica-tambor-subs-fx-2000-un-preta-intelbras\/","og_site_name":"Loja Melhor do Sul Sistemas de Seguran\u00e7a","article_modified_time":"2026-03-13T20:39:48+00:00","og_image":[{"width":1200,"height":1200,"url":"https:\/\/www.lojamelhordosul.com.br\/site\/wp-content\/uploads\/2022\/05\/Untitled-design-13.png","type":"image\/png"}],"twitter_card":"summary_large_image","twitter_misc":{"Est. tempo de leitura":"3 minutos"},"schema":{"@context":"https:\/\/schema.org","@graph":[{"@type":"WebPage","@id":"https:\/\/www.lojamelhordosul.com.br\/site\/produto\/fechadura-eletrica-tambor-subs-fx-2000-un-preta-intelbras\/","url":"https:\/\/www.lojamelhordosul.com.br\/site\/produto\/fechadura-eletrica-tambor-subs-fx-2000-un-preta-intelbras\/","name":"Fechadura El\u00e9trica Tambor Subs. Fx 2000 Un Preta Intelbras - Loja Melhor do Sul Sistemas de Seguran\u00e7a","isPartOf":{"@id":"https:\/\/www.lojamelhordosul.com.br\/site\/#website"},"primaryImageOfPage":{"@id":"https:\/\/www.lojamelhordosul.com.br\/site\/produto\/fechadura-eletrica-tambor-subs-fx-2000-un-preta-intelbras\/#primaryimage"},"image":{"@id":"https:\/\/www.lojamelhordosul.com.br\/site\/produto\/fechadura-eletrica-tambor-subs-fx-2000-un-preta-intelbras\/#primaryimage"},"thumbnailUrl":"https:\/\/www.lojamelhordosul.com.br\/site\/wp-content\/uploads\/2022\/05\/Untitled-design-13.png","datePublished":"2022-05-06T17:59:16+00:00","dateModified":"2026-03-13T20:39:48+00:00","breadcrumb":{"@id":"https:\/\/www.lojamelhordosul.com.br\/site\/produto\/fechadura-eletrica-tambor-subs-fx-2000-un-preta-intelbras\/#breadcrumb"},"inLanguage":"pt-BR","potentialAction":[{"@type":"ReadAction","target":["https:\/\/www.lojamelhordosul.com.br\/site\/produto\/fechadura-eletrica-tambor-subs-fx-2000-un-preta-intelbras\/"]}]},{"@type":"ImageObject","inLanguage":"pt-BR","@id":"https:\/\/www.lojamelhordosul.com.br\/site\/produto\/fechadura-eletrica-tambor-subs-fx-2000-un-preta-intelbras\/#primaryimage","url":"https:\/\/www.lojamelhordosul.com.br\/site\/wp-content\/uploads\/2022\/05\/Untitled-design-13.png","contentUrl":"https:\/\/www.lojamelhordosul.com.br\/site\/wp-content\/uploads\/2022\/05\/Untitled-design-13.png","width":1200,"height":1200},{"@type":"BreadcrumbList","@id":"https:\/\/www.lojamelhordosul.com.br\/site\/produto\/fechadura-eletrica-tambor-subs-fx-2000-un-preta-intelbras\/#breadcrumb","itemListElement":[{"@type":"ListItem","position":1,"name":"In\u00edcio","item":"https:\/\/www.lojamelhordosul.com.br\/site\/"},{"@type":"ListItem","position":2,"name":"Loja","item":"https:\/\/www.lojamelhordosul.com.br\/site\/loja\/"},{"@type":"ListItem","position":3,"name":"Fechadura El\u00e9trica Tambor Subs. Fx 2000 Un Preta Intelbras"}]},{"@type":"WebSite","@id":"https:\/\/www.lojamelhordosul.com.br\/site\/#website","url":"https:\/\/www.lojamelhordosul.com.br\/site\/","name":"Loja Melhor do Sul Sistemas de Seguran\u00e7a","description":"Loja Melhor do Sul - Revenda Ouro Intelbras em Porto Alegre","publisher":{"@id":"https:\/\/www.lojamelhordosul.com.br\/site\/#organization"},"potentialAction":[{"@type":"SearchAction","target":{"@type":"EntryPoint","urlTemplate":"https:\/\/www.lojamelhordosul.com.br\/site\/?s={search_term_string}"},"query-input":{"@type":"PropertyValueSpecification","valueRequired":true,"valueName":"search_term_string"}}],"inLanguage":"pt-BR"},{"@type":"Organization","@id":"https:\/\/www.lojamelhordosul.com.br\/site\/#organization","name":"Loja Melhor do Sul","url":"https:\/\/www.lojamelhordosul.com.br\/site\/","logo":{"@type":"ImageObject","inLanguage":"pt-BR","@id":"https:\/\/www.lojamelhordosul.com.br\/site\/#\/schema\/logo\/image\/","url":"https:\/\/www.lojamelhordosul.com.br\/site\/wp-content\/uploads\/2019\/10\/logo-longo-da-loja.png","contentUrl":"https:\/\/www.lojamelhordosul.com.br\/site\/wp-content\/uploads\/2019\/10\/logo-longo-da-loja.png","width":597,"height":114,"caption":"Loja Melhor do Sul"},"image":{"@id":"https:\/\/www.lojamelhordosul.com.br\/site\/#\/schema\/logo\/image\/"}}]}},"_links":{"self":[{"href":"https:\/\/www.lojamelhordosul.com.br\/site\/wp-json\/wp\/v2\/product\/12852","targetHints":{"allow":["GET"]}}],"collection":[{"href":"https:\/\/www.lojamelhordosul.com.br\/site\/wp-json\/wp\/v2\/product"}],"about":[{"href":"https:\/\/www.lojamelhordosul.com.br\/site\/wp-json\/wp\/v2\/types\/product"}],"replies":[{"embeddable":true,"href":"https:\/\/www.lojamelhordosul.com.br\/site\/wp-json\/wp\/v2\/comments?post=12852"}],"wp:featuredmedia":[{"embeddable":true,"href":"https:\/\/www.lojamelhordosul.com.br\/site\/wp-json\/wp\/v2\/media\/12850"}],"wp:attachment":[{"href":"https:\/\/www.lojamelhordosul.com.br\/site\/wp-json\/wp\/v2\/media?parent=12852"}],"wp:term":[{"taxonomy":"product_brand","embeddable":true,"href":"https:\/\/www.lojamelhordosul.com.br\/site\/wp-json\/wp\/v2\/product_brand?post=12852"},{"taxonomy":"product_cat","embeddable":true,"href":"https:\/\/www.lojamelhordosul.com.br\/site\/wp-json\/wp\/v2\/product_cat?post=12852"},{"taxonomy":"product_tag","embeddable":true,"href":"https:\/\/www.lojamelhordosul.com.br\/site\/wp-json\/wp\/v2\/product_tag?post=12852"}],"curies":[{"name":"wp","href":"https:\/\/api.w.org\/{rel}","templated":true}]}}