{"id":12853,"date":"2022-05-06T15:03:24","date_gmt":"2022-05-06T18:03:24","guid":{"rendered":"https:\/\/www.lojamelhordosul.com.br\/site\/?post_type=product&#038;p=12853"},"modified":"2026-03-13T17:38:56","modified_gmt":"2026-03-13T20:38:56","slug":"fechadura-eletrica-intelbras-fx-2000-aj-preta","status":"publish","type":"product","link":"https:\/\/www.lojamelhordosul.com.br\/site\/produto\/fechadura-eletrica-intelbras-fx-2000-aj-preta\/","title":{"rendered":"Fechadura El\u00e9trica Intelbras Fx 500 Preta"},"content":{"rendered":"<div>\n<div class=\"z-index-4 internal-fixed-navigation\">\n<div class=\"grid-container \">\n<div class=\"navigation-sticky\">\n<div class=\"grid-x align-middle\">\n<div class=\"cell navigation__cell-first large-auto text-left is-sticky\">\n<div class=\"overflow-x-auto start\">\n<div class=\"overflow-x-auto__wrapper\"><\/div>\n<\/div>\n<\/div>\n<div class=\"cell large-shrink navigation__cell-second\">\n<div class=\"navigation__cell-second-container\"><\/div>\n<\/div>\n<\/div>\n<\/div>\n<\/div>\n<\/div>\n<\/div>\n<div>\n<div class=\"grid-container \">\n<div class=\"mt2 mb2 \">\n<div class=\"grid-container \">\n<div class=\"block-template overflow-hidden\">\n<div class=\"field field-name-field-description field-type-text-with-summary field-label-hidden wysiwyg_filtered\">\n<div class=\"field-items\">\n<div class=\"field-item even\">\n<table cellspacing=\"0\" cellpadding=\"0\">\n<tbody>\n<tr>\n<td class=\"cke-align-top\"><img decoding=\"async\" class=\"media-element file-default\" title=\"FX 2000 UN PRETA\" src=\"http:\/\/suporte-tecnico.intelbras.com.br\/sites\/default\/files\/flyer_digital_fx_2000-un_02.png\" alt=\"FX 2000 UN PRETA\" \/><\/td>\n<td class=\"cke-align-top\">&nbsp;<\/p>\n<p>&nbsp;<\/p>\n<p>Muito segura e pr\u00e1tica, a fechadura FX 2000 AJ \u00e9 a solu\u00e7\u00e3o ideal para\u00a0<span class=\"cke-bold\">controle de acesso em ambientes comerciais ou residenciais<\/span>. Dispon\u00edvel nas cores preta e cinza, possui acabamento elegante, que amplia as possibilidades de aplica\u00e7\u00e3o. Al\u00e9m disso, os acess\u00f3rios\u00a0<em>Guia do batente e Batente de embutir<\/em>\u00a0permitem ao usu\u00e1rio escolher se a porta abrir\u00e1 para dentro ou fora do ambiente, e o\u00a0<em>Cilindro ajust\u00e1vel, possibilita a aplica\u00e7\u00e3o em portas mais espessas que o padr\u00e3o normal de mercado.<\/em><\/p>\n<p><img decoding=\"async\" class=\"media-element file-default\" title=\"FX 2000 UN PRETA\" src=\"http:\/\/suporte-tecnico.intelbras.com.br\/sites\/default\/files\/flyer_digital_fx_2000-un_05.png\" alt=\"FX 2000 UN PRETA\" \/><\/td>\n<\/tr>\n<\/tbody>\n<\/table>\n<table cellspacing=\"0\" cellpadding=\"0\">\n<tbody>\n<tr>\n<td class=\"cke-align-top\">&nbsp;<\/p>\n<p>&nbsp;<\/p>\n<table cellspacing=\"0\" cellpadding=\"0\">\n<tbody>\n<tr>\n<td>\n<h2>Versatilidade de instala\u00e7\u00e3o<\/h2>\n<p>&nbsp;<\/p>\n<p>Instale em portas e port\u00f5es de metal ou madeira, com abertura para direita ou esquerda. A FX 2000 ainda possui lingueta revers\u00edvel, \u00e9 s\u00f3 empurrar e gir\u00e1-la na hora da instala\u00e7\u00e3o.<\/td>\n<\/tr>\n<\/tbody>\n<\/table>\n<p><img decoding=\"async\" class=\"media-element file-default\" title=\"FX 2000 UN PRETA\" src=\"http:\/\/suporte-tecnico.intelbras.com.br\/sites\/default\/files\/flyer_digital_fx_2000-un_16.png\" alt=\"FX 2000 UN PRETA\" \/><\/td>\n<td class=\"cke-align-top\"><img decoding=\"async\" class=\"media-element file-default\" title=\"FX 2000 AJ PRETA\" src=\"http:\/\/suporte-tecnico.intelbras.com.br\/sites\/default\/files\/flyer_digital_fx_2000-aj_06.png\" alt=\"FX 2000 AJ PRETA\" \/><\/td>\n<\/tr>\n<\/tbody>\n<\/table>\n<table cellspacing=\"0\" cellpadding=\"0\">\n<tbody>\n<tr>\n<td class=\"cke-align-top\"><img decoding=\"async\" class=\"media-element file-default\" title=\"FX 2000 AJ PRETA\" src=\"http:\/\/suporte-tecnico.intelbras.com.br\/sites\/default\/files\/flyer_digital_fx_2000-aj_09.png\" alt=\"FX 2000 AJ PRETA\" \/><\/td>\n<td class=\"cke-align-top\">\n<h2>Compat\u00edvel com portas de diferentes espessuras<\/h2>\n<p>&nbsp;<\/p>\n<p>Com um cilindro ajust\u00e1vel exclusivo, a FX 2000 AJ \u00e9 a solu\u00e7\u00e3o ideal para ambientes com portas mais espessas do que o padr\u00e3o de mercado, de at\u00e9 75 mm, garantindo mais seguran\u00e7a e praticidade na instala\u00e7\u00e3o.<\/td>\n<\/tr>\n<\/tbody>\n<\/table>\n<table cellspacing=\"0\" cellpadding=\"0\">\n<tbody>\n<tr>\n<td class=\"cke-align-top\">\n<h2>Mem\u00f3ria mec\u00e2nica e abertura suave<\/h2>\n<p>Tem mem\u00f3ria mec\u00e2nica que destrava ao primeiro impulso e abertura suave, tornando o acesso mais pr\u00e1tico.<\/td>\n<td class=\"cke-align-top\"><img decoding=\"async\" class=\"media-element file-default\" title=\"FX 2000 UN PRETA\" src=\"http:\/\/suporte-tecnico.intelbras.com.br\/sites\/default\/files\/flyer_digital_fx_2000-un_21.png\" alt=\"FX 2000 UN PRETA\" \/><\/td>\n<\/tr>\n<\/tbody>\n<\/table>\n<table cellspacing=\"0\" cellpadding=\"0\">\n<tbody>\n<tr>\n<td class=\"cke-align-top\"><img decoding=\"async\" class=\"media-element file-default\" title=\"FX 2000 UN PRETA\" src=\"http:\/\/suporte-tecnico.intelbras.com.br\/sites\/default\/files\/flyer_digital_fx_2000-un_31_0.png\" alt=\"FX 2000 UN PRETA\" \/><\/td>\n<td class=\"cke-align-top\">\n<h2>Compatibilidade<\/h2>\n<p><span class=\"cke-bold\">Compat\u00edvel com toda a linha<\/span>\u00a0de porteiros eletr\u00f4nicos, videoporteiros e controladores de acesso.<\/td>\n<\/tr>\n<\/tbody>\n<\/table>\n<\/div>\n<\/div>\n<\/div>\n<\/div>\n<\/div>\n<\/div>\n<\/div>\n<\/div>\n","protected":false},"excerpt":{"rendered":"<p>&nbsp; &nbsp; Muito segura e pr\u00e1tica, a fechadura FX 2000 AJ \u00e9 a solu\u00e7\u00e3o ideal para\u00a0controle de acesso em ambientes comerciais ou residenciais. Dispon\u00edvel nas cores preta e cinza, possui acabamento elegante, que amplia as possibilidades de aplica\u00e7\u00e3o. Al\u00e9m disso, os acess\u00f3rios\u00a0Guia do batente e Batente de embutir\u00a0permitem ao usu\u00e1rio escolher se a porta abrir\u00e1 &hellip; <a href=\"https:\/\/www.lojamelhordosul.com.br\/site\/produto\/fechadura-eletrica-intelbras-fx-2000-aj-preta\/\" class=\"more-link\">Continuar lendo <span class=\"screen-reader-text\">Fechadura El\u00e9trica Intelbras Fx 500 Preta<\/span><\/a><\/p>\n","protected":false},"featured_media":14650,"comment_status":"closed","ping_status":"closed","template":"","meta":[],"product_brand":[],"product_cat":[2758,2762,2760],"product_tag":[],"class_list":{"0":"post-12853","1":"product","2":"type-product","3":"status-publish","4":"has-post-thumbnail","6":"product_cat-controladores-de-acessso","7":"product_cat-fechadura-eletrica","8":"product_cat-controle-acesso-fechaduras","10":"first","11":"instock","12":"shipping-taxable","13":"purchasable","14":"product-type-simple"},"yoast_head":"<!-- This site is optimized with the Yoast SEO plugin v27.3 - https:\/\/yoast.com\/product\/yoast-seo-wordpress\/ -->\n<title>Fechadura El\u00e9trica Intelbras Fx 500 Preta - Loja Melhor do Sul Sistemas de Seguran\u00e7a<\/title>\n<meta name=\"robots\" content=\"index, follow, max-snippet:-1, max-image-preview:large, max-video-preview:-1\" \/>\n<link rel=\"canonical\" href=\"https:\/\/www.lojamelhordosul.com.br\/site\/produto\/fechadura-eletrica-intelbras-fx-2000-aj-preta\/\" \/>\n<meta property=\"og:locale\" content=\"pt_BR\" \/>\n<meta property=\"og:type\" content=\"article\" \/>\n<meta property=\"og:title\" content=\"Fechadura El\u00e9trica Intelbras Fx 500 Preta - Loja Melhor do Sul Sistemas de Seguran\u00e7a\" \/>\n<meta property=\"og:description\" content=\"&nbsp; &nbsp; Muito segura e pr\u00e1tica, a fechadura FX 2000 AJ \u00e9 a solu\u00e7\u00e3o ideal para\u00a0controle de acesso em ambientes comerciais ou residenciais. Dispon\u00edvel nas cores preta e cinza, possui acabamento elegante, que amplia as possibilidades de aplica\u00e7\u00e3o. Al\u00e9m disso, os acess\u00f3rios\u00a0Guia do batente e Batente de embutir\u00a0permitem ao usu\u00e1rio escolher se a porta abrir\u00e1 &hellip; Continuar lendo Fechadura El\u00e9trica Intelbras Fx 500 Preta\" \/>\n<meta property=\"og:url\" content=\"https:\/\/www.lojamelhordosul.com.br\/site\/produto\/fechadura-eletrica-intelbras-fx-2000-aj-preta\/\" \/>\n<meta property=\"og:site_name\" content=\"Loja Melhor do Sul Sistemas de Seguran\u00e7a\" \/>\n<meta property=\"article:modified_time\" content=\"2026-03-13T20:38:56+00:00\" \/>\n<meta property=\"og:image\" content=\"https:\/\/www.lojamelhordosul.com.br\/site\/wp-content\/uploads\/2024\/02\/Captura-de-tela-2024-02-28-155323.png\" \/>\n\t<meta property=\"og:image:width\" content=\"665\" \/>\n\t<meta property=\"og:image:height\" content=\"470\" \/>\n\t<meta property=\"og:image:type\" content=\"image\/png\" \/>\n<meta name=\"twitter:card\" content=\"summary_large_image\" \/>\n<meta name=\"twitter:label1\" content=\"Est. tempo de leitura\" \/>\n\t<meta name=\"twitter:data1\" content=\"3 minutos\" \/>\n<script type=\"application\/ld+json\" class=\"yoast-schema-graph\">{\"@context\":\"https:\\\/\\\/schema.org\",\"@graph\":[{\"@type\":\"WebPage\",\"@id\":\"https:\\\/\\\/www.lojamelhordosul.com.br\\\/site\\\/produto\\\/fechadura-eletrica-intelbras-fx-2000-aj-preta\\\/\",\"url\":\"https:\\\/\\\/www.lojamelhordosul.com.br\\\/site\\\/produto\\\/fechadura-eletrica-intelbras-fx-2000-aj-preta\\\/\",\"name\":\"Fechadura El\u00e9trica Intelbras Fx 500 Preta - Loja Melhor do Sul Sistemas de Seguran\u00e7a\",\"isPartOf\":{\"@id\":\"https:\\\/\\\/www.lojamelhordosul.com.br\\\/site\\\/#website\"},\"primaryImageOfPage\":{\"@id\":\"https:\\\/\\\/www.lojamelhordosul.com.br\\\/site\\\/produto\\\/fechadura-eletrica-intelbras-fx-2000-aj-preta\\\/#primaryimage\"},\"image\":{\"@id\":\"https:\\\/\\\/www.lojamelhordosul.com.br\\\/site\\\/produto\\\/fechadura-eletrica-intelbras-fx-2000-aj-preta\\\/#primaryimage\"},\"thumbnailUrl\":\"https:\\\/\\\/www.lojamelhordosul.com.br\\\/site\\\/wp-content\\\/uploads\\\/2024\\\/02\\\/Captura-de-tela-2024-02-28-155323.png\",\"datePublished\":\"2022-05-06T18:03:24+00:00\",\"dateModified\":\"2026-03-13T20:38:56+00:00\",\"breadcrumb\":{\"@id\":\"https:\\\/\\\/www.lojamelhordosul.com.br\\\/site\\\/produto\\\/fechadura-eletrica-intelbras-fx-2000-aj-preta\\\/#breadcrumb\"},\"inLanguage\":\"pt-BR\",\"potentialAction\":[{\"@type\":\"ReadAction\",\"target\":[\"https:\\\/\\\/www.lojamelhordosul.com.br\\\/site\\\/produto\\\/fechadura-eletrica-intelbras-fx-2000-aj-preta\\\/\"]}]},{\"@type\":\"ImageObject\",\"inLanguage\":\"pt-BR\",\"@id\":\"https:\\\/\\\/www.lojamelhordosul.com.br\\\/site\\\/produto\\\/fechadura-eletrica-intelbras-fx-2000-aj-preta\\\/#primaryimage\",\"url\":\"https:\\\/\\\/www.lojamelhordosul.com.br\\\/site\\\/wp-content\\\/uploads\\\/2024\\\/02\\\/Captura-de-tela-2024-02-28-155323.png\",\"contentUrl\":\"https:\\\/\\\/www.lojamelhordosul.com.br\\\/site\\\/wp-content\\\/uploads\\\/2024\\\/02\\\/Captura-de-tela-2024-02-28-155323.png\",\"width\":665,\"height\":470},{\"@type\":\"BreadcrumbList\",\"@id\":\"https:\\\/\\\/www.lojamelhordosul.com.br\\\/site\\\/produto\\\/fechadura-eletrica-intelbras-fx-2000-aj-preta\\\/#breadcrumb\",\"itemListElement\":[{\"@type\":\"ListItem\",\"position\":1,\"name\":\"In\u00edcio\",\"item\":\"https:\\\/\\\/www.lojamelhordosul.com.br\\\/site\\\/\"},{\"@type\":\"ListItem\",\"position\":2,\"name\":\"Loja\",\"item\":\"https:\\\/\\\/www.lojamelhordosul.com.br\\\/site\\\/loja\\\/\"},{\"@type\":\"ListItem\",\"position\":3,\"name\":\"Fechadura El\u00e9trica Intelbras Fx 500 Preta\"}]},{\"@type\":\"WebSite\",\"@id\":\"https:\\\/\\\/www.lojamelhordosul.com.br\\\/site\\\/#website\",\"url\":\"https:\\\/\\\/www.lojamelhordosul.com.br\\\/site\\\/\",\"name\":\"Loja Melhor do Sul Sistemas de Seguran\u00e7a\",\"description\":\"Loja Melhor do Sul - Revenda Ouro Intelbras em Porto Alegre\",\"publisher\":{\"@id\":\"https:\\\/\\\/www.lojamelhordosul.com.br\\\/site\\\/#organization\"},\"potentialAction\":[{\"@type\":\"SearchAction\",\"target\":{\"@type\":\"EntryPoint\",\"urlTemplate\":\"https:\\\/\\\/www.lojamelhordosul.com.br\\\/site\\\/?s={search_term_string}\"},\"query-input\":{\"@type\":\"PropertyValueSpecification\",\"valueRequired\":true,\"valueName\":\"search_term_string\"}}],\"inLanguage\":\"pt-BR\"},{\"@type\":\"Organization\",\"@id\":\"https:\\\/\\\/www.lojamelhordosul.com.br\\\/site\\\/#organization\",\"name\":\"Loja Melhor do Sul\",\"url\":\"https:\\\/\\\/www.lojamelhordosul.com.br\\\/site\\\/\",\"logo\":{\"@type\":\"ImageObject\",\"inLanguage\":\"pt-BR\",\"@id\":\"https:\\\/\\\/www.lojamelhordosul.com.br\\\/site\\\/#\\\/schema\\\/logo\\\/image\\\/\",\"url\":\"https:\\\/\\\/www.lojamelhordosul.com.br\\\/site\\\/wp-content\\\/uploads\\\/2019\\\/10\\\/logo-longo-da-loja.png\",\"contentUrl\":\"https:\\\/\\\/www.lojamelhordosul.com.br\\\/site\\\/wp-content\\\/uploads\\\/2019\\\/10\\\/logo-longo-da-loja.png\",\"width\":597,\"height\":114,\"caption\":\"Loja Melhor do Sul\"},\"image\":{\"@id\":\"https:\\\/\\\/www.lojamelhordosul.com.br\\\/site\\\/#\\\/schema\\\/logo\\\/image\\\/\"}}]}<\/script>\n<!-- \/ Yoast SEO plugin. -->","yoast_head_json":{"title":"Fechadura El\u00e9trica Intelbras Fx 500 Preta - Loja Melhor do Sul Sistemas de Seguran\u00e7a","robots":{"index":"index","follow":"follow","max-snippet":"max-snippet:-1","max-image-preview":"max-image-preview:large","max-video-preview":"max-video-preview:-1"},"canonical":"https:\/\/www.lojamelhordosul.com.br\/site\/produto\/fechadura-eletrica-intelbras-fx-2000-aj-preta\/","og_locale":"pt_BR","og_type":"article","og_title":"Fechadura El\u00e9trica Intelbras Fx 500 Preta - Loja Melhor do Sul Sistemas de Seguran\u00e7a","og_description":"&nbsp; &nbsp; Muito segura e pr\u00e1tica, a fechadura FX 2000 AJ \u00e9 a solu\u00e7\u00e3o ideal para\u00a0controle de acesso em ambientes comerciais ou residenciais. Dispon\u00edvel nas cores preta e cinza, possui acabamento elegante, que amplia as possibilidades de aplica\u00e7\u00e3o. Al\u00e9m disso, os acess\u00f3rios\u00a0Guia do batente e Batente de embutir\u00a0permitem ao usu\u00e1rio escolher se a porta abrir\u00e1 &hellip; Continuar lendo Fechadura El\u00e9trica Intelbras Fx 500 Preta","og_url":"https:\/\/www.lojamelhordosul.com.br\/site\/produto\/fechadura-eletrica-intelbras-fx-2000-aj-preta\/","og_site_name":"Loja Melhor do Sul Sistemas de Seguran\u00e7a","article_modified_time":"2026-03-13T20:38:56+00:00","og_image":[{"width":665,"height":470,"url":"https:\/\/www.lojamelhordosul.com.br\/site\/wp-content\/uploads\/2024\/02\/Captura-de-tela-2024-02-28-155323.png","type":"image\/png"}],"twitter_card":"summary_large_image","twitter_misc":{"Est. tempo de leitura":"3 minutos"},"schema":{"@context":"https:\/\/schema.org","@graph":[{"@type":"WebPage","@id":"https:\/\/www.lojamelhordosul.com.br\/site\/produto\/fechadura-eletrica-intelbras-fx-2000-aj-preta\/","url":"https:\/\/www.lojamelhordosul.com.br\/site\/produto\/fechadura-eletrica-intelbras-fx-2000-aj-preta\/","name":"Fechadura El\u00e9trica Intelbras Fx 500 Preta - Loja Melhor do Sul Sistemas de Seguran\u00e7a","isPartOf":{"@id":"https:\/\/www.lojamelhordosul.com.br\/site\/#website"},"primaryImageOfPage":{"@id":"https:\/\/www.lojamelhordosul.com.br\/site\/produto\/fechadura-eletrica-intelbras-fx-2000-aj-preta\/#primaryimage"},"image":{"@id":"https:\/\/www.lojamelhordosul.com.br\/site\/produto\/fechadura-eletrica-intelbras-fx-2000-aj-preta\/#primaryimage"},"thumbnailUrl":"https:\/\/www.lojamelhordosul.com.br\/site\/wp-content\/uploads\/2024\/02\/Captura-de-tela-2024-02-28-155323.png","datePublished":"2022-05-06T18:03:24+00:00","dateModified":"2026-03-13T20:38:56+00:00","breadcrumb":{"@id":"https:\/\/www.lojamelhordosul.com.br\/site\/produto\/fechadura-eletrica-intelbras-fx-2000-aj-preta\/#breadcrumb"},"inLanguage":"pt-BR","potentialAction":[{"@type":"ReadAction","target":["https:\/\/www.lojamelhordosul.com.br\/site\/produto\/fechadura-eletrica-intelbras-fx-2000-aj-preta\/"]}]},{"@type":"ImageObject","inLanguage":"pt-BR","@id":"https:\/\/www.lojamelhordosul.com.br\/site\/produto\/fechadura-eletrica-intelbras-fx-2000-aj-preta\/#primaryimage","url":"https:\/\/www.lojamelhordosul.com.br\/site\/wp-content\/uploads\/2024\/02\/Captura-de-tela-2024-02-28-155323.png","contentUrl":"https:\/\/www.lojamelhordosul.com.br\/site\/wp-content\/uploads\/2024\/02\/Captura-de-tela-2024-02-28-155323.png","width":665,"height":470},{"@type":"BreadcrumbList","@id":"https:\/\/www.lojamelhordosul.com.br\/site\/produto\/fechadura-eletrica-intelbras-fx-2000-aj-preta\/#breadcrumb","itemListElement":[{"@type":"ListItem","position":1,"name":"In\u00edcio","item":"https:\/\/www.lojamelhordosul.com.br\/site\/"},{"@type":"ListItem","position":2,"name":"Loja","item":"https:\/\/www.lojamelhordosul.com.br\/site\/loja\/"},{"@type":"ListItem","position":3,"name":"Fechadura El\u00e9trica Intelbras Fx 500 Preta"}]},{"@type":"WebSite","@id":"https:\/\/www.lojamelhordosul.com.br\/site\/#website","url":"https:\/\/www.lojamelhordosul.com.br\/site\/","name":"Loja Melhor do Sul Sistemas de Seguran\u00e7a","description":"Loja Melhor do Sul - Revenda Ouro Intelbras em Porto Alegre","publisher":{"@id":"https:\/\/www.lojamelhordosul.com.br\/site\/#organization"},"potentialAction":[{"@type":"SearchAction","target":{"@type":"EntryPoint","urlTemplate":"https:\/\/www.lojamelhordosul.com.br\/site\/?s={search_term_string}"},"query-input":{"@type":"PropertyValueSpecification","valueRequired":true,"valueName":"search_term_string"}}],"inLanguage":"pt-BR"},{"@type":"Organization","@id":"https:\/\/www.lojamelhordosul.com.br\/site\/#organization","name":"Loja Melhor do Sul","url":"https:\/\/www.lojamelhordosul.com.br\/site\/","logo":{"@type":"ImageObject","inLanguage":"pt-BR","@id":"https:\/\/www.lojamelhordosul.com.br\/site\/#\/schema\/logo\/image\/","url":"https:\/\/www.lojamelhordosul.com.br\/site\/wp-content\/uploads\/2019\/10\/logo-longo-da-loja.png","contentUrl":"https:\/\/www.lojamelhordosul.com.br\/site\/wp-content\/uploads\/2019\/10\/logo-longo-da-loja.png","width":597,"height":114,"caption":"Loja Melhor do Sul"},"image":{"@id":"https:\/\/www.lojamelhordosul.com.br\/site\/#\/schema\/logo\/image\/"}}]}},"_links":{"self":[{"href":"https:\/\/www.lojamelhordosul.com.br\/site\/wp-json\/wp\/v2\/product\/12853","targetHints":{"allow":["GET"]}}],"collection":[{"href":"https:\/\/www.lojamelhordosul.com.br\/site\/wp-json\/wp\/v2\/product"}],"about":[{"href":"https:\/\/www.lojamelhordosul.com.br\/site\/wp-json\/wp\/v2\/types\/product"}],"replies":[{"embeddable":true,"href":"https:\/\/www.lojamelhordosul.com.br\/site\/wp-json\/wp\/v2\/comments?post=12853"}],"wp:featuredmedia":[{"embeddable":true,"href":"https:\/\/www.lojamelhordosul.com.br\/site\/wp-json\/wp\/v2\/media\/14650"}],"wp:attachment":[{"href":"https:\/\/www.lojamelhordosul.com.br\/site\/wp-json\/wp\/v2\/media?parent=12853"}],"wp:term":[{"taxonomy":"product_brand","embeddable":true,"href":"https:\/\/www.lojamelhordosul.com.br\/site\/wp-json\/wp\/v2\/product_brand?post=12853"},{"taxonomy":"product_cat","embeddable":true,"href":"https:\/\/www.lojamelhordosul.com.br\/site\/wp-json\/wp\/v2\/product_cat?post=12853"},{"taxonomy":"product_tag","embeddable":true,"href":"https:\/\/www.lojamelhordosul.com.br\/site\/wp-json\/wp\/v2\/product_tag?post=12853"}],"curies":[{"name":"wp","href":"https:\/\/api.w.org\/{rel}","templated":true}]}}