{"id":12987,"date":"2022-06-21T16:45:28","date_gmt":"2022-06-21T19:45:28","guid":{"rendered":"https:\/\/www.lojamelhordosul.com.br\/site\/?post_type=product&#038;p=12987"},"modified":"2026-03-13T17:35:12","modified_gmt":"2026-03-13T20:35:12","slug":"central-pabx-hibrida-intelbras-impacta-140-parede-digital-ip","status":"publish","type":"product","link":"https:\/\/www.lojamelhordosul.com.br\/site\/produto\/central-pabx-hibrida-intelbras-impacta-140-parede-digital-ip\/","title":{"rendered":"Central Pabx H\u00edbrida Intelbras Impacta 140 Parede Digital Ip"},"content":{"rendered":"<table cellspacing=\"0\" cellpadding=\"0\">\n<tbody>\n<tr>\n<td class=\"cke-align-top\"><img decoding=\"async\" class=\"media-element file-default\" title=\"Impacta 140\" src=\"http:\/\/suporte-tecnico.intelbras.com.br\/sites\/default\/files\/flyer_digital_site_impacta_94_140_220_300_01_0.png\" alt=\"Impacta 140\" \/><\/p>\n<p>&nbsp;<\/p>\n<p>&nbsp;<\/p>\n<p>As centrais Impacta possuem todas as fun\u00e7\u00f5es que voc\u00ea espera de uma central de comunica\u00e7\u00e3o. S\u00e3o produtos h\u00edbridos desenvolvidos para empresas que buscam integrar as tecnologias anal\u00f3gica, digital e IP.<br \/>\n&nbsp;<\/td>\n<\/tr>\n<\/tbody>\n<\/table>\n<hr \/>\n<table cellspacing=\"0\" cellpadding=\"0\">\n<tbody>\n<tr>\n<td class=\"cke-align-top\"><img decoding=\"async\" class=\"media-element file-default\" title=\"Impacta 140\" src=\"http:\/\/suporte-tecnico.intelbras.com.br\/sites\/default\/files\/flyer_digital_site_impacta_94_140_220_300_03_0.png\" alt=\"Impacta 140\" \/><\/p>\n<p>&nbsp;<\/p>\n<p>Seguran\u00e7a e qualidade no atendimento<\/p>\n<p>O gravador de chamadas Impacta permite a grava\u00e7\u00e3o de chamadas em ramais TDM e IP atrav\u00e9s de um cart\u00e3o SD conectado \u00e0 placa CPU da pr\u00f3pria central. Assim, \u00e9 poss\u00edvel alavancar a produtividade no atendimento, pois a empresa sabe como seus colaboradores est\u00e3o tratando clientes, fornecedores e parceiros. Isso permite avaliar e tomar a\u00e7\u00f5es preventivas e corretivas, melhorando a qualidade do atendimento e a satisfa\u00e7\u00e3o dos clientes.<\/td>\n<\/tr>\n<\/tbody>\n<\/table>\n<hr \/>\n<table cellspacing=\"0\" cellpadding=\"0\">\n<tbody>\n<tr>\n<td class=\"cke-align-top\"><img decoding=\"async\" class=\"media-element file-default\" title=\"Impacta 140\" src=\"http:\/\/suporte-tecnico.intelbras.com.br\/sites\/default\/files\/flyer_digital_site_impacta_94_140_220_300_04_0.png\" alt=\"Impacta 140\" \/><\/p>\n<p>&nbsp;<\/p>\n<p>Comunica\u00e7\u00e3o IP<\/p>\n<p>Com o uso da placa ICIP, \u00e9 poss\u00edvel ampliar as centrais Impacta em at\u00e9 30 troncos IP e 120 ramais IP, proporcionando maior economia, agilidade e mobilidade \u00e0s empresas.<\/td>\n<\/tr>\n<\/tbody>\n<\/table>\n<hr \/>\n<table cellspacing=\"0\" cellpadding=\"0\">\n<tbody>\n<tr>\n<td class=\"cke-align-top\"><img decoding=\"async\" class=\"media-element file-default\" title=\"Impacta 140\" src=\"http:\/\/suporte-tecnico.intelbras.com.br\/sites\/default\/files\/flyer_digital_site_impacta_94_140_220_300_05_0.png\" alt=\"Impacta 140\" \/><\/p>\n<p>&nbsp;<\/p>\n<p>Garantia de investimento<\/p>\n<p>As centrais Impacta 94, 140, 220 e 300 s\u00e3o modulares. Isso proporciona ampla adapta\u00e7\u00e3o \u00e0s necessidades e ao ritmo de crescimento de cada empresa, permitindo aplicar solu\u00e7\u00f5es flex\u00edveis que preservam o investimento inicial.<\/td>\n<\/tr>\n<\/tbody>\n<\/table>\n<hr \/>\n<table cellspacing=\"0\" cellpadding=\"0\">\n<tbody>\n<tr>\n<td class=\"cke-align-top\"><img decoding=\"async\" class=\"media-element file-default\" title=\"Impacta 140\" src=\"http:\/\/suporte-tecnico.intelbras.com.br\/sites\/default\/files\/flyer_digital_site_impacta_94_140_220_300_06_0.png\" alt=\"Impacta 140\" \/><\/p>\n<p>&nbsp;<\/p>\n<p>&nbsp;<\/p>\n<p>Economia nas liga\u00e7\u00f5es<\/p>\n<p>As placas-tronco GSM de 4 e 8 canais garantem redu\u00e7\u00e3o significativa nos gastos com telefonia m\u00f3vel, al\u00e9m de qualidade de \u00e1udio superior (digital).<\/td>\n<\/tr>\n<\/tbody>\n<\/table>\n","protected":false},"excerpt":{"rendered":"<p>A linha Impacta \u00e9 composta por centrais PABX de comunica\u00e7\u00e3o h\u00edbrida que integram as tecnologias anal\u00f3gica, digital e IP.<\/p>\n","protected":false},"featured_media":12989,"comment_status":"closed","ping_status":"closed","template":"","meta":[],"product_brand":[],"product_cat":[2786,2784,2790,2785],"product_tag":[],"class_list":{"0":"post-12987","1":"product","2":"type-product","3":"status-publish","4":"has-post-thumbnail","6":"product_cat-telefonia-centrais-telefonicas","7":"product_cat-area-comunicacao","8":"product_cat-telefone-pabx","9":"product_cat-comunicacao-telefonia","11":"first","12":"instock","13":"shipping-taxable","14":"purchasable","15":"product-type-simple"},"yoast_head":"<!-- This site is optimized with the Yoast SEO plugin v27.3 - https:\/\/yoast.com\/product\/yoast-seo-wordpress\/ -->\n<title>Central Pabx H\u00edbrida Intelbras Impacta 140 Parede Digital Ip - Loja Melhor do Sul Sistemas de Seguran\u00e7a<\/title>\n<meta name=\"robots\" content=\"index, follow, max-snippet:-1, max-image-preview:large, max-video-preview:-1\" \/>\n<link rel=\"canonical\" href=\"https:\/\/www.lojamelhordosul.com.br\/site\/produto\/central-pabx-hibrida-intelbras-impacta-140-parede-digital-ip\/\" \/>\n<meta property=\"og:locale\" content=\"pt_BR\" \/>\n<meta property=\"og:type\" content=\"article\" \/>\n<meta property=\"og:title\" content=\"Central Pabx H\u00edbrida Intelbras Impacta 140 Parede Digital Ip - Loja Melhor do Sul Sistemas de Seguran\u00e7a\" \/>\n<meta property=\"og:description\" content=\"A linha Impacta \u00e9 composta por centrais PABX de comunica\u00e7\u00e3o h\u00edbrida que integram as tecnologias anal\u00f3gica, digital e IP.\" \/>\n<meta property=\"og:url\" content=\"https:\/\/www.lojamelhordosul.com.br\/site\/produto\/central-pabx-hibrida-intelbras-impacta-140-parede-digital-ip\/\" \/>\n<meta property=\"og:site_name\" content=\"Loja Melhor do Sul Sistemas de Seguran\u00e7a\" \/>\n<meta property=\"article:modified_time\" content=\"2026-03-13T20:35:12+00:00\" \/>\n<meta property=\"og:image\" content=\"https:\/\/www.lojamelhordosul.com.br\/site\/wp-content\/uploads\/2022\/06\/central_pabx_intelbras_impacta_140_00_linhas_e_00_ramais_115_1_5aa34898f339f221b40e6f4e81bdc1c7.webp\" \/>\n\t<meta property=\"og:image:width\" content=\"1000\" \/>\n\t<meta property=\"og:image:height\" content=\"1000\" \/>\n\t<meta property=\"og:image:type\" content=\"image\/webp\" \/>\n<meta name=\"twitter:card\" content=\"summary_large_image\" \/>\n<meta name=\"twitter:label1\" content=\"Est. tempo de leitura\" \/>\n\t<meta name=\"twitter:data1\" content=\"3 minutos\" \/>\n<script type=\"application\/ld+json\" class=\"yoast-schema-graph\">{\"@context\":\"https:\\\/\\\/schema.org\",\"@graph\":[{\"@type\":\"WebPage\",\"@id\":\"https:\\\/\\\/www.lojamelhordosul.com.br\\\/site\\\/produto\\\/central-pabx-hibrida-intelbras-impacta-140-parede-digital-ip\\\/\",\"url\":\"https:\\\/\\\/www.lojamelhordosul.com.br\\\/site\\\/produto\\\/central-pabx-hibrida-intelbras-impacta-140-parede-digital-ip\\\/\",\"name\":\"Central Pabx H\u00edbrida Intelbras Impacta 140 Parede Digital Ip - Loja Melhor do Sul Sistemas de Seguran\u00e7a\",\"isPartOf\":{\"@id\":\"https:\\\/\\\/www.lojamelhordosul.com.br\\\/site\\\/#website\"},\"primaryImageOfPage\":{\"@id\":\"https:\\\/\\\/www.lojamelhordosul.com.br\\\/site\\\/produto\\\/central-pabx-hibrida-intelbras-impacta-140-parede-digital-ip\\\/#primaryimage\"},\"image\":{\"@id\":\"https:\\\/\\\/www.lojamelhordosul.com.br\\\/site\\\/produto\\\/central-pabx-hibrida-intelbras-impacta-140-parede-digital-ip\\\/#primaryimage\"},\"thumbnailUrl\":\"https:\\\/\\\/www.lojamelhordosul.com.br\\\/site\\\/wp-content\\\/uploads\\\/2022\\\/06\\\/central_pabx_intelbras_impacta_140_00_linhas_e_00_ramais_115_1_5aa34898f339f221b40e6f4e81bdc1c7.webp\",\"datePublished\":\"2022-06-21T19:45:28+00:00\",\"dateModified\":\"2026-03-13T20:35:12+00:00\",\"breadcrumb\":{\"@id\":\"https:\\\/\\\/www.lojamelhordosul.com.br\\\/site\\\/produto\\\/central-pabx-hibrida-intelbras-impacta-140-parede-digital-ip\\\/#breadcrumb\"},\"inLanguage\":\"pt-BR\",\"potentialAction\":[{\"@type\":\"ReadAction\",\"target\":[\"https:\\\/\\\/www.lojamelhordosul.com.br\\\/site\\\/produto\\\/central-pabx-hibrida-intelbras-impacta-140-parede-digital-ip\\\/\"]}]},{\"@type\":\"ImageObject\",\"inLanguage\":\"pt-BR\",\"@id\":\"https:\\\/\\\/www.lojamelhordosul.com.br\\\/site\\\/produto\\\/central-pabx-hibrida-intelbras-impacta-140-parede-digital-ip\\\/#primaryimage\",\"url\":\"https:\\\/\\\/www.lojamelhordosul.com.br\\\/site\\\/wp-content\\\/uploads\\\/2022\\\/06\\\/central_pabx_intelbras_impacta_140_00_linhas_e_00_ramais_115_1_5aa34898f339f221b40e6f4e81bdc1c7.webp\",\"contentUrl\":\"https:\\\/\\\/www.lojamelhordosul.com.br\\\/site\\\/wp-content\\\/uploads\\\/2022\\\/06\\\/central_pabx_intelbras_impacta_140_00_linhas_e_00_ramais_115_1_5aa34898f339f221b40e6f4e81bdc1c7.webp\",\"width\":1000,\"height\":1000},{\"@type\":\"BreadcrumbList\",\"@id\":\"https:\\\/\\\/www.lojamelhordosul.com.br\\\/site\\\/produto\\\/central-pabx-hibrida-intelbras-impacta-140-parede-digital-ip\\\/#breadcrumb\",\"itemListElement\":[{\"@type\":\"ListItem\",\"position\":1,\"name\":\"In\u00edcio\",\"item\":\"https:\\\/\\\/www.lojamelhordosul.com.br\\\/site\\\/\"},{\"@type\":\"ListItem\",\"position\":2,\"name\":\"Loja\",\"item\":\"https:\\\/\\\/www.lojamelhordosul.com.br\\\/site\\\/loja\\\/\"},{\"@type\":\"ListItem\",\"position\":3,\"name\":\"Central Pabx H\u00edbrida Intelbras Impacta 140 Parede Digital Ip\"}]},{\"@type\":\"WebSite\",\"@id\":\"https:\\\/\\\/www.lojamelhordosul.com.br\\\/site\\\/#website\",\"url\":\"https:\\\/\\\/www.lojamelhordosul.com.br\\\/site\\\/\",\"name\":\"Loja Melhor do Sul Sistemas de Seguran\u00e7a\",\"description\":\"Loja Melhor do Sul - Revenda Ouro Intelbras em Porto Alegre\",\"publisher\":{\"@id\":\"https:\\\/\\\/www.lojamelhordosul.com.br\\\/site\\\/#organization\"},\"potentialAction\":[{\"@type\":\"SearchAction\",\"target\":{\"@type\":\"EntryPoint\",\"urlTemplate\":\"https:\\\/\\\/www.lojamelhordosul.com.br\\\/site\\\/?s={search_term_string}\"},\"query-input\":{\"@type\":\"PropertyValueSpecification\",\"valueRequired\":true,\"valueName\":\"search_term_string\"}}],\"inLanguage\":\"pt-BR\"},{\"@type\":\"Organization\",\"@id\":\"https:\\\/\\\/www.lojamelhordosul.com.br\\\/site\\\/#organization\",\"name\":\"Loja Melhor do Sul\",\"url\":\"https:\\\/\\\/www.lojamelhordosul.com.br\\\/site\\\/\",\"logo\":{\"@type\":\"ImageObject\",\"inLanguage\":\"pt-BR\",\"@id\":\"https:\\\/\\\/www.lojamelhordosul.com.br\\\/site\\\/#\\\/schema\\\/logo\\\/image\\\/\",\"url\":\"https:\\\/\\\/www.lojamelhordosul.com.br\\\/site\\\/wp-content\\\/uploads\\\/2019\\\/10\\\/logo-longo-da-loja.png\",\"contentUrl\":\"https:\\\/\\\/www.lojamelhordosul.com.br\\\/site\\\/wp-content\\\/uploads\\\/2019\\\/10\\\/logo-longo-da-loja.png\",\"width\":597,\"height\":114,\"caption\":\"Loja Melhor do Sul\"},\"image\":{\"@id\":\"https:\\\/\\\/www.lojamelhordosul.com.br\\\/site\\\/#\\\/schema\\\/logo\\\/image\\\/\"}}]}<\/script>\n<!-- \/ Yoast SEO plugin. -->","yoast_head_json":{"title":"Central Pabx H\u00edbrida Intelbras Impacta 140 Parede Digital Ip - Loja Melhor do Sul Sistemas de Seguran\u00e7a","robots":{"index":"index","follow":"follow","max-snippet":"max-snippet:-1","max-image-preview":"max-image-preview:large","max-video-preview":"max-video-preview:-1"},"canonical":"https:\/\/www.lojamelhordosul.com.br\/site\/produto\/central-pabx-hibrida-intelbras-impacta-140-parede-digital-ip\/","og_locale":"pt_BR","og_type":"article","og_title":"Central Pabx H\u00edbrida Intelbras Impacta 140 Parede Digital Ip - Loja Melhor do Sul Sistemas de Seguran\u00e7a","og_description":"A linha Impacta \u00e9 composta por centrais PABX de comunica\u00e7\u00e3o h\u00edbrida que integram as tecnologias anal\u00f3gica, digital e IP.","og_url":"https:\/\/www.lojamelhordosul.com.br\/site\/produto\/central-pabx-hibrida-intelbras-impacta-140-parede-digital-ip\/","og_site_name":"Loja Melhor do Sul Sistemas de Seguran\u00e7a","article_modified_time":"2026-03-13T20:35:12+00:00","og_image":[{"width":1000,"height":1000,"url":"https:\/\/www.lojamelhordosul.com.br\/site\/wp-content\/uploads\/2022\/06\/central_pabx_intelbras_impacta_140_00_linhas_e_00_ramais_115_1_5aa34898f339f221b40e6f4e81bdc1c7.webp","type":"image\/webp"}],"twitter_card":"summary_large_image","twitter_misc":{"Est. tempo de leitura":"3 minutos"},"schema":{"@context":"https:\/\/schema.org","@graph":[{"@type":"WebPage","@id":"https:\/\/www.lojamelhordosul.com.br\/site\/produto\/central-pabx-hibrida-intelbras-impacta-140-parede-digital-ip\/","url":"https:\/\/www.lojamelhordosul.com.br\/site\/produto\/central-pabx-hibrida-intelbras-impacta-140-parede-digital-ip\/","name":"Central Pabx H\u00edbrida Intelbras Impacta 140 Parede Digital Ip - Loja Melhor do Sul Sistemas de Seguran\u00e7a","isPartOf":{"@id":"https:\/\/www.lojamelhordosul.com.br\/site\/#website"},"primaryImageOfPage":{"@id":"https:\/\/www.lojamelhordosul.com.br\/site\/produto\/central-pabx-hibrida-intelbras-impacta-140-parede-digital-ip\/#primaryimage"},"image":{"@id":"https:\/\/www.lojamelhordosul.com.br\/site\/produto\/central-pabx-hibrida-intelbras-impacta-140-parede-digital-ip\/#primaryimage"},"thumbnailUrl":"https:\/\/www.lojamelhordosul.com.br\/site\/wp-content\/uploads\/2022\/06\/central_pabx_intelbras_impacta_140_00_linhas_e_00_ramais_115_1_5aa34898f339f221b40e6f4e81bdc1c7.webp","datePublished":"2022-06-21T19:45:28+00:00","dateModified":"2026-03-13T20:35:12+00:00","breadcrumb":{"@id":"https:\/\/www.lojamelhordosul.com.br\/site\/produto\/central-pabx-hibrida-intelbras-impacta-140-parede-digital-ip\/#breadcrumb"},"inLanguage":"pt-BR","potentialAction":[{"@type":"ReadAction","target":["https:\/\/www.lojamelhordosul.com.br\/site\/produto\/central-pabx-hibrida-intelbras-impacta-140-parede-digital-ip\/"]}]},{"@type":"ImageObject","inLanguage":"pt-BR","@id":"https:\/\/www.lojamelhordosul.com.br\/site\/produto\/central-pabx-hibrida-intelbras-impacta-140-parede-digital-ip\/#primaryimage","url":"https:\/\/www.lojamelhordosul.com.br\/site\/wp-content\/uploads\/2022\/06\/central_pabx_intelbras_impacta_140_00_linhas_e_00_ramais_115_1_5aa34898f339f221b40e6f4e81bdc1c7.webp","contentUrl":"https:\/\/www.lojamelhordosul.com.br\/site\/wp-content\/uploads\/2022\/06\/central_pabx_intelbras_impacta_140_00_linhas_e_00_ramais_115_1_5aa34898f339f221b40e6f4e81bdc1c7.webp","width":1000,"height":1000},{"@type":"BreadcrumbList","@id":"https:\/\/www.lojamelhordosul.com.br\/site\/produto\/central-pabx-hibrida-intelbras-impacta-140-parede-digital-ip\/#breadcrumb","itemListElement":[{"@type":"ListItem","position":1,"name":"In\u00edcio","item":"https:\/\/www.lojamelhordosul.com.br\/site\/"},{"@type":"ListItem","position":2,"name":"Loja","item":"https:\/\/www.lojamelhordosul.com.br\/site\/loja\/"},{"@type":"ListItem","position":3,"name":"Central Pabx H\u00edbrida Intelbras Impacta 140 Parede Digital Ip"}]},{"@type":"WebSite","@id":"https:\/\/www.lojamelhordosul.com.br\/site\/#website","url":"https:\/\/www.lojamelhordosul.com.br\/site\/","name":"Loja Melhor do Sul Sistemas de Seguran\u00e7a","description":"Loja Melhor do Sul - Revenda Ouro Intelbras em Porto Alegre","publisher":{"@id":"https:\/\/www.lojamelhordosul.com.br\/site\/#organization"},"potentialAction":[{"@type":"SearchAction","target":{"@type":"EntryPoint","urlTemplate":"https:\/\/www.lojamelhordosul.com.br\/site\/?s={search_term_string}"},"query-input":{"@type":"PropertyValueSpecification","valueRequired":true,"valueName":"search_term_string"}}],"inLanguage":"pt-BR"},{"@type":"Organization","@id":"https:\/\/www.lojamelhordosul.com.br\/site\/#organization","name":"Loja Melhor do Sul","url":"https:\/\/www.lojamelhordosul.com.br\/site\/","logo":{"@type":"ImageObject","inLanguage":"pt-BR","@id":"https:\/\/www.lojamelhordosul.com.br\/site\/#\/schema\/logo\/image\/","url":"https:\/\/www.lojamelhordosul.com.br\/site\/wp-content\/uploads\/2019\/10\/logo-longo-da-loja.png","contentUrl":"https:\/\/www.lojamelhordosul.com.br\/site\/wp-content\/uploads\/2019\/10\/logo-longo-da-loja.png","width":597,"height":114,"caption":"Loja Melhor do Sul"},"image":{"@id":"https:\/\/www.lojamelhordosul.com.br\/site\/#\/schema\/logo\/image\/"}}]}},"_links":{"self":[{"href":"https:\/\/www.lojamelhordosul.com.br\/site\/wp-json\/wp\/v2\/product\/12987","targetHints":{"allow":["GET"]}}],"collection":[{"href":"https:\/\/www.lojamelhordosul.com.br\/site\/wp-json\/wp\/v2\/product"}],"about":[{"href":"https:\/\/www.lojamelhordosul.com.br\/site\/wp-json\/wp\/v2\/types\/product"}],"replies":[{"embeddable":true,"href":"https:\/\/www.lojamelhordosul.com.br\/site\/wp-json\/wp\/v2\/comments?post=12987"}],"wp:featuredmedia":[{"embeddable":true,"href":"https:\/\/www.lojamelhordosul.com.br\/site\/wp-json\/wp\/v2\/media\/12989"}],"wp:attachment":[{"href":"https:\/\/www.lojamelhordosul.com.br\/site\/wp-json\/wp\/v2\/media?parent=12987"}],"wp:term":[{"taxonomy":"product_brand","embeddable":true,"href":"https:\/\/www.lojamelhordosul.com.br\/site\/wp-json\/wp\/v2\/product_brand?post=12987"},{"taxonomy":"product_cat","embeddable":true,"href":"https:\/\/www.lojamelhordosul.com.br\/site\/wp-json\/wp\/v2\/product_cat?post=12987"},{"taxonomy":"product_tag","embeddable":true,"href":"https:\/\/www.lojamelhordosul.com.br\/site\/wp-json\/wp\/v2\/product_tag?post=12987"}],"curies":[{"name":"wp","href":"https:\/\/api.w.org\/{rel}","templated":true}]}}