{"id":13128,"date":"2022-07-26T09:55:06","date_gmt":"2022-07-26T12:55:06","guid":{"rendered":"https:\/\/www.lojamelhordosul.com.br\/site\/?post_type=product&#038;p=13128"},"modified":"2026-03-13T16:46:53","modified_gmt":"2026-03-13T19:46:53","slug":"repetidora-para-central-enderecavel-cie-rp520","status":"publish","type":"product","link":"https:\/\/www.lojamelhordosul.com.br\/site\/produto\/repetidora-para-central-enderecavel-cie-rp520\/","title":{"rendered":"REPETIDORA PARA CENTRAL ENDERECAVEL CIE &#8211; RP520"},"content":{"rendered":"<p><a href=\"https:\/\/www.lojamelhordosul.com.br\/site\/wp-content\/uploads\/2022\/07\/Logo-Longo.png\"><img decoding=\"async\" class=\"size-full wp-image-13029 aligncenter\" src=\"https:\/\/www.lojamelhordosul.com.br\/site\/wp-content\/uploads\/2022\/07\/Logo-Longo.png\" alt=\"\" width=\"597\" height=\"114\" \/><\/a><\/p>\n<div>\n<div class=\"z-index-4 internal-fixed-navigation\">\n<div class=\"grid-container  \">\n<div class=\"navigation-sticky\">\n<div class=\"grid-x align-middle\">\n<div class=\"cell navigation__cell-first large-auto text-left is-sticky\">\n<div class=\"overflow-x-auto start\">\n<div class=\"overflow-x-auto__wrapper\"><\/div>\n<\/div>\n<\/div>\n<div class=\"cell large-shrink navigation__cell-second\"><\/div>\n<\/div>\n<\/div>\n<\/div>\n<\/div>\n<\/div>\n<div>\n<div class=\"grid-container  \">\n<div class=\"mt2 mb2  \">\n<div class=\"grid-container  \">\n<div class=\"block-template overflow-hidden\">\n<div class=\"field field-name-field-description field-type-text-with-summary field-label-hidden wysiwyg_filtered\">\n<div class=\"field-items\">\n<div class=\"field-item even\">\n<table cellspacing=\"0\" cellpadding=\"0\">\n<tbody>\n<tr>\n<td class=\"cke-align-top\"><img decoding=\"async\" class=\"media-element file-default\" title=\"RP_520\" src=\"http:\/\/suporte-tecnico.intelbras.com.br\/sites\/default\/files\/flyer_digital_repetidora_rp520_03.png\" alt=\"RP_520\" \/><\/p>\n<h2><\/h2>\n<p>A RP 520 \u00e9 compat\u00edvel com as centrais de alarme de inc\u00eandio CIE. Sua principal fun\u00e7\u00e3o \u00e9\u00a0<span class=\"cke-bold\">descentralizar a informa\u00e7\u00e3o dos eventos registrados pela central em grandes locais<\/span>, principalmente onde h\u00e1 mais de uma portaria ou mais de um respons\u00e1vel pelo monitoramento da central.\u00a0<span class=\"cke-bold\">A repetidora foi desenvolvida com base nas normas vigentes<\/span>, desta forma fica assegurado o funcionamento e a confiabilidade do sistema.<\/p>\n<p><img decoding=\"async\" class=\"media-element file-default\" title=\"RP_520\" src=\"http:\/\/suporte-tecnico.intelbras.com.br\/sites\/default\/files\/flyer_digital_repetidora_rp520_06.png\" alt=\"RP_520\" \/><\/td>\n<\/tr>\n<\/tbody>\n<\/table>\n<table cellspacing=\"0\" cellpadding=\"0\">\n<tbody>\n<tr>\n<td class=\"cke-align-top\"><img decoding=\"async\" class=\"media-element file-default\" title=\"RP_520\" src=\"http:\/\/suporte-tecnico.intelbras.com.br\/sites\/default\/files\/flyer_digital_repetidora_rp520_11.png\" alt=\"RP_520\" \/><\/p>\n<h2><\/h2>\n<h2>At\u00e9 4 repetidoras por central<\/h2>\n<p><span class=\"cke-bold\">\u00c9 poss\u00edvel conectar at\u00e9 4 repetidoras RP 520 na mesma central<\/span>, garantindo maior\u00a0<span class=\"cke-bold\">agilidade e seguran\u00e7a na opera\u00e7\u00e3o<\/span>\u00a0do sistema, al\u00e9m da\u00a0<span class=\"cke-bold\">redu\u00e7\u00e3o de custos com cabeamento<\/span>\u00a0devido a flexibilidade do local de instala\u00e7\u00e3o da central.<\/p>\n<p><img decoding=\"async\" class=\"media-element file-default\" title=\"RP_520\" src=\"http:\/\/suporte-tecnico.intelbras.com.br\/sites\/default\/files\/flyer_digital_repetidora_rp520_13_0.png\" alt=\"RP_520\" \/><\/td>\n<\/tr>\n<\/tbody>\n<\/table>\n<table cellspacing=\"0\" cellpadding=\"0\">\n<tbody>\n<tr>\n<td class=\"cke-align-top\"><img decoding=\"async\" class=\"media-element file-default\" title=\"RP_520\" src=\"http:\/\/suporte-tecnico.intelbras.com.br\/sites\/default\/files\/flyer_digital_repetidora_rp520_17.png\" alt=\"RP_520\" \/><\/p>\n<h2><\/h2>\n<h2>Prote\u00e7\u00e3o contra surtos<\/h2>\n<p>O modelo possui dispositivos que\u00a0<span class=\"cke-bold\">protegem o sistema contra surtos na comunica\u00e7\u00e3o e na alimenta\u00e7\u00e3o<\/span>, geralmente causados por descargas atmosf\u00e9ricas.<\/td>\n<\/tr>\n<\/tbody>\n<\/table>\n<table cellspacing=\"0\" cellpadding=\"0\">\n<tbody>\n<tr>\n<td class=\"cke-align-top\"><img decoding=\"async\" class=\"media-element file-default\" title=\"RP_520\" src=\"http:\/\/suporte-tecnico.intelbras.com.br\/sites\/default\/files\/flyer_digital_repetidora_rp520_19.png\" alt=\"RP_520\" \/><\/p>\n<h2><\/h2>\n<h2>Instala\u00e7\u00e3o eficiente<\/h2>\n<p><span class=\"cke-bold\">Seu gabinete exclusivo e molde com fura\u00e7\u00f5es facilitam a instala\u00e7\u00e3o<\/span>. Al\u00e9m disso, a RP 520 possui exclusivo\u00a0<span class=\"cke-bold\">software de programa\u00e7\u00e3o gratuito<\/span>\u00a0para acesso via notebook, garantindo mais facilidade e agilidade na configura\u00e7\u00e3o e opera\u00e7\u00e3o da central.<\/td>\n<\/tr>\n<\/tbody>\n<\/table>\n<table cellspacing=\"0\" cellpadding=\"0\">\n<tbody>\n<tr>\n<td class=\"cke-align-top\"><img decoding=\"async\" class=\"media-element file-default\" title=\"RP_520\" src=\"http:\/\/suporte-tecnico.intelbras.com.br\/sites\/default\/files\/flyer_digital_repetidora_rp520_22_0.png\" alt=\"RP_520\" \/><\/p>\n<p>&nbsp;<\/p>\n<h2>Alimenta\u00e7\u00e3o atrav\u00e9s da pr\u00f3pria central<\/h2>\n<p>A alimenta\u00e7\u00e3o da RP 520 \u00e9 realizada atrav\u00e9s da pr\u00f3pria central CIE, ou seja,\u00a0<span class=\"cke-bold\">n\u00e3o necessita de outros equipamentos<\/span>, al\u00e9m da central,\u00a0<span class=\"cke-bold\">para funcionar<\/span>.<\/td>\n<\/tr>\n<\/tbody>\n<\/table>\n<table cellspacing=\"0\" cellpadding=\"0\">\n<tbody>\n<tr>\n<td class=\"cke-align-top\"><img decoding=\"async\" class=\"media-element file-default\" title=\"RP_520\" src=\"http:\/\/suporte-tecnico.intelbras.com.br\/sites\/default\/files\/flyer_digital_repetidora_rp520_25_0.png\" alt=\"RP_520\" \/><\/p>\n<p>&nbsp;<\/p>\n<h2>Compat\u00edvel com fam\u00edlia CIE<\/h2>\n<p>A RP 520 \u00e9 totalmente\u00a0<span class=\"cke-bold\">compat\u00edvel com as centrais de inc\u00eandio endere\u00e7\u00e1veis da fam\u00edlia CIE:<\/span>\u00a0CIE 1125, CIE 1250 e CIE 2500.<\/td>\n<\/tr>\n<\/tbody>\n<\/table>\n<\/div>\n<\/div>\n<\/div>\n<\/div>\n<\/div>\n<\/div>\n<\/div>\n<\/div>\n","protected":false},"excerpt":{"rendered":"<p>A repetidora descentraliza a informa\u00e7\u00e3o dos eventos registrados pela central em grandes locais, principalmente onde h\u00e1 mais de uma portaria.<\/p>\n","protected":false},"featured_media":13129,"comment_status":"closed","ping_status":"closed","template":"","meta":[],"product_brand":[],"product_cat":[2755,2752,2750],"product_tag":[],"class_list":{"0":"post-13128","1":"product","2":"type-product","3":"status-publish","4":"has-post-thumbnail","6":"product_cat-prevencao-de-incendio-acessorios","7":"product_cat-prevencao-de-incendio-centrais","8":"product_cat-prevencao-de-incendio","10":"first","11":"instock","12":"shipping-taxable","13":"purchasable","14":"product-type-simple"},"yoast_head":"<!-- This site is optimized with the Yoast SEO plugin v27.5 - https:\/\/yoast.com\/product\/yoast-seo-wordpress\/ -->\n<title>REPETIDORA PARA CENTRAL ENDERECAVEL CIE - RP520 - Loja Melhor do Sul Sistemas de Seguran\u00e7a<\/title>\n<meta name=\"robots\" content=\"index, follow, max-snippet:-1, max-image-preview:large, max-video-preview:-1\" \/>\n<link rel=\"canonical\" href=\"https:\/\/www.lojamelhordosul.com.br\/site\/produto\/repetidora-para-central-enderecavel-cie-rp520\/\" \/>\n<meta property=\"og:locale\" content=\"pt_BR\" \/>\n<meta property=\"og:type\" content=\"article\" \/>\n<meta property=\"og:title\" content=\"REPETIDORA PARA CENTRAL ENDERECAVEL CIE - RP520 - Loja Melhor do Sul Sistemas de Seguran\u00e7a\" \/>\n<meta property=\"og:description\" content=\"A repetidora descentraliza a informa\u00e7\u00e3o dos eventos registrados pela central em grandes locais, principalmente onde h\u00e1 mais de uma portaria.\" \/>\n<meta property=\"og:url\" content=\"https:\/\/www.lojamelhordosul.com.br\/site\/produto\/repetidora-para-central-enderecavel-cie-rp520\/\" \/>\n<meta property=\"og:site_name\" content=\"Loja Melhor do Sul Sistemas de Seguran\u00e7a\" \/>\n<meta property=\"article:modified_time\" content=\"2026-03-13T19:46:53+00:00\" \/>\n<meta property=\"og:image\" content=\"https:\/\/www.lojamelhordosul.com.br\/site\/wp-content\/uploads\/2022\/07\/rp_520_front.png\" \/>\n\t<meta property=\"og:image:width\" content=\"220\" \/>\n\t<meta property=\"og:image:height\" content=\"220\" \/>\n\t<meta property=\"og:image:type\" content=\"image\/png\" \/>\n<meta name=\"twitter:card\" content=\"summary_large_image\" \/>\n<meta name=\"twitter:label1\" content=\"Est. tempo de leitura\" \/>\n\t<meta name=\"twitter:data1\" content=\"4 minutos\" \/>\n<script type=\"application\/ld+json\" class=\"yoast-schema-graph\">{\"@context\":\"https:\\\/\\\/schema.org\",\"@graph\":[{\"@type\":\"WebPage\",\"@id\":\"https:\\\/\\\/www.lojamelhordosul.com.br\\\/site\\\/produto\\\/repetidora-para-central-enderecavel-cie-rp520\\\/\",\"url\":\"https:\\\/\\\/www.lojamelhordosul.com.br\\\/site\\\/produto\\\/repetidora-para-central-enderecavel-cie-rp520\\\/\",\"name\":\"REPETIDORA PARA CENTRAL ENDERECAVEL CIE - RP520 - Loja Melhor do Sul Sistemas de Seguran\u00e7a\",\"isPartOf\":{\"@id\":\"https:\\\/\\\/www.lojamelhordosul.com.br\\\/site\\\/#website\"},\"primaryImageOfPage\":{\"@id\":\"https:\\\/\\\/www.lojamelhordosul.com.br\\\/site\\\/produto\\\/repetidora-para-central-enderecavel-cie-rp520\\\/#primaryimage\"},\"image\":{\"@id\":\"https:\\\/\\\/www.lojamelhordosul.com.br\\\/site\\\/produto\\\/repetidora-para-central-enderecavel-cie-rp520\\\/#primaryimage\"},\"thumbnailUrl\":\"https:\\\/\\\/www.lojamelhordosul.com.br\\\/site\\\/wp-content\\\/uploads\\\/2022\\\/07\\\/rp_520_front.png\",\"datePublished\":\"2022-07-26T12:55:06+00:00\",\"dateModified\":\"2026-03-13T19:46:53+00:00\",\"breadcrumb\":{\"@id\":\"https:\\\/\\\/www.lojamelhordosul.com.br\\\/site\\\/produto\\\/repetidora-para-central-enderecavel-cie-rp520\\\/#breadcrumb\"},\"inLanguage\":\"pt-BR\",\"potentialAction\":[{\"@type\":\"ReadAction\",\"target\":[\"https:\\\/\\\/www.lojamelhordosul.com.br\\\/site\\\/produto\\\/repetidora-para-central-enderecavel-cie-rp520\\\/\"]}]},{\"@type\":\"ImageObject\",\"inLanguage\":\"pt-BR\",\"@id\":\"https:\\\/\\\/www.lojamelhordosul.com.br\\\/site\\\/produto\\\/repetidora-para-central-enderecavel-cie-rp520\\\/#primaryimage\",\"url\":\"https:\\\/\\\/www.lojamelhordosul.com.br\\\/site\\\/wp-content\\\/uploads\\\/2022\\\/07\\\/rp_520_front.png\",\"contentUrl\":\"https:\\\/\\\/www.lojamelhordosul.com.br\\\/site\\\/wp-content\\\/uploads\\\/2022\\\/07\\\/rp_520_front.png\",\"width\":220,\"height\":220},{\"@type\":\"BreadcrumbList\",\"@id\":\"https:\\\/\\\/www.lojamelhordosul.com.br\\\/site\\\/produto\\\/repetidora-para-central-enderecavel-cie-rp520\\\/#breadcrumb\",\"itemListElement\":[{\"@type\":\"ListItem\",\"position\":1,\"name\":\"In\u00edcio\",\"item\":\"https:\\\/\\\/www.lojamelhordosul.com.br\\\/site\\\/\"},{\"@type\":\"ListItem\",\"position\":2,\"name\":\"Loja\",\"item\":\"https:\\\/\\\/www.lojamelhordosul.com.br\\\/site\\\/loja\\\/\"},{\"@type\":\"ListItem\",\"position\":3,\"name\":\"REPETIDORA PARA CENTRAL ENDERECAVEL CIE &#8211; RP520\"}]},{\"@type\":\"WebSite\",\"@id\":\"https:\\\/\\\/www.lojamelhordosul.com.br\\\/site\\\/#website\",\"url\":\"https:\\\/\\\/www.lojamelhordosul.com.br\\\/site\\\/\",\"name\":\"Loja Melhor do Sul Sistemas de Seguran\u00e7a\",\"description\":\"Loja Melhor do Sul - Revenda Ouro Intelbras em Porto Alegre\",\"publisher\":{\"@id\":\"https:\\\/\\\/www.lojamelhordosul.com.br\\\/site\\\/#organization\"},\"potentialAction\":[{\"@type\":\"SearchAction\",\"target\":{\"@type\":\"EntryPoint\",\"urlTemplate\":\"https:\\\/\\\/www.lojamelhordosul.com.br\\\/site\\\/?s={search_term_string}\"},\"query-input\":{\"@type\":\"PropertyValueSpecification\",\"valueRequired\":true,\"valueName\":\"search_term_string\"}}],\"inLanguage\":\"pt-BR\"},{\"@type\":\"Organization\",\"@id\":\"https:\\\/\\\/www.lojamelhordosul.com.br\\\/site\\\/#organization\",\"name\":\"Loja Melhor do Sul\",\"url\":\"https:\\\/\\\/www.lojamelhordosul.com.br\\\/site\\\/\",\"logo\":{\"@type\":\"ImageObject\",\"inLanguage\":\"pt-BR\",\"@id\":\"https:\\\/\\\/www.lojamelhordosul.com.br\\\/site\\\/#\\\/schema\\\/logo\\\/image\\\/\",\"url\":\"https:\\\/\\\/www.lojamelhordosul.com.br\\\/site\\\/wp-content\\\/uploads\\\/2019\\\/10\\\/logo-longo-da-loja.png\",\"contentUrl\":\"https:\\\/\\\/www.lojamelhordosul.com.br\\\/site\\\/wp-content\\\/uploads\\\/2019\\\/10\\\/logo-longo-da-loja.png\",\"width\":597,\"height\":114,\"caption\":\"Loja Melhor do Sul\"},\"image\":{\"@id\":\"https:\\\/\\\/www.lojamelhordosul.com.br\\\/site\\\/#\\\/schema\\\/logo\\\/image\\\/\"}}]}<\/script>\n<!-- \/ Yoast SEO plugin. -->","yoast_head_json":{"title":"REPETIDORA PARA CENTRAL ENDERECAVEL CIE - RP520 - Loja Melhor do Sul Sistemas de Seguran\u00e7a","robots":{"index":"index","follow":"follow","max-snippet":"max-snippet:-1","max-image-preview":"max-image-preview:large","max-video-preview":"max-video-preview:-1"},"canonical":"https:\/\/www.lojamelhordosul.com.br\/site\/produto\/repetidora-para-central-enderecavel-cie-rp520\/","og_locale":"pt_BR","og_type":"article","og_title":"REPETIDORA PARA CENTRAL ENDERECAVEL CIE - RP520 - Loja Melhor do Sul Sistemas de Seguran\u00e7a","og_description":"A repetidora descentraliza a informa\u00e7\u00e3o dos eventos registrados pela central em grandes locais, principalmente onde h\u00e1 mais de uma portaria.","og_url":"https:\/\/www.lojamelhordosul.com.br\/site\/produto\/repetidora-para-central-enderecavel-cie-rp520\/","og_site_name":"Loja Melhor do Sul Sistemas de Seguran\u00e7a","article_modified_time":"2026-03-13T19:46:53+00:00","og_image":[{"width":220,"height":220,"url":"https:\/\/www.lojamelhordosul.com.br\/site\/wp-content\/uploads\/2022\/07\/rp_520_front.png","type":"image\/png"}],"twitter_card":"summary_large_image","twitter_misc":{"Est. tempo de leitura":"4 minutos"},"schema":{"@context":"https:\/\/schema.org","@graph":[{"@type":"WebPage","@id":"https:\/\/www.lojamelhordosul.com.br\/site\/produto\/repetidora-para-central-enderecavel-cie-rp520\/","url":"https:\/\/www.lojamelhordosul.com.br\/site\/produto\/repetidora-para-central-enderecavel-cie-rp520\/","name":"REPETIDORA PARA CENTRAL ENDERECAVEL CIE - RP520 - Loja Melhor do Sul Sistemas de Seguran\u00e7a","isPartOf":{"@id":"https:\/\/www.lojamelhordosul.com.br\/site\/#website"},"primaryImageOfPage":{"@id":"https:\/\/www.lojamelhordosul.com.br\/site\/produto\/repetidora-para-central-enderecavel-cie-rp520\/#primaryimage"},"image":{"@id":"https:\/\/www.lojamelhordosul.com.br\/site\/produto\/repetidora-para-central-enderecavel-cie-rp520\/#primaryimage"},"thumbnailUrl":"https:\/\/www.lojamelhordosul.com.br\/site\/wp-content\/uploads\/2022\/07\/rp_520_front.png","datePublished":"2022-07-26T12:55:06+00:00","dateModified":"2026-03-13T19:46:53+00:00","breadcrumb":{"@id":"https:\/\/www.lojamelhordosul.com.br\/site\/produto\/repetidora-para-central-enderecavel-cie-rp520\/#breadcrumb"},"inLanguage":"pt-BR","potentialAction":[{"@type":"ReadAction","target":["https:\/\/www.lojamelhordosul.com.br\/site\/produto\/repetidora-para-central-enderecavel-cie-rp520\/"]}]},{"@type":"ImageObject","inLanguage":"pt-BR","@id":"https:\/\/www.lojamelhordosul.com.br\/site\/produto\/repetidora-para-central-enderecavel-cie-rp520\/#primaryimage","url":"https:\/\/www.lojamelhordosul.com.br\/site\/wp-content\/uploads\/2022\/07\/rp_520_front.png","contentUrl":"https:\/\/www.lojamelhordosul.com.br\/site\/wp-content\/uploads\/2022\/07\/rp_520_front.png","width":220,"height":220},{"@type":"BreadcrumbList","@id":"https:\/\/www.lojamelhordosul.com.br\/site\/produto\/repetidora-para-central-enderecavel-cie-rp520\/#breadcrumb","itemListElement":[{"@type":"ListItem","position":1,"name":"In\u00edcio","item":"https:\/\/www.lojamelhordosul.com.br\/site\/"},{"@type":"ListItem","position":2,"name":"Loja","item":"https:\/\/www.lojamelhordosul.com.br\/site\/loja\/"},{"@type":"ListItem","position":3,"name":"REPETIDORA PARA CENTRAL ENDERECAVEL CIE &#8211; RP520"}]},{"@type":"WebSite","@id":"https:\/\/www.lojamelhordosul.com.br\/site\/#website","url":"https:\/\/www.lojamelhordosul.com.br\/site\/","name":"Loja Melhor do Sul Sistemas de Seguran\u00e7a","description":"Loja Melhor do Sul - Revenda Ouro Intelbras em Porto Alegre","publisher":{"@id":"https:\/\/www.lojamelhordosul.com.br\/site\/#organization"},"potentialAction":[{"@type":"SearchAction","target":{"@type":"EntryPoint","urlTemplate":"https:\/\/www.lojamelhordosul.com.br\/site\/?s={search_term_string}"},"query-input":{"@type":"PropertyValueSpecification","valueRequired":true,"valueName":"search_term_string"}}],"inLanguage":"pt-BR"},{"@type":"Organization","@id":"https:\/\/www.lojamelhordosul.com.br\/site\/#organization","name":"Loja Melhor do Sul","url":"https:\/\/www.lojamelhordosul.com.br\/site\/","logo":{"@type":"ImageObject","inLanguage":"pt-BR","@id":"https:\/\/www.lojamelhordosul.com.br\/site\/#\/schema\/logo\/image\/","url":"https:\/\/www.lojamelhordosul.com.br\/site\/wp-content\/uploads\/2019\/10\/logo-longo-da-loja.png","contentUrl":"https:\/\/www.lojamelhordosul.com.br\/site\/wp-content\/uploads\/2019\/10\/logo-longo-da-loja.png","width":597,"height":114,"caption":"Loja Melhor do Sul"},"image":{"@id":"https:\/\/www.lojamelhordosul.com.br\/site\/#\/schema\/logo\/image\/"}}]}},"_links":{"self":[{"href":"https:\/\/www.lojamelhordosul.com.br\/site\/wp-json\/wp\/v2\/product\/13128","targetHints":{"allow":["GET"]}}],"collection":[{"href":"https:\/\/www.lojamelhordosul.com.br\/site\/wp-json\/wp\/v2\/product"}],"about":[{"href":"https:\/\/www.lojamelhordosul.com.br\/site\/wp-json\/wp\/v2\/types\/product"}],"replies":[{"embeddable":true,"href":"https:\/\/www.lojamelhordosul.com.br\/site\/wp-json\/wp\/v2\/comments?post=13128"}],"wp:featuredmedia":[{"embeddable":true,"href":"https:\/\/www.lojamelhordosul.com.br\/site\/wp-json\/wp\/v2\/media\/13129"}],"wp:attachment":[{"href":"https:\/\/www.lojamelhordosul.com.br\/site\/wp-json\/wp\/v2\/media?parent=13128"}],"wp:term":[{"taxonomy":"product_brand","embeddable":true,"href":"https:\/\/www.lojamelhordosul.com.br\/site\/wp-json\/wp\/v2\/product_brand?post=13128"},{"taxonomy":"product_cat","embeddable":true,"href":"https:\/\/www.lojamelhordosul.com.br\/site\/wp-json\/wp\/v2\/product_cat?post=13128"},{"taxonomy":"product_tag","embeddable":true,"href":"https:\/\/www.lojamelhordosul.com.br\/site\/wp-json\/wp\/v2\/product_tag?post=13128"}],"curies":[{"name":"wp","href":"https:\/\/api.w.org\/{rel}","templated":true}]}}