{"id":13245,"date":"2022-08-22T13:03:25","date_gmt":"2022-08-22T16:03:25","guid":{"rendered":"https:\/\/www.lojamelhordosul.com.br\/site\/?post_type=product&#038;p=13245"},"modified":"2026-03-16T14:00:11","modified_gmt":"2026-03-16T17:00:11","slug":"nobreak-attiv-seg-600va-bi","status":"publish","type":"product","link":"https:\/\/www.lojamelhordosul.com.br\/site\/produto\/nobreak-attiv-seg-600va-bi\/","title":{"rendered":"NOBREAK ATTIV SEG 600VA-BI+"},"content":{"rendered":"<p><img decoding=\"async\" class=\"size-full wp-image-13029 aligncenter\" src=\"https:\/\/www.lojamelhordosul.com.br\/site\/wp-content\/uploads\/2022\/07\/Logo-Longo.png\" alt=\"\" width=\"597\" height=\"114\" \/><\/p>\n<div>\n<div class=\"grid-container  \">\n<div class=\"mt2 mb2  \">\n<div class=\"grid-container  \">\n<div class=\"block-mini-banner\" data-ga-name=\"section-mini-banner\">\n<div class=\"grid-x grid-margin-x align-middle\">\n<div class=\"cell medium-6 medium-order-2 large-offset-1\">\n<div class=\"block-mini-banner__media\" style=\"text-align: center;\">\n<figure class=\"text-center  object-fit--contain\"><img decoding=\"async\" class=\"aligncenter\" src=\"https:\/\/backend.intelbras.com\/sites\/default\/files\/styles\/large\/public\/2021-12\/FlyerDigital_ATTIV_SEG_BI%2B_01-21_01_2.png\" alt=\"FlyerDigital_ATTIV_SEG_BI+_01-21_01_3.png \" \/><\/figure>\n<p><span class=\"text text--300\"><em>* Imagem ilustrativa<\/em><\/span><\/div>\n<\/div>\n<div class=\"cell medium-auto medium-order-1\" style=\"text-align: center;\">\n<div class=\"block-mini-banner__content\">\n<div class=\"mt2 mb2 \">\n<h2 class=\"weight--small-300 weight--large-200 h3\">Ideal para sistemas de CFTV<\/h2>\n<\/div>\n<div class=\"text text--300\">\n<div class=\"block-template overflow-hidden\">\n<p>Possui conector de engate r\u00e1pido SB 50 para conex\u00e3o de m\u00f3dulo de bateria ou bateria externa.<\/p>\n<\/div>\n<\/div>\n<\/div>\n<\/div>\n<\/div>\n<\/div>\n<\/div>\n<\/div>\n<div class=\"mt2 mb2  \" style=\"text-align: center;\">\n<div class=\"grid-container  \">\n<div class=\"block-mini-banner\" data-ga-name=\"section-mini-banner\">\n<div class=\"grid-x grid-margin-x align-middle\">\n<div class=\"cell medium-6\">\n<div class=\"block-mini-banner__media\">\n<figure class=\"text-center  object-fit--contain\"><img decoding=\"async\" src=\"https:\/\/backend.intelbras.com\/sites\/default\/files\/styles\/large\/public\/2021-12\/FlyerDigital_ATTIV_SEG_BI%2B_01-21_02_2.png\" alt=\"FlyerDigital_ATTIV_SEG_BI+_01-21_02_2.png\" \/><\/figure>\n<p><span class=\"text text--300\"><em>* Imagem ilustrativa<\/em><\/span><\/div>\n<\/div>\n<div class=\"cell medium-auto\">\n<div class=\"block-mini-banner__content\">\n<div class=\"mt2 mb2 \">\n<h2 class=\"weight--small-300 weight--large-200 h3\">Combine com m\u00f3dulo de bateria e obtenha mais autonomia<\/h2>\n<\/div>\n<div class=\"text text--300\">\n<div class=\"block-template overflow-hidden\">\n<p>O ATTIV SEG BI+ pode ser combinado com o m\u00f3dulo de bateria MB 0145 12V, perfeito para aumentar a autonomia do nobreak.<\/p>\n<\/div>\n<\/div>\n<\/div>\n<\/div>\n<\/div>\n<\/div>\n<\/div>\n<\/div>\n<div class=\"mt2 mb2  \" style=\"text-align: center;\">\n<div class=\"grid-container  \">\n<div class=\"block-mini-banner\" data-ga-name=\"section-mini-banner\">\n<div class=\"grid-x grid-margin-x align-middle\">\n<div class=\"cell medium-6 medium-order-2 large-offset-1\">\n<div class=\"block-mini-banner__media\">\n<figure class=\"text-center  object-fit--contain\"><img decoding=\"async\" src=\"https:\/\/backend.intelbras.com\/sites\/default\/files\/styles\/large\/public\/2021-12\/FlyerDigital_ATTIV_SEG_BI%2B_01-21_03_2.png\" alt=\"FlyerDigital_ATTIV_SEG_BI+_01-21_03_2.png\" \/><\/figure>\n<\/div>\n<\/div>\n<div class=\"cell medium-auto medium-order-1\">\n<div class=\"block-mini-banner__content\">\n<div class=\"mt2 mb2 \">\n<h2 class=\"weight--small-300 weight--large-200 h3\">Design vers\u00e1til<\/h2>\n<\/div>\n<div class=\"text text--300\">\n<div class=\"block-template overflow-hidden\">\n<p>Com design moderno e diferenciado, o ATTIV SEG BI+ se adequa a ambientes dom\u00e9sticos e corporativos, podendo ser usado na posi\u00e7\u00e3o vertical ou horizontal.<\/p>\n<\/div>\n<\/div>\n<\/div>\n<\/div>\n<\/div>\n<\/div>\n<\/div>\n<\/div>\n<div class=\"mt2 mb2  \">\n<div class=\"grid-container  \">\n<div class=\"block-mini-banner\" data-ga-name=\"section-mini-banner\">\n<div class=\"grid-x grid-margin-x align-middle\">\n<div class=\"cell medium-6\" style=\"text-align: center;\">\n<div class=\"block-mini-banner__media\">\n<figure class=\"text-center  object-fit--contain\"><img decoding=\"async\" src=\"https:\/\/backend.intelbras.com\/sites\/default\/files\/styles\/large\/public\/2021-12\/FlyerDigital_ATTIV_SEG_BI%2B_01-21_04.png\" alt=\"FlyerDigital_ATTIV_SEG_BI+_01-21_04.png \" \/><\/figure>\n<\/div>\n<\/div>\n<div class=\"cell medium-auto\">\n<div class=\"block-mini-banner__content\">\n<div class=\"mt2 mb2 \" style=\"text-align: center;\">\n<h2 class=\"weight--small-300 weight--large-200 h3\">Religamento autom\u00e1tico<\/h2>\n<\/div>\n<div class=\"text text--300\">\n<div class=\"block-template overflow-hidden\">\n<p style=\"text-align: center;\">O nobreak reinicia automaticamente quando a rede el\u00e9trica volta \u00e0 normalidade, mesmo quando a bateria est\u00e1 descarregada.<\/p>\n<\/div>\n<\/div>\n<\/div>\n<\/div>\n<\/div>\n<\/div>\n<\/div>\n<\/div>\n<\/div>\n<\/div>\n","protected":false},"excerpt":{"rendered":"<p>O ATTIV SEG BI+ \u00e9 indicado para sistemas de CFTV que possuem baixo consumo e demandam grande autonomia por meio de conex\u00e3o de bateria externa.<\/p>\n","protected":false},"featured_media":13246,"comment_status":"closed","ping_status":"closed","template":"","meta":[],"product_brand":[],"product_cat":[2799,2801],"product_tag":[],"class_list":{"0":"post-13245","1":"product","2":"type-product","3":"status-publish","4":"has-post-thumbnail","6":"product_cat-linha-de-energia","7":"product_cat-enrgia-nobreaks","9":"first","10":"instock","11":"sale","12":"shipping-taxable","13":"purchasable","14":"product-type-simple"},"yoast_head":"<!-- This site is optimized with the Yoast SEO plugin v27.3 - https:\/\/yoast.com\/product\/yoast-seo-wordpress\/ -->\n<title>NOBREAK ATTIV SEG 600VA-BI+ - Loja Melhor do Sul Sistemas de Seguran\u00e7a<\/title>\n<meta name=\"robots\" content=\"index, follow, max-snippet:-1, max-image-preview:large, max-video-preview:-1\" \/>\n<link rel=\"canonical\" href=\"https:\/\/www.lojamelhordosul.com.br\/site\/produto\/nobreak-attiv-seg-600va-bi\/\" \/>\n<meta property=\"og:locale\" content=\"pt_BR\" \/>\n<meta property=\"og:type\" content=\"article\" \/>\n<meta property=\"og:title\" content=\"NOBREAK ATTIV SEG 600VA-BI+ - Loja Melhor do Sul Sistemas de Seguran\u00e7a\" \/>\n<meta property=\"og:description\" content=\"O ATTIV SEG BI+ \u00e9 indicado para sistemas de CFTV que possuem baixo consumo e demandam grande autonomia por meio de conex\u00e3o de bateria externa.\" \/>\n<meta property=\"og:url\" content=\"https:\/\/www.lojamelhordosul.com.br\/site\/produto\/nobreak-attiv-seg-600va-bi\/\" \/>\n<meta property=\"og:site_name\" content=\"Loja Melhor do Sul Sistemas de Seguran\u00e7a\" \/>\n<meta property=\"article:modified_time\" content=\"2026-03-16T17:00:11+00:00\" \/>\n<meta property=\"og:image\" content=\"https:\/\/www.lojamelhordosul.com.br\/site\/wp-content\/uploads\/2022\/08\/Untitled-design-13.png\" \/>\n\t<meta property=\"og:image:width\" content=\"1200\" \/>\n\t<meta property=\"og:image:height\" content=\"1200\" \/>\n\t<meta property=\"og:image:type\" content=\"image\/png\" \/>\n<meta name=\"twitter:card\" content=\"summary_large_image\" \/>\n<meta name=\"twitter:label1\" content=\"Est. tempo de leitura\" \/>\n\t<meta name=\"twitter:data1\" content=\"2 minutos\" \/>\n<script type=\"application\/ld+json\" class=\"yoast-schema-graph\">{\"@context\":\"https:\\\/\\\/schema.org\",\"@graph\":[{\"@type\":\"WebPage\",\"@id\":\"https:\\\/\\\/www.lojamelhordosul.com.br\\\/site\\\/produto\\\/nobreak-attiv-seg-600va-bi\\\/\",\"url\":\"https:\\\/\\\/www.lojamelhordosul.com.br\\\/site\\\/produto\\\/nobreak-attiv-seg-600va-bi\\\/\",\"name\":\"NOBREAK ATTIV SEG 600VA-BI+ - Loja Melhor do Sul Sistemas de Seguran\u00e7a\",\"isPartOf\":{\"@id\":\"https:\\\/\\\/www.lojamelhordosul.com.br\\\/site\\\/#website\"},\"primaryImageOfPage\":{\"@id\":\"https:\\\/\\\/www.lojamelhordosul.com.br\\\/site\\\/produto\\\/nobreak-attiv-seg-600va-bi\\\/#primaryimage\"},\"image\":{\"@id\":\"https:\\\/\\\/www.lojamelhordosul.com.br\\\/site\\\/produto\\\/nobreak-attiv-seg-600va-bi\\\/#primaryimage\"},\"thumbnailUrl\":\"https:\\\/\\\/www.lojamelhordosul.com.br\\\/site\\\/wp-content\\\/uploads\\\/2022\\\/08\\\/Untitled-design-13.png\",\"datePublished\":\"2022-08-22T16:03:25+00:00\",\"dateModified\":\"2026-03-16T17:00:11+00:00\",\"breadcrumb\":{\"@id\":\"https:\\\/\\\/www.lojamelhordosul.com.br\\\/site\\\/produto\\\/nobreak-attiv-seg-600va-bi\\\/#breadcrumb\"},\"inLanguage\":\"pt-BR\",\"potentialAction\":[{\"@type\":\"ReadAction\",\"target\":[\"https:\\\/\\\/www.lojamelhordosul.com.br\\\/site\\\/produto\\\/nobreak-attiv-seg-600va-bi\\\/\"]}]},{\"@type\":\"ImageObject\",\"inLanguage\":\"pt-BR\",\"@id\":\"https:\\\/\\\/www.lojamelhordosul.com.br\\\/site\\\/produto\\\/nobreak-attiv-seg-600va-bi\\\/#primaryimage\",\"url\":\"https:\\\/\\\/www.lojamelhordosul.com.br\\\/site\\\/wp-content\\\/uploads\\\/2022\\\/08\\\/Untitled-design-13.png\",\"contentUrl\":\"https:\\\/\\\/www.lojamelhordosul.com.br\\\/site\\\/wp-content\\\/uploads\\\/2022\\\/08\\\/Untitled-design-13.png\",\"width\":1200,\"height\":1200},{\"@type\":\"BreadcrumbList\",\"@id\":\"https:\\\/\\\/www.lojamelhordosul.com.br\\\/site\\\/produto\\\/nobreak-attiv-seg-600va-bi\\\/#breadcrumb\",\"itemListElement\":[{\"@type\":\"ListItem\",\"position\":1,\"name\":\"In\u00edcio\",\"item\":\"https:\\\/\\\/www.lojamelhordosul.com.br\\\/site\\\/\"},{\"@type\":\"ListItem\",\"position\":2,\"name\":\"Loja\",\"item\":\"https:\\\/\\\/www.lojamelhordosul.com.br\\\/site\\\/loja\\\/\"},{\"@type\":\"ListItem\",\"position\":3,\"name\":\"NOBREAK ATTIV SEG 600VA-BI+\"}]},{\"@type\":\"WebSite\",\"@id\":\"https:\\\/\\\/www.lojamelhordosul.com.br\\\/site\\\/#website\",\"url\":\"https:\\\/\\\/www.lojamelhordosul.com.br\\\/site\\\/\",\"name\":\"Loja Melhor do Sul Sistemas de Seguran\u00e7a\",\"description\":\"Loja Melhor do Sul - Revenda Ouro Intelbras em Porto Alegre\",\"publisher\":{\"@id\":\"https:\\\/\\\/www.lojamelhordosul.com.br\\\/site\\\/#organization\"},\"potentialAction\":[{\"@type\":\"SearchAction\",\"target\":{\"@type\":\"EntryPoint\",\"urlTemplate\":\"https:\\\/\\\/www.lojamelhordosul.com.br\\\/site\\\/?s={search_term_string}\"},\"query-input\":{\"@type\":\"PropertyValueSpecification\",\"valueRequired\":true,\"valueName\":\"search_term_string\"}}],\"inLanguage\":\"pt-BR\"},{\"@type\":\"Organization\",\"@id\":\"https:\\\/\\\/www.lojamelhordosul.com.br\\\/site\\\/#organization\",\"name\":\"Loja Melhor do Sul\",\"url\":\"https:\\\/\\\/www.lojamelhordosul.com.br\\\/site\\\/\",\"logo\":{\"@type\":\"ImageObject\",\"inLanguage\":\"pt-BR\",\"@id\":\"https:\\\/\\\/www.lojamelhordosul.com.br\\\/site\\\/#\\\/schema\\\/logo\\\/image\\\/\",\"url\":\"https:\\\/\\\/www.lojamelhordosul.com.br\\\/site\\\/wp-content\\\/uploads\\\/2019\\\/10\\\/logo-longo-da-loja.png\",\"contentUrl\":\"https:\\\/\\\/www.lojamelhordosul.com.br\\\/site\\\/wp-content\\\/uploads\\\/2019\\\/10\\\/logo-longo-da-loja.png\",\"width\":597,\"height\":114,\"caption\":\"Loja Melhor do Sul\"},\"image\":{\"@id\":\"https:\\\/\\\/www.lojamelhordosul.com.br\\\/site\\\/#\\\/schema\\\/logo\\\/image\\\/\"}}]}<\/script>\n<!-- \/ Yoast SEO plugin. -->","yoast_head_json":{"title":"NOBREAK ATTIV SEG 600VA-BI+ - Loja Melhor do Sul Sistemas de Seguran\u00e7a","robots":{"index":"index","follow":"follow","max-snippet":"max-snippet:-1","max-image-preview":"max-image-preview:large","max-video-preview":"max-video-preview:-1"},"canonical":"https:\/\/www.lojamelhordosul.com.br\/site\/produto\/nobreak-attiv-seg-600va-bi\/","og_locale":"pt_BR","og_type":"article","og_title":"NOBREAK ATTIV SEG 600VA-BI+ - Loja Melhor do Sul Sistemas de Seguran\u00e7a","og_description":"O ATTIV SEG BI+ \u00e9 indicado para sistemas de CFTV que possuem baixo consumo e demandam grande autonomia por meio de conex\u00e3o de bateria externa.","og_url":"https:\/\/www.lojamelhordosul.com.br\/site\/produto\/nobreak-attiv-seg-600va-bi\/","og_site_name":"Loja Melhor do Sul Sistemas de Seguran\u00e7a","article_modified_time":"2026-03-16T17:00:11+00:00","og_image":[{"width":1200,"height":1200,"url":"https:\/\/www.lojamelhordosul.com.br\/site\/wp-content\/uploads\/2022\/08\/Untitled-design-13.png","type":"image\/png"}],"twitter_card":"summary_large_image","twitter_misc":{"Est. tempo de leitura":"2 minutos"},"schema":{"@context":"https:\/\/schema.org","@graph":[{"@type":"WebPage","@id":"https:\/\/www.lojamelhordosul.com.br\/site\/produto\/nobreak-attiv-seg-600va-bi\/","url":"https:\/\/www.lojamelhordosul.com.br\/site\/produto\/nobreak-attiv-seg-600va-bi\/","name":"NOBREAK ATTIV SEG 600VA-BI+ - Loja Melhor do Sul Sistemas de Seguran\u00e7a","isPartOf":{"@id":"https:\/\/www.lojamelhordosul.com.br\/site\/#website"},"primaryImageOfPage":{"@id":"https:\/\/www.lojamelhordosul.com.br\/site\/produto\/nobreak-attiv-seg-600va-bi\/#primaryimage"},"image":{"@id":"https:\/\/www.lojamelhordosul.com.br\/site\/produto\/nobreak-attiv-seg-600va-bi\/#primaryimage"},"thumbnailUrl":"https:\/\/www.lojamelhordosul.com.br\/site\/wp-content\/uploads\/2022\/08\/Untitled-design-13.png","datePublished":"2022-08-22T16:03:25+00:00","dateModified":"2026-03-16T17:00:11+00:00","breadcrumb":{"@id":"https:\/\/www.lojamelhordosul.com.br\/site\/produto\/nobreak-attiv-seg-600va-bi\/#breadcrumb"},"inLanguage":"pt-BR","potentialAction":[{"@type":"ReadAction","target":["https:\/\/www.lojamelhordosul.com.br\/site\/produto\/nobreak-attiv-seg-600va-bi\/"]}]},{"@type":"ImageObject","inLanguage":"pt-BR","@id":"https:\/\/www.lojamelhordosul.com.br\/site\/produto\/nobreak-attiv-seg-600va-bi\/#primaryimage","url":"https:\/\/www.lojamelhordosul.com.br\/site\/wp-content\/uploads\/2022\/08\/Untitled-design-13.png","contentUrl":"https:\/\/www.lojamelhordosul.com.br\/site\/wp-content\/uploads\/2022\/08\/Untitled-design-13.png","width":1200,"height":1200},{"@type":"BreadcrumbList","@id":"https:\/\/www.lojamelhordosul.com.br\/site\/produto\/nobreak-attiv-seg-600va-bi\/#breadcrumb","itemListElement":[{"@type":"ListItem","position":1,"name":"In\u00edcio","item":"https:\/\/www.lojamelhordosul.com.br\/site\/"},{"@type":"ListItem","position":2,"name":"Loja","item":"https:\/\/www.lojamelhordosul.com.br\/site\/loja\/"},{"@type":"ListItem","position":3,"name":"NOBREAK ATTIV SEG 600VA-BI+"}]},{"@type":"WebSite","@id":"https:\/\/www.lojamelhordosul.com.br\/site\/#website","url":"https:\/\/www.lojamelhordosul.com.br\/site\/","name":"Loja Melhor do Sul Sistemas de Seguran\u00e7a","description":"Loja Melhor do Sul - Revenda Ouro Intelbras em Porto Alegre","publisher":{"@id":"https:\/\/www.lojamelhordosul.com.br\/site\/#organization"},"potentialAction":[{"@type":"SearchAction","target":{"@type":"EntryPoint","urlTemplate":"https:\/\/www.lojamelhordosul.com.br\/site\/?s={search_term_string}"},"query-input":{"@type":"PropertyValueSpecification","valueRequired":true,"valueName":"search_term_string"}}],"inLanguage":"pt-BR"},{"@type":"Organization","@id":"https:\/\/www.lojamelhordosul.com.br\/site\/#organization","name":"Loja Melhor do Sul","url":"https:\/\/www.lojamelhordosul.com.br\/site\/","logo":{"@type":"ImageObject","inLanguage":"pt-BR","@id":"https:\/\/www.lojamelhordosul.com.br\/site\/#\/schema\/logo\/image\/","url":"https:\/\/www.lojamelhordosul.com.br\/site\/wp-content\/uploads\/2019\/10\/logo-longo-da-loja.png","contentUrl":"https:\/\/www.lojamelhordosul.com.br\/site\/wp-content\/uploads\/2019\/10\/logo-longo-da-loja.png","width":597,"height":114,"caption":"Loja Melhor do Sul"},"image":{"@id":"https:\/\/www.lojamelhordosul.com.br\/site\/#\/schema\/logo\/image\/"}}]}},"_links":{"self":[{"href":"https:\/\/www.lojamelhordosul.com.br\/site\/wp-json\/wp\/v2\/product\/13245","targetHints":{"allow":["GET"]}}],"collection":[{"href":"https:\/\/www.lojamelhordosul.com.br\/site\/wp-json\/wp\/v2\/product"}],"about":[{"href":"https:\/\/www.lojamelhordosul.com.br\/site\/wp-json\/wp\/v2\/types\/product"}],"replies":[{"embeddable":true,"href":"https:\/\/www.lojamelhordosul.com.br\/site\/wp-json\/wp\/v2\/comments?post=13245"}],"wp:featuredmedia":[{"embeddable":true,"href":"https:\/\/www.lojamelhordosul.com.br\/site\/wp-json\/wp\/v2\/media\/13246"}],"wp:attachment":[{"href":"https:\/\/www.lojamelhordosul.com.br\/site\/wp-json\/wp\/v2\/media?parent=13245"}],"wp:term":[{"taxonomy":"product_brand","embeddable":true,"href":"https:\/\/www.lojamelhordosul.com.br\/site\/wp-json\/wp\/v2\/product_brand?post=13245"},{"taxonomy":"product_cat","embeddable":true,"href":"https:\/\/www.lojamelhordosul.com.br\/site\/wp-json\/wp\/v2\/product_cat?post=13245"},{"taxonomy":"product_tag","embeddable":true,"href":"https:\/\/www.lojamelhordosul.com.br\/site\/wp-json\/wp\/v2\/product_tag?post=13245"}],"curies":[{"name":"wp","href":"https:\/\/api.w.org\/{rel}","templated":true}]}}