{"id":13385,"date":"2022-10-03T15:59:34","date_gmt":"2022-10-03T18:59:34","guid":{"rendered":"https:\/\/www.lojamelhordosul.com.br\/site\/?post_type=product&#038;p=13385"},"modified":"2025-07-31T14:27:20","modified_gmt":"2025-07-31T17:27:20","slug":"transmissor-universal-intelbras-tx-4020-smart-p-sensor-100mt","status":"publish","type":"product","link":"https:\/\/www.lojamelhordosul.com.br\/site\/produto\/transmissor-universal-intelbras-tx-4020-smart-p-sensor-100mt\/","title":{"rendered":"Transmissor Universal Intelbras Tx 4020 Smart P\/sensor 100mt"},"content":{"rendered":"<p style=\"text-align: center;\"><a href=\"https:\/\/www.lojamelhordosul.com.br\/site\/wp-content\/uploads\/2022\/07\/Logo-Longo.png\"><img decoding=\"async\" class=\"size-full wp-image-13029 aligncenter\" src=\"https:\/\/www.lojamelhordosul.com.br\/site\/wp-content\/uploads\/2022\/07\/Logo-Longo.png\" alt=\"\" width=\"597\" height=\"114\" \/><\/a>Transmissor Universal Intelbras TX 4020 Smart<\/p>\n<p style=\"text-align: center;\">O transmissor universal TX 4020 SMART foi desenvolvido para dar aos sensores com fio, a facilidade de ter uma comunica\u00e7\u00e3o sem fios. Ele \u00e9 ideal para instala\u00e7\u00f5es em longas dist\u00e2ncias, como de sensores infravermelhos passivos externos e infravermelhos ativos de barreira, diminuindo ou at\u00e9 eliminando a passagem de cabos entre os sensores e a central.<\/p>\n<p>O TX 4020 Smart \u00e9 um transmissor universal da marca Intelbras que possibilita aos sensores com fio a facilidade de se comunicar sem fios, apresenta indica\u00e7\u00e3o de bateria baixa, possui bateria de l\u00edtio de longa dura\u00e7\u00e3o.<br \/>\nEste transmissor universal da marca Intelbras TX 4020 Smart \u00e9 ideal para instala\u00e7\u00f5es em dist\u00e2ncias longas, como em sensores infravermelhos passivos externos e infravermelhos ativos de barreira, diminuindo ou podendo at\u00e9 eliminar a necessidade passagem de cabos entre os sensores e a central.<\/p>\n<p>Itens inclusos<br \/>\n01 Transmissor Universal TX 4020 SMART<br \/>\n01 Manual de f\u00e1brica<br \/>\n01 Bateria de l\u00edtio<\/p>\n<p>Caracter\u00edsticas<br \/>\n2 tipos de modula\u00e7\u00e3o (OOK e FSK)<br \/>\nIndica\u00e7\u00e3o de bateria baixa<br \/>\nBateria de l\u00edtio de longa dura\u00e7\u00e3o<br \/>\nF\u00e1cil instala\u00e7\u00e3o<br \/>\nFrequ\u00eancia de transmiss\u00e3o 433,92 MHz<\/p>\n<p>Especifica\u00e7\u00f5es t\u00e9cnicas<br \/>\nAlimenta\u00e7\u00e3o: 3 Vdc, bateria de l\u00edtio inclusa<br \/>\nTemperatura de opera\u00e7\u00e3o: -10\u00b0 C a 50\u00b0C<br \/>\nModula\u00e7\u00e3o: FSK ou OOK<br \/>\nFrequ\u00eancia de transmiss\u00e3o: 433,92 MHz<br \/>\nAlcance RF: 100 metros de \u00e1rea livre de barreira<\/p>\n","protected":false},"excerpt":{"rendered":"<p>O transmissor universal TX 4020 SMART foi desenvolvido para dar aos sensores com fio, a facilidade de ter uma comunica\u00e7\u00e3o sem fios.<\/p>\n","protected":false},"featured_media":13386,"comment_status":"closed","ping_status":"closed","template":"","meta":[],"product_brand":[],"product_cat":[2745,2736,2739],"product_tag":[],"class_list":{"0":"post-13385","1":"product","2":"type-product","3":"status-publish","4":"has-post-thumbnail","6":"product_cat-acessorios-alarme","7":"product_cat-linha-de-alarmes","8":"product_cat-sensores-de-alarme","10":"first","11":"instock","12":"shipping-taxable","13":"purchasable","14":"product-type-simple"},"yoast_head":"<!-- This site is optimized with the Yoast SEO plugin v27.5 - https:\/\/yoast.com\/product\/yoast-seo-wordpress\/ -->\n<title>Transmissor Universal Intelbras Tx 4020 Smart P\/sensor 100mt - Loja Melhor do Sul Sistemas de Seguran\u00e7a<\/title>\n<meta name=\"robots\" content=\"index, follow, max-snippet:-1, max-image-preview:large, max-video-preview:-1\" \/>\n<link rel=\"canonical\" href=\"https:\/\/www.lojamelhordosul.com.br\/site\/produto\/transmissor-universal-intelbras-tx-4020-smart-p-sensor-100mt\/\" \/>\n<meta property=\"og:locale\" content=\"pt_BR\" \/>\n<meta property=\"og:type\" content=\"article\" \/>\n<meta property=\"og:title\" content=\"Transmissor Universal Intelbras Tx 4020 Smart P\/sensor 100mt - Loja Melhor do Sul Sistemas de Seguran\u00e7a\" \/>\n<meta property=\"og:description\" content=\"O transmissor universal TX 4020 SMART foi desenvolvido para dar aos sensores com fio, a facilidade de ter uma comunica\u00e7\u00e3o sem fios.\" \/>\n<meta property=\"og:url\" content=\"https:\/\/www.lojamelhordosul.com.br\/site\/produto\/transmissor-universal-intelbras-tx-4020-smart-p-sensor-100mt\/\" \/>\n<meta property=\"og:site_name\" content=\"Loja Melhor do Sul Sistemas de Seguran\u00e7a\" \/>\n<meta property=\"article:modified_time\" content=\"2025-07-31T17:27:20+00:00\" \/>\n<meta property=\"og:image\" content=\"https:\/\/www.lojamelhordosul.com.br\/site\/wp-content\/uploads\/2022\/10\/Untitled-design-14.png\" \/>\n\t<meta property=\"og:image:width\" content=\"1200\" \/>\n\t<meta property=\"og:image:height\" content=\"1200\" \/>\n\t<meta property=\"og:image:type\" content=\"image\/png\" \/>\n<meta name=\"twitter:card\" content=\"summary_large_image\" \/>\n<meta name=\"twitter:label1\" content=\"Est. tempo de leitura\" \/>\n\t<meta name=\"twitter:data1\" content=\"2 minutos\" \/>\n<script type=\"application\/ld+json\" class=\"yoast-schema-graph\">{\"@context\":\"https:\\\/\\\/schema.org\",\"@graph\":[{\"@type\":\"WebPage\",\"@id\":\"https:\\\/\\\/www.lojamelhordosul.com.br\\\/site\\\/produto\\\/transmissor-universal-intelbras-tx-4020-smart-p-sensor-100mt\\\/\",\"url\":\"https:\\\/\\\/www.lojamelhordosul.com.br\\\/site\\\/produto\\\/transmissor-universal-intelbras-tx-4020-smart-p-sensor-100mt\\\/\",\"name\":\"Transmissor Universal Intelbras Tx 4020 Smart P\\\/sensor 100mt - Loja Melhor do Sul Sistemas de Seguran\u00e7a\",\"isPartOf\":{\"@id\":\"https:\\\/\\\/www.lojamelhordosul.com.br\\\/site\\\/#website\"},\"primaryImageOfPage\":{\"@id\":\"https:\\\/\\\/www.lojamelhordosul.com.br\\\/site\\\/produto\\\/transmissor-universal-intelbras-tx-4020-smart-p-sensor-100mt\\\/#primaryimage\"},\"image\":{\"@id\":\"https:\\\/\\\/www.lojamelhordosul.com.br\\\/site\\\/produto\\\/transmissor-universal-intelbras-tx-4020-smart-p-sensor-100mt\\\/#primaryimage\"},\"thumbnailUrl\":\"https:\\\/\\\/www.lojamelhordosul.com.br\\\/site\\\/wp-content\\\/uploads\\\/2022\\\/10\\\/Untitled-design-14.png\",\"datePublished\":\"2022-10-03T18:59:34+00:00\",\"dateModified\":\"2025-07-31T17:27:20+00:00\",\"breadcrumb\":{\"@id\":\"https:\\\/\\\/www.lojamelhordosul.com.br\\\/site\\\/produto\\\/transmissor-universal-intelbras-tx-4020-smart-p-sensor-100mt\\\/#breadcrumb\"},\"inLanguage\":\"pt-BR\",\"potentialAction\":[{\"@type\":\"ReadAction\",\"target\":[\"https:\\\/\\\/www.lojamelhordosul.com.br\\\/site\\\/produto\\\/transmissor-universal-intelbras-tx-4020-smart-p-sensor-100mt\\\/\"]}]},{\"@type\":\"ImageObject\",\"inLanguage\":\"pt-BR\",\"@id\":\"https:\\\/\\\/www.lojamelhordosul.com.br\\\/site\\\/produto\\\/transmissor-universal-intelbras-tx-4020-smart-p-sensor-100mt\\\/#primaryimage\",\"url\":\"https:\\\/\\\/www.lojamelhordosul.com.br\\\/site\\\/wp-content\\\/uploads\\\/2022\\\/10\\\/Untitled-design-14.png\",\"contentUrl\":\"https:\\\/\\\/www.lojamelhordosul.com.br\\\/site\\\/wp-content\\\/uploads\\\/2022\\\/10\\\/Untitled-design-14.png\",\"width\":1200,\"height\":1200},{\"@type\":\"BreadcrumbList\",\"@id\":\"https:\\\/\\\/www.lojamelhordosul.com.br\\\/site\\\/produto\\\/transmissor-universal-intelbras-tx-4020-smart-p-sensor-100mt\\\/#breadcrumb\",\"itemListElement\":[{\"@type\":\"ListItem\",\"position\":1,\"name\":\"In\u00edcio\",\"item\":\"https:\\\/\\\/www.lojamelhordosul.com.br\\\/site\\\/\"},{\"@type\":\"ListItem\",\"position\":2,\"name\":\"Loja\",\"item\":\"https:\\\/\\\/www.lojamelhordosul.com.br\\\/site\\\/loja\\\/\"},{\"@type\":\"ListItem\",\"position\":3,\"name\":\"Transmissor Universal Intelbras Tx 4020 Smart P\\\/sensor 100mt\"}]},{\"@type\":\"WebSite\",\"@id\":\"https:\\\/\\\/www.lojamelhordosul.com.br\\\/site\\\/#website\",\"url\":\"https:\\\/\\\/www.lojamelhordosul.com.br\\\/site\\\/\",\"name\":\"Loja Melhor do Sul Sistemas de Seguran\u00e7a\",\"description\":\"Loja Melhor do Sul - Revenda Ouro Intelbras em Porto Alegre\",\"publisher\":{\"@id\":\"https:\\\/\\\/www.lojamelhordosul.com.br\\\/site\\\/#organization\"},\"potentialAction\":[{\"@type\":\"SearchAction\",\"target\":{\"@type\":\"EntryPoint\",\"urlTemplate\":\"https:\\\/\\\/www.lojamelhordosul.com.br\\\/site\\\/?s={search_term_string}\"},\"query-input\":{\"@type\":\"PropertyValueSpecification\",\"valueRequired\":true,\"valueName\":\"search_term_string\"}}],\"inLanguage\":\"pt-BR\"},{\"@type\":\"Organization\",\"@id\":\"https:\\\/\\\/www.lojamelhordosul.com.br\\\/site\\\/#organization\",\"name\":\"Loja Melhor do Sul\",\"url\":\"https:\\\/\\\/www.lojamelhordosul.com.br\\\/site\\\/\",\"logo\":{\"@type\":\"ImageObject\",\"inLanguage\":\"pt-BR\",\"@id\":\"https:\\\/\\\/www.lojamelhordosul.com.br\\\/site\\\/#\\\/schema\\\/logo\\\/image\\\/\",\"url\":\"https:\\\/\\\/www.lojamelhordosul.com.br\\\/site\\\/wp-content\\\/uploads\\\/2019\\\/10\\\/logo-longo-da-loja.png\",\"contentUrl\":\"https:\\\/\\\/www.lojamelhordosul.com.br\\\/site\\\/wp-content\\\/uploads\\\/2019\\\/10\\\/logo-longo-da-loja.png\",\"width\":597,\"height\":114,\"caption\":\"Loja Melhor do Sul\"},\"image\":{\"@id\":\"https:\\\/\\\/www.lojamelhordosul.com.br\\\/site\\\/#\\\/schema\\\/logo\\\/image\\\/\"}}]}<\/script>\n<!-- \/ Yoast SEO plugin. -->","yoast_head_json":{"title":"Transmissor Universal Intelbras Tx 4020 Smart P\/sensor 100mt - Loja Melhor do Sul Sistemas de Seguran\u00e7a","robots":{"index":"index","follow":"follow","max-snippet":"max-snippet:-1","max-image-preview":"max-image-preview:large","max-video-preview":"max-video-preview:-1"},"canonical":"https:\/\/www.lojamelhordosul.com.br\/site\/produto\/transmissor-universal-intelbras-tx-4020-smart-p-sensor-100mt\/","og_locale":"pt_BR","og_type":"article","og_title":"Transmissor Universal Intelbras Tx 4020 Smart P\/sensor 100mt - Loja Melhor do Sul Sistemas de Seguran\u00e7a","og_description":"O transmissor universal TX 4020 SMART foi desenvolvido para dar aos sensores com fio, a facilidade de ter uma comunica\u00e7\u00e3o sem fios.","og_url":"https:\/\/www.lojamelhordosul.com.br\/site\/produto\/transmissor-universal-intelbras-tx-4020-smart-p-sensor-100mt\/","og_site_name":"Loja Melhor do Sul Sistemas de Seguran\u00e7a","article_modified_time":"2025-07-31T17:27:20+00:00","og_image":[{"width":1200,"height":1200,"url":"https:\/\/www.lojamelhordosul.com.br\/site\/wp-content\/uploads\/2022\/10\/Untitled-design-14.png","type":"image\/png"}],"twitter_card":"summary_large_image","twitter_misc":{"Est. tempo de leitura":"2 minutos"},"schema":{"@context":"https:\/\/schema.org","@graph":[{"@type":"WebPage","@id":"https:\/\/www.lojamelhordosul.com.br\/site\/produto\/transmissor-universal-intelbras-tx-4020-smart-p-sensor-100mt\/","url":"https:\/\/www.lojamelhordosul.com.br\/site\/produto\/transmissor-universal-intelbras-tx-4020-smart-p-sensor-100mt\/","name":"Transmissor Universal Intelbras Tx 4020 Smart P\/sensor 100mt - Loja Melhor do Sul Sistemas de Seguran\u00e7a","isPartOf":{"@id":"https:\/\/www.lojamelhordosul.com.br\/site\/#website"},"primaryImageOfPage":{"@id":"https:\/\/www.lojamelhordosul.com.br\/site\/produto\/transmissor-universal-intelbras-tx-4020-smart-p-sensor-100mt\/#primaryimage"},"image":{"@id":"https:\/\/www.lojamelhordosul.com.br\/site\/produto\/transmissor-universal-intelbras-tx-4020-smart-p-sensor-100mt\/#primaryimage"},"thumbnailUrl":"https:\/\/www.lojamelhordosul.com.br\/site\/wp-content\/uploads\/2022\/10\/Untitled-design-14.png","datePublished":"2022-10-03T18:59:34+00:00","dateModified":"2025-07-31T17:27:20+00:00","breadcrumb":{"@id":"https:\/\/www.lojamelhordosul.com.br\/site\/produto\/transmissor-universal-intelbras-tx-4020-smart-p-sensor-100mt\/#breadcrumb"},"inLanguage":"pt-BR","potentialAction":[{"@type":"ReadAction","target":["https:\/\/www.lojamelhordosul.com.br\/site\/produto\/transmissor-universal-intelbras-tx-4020-smart-p-sensor-100mt\/"]}]},{"@type":"ImageObject","inLanguage":"pt-BR","@id":"https:\/\/www.lojamelhordosul.com.br\/site\/produto\/transmissor-universal-intelbras-tx-4020-smart-p-sensor-100mt\/#primaryimage","url":"https:\/\/www.lojamelhordosul.com.br\/site\/wp-content\/uploads\/2022\/10\/Untitled-design-14.png","contentUrl":"https:\/\/www.lojamelhordosul.com.br\/site\/wp-content\/uploads\/2022\/10\/Untitled-design-14.png","width":1200,"height":1200},{"@type":"BreadcrumbList","@id":"https:\/\/www.lojamelhordosul.com.br\/site\/produto\/transmissor-universal-intelbras-tx-4020-smart-p-sensor-100mt\/#breadcrumb","itemListElement":[{"@type":"ListItem","position":1,"name":"In\u00edcio","item":"https:\/\/www.lojamelhordosul.com.br\/site\/"},{"@type":"ListItem","position":2,"name":"Loja","item":"https:\/\/www.lojamelhordosul.com.br\/site\/loja\/"},{"@type":"ListItem","position":3,"name":"Transmissor Universal Intelbras Tx 4020 Smart P\/sensor 100mt"}]},{"@type":"WebSite","@id":"https:\/\/www.lojamelhordosul.com.br\/site\/#website","url":"https:\/\/www.lojamelhordosul.com.br\/site\/","name":"Loja Melhor do Sul Sistemas de Seguran\u00e7a","description":"Loja Melhor do Sul - Revenda Ouro Intelbras em Porto Alegre","publisher":{"@id":"https:\/\/www.lojamelhordosul.com.br\/site\/#organization"},"potentialAction":[{"@type":"SearchAction","target":{"@type":"EntryPoint","urlTemplate":"https:\/\/www.lojamelhordosul.com.br\/site\/?s={search_term_string}"},"query-input":{"@type":"PropertyValueSpecification","valueRequired":true,"valueName":"search_term_string"}}],"inLanguage":"pt-BR"},{"@type":"Organization","@id":"https:\/\/www.lojamelhordosul.com.br\/site\/#organization","name":"Loja Melhor do Sul","url":"https:\/\/www.lojamelhordosul.com.br\/site\/","logo":{"@type":"ImageObject","inLanguage":"pt-BR","@id":"https:\/\/www.lojamelhordosul.com.br\/site\/#\/schema\/logo\/image\/","url":"https:\/\/www.lojamelhordosul.com.br\/site\/wp-content\/uploads\/2019\/10\/logo-longo-da-loja.png","contentUrl":"https:\/\/www.lojamelhordosul.com.br\/site\/wp-content\/uploads\/2019\/10\/logo-longo-da-loja.png","width":597,"height":114,"caption":"Loja Melhor do Sul"},"image":{"@id":"https:\/\/www.lojamelhordosul.com.br\/site\/#\/schema\/logo\/image\/"}}]}},"_links":{"self":[{"href":"https:\/\/www.lojamelhordosul.com.br\/site\/wp-json\/wp\/v2\/product\/13385","targetHints":{"allow":["GET"]}}],"collection":[{"href":"https:\/\/www.lojamelhordosul.com.br\/site\/wp-json\/wp\/v2\/product"}],"about":[{"href":"https:\/\/www.lojamelhordosul.com.br\/site\/wp-json\/wp\/v2\/types\/product"}],"replies":[{"embeddable":true,"href":"https:\/\/www.lojamelhordosul.com.br\/site\/wp-json\/wp\/v2\/comments?post=13385"}],"wp:featuredmedia":[{"embeddable":true,"href":"https:\/\/www.lojamelhordosul.com.br\/site\/wp-json\/wp\/v2\/media\/13386"}],"wp:attachment":[{"href":"https:\/\/www.lojamelhordosul.com.br\/site\/wp-json\/wp\/v2\/media?parent=13385"}],"wp:term":[{"taxonomy":"product_brand","embeddable":true,"href":"https:\/\/www.lojamelhordosul.com.br\/site\/wp-json\/wp\/v2\/product_brand?post=13385"},{"taxonomy":"product_cat","embeddable":true,"href":"https:\/\/www.lojamelhordosul.com.br\/site\/wp-json\/wp\/v2\/product_cat?post=13385"},{"taxonomy":"product_tag","embeddable":true,"href":"https:\/\/www.lojamelhordosul.com.br\/site\/wp-json\/wp\/v2\/product_tag?post=13385"}],"curies":[{"name":"wp","href":"https:\/\/api.w.org\/{rel}","templated":true}]}}