{"id":13641,"date":"2023-01-13T16:52:17","date_gmt":"2023-01-13T19:52:17","guid":{"rendered":"https:\/\/www.lojamelhordosul.com.br\/site\/?post_type=product&#038;p=13641"},"modified":"2026-03-13T17:53:43","modified_gmt":"2026-03-13T20:53:43","slug":"camera-intelbras-50-metros-infra-vhd-3150-vf-g7-hd-720p","status":"publish","type":"product","link":"https:\/\/www.lojamelhordosul.com.br\/site\/produto\/camera-intelbras-50-metros-infra-vhd-3150-vf-g7-hd-720p\/","title":{"rendered":"C\u00e2mera Intelbras 50 Metros Infra Vhd 3150 Vf G7 Hd 720p"},"content":{"rendered":"<div>\n<div class=\"z-index-4 internal-fixed-navigation\">\n<div class=\"grid-container  \">\n<div class=\"navigation-sticky\">\n<div class=\"grid-x align-middle\">\n<div class=\"cell navigation__cell-first large-auto text-left is-sticky\">\n<div class=\"overflow-x-auto start\">\n<div class=\"overflow-x-auto__wrapper\"><\/div>\n<\/div>\n<\/div>\n<div class=\"cell large-shrink navigation__cell-second\"><\/div>\n<\/div>\n<\/div>\n<\/div>\n<\/div>\n<\/div>\n<div>\n<div class=\"grid-container  \">\n<div class=\"mt2 mb2  \">\n<div class=\"grid-container  \">\n<div class=\"block-mini-banner\" data-ga-name=\"section-mini-banner\">\n<div class=\"grid-x grid-margin-x align-middle\">\n<div class=\"cell medium-6 medium-order-2 large-offset-1\">\n<div class=\"block-mini-banner__media\">\n<figure class=\"text-center  object-fit--contain\"><a href=\"https:\/\/www.lojamelhordosul.com.br\/site\/wp-content\/uploads\/2022\/12\/Logo-do-Site-2023.png\"><img decoding=\"async\" class=\"wp-image-13558 aligncenter\" src=\"https:\/\/www.lojamelhordosul.com.br\/site\/wp-content\/uploads\/2022\/12\/Logo-do-Site-2023.png\" alt=\"\" width=\"480\" height=\"160\" \/><\/a><img decoding=\"async\" src=\"https:\/\/backend.intelbras.com\/sites\/default\/files\/styles\/large\/public\/2022-06\/lente-varifocal-vhd-3150-vf-g7.jpg\" alt=\"lente-varifocal-vhd-3150-vf-g7.jpg\" \/><\/figure>\n<p>&nbsp;<\/p>\n<\/div>\n<\/div>\n<div class=\"cell medium-auto medium-order-1\">\n<div class=\"block-mini-banner__content\">\n<div class=\"mt2 mb2 \">\n<h2 class=\"weight--small-300 weight--large-200 h3\">Lente varifocal<\/h2>\n<\/div>\n<div class=\"text text--300\">\n<div class=\"block-template overflow-hidden\">\n<p>O modelo possui sensor de imagem 1\/2.7 e lente varifocal de 2,7 a 12mm, para ajustar-se perfeitamente aos mais variados cen\u00e1rios de aplica\u00e7\u00e3o.<\/p>\n<\/div>\n<\/div>\n<\/div>\n<\/div>\n<\/div>\n<\/div>\n<\/div>\n<\/div>\n<div class=\"mt2 mb2  \">\n<div class=\"grid-container  \">\n<div class=\"block-mini-banner\" data-ga-name=\"section-mini-banner\">\n<div class=\"grid-x grid-margin-x align-middle\">\n<div class=\"cell medium-6\">\n<div class=\"block-mini-banner__media\">\n<figure class=\"text-center  object-fit--contain\"><img decoding=\"async\" src=\"https:\/\/backend.intelbras.com\/sites\/default\/files\/styles\/large\/public\/2022-06\/multiplos-recursos-com-o-menu-osd-vhd-3150-vf-g7.jpg\" alt=\"multiplos-recursos-com-o-menu-osd-vhd-3150-vf-g7.jpg\" \/><\/figure>\n<\/div>\n<\/div>\n<div class=\"cell medium-auto\">\n<div class=\"block-mini-banner__content\">\n<div class=\"mt2 mb2 \">\n<h2 class=\"weight--small-300 weight--large-200 h3\">M\u00faltiplos recursos com o Menu OSD<\/h2>\n<\/div>\n<div class=\"text text--300\">\n<div class=\"block-template overflow-hidden\">\n<p>Permite realizar a configura\u00e7\u00e3o e os ajustes finos nas imagens em todos os cen\u00e1rios de instala\u00e7\u00e3o, atendendo a todas as suas necessidades.<\/p>\n<\/div>\n<\/div>\n<\/div>\n<\/div>\n<\/div>\n<\/div>\n<\/div>\n<\/div>\n<div class=\"mt2 mb2  \">\n<div class=\"grid-container  \">\n<div class=\"block-mini-banner\" data-ga-name=\"section-mini-banner\">\n<div class=\"grid-x grid-margin-x align-middle\">\n<div class=\"cell medium-6 medium-order-2 large-offset-1\">\n<div class=\"block-mini-banner__media\">\n<figure class=\"text-center  object-fit--contain\"><img decoding=\"async\" src=\"https:\/\/backend.intelbras.com\/sites\/default\/files\/styles\/large\/public\/2022-06\/enxergue-no-escuro-total-vhd-3150-vf-g7.jpg\" alt=\"enxergue-no-escuro-total-vhd-3150-vf-g7.jpg\" \/><\/figure>\n<\/div>\n<\/div>\n<div class=\"cell medium-auto medium-order-1\">\n<div class=\"block-mini-banner__content\">\n<div class=\"mt2 mb2 \">\n<h2 class=\"weight--small-300 weight--large-200 h3\">Enxergue no escuro total<\/h2>\n<\/div>\n<div class=\"text text--300\">\n<div class=\"block-template overflow-hidden\">\n<p>Com o infravermelho, a c\u00e2mera alcan\u00e7a uma dist\u00e2ncia de at\u00e9 50 metros no escuro, podendo ser utilizada em ambientes com pouca ou nenhuma luminosidade.<\/p>\n<\/div>\n<\/div>\n<\/div>\n<\/div>\n<\/div>\n<\/div>\n<\/div>\n<\/div>\n<div class=\"mt2 mb2  \">\n<div class=\"grid-container  \">\n<div class=\"block-mini-banner\" data-ga-name=\"section-mini-banner\">\n<div class=\"grid-x grid-margin-x align-middle\">\n<div class=\"cell medium-6\">\n<div class=\"block-mini-banner__media\">\n<figure class=\"text-center  object-fit--contain\"><\/figure>\n<\/div>\n<\/div>\n<div class=\"cell medium-auto\">\n<div class=\"block-mini-banner__content\">\n<div class=\"mt2 mb2 \">\n<h2 class=\"weight--small-300 weight--large-200 h3\">Imagem perfeita em resolu\u00e7\u00e3o HD<\/h2>\n<\/div>\n<div class=\"text text--300\">\n<div class=\"block-template overflow-hidden\">\n<p>Esta c\u00e2mera apresenta imagens em defini\u00e7\u00e3o HD (720p), sendo a solu\u00e7\u00e3o perfeita para projetos mais robustos e para quem deseja imagens com defini\u00e7\u00e3o HD.<\/p>\n<\/div>\n<\/div>\n<\/div>\n<\/div>\n<\/div>\n<\/div>\n<\/div>\n<\/div>\n<div class=\"mt2 mb2  \">\n<div class=\"grid-container  \">\n<div class=\"block-mini-banner\" data-ga-name=\"section-mini-banner\">\n<div class=\"grid-x grid-margin-x align-middle\">\n<div class=\"cell medium-6 medium-order-2 large-offset-1\">\n<div class=\"block-mini-banner__media\">\n<figure class=\"text-center  object-fit--contain\"><img decoding=\"async\" src=\"https:\/\/backend.intelbras.com\/sites\/default\/files\/styles\/large\/public\/2022-06\/ampliando-sua-visao-vhd-3150-vf-g7.png\" alt=\"ampliando-sua-visao-vhd-3150-vf-g7.png\" \/><\/figure>\n<\/div>\n<\/div>\n<div class=\"cell medium-auto medium-order-1\">\n<div class=\"block-mini-banner__content\">\n<div class=\"mt2 mb2 \">\n<h2 class=\"weight--small-300 weight--large-200 h3\">Ampliando sua vis\u00e3o<\/h2>\n<\/div>\n<div class=\"text text--300\">\n<div class=\"block-template overflow-hidden\">\n<p>Com \u00e2ngulo de abertura de 109\u00b0, a VHD 3150 VF G7 \u00e9 capaz de se adaptar a diversos ambientes, garantindo maior abertura na imagem para monitorar locais amplos.<\/p>\n<\/div>\n<\/div>\n<\/div>\n<\/div>\n<\/div>\n<\/div>\n<\/div>\n<\/div>\n<\/div>\n<\/div>\n","protected":false},"excerpt":{"rendered":"<p>&nbsp; Lente varifocal O modelo possui sensor de imagem 1\/2.7 e lente varifocal de 2,7 a 12mm, para ajustar-se perfeitamente aos mais variados cen\u00e1rios de aplica\u00e7\u00e3o. M\u00faltiplos recursos com o Menu OSD Permite realizar a configura\u00e7\u00e3o e os ajustes finos nas imagens em todos os cen\u00e1rios de instala\u00e7\u00e3o, atendendo a todas as suas necessidades. Enxergue &hellip; <a href=\"https:\/\/www.lojamelhordosul.com.br\/site\/produto\/camera-intelbras-50-metros-infra-vhd-3150-vf-g7-hd-720p\/\" class=\"more-link\">Continuar lendo <span class=\"screen-reader-text\">C\u00e2mera Intelbras 50 Metros Infra Vhd 3150 Vf G7 Hd 720p<\/span><\/a><\/p>\n","protected":false},"featured_media":13642,"comment_status":"closed","ping_status":"closed","template":"","meta":[],"product_brand":[],"product_cat":[2633,1838,2631],"product_tag":[],"class_list":{"0":"post-13641","1":"product","2":"type-product","3":"status-publish","4":"has-post-thumbnail","6":"product_cat-hd-bullet","7":"product_cat-cameras-de-seguranca","8":"product_cat-cameras-de-seguranca-cameras-de-seguranca","10":"first","11":"instock","12":"shipping-taxable","13":"purchasable","14":"product-type-simple"},"yoast_head":"<!-- This site is optimized with the Yoast SEO plugin v27.3 - https:\/\/yoast.com\/product\/yoast-seo-wordpress\/ -->\n<title>C\u00e2mera Intelbras 50 Metros Infra Vhd 3150 Vf G7 Hd 720p - Loja Melhor do Sul Sistemas de Seguran\u00e7a<\/title>\n<meta name=\"robots\" content=\"index, follow, max-snippet:-1, max-image-preview:large, max-video-preview:-1\" \/>\n<link rel=\"canonical\" href=\"https:\/\/www.lojamelhordosul.com.br\/site\/produto\/camera-intelbras-50-metros-infra-vhd-3150-vf-g7-hd-720p\/\" \/>\n<meta property=\"og:locale\" content=\"pt_BR\" \/>\n<meta property=\"og:type\" content=\"article\" \/>\n<meta property=\"og:title\" content=\"C\u00e2mera Intelbras 50 Metros Infra Vhd 3150 Vf G7 Hd 720p - Loja Melhor do Sul Sistemas de Seguran\u00e7a\" \/>\n<meta property=\"og:description\" content=\"&nbsp; Lente varifocal O modelo possui sensor de imagem 1\/2.7 e lente varifocal de 2,7 a 12mm, para ajustar-se perfeitamente aos mais variados cen\u00e1rios de aplica\u00e7\u00e3o. M\u00faltiplos recursos com o Menu OSD Permite realizar a configura\u00e7\u00e3o e os ajustes finos nas imagens em todos os cen\u00e1rios de instala\u00e7\u00e3o, atendendo a todas as suas necessidades. Enxergue &hellip; Continuar lendo C\u00e2mera Intelbras 50 Metros Infra Vhd 3150 Vf G7 Hd 720p\" \/>\n<meta property=\"og:url\" content=\"https:\/\/www.lojamelhordosul.com.br\/site\/produto\/camera-intelbras-50-metros-infra-vhd-3150-vf-g7-hd-720p\/\" \/>\n<meta property=\"og:site_name\" content=\"Loja Melhor do Sul Sistemas de Seguran\u00e7a\" \/>\n<meta property=\"article:modified_time\" content=\"2026-03-13T20:53:43+00:00\" \/>\n<meta property=\"og:image\" content=\"https:\/\/www.lojamelhordosul.com.br\/site\/wp-content\/uploads\/2023\/01\/2dc19014db39cbb7d4d31097c62be235-1.webp\" \/>\n\t<meta property=\"og:image:width\" content=\"1000\" \/>\n\t<meta property=\"og:image:height\" content=\"1000\" \/>\n\t<meta property=\"og:image:type\" content=\"image\/webp\" \/>\n<meta name=\"twitter:card\" content=\"summary_large_image\" \/>\n<meta name=\"twitter:label1\" content=\"Est. tempo de leitura\" \/>\n\t<meta name=\"twitter:data1\" content=\"2 minutos\" \/>\n<script type=\"application\/ld+json\" class=\"yoast-schema-graph\">{\"@context\":\"https:\\\/\\\/schema.org\",\"@graph\":[{\"@type\":\"WebPage\",\"@id\":\"https:\\\/\\\/www.lojamelhordosul.com.br\\\/site\\\/produto\\\/camera-intelbras-50-metros-infra-vhd-3150-vf-g7-hd-720p\\\/\",\"url\":\"https:\\\/\\\/www.lojamelhordosul.com.br\\\/site\\\/produto\\\/camera-intelbras-50-metros-infra-vhd-3150-vf-g7-hd-720p\\\/\",\"name\":\"C\u00e2mera Intelbras 50 Metros Infra Vhd 3150 Vf G7 Hd 720p - Loja Melhor do Sul Sistemas de Seguran\u00e7a\",\"isPartOf\":{\"@id\":\"https:\\\/\\\/www.lojamelhordosul.com.br\\\/site\\\/#website\"},\"primaryImageOfPage\":{\"@id\":\"https:\\\/\\\/www.lojamelhordosul.com.br\\\/site\\\/produto\\\/camera-intelbras-50-metros-infra-vhd-3150-vf-g7-hd-720p\\\/#primaryimage\"},\"image\":{\"@id\":\"https:\\\/\\\/www.lojamelhordosul.com.br\\\/site\\\/produto\\\/camera-intelbras-50-metros-infra-vhd-3150-vf-g7-hd-720p\\\/#primaryimage\"},\"thumbnailUrl\":\"https:\\\/\\\/www.lojamelhordosul.com.br\\\/site\\\/wp-content\\\/uploads\\\/2023\\\/01\\\/2dc19014db39cbb7d4d31097c62be235-1.webp\",\"datePublished\":\"2023-01-13T19:52:17+00:00\",\"dateModified\":\"2026-03-13T20:53:43+00:00\",\"breadcrumb\":{\"@id\":\"https:\\\/\\\/www.lojamelhordosul.com.br\\\/site\\\/produto\\\/camera-intelbras-50-metros-infra-vhd-3150-vf-g7-hd-720p\\\/#breadcrumb\"},\"inLanguage\":\"pt-BR\",\"potentialAction\":[{\"@type\":\"ReadAction\",\"target\":[\"https:\\\/\\\/www.lojamelhordosul.com.br\\\/site\\\/produto\\\/camera-intelbras-50-metros-infra-vhd-3150-vf-g7-hd-720p\\\/\"]}]},{\"@type\":\"ImageObject\",\"inLanguage\":\"pt-BR\",\"@id\":\"https:\\\/\\\/www.lojamelhordosul.com.br\\\/site\\\/produto\\\/camera-intelbras-50-metros-infra-vhd-3150-vf-g7-hd-720p\\\/#primaryimage\",\"url\":\"https:\\\/\\\/www.lojamelhordosul.com.br\\\/site\\\/wp-content\\\/uploads\\\/2023\\\/01\\\/2dc19014db39cbb7d4d31097c62be235-1.webp\",\"contentUrl\":\"https:\\\/\\\/www.lojamelhordosul.com.br\\\/site\\\/wp-content\\\/uploads\\\/2023\\\/01\\\/2dc19014db39cbb7d4d31097c62be235-1.webp\",\"width\":1000,\"height\":1000},{\"@type\":\"BreadcrumbList\",\"@id\":\"https:\\\/\\\/www.lojamelhordosul.com.br\\\/site\\\/produto\\\/camera-intelbras-50-metros-infra-vhd-3150-vf-g7-hd-720p\\\/#breadcrumb\",\"itemListElement\":[{\"@type\":\"ListItem\",\"position\":1,\"name\":\"In\u00edcio\",\"item\":\"https:\\\/\\\/www.lojamelhordosul.com.br\\\/site\\\/\"},{\"@type\":\"ListItem\",\"position\":2,\"name\":\"Loja\",\"item\":\"https:\\\/\\\/www.lojamelhordosul.com.br\\\/site\\\/loja\\\/\"},{\"@type\":\"ListItem\",\"position\":3,\"name\":\"C\u00e2mera Intelbras 50 Metros Infra Vhd 3150 Vf G7 Hd 720p\"}]},{\"@type\":\"WebSite\",\"@id\":\"https:\\\/\\\/www.lojamelhordosul.com.br\\\/site\\\/#website\",\"url\":\"https:\\\/\\\/www.lojamelhordosul.com.br\\\/site\\\/\",\"name\":\"Loja Melhor do Sul Sistemas de Seguran\u00e7a\",\"description\":\"Loja Melhor do Sul - Revenda Ouro Intelbras em Porto Alegre\",\"publisher\":{\"@id\":\"https:\\\/\\\/www.lojamelhordosul.com.br\\\/site\\\/#organization\"},\"potentialAction\":[{\"@type\":\"SearchAction\",\"target\":{\"@type\":\"EntryPoint\",\"urlTemplate\":\"https:\\\/\\\/www.lojamelhordosul.com.br\\\/site\\\/?s={search_term_string}\"},\"query-input\":{\"@type\":\"PropertyValueSpecification\",\"valueRequired\":true,\"valueName\":\"search_term_string\"}}],\"inLanguage\":\"pt-BR\"},{\"@type\":\"Organization\",\"@id\":\"https:\\\/\\\/www.lojamelhordosul.com.br\\\/site\\\/#organization\",\"name\":\"Loja Melhor do Sul\",\"url\":\"https:\\\/\\\/www.lojamelhordosul.com.br\\\/site\\\/\",\"logo\":{\"@type\":\"ImageObject\",\"inLanguage\":\"pt-BR\",\"@id\":\"https:\\\/\\\/www.lojamelhordosul.com.br\\\/site\\\/#\\\/schema\\\/logo\\\/image\\\/\",\"url\":\"https:\\\/\\\/www.lojamelhordosul.com.br\\\/site\\\/wp-content\\\/uploads\\\/2019\\\/10\\\/logo-longo-da-loja.png\",\"contentUrl\":\"https:\\\/\\\/www.lojamelhordosul.com.br\\\/site\\\/wp-content\\\/uploads\\\/2019\\\/10\\\/logo-longo-da-loja.png\",\"width\":597,\"height\":114,\"caption\":\"Loja Melhor do Sul\"},\"image\":{\"@id\":\"https:\\\/\\\/www.lojamelhordosul.com.br\\\/site\\\/#\\\/schema\\\/logo\\\/image\\\/\"}}]}<\/script>\n<!-- \/ Yoast SEO plugin. -->","yoast_head_json":{"title":"C\u00e2mera Intelbras 50 Metros Infra Vhd 3150 Vf G7 Hd 720p - Loja Melhor do Sul Sistemas de Seguran\u00e7a","robots":{"index":"index","follow":"follow","max-snippet":"max-snippet:-1","max-image-preview":"max-image-preview:large","max-video-preview":"max-video-preview:-1"},"canonical":"https:\/\/www.lojamelhordosul.com.br\/site\/produto\/camera-intelbras-50-metros-infra-vhd-3150-vf-g7-hd-720p\/","og_locale":"pt_BR","og_type":"article","og_title":"C\u00e2mera Intelbras 50 Metros Infra Vhd 3150 Vf G7 Hd 720p - Loja Melhor do Sul Sistemas de Seguran\u00e7a","og_description":"&nbsp; Lente varifocal O modelo possui sensor de imagem 1\/2.7 e lente varifocal de 2,7 a 12mm, para ajustar-se perfeitamente aos mais variados cen\u00e1rios de aplica\u00e7\u00e3o. M\u00faltiplos recursos com o Menu OSD Permite realizar a configura\u00e7\u00e3o e os ajustes finos nas imagens em todos os cen\u00e1rios de instala\u00e7\u00e3o, atendendo a todas as suas necessidades. Enxergue &hellip; Continuar lendo C\u00e2mera Intelbras 50 Metros Infra Vhd 3150 Vf G7 Hd 720p","og_url":"https:\/\/www.lojamelhordosul.com.br\/site\/produto\/camera-intelbras-50-metros-infra-vhd-3150-vf-g7-hd-720p\/","og_site_name":"Loja Melhor do Sul Sistemas de Seguran\u00e7a","article_modified_time":"2026-03-13T20:53:43+00:00","og_image":[{"width":1000,"height":1000,"url":"https:\/\/www.lojamelhordosul.com.br\/site\/wp-content\/uploads\/2023\/01\/2dc19014db39cbb7d4d31097c62be235-1.webp","type":"image\/webp"}],"twitter_card":"summary_large_image","twitter_misc":{"Est. tempo de leitura":"2 minutos"},"schema":{"@context":"https:\/\/schema.org","@graph":[{"@type":"WebPage","@id":"https:\/\/www.lojamelhordosul.com.br\/site\/produto\/camera-intelbras-50-metros-infra-vhd-3150-vf-g7-hd-720p\/","url":"https:\/\/www.lojamelhordosul.com.br\/site\/produto\/camera-intelbras-50-metros-infra-vhd-3150-vf-g7-hd-720p\/","name":"C\u00e2mera Intelbras 50 Metros Infra Vhd 3150 Vf G7 Hd 720p - Loja Melhor do Sul Sistemas de Seguran\u00e7a","isPartOf":{"@id":"https:\/\/www.lojamelhordosul.com.br\/site\/#website"},"primaryImageOfPage":{"@id":"https:\/\/www.lojamelhordosul.com.br\/site\/produto\/camera-intelbras-50-metros-infra-vhd-3150-vf-g7-hd-720p\/#primaryimage"},"image":{"@id":"https:\/\/www.lojamelhordosul.com.br\/site\/produto\/camera-intelbras-50-metros-infra-vhd-3150-vf-g7-hd-720p\/#primaryimage"},"thumbnailUrl":"https:\/\/www.lojamelhordosul.com.br\/site\/wp-content\/uploads\/2023\/01\/2dc19014db39cbb7d4d31097c62be235-1.webp","datePublished":"2023-01-13T19:52:17+00:00","dateModified":"2026-03-13T20:53:43+00:00","breadcrumb":{"@id":"https:\/\/www.lojamelhordosul.com.br\/site\/produto\/camera-intelbras-50-metros-infra-vhd-3150-vf-g7-hd-720p\/#breadcrumb"},"inLanguage":"pt-BR","potentialAction":[{"@type":"ReadAction","target":["https:\/\/www.lojamelhordosul.com.br\/site\/produto\/camera-intelbras-50-metros-infra-vhd-3150-vf-g7-hd-720p\/"]}]},{"@type":"ImageObject","inLanguage":"pt-BR","@id":"https:\/\/www.lojamelhordosul.com.br\/site\/produto\/camera-intelbras-50-metros-infra-vhd-3150-vf-g7-hd-720p\/#primaryimage","url":"https:\/\/www.lojamelhordosul.com.br\/site\/wp-content\/uploads\/2023\/01\/2dc19014db39cbb7d4d31097c62be235-1.webp","contentUrl":"https:\/\/www.lojamelhordosul.com.br\/site\/wp-content\/uploads\/2023\/01\/2dc19014db39cbb7d4d31097c62be235-1.webp","width":1000,"height":1000},{"@type":"BreadcrumbList","@id":"https:\/\/www.lojamelhordosul.com.br\/site\/produto\/camera-intelbras-50-metros-infra-vhd-3150-vf-g7-hd-720p\/#breadcrumb","itemListElement":[{"@type":"ListItem","position":1,"name":"In\u00edcio","item":"https:\/\/www.lojamelhordosul.com.br\/site\/"},{"@type":"ListItem","position":2,"name":"Loja","item":"https:\/\/www.lojamelhordosul.com.br\/site\/loja\/"},{"@type":"ListItem","position":3,"name":"C\u00e2mera Intelbras 50 Metros Infra Vhd 3150 Vf G7 Hd 720p"}]},{"@type":"WebSite","@id":"https:\/\/www.lojamelhordosul.com.br\/site\/#website","url":"https:\/\/www.lojamelhordosul.com.br\/site\/","name":"Loja Melhor do Sul Sistemas de Seguran\u00e7a","description":"Loja Melhor do Sul - Revenda Ouro Intelbras em Porto Alegre","publisher":{"@id":"https:\/\/www.lojamelhordosul.com.br\/site\/#organization"},"potentialAction":[{"@type":"SearchAction","target":{"@type":"EntryPoint","urlTemplate":"https:\/\/www.lojamelhordosul.com.br\/site\/?s={search_term_string}"},"query-input":{"@type":"PropertyValueSpecification","valueRequired":true,"valueName":"search_term_string"}}],"inLanguage":"pt-BR"},{"@type":"Organization","@id":"https:\/\/www.lojamelhordosul.com.br\/site\/#organization","name":"Loja Melhor do Sul","url":"https:\/\/www.lojamelhordosul.com.br\/site\/","logo":{"@type":"ImageObject","inLanguage":"pt-BR","@id":"https:\/\/www.lojamelhordosul.com.br\/site\/#\/schema\/logo\/image\/","url":"https:\/\/www.lojamelhordosul.com.br\/site\/wp-content\/uploads\/2019\/10\/logo-longo-da-loja.png","contentUrl":"https:\/\/www.lojamelhordosul.com.br\/site\/wp-content\/uploads\/2019\/10\/logo-longo-da-loja.png","width":597,"height":114,"caption":"Loja Melhor do Sul"},"image":{"@id":"https:\/\/www.lojamelhordosul.com.br\/site\/#\/schema\/logo\/image\/"}}]}},"_links":{"self":[{"href":"https:\/\/www.lojamelhordosul.com.br\/site\/wp-json\/wp\/v2\/product\/13641","targetHints":{"allow":["GET"]}}],"collection":[{"href":"https:\/\/www.lojamelhordosul.com.br\/site\/wp-json\/wp\/v2\/product"}],"about":[{"href":"https:\/\/www.lojamelhordosul.com.br\/site\/wp-json\/wp\/v2\/types\/product"}],"replies":[{"embeddable":true,"href":"https:\/\/www.lojamelhordosul.com.br\/site\/wp-json\/wp\/v2\/comments?post=13641"}],"wp:featuredmedia":[{"embeddable":true,"href":"https:\/\/www.lojamelhordosul.com.br\/site\/wp-json\/wp\/v2\/media\/13642"}],"wp:attachment":[{"href":"https:\/\/www.lojamelhordosul.com.br\/site\/wp-json\/wp\/v2\/media?parent=13641"}],"wp:term":[{"taxonomy":"product_brand","embeddable":true,"href":"https:\/\/www.lojamelhordosul.com.br\/site\/wp-json\/wp\/v2\/product_brand?post=13641"},{"taxonomy":"product_cat","embeddable":true,"href":"https:\/\/www.lojamelhordosul.com.br\/site\/wp-json\/wp\/v2\/product_cat?post=13641"},{"taxonomy":"product_tag","embeddable":true,"href":"https:\/\/www.lojamelhordosul.com.br\/site\/wp-json\/wp\/v2\/product_tag?post=13641"}],"curies":[{"name":"wp","href":"https:\/\/api.w.org\/{rel}","templated":true}]}}