{"id":13659,"date":"2023-01-16T14:21:53","date_gmt":"2023-01-16T17:21:53","guid":{"rendered":"https:\/\/www.lojamelhordosul.com.br\/site\/?post_type=product&#038;p=13659"},"modified":"2026-03-13T17:52:57","modified_gmt":"2026-03-13T20:52:57","slug":"vhd-3130-d-g7","status":"publish","type":"product","link":"https:\/\/www.lojamelhordosul.com.br\/site\/produto\/vhd-3130-d-g7\/","title":{"rendered":"C\u00e2mera Seguran\u00e7a Interna Vhd 3130 Dome G7 Hd 720p Infra 30mt"},"content":{"rendered":"<div>\n<div class=\"z-index-4 internal-fixed-navigation\">\n<div class=\"grid-container \">\n<div class=\"navigation-sticky\">\n<div class=\"grid-x align-middle\">\n<div class=\"cell navigation__cell-first large-auto text-left is-sticky\">\n<div class=\"overflow-x-auto start\"><\/div>\n<\/div>\n<div class=\"cell large-shrink navigation__cell-second\"><\/div>\n<\/div>\n<\/div>\n<\/div>\n<\/div>\n<\/div>\n<div>\n<div class=\"grid-container \">\n<div class=\"mt2 mb2 \">\n<div class=\"grid-container \">\n<div class=\"block-mini-banner\" data-ga-name=\"section-mini-banner\">\n<div class=\"grid-x grid-margin-x align-middle\">\n<div class=\"cell medium-6 medium-order-2 large-offset-1\">\n<div class=\"block-mini-banner__media\">\n<figure class=\"text-center object-fit--contain\"><a href=\"https:\/\/www.lojamelhordosul.com.br\/site\/wp-content\/uploads\/2022\/12\/Logo-do-Site-2023.png\"><img decoding=\"async\" class=\" wp-image-13558 aligncenter\" src=\"https:\/\/www.lojamelhordosul.com.br\/site\/wp-content\/uploads\/2022\/12\/Logo-do-Site-2023.png\" alt=\"\" width=\"468\" height=\"156\" \/>239<\/a><img decoding=\"async\" class=\"aligncenter\" src=\"https:\/\/backend.intelbras.com\/sites\/default\/files\/styles\/large\/public\/2022-06\/multiplos-recursos-com-o-menu-osd-vhd-3130-d-g7.jpg\" alt=\"multiplos-recursos-com-o-menu-osd-vhd-3130-d-g7.jpg\" \/><\/figure>\n<\/div>\n<\/div>\n<div class=\"cell medium-auto medium-order-1\">\n<div class=\"block-mini-banner__content\">\n<div class=\"mt2 mb2 \">\n<h2 class=\"weight--small-300 weight--large-200 h3\">M\u00faltiplos recursos com o Menu OSD<\/h2>\n<\/div>\n<div class=\"text text--300\">\n<div class=\"block-template overflow-hidden\">\n<p>Permite realizar a configura\u00e7\u00e3o e os ajustes finos nas imagens em todos os cen\u00e1rios de instala\u00e7\u00e3o, atendendo a todas as suas necessidades.<\/p>\n<\/div>\n<\/div>\n<\/div>\n<\/div>\n<\/div>\n<\/div>\n<\/div>\n<\/div>\n<div class=\"mt2 mb2 \">\n<div class=\"grid-container \">\n<div class=\"block-mini-banner\" data-ga-name=\"section-mini-banner\">\n<div class=\"grid-x grid-margin-x align-middle\">\n<div class=\"cell medium-6\">\n<div class=\"block-mini-banner__media\">\n<figure class=\"text-center object-fit--contain\"><img decoding=\"async\" src=\"https:\/\/backend.intelbras.com\/sites\/default\/files\/styles\/large\/public\/2022-06\/imagem-perfeita-em-resolucao-hd-vhd-3130-d-g7.jpg\" alt=\"imagem-perfeita-em-resolucao-hd-vhd-3130-d-g7.jpg\" \/><\/figure>\n<\/div>\n<\/div>\n<div class=\"cell medium-auto\">\n<div class=\"block-mini-banner__content\">\n<div class=\"mt2 mb2 \">\n<h2 class=\"weight--small-300 weight--large-200 h3\">Imagem perfeita em resolu\u00e7\u00e3o HD<\/h2>\n<\/div>\n<div class=\"text text--300\">\n<div class=\"block-template overflow-hidden\">\n<p>A c\u00e2mera VHD 3130 D G7 apresenta imagens em defini\u00e7\u00e3o HD (720p) e instala\u00e7\u00e3o simplificada \u2013 e aproveita estruturas de sistemas anal\u00f3gicos existentes.<\/p>\n<\/div>\n<\/div>\n<\/div>\n<\/div>\n<\/div>\n<\/div>\n<\/div>\n<\/div>\n<div class=\"mt2 mb2 \">\n<div class=\"grid-container \">\n<div class=\"block-mini-banner\" data-ga-name=\"section-mini-banner\">\n<div class=\"grid-x grid-margin-x align-middle\">\n<div class=\"cell medium-6 medium-order-2 large-offset-1\">\n<div class=\"block-mini-banner__media\">\n<figure class=\"text-center object-fit--contain\"><img decoding=\"async\" src=\"https:\/\/backend.intelbras.com\/sites\/default\/files\/styles\/large\/public\/2022-06\/ampliando-sua-visao-vhd-3130-d-g7.jpg\" alt=\"ampliando-sua-visao-vhd-3130-d-g7.jpg\" \/><\/figure>\n<\/div>\n<\/div>\n<div class=\"cell medium-auto medium-order-1\">\n<div class=\"block-mini-banner__content\">\n<div class=\"mt2 mb2 \">\n<h2 class=\"weight--small-300 weight--large-200 h3\">Ampliando sua vis\u00e3o<\/h2>\n<\/div>\n<div class=\"text text--300\">\n<div class=\"block-template overflow-hidden\">\n<p>Com \u00e2ngulo de abertura de 98\u00b0, a VHD 3130 D G7 \u00e9 capaz de se adaptar a diversos ambientes, garantindo maior abertura na imagem para monitorar locais amplos.<\/p>\n<\/div>\n<\/div>\n<\/div>\n<\/div>\n<\/div>\n<\/div>\n<\/div>\n<\/div>\n<div class=\"mt2 mb2 \">\n<div class=\"grid-container \">\n<div class=\"block-mini-banner\" data-ga-name=\"section-mini-banner\">\n<div class=\"grid-x grid-margin-x align-middle\">\n<div class=\"cell medium-6\">\n<div class=\"block-mini-banner__media\">\n<figure class=\"text-center object-fit--contain\"><img decoding=\"async\" src=\"https:\/\/backend.intelbras.com\/sites\/default\/files\/styles\/large\/public\/2022-06\/enxergue-no-escuro-total-vhd-3130-d-g7.jpg\" alt=\"enxergue-no-escuro-total-vhd-3130-d-g7.jpg\" \/><\/figure>\n<\/div>\n<\/div>\n<div class=\"cell medium-auto\">\n<div class=\"block-mini-banner__content\">\n<div class=\"mt2 mb2 \">\n<h2 class=\"weight--small-300 weight--large-200 h3\">Enxergue no escuro total<\/h2>\n<\/div>\n<div class=\"text text--300\">\n<div class=\"block-template overflow-hidden\">\n<p>Com o infravermelho, a c\u00e2mera alcan\u00e7a uma dist\u00e2ncia de at\u00e9 30 metros no escuro, podendo ser utilizada em ambientes com pouca ou nenhuma luminosidade.<\/p>\n<\/div>\n<\/div>\n<\/div>\n<\/div>\n<\/div>\n<\/div>\n<\/div>\n<\/div>\n<div class=\"mt2 mb2 \">\n<div class=\"grid-container \">\n<div class=\"block-mini-banner\" data-ga-name=\"section-mini-banner\">\n<div class=\"grid-x grid-margin-x align-middle\">\n<div class=\"cell medium-6 medium-order-2 large-offset-1\">\n<div class=\"block-mini-banner__media\">\n<figure class=\"text-center object-fit--contain\"><img decoding=\"async\" src=\"https:\/\/backend.intelbras.com\/sites\/default\/files\/styles\/large\/public\/2022-06\/mais-protecao-mais-durabilidade-vhd-3130-d-g7.png\" alt=\"mais-protecao-mais-durabilidade-vhd-3130-d-g7.png\" \/><\/figure>\n<\/div>\n<\/div>\n<\/div>\n<\/div>\n<\/div>\n<\/div>\n<\/div>\n<\/div>\n","protected":false},"excerpt":{"rendered":"<p>239 M\u00faltiplos recursos com o Menu OSD Permite realizar a configura\u00e7\u00e3o e os ajustes finos nas imagens em todos os cen\u00e1rios de instala\u00e7\u00e3o, atendendo a todas as suas necessidades. Imagem perfeita em resolu\u00e7\u00e3o HD A c\u00e2mera VHD 3130 D G7 apresenta imagens em defini\u00e7\u00e3o HD (720p) e instala\u00e7\u00e3o simplificada \u2013 e aproveita estruturas de sistemas &hellip; <a href=\"https:\/\/www.lojamelhordosul.com.br\/site\/produto\/vhd-3130-d-g7\/\" class=\"more-link\">Continuar lendo <span class=\"screen-reader-text\">C\u00e2mera Seguran\u00e7a Interna Vhd 3130 Dome G7 Hd 720p Infra 30mt<\/span><\/a><\/p>\n","protected":false},"featured_media":13663,"comment_status":"closed","ping_status":"closed","template":"","meta":[],"product_brand":[],"product_cat":[1838,2637,2635],"product_tag":[],"class_list":{"0":"post-13659","1":"product","2":"type-product","3":"status-publish","4":"has-post-thumbnail","6":"product_cat-cameras-de-seguranca","7":"product_cat-dome-full-hd","8":"product_cat-camera-de-seguranca-fullhd","10":"first","11":"instock","12":"sale","13":"shipping-taxable","14":"purchasable","15":"product-type-simple"},"yoast_head":"<!-- This site is optimized with the Yoast SEO plugin v27.3 - https:\/\/yoast.com\/product\/yoast-seo-wordpress\/ -->\n<title>C\u00e2mera Seguran\u00e7a Interna Vhd 3130 Dome G7 Hd 720p Infra 30mt - Loja Melhor do Sul Sistemas de Seguran\u00e7a<\/title>\n<meta name=\"robots\" content=\"index, follow, max-snippet:-1, max-image-preview:large, max-video-preview:-1\" \/>\n<link rel=\"canonical\" href=\"https:\/\/www.lojamelhordosul.com.br\/site\/produto\/vhd-3130-d-g7\/\" \/>\n<meta property=\"og:locale\" content=\"pt_BR\" \/>\n<meta property=\"og:type\" content=\"article\" \/>\n<meta property=\"og:title\" content=\"C\u00e2mera Seguran\u00e7a Interna Vhd 3130 Dome G7 Hd 720p Infra 30mt - Loja Melhor do Sul Sistemas de Seguran\u00e7a\" \/>\n<meta property=\"og:description\" content=\"239 M\u00faltiplos recursos com o Menu OSD Permite realizar a configura\u00e7\u00e3o e os ajustes finos nas imagens em todos os cen\u00e1rios de instala\u00e7\u00e3o, atendendo a todas as suas necessidades. Imagem perfeita em resolu\u00e7\u00e3o HD A c\u00e2mera VHD 3130 D G7 apresenta imagens em defini\u00e7\u00e3o HD (720p) e instala\u00e7\u00e3o simplificada \u2013 e aproveita estruturas de sistemas &hellip; Continuar lendo C\u00e2mera Seguran\u00e7a Interna Vhd 3130 Dome G7 Hd 720p Infra 30mt\" \/>\n<meta property=\"og:url\" content=\"https:\/\/www.lojamelhordosul.com.br\/site\/produto\/vhd-3130-d-g7\/\" \/>\n<meta property=\"og:site_name\" content=\"Loja Melhor do Sul Sistemas de Seguran\u00e7a\" \/>\n<meta property=\"article:modified_time\" content=\"2026-03-13T20:52:57+00:00\" \/>\n<meta property=\"og:image\" content=\"https:\/\/www.lojamelhordosul.com.br\/site\/wp-content\/uploads\/2023\/01\/camera_intelbras_vhd_3130_d_g7_hd_720p_dome_multi_hd_infravermelho_de_30m_protecao_ip67_23652_1_76fa996fa7c649a15145b1d357227a77-1.webp\" \/>\n\t<meta property=\"og:image:width\" content=\"1200\" \/>\n\t<meta property=\"og:image:height\" content=\"1200\" \/>\n\t<meta property=\"og:image:type\" content=\"image\/webp\" \/>\n<meta name=\"twitter:card\" content=\"summary_large_image\" \/>\n<meta name=\"twitter:label1\" content=\"Est. tempo de leitura\" \/>\n\t<meta name=\"twitter:data1\" content=\"2 minutos\" \/>\n<script type=\"application\/ld+json\" class=\"yoast-schema-graph\">{\"@context\":\"https:\\\/\\\/schema.org\",\"@graph\":[{\"@type\":\"WebPage\",\"@id\":\"https:\\\/\\\/www.lojamelhordosul.com.br\\\/site\\\/produto\\\/vhd-3130-d-g7\\\/\",\"url\":\"https:\\\/\\\/www.lojamelhordosul.com.br\\\/site\\\/produto\\\/vhd-3130-d-g7\\\/\",\"name\":\"C\u00e2mera Seguran\u00e7a Interna Vhd 3130 Dome G7 Hd 720p Infra 30mt - Loja Melhor do Sul Sistemas de Seguran\u00e7a\",\"isPartOf\":{\"@id\":\"https:\\\/\\\/www.lojamelhordosul.com.br\\\/site\\\/#website\"},\"primaryImageOfPage\":{\"@id\":\"https:\\\/\\\/www.lojamelhordosul.com.br\\\/site\\\/produto\\\/vhd-3130-d-g7\\\/#primaryimage\"},\"image\":{\"@id\":\"https:\\\/\\\/www.lojamelhordosul.com.br\\\/site\\\/produto\\\/vhd-3130-d-g7\\\/#primaryimage\"},\"thumbnailUrl\":\"https:\\\/\\\/www.lojamelhordosul.com.br\\\/site\\\/wp-content\\\/uploads\\\/2023\\\/01\\\/camera_intelbras_vhd_3130_d_g7_hd_720p_dome_multi_hd_infravermelho_de_30m_protecao_ip67_23652_1_76fa996fa7c649a15145b1d357227a77-1.webp\",\"datePublished\":\"2023-01-16T17:21:53+00:00\",\"dateModified\":\"2026-03-13T20:52:57+00:00\",\"breadcrumb\":{\"@id\":\"https:\\\/\\\/www.lojamelhordosul.com.br\\\/site\\\/produto\\\/vhd-3130-d-g7\\\/#breadcrumb\"},\"inLanguage\":\"pt-BR\",\"potentialAction\":[{\"@type\":\"ReadAction\",\"target\":[\"https:\\\/\\\/www.lojamelhordosul.com.br\\\/site\\\/produto\\\/vhd-3130-d-g7\\\/\"]}]},{\"@type\":\"ImageObject\",\"inLanguage\":\"pt-BR\",\"@id\":\"https:\\\/\\\/www.lojamelhordosul.com.br\\\/site\\\/produto\\\/vhd-3130-d-g7\\\/#primaryimage\",\"url\":\"https:\\\/\\\/www.lojamelhordosul.com.br\\\/site\\\/wp-content\\\/uploads\\\/2023\\\/01\\\/camera_intelbras_vhd_3130_d_g7_hd_720p_dome_multi_hd_infravermelho_de_30m_protecao_ip67_23652_1_76fa996fa7c649a15145b1d357227a77-1.webp\",\"contentUrl\":\"https:\\\/\\\/www.lojamelhordosul.com.br\\\/site\\\/wp-content\\\/uploads\\\/2023\\\/01\\\/camera_intelbras_vhd_3130_d_g7_hd_720p_dome_multi_hd_infravermelho_de_30m_protecao_ip67_23652_1_76fa996fa7c649a15145b1d357227a77-1.webp\",\"width\":1200,\"height\":1200},{\"@type\":\"BreadcrumbList\",\"@id\":\"https:\\\/\\\/www.lojamelhordosul.com.br\\\/site\\\/produto\\\/vhd-3130-d-g7\\\/#breadcrumb\",\"itemListElement\":[{\"@type\":\"ListItem\",\"position\":1,\"name\":\"In\u00edcio\",\"item\":\"https:\\\/\\\/www.lojamelhordosul.com.br\\\/site\\\/\"},{\"@type\":\"ListItem\",\"position\":2,\"name\":\"Loja\",\"item\":\"https:\\\/\\\/www.lojamelhordosul.com.br\\\/site\\\/loja\\\/\"},{\"@type\":\"ListItem\",\"position\":3,\"name\":\"C\u00e2mera Seguran\u00e7a Interna Vhd 3130 Dome G7 Hd 720p Infra 30mt\"}]},{\"@type\":\"WebSite\",\"@id\":\"https:\\\/\\\/www.lojamelhordosul.com.br\\\/site\\\/#website\",\"url\":\"https:\\\/\\\/www.lojamelhordosul.com.br\\\/site\\\/\",\"name\":\"Loja Melhor do Sul Sistemas de Seguran\u00e7a\",\"description\":\"Loja Melhor do Sul - Revenda Ouro Intelbras em Porto Alegre\",\"publisher\":{\"@id\":\"https:\\\/\\\/www.lojamelhordosul.com.br\\\/site\\\/#organization\"},\"potentialAction\":[{\"@type\":\"SearchAction\",\"target\":{\"@type\":\"EntryPoint\",\"urlTemplate\":\"https:\\\/\\\/www.lojamelhordosul.com.br\\\/site\\\/?s={search_term_string}\"},\"query-input\":{\"@type\":\"PropertyValueSpecification\",\"valueRequired\":true,\"valueName\":\"search_term_string\"}}],\"inLanguage\":\"pt-BR\"},{\"@type\":\"Organization\",\"@id\":\"https:\\\/\\\/www.lojamelhordosul.com.br\\\/site\\\/#organization\",\"name\":\"Loja Melhor do Sul\",\"url\":\"https:\\\/\\\/www.lojamelhordosul.com.br\\\/site\\\/\",\"logo\":{\"@type\":\"ImageObject\",\"inLanguage\":\"pt-BR\",\"@id\":\"https:\\\/\\\/www.lojamelhordosul.com.br\\\/site\\\/#\\\/schema\\\/logo\\\/image\\\/\",\"url\":\"https:\\\/\\\/www.lojamelhordosul.com.br\\\/site\\\/wp-content\\\/uploads\\\/2019\\\/10\\\/logo-longo-da-loja.png\",\"contentUrl\":\"https:\\\/\\\/www.lojamelhordosul.com.br\\\/site\\\/wp-content\\\/uploads\\\/2019\\\/10\\\/logo-longo-da-loja.png\",\"width\":597,\"height\":114,\"caption\":\"Loja Melhor do Sul\"},\"image\":{\"@id\":\"https:\\\/\\\/www.lojamelhordosul.com.br\\\/site\\\/#\\\/schema\\\/logo\\\/image\\\/\"}}]}<\/script>\n<!-- \/ Yoast SEO plugin. -->","yoast_head_json":{"title":"C\u00e2mera Seguran\u00e7a Interna Vhd 3130 Dome G7 Hd 720p Infra 30mt - Loja Melhor do Sul Sistemas de Seguran\u00e7a","robots":{"index":"index","follow":"follow","max-snippet":"max-snippet:-1","max-image-preview":"max-image-preview:large","max-video-preview":"max-video-preview:-1"},"canonical":"https:\/\/www.lojamelhordosul.com.br\/site\/produto\/vhd-3130-d-g7\/","og_locale":"pt_BR","og_type":"article","og_title":"C\u00e2mera Seguran\u00e7a Interna Vhd 3130 Dome G7 Hd 720p Infra 30mt - Loja Melhor do Sul Sistemas de Seguran\u00e7a","og_description":"239 M\u00faltiplos recursos com o Menu OSD Permite realizar a configura\u00e7\u00e3o e os ajustes finos nas imagens em todos os cen\u00e1rios de instala\u00e7\u00e3o, atendendo a todas as suas necessidades. Imagem perfeita em resolu\u00e7\u00e3o HD A c\u00e2mera VHD 3130 D G7 apresenta imagens em defini\u00e7\u00e3o HD (720p) e instala\u00e7\u00e3o simplificada \u2013 e aproveita estruturas de sistemas &hellip; Continuar lendo C\u00e2mera Seguran\u00e7a Interna Vhd 3130 Dome G7 Hd 720p Infra 30mt","og_url":"https:\/\/www.lojamelhordosul.com.br\/site\/produto\/vhd-3130-d-g7\/","og_site_name":"Loja Melhor do Sul Sistemas de Seguran\u00e7a","article_modified_time":"2026-03-13T20:52:57+00:00","og_image":[{"width":1200,"height":1200,"url":"https:\/\/www.lojamelhordosul.com.br\/site\/wp-content\/uploads\/2023\/01\/camera_intelbras_vhd_3130_d_g7_hd_720p_dome_multi_hd_infravermelho_de_30m_protecao_ip67_23652_1_76fa996fa7c649a15145b1d357227a77-1.webp","type":"image\/webp"}],"twitter_card":"summary_large_image","twitter_misc":{"Est. tempo de leitura":"2 minutos"},"schema":{"@context":"https:\/\/schema.org","@graph":[{"@type":"WebPage","@id":"https:\/\/www.lojamelhordosul.com.br\/site\/produto\/vhd-3130-d-g7\/","url":"https:\/\/www.lojamelhordosul.com.br\/site\/produto\/vhd-3130-d-g7\/","name":"C\u00e2mera Seguran\u00e7a Interna Vhd 3130 Dome G7 Hd 720p Infra 30mt - Loja Melhor do Sul Sistemas de Seguran\u00e7a","isPartOf":{"@id":"https:\/\/www.lojamelhordosul.com.br\/site\/#website"},"primaryImageOfPage":{"@id":"https:\/\/www.lojamelhordosul.com.br\/site\/produto\/vhd-3130-d-g7\/#primaryimage"},"image":{"@id":"https:\/\/www.lojamelhordosul.com.br\/site\/produto\/vhd-3130-d-g7\/#primaryimage"},"thumbnailUrl":"https:\/\/www.lojamelhordosul.com.br\/site\/wp-content\/uploads\/2023\/01\/camera_intelbras_vhd_3130_d_g7_hd_720p_dome_multi_hd_infravermelho_de_30m_protecao_ip67_23652_1_76fa996fa7c649a15145b1d357227a77-1.webp","datePublished":"2023-01-16T17:21:53+00:00","dateModified":"2026-03-13T20:52:57+00:00","breadcrumb":{"@id":"https:\/\/www.lojamelhordosul.com.br\/site\/produto\/vhd-3130-d-g7\/#breadcrumb"},"inLanguage":"pt-BR","potentialAction":[{"@type":"ReadAction","target":["https:\/\/www.lojamelhordosul.com.br\/site\/produto\/vhd-3130-d-g7\/"]}]},{"@type":"ImageObject","inLanguage":"pt-BR","@id":"https:\/\/www.lojamelhordosul.com.br\/site\/produto\/vhd-3130-d-g7\/#primaryimage","url":"https:\/\/www.lojamelhordosul.com.br\/site\/wp-content\/uploads\/2023\/01\/camera_intelbras_vhd_3130_d_g7_hd_720p_dome_multi_hd_infravermelho_de_30m_protecao_ip67_23652_1_76fa996fa7c649a15145b1d357227a77-1.webp","contentUrl":"https:\/\/www.lojamelhordosul.com.br\/site\/wp-content\/uploads\/2023\/01\/camera_intelbras_vhd_3130_d_g7_hd_720p_dome_multi_hd_infravermelho_de_30m_protecao_ip67_23652_1_76fa996fa7c649a15145b1d357227a77-1.webp","width":1200,"height":1200},{"@type":"BreadcrumbList","@id":"https:\/\/www.lojamelhordosul.com.br\/site\/produto\/vhd-3130-d-g7\/#breadcrumb","itemListElement":[{"@type":"ListItem","position":1,"name":"In\u00edcio","item":"https:\/\/www.lojamelhordosul.com.br\/site\/"},{"@type":"ListItem","position":2,"name":"Loja","item":"https:\/\/www.lojamelhordosul.com.br\/site\/loja\/"},{"@type":"ListItem","position":3,"name":"C\u00e2mera Seguran\u00e7a Interna Vhd 3130 Dome G7 Hd 720p Infra 30mt"}]},{"@type":"WebSite","@id":"https:\/\/www.lojamelhordosul.com.br\/site\/#website","url":"https:\/\/www.lojamelhordosul.com.br\/site\/","name":"Loja Melhor do Sul Sistemas de Seguran\u00e7a","description":"Loja Melhor do Sul - Revenda Ouro Intelbras em Porto Alegre","publisher":{"@id":"https:\/\/www.lojamelhordosul.com.br\/site\/#organization"},"potentialAction":[{"@type":"SearchAction","target":{"@type":"EntryPoint","urlTemplate":"https:\/\/www.lojamelhordosul.com.br\/site\/?s={search_term_string}"},"query-input":{"@type":"PropertyValueSpecification","valueRequired":true,"valueName":"search_term_string"}}],"inLanguage":"pt-BR"},{"@type":"Organization","@id":"https:\/\/www.lojamelhordosul.com.br\/site\/#organization","name":"Loja Melhor do Sul","url":"https:\/\/www.lojamelhordosul.com.br\/site\/","logo":{"@type":"ImageObject","inLanguage":"pt-BR","@id":"https:\/\/www.lojamelhordosul.com.br\/site\/#\/schema\/logo\/image\/","url":"https:\/\/www.lojamelhordosul.com.br\/site\/wp-content\/uploads\/2019\/10\/logo-longo-da-loja.png","contentUrl":"https:\/\/www.lojamelhordosul.com.br\/site\/wp-content\/uploads\/2019\/10\/logo-longo-da-loja.png","width":597,"height":114,"caption":"Loja Melhor do Sul"},"image":{"@id":"https:\/\/www.lojamelhordosul.com.br\/site\/#\/schema\/logo\/image\/"}}]}},"_links":{"self":[{"href":"https:\/\/www.lojamelhordosul.com.br\/site\/wp-json\/wp\/v2\/product\/13659","targetHints":{"allow":["GET"]}}],"collection":[{"href":"https:\/\/www.lojamelhordosul.com.br\/site\/wp-json\/wp\/v2\/product"}],"about":[{"href":"https:\/\/www.lojamelhordosul.com.br\/site\/wp-json\/wp\/v2\/types\/product"}],"replies":[{"embeddable":true,"href":"https:\/\/www.lojamelhordosul.com.br\/site\/wp-json\/wp\/v2\/comments?post=13659"}],"wp:featuredmedia":[{"embeddable":true,"href":"https:\/\/www.lojamelhordosul.com.br\/site\/wp-json\/wp\/v2\/media\/13663"}],"wp:attachment":[{"href":"https:\/\/www.lojamelhordosul.com.br\/site\/wp-json\/wp\/v2\/media?parent=13659"}],"wp:term":[{"taxonomy":"product_brand","embeddable":true,"href":"https:\/\/www.lojamelhordosul.com.br\/site\/wp-json\/wp\/v2\/product_brand?post=13659"},{"taxonomy":"product_cat","embeddable":true,"href":"https:\/\/www.lojamelhordosul.com.br\/site\/wp-json\/wp\/v2\/product_cat?post=13659"},{"taxonomy":"product_tag","embeddable":true,"href":"https:\/\/www.lojamelhordosul.com.br\/site\/wp-json\/wp\/v2\/product_tag?post=13659"}],"curies":[{"name":"wp","href":"https:\/\/api.w.org\/{rel}","templated":true}]}}