{"id":13688,"date":"2023-01-17T14:10:36","date_gmt":"2023-01-17T17:10:36","guid":{"rendered":"https:\/\/www.lojamelhordosul.com.br\/site\/?post_type=product&#038;p=13688"},"modified":"2025-07-31T11:12:54","modified_gmt":"2025-07-31T14:12:54","slug":"kit-dvr-16-canais-full-hd-1080p-mhdx-3116-c-intelbras-c-10-cameras-dome-20m-ir-hd-1tb","status":"publish","type":"product","link":"https:\/\/www.lojamelhordosul.com.br\/site\/produto\/kit-dvr-16-canais-full-hd-1080p-mhdx-3116-c-intelbras-c-10-cameras-dome-20m-ir-hd-1tb\/","title":{"rendered":"Kit DVR 16 Canais full HD 1080p Mhdx 1216 Intelbras C\/ 10 C\u00e2meras 20m IR + HD 1TB"},"content":{"rendered":"<div class=\"wpb-content-wrapper\"><div class=\"vc_row wpb_row vc_row-fluid\">\n<div class=\"container\">\n<div class=\"row\">\n<div class=\"wpb_column vc_column_container vc_col-md-6\">\n<div class=\"vc_column-inner \">\n<div class=\"wpb_wrapper\">\n<div class=\"wpb_text_column wpb_content_element \">\n<div class=\"wpb_wrapper\">\n<h2><strong><a href=\"https:\/\/www.lojamelhordosul.com.br\/site\/wp-content\/uploads\/2022\/12\/Logo-2023.png\"><img decoding=\"async\" class=\"wp-image-13555 entered litespeed-loaded aligncenter\" src=\"https:\/\/www.lojamelhordosul.com.br\/site\/wp-content\/uploads\/2022\/12\/Logo-2023.png\" alt=\"\" width=\"579\" height=\"234\" data-lazyloaded=\"1\" data-src=\"https:\/\/www.lojamelhordosul.com.br\/site\/wp-content\/uploads\/2022\/12\/Logo-2023.png\" data-ll-status=\"loaded\" \/><\/a>Gravador digital de v\u00eddeo Dvr Mhdx 1216<\/strong><\/h2>\n<p>Caracter\u00edsticas:<\/p>\n<ul>\n<li>Compat\u00edvel com 5 tecnologias: HDCVI + AHD + HDTVI +<br \/>\nAnal\u00f3gica + IP<\/li>\n<li>\u00a0Sa\u00eddas de v\u00eddeo VGA e HDMI<\/li>\n<li>\u00a0Suporta 1 HD SATA<\/li>\n<li>Compress\u00e3o de v\u00eddeo H.265 e H.265+<\/li>\n<li>\u00a0Anal\u00edticos de v\u00eddeo: Detec\u00e7\u00e3o inteligente de pessoas e<br \/>\nve\u00edculos, Linha virtual e Cerca virtual<\/li>\n<li>\u00a0Compatibilidade com protocolo Onvif<\/li>\n<li>\u00a0Grava\u00e7\u00e3o de todos os canais em 5M Lite, 4M Lite, 1080p ou<br \/>\n720p<\/li>\n<li>\u00a0Modo NVR \u2013 Transforma todos os canais BNC em IP<\/li>\n<\/ul>\n<\/div>\n<\/div>\n<\/div>\n<\/div>\n<\/div>\n<div class=\"wpb_column vc_column_container vc_col-md-6\">\n<div class=\"vc_column-inner \">\n<div class=\"wpb_wrapper\">\n<div class=\"wpb_single_image widget wpb_content_element vc_align_left\">\n<figure class=\"wpb_wrapper vc_figure\">\n<div class=\"description\"><a href=\"https:\/\/www.lojamelhordosul.com.br\/site\/wp-content\/uploads\/2023\/01\/mhdx-3116-c-frontal.png\"><img decoding=\"async\" class=\"entered litespeed-loaded alignleft wp-image-13686 size-full\" src=\"https:\/\/www.lojamelhordosul.com.br\/site\/wp-content\/uploads\/2023\/01\/mhdx-3116-c-frontal.png\" alt=\"\" width=\"500\" height=\"500\" data-lazyloaded=\"1\" data-src=\"https:\/\/www.lojamelhordosul.com.br\/site\/wp-content\/uploads\/2022\/08\/dvr_intelbras_4_canais_multi_hd_imhdx_3004_58521643_2_13f64cf374382b7e3c8e7f53acb14c40-1.webp\" data-ll-status=\"loaded\" \/><\/a><\/div>\n<\/figure>\n<\/div>\n<\/div>\n<\/div>\n<\/div>\n<\/div>\n<\/div>\n<\/div>\n<div class=\"vc_row wpb_row vc_row-fluid\">\n<div class=\"container\">\n<div class=\"row\">\n<div class=\"wpb_column vc_column_container vc_col-md-6\">\n<div class=\"vc_column-inner \">\n<div class=\"wpb_wrapper\">\n<div class=\"wpb_single_image widget wpb_content_element vc_align_left\">\n<figure class=\"wpb_wrapper vc_figure\">\n<div class=\"vc_single_image-wrapper vc_box_border_grey\"><img decoding=\"async\" class=\"vc_single_image-img entered litespeed-loaded\" src=\"https:\/\/www.lojamelhordosul.com.br\/site\/wp-content\/uploads\/2017\/09\/HD-1TB-WD.jpg\" data-lazyloaded=\"1\" data-src=\"https:\/\/www.lojamelhordosul.com.br\/site\/wp-content\/uploads\/2017\/09\/HD-1TB-WD.jpg\" data-ll-status=\"loaded\" \/><\/div>\n<div class=\"description\"><\/div>\n<\/figure>\n<\/div>\n<\/div>\n<\/div>\n<\/div>\n<div class=\"wpb_column vc_column_container vc_col-md-6\">\n<div class=\"vc_column-inner \">\n<div class=\"wpb_wrapper\">\n<div class=\"wpb_text_column wpb_content_element \">\n<div class=\"wpb_wrapper\">\n<h2><strong>HD Sata 1Tb WD\u00a0<\/strong><\/h2>\n<p>Caracter\u00edsticas:<\/p>\n<ul>\n<li>Marca: WD<\/li>\n<li>Modelo: WD10EARS<\/li>\n<li>S\u00e9rie: WD Verde<\/li>\n<li>Interface: SATA de 3,0 Gb \/ s<\/li>\n<li>Capacidade: 1TB<\/li>\n<li>Velocidade: 5400 RPM<\/li>\n<li>Cache: 64MB<\/li>\n<li>Fator de Forma: 3.5\u2033<\/li>\n<li>Acondicionamento: Unidade nua<\/li>\n<\/ul>\n<\/div>\n<\/div>\n<\/div>\n<\/div>\n<\/div>\n<\/div>\n<\/div>\n<\/div>\n<div class=\"vc_row wpb_row vc_row-fluid\">\n<div class=\"container\">\n<div class=\"row\">\n<div class=\"wpb_column vc_column_container vc_col-md-6\">\n<div class=\"vc_column-inner \">\n<div class=\"wpb_wrapper\">\n<div class=\"wpb_text_column wpb_content_element \">\n<div class=\"wpb_wrapper\">\n<div class=\"wpb_column vc_column_container vc_col-md-6\">\n<div class=\"vc_column-inner \">\n<div class=\"wpb_wrapper\">\n<div class=\"wpb_text_column wpb_content_element \">\n<div class=\"wpb_wrapper\">\n<h2><strong>C\u00e2mera VHL 1220 B<\/strong><\/h2>\n<p>Caracter\u00edsticas:<\/p>\n<ul>\n<li>Alta defini\u00e7\u00e3o de Imagens Resolu\u00e7\u00e3o Full HD (1080p)<\/li>\n<li>Novo protocolo HDCVI LITE<\/li>\n<li>Sensor megapixel \u00bc\u201d<\/li>\n<li>Lente 2.8 mm<\/li>\n<li>Alcance IR de 20 metros<\/li>\n<li>Case pl\u00e1stico<\/li>\n<li>Menu OSD<\/li>\n<li>IR inteligente<\/li>\n<li>Cores por mais tempo<\/li>\n<\/ul>\n<\/div>\n<\/div>\n<\/div>\n<\/div>\n<\/div>\n<div class=\"wpb_column vc_column_container vc_col-md-6\">\n<div class=\"vc_column-inner \">\n<div class=\"wpb_wrapper\">\n<div class=\"wpb_single_image widget wpb_content_element vc_align_left\"><\/div>\n<\/div>\n<\/div>\n<\/div>\n<\/div>\n<\/div>\n<\/div>\n<\/div>\n<\/div>\n<div class=\"wpb_column vc_column_container vc_col-md-6\">\n<div class=\"vc_column-inner \">\n<div class=\"wpb_wrapper\">\n<div class=\"wpb_single_image widget wpb_content_element vc_align_left\">\n<figure class=\"wpb_wrapper vc_figure\">\n<div class=\"description\"><a href=\"https:\/\/www.lojamelhordosul.com.br\/site\/wp-content\/uploads\/2022\/08\/camera_intelbras_vmh_1220_b_full_hd_1080p_bullet_ahd_10584_5_20220214200652.webp\"><img decoding=\"async\" class=\"alignleft size-full wp-image-13230 entered litespeed-loaded\" src=\"https:\/\/www.lojamelhordosul.com.br\/site\/wp-content\/uploads\/2022\/08\/camera_intelbras_vmh_1220_b_full_hd_1080p_bullet_ahd_10584_5_20220214200652.webp\" alt=\"\" width=\"1000\" height=\"1000\" data-lazyloaded=\"1\" data-src=\"https:\/\/www.lojamelhordosul.com.br\/site\/wp-content\/uploads\/2022\/08\/camera_intelbras_vmh_1220_b_full_hd_1080p_bullet_ahd_10584_5_20220214200652.webp\" data-ll-status=\"loaded\" \/><\/a><\/div>\n<\/figure>\n<\/div>\n<\/div>\n<\/div>\n<\/div>\n<\/div>\n<\/div>\n<\/div>\n<div class=\"vc_row wpb_row vc_row-fluid\">\n<div class=\"container\">\n<div class=\"row\">\n<div class=\"wpb_column vc_column_container vc_col-md-6\">\n<div class=\"vc_column-inner \">\n<div class=\"wpb_wrapper\">\n<div class=\"wpb_single_image widget wpb_content_element vc_align_left\">\n<figure class=\"wpb_wrapper vc_figure\">\n<div class=\"vc_single_image-wrapper vc_box_border_grey\"><img decoding=\"async\" class=\"entered litespeed-loaded\" src=\"https:\/\/static3.tcdn.com.br\/img\/img_prod\/603604\/cabo_coaxial_4mm_flexivel_bipolar_80_malha_cobre_branco_metro_2719_1_20200323144250.jpg\" alt=\"Cabo Coaxial Telecam 4mm Flex\u00edvel Bipolar 80% Malha Cobre - Metro\" width=\"738\" height=\"738\" data-lazyloaded=\"1\" data-src=\"https:\/\/static3.tcdn.com.br\/img\/img_prod\/603604\/cabo_coaxial_4mm_flexivel_bipolar_80_malha_cobre_branco_metro_2719_1_20200323144250.jpg\" data-ll-status=\"loaded\" \/><\/div>\n<div class=\"description\"><\/div>\n<\/figure>\n<\/div>\n<\/div>\n<\/div>\n<\/div>\n<div class=\"wpb_column vc_column_container vc_col-md-6\">\n<div class=\"vc_column-inner \">\n<div class=\"wpb_wrapper\">\n<div class=\"wpb_text_column wpb_content_element \">\n<div class=\"wpb_wrapper\">\n<h2><strong>Cabo Coaxial 80% Malha Bipolar 100m\u00a0<\/strong><\/h2>\n<p>Caracter\u00edsticas:<\/p>\n<ul>\n<li>Modelo: Coaxial<\/li>\n<li>Cor: Branco<\/li>\n<li>Bipolar<\/li>\n<li>Isola\u00e7\u00e3o Interna:Dupla blindagem<\/li>\n<li>Isola\u00e7\u00e3o Externa: PVC 70%<\/li>\n<li>Blindagem: 80%<\/li>\n<li>Condutor interno do conjugado bipolar fabricado em fio de cobre nu que garante melhor qualidade de sinal e menor atenua\u00e7\u00e3o.<\/li>\n<\/ul>\n<\/div>\n<\/div>\n<\/div>\n<\/div>\n<\/div>\n<\/div>\n<\/div>\n<\/div>\n<div class=\"vc_row wpb_row vc_row-fluid\">\n<div class=\"container\">\n<div class=\"row\">\n<div class=\"wpb_column vc_column_container vc_col-md-6\">\n<div class=\"vc_column-inner \">\n<div class=\"wpb_wrapper\">\n<div class=\"wpb_text_column wpb_content_element \">\n<div class=\"wpb_wrapper\">\n<h2><strong>Fonte Chaveada 12V 5A:<\/strong><\/h2>\n<ul>\n<li>Ideal para c\u00e2meras de seguran\u00e7a<\/li>\n<li>Fonte CA-CC para alimenta\u00e7\u00e3o de c\u00e2meras<\/li>\n<li>Filtro especial contra interfer\u00eancia na imagem<\/li>\n<\/ul>\n<\/div>\n<\/div>\n<\/div>\n<\/div>\n<\/div>\n<div class=\"wpb_column vc_column_container vc_col-md-6\">\n<div class=\"vc_column-inner \">\n<div class=\"wpb_wrapper\">\n<div class=\"wpb_single_image widget wpb_content_element vc_align_left\">\n<figure class=\"wpb_wrapper vc_figure\">\n<div class=\"vc_single_image-wrapper vc_box_border_grey\"><img decoding=\"async\" class=\"vc_single_image-img entered litespeed-loaded\" src=\"https:\/\/www.lojamelhordosul.com.br\/site\/wp-content\/uploads\/2018\/03\/Fonte-5a.jpg\" data-lazyloaded=\"1\" data-src=\"https:\/\/www.lojamelhordosul.com.br\/site\/wp-content\/uploads\/2018\/03\/Fonte-5a.jpg\" data-ll-status=\"loaded\" \/><\/div>\n<div class=\"description\"><\/div>\n<\/figure>\n<\/div>\n<\/div>\n<\/div>\n<\/div>\n<\/div>\n<\/div>\n<\/div>\n<div class=\"vc_row wpb_row vc_row-fluid\">\n<div class=\"container\">\n<div class=\"row\">\n<div class=\"wpb_column vc_column_container vc_col-md-6\">\n<div class=\"vc_column-inner \">\n<div class=\"wpb_wrapper\">\n<div class=\"wpb_single_image widget wpb_content_element vc_align_left\">\n<figure class=\"wpb_wrapper vc_figure\">\n<div class=\"vc_single_image-wrapper vc_box_border_grey\"><img decoding=\"async\" class=\"vc_single_image-img entered litespeed-loaded\" src=\"https:\/\/www.lojamelhordosul.com.br\/site\/wp-content\/uploads\/2018\/03\/Bnc-Mola-e-Parafuso.jpg\" data-lazyloaded=\"1\" data-src=\"https:\/\/www.lojamelhordosul.com.br\/site\/wp-content\/uploads\/2018\/03\/Bnc-Mola-e-Parafuso.jpg\" data-ll-status=\"loaded\" \/><\/div>\n<div class=\"description\"><\/div>\n<\/figure>\n<\/div>\n<\/div>\n<\/div>\n<\/div>\n<div class=\"wpb_column vc_column_container vc_col-md-6\">\n<div class=\"vc_column-inner \">\n<div class=\"wpb_wrapper\">\n<div class=\"wpb_text_column wpb_content_element \">\n<div class=\"wpb_wrapper\">\n<h2><strong>Conector BNC Mola:<\/strong><\/h2>\n<ul>\n<li>Modelo: BNC Mola<\/li>\n<li>Tipo de Uso: Acess\u00f3rio para Instala\u00e7\u00e3o de DVR (Gravador Digital de V\u00eddeo)<\/li>\n<li>Melhor fixa\u00e7\u00e3o ao cabo, garantindo seu conforto e sua seguran\u00e7a<\/li>\n<li>Acabamento profissional para seu sistema<\/li>\n<li>Material de alta qualidade<\/li>\n<li>Evita uso de adaptadores<\/li>\n<li>Pr\u00f3prio para alimenta\u00e7\u00e3o de c\u00e2meras de CFTV<\/li>\n<li>Medida: 5mm externo (Negativo) 2mm interno (Positivo)<\/li>\n<li>Bornes com parafuso para\u00a0conex\u00e3o de fios<\/li>\n<\/ul>\n<\/div>\n<\/div>\n<\/div>\n<\/div>\n<\/div>\n<\/div>\n<\/div>\n<\/div>\n<div class=\"vc_row wpb_row vc_row-fluid\">\n<div class=\"container\">\n<div class=\"row\">\n<div class=\"wpb_column vc_column_container vc_col-md-6\">\n<div class=\"vc_column-inner \">\n<div class=\"wpb_wrapper\">\n<div class=\"wpb_text_column wpb_content_element \">\n<div class=\"wpb_wrapper\">\n<h2><strong>Conector P4 Borne Macho<\/strong><\/h2>\n<ul>\n<li>Modelo: P4<\/li>\n<li>Tipo de Uso: Acess\u00f3rio para Instala\u00e7\u00e3o de DVR (Gravador Digital de V\u00eddeo)<\/li>\n<li>Evite problemas em suas instala\u00e7\u00f5es.<\/li>\n<li>Com este Conector de alta qualidade\u00a0n\u00e3o necessita de solda<\/li>\n<li>Melhor fixa\u00e7\u00e3o ao cabo,\u00a0garantindo seu conforto e sua seguran\u00e7a.<\/li>\n<li>Acabamento profissional para seu sistema<\/li>\n<li>Material de alta qualidade<\/li>\n<li>Evita uso de adaptadores<\/li>\n<li>Pr\u00f3prio para alimenta\u00e7\u00e3o de c\u00e2meras de CFTV<\/li>\n<li>Medida: 5mm externo (Negativo) 2mm interno (Positivo)<\/li>\n<li>Bornes com parafuso para conex\u00e3o de fios<\/li>\n<\/ul>\n<\/div>\n<\/div>\n<\/div>\n<\/div>\n<\/div>\n<div class=\"wpb_column vc_column_container vc_col-md-6\">\n<div class=\"vc_column-inner \">\n<div class=\"wpb_wrapper\">\n<div class=\"wpb_single_image widget wpb_content_element vc_align_left\">\n<figure class=\"wpb_wrapper vc_figure\">\n<div class=\"vc_single_image-wrapper vc_box_border_grey\"><img decoding=\"async\" class=\"vc_single_image-img entered litespeed-loaded aligncenter\" src=\"https:\/\/www.lojamelhordosul.com.br\/site\/wp-content\/uploads\/2018\/03\/P4-Macho-B.jpg\" data-lazyloaded=\"1\" data-src=\"https:\/\/www.lojamelhordosul.com.br\/site\/wp-content\/uploads\/2018\/03\/P4-Macho-B.jpg\" data-ll-status=\"loaded\" \/><\/div>\n<\/figure>\n<\/div>\n<\/div>\n<\/div>\n<\/div>\n<\/div>\n<\/div>\n<\/div>\n<\/div>","protected":false},"excerpt":{"rendered":"<h2><strong>Conte\u00fado do kit:<\/strong><\/h2>\n<p>01 \u00a0Gravador Digital de V\u00eddeo Dvr Mhdx 1216<br \/>\n01 HD 1TB WD<br \/>\n10 C\u00e2meras VHL 1220 B<br \/>\n01 Cabo Coaxial 80% 100m<br \/>\n01 Fonte Chaveada 12V 10A<br \/>\n20 Conectores Bnc Mola<br \/>\n10 Conectores P4 Macho Borne<\/p>\n","protected":false},"featured_media":13689,"comment_status":"closed","ping_status":"closed","template":"","meta":[],"product_brand":[],"product_cat":[2703,2705,2714,2666],"product_tag":[],"class_list":{"0":"post-13688","1":"product","2":"type-product","3":"status-publish","4":"has-post-thumbnail","6":"product_cat-kit-cftv-16cam-16can","7":"product_cat-externas-16cam-16can","8":"product_cat-full-hd-externa-externas-16cam-16can","9":"product_cat-kits-cftv","11":"first","12":"instock","13":"shipping-taxable","14":"purchasable","15":"product-type-simple"},"yoast_head":"<!-- This site is optimized with the Yoast SEO plugin v27.3 - https:\/\/yoast.com\/product\/yoast-seo-wordpress\/ -->\n<title>Kit DVR 16 Canais full HD 1080p Mhdx 1216 Intelbras C\/ 10 C\u00e2meras 20m IR + HD 1TB - Loja Melhor do Sul Sistemas de Seguran\u00e7a<\/title>\n<meta name=\"robots\" content=\"index, follow, max-snippet:-1, max-image-preview:large, max-video-preview:-1\" \/>\n<link rel=\"canonical\" href=\"https:\/\/www.lojamelhordosul.com.br\/site\/produto\/kit-dvr-16-canais-full-hd-1080p-mhdx-3116-c-intelbras-c-10-cameras-dome-20m-ir-hd-1tb\/\" \/>\n<meta property=\"og:locale\" content=\"pt_BR\" \/>\n<meta property=\"og:type\" content=\"article\" \/>\n<meta property=\"og:title\" content=\"Kit DVR 16 Canais full HD 1080p Mhdx 1216 Intelbras C\/ 10 C\u00e2meras 20m IR + HD 1TB - Loja Melhor do Sul Sistemas de Seguran\u00e7a\" \/>\n<meta property=\"og:description\" content=\"Conte\u00fado do kit: 01 \u00a0Gravador Digital de V\u00eddeo Dvr Mhdx 1216 01 HD 1TB WD 10 C\u00e2meras VHL 1220 B 01 Cabo Coaxial 80% 100m 01 Fonte Chaveada 12V 10A 20 Conectores Bnc Mola 10 Conectores P4 Macho Borne\" \/>\n<meta property=\"og:url\" content=\"https:\/\/www.lojamelhordosul.com.br\/site\/produto\/kit-dvr-16-canais-full-hd-1080p-mhdx-3116-c-intelbras-c-10-cameras-dome-20m-ir-hd-1tb\/\" \/>\n<meta property=\"og:site_name\" content=\"Loja Melhor do Sul Sistemas de Seguran\u00e7a\" \/>\n<meta property=\"article:modified_time\" content=\"2025-07-31T14:12:54+00:00\" \/>\n<meta property=\"og:image\" content=\"https:\/\/www.lojamelhordosul.com.br\/site\/wp-content\/uploads\/2023\/01\/Untitled-design-1-2.png\" \/>\n\t<meta property=\"og:image:width\" content=\"1200\" \/>\n\t<meta property=\"og:image:height\" content=\"1200\" \/>\n\t<meta property=\"og:image:type\" content=\"image\/png\" \/>\n<meta name=\"twitter:card\" content=\"summary_large_image\" \/>\n<meta name=\"twitter:label1\" content=\"Est. tempo de leitura\" \/>\n\t<meta name=\"twitter:data1\" content=\"4 minutos\" \/>\n<script type=\"application\/ld+json\" class=\"yoast-schema-graph\">{\"@context\":\"https:\\\/\\\/schema.org\",\"@graph\":[{\"@type\":\"WebPage\",\"@id\":\"https:\\\/\\\/www.lojamelhordosul.com.br\\\/site\\\/produto\\\/kit-dvr-16-canais-full-hd-1080p-mhdx-3116-c-intelbras-c-10-cameras-dome-20m-ir-hd-1tb\\\/\",\"url\":\"https:\\\/\\\/www.lojamelhordosul.com.br\\\/site\\\/produto\\\/kit-dvr-16-canais-full-hd-1080p-mhdx-3116-c-intelbras-c-10-cameras-dome-20m-ir-hd-1tb\\\/\",\"name\":\"Kit DVR 16 Canais full HD 1080p Mhdx 1216 Intelbras C\\\/ 10 C\u00e2meras 20m IR + HD 1TB - Loja Melhor do Sul Sistemas de Seguran\u00e7a\",\"isPartOf\":{\"@id\":\"https:\\\/\\\/www.lojamelhordosul.com.br\\\/site\\\/#website\"},\"primaryImageOfPage\":{\"@id\":\"https:\\\/\\\/www.lojamelhordosul.com.br\\\/site\\\/produto\\\/kit-dvr-16-canais-full-hd-1080p-mhdx-3116-c-intelbras-c-10-cameras-dome-20m-ir-hd-1tb\\\/#primaryimage\"},\"image\":{\"@id\":\"https:\\\/\\\/www.lojamelhordosul.com.br\\\/site\\\/produto\\\/kit-dvr-16-canais-full-hd-1080p-mhdx-3116-c-intelbras-c-10-cameras-dome-20m-ir-hd-1tb\\\/#primaryimage\"},\"thumbnailUrl\":\"https:\\\/\\\/www.lojamelhordosul.com.br\\\/site\\\/wp-content\\\/uploads\\\/2023\\\/01\\\/Untitled-design-1-2.png\",\"datePublished\":\"2023-01-17T17:10:36+00:00\",\"dateModified\":\"2025-07-31T14:12:54+00:00\",\"breadcrumb\":{\"@id\":\"https:\\\/\\\/www.lojamelhordosul.com.br\\\/site\\\/produto\\\/kit-dvr-16-canais-full-hd-1080p-mhdx-3116-c-intelbras-c-10-cameras-dome-20m-ir-hd-1tb\\\/#breadcrumb\"},\"inLanguage\":\"pt-BR\",\"potentialAction\":[{\"@type\":\"ReadAction\",\"target\":[\"https:\\\/\\\/www.lojamelhordosul.com.br\\\/site\\\/produto\\\/kit-dvr-16-canais-full-hd-1080p-mhdx-3116-c-intelbras-c-10-cameras-dome-20m-ir-hd-1tb\\\/\"]}]},{\"@type\":\"ImageObject\",\"inLanguage\":\"pt-BR\",\"@id\":\"https:\\\/\\\/www.lojamelhordosul.com.br\\\/site\\\/produto\\\/kit-dvr-16-canais-full-hd-1080p-mhdx-3116-c-intelbras-c-10-cameras-dome-20m-ir-hd-1tb\\\/#primaryimage\",\"url\":\"https:\\\/\\\/www.lojamelhordosul.com.br\\\/site\\\/wp-content\\\/uploads\\\/2023\\\/01\\\/Untitled-design-1-2.png\",\"contentUrl\":\"https:\\\/\\\/www.lojamelhordosul.com.br\\\/site\\\/wp-content\\\/uploads\\\/2023\\\/01\\\/Untitled-design-1-2.png\",\"width\":1200,\"height\":1200},{\"@type\":\"BreadcrumbList\",\"@id\":\"https:\\\/\\\/www.lojamelhordosul.com.br\\\/site\\\/produto\\\/kit-dvr-16-canais-full-hd-1080p-mhdx-3116-c-intelbras-c-10-cameras-dome-20m-ir-hd-1tb\\\/#breadcrumb\",\"itemListElement\":[{\"@type\":\"ListItem\",\"position\":1,\"name\":\"In\u00edcio\",\"item\":\"https:\\\/\\\/www.lojamelhordosul.com.br\\\/site\\\/\"},{\"@type\":\"ListItem\",\"position\":2,\"name\":\"Loja\",\"item\":\"https:\\\/\\\/www.lojamelhordosul.com.br\\\/site\\\/loja\\\/\"},{\"@type\":\"ListItem\",\"position\":3,\"name\":\"Kit DVR 16 Canais full HD 1080p Mhdx 1216 Intelbras C\\\/ 10 C\u00e2meras 20m IR + HD 1TB\"}]},{\"@type\":\"WebSite\",\"@id\":\"https:\\\/\\\/www.lojamelhordosul.com.br\\\/site\\\/#website\",\"url\":\"https:\\\/\\\/www.lojamelhordosul.com.br\\\/site\\\/\",\"name\":\"Loja Melhor do Sul Sistemas de Seguran\u00e7a\",\"description\":\"Loja Melhor do Sul - Revenda Ouro Intelbras em Porto Alegre\",\"publisher\":{\"@id\":\"https:\\\/\\\/www.lojamelhordosul.com.br\\\/site\\\/#organization\"},\"potentialAction\":[{\"@type\":\"SearchAction\",\"target\":{\"@type\":\"EntryPoint\",\"urlTemplate\":\"https:\\\/\\\/www.lojamelhordosul.com.br\\\/site\\\/?s={search_term_string}\"},\"query-input\":{\"@type\":\"PropertyValueSpecification\",\"valueRequired\":true,\"valueName\":\"search_term_string\"}}],\"inLanguage\":\"pt-BR\"},{\"@type\":\"Organization\",\"@id\":\"https:\\\/\\\/www.lojamelhordosul.com.br\\\/site\\\/#organization\",\"name\":\"Loja Melhor do Sul\",\"url\":\"https:\\\/\\\/www.lojamelhordosul.com.br\\\/site\\\/\",\"logo\":{\"@type\":\"ImageObject\",\"inLanguage\":\"pt-BR\",\"@id\":\"https:\\\/\\\/www.lojamelhordosul.com.br\\\/site\\\/#\\\/schema\\\/logo\\\/image\\\/\",\"url\":\"https:\\\/\\\/www.lojamelhordosul.com.br\\\/site\\\/wp-content\\\/uploads\\\/2019\\\/10\\\/logo-longo-da-loja.png\",\"contentUrl\":\"https:\\\/\\\/www.lojamelhordosul.com.br\\\/site\\\/wp-content\\\/uploads\\\/2019\\\/10\\\/logo-longo-da-loja.png\",\"width\":597,\"height\":114,\"caption\":\"Loja Melhor do Sul\"},\"image\":{\"@id\":\"https:\\\/\\\/www.lojamelhordosul.com.br\\\/site\\\/#\\\/schema\\\/logo\\\/image\\\/\"}}]}<\/script>\n<!-- \/ Yoast SEO plugin. -->","yoast_head_json":{"title":"Kit DVR 16 Canais full HD 1080p Mhdx 1216 Intelbras C\/ 10 C\u00e2meras 20m IR + HD 1TB - Loja Melhor do Sul Sistemas de Seguran\u00e7a","robots":{"index":"index","follow":"follow","max-snippet":"max-snippet:-1","max-image-preview":"max-image-preview:large","max-video-preview":"max-video-preview:-1"},"canonical":"https:\/\/www.lojamelhordosul.com.br\/site\/produto\/kit-dvr-16-canais-full-hd-1080p-mhdx-3116-c-intelbras-c-10-cameras-dome-20m-ir-hd-1tb\/","og_locale":"pt_BR","og_type":"article","og_title":"Kit DVR 16 Canais full HD 1080p Mhdx 1216 Intelbras C\/ 10 C\u00e2meras 20m IR + HD 1TB - Loja Melhor do Sul Sistemas de Seguran\u00e7a","og_description":"Conte\u00fado do kit: 01 \u00a0Gravador Digital de V\u00eddeo Dvr Mhdx 1216 01 HD 1TB WD 10 C\u00e2meras VHL 1220 B 01 Cabo Coaxial 80% 100m 01 Fonte Chaveada 12V 10A 20 Conectores Bnc Mola 10 Conectores P4 Macho Borne","og_url":"https:\/\/www.lojamelhordosul.com.br\/site\/produto\/kit-dvr-16-canais-full-hd-1080p-mhdx-3116-c-intelbras-c-10-cameras-dome-20m-ir-hd-1tb\/","og_site_name":"Loja Melhor do Sul Sistemas de Seguran\u00e7a","article_modified_time":"2025-07-31T14:12:54+00:00","og_image":[{"width":1200,"height":1200,"url":"https:\/\/www.lojamelhordosul.com.br\/site\/wp-content\/uploads\/2023\/01\/Untitled-design-1-2.png","type":"image\/png"}],"twitter_card":"summary_large_image","twitter_misc":{"Est. tempo de leitura":"4 minutos"},"schema":{"@context":"https:\/\/schema.org","@graph":[{"@type":"WebPage","@id":"https:\/\/www.lojamelhordosul.com.br\/site\/produto\/kit-dvr-16-canais-full-hd-1080p-mhdx-3116-c-intelbras-c-10-cameras-dome-20m-ir-hd-1tb\/","url":"https:\/\/www.lojamelhordosul.com.br\/site\/produto\/kit-dvr-16-canais-full-hd-1080p-mhdx-3116-c-intelbras-c-10-cameras-dome-20m-ir-hd-1tb\/","name":"Kit DVR 16 Canais full HD 1080p Mhdx 1216 Intelbras C\/ 10 C\u00e2meras 20m IR + HD 1TB - Loja Melhor do Sul Sistemas de Seguran\u00e7a","isPartOf":{"@id":"https:\/\/www.lojamelhordosul.com.br\/site\/#website"},"primaryImageOfPage":{"@id":"https:\/\/www.lojamelhordosul.com.br\/site\/produto\/kit-dvr-16-canais-full-hd-1080p-mhdx-3116-c-intelbras-c-10-cameras-dome-20m-ir-hd-1tb\/#primaryimage"},"image":{"@id":"https:\/\/www.lojamelhordosul.com.br\/site\/produto\/kit-dvr-16-canais-full-hd-1080p-mhdx-3116-c-intelbras-c-10-cameras-dome-20m-ir-hd-1tb\/#primaryimage"},"thumbnailUrl":"https:\/\/www.lojamelhordosul.com.br\/site\/wp-content\/uploads\/2023\/01\/Untitled-design-1-2.png","datePublished":"2023-01-17T17:10:36+00:00","dateModified":"2025-07-31T14:12:54+00:00","breadcrumb":{"@id":"https:\/\/www.lojamelhordosul.com.br\/site\/produto\/kit-dvr-16-canais-full-hd-1080p-mhdx-3116-c-intelbras-c-10-cameras-dome-20m-ir-hd-1tb\/#breadcrumb"},"inLanguage":"pt-BR","potentialAction":[{"@type":"ReadAction","target":["https:\/\/www.lojamelhordosul.com.br\/site\/produto\/kit-dvr-16-canais-full-hd-1080p-mhdx-3116-c-intelbras-c-10-cameras-dome-20m-ir-hd-1tb\/"]}]},{"@type":"ImageObject","inLanguage":"pt-BR","@id":"https:\/\/www.lojamelhordosul.com.br\/site\/produto\/kit-dvr-16-canais-full-hd-1080p-mhdx-3116-c-intelbras-c-10-cameras-dome-20m-ir-hd-1tb\/#primaryimage","url":"https:\/\/www.lojamelhordosul.com.br\/site\/wp-content\/uploads\/2023\/01\/Untitled-design-1-2.png","contentUrl":"https:\/\/www.lojamelhordosul.com.br\/site\/wp-content\/uploads\/2023\/01\/Untitled-design-1-2.png","width":1200,"height":1200},{"@type":"BreadcrumbList","@id":"https:\/\/www.lojamelhordosul.com.br\/site\/produto\/kit-dvr-16-canais-full-hd-1080p-mhdx-3116-c-intelbras-c-10-cameras-dome-20m-ir-hd-1tb\/#breadcrumb","itemListElement":[{"@type":"ListItem","position":1,"name":"In\u00edcio","item":"https:\/\/www.lojamelhordosul.com.br\/site\/"},{"@type":"ListItem","position":2,"name":"Loja","item":"https:\/\/www.lojamelhordosul.com.br\/site\/loja\/"},{"@type":"ListItem","position":3,"name":"Kit DVR 16 Canais full HD 1080p Mhdx 1216 Intelbras C\/ 10 C\u00e2meras 20m IR + HD 1TB"}]},{"@type":"WebSite","@id":"https:\/\/www.lojamelhordosul.com.br\/site\/#website","url":"https:\/\/www.lojamelhordosul.com.br\/site\/","name":"Loja Melhor do Sul Sistemas de Seguran\u00e7a","description":"Loja Melhor do Sul - Revenda Ouro Intelbras em Porto Alegre","publisher":{"@id":"https:\/\/www.lojamelhordosul.com.br\/site\/#organization"},"potentialAction":[{"@type":"SearchAction","target":{"@type":"EntryPoint","urlTemplate":"https:\/\/www.lojamelhordosul.com.br\/site\/?s={search_term_string}"},"query-input":{"@type":"PropertyValueSpecification","valueRequired":true,"valueName":"search_term_string"}}],"inLanguage":"pt-BR"},{"@type":"Organization","@id":"https:\/\/www.lojamelhordosul.com.br\/site\/#organization","name":"Loja Melhor do Sul","url":"https:\/\/www.lojamelhordosul.com.br\/site\/","logo":{"@type":"ImageObject","inLanguage":"pt-BR","@id":"https:\/\/www.lojamelhordosul.com.br\/site\/#\/schema\/logo\/image\/","url":"https:\/\/www.lojamelhordosul.com.br\/site\/wp-content\/uploads\/2019\/10\/logo-longo-da-loja.png","contentUrl":"https:\/\/www.lojamelhordosul.com.br\/site\/wp-content\/uploads\/2019\/10\/logo-longo-da-loja.png","width":597,"height":114,"caption":"Loja Melhor do Sul"},"image":{"@id":"https:\/\/www.lojamelhordosul.com.br\/site\/#\/schema\/logo\/image\/"}}]}},"_links":{"self":[{"href":"https:\/\/www.lojamelhordosul.com.br\/site\/wp-json\/wp\/v2\/product\/13688","targetHints":{"allow":["GET"]}}],"collection":[{"href":"https:\/\/www.lojamelhordosul.com.br\/site\/wp-json\/wp\/v2\/product"}],"about":[{"href":"https:\/\/www.lojamelhordosul.com.br\/site\/wp-json\/wp\/v2\/types\/product"}],"replies":[{"embeddable":true,"href":"https:\/\/www.lojamelhordosul.com.br\/site\/wp-json\/wp\/v2\/comments?post=13688"}],"wp:featuredmedia":[{"embeddable":true,"href":"https:\/\/www.lojamelhordosul.com.br\/site\/wp-json\/wp\/v2\/media\/13689"}],"wp:attachment":[{"href":"https:\/\/www.lojamelhordosul.com.br\/site\/wp-json\/wp\/v2\/media?parent=13688"}],"wp:term":[{"taxonomy":"product_brand","embeddable":true,"href":"https:\/\/www.lojamelhordosul.com.br\/site\/wp-json\/wp\/v2\/product_brand?post=13688"},{"taxonomy":"product_cat","embeddable":true,"href":"https:\/\/www.lojamelhordosul.com.br\/site\/wp-json\/wp\/v2\/product_cat?post=13688"},{"taxonomy":"product_tag","embeddable":true,"href":"https:\/\/www.lojamelhordosul.com.br\/site\/wp-json\/wp\/v2\/product_tag?post=13688"}],"curies":[{"name":"wp","href":"https:\/\/api.w.org\/{rel}","templated":true}]}}