{"id":13897,"date":"2023-02-16T13:46:40","date_gmt":"2023-02-16T16:46:40","guid":{"rendered":"https:\/\/www.lojamelhordosul.com.br\/site\/?post_type=product&#038;p=13897"},"modified":"2025-12-16T11:28:49","modified_gmt":"2025-12-16T14:28:49","slug":"modulo-gprs-p-amt-2018-xg-2018-3g","status":"publish","type":"product","link":"https:\/\/www.lojamelhordosul.com.br\/site\/produto\/modulo-gprs-p-amt-2018-xg-2018-3g\/","title":{"rendered":"MODULO GPRS P\/ AMT 2018 &#8211; XG 2018 3G"},"content":{"rendered":"<div>\n<div class=\"z-index-4 internal-fixed-navigation\">\n<div class=\"grid-container \">\n<div class=\"navigation-sticky\">\n<div class=\"grid-x align-middle\">\n<div class=\"cell navigation__cell-first large-auto text-left is-sticky\">\n<div class=\"overflow-x-auto start\">\n<div class=\"overflow-x-auto__wrapper\"><\/div>\n<\/div>\n<\/div>\n<div class=\"cell large-shrink navigation__cell-second\"><\/div>\n<\/div>\n<\/div>\n<\/div>\n<\/div>\n<\/div>\n<div>\n<div class=\"grid-container \">\n<div class=\"mt2 mb2 \">\n<div class=\"grid-container \">\n<div class=\"block-mini-banner\" data-ga-name=\"section-mini-banner\">\n<div class=\"grid-x grid-margin-x align-middle\">\n<div class=\"cell medium-6 medium-order-2 large-offset-1\">\n<div class=\"block-mini-banner__media\">\n<figure class=\"text-center object-fit--contain\"><a href=\"https:\/\/www.lojamelhordosul.com.br\/site\/wp-content\/uploads\/2022\/12\/Logo-2023.png\"><img decoding=\"async\" class=\" wp-image-13555 aligncenter\" src=\"https:\/\/www.lojamelhordosul.com.br\/site\/wp-content\/uploads\/2022\/12\/Logo-2023.png\" alt=\"\" width=\"396\" height=\"160\" \/><\/a><\/figure>\n<figure class=\"text-center object-fit--contain\"><img decoding=\"async\" src=\"https:\/\/backend.intelbras.com\/sites\/default\/files\/styles\/large\/public\/2022-04\/comunicacao-atraves-da-tecnologia-3g-xg-2018-3g.jpg\" alt=\"comunicacao-atraves-da-tecnologia-3g-xg-2018-3g.jpg\" \/><\/figure>\n<p><span class=\"text text--300\"><em>* Imagem ilustrativa<\/em><\/span><\/p>\n<\/div>\n<\/div>\n<div class=\"cell medium-auto medium-order-1\">\n<div class=\"block-mini-banner__content\">\n<div class=\"mt2 mb2 \">\n<h2 class=\"weight--small-300 weight--large-200 h3\">Comunica\u00e7\u00e3o atrav\u00e9s da tecnologia 3G<\/h2>\n<\/div>\n<div class=\"text text--300\">\n<div class=\"block-template overflow-hidden\">\n<p>O m\u00f3dulo XG 2018 3G possui tecnologia de comunica\u00e7\u00e3o 3G penta band que opera nas frequ\u00eancias 800, 850, 900, 1900 e 2100 MHz.<\/p>\n<\/div>\n<\/div>\n<\/div>\n<\/div>\n<\/div>\n<\/div>\n<\/div>\n<\/div>\n<div class=\"mt2 mb2 \">\n<div class=\"grid-container \">\n<div class=\"block-mini-banner\" data-ga-name=\"section-mini-banner\">\n<div class=\"grid-x grid-margin-x align-middle\">\n<div class=\"cell medium-6\">\n<div class=\"block-mini-banner__media\">\n<figure class=\"text-center object-fit--contain\"><img decoding=\"async\" src=\"https:\/\/backend.intelbras.com\/sites\/default\/files\/styles\/large\/public\/2022-04\/modularidade-para-o-sistema-smart-xg-2018-3g.jpg\" alt=\"modularidade-para-o-sistema-smart-xg-2018-3g.jpg\" \/><\/figure>\n<p><span class=\"text text--300\"><em>* Imagem ilustrativa<\/em><\/span><\/p>\n<\/div>\n<\/div>\n<div class=\"cell medium-auto\">\n<div class=\"block-mini-banner__content\">\n<div class=\"mt2 mb2 \">\n<h2 class=\"weight--small-300 weight--large-200 h3\">Modularidade para o sistema Smart<\/h2>\n<\/div>\n<div class=\"text text--300\">\n<div class=\"block-template overflow-hidden\">\n<p>A utiliza\u00e7\u00e3o do XG 2018 3G garante redund\u00e2ncia para a comunica\u00e7\u00e3o da sua central de alarme.<\/p>\n<\/div>\n<\/div>\n<\/div>\n<\/div>\n<\/div>\n<\/div>\n<\/div>\n<\/div>\n<div class=\"mt2 mb2 \">\n<div class=\"grid-container \">\n<div class=\"block-mini-banner\" data-ga-name=\"section-mini-banner\">\n<div class=\"grid-x grid-margin-x align-middle\">\n<div class=\"cell medium-6 medium-order-2 large-offset-1\">\n<div class=\"block-mini-banner__media\">\n<figure class=\"text-center object-fit--contain\"><img decoding=\"async\" src=\"https:\/\/backend.intelbras.com\/sites\/default\/files\/styles\/large\/public\/2022-04\/compatibilidade-xg-2018-3g.jpg\" alt=\"compatibilidade-xg-2018-3g.jpg\" \/><\/figure>\n<p><span class=\"text text--300\"><em>* Imagem ilustrativa<\/em><\/span><\/p>\n<\/div>\n<\/div>\n<div class=\"cell medium-auto medium-order-1\">\n<div class=\"block-mini-banner__content\">\n<div class=\"mt2 mb2 \">\n<h2 class=\"weight--small-300 weight--large-200 h3\">Compatibilidade<\/h2>\n<\/div>\n<div class=\"text text--300\">\n<div class=\"block-template overflow-hidden\">\n<p>O XG 2018 3G \u00e9 compat\u00edvel com as centrais AMT 2018 E e AMT 2018 EG.<\/p>\n<\/div>\n<\/div>\n<\/div>\n<\/div>\n<\/div>\n<\/div>\n<\/div>\n<\/div>\n<\/div>\n<\/div>\n","protected":false},"excerpt":{"rendered":"<p>O XG 2018 3G \u00e9 um m\u00f3dulo de comunica\u00e7\u00e3o 3G para as centrais de alarmes AMT 2018 E e AMT 2018 EG.<\/p>\n","protected":false},"featured_media":13898,"comment_status":"closed","ping_status":"closed","template":"","meta":[],"product_brand":[],"product_cat":[2745,2736],"product_tag":[],"class_list":{"0":"post-13897","1":"product","2":"type-product","3":"status-publish","4":"has-post-thumbnail","6":"product_cat-acessorios-alarme","7":"product_cat-linha-de-alarmes","9":"first","10":"outofstock","11":"shipping-taxable","12":"purchasable","13":"product-type-simple"},"yoast_head":"<!-- This site is optimized with the Yoast SEO plugin v27.6 - https:\/\/yoast.com\/product\/yoast-seo-wordpress\/ -->\n<title>MODULO GPRS P\/ AMT 2018 - XG 2018 3G - Loja Melhor do Sul Sistemas de Seguran\u00e7a<\/title>\n<meta name=\"robots\" content=\"index, follow, max-snippet:-1, max-image-preview:large, max-video-preview:-1\" \/>\n<link rel=\"canonical\" href=\"https:\/\/www.lojamelhordosul.com.br\/site\/produto\/modulo-gprs-p-amt-2018-xg-2018-3g\/\" \/>\n<meta property=\"og:locale\" content=\"pt_BR\" \/>\n<meta property=\"og:type\" content=\"article\" \/>\n<meta property=\"og:title\" content=\"MODULO GPRS P\/ AMT 2018 - XG 2018 3G - Loja Melhor do Sul Sistemas de Seguran\u00e7a\" \/>\n<meta property=\"og:description\" content=\"O XG 2018 3G \u00e9 um m\u00f3dulo de comunica\u00e7\u00e3o 3G para as centrais de alarmes AMT 2018 E e AMT 2018 EG.\" \/>\n<meta property=\"og:url\" content=\"https:\/\/www.lojamelhordosul.com.br\/site\/produto\/modulo-gprs-p-amt-2018-xg-2018-3g\/\" \/>\n<meta property=\"og:site_name\" content=\"Loja Melhor do Sul Sistemas de Seguran\u00e7a\" \/>\n<meta property=\"article:modified_time\" content=\"2025-12-16T14:28:49+00:00\" \/>\n<meta property=\"og:image\" content=\"https:\/\/www.lojamelhordosul.com.br\/site\/wp-content\/uploads\/2023\/02\/Untitled-design-7.png\" \/>\n\t<meta property=\"og:image:width\" content=\"1200\" \/>\n\t<meta property=\"og:image:height\" content=\"1200\" \/>\n\t<meta property=\"og:image:type\" content=\"image\/png\" \/>\n<meta name=\"twitter:card\" content=\"summary_large_image\" \/>\n<meta name=\"twitter:label1\" content=\"Est. tempo de leitura\" \/>\n\t<meta name=\"twitter:data1\" content=\"2 minutos\" \/>\n<script type=\"application\/ld+json\" class=\"yoast-schema-graph\">{\"@context\":\"https:\\\/\\\/schema.org\",\"@graph\":[{\"@type\":\"WebPage\",\"@id\":\"https:\\\/\\\/www.lojamelhordosul.com.br\\\/site\\\/produto\\\/modulo-gprs-p-amt-2018-xg-2018-3g\\\/\",\"url\":\"https:\\\/\\\/www.lojamelhordosul.com.br\\\/site\\\/produto\\\/modulo-gprs-p-amt-2018-xg-2018-3g\\\/\",\"name\":\"MODULO GPRS P\\\/ AMT 2018 - XG 2018 3G - Loja Melhor do Sul Sistemas de Seguran\u00e7a\",\"isPartOf\":{\"@id\":\"https:\\\/\\\/www.lojamelhordosul.com.br\\\/site\\\/#website\"},\"primaryImageOfPage\":{\"@id\":\"https:\\\/\\\/www.lojamelhordosul.com.br\\\/site\\\/produto\\\/modulo-gprs-p-amt-2018-xg-2018-3g\\\/#primaryimage\"},\"image\":{\"@id\":\"https:\\\/\\\/www.lojamelhordosul.com.br\\\/site\\\/produto\\\/modulo-gprs-p-amt-2018-xg-2018-3g\\\/#primaryimage\"},\"thumbnailUrl\":\"https:\\\/\\\/www.lojamelhordosul.com.br\\\/site\\\/wp-content\\\/uploads\\\/2023\\\/02\\\/Untitled-design-7.png\",\"datePublished\":\"2023-02-16T16:46:40+00:00\",\"dateModified\":\"2025-12-16T14:28:49+00:00\",\"breadcrumb\":{\"@id\":\"https:\\\/\\\/www.lojamelhordosul.com.br\\\/site\\\/produto\\\/modulo-gprs-p-amt-2018-xg-2018-3g\\\/#breadcrumb\"},\"inLanguage\":\"pt-BR\",\"potentialAction\":[{\"@type\":\"ReadAction\",\"target\":[\"https:\\\/\\\/www.lojamelhordosul.com.br\\\/site\\\/produto\\\/modulo-gprs-p-amt-2018-xg-2018-3g\\\/\"]}]},{\"@type\":\"ImageObject\",\"inLanguage\":\"pt-BR\",\"@id\":\"https:\\\/\\\/www.lojamelhordosul.com.br\\\/site\\\/produto\\\/modulo-gprs-p-amt-2018-xg-2018-3g\\\/#primaryimage\",\"url\":\"https:\\\/\\\/www.lojamelhordosul.com.br\\\/site\\\/wp-content\\\/uploads\\\/2023\\\/02\\\/Untitled-design-7.png\",\"contentUrl\":\"https:\\\/\\\/www.lojamelhordosul.com.br\\\/site\\\/wp-content\\\/uploads\\\/2023\\\/02\\\/Untitled-design-7.png\",\"width\":1200,\"height\":1200},{\"@type\":\"BreadcrumbList\",\"@id\":\"https:\\\/\\\/www.lojamelhordosul.com.br\\\/site\\\/produto\\\/modulo-gprs-p-amt-2018-xg-2018-3g\\\/#breadcrumb\",\"itemListElement\":[{\"@type\":\"ListItem\",\"position\":1,\"name\":\"In\u00edcio\",\"item\":\"https:\\\/\\\/www.lojamelhordosul.com.br\\\/site\\\/\"},{\"@type\":\"ListItem\",\"position\":2,\"name\":\"Loja\",\"item\":\"https:\\\/\\\/www.lojamelhordosul.com.br\\\/site\\\/loja\\\/\"},{\"@type\":\"ListItem\",\"position\":3,\"name\":\"MODULO GPRS P\\\/ AMT 2018 &#8211; XG 2018 3G\"}]},{\"@type\":\"WebSite\",\"@id\":\"https:\\\/\\\/www.lojamelhordosul.com.br\\\/site\\\/#website\",\"url\":\"https:\\\/\\\/www.lojamelhordosul.com.br\\\/site\\\/\",\"name\":\"Loja Melhor do Sul Sistemas de Seguran\u00e7a\",\"description\":\"Loja Melhor do Sul - Revenda Ouro Intelbras em Porto Alegre\",\"publisher\":{\"@id\":\"https:\\\/\\\/www.lojamelhordosul.com.br\\\/site\\\/#organization\"},\"potentialAction\":[{\"@type\":\"SearchAction\",\"target\":{\"@type\":\"EntryPoint\",\"urlTemplate\":\"https:\\\/\\\/www.lojamelhordosul.com.br\\\/site\\\/?s={search_term_string}\"},\"query-input\":{\"@type\":\"PropertyValueSpecification\",\"valueRequired\":true,\"valueName\":\"search_term_string\"}}],\"inLanguage\":\"pt-BR\"},{\"@type\":\"Organization\",\"@id\":\"https:\\\/\\\/www.lojamelhordosul.com.br\\\/site\\\/#organization\",\"name\":\"Loja Melhor do Sul\",\"url\":\"https:\\\/\\\/www.lojamelhordosul.com.br\\\/site\\\/\",\"logo\":{\"@type\":\"ImageObject\",\"inLanguage\":\"pt-BR\",\"@id\":\"https:\\\/\\\/www.lojamelhordosul.com.br\\\/site\\\/#\\\/schema\\\/logo\\\/image\\\/\",\"url\":\"https:\\\/\\\/www.lojamelhordosul.com.br\\\/site\\\/wp-content\\\/uploads\\\/2019\\\/10\\\/logo-longo-da-loja.png\",\"contentUrl\":\"https:\\\/\\\/www.lojamelhordosul.com.br\\\/site\\\/wp-content\\\/uploads\\\/2019\\\/10\\\/logo-longo-da-loja.png\",\"width\":597,\"height\":114,\"caption\":\"Loja Melhor do Sul\"},\"image\":{\"@id\":\"https:\\\/\\\/www.lojamelhordosul.com.br\\\/site\\\/#\\\/schema\\\/logo\\\/image\\\/\"}}]}<\/script>\n<!-- \/ Yoast SEO plugin. -->","yoast_head_json":{"title":"MODULO GPRS P\/ AMT 2018 - XG 2018 3G - Loja Melhor do Sul Sistemas de Seguran\u00e7a","robots":{"index":"index","follow":"follow","max-snippet":"max-snippet:-1","max-image-preview":"max-image-preview:large","max-video-preview":"max-video-preview:-1"},"canonical":"https:\/\/www.lojamelhordosul.com.br\/site\/produto\/modulo-gprs-p-amt-2018-xg-2018-3g\/","og_locale":"pt_BR","og_type":"article","og_title":"MODULO GPRS P\/ AMT 2018 - XG 2018 3G - Loja Melhor do Sul Sistemas de Seguran\u00e7a","og_description":"O XG 2018 3G \u00e9 um m\u00f3dulo de comunica\u00e7\u00e3o 3G para as centrais de alarmes AMT 2018 E e AMT 2018 EG.","og_url":"https:\/\/www.lojamelhordosul.com.br\/site\/produto\/modulo-gprs-p-amt-2018-xg-2018-3g\/","og_site_name":"Loja Melhor do Sul Sistemas de Seguran\u00e7a","article_modified_time":"2025-12-16T14:28:49+00:00","og_image":[{"width":1200,"height":1200,"url":"https:\/\/www.lojamelhordosul.com.br\/site\/wp-content\/uploads\/2023\/02\/Untitled-design-7.png","type":"image\/png"}],"twitter_card":"summary_large_image","twitter_misc":{"Est. tempo de leitura":"2 minutos"},"schema":{"@context":"https:\/\/schema.org","@graph":[{"@type":"WebPage","@id":"https:\/\/www.lojamelhordosul.com.br\/site\/produto\/modulo-gprs-p-amt-2018-xg-2018-3g\/","url":"https:\/\/www.lojamelhordosul.com.br\/site\/produto\/modulo-gprs-p-amt-2018-xg-2018-3g\/","name":"MODULO GPRS P\/ AMT 2018 - XG 2018 3G - Loja Melhor do Sul Sistemas de Seguran\u00e7a","isPartOf":{"@id":"https:\/\/www.lojamelhordosul.com.br\/site\/#website"},"primaryImageOfPage":{"@id":"https:\/\/www.lojamelhordosul.com.br\/site\/produto\/modulo-gprs-p-amt-2018-xg-2018-3g\/#primaryimage"},"image":{"@id":"https:\/\/www.lojamelhordosul.com.br\/site\/produto\/modulo-gprs-p-amt-2018-xg-2018-3g\/#primaryimage"},"thumbnailUrl":"https:\/\/www.lojamelhordosul.com.br\/site\/wp-content\/uploads\/2023\/02\/Untitled-design-7.png","datePublished":"2023-02-16T16:46:40+00:00","dateModified":"2025-12-16T14:28:49+00:00","breadcrumb":{"@id":"https:\/\/www.lojamelhordosul.com.br\/site\/produto\/modulo-gprs-p-amt-2018-xg-2018-3g\/#breadcrumb"},"inLanguage":"pt-BR","potentialAction":[{"@type":"ReadAction","target":["https:\/\/www.lojamelhordosul.com.br\/site\/produto\/modulo-gprs-p-amt-2018-xg-2018-3g\/"]}]},{"@type":"ImageObject","inLanguage":"pt-BR","@id":"https:\/\/www.lojamelhordosul.com.br\/site\/produto\/modulo-gprs-p-amt-2018-xg-2018-3g\/#primaryimage","url":"https:\/\/www.lojamelhordosul.com.br\/site\/wp-content\/uploads\/2023\/02\/Untitled-design-7.png","contentUrl":"https:\/\/www.lojamelhordosul.com.br\/site\/wp-content\/uploads\/2023\/02\/Untitled-design-7.png","width":1200,"height":1200},{"@type":"BreadcrumbList","@id":"https:\/\/www.lojamelhordosul.com.br\/site\/produto\/modulo-gprs-p-amt-2018-xg-2018-3g\/#breadcrumb","itemListElement":[{"@type":"ListItem","position":1,"name":"In\u00edcio","item":"https:\/\/www.lojamelhordosul.com.br\/site\/"},{"@type":"ListItem","position":2,"name":"Loja","item":"https:\/\/www.lojamelhordosul.com.br\/site\/loja\/"},{"@type":"ListItem","position":3,"name":"MODULO GPRS P\/ AMT 2018 &#8211; XG 2018 3G"}]},{"@type":"WebSite","@id":"https:\/\/www.lojamelhordosul.com.br\/site\/#website","url":"https:\/\/www.lojamelhordosul.com.br\/site\/","name":"Loja Melhor do Sul Sistemas de Seguran\u00e7a","description":"Loja Melhor do Sul - Revenda Ouro Intelbras em Porto Alegre","publisher":{"@id":"https:\/\/www.lojamelhordosul.com.br\/site\/#organization"},"potentialAction":[{"@type":"SearchAction","target":{"@type":"EntryPoint","urlTemplate":"https:\/\/www.lojamelhordosul.com.br\/site\/?s={search_term_string}"},"query-input":{"@type":"PropertyValueSpecification","valueRequired":true,"valueName":"search_term_string"}}],"inLanguage":"pt-BR"},{"@type":"Organization","@id":"https:\/\/www.lojamelhordosul.com.br\/site\/#organization","name":"Loja Melhor do Sul","url":"https:\/\/www.lojamelhordosul.com.br\/site\/","logo":{"@type":"ImageObject","inLanguage":"pt-BR","@id":"https:\/\/www.lojamelhordosul.com.br\/site\/#\/schema\/logo\/image\/","url":"https:\/\/www.lojamelhordosul.com.br\/site\/wp-content\/uploads\/2019\/10\/logo-longo-da-loja.png","contentUrl":"https:\/\/www.lojamelhordosul.com.br\/site\/wp-content\/uploads\/2019\/10\/logo-longo-da-loja.png","width":597,"height":114,"caption":"Loja Melhor do Sul"},"image":{"@id":"https:\/\/www.lojamelhordosul.com.br\/site\/#\/schema\/logo\/image\/"}}]}},"_links":{"self":[{"href":"https:\/\/www.lojamelhordosul.com.br\/site\/wp-json\/wp\/v2\/product\/13897","targetHints":{"allow":["GET"]}}],"collection":[{"href":"https:\/\/www.lojamelhordosul.com.br\/site\/wp-json\/wp\/v2\/product"}],"about":[{"href":"https:\/\/www.lojamelhordosul.com.br\/site\/wp-json\/wp\/v2\/types\/product"}],"replies":[{"embeddable":true,"href":"https:\/\/www.lojamelhordosul.com.br\/site\/wp-json\/wp\/v2\/comments?post=13897"}],"wp:featuredmedia":[{"embeddable":true,"href":"https:\/\/www.lojamelhordosul.com.br\/site\/wp-json\/wp\/v2\/media\/13898"}],"wp:attachment":[{"href":"https:\/\/www.lojamelhordosul.com.br\/site\/wp-json\/wp\/v2\/media?parent=13897"}],"wp:term":[{"taxonomy":"product_brand","embeddable":true,"href":"https:\/\/www.lojamelhordosul.com.br\/site\/wp-json\/wp\/v2\/product_brand?post=13897"},{"taxonomy":"product_cat","embeddable":true,"href":"https:\/\/www.lojamelhordosul.com.br\/site\/wp-json\/wp\/v2\/product_cat?post=13897"},{"taxonomy":"product_tag","embeddable":true,"href":"https:\/\/www.lojamelhordosul.com.br\/site\/wp-json\/wp\/v2\/product_tag?post=13897"}],"curies":[{"name":"wp","href":"https:\/\/api.w.org\/{rel}","templated":true}]}}