{"id":14065,"date":"2023-05-03T16:33:10","date_gmt":"2023-05-03T19:33:10","guid":{"rendered":"https:\/\/www.lojamelhordosul.com.br\/site\/?post_type=product&#038;p=14065"},"modified":"2026-03-16T16:29:03","modified_gmt":"2026-03-16T19:29:03","slug":"switch-9p-fast-com-8p-poefast-10-100-sf900-hi-poe","status":"publish","type":"product","link":"https:\/\/www.lojamelhordosul.com.br\/site\/produto\/switch-9p-fast-com-8p-poefast-10-100-sf900-hi-poe\/","title":{"rendered":"SWITCH 9P FAST COM 8P POE+FAST 10\/100 &#8211; SF 900 HI-POE"},"content":{"rendered":"<div>\n<div class=\"z-index-4 internal-fixed-navigation\">\n<div class=\"grid-container  \">\n<div class=\"navigation-sticky\"><\/div>\n<\/div>\n<\/div>\n<\/div>\n<div>\n<div class=\"grid-container  \">\n<div class=\"mt2 mb2  \">\n<div class=\"grid-container  \">\n<div class=\"block-mini-banner\" data-ga-name=\"section-mini-banner\">\n<div class=\"grid-x grid-margin-x align-middle\">\n<div class=\"cell medium-6 medium-order-2 large-offset-1\">\n<div class=\"block-mini-banner__media\">\n<figure class=\"text-center  object-fit--contain\"><a href=\"https:\/\/www.lojamelhordosul.com.br\/site\/wp-content\/uploads\/2022\/12\/cropped-Favicon-LMS.png\"><img decoding=\"async\" class=\"size-medium wp-image-13560 aligncenter\" src=\"https:\/\/www.lojamelhordosul.com.br\/site\/wp-content\/uploads\/2022\/12\/cropped-Favicon-LMS-300x300.png\" alt=\"\" width=\"300\" height=\"300\" \/><\/a><img decoding=\"async\" class=\"aligncenter\" src=\"https:\/\/backend.intelbras.com\/sites\/default\/files\/styles\/large\/public\/2020-12\/2_2.jpg\" alt=\"Alimenta\u00e7\u00e3o de dispositivos em grandes pot\u00eancias\" \/><\/figure>\n<\/div>\n<\/div>\n<div class=\"cell medium-auto medium-order-1\">\n<div class=\"block-mini-banner__content\">\n<div class=\"mt2 mb2 \">\n<h2 class=\"weight--small-300 weight--large-200 h3\">Alimenta\u00e7\u00e3o de dispositivos em grandes pot\u00eancias<\/h2>\n<\/div>\n<div class=\"text text--300\">\n<div class=\"block-template overflow-hidden\">\n<p>Suporte \u00e0 tecnologia Hi-PoE oferecendo maior pot\u00eancia na alimenta\u00e7\u00e3o de dispositivos pela porta 1 (at\u00e9 60 W).<\/p>\n<\/div>\n<\/div>\n<\/div>\n<\/div>\n<\/div>\n<\/div>\n<\/div>\n<\/div>\n<div class=\"mt2 mb2  \">\n<div class=\"grid-container  \">\n<div class=\"block-mini-banner\" data-ga-name=\"section-mini-banner\">\n<div class=\"grid-x grid-margin-x align-middle\">\n<div class=\"cell medium-6\">\n<div class=\"block-mini-banner__media\">\n<figure class=\"text-center  object-fit--contain\"><img decoding=\"async\" class=\"aligncenter\" src=\"https:\/\/backend.intelbras.com\/sites\/default\/files\/styles\/large\/public\/2020-12\/3_5.jpg\" alt=\"Maior capacidade e alcance na alimenta\u00e7\u00e3o de dispositivos IP\" \/><\/figure>\n<\/div>\n<\/div>\n<div class=\"cell medium-auto\">\n<div class=\"block-mini-banner__content\">\n<div class=\"mt2 mb2 \">\n<h2 class=\"weight--small-300 weight--large-200 h3\">Maior capacidade e alcance na alimenta\u00e7\u00e3o de dispositivos IP<\/h2>\n<\/div>\n<div class=\"text text--300\">\n<div class=\"block-template overflow-hidden\">\n<p>Fun\u00e7\u00e3o PoE Extender que garante uma alimenta\u00e7\u00e3o de solu\u00e7\u00f5es IP em longo alcance (250 m).<\/p>\n<\/div>\n<\/div>\n<\/div>\n<\/div>\n<\/div>\n<\/div>\n<\/div>\n<\/div>\n<div class=\"mt2 mb2  \">\n<div class=\"grid-container  \">\n<div class=\"block-mini-banner\" data-ga-name=\"section-mini-banner\">\n<div class=\"grid-x grid-margin-x align-middle\">\n<div class=\"cell medium-6 medium-order-2 large-offset-1\">\n<div class=\"block-mini-banner__media\">\n<figure class=\"text-center  object-fit--contain\"><img decoding=\"async\" class=\"aligncenter\" src=\"https:\/\/backend.intelbras.com\/sites\/default\/files\/styles\/large\/public\/2020-12\/4_2.jpg\" alt=\"Menos cabos, mais economia\" \/><\/figure>\n<\/div>\n<\/div>\n<div class=\"cell medium-auto medium-order-1\">\n<div class=\"block-mini-banner__content\">\n<div class=\"mt2 mb2 \">\n<h2 class=\"weight--small-300 weight--large-200 h3\">Menos cabos, mais economia<\/h2>\n<\/div>\n<div class=\"text text--300\">\n<div class=\"block-template overflow-hidden\">\n<p>Mais economia e flexibilidade com a alimenta\u00e7\u00e3o de dispositivos IP em at\u00e9 30W por porta.<\/p>\n<\/div>\n<\/div>\n<\/div>\n<\/div>\n<\/div>\n<\/div>\n<\/div>\n<\/div>\n<div class=\"mt2 mb2  \">\n<div class=\"grid-container  \">\n<div class=\"block-mini-banner\" data-ga-name=\"section-mini-banner\">\n<div class=\"grid-x grid-margin-x align-middle\">\n<div class=\"cell medium-6\">\n<div class=\"block-mini-banner__media\">\n<figure class=\"text-center  object-fit--contain\"><img decoding=\"async\" class=\"aligncenter\" src=\"https:\/\/backend.intelbras.com\/sites\/default\/files\/styles\/large\/public\/2020-12\/5_1.jpg\" alt=\"Maior prote\u00e7\u00e3o contra surtos el\u00e9tricos\" \/><\/figure>\n<\/div>\n<\/div>\n<div class=\"cell medium-auto\">\n<div class=\"block-mini-banner__content\">\n<div class=\"mt2 mb2 \">\n<h2 class=\"weight--small-300 weight--large-200 h3\">Maior prote\u00e7\u00e3o contra surtos el\u00e9tricos<\/h2>\n<\/div>\n<div class=\"text text--300\">\n<div class=\"block-template overflow-hidden\">\n<p>Garanta maior durabilidade no Switch e em dispositivos conectados com a m\u00e1xima seguran\u00e7a contra surtos el\u00e9tricos (at\u00e9 15 kV).<\/p>\n<\/div>\n<\/div>\n<\/div>\n<\/div>\n<\/div>\n<\/div>\n<\/div>\n<\/div>\n<\/div>\n<\/div>\n<div>\n<div class=\"grid-container  \">\n<div class=\"mb3 \">\n<div class=\"block-tab\" data-ga-name=\"tab\">\n<div class=\"overflow-x-auto start\">\n<div class=\"overflow-x-auto__wrapper\">\n<div class=\"pb2\">\n<nav class=\"block-tab__header false\">\n<ul class=\"\">\n<li class=\"block-tab__header__item block-tab__header__item--actived\" data-ga-action=\"tab-item-especificacoes-tecnicas\">\n<div class=\"block-tab__header__item-tab\">\n<div class=\"block-tab__header__item-label\">Especifica\u00e7\u00f5es T\u00e9cnicas<\/div>\n<\/div>\n<\/li>\n<li class=\"block-tab__header__item \" data-ga-action=\"tab-item-arquivos-para-download\">\n<div class=\"block-tab__header__item-tab\">\n<div class=\"block-tab__header__item-label\">Arquivos para download<\/div>\n<\/div>\n<\/li>\n<\/ul>\n<\/nav>\n<\/div>\n<\/div>\n<\/div>\n<div class=\"block-tab__content\">\n<div class=\"block-tab__content__item block-tab__content__item--actived\" data-ga-name=\"especificacoes-tecnicas\">\n<div class=\"mt2 \"><a class=\"   \" href=\"http:\/\/backend.intelbras.com\/sites\/default\/files\/2022-10\/Datasheet%20SF%20900%20Hi-PoE%20v2.pdf\" target=\"_blank\" rel=\"noreferrer noopener\" data-ga-action=\"download-especificacoes-tecnicas\"><span class=\"link-text\">Ficha t\u00e9cnica \u2013 SF 900 Hi-PoE.pdf<\/span><img decoding=\"async\" class=\"ml1\" src=\"https:\/\/www.intelbras.com\/assets\/images\/icons\/icon_download.svg\" alt=\"download icon\" \/><\/a><\/div>\n<\/div>\n<\/div>\n<\/div>\n<\/div>\n<\/div>\n<div class=\"grid-container  \">\n<div class=\"mb3 \">\n<div data-ga-name=\"encontre-instalador\">\n<div class=\"grid-x grid-padding-x align-middle align-center pt3 border-top-solid\">\n<div class=\"cell small-10 medium-5 large-5\">\n<div class=\"grid-x grid-margin-x align-middle\">\n<div class=\"cell shrink\"><\/div>\n<\/div>\n<\/div>\n<\/div>\n<\/div>\n<\/div>\n<\/div>\n<\/div>\n","protected":false},"excerpt":{"rendered":"<p>Alimenta\u00e7\u00e3o de dispositivos em grandes pot\u00eancias Suporte \u00e0 tecnologia Hi-PoE oferecendo maior pot\u00eancia na alimenta\u00e7\u00e3o de dispositivos pela porta 1 (at\u00e9 60 W). Maior capacidade e alcance na alimenta\u00e7\u00e3o de dispositivos IP Fun\u00e7\u00e3o PoE Extender que garante uma alimenta\u00e7\u00e3o de solu\u00e7\u00f5es IP em longo alcance (250 m). Menos cabos, mais economia Mais economia e flexibilidade &hellip; <a href=\"https:\/\/www.lojamelhordosul.com.br\/site\/produto\/switch-9p-fast-com-8p-poefast-10-100-sf900-hi-poe\/\" class=\"more-link\">Continuar lendo <span class=\"screen-reader-text\">SWITCH 9P FAST COM 8P POE+FAST 10\/100 &#8211; SF 900 HI-POE<\/span><\/a><\/p>\n","protected":false},"featured_media":14066,"comment_status":"closed","ping_status":"closed","template":"","meta":[],"product_brand":[],"product_cat":[2774,2781],"product_tag":[],"class_list":{"0":"post-14065","1":"product","2":"type-product","3":"status-publish","4":"has-post-thumbnail","6":"product_cat-redes","7":"product_cat-redes-switches","9":"first","10":"instock","11":"sale","12":"shipping-taxable","13":"purchasable","14":"product-type-simple"},"yoast_head":"<!-- This site is optimized with the Yoast SEO plugin v27.3 - https:\/\/yoast.com\/product\/yoast-seo-wordpress\/ -->\n<title>SWITCH 9P FAST COM 8P POE+FAST 10\/100 - SF 900 HI-POE - Loja Melhor do Sul Sistemas de Seguran\u00e7a<\/title>\n<meta name=\"robots\" content=\"index, follow, max-snippet:-1, max-image-preview:large, max-video-preview:-1\" \/>\n<link rel=\"canonical\" href=\"https:\/\/www.lojamelhordosul.com.br\/site\/produto\/switch-9p-fast-com-8p-poefast-10-100-sf900-hi-poe\/\" \/>\n<meta property=\"og:locale\" content=\"pt_BR\" \/>\n<meta property=\"og:type\" content=\"article\" \/>\n<meta property=\"og:title\" content=\"SWITCH 9P FAST COM 8P POE+FAST 10\/100 - SF 900 HI-POE - Loja Melhor do Sul Sistemas de Seguran\u00e7a\" \/>\n<meta property=\"og:description\" content=\"Alimenta\u00e7\u00e3o de dispositivos em grandes pot\u00eancias Suporte \u00e0 tecnologia Hi-PoE oferecendo maior pot\u00eancia na alimenta\u00e7\u00e3o de dispositivos pela porta 1 (at\u00e9 60 W). Maior capacidade e alcance na alimenta\u00e7\u00e3o de dispositivos IP Fun\u00e7\u00e3o PoE Extender que garante uma alimenta\u00e7\u00e3o de solu\u00e7\u00f5es IP em longo alcance (250 m). Menos cabos, mais economia Mais economia e flexibilidade &hellip; Continuar lendo SWITCH 9P FAST COM 8P POE+FAST 10\/100 &#8211; SF 900 HI-POE\" \/>\n<meta property=\"og:url\" content=\"https:\/\/www.lojamelhordosul.com.br\/site\/produto\/switch-9p-fast-com-8p-poefast-10-100-sf900-hi-poe\/\" \/>\n<meta property=\"og:site_name\" content=\"Loja Melhor do Sul Sistemas de Seguran\u00e7a\" \/>\n<meta property=\"article:modified_time\" content=\"2026-03-16T19:29:03+00:00\" \/>\n<meta property=\"og:image\" content=\"https:\/\/www.lojamelhordosul.com.br\/site\/wp-content\/uploads\/2023\/05\/download-23.jpg\" \/>\n\t<meta property=\"og:image:width\" content=\"225\" \/>\n\t<meta property=\"og:image:height\" content=\"225\" \/>\n\t<meta property=\"og:image:type\" content=\"image\/jpeg\" \/>\n<meta name=\"twitter:card\" content=\"summary_large_image\" \/>\n<meta name=\"twitter:label1\" content=\"Est. tempo de leitura\" \/>\n\t<meta name=\"twitter:data1\" content=\"2 minutos\" \/>\n<script type=\"application\/ld+json\" class=\"yoast-schema-graph\">{\"@context\":\"https:\\\/\\\/schema.org\",\"@graph\":[{\"@type\":\"WebPage\",\"@id\":\"https:\\\/\\\/www.lojamelhordosul.com.br\\\/site\\\/produto\\\/switch-9p-fast-com-8p-poefast-10-100-sf900-hi-poe\\\/\",\"url\":\"https:\\\/\\\/www.lojamelhordosul.com.br\\\/site\\\/produto\\\/switch-9p-fast-com-8p-poefast-10-100-sf900-hi-poe\\\/\",\"name\":\"SWITCH 9P FAST COM 8P POE+FAST 10\\\/100 - SF 900 HI-POE - Loja Melhor do Sul Sistemas de Seguran\u00e7a\",\"isPartOf\":{\"@id\":\"https:\\\/\\\/www.lojamelhordosul.com.br\\\/site\\\/#website\"},\"primaryImageOfPage\":{\"@id\":\"https:\\\/\\\/www.lojamelhordosul.com.br\\\/site\\\/produto\\\/switch-9p-fast-com-8p-poefast-10-100-sf900-hi-poe\\\/#primaryimage\"},\"image\":{\"@id\":\"https:\\\/\\\/www.lojamelhordosul.com.br\\\/site\\\/produto\\\/switch-9p-fast-com-8p-poefast-10-100-sf900-hi-poe\\\/#primaryimage\"},\"thumbnailUrl\":\"https:\\\/\\\/www.lojamelhordosul.com.br\\\/site\\\/wp-content\\\/uploads\\\/2023\\\/05\\\/download-23.jpg\",\"datePublished\":\"2023-05-03T19:33:10+00:00\",\"dateModified\":\"2026-03-16T19:29:03+00:00\",\"breadcrumb\":{\"@id\":\"https:\\\/\\\/www.lojamelhordosul.com.br\\\/site\\\/produto\\\/switch-9p-fast-com-8p-poefast-10-100-sf900-hi-poe\\\/#breadcrumb\"},\"inLanguage\":\"pt-BR\",\"potentialAction\":[{\"@type\":\"ReadAction\",\"target\":[\"https:\\\/\\\/www.lojamelhordosul.com.br\\\/site\\\/produto\\\/switch-9p-fast-com-8p-poefast-10-100-sf900-hi-poe\\\/\"]}]},{\"@type\":\"ImageObject\",\"inLanguage\":\"pt-BR\",\"@id\":\"https:\\\/\\\/www.lojamelhordosul.com.br\\\/site\\\/produto\\\/switch-9p-fast-com-8p-poefast-10-100-sf900-hi-poe\\\/#primaryimage\",\"url\":\"https:\\\/\\\/www.lojamelhordosul.com.br\\\/site\\\/wp-content\\\/uploads\\\/2023\\\/05\\\/download-23.jpg\",\"contentUrl\":\"https:\\\/\\\/www.lojamelhordosul.com.br\\\/site\\\/wp-content\\\/uploads\\\/2023\\\/05\\\/download-23.jpg\",\"width\":225,\"height\":225},{\"@type\":\"BreadcrumbList\",\"@id\":\"https:\\\/\\\/www.lojamelhordosul.com.br\\\/site\\\/produto\\\/switch-9p-fast-com-8p-poefast-10-100-sf900-hi-poe\\\/#breadcrumb\",\"itemListElement\":[{\"@type\":\"ListItem\",\"position\":1,\"name\":\"In\u00edcio\",\"item\":\"https:\\\/\\\/www.lojamelhordosul.com.br\\\/site\\\/\"},{\"@type\":\"ListItem\",\"position\":2,\"name\":\"Loja\",\"item\":\"https:\\\/\\\/www.lojamelhordosul.com.br\\\/site\\\/loja\\\/\"},{\"@type\":\"ListItem\",\"position\":3,\"name\":\"SWITCH 9P FAST COM 8P POE+FAST 10\\\/100 &#8211; SF 900 HI-POE\"}]},{\"@type\":\"WebSite\",\"@id\":\"https:\\\/\\\/www.lojamelhordosul.com.br\\\/site\\\/#website\",\"url\":\"https:\\\/\\\/www.lojamelhordosul.com.br\\\/site\\\/\",\"name\":\"Loja Melhor do Sul Sistemas de Seguran\u00e7a\",\"description\":\"Loja Melhor do Sul - Revenda Ouro Intelbras em Porto Alegre\",\"publisher\":{\"@id\":\"https:\\\/\\\/www.lojamelhordosul.com.br\\\/site\\\/#organization\"},\"potentialAction\":[{\"@type\":\"SearchAction\",\"target\":{\"@type\":\"EntryPoint\",\"urlTemplate\":\"https:\\\/\\\/www.lojamelhordosul.com.br\\\/site\\\/?s={search_term_string}\"},\"query-input\":{\"@type\":\"PropertyValueSpecification\",\"valueRequired\":true,\"valueName\":\"search_term_string\"}}],\"inLanguage\":\"pt-BR\"},{\"@type\":\"Organization\",\"@id\":\"https:\\\/\\\/www.lojamelhordosul.com.br\\\/site\\\/#organization\",\"name\":\"Loja Melhor do Sul\",\"url\":\"https:\\\/\\\/www.lojamelhordosul.com.br\\\/site\\\/\",\"logo\":{\"@type\":\"ImageObject\",\"inLanguage\":\"pt-BR\",\"@id\":\"https:\\\/\\\/www.lojamelhordosul.com.br\\\/site\\\/#\\\/schema\\\/logo\\\/image\\\/\",\"url\":\"https:\\\/\\\/www.lojamelhordosul.com.br\\\/site\\\/wp-content\\\/uploads\\\/2019\\\/10\\\/logo-longo-da-loja.png\",\"contentUrl\":\"https:\\\/\\\/www.lojamelhordosul.com.br\\\/site\\\/wp-content\\\/uploads\\\/2019\\\/10\\\/logo-longo-da-loja.png\",\"width\":597,\"height\":114,\"caption\":\"Loja Melhor do Sul\"},\"image\":{\"@id\":\"https:\\\/\\\/www.lojamelhordosul.com.br\\\/site\\\/#\\\/schema\\\/logo\\\/image\\\/\"}}]}<\/script>\n<!-- \/ Yoast SEO plugin. -->","yoast_head_json":{"title":"SWITCH 9P FAST COM 8P POE+FAST 10\/100 - SF 900 HI-POE - Loja Melhor do Sul Sistemas de Seguran\u00e7a","robots":{"index":"index","follow":"follow","max-snippet":"max-snippet:-1","max-image-preview":"max-image-preview:large","max-video-preview":"max-video-preview:-1"},"canonical":"https:\/\/www.lojamelhordosul.com.br\/site\/produto\/switch-9p-fast-com-8p-poefast-10-100-sf900-hi-poe\/","og_locale":"pt_BR","og_type":"article","og_title":"SWITCH 9P FAST COM 8P POE+FAST 10\/100 - SF 900 HI-POE - Loja Melhor do Sul Sistemas de Seguran\u00e7a","og_description":"Alimenta\u00e7\u00e3o de dispositivos em grandes pot\u00eancias Suporte \u00e0 tecnologia Hi-PoE oferecendo maior pot\u00eancia na alimenta\u00e7\u00e3o de dispositivos pela porta 1 (at\u00e9 60 W). Maior capacidade e alcance na alimenta\u00e7\u00e3o de dispositivos IP Fun\u00e7\u00e3o PoE Extender que garante uma alimenta\u00e7\u00e3o de solu\u00e7\u00f5es IP em longo alcance (250 m). Menos cabos, mais economia Mais economia e flexibilidade &hellip; Continuar lendo SWITCH 9P FAST COM 8P POE+FAST 10\/100 &#8211; SF 900 HI-POE","og_url":"https:\/\/www.lojamelhordosul.com.br\/site\/produto\/switch-9p-fast-com-8p-poefast-10-100-sf900-hi-poe\/","og_site_name":"Loja Melhor do Sul Sistemas de Seguran\u00e7a","article_modified_time":"2026-03-16T19:29:03+00:00","og_image":[{"width":225,"height":225,"url":"https:\/\/www.lojamelhordosul.com.br\/site\/wp-content\/uploads\/2023\/05\/download-23.jpg","type":"image\/jpeg"}],"twitter_card":"summary_large_image","twitter_misc":{"Est. tempo de leitura":"2 minutos"},"schema":{"@context":"https:\/\/schema.org","@graph":[{"@type":"WebPage","@id":"https:\/\/www.lojamelhordosul.com.br\/site\/produto\/switch-9p-fast-com-8p-poefast-10-100-sf900-hi-poe\/","url":"https:\/\/www.lojamelhordosul.com.br\/site\/produto\/switch-9p-fast-com-8p-poefast-10-100-sf900-hi-poe\/","name":"SWITCH 9P FAST COM 8P POE+FAST 10\/100 - SF 900 HI-POE - Loja Melhor do Sul Sistemas de Seguran\u00e7a","isPartOf":{"@id":"https:\/\/www.lojamelhordosul.com.br\/site\/#website"},"primaryImageOfPage":{"@id":"https:\/\/www.lojamelhordosul.com.br\/site\/produto\/switch-9p-fast-com-8p-poefast-10-100-sf900-hi-poe\/#primaryimage"},"image":{"@id":"https:\/\/www.lojamelhordosul.com.br\/site\/produto\/switch-9p-fast-com-8p-poefast-10-100-sf900-hi-poe\/#primaryimage"},"thumbnailUrl":"https:\/\/www.lojamelhordosul.com.br\/site\/wp-content\/uploads\/2023\/05\/download-23.jpg","datePublished":"2023-05-03T19:33:10+00:00","dateModified":"2026-03-16T19:29:03+00:00","breadcrumb":{"@id":"https:\/\/www.lojamelhordosul.com.br\/site\/produto\/switch-9p-fast-com-8p-poefast-10-100-sf900-hi-poe\/#breadcrumb"},"inLanguage":"pt-BR","potentialAction":[{"@type":"ReadAction","target":["https:\/\/www.lojamelhordosul.com.br\/site\/produto\/switch-9p-fast-com-8p-poefast-10-100-sf900-hi-poe\/"]}]},{"@type":"ImageObject","inLanguage":"pt-BR","@id":"https:\/\/www.lojamelhordosul.com.br\/site\/produto\/switch-9p-fast-com-8p-poefast-10-100-sf900-hi-poe\/#primaryimage","url":"https:\/\/www.lojamelhordosul.com.br\/site\/wp-content\/uploads\/2023\/05\/download-23.jpg","contentUrl":"https:\/\/www.lojamelhordosul.com.br\/site\/wp-content\/uploads\/2023\/05\/download-23.jpg","width":225,"height":225},{"@type":"BreadcrumbList","@id":"https:\/\/www.lojamelhordosul.com.br\/site\/produto\/switch-9p-fast-com-8p-poefast-10-100-sf900-hi-poe\/#breadcrumb","itemListElement":[{"@type":"ListItem","position":1,"name":"In\u00edcio","item":"https:\/\/www.lojamelhordosul.com.br\/site\/"},{"@type":"ListItem","position":2,"name":"Loja","item":"https:\/\/www.lojamelhordosul.com.br\/site\/loja\/"},{"@type":"ListItem","position":3,"name":"SWITCH 9P FAST COM 8P POE+FAST 10\/100 &#8211; SF 900 HI-POE"}]},{"@type":"WebSite","@id":"https:\/\/www.lojamelhordosul.com.br\/site\/#website","url":"https:\/\/www.lojamelhordosul.com.br\/site\/","name":"Loja Melhor do Sul Sistemas de Seguran\u00e7a","description":"Loja Melhor do Sul - Revenda Ouro Intelbras em Porto Alegre","publisher":{"@id":"https:\/\/www.lojamelhordosul.com.br\/site\/#organization"},"potentialAction":[{"@type":"SearchAction","target":{"@type":"EntryPoint","urlTemplate":"https:\/\/www.lojamelhordosul.com.br\/site\/?s={search_term_string}"},"query-input":{"@type":"PropertyValueSpecification","valueRequired":true,"valueName":"search_term_string"}}],"inLanguage":"pt-BR"},{"@type":"Organization","@id":"https:\/\/www.lojamelhordosul.com.br\/site\/#organization","name":"Loja Melhor do Sul","url":"https:\/\/www.lojamelhordosul.com.br\/site\/","logo":{"@type":"ImageObject","inLanguage":"pt-BR","@id":"https:\/\/www.lojamelhordosul.com.br\/site\/#\/schema\/logo\/image\/","url":"https:\/\/www.lojamelhordosul.com.br\/site\/wp-content\/uploads\/2019\/10\/logo-longo-da-loja.png","contentUrl":"https:\/\/www.lojamelhordosul.com.br\/site\/wp-content\/uploads\/2019\/10\/logo-longo-da-loja.png","width":597,"height":114,"caption":"Loja Melhor do Sul"},"image":{"@id":"https:\/\/www.lojamelhordosul.com.br\/site\/#\/schema\/logo\/image\/"}}]}},"_links":{"self":[{"href":"https:\/\/www.lojamelhordosul.com.br\/site\/wp-json\/wp\/v2\/product\/14065","targetHints":{"allow":["GET"]}}],"collection":[{"href":"https:\/\/www.lojamelhordosul.com.br\/site\/wp-json\/wp\/v2\/product"}],"about":[{"href":"https:\/\/www.lojamelhordosul.com.br\/site\/wp-json\/wp\/v2\/types\/product"}],"replies":[{"embeddable":true,"href":"https:\/\/www.lojamelhordosul.com.br\/site\/wp-json\/wp\/v2\/comments?post=14065"}],"wp:featuredmedia":[{"embeddable":true,"href":"https:\/\/www.lojamelhordosul.com.br\/site\/wp-json\/wp\/v2\/media\/14066"}],"wp:attachment":[{"href":"https:\/\/www.lojamelhordosul.com.br\/site\/wp-json\/wp\/v2\/media?parent=14065"}],"wp:term":[{"taxonomy":"product_brand","embeddable":true,"href":"https:\/\/www.lojamelhordosul.com.br\/site\/wp-json\/wp\/v2\/product_brand?post=14065"},{"taxonomy":"product_cat","embeddable":true,"href":"https:\/\/www.lojamelhordosul.com.br\/site\/wp-json\/wp\/v2\/product_cat?post=14065"},{"taxonomy":"product_tag","embeddable":true,"href":"https:\/\/www.lojamelhordosul.com.br\/site\/wp-json\/wp\/v2\/product_tag?post=14065"}],"curies":[{"name":"wp","href":"https:\/\/api.w.org\/{rel}","templated":true}]}}