{"id":14069,"date":"2023-05-03T17:47:26","date_gmt":"2023-05-03T20:47:26","guid":{"rendered":"https:\/\/www.lojamelhordosul.com.br\/site\/?post_type=product&#038;p=14069"},"modified":"2026-03-16T16:24:23","modified_gmt":"2026-03-16T19:24:23","slug":"bateria-chumbo-vrla-12v-12ah-xb1212-cic06l-para-central-de-incendio","status":"publish","type":"product","link":"https:\/\/www.lojamelhordosul.com.br\/site\/produto\/bateria-chumbo-vrla-12v-12ah-xb1212-cic06l-para-central-de-incendio\/","title":{"rendered":"Bateria chumbo-\u00e1cido 12V XB 1212"},"content":{"rendered":"<p><img decoding=\"async\" class=\"size-medium wp-image-13560 aligncenter\" src=\"https:\/\/www.lojamelhordosul.com.br\/site\/wp-content\/uploads\/2022\/12\/cropped-Favicon-LMS-300x300.png\" alt=\"\" width=\"300\" height=\"300\" \/><\/p>\n<div>\n<div class=\"grid-container  \">\n<div class=\"mt2 mb2  \">\n<div class=\"grid-container  \">\n<div class=\"block-mini-banner\" data-ga-name=\"section-mini-banner\">\n<div class=\"grid-x grid-margin-x align-middle\">\n<div class=\"cell medium-6 medium-order-2 large-offset-1\">\n<div class=\"block-mini-banner__media\">\n<figure class=\"text-center  object-fit--contain\"><img decoding=\"async\" class=\"aligncenter\" src=\"https:\/\/backend.intelbras.com\/sites\/default\/files\/styles\/large\/public\/2019-08\/FlyerDigital_XB_1212_01-19_01.png\" alt=\"Carga completa para seu sistema de seguran\u00e7a\" \/><\/figure>\n<\/div>\n<\/div>\n<div class=\"cell medium-auto medium-order-1\">\n<div class=\"block-mini-banner__content\">\n<div class=\"mt2 mb2 \">\n<h2 class=\"weight--small-300 weight--large-200 h3\">Carga completa para seu sistema de seguran\u00e7a<\/h2>\n<\/div>\n<div class=\"text text--300\">\n<div class=\"block-template overflow-hidden\">\n<p>Com tens\u00e3o de 12 Vdc e capacidade de 1,2 Ah, a XB 1212 \u00e9 uma bateria de chumbo-\u00e1cido regulada por v\u00e1lvula, ideal para central de alarme de inc\u00eandio CIC 06L.<\/p>\n<\/div>\n<\/div>\n<\/div>\n<\/div>\n<\/div>\n<\/div>\n<\/div>\n<\/div>\n<div class=\"mt2 mb2  \">\n<div class=\"grid-container  \">\n<div class=\"block-mini-banner\" data-ga-name=\"section-mini-banner\">\n<div class=\"grid-x grid-margin-x align-middle\">\n<div class=\"cell medium-6\">\n<div class=\"block-mini-banner__media\">\n<figure class=\"text-center  object-fit--contain\"><img decoding=\"async\" class=\"aligncenter\" src=\"https:\/\/backend.intelbras.com\/sites\/default\/files\/styles\/large\/public\/2019-08\/FlyerDigital_XB_1212_01-19_02.png\" alt=\"Solu\u00e7\u00f5es completas Intelbras\" \/><\/figure>\n<\/div>\n<\/div>\n<div class=\"cell medium-auto\">\n<div class=\"block-mini-banner__content\">\n<div class=\"mt2 mb2 \">\n<h2 class=\"weight--small-300 weight--large-200 h3\">Solu\u00e7\u00f5es completas Intelbras<\/h2>\n<\/div>\n<div class=\"text text--300\">\n<div class=\"block-template overflow-hidden\">\n<p>A Intelbras \u00e9 a \u00fanica marca do mercado que oferece tanto os equipamentos de seguran\u00e7a eletr\u00f4nica quanto as baterias que operam em conjunto com eles.<\/p>\n<\/div>\n<\/div>\n<\/div>\n<\/div>\n<\/div>\n<\/div>\n<\/div>\n<\/div>\n<div class=\"mt2 mb2  \">\n<div class=\"grid-container  \">\n<div class=\"block-mini-banner\" data-ga-name=\"section-mini-banner\">\n<div class=\"grid-x grid-margin-x align-middle\">\n<div class=\"cell medium-6 medium-order-2 large-offset-1\">\n<div class=\"block-mini-banner__media\">\n<figure class=\"text-center  object-fit--contain\"><img decoding=\"async\" class=\"aligncenter\" src=\"https:\/\/backend.intelbras.com\/sites\/default\/files\/styles\/large\/public\/2019-08\/FlyerDigital_XB_1212_01-19_03.png\" alt=\"Descarte respons\u00e1vel\" \/><\/figure>\n<\/div>\n<\/div>\n<div class=\"cell medium-auto medium-order-1\">\n<div class=\"block-mini-banner__content\">\n<div class=\"mt2 mb2 \">\n<h2 class=\"weight--small-300 weight--large-200 h3\">Descarte respons\u00e1vel<\/h2>\n<\/div>\n<div class=\"text text--300\">\n<div class=\"block-template overflow-hidden\">\n<p>As baterias fazem parte do processo de log\u00edstica reversa e devem retornar \u00e0 rede de assist\u00eancia t\u00e9cnica da Intelbras para serem recicladas.<\/p>\n<\/div>\n<\/div>\n<\/div>\n<\/div>\n<\/div>\n<\/div>\n<\/div>\n<\/div>\n<\/div>\n<\/div>\n<p>&nbsp;<\/p>\n<p>&nbsp;<\/p>\n<p>&nbsp;<\/p>\n<p>&nbsp;<\/p>\n<p>&nbsp;<\/p>\n<p>&nbsp;<\/p>\n<p>&nbsp;<\/p>\n","protected":false},"excerpt":{"rendered":"<p>Carga completa para seu sistema de seguran\u00e7a Com tens\u00e3o de 12 Vdc e capacidade de 1,2 Ah, a XB 1212 \u00e9 uma bateria de chumbo-\u00e1cido regulada por v\u00e1lvula, ideal para central de alarme de inc\u00eandio CIC 06L. Solu\u00e7\u00f5es completas Intelbras A Intelbras \u00e9 a \u00fanica marca do mercado que oferece tanto os equipamentos de seguran\u00e7a &hellip; <a href=\"https:\/\/www.lojamelhordosul.com.br\/site\/produto\/bateria-chumbo-vrla-12v-12ah-xb1212-cic06l-para-central-de-incendio\/\" class=\"more-link\">Continuar lendo <span class=\"screen-reader-text\">Bateria chumbo-\u00e1cido 12V XB 1212<\/span><\/a><\/p>\n","protected":false},"featured_media":14070,"comment_status":"closed","ping_status":"closed","template":"","meta":[],"product_brand":[],"product_cat":[2804,2799],"product_tag":[],"class_list":{"0":"post-14069","1":"product","2":"type-product","3":"status-publish","4":"has-post-thumbnail","6":"product_cat-energia-bateria-pilha","7":"product_cat-linha-de-energia","9":"first","10":"instock","11":"shipping-taxable","12":"purchasable","13":"product-type-simple"},"yoast_head":"<!-- This site is optimized with the Yoast SEO plugin v27.4 - https:\/\/yoast.com\/product\/yoast-seo-wordpress\/ -->\n<title>Bateria chumbo-\u00e1cido 12V XB 1212 - Loja Melhor do Sul Sistemas de Seguran\u00e7a<\/title>\n<meta name=\"robots\" content=\"index, follow, max-snippet:-1, max-image-preview:large, max-video-preview:-1\" \/>\n<link rel=\"canonical\" href=\"https:\/\/www.lojamelhordosul.com.br\/site\/produto\/bateria-chumbo-vrla-12v-12ah-xb1212-cic06l-para-central-de-incendio\/\" \/>\n<meta property=\"og:locale\" content=\"pt_BR\" \/>\n<meta property=\"og:type\" content=\"article\" \/>\n<meta property=\"og:title\" content=\"Bateria chumbo-\u00e1cido 12V XB 1212 - Loja Melhor do Sul Sistemas de Seguran\u00e7a\" \/>\n<meta property=\"og:description\" content=\"Carga completa para seu sistema de seguran\u00e7a Com tens\u00e3o de 12 Vdc e capacidade de 1,2 Ah, a XB 1212 \u00e9 uma bateria de chumbo-\u00e1cido regulada por v\u00e1lvula, ideal para central de alarme de inc\u00eandio CIC 06L. Solu\u00e7\u00f5es completas Intelbras A Intelbras \u00e9 a \u00fanica marca do mercado que oferece tanto os equipamentos de seguran\u00e7a &hellip; Continuar lendo Bateria chumbo-\u00e1cido 12V XB 1212\" \/>\n<meta property=\"og:url\" content=\"https:\/\/www.lojamelhordosul.com.br\/site\/produto\/bateria-chumbo-vrla-12v-12ah-xb1212-cic06l-para-central-de-incendio\/\" \/>\n<meta property=\"og:site_name\" content=\"Loja Melhor do Sul Sistemas de Seguran\u00e7a\" \/>\n<meta property=\"article:modified_time\" content=\"2026-03-16T19:24:23+00:00\" \/>\n<meta property=\"og:image\" content=\"https:\/\/www.lojamelhordosul.com.br\/site\/wp-content\/uploads\/2023\/05\/FlyerDigital_XB_1212_01-19_01.png\" \/>\n\t<meta property=\"og:image:width\" content=\"589\" \/>\n\t<meta property=\"og:image:height\" content=\"360\" \/>\n\t<meta property=\"og:image:type\" content=\"image\/png\" \/>\n<meta name=\"twitter:card\" content=\"summary_large_image\" \/>\n<meta name=\"twitter:label1\" content=\"Est. tempo de leitura\" \/>\n\t<meta name=\"twitter:data1\" content=\"2 minutos\" \/>\n<script type=\"application\/ld+json\" class=\"yoast-schema-graph\">{\"@context\":\"https:\\\/\\\/schema.org\",\"@graph\":[{\"@type\":\"WebPage\",\"@id\":\"https:\\\/\\\/www.lojamelhordosul.com.br\\\/site\\\/produto\\\/bateria-chumbo-vrla-12v-12ah-xb1212-cic06l-para-central-de-incendio\\\/\",\"url\":\"https:\\\/\\\/www.lojamelhordosul.com.br\\\/site\\\/produto\\\/bateria-chumbo-vrla-12v-12ah-xb1212-cic06l-para-central-de-incendio\\\/\",\"name\":\"Bateria chumbo-\u00e1cido 12V XB 1212 - Loja Melhor do Sul Sistemas de Seguran\u00e7a\",\"isPartOf\":{\"@id\":\"https:\\\/\\\/www.lojamelhordosul.com.br\\\/site\\\/#website\"},\"primaryImageOfPage\":{\"@id\":\"https:\\\/\\\/www.lojamelhordosul.com.br\\\/site\\\/produto\\\/bateria-chumbo-vrla-12v-12ah-xb1212-cic06l-para-central-de-incendio\\\/#primaryimage\"},\"image\":{\"@id\":\"https:\\\/\\\/www.lojamelhordosul.com.br\\\/site\\\/produto\\\/bateria-chumbo-vrla-12v-12ah-xb1212-cic06l-para-central-de-incendio\\\/#primaryimage\"},\"thumbnailUrl\":\"https:\\\/\\\/www.lojamelhordosul.com.br\\\/site\\\/wp-content\\\/uploads\\\/2023\\\/05\\\/FlyerDigital_XB_1212_01-19_01.png\",\"datePublished\":\"2023-05-03T20:47:26+00:00\",\"dateModified\":\"2026-03-16T19:24:23+00:00\",\"breadcrumb\":{\"@id\":\"https:\\\/\\\/www.lojamelhordosul.com.br\\\/site\\\/produto\\\/bateria-chumbo-vrla-12v-12ah-xb1212-cic06l-para-central-de-incendio\\\/#breadcrumb\"},\"inLanguage\":\"pt-BR\",\"potentialAction\":[{\"@type\":\"ReadAction\",\"target\":[\"https:\\\/\\\/www.lojamelhordosul.com.br\\\/site\\\/produto\\\/bateria-chumbo-vrla-12v-12ah-xb1212-cic06l-para-central-de-incendio\\\/\"]}]},{\"@type\":\"ImageObject\",\"inLanguage\":\"pt-BR\",\"@id\":\"https:\\\/\\\/www.lojamelhordosul.com.br\\\/site\\\/produto\\\/bateria-chumbo-vrla-12v-12ah-xb1212-cic06l-para-central-de-incendio\\\/#primaryimage\",\"url\":\"https:\\\/\\\/www.lojamelhordosul.com.br\\\/site\\\/wp-content\\\/uploads\\\/2023\\\/05\\\/FlyerDigital_XB_1212_01-19_01.png\",\"contentUrl\":\"https:\\\/\\\/www.lojamelhordosul.com.br\\\/site\\\/wp-content\\\/uploads\\\/2023\\\/05\\\/FlyerDigital_XB_1212_01-19_01.png\",\"width\":589,\"height\":360},{\"@type\":\"BreadcrumbList\",\"@id\":\"https:\\\/\\\/www.lojamelhordosul.com.br\\\/site\\\/produto\\\/bateria-chumbo-vrla-12v-12ah-xb1212-cic06l-para-central-de-incendio\\\/#breadcrumb\",\"itemListElement\":[{\"@type\":\"ListItem\",\"position\":1,\"name\":\"In\u00edcio\",\"item\":\"https:\\\/\\\/www.lojamelhordosul.com.br\\\/site\\\/\"},{\"@type\":\"ListItem\",\"position\":2,\"name\":\"Loja\",\"item\":\"https:\\\/\\\/www.lojamelhordosul.com.br\\\/site\\\/loja\\\/\"},{\"@type\":\"ListItem\",\"position\":3,\"name\":\"Bateria chumbo-\u00e1cido 12V XB 1212\"}]},{\"@type\":\"WebSite\",\"@id\":\"https:\\\/\\\/www.lojamelhordosul.com.br\\\/site\\\/#website\",\"url\":\"https:\\\/\\\/www.lojamelhordosul.com.br\\\/site\\\/\",\"name\":\"Loja Melhor do Sul Sistemas de Seguran\u00e7a\",\"description\":\"Loja Melhor do Sul - Revenda Ouro Intelbras em Porto Alegre\",\"publisher\":{\"@id\":\"https:\\\/\\\/www.lojamelhordosul.com.br\\\/site\\\/#organization\"},\"potentialAction\":[{\"@type\":\"SearchAction\",\"target\":{\"@type\":\"EntryPoint\",\"urlTemplate\":\"https:\\\/\\\/www.lojamelhordosul.com.br\\\/site\\\/?s={search_term_string}\"},\"query-input\":{\"@type\":\"PropertyValueSpecification\",\"valueRequired\":true,\"valueName\":\"search_term_string\"}}],\"inLanguage\":\"pt-BR\"},{\"@type\":\"Organization\",\"@id\":\"https:\\\/\\\/www.lojamelhordosul.com.br\\\/site\\\/#organization\",\"name\":\"Loja Melhor do Sul\",\"url\":\"https:\\\/\\\/www.lojamelhordosul.com.br\\\/site\\\/\",\"logo\":{\"@type\":\"ImageObject\",\"inLanguage\":\"pt-BR\",\"@id\":\"https:\\\/\\\/www.lojamelhordosul.com.br\\\/site\\\/#\\\/schema\\\/logo\\\/image\\\/\",\"url\":\"https:\\\/\\\/www.lojamelhordosul.com.br\\\/site\\\/wp-content\\\/uploads\\\/2019\\\/10\\\/logo-longo-da-loja.png\",\"contentUrl\":\"https:\\\/\\\/www.lojamelhordosul.com.br\\\/site\\\/wp-content\\\/uploads\\\/2019\\\/10\\\/logo-longo-da-loja.png\",\"width\":597,\"height\":114,\"caption\":\"Loja Melhor do Sul\"},\"image\":{\"@id\":\"https:\\\/\\\/www.lojamelhordosul.com.br\\\/site\\\/#\\\/schema\\\/logo\\\/image\\\/\"}}]}<\/script>\n<!-- \/ Yoast SEO plugin. -->","yoast_head_json":{"title":"Bateria chumbo-\u00e1cido 12V XB 1212 - Loja Melhor do Sul Sistemas de Seguran\u00e7a","robots":{"index":"index","follow":"follow","max-snippet":"max-snippet:-1","max-image-preview":"max-image-preview:large","max-video-preview":"max-video-preview:-1"},"canonical":"https:\/\/www.lojamelhordosul.com.br\/site\/produto\/bateria-chumbo-vrla-12v-12ah-xb1212-cic06l-para-central-de-incendio\/","og_locale":"pt_BR","og_type":"article","og_title":"Bateria chumbo-\u00e1cido 12V XB 1212 - Loja Melhor do Sul Sistemas de Seguran\u00e7a","og_description":"Carga completa para seu sistema de seguran\u00e7a Com tens\u00e3o de 12 Vdc e capacidade de 1,2 Ah, a XB 1212 \u00e9 uma bateria de chumbo-\u00e1cido regulada por v\u00e1lvula, ideal para central de alarme de inc\u00eandio CIC 06L. Solu\u00e7\u00f5es completas Intelbras A Intelbras \u00e9 a \u00fanica marca do mercado que oferece tanto os equipamentos de seguran\u00e7a &hellip; Continuar lendo Bateria chumbo-\u00e1cido 12V XB 1212","og_url":"https:\/\/www.lojamelhordosul.com.br\/site\/produto\/bateria-chumbo-vrla-12v-12ah-xb1212-cic06l-para-central-de-incendio\/","og_site_name":"Loja Melhor do Sul Sistemas de Seguran\u00e7a","article_modified_time":"2026-03-16T19:24:23+00:00","og_image":[{"width":589,"height":360,"url":"https:\/\/www.lojamelhordosul.com.br\/site\/wp-content\/uploads\/2023\/05\/FlyerDigital_XB_1212_01-19_01.png","type":"image\/png"}],"twitter_card":"summary_large_image","twitter_misc":{"Est. tempo de leitura":"2 minutos"},"schema":{"@context":"https:\/\/schema.org","@graph":[{"@type":"WebPage","@id":"https:\/\/www.lojamelhordosul.com.br\/site\/produto\/bateria-chumbo-vrla-12v-12ah-xb1212-cic06l-para-central-de-incendio\/","url":"https:\/\/www.lojamelhordosul.com.br\/site\/produto\/bateria-chumbo-vrla-12v-12ah-xb1212-cic06l-para-central-de-incendio\/","name":"Bateria chumbo-\u00e1cido 12V XB 1212 - Loja Melhor do Sul Sistemas de Seguran\u00e7a","isPartOf":{"@id":"https:\/\/www.lojamelhordosul.com.br\/site\/#website"},"primaryImageOfPage":{"@id":"https:\/\/www.lojamelhordosul.com.br\/site\/produto\/bateria-chumbo-vrla-12v-12ah-xb1212-cic06l-para-central-de-incendio\/#primaryimage"},"image":{"@id":"https:\/\/www.lojamelhordosul.com.br\/site\/produto\/bateria-chumbo-vrla-12v-12ah-xb1212-cic06l-para-central-de-incendio\/#primaryimage"},"thumbnailUrl":"https:\/\/www.lojamelhordosul.com.br\/site\/wp-content\/uploads\/2023\/05\/FlyerDigital_XB_1212_01-19_01.png","datePublished":"2023-05-03T20:47:26+00:00","dateModified":"2026-03-16T19:24:23+00:00","breadcrumb":{"@id":"https:\/\/www.lojamelhordosul.com.br\/site\/produto\/bateria-chumbo-vrla-12v-12ah-xb1212-cic06l-para-central-de-incendio\/#breadcrumb"},"inLanguage":"pt-BR","potentialAction":[{"@type":"ReadAction","target":["https:\/\/www.lojamelhordosul.com.br\/site\/produto\/bateria-chumbo-vrla-12v-12ah-xb1212-cic06l-para-central-de-incendio\/"]}]},{"@type":"ImageObject","inLanguage":"pt-BR","@id":"https:\/\/www.lojamelhordosul.com.br\/site\/produto\/bateria-chumbo-vrla-12v-12ah-xb1212-cic06l-para-central-de-incendio\/#primaryimage","url":"https:\/\/www.lojamelhordosul.com.br\/site\/wp-content\/uploads\/2023\/05\/FlyerDigital_XB_1212_01-19_01.png","contentUrl":"https:\/\/www.lojamelhordosul.com.br\/site\/wp-content\/uploads\/2023\/05\/FlyerDigital_XB_1212_01-19_01.png","width":589,"height":360},{"@type":"BreadcrumbList","@id":"https:\/\/www.lojamelhordosul.com.br\/site\/produto\/bateria-chumbo-vrla-12v-12ah-xb1212-cic06l-para-central-de-incendio\/#breadcrumb","itemListElement":[{"@type":"ListItem","position":1,"name":"In\u00edcio","item":"https:\/\/www.lojamelhordosul.com.br\/site\/"},{"@type":"ListItem","position":2,"name":"Loja","item":"https:\/\/www.lojamelhordosul.com.br\/site\/loja\/"},{"@type":"ListItem","position":3,"name":"Bateria chumbo-\u00e1cido 12V XB 1212"}]},{"@type":"WebSite","@id":"https:\/\/www.lojamelhordosul.com.br\/site\/#website","url":"https:\/\/www.lojamelhordosul.com.br\/site\/","name":"Loja Melhor do Sul Sistemas de Seguran\u00e7a","description":"Loja Melhor do Sul - Revenda Ouro Intelbras em Porto Alegre","publisher":{"@id":"https:\/\/www.lojamelhordosul.com.br\/site\/#organization"},"potentialAction":[{"@type":"SearchAction","target":{"@type":"EntryPoint","urlTemplate":"https:\/\/www.lojamelhordosul.com.br\/site\/?s={search_term_string}"},"query-input":{"@type":"PropertyValueSpecification","valueRequired":true,"valueName":"search_term_string"}}],"inLanguage":"pt-BR"},{"@type":"Organization","@id":"https:\/\/www.lojamelhordosul.com.br\/site\/#organization","name":"Loja Melhor do Sul","url":"https:\/\/www.lojamelhordosul.com.br\/site\/","logo":{"@type":"ImageObject","inLanguage":"pt-BR","@id":"https:\/\/www.lojamelhordosul.com.br\/site\/#\/schema\/logo\/image\/","url":"https:\/\/www.lojamelhordosul.com.br\/site\/wp-content\/uploads\/2019\/10\/logo-longo-da-loja.png","contentUrl":"https:\/\/www.lojamelhordosul.com.br\/site\/wp-content\/uploads\/2019\/10\/logo-longo-da-loja.png","width":597,"height":114,"caption":"Loja Melhor do Sul"},"image":{"@id":"https:\/\/www.lojamelhordosul.com.br\/site\/#\/schema\/logo\/image\/"}}]}},"_links":{"self":[{"href":"https:\/\/www.lojamelhordosul.com.br\/site\/wp-json\/wp\/v2\/product\/14069","targetHints":{"allow":["GET"]}}],"collection":[{"href":"https:\/\/www.lojamelhordosul.com.br\/site\/wp-json\/wp\/v2\/product"}],"about":[{"href":"https:\/\/www.lojamelhordosul.com.br\/site\/wp-json\/wp\/v2\/types\/product"}],"replies":[{"embeddable":true,"href":"https:\/\/www.lojamelhordosul.com.br\/site\/wp-json\/wp\/v2\/comments?post=14069"}],"wp:featuredmedia":[{"embeddable":true,"href":"https:\/\/www.lojamelhordosul.com.br\/site\/wp-json\/wp\/v2\/media\/14070"}],"wp:attachment":[{"href":"https:\/\/www.lojamelhordosul.com.br\/site\/wp-json\/wp\/v2\/media?parent=14069"}],"wp:term":[{"taxonomy":"product_brand","embeddable":true,"href":"https:\/\/www.lojamelhordosul.com.br\/site\/wp-json\/wp\/v2\/product_brand?post=14069"},{"taxonomy":"product_cat","embeddable":true,"href":"https:\/\/www.lojamelhordosul.com.br\/site\/wp-json\/wp\/v2\/product_cat?post=14069"},{"taxonomy":"product_tag","embeddable":true,"href":"https:\/\/www.lojamelhordosul.com.br\/site\/wp-json\/wp\/v2\/product_tag?post=14069"}],"curies":[{"name":"wp","href":"https:\/\/api.w.org\/{rel}","templated":true}]}}