{"id":14116,"date":"2023-05-23T15:55:54","date_gmt":"2023-05-23T18:55:54","guid":{"rendered":"https:\/\/www.lojamelhordosul.com.br\/site\/?post_type=product&#038;p=14116"},"modified":"2026-03-16T14:40:14","modified_gmt":"2026-03-16T17:40:14","slug":"14116","status":"publish","type":"product","link":"https:\/\/www.lojamelhordosul.com.br\/site\/produto\/14116\/","title":{"rendered":"CAMERA HDCVI BULLET 5MP &#8211; VHD 3530 B"},"content":{"rendered":"<div>\n<div class=\"z-index-4 internal-fixed-navigation\">\n<div class=\"grid-container  \">\n<div class=\"navigation-sticky\"><\/div>\n<\/div>\n<\/div>\n<\/div>\n<div>\n<div class=\"grid-container  \">\n<div class=\"mt2 mb2  \">\n<div class=\"grid-container  \">\n<div class=\"block-mini-banner\" data-ga-name=\"section-mini-banner\">\n<div class=\"grid-x grid-margin-x align-middle\">\n<div class=\"cell medium-6 medium-order-2 large-offset-1\">\n<div class=\"block-mini-banner__media\">\n<figure class=\"text-center  object-fit--contain\"><a href=\"https:\/\/www.lojamelhordosul.com.br\/site\/wp-content\/uploads\/2022\/12\/cropped-Favicon-LMS.png\"><img decoding=\"async\" class=\"size-medium wp-image-13560 aligncenter\" src=\"https:\/\/www.lojamelhordosul.com.br\/site\/wp-content\/uploads\/2022\/12\/cropped-Favicon-LMS-300x300.png\" alt=\"\" width=\"300\" height=\"300\" \/><\/a><img decoding=\"async\" class=\"aligncenter\" src=\"https:\/\/backend.intelbras.com\/sites\/default\/files\/styles\/large\/public\/2022-03\/imagens-mais-nitidas-e-detalhadas-com-a-resolucao-de-5-mp-vhd-3530-b.jpg\" alt=\"imagens-mais-nitidas-e-detalhadas-com-a-resolucao-de-5-mp-vhd-3530-b\" \/><\/figure>\n<p><span class=\"text text--300\"><em>* Imagem ilustrativa<\/em><\/span><\/div>\n<\/div>\n<div class=\"cell medium-auto medium-order-1\">\n<div class=\"block-mini-banner__content\">\n<div class=\"mt2 mb2 \">\n<h2 class=\"weight--small-300 weight--large-200 h3\">Imagens mais n\u00edtidas e detalhadas com a resolu\u00e7\u00e3o de 5 MP<\/h2>\n<\/div>\n<div class=\"text text--300\">\n<div class=\"block-template overflow-hidden\">\n<p>A resolu\u00e7\u00e3o de 5 MP capta detalhes nas imagens que resolu\u00e7\u00f5es inferiores n\u00e3o conseguem obter: nitidez m\u00e1xima em rostos, pele, objetos, entre outros.<\/p>\n<\/div>\n<\/div>\n<\/div>\n<\/div>\n<\/div>\n<\/div>\n<\/div>\n<\/div>\n<div class=\"mt2 mb2  \">\n<div class=\"grid-container  \">\n<div class=\"block-mini-banner\" data-ga-name=\"section-mini-banner\">\n<div class=\"grid-x grid-margin-x align-middle\">\n<div class=\"cell medium-6\">\n<div class=\"block-mini-banner__media\">\n<figure class=\"text-center  object-fit--contain\"><img decoding=\"async\" class=\"aligncenter\" src=\"https:\/\/backend.intelbras.com\/sites\/default\/files\/styles\/large\/public\/2022-07\/multiplos-recursos-com-o-menu-osd-vhd-3530-b.jpg\" alt=\"multiplos-recursos-com-o-menu-osd-vhd-3530-b.jpg\" \/><\/figure>\n<p><span class=\"text text--300\"><em>* Imagem ilustrativa<\/em><\/span><\/div>\n<\/div>\n<div class=\"cell medium-auto\">\n<div class=\"block-mini-banner__content\">\n<div class=\"mt2 mb2 \">\n<h2 class=\"weight--small-300 weight--large-200 h3\">M\u00faltiplos recursos com o menu OSD<\/h2>\n<\/div>\n<div class=\"text text--300\">\n<div class=\"block-template overflow-hidden\">\n<p>Fa\u00e7a os ajustes finos necess\u00e1rios para qualquer cen\u00e1rio de instala\u00e7\u00e3o, utilizando o menu OSD das c\u00e2meras.<\/p>\n<\/div>\n<\/div>\n<\/div>\n<\/div>\n<\/div>\n<\/div>\n<\/div>\n<\/div>\n<div class=\"mt2 mb2  \">\n<div class=\"grid-container  \">\n<div class=\"block-mini-banner\" data-ga-name=\"section-mini-banner\">\n<div class=\"grid-x grid-margin-x align-middle\">\n<div class=\"cell medium-6 medium-order-2 large-offset-1\">\n<div class=\"block-mini-banner__media\">\n<figure class=\"text-center  object-fit--contain\"><img decoding=\"async\" class=\"aligncenter\" src=\"https:\/\/backend.intelbras.com\/sites\/default\/files\/styles\/large\/public\/2022-03\/ampla-visao-das-cenas-vhd-3530-b.jpg\" alt=\"ampla-visao-das-cenas-vhd-3530-b\" \/><\/figure>\n<p><span class=\"text text--300\"><em>* Imagem ilustrativa<\/em><\/span><\/div>\n<\/div>\n<div class=\"cell medium-auto medium-order-1\">\n<div class=\"block-mini-banner__content\">\n<div class=\"mt2 mb2 \">\n<h2 class=\"weight--small-300 weight--large-200 h3\">Ampla vis\u00e3o das cenas<\/h2>\n<\/div>\n<div class=\"text text--300\">\n<div class=\"block-template overflow-hidden\">\n<p>A c\u00e2mera conta com um sensor de imagem 1\/2.7\u201d e uma lente de 2.8 mm, recursos que garantem maior amplitude nas imagens gravadas.<\/p>\n<\/div>\n<\/div>\n<\/div>\n<\/div>\n<\/div>\n<\/div>\n<\/div>\n<\/div>\n<div class=\"mt2 mb2  \">\n<div class=\"grid-container  \">\n<div class=\"block-mini-banner\" data-ga-name=\"section-mini-banner\">\n<div class=\"grid-x grid-margin-x align-middle\">\n<div class=\"cell medium-6\">\n<div class=\"block-mini-banner__media\">\n<figure class=\"text-center  object-fit--contain\"><img decoding=\"async\" class=\"aligncenter\" src=\"https:\/\/backend.intelbras.com\/sites\/default\/files\/styles\/large\/public\/2022-03\/veja-tudo-mesmo-no-escuro-alcance-ir-vhd-3530-b.jpg\" alt=\"veja-tudo-mesmo-no-escuro-alcance-ir-vhd-3530-b\" \/><\/figure>\n<p><span class=\"text text--300\"><em>* Imagem ilustrativa<\/em><\/span><\/div>\n<\/div>\n<div class=\"cell medium-auto\">\n<div class=\"block-mini-banner__content\">\n<div class=\"mt2 mb2 \">\n<h2 class=\"weight--small-300 weight--large-200 h3\">Veja tudo mesmo no escuro: alcance IR<\/h2>\n<\/div>\n<div class=\"text text--300\">\n<div class=\"block-template overflow-hidden\">\n<p>O alcance IR, isto \u00e9, o iluminador de infravermelho do modelo, alcan\u00e7a dist\u00e2ncias de at\u00e9 30 m no escuro, garantindo qualidade mesmo sem ilumina\u00e7\u00e3o.<\/p>\n<\/div>\n<\/div>\n<\/div>\n<\/div>\n<\/div>\n<\/div>\n<\/div>\n<\/div>\n<div class=\"mt2 mb2  \">\n<div class=\"grid-container  \">\n<div class=\"block-mini-banner\" data-ga-name=\"section-mini-banner\">\n<div class=\"grid-x grid-margin-x align-middle\">\n<div class=\"cell medium-6 medium-order-2 large-offset-1\">\n<div class=\"block-mini-banner__media\">\n<figure class=\"text-center  object-fit--contain\"><img decoding=\"async\" class=\"aligncenter\" src=\"https:\/\/backend.intelbras.com\/sites\/default\/files\/styles\/large\/public\/2022-03\/robustez-nas-instalacoes-vhd-3530-b.png\" alt=\"robustez-nas-instalacoes-vhd-3530-b\" \/><\/figure>\n<p><span class=\"text text--300\"><em>* Imagem ilustrativa<\/em><\/span><\/div>\n<\/div>\n<div class=\"cell medium-auto medium-order-1\">\n<div class=\"block-mini-banner__content\">\n<div class=\"mt2 mb2 \">\n<h2 class=\"weight--small-300 weight--large-200 h3\">Robustez nas instala\u00e7\u00f5es<\/h2>\n<\/div>\n<div class=\"text text--300\">\n<div class=\"block-template overflow-hidden\">\n<p>A VHD 3520 B possui case met\u00e1lico que proporciona mais robustez nas instala\u00e7\u00f5es, al\u00e9m de um circuito que garante prote\u00e7\u00e3o contra surtos de tens\u00e3o.<\/p>\n<\/div>\n<\/div>\n<\/div>\n<\/div>\n<\/div>\n<\/div>\n<\/div>\n<\/div>\n<\/div>\n<\/div>\n<div>\n<div class=\"grid-container  \">\n<div class=\"mb3 \">\n<div class=\"block-tab\" data-ga-name=\"tab\">\n<div class=\"overflow-x-auto start\">\n<div class=\"overflow-x-auto__wrapper\">\n<div class=\"pb2\">\n<nav class=\"block-tab__header false\">\n<ul class=\"\">\n<li class=\"block-tab__header__item block-tab__header__item--actived\" data-ga-action=\"tab-item-especificacoes-tecnicas\">\n<div class=\"block-tab__header__item-tab\">\n<div class=\"block-tab__header__item-label\">Especifica\u00e7\u00f5es T\u00e9cnicas<\/div>\n<\/div>\n<\/li>\n<li class=\"block-tab__header__item \" data-ga-action=\"tab-item-arquivos-para-download\">\n<div class=\"block-tab__header__item-tab\">\n<div class=\"block-tab__header__item-label\">Arquivos para download<\/div>\n<\/div>\n<\/li>\n<\/ul>\n<\/nav>\n<\/div>\n<\/div>\n<\/div>\n<div class=\"block-tab__content\">\n<div class=\"block-tab__content__item block-tab__content__item--actived\" data-ga-name=\"especificacoes-tecnicas\">\n<div class=\"mt2 \"><a class=\"   \" href=\"http:\/\/backend.intelbras.com\/sites\/default\/files\/2022-03\/datasheet-vhd-3530-b-pt.pdf\" target=\"_blank\" rel=\"noreferrer noopener\" data-ga-action=\"download-especificacoes-tecnicas\"><span class=\"link-text\">Ficha t\u00e9cnica \u2013 VHD 3530 B.pdf<\/span><img decoding=\"async\" class=\"ml1\" src=\"https:\/\/www.intelbras.com\/assets\/images\/icons\/icon_download.svg\" alt=\"download icon\" \/><\/a><\/div>\n<\/div>\n<\/div>\n<\/div>\n<\/div>\n<\/div>\n<div class=\"grid-container  \">\n<div class=\"mb3 \">\n<div data-ga-name=\"encontre-instalador\">\n<div class=\"grid-x grid-padding-x align-middle align-center pt3 border-top-solid\">\n<div class=\"cell small-10 medium-5 large-5\">\n<div class=\"grid-x grid-margin-x align-middle\">\n<div class=\"cell shrink\"><\/div>\n<\/div>\n<\/div>\n<\/div>\n<\/div>\n<\/div>\n<\/div>\n<\/div>\n","protected":false},"excerpt":{"rendered":"<p>* Imagem ilustrativa Imagens mais n\u00edtidas e detalhadas com a resolu\u00e7\u00e3o de 5 MP A resolu\u00e7\u00e3o de 5 MP capta detalhes nas imagens que resolu\u00e7\u00f5es inferiores n\u00e3o conseguem obter: nitidez m\u00e1xima em rostos, pele, objetos, entre outros. * Imagem ilustrativa M\u00faltiplos recursos com o menu OSD Fa\u00e7a os ajustes finos necess\u00e1rios para qualquer cen\u00e1rio de &hellip; <a href=\"https:\/\/www.lojamelhordosul.com.br\/site\/produto\/14116\/\" class=\"more-link\">Continuar lendo <span class=\"screen-reader-text\">CAMERA HDCVI BULLET 5MP &#8211; VHD 3530 B<\/span><\/a><\/p>\n","protected":false},"featured_media":14118,"comment_status":"closed","ping_status":"closed","template":"","meta":[],"product_brand":[],"product_cat":[2636,1838,2635],"product_tag":[],"class_list":{"0":"post-14116","1":"product","2":"type-product","3":"status-publish","4":"has-post-thumbnail","6":"product_cat-bullet-fullhd","7":"product_cat-cameras-de-seguranca","8":"product_cat-camera-de-seguranca-fullhd","10":"first","11":"instock","12":"shipping-taxable","13":"purchasable","14":"product-type-simple"},"yoast_head":"<!-- This site is optimized with the Yoast SEO plugin v27.4 - https:\/\/yoast.com\/product\/yoast-seo-wordpress\/ -->\n<title>CAMERA HDCVI BULLET 5MP - VHD 3530 B - Loja Melhor do Sul Sistemas de Seguran\u00e7a<\/title>\n<meta name=\"robots\" content=\"index, follow, max-snippet:-1, max-image-preview:large, max-video-preview:-1\" \/>\n<link rel=\"canonical\" href=\"https:\/\/www.lojamelhordosul.com.br\/site\/produto\/14116\/\" \/>\n<meta property=\"og:locale\" content=\"pt_BR\" \/>\n<meta property=\"og:type\" content=\"article\" \/>\n<meta property=\"og:title\" content=\"CAMERA HDCVI BULLET 5MP - VHD 3530 B - Loja Melhor do Sul Sistemas de Seguran\u00e7a\" \/>\n<meta property=\"og:description\" content=\"* Imagem ilustrativa Imagens mais n\u00edtidas e detalhadas com a resolu\u00e7\u00e3o de 5 MP A resolu\u00e7\u00e3o de 5 MP capta detalhes nas imagens que resolu\u00e7\u00f5es inferiores n\u00e3o conseguem obter: nitidez m\u00e1xima em rostos, pele, objetos, entre outros. * Imagem ilustrativa M\u00faltiplos recursos com o menu OSD Fa\u00e7a os ajustes finos necess\u00e1rios para qualquer cen\u00e1rio de &hellip; Continuar lendo CAMERA HDCVI BULLET 5MP &#8211; VHD 3530 B\" \/>\n<meta property=\"og:url\" content=\"https:\/\/www.lojamelhordosul.com.br\/site\/produto\/14116\/\" \/>\n<meta property=\"og:site_name\" content=\"Loja Melhor do Sul Sistemas de Seguran\u00e7a\" \/>\n<meta property=\"article:modified_time\" content=\"2026-03-16T17:40:14+00:00\" \/>\n<meta property=\"og:image\" content=\"https:\/\/www.lojamelhordosul.com.br\/site\/wp-content\/uploads\/2023\/05\/vhd-3530-b-direita-baixo.png\" \/>\n\t<meta property=\"og:image:width\" content=\"1000\" \/>\n\t<meta property=\"og:image:height\" content=\"967\" \/>\n\t<meta property=\"og:image:type\" content=\"image\/png\" \/>\n<meta name=\"twitter:card\" content=\"summary_large_image\" \/>\n<meta name=\"twitter:label1\" content=\"Est. tempo de leitura\" \/>\n\t<meta name=\"twitter:data1\" content=\"3 minutos\" \/>\n<script type=\"application\/ld+json\" class=\"yoast-schema-graph\">{\"@context\":\"https:\\\/\\\/schema.org\",\"@graph\":[{\"@type\":\"WebPage\",\"@id\":\"https:\\\/\\\/www.lojamelhordosul.com.br\\\/site\\\/produto\\\/14116\\\/\",\"url\":\"https:\\\/\\\/www.lojamelhordosul.com.br\\\/site\\\/produto\\\/14116\\\/\",\"name\":\"CAMERA HDCVI BULLET 5MP - VHD 3530 B - Loja Melhor do Sul Sistemas de Seguran\u00e7a\",\"isPartOf\":{\"@id\":\"https:\\\/\\\/www.lojamelhordosul.com.br\\\/site\\\/#website\"},\"primaryImageOfPage\":{\"@id\":\"https:\\\/\\\/www.lojamelhordosul.com.br\\\/site\\\/produto\\\/14116\\\/#primaryimage\"},\"image\":{\"@id\":\"https:\\\/\\\/www.lojamelhordosul.com.br\\\/site\\\/produto\\\/14116\\\/#primaryimage\"},\"thumbnailUrl\":\"https:\\\/\\\/www.lojamelhordosul.com.br\\\/site\\\/wp-content\\\/uploads\\\/2023\\\/05\\\/vhd-3530-b-direita-baixo.png\",\"datePublished\":\"2023-05-23T18:55:54+00:00\",\"dateModified\":\"2026-03-16T17:40:14+00:00\",\"breadcrumb\":{\"@id\":\"https:\\\/\\\/www.lojamelhordosul.com.br\\\/site\\\/produto\\\/14116\\\/#breadcrumb\"},\"inLanguage\":\"pt-BR\",\"potentialAction\":[{\"@type\":\"ReadAction\",\"target\":[\"https:\\\/\\\/www.lojamelhordosul.com.br\\\/site\\\/produto\\\/14116\\\/\"]}]},{\"@type\":\"ImageObject\",\"inLanguage\":\"pt-BR\",\"@id\":\"https:\\\/\\\/www.lojamelhordosul.com.br\\\/site\\\/produto\\\/14116\\\/#primaryimage\",\"url\":\"https:\\\/\\\/www.lojamelhordosul.com.br\\\/site\\\/wp-content\\\/uploads\\\/2023\\\/05\\\/vhd-3530-b-direita-baixo.png\",\"contentUrl\":\"https:\\\/\\\/www.lojamelhordosul.com.br\\\/site\\\/wp-content\\\/uploads\\\/2023\\\/05\\\/vhd-3530-b-direita-baixo.png\",\"width\":1000,\"height\":967},{\"@type\":\"BreadcrumbList\",\"@id\":\"https:\\\/\\\/www.lojamelhordosul.com.br\\\/site\\\/produto\\\/14116\\\/#breadcrumb\",\"itemListElement\":[{\"@type\":\"ListItem\",\"position\":1,\"name\":\"In\u00edcio\",\"item\":\"https:\\\/\\\/www.lojamelhordosul.com.br\\\/site\\\/\"},{\"@type\":\"ListItem\",\"position\":2,\"name\":\"Loja\",\"item\":\"https:\\\/\\\/www.lojamelhordosul.com.br\\\/site\\\/loja\\\/\"},{\"@type\":\"ListItem\",\"position\":3,\"name\":\"CAMERA HDCVI BULLET 5MP &#8211; VHD 3530 B\"}]},{\"@type\":\"WebSite\",\"@id\":\"https:\\\/\\\/www.lojamelhordosul.com.br\\\/site\\\/#website\",\"url\":\"https:\\\/\\\/www.lojamelhordosul.com.br\\\/site\\\/\",\"name\":\"Loja Melhor do Sul Sistemas de Seguran\u00e7a\",\"description\":\"Loja Melhor do Sul - Revenda Ouro Intelbras em Porto Alegre\",\"publisher\":{\"@id\":\"https:\\\/\\\/www.lojamelhordosul.com.br\\\/site\\\/#organization\"},\"potentialAction\":[{\"@type\":\"SearchAction\",\"target\":{\"@type\":\"EntryPoint\",\"urlTemplate\":\"https:\\\/\\\/www.lojamelhordosul.com.br\\\/site\\\/?s={search_term_string}\"},\"query-input\":{\"@type\":\"PropertyValueSpecification\",\"valueRequired\":true,\"valueName\":\"search_term_string\"}}],\"inLanguage\":\"pt-BR\"},{\"@type\":\"Organization\",\"@id\":\"https:\\\/\\\/www.lojamelhordosul.com.br\\\/site\\\/#organization\",\"name\":\"Loja Melhor do Sul\",\"url\":\"https:\\\/\\\/www.lojamelhordosul.com.br\\\/site\\\/\",\"logo\":{\"@type\":\"ImageObject\",\"inLanguage\":\"pt-BR\",\"@id\":\"https:\\\/\\\/www.lojamelhordosul.com.br\\\/site\\\/#\\\/schema\\\/logo\\\/image\\\/\",\"url\":\"https:\\\/\\\/www.lojamelhordosul.com.br\\\/site\\\/wp-content\\\/uploads\\\/2019\\\/10\\\/logo-longo-da-loja.png\",\"contentUrl\":\"https:\\\/\\\/www.lojamelhordosul.com.br\\\/site\\\/wp-content\\\/uploads\\\/2019\\\/10\\\/logo-longo-da-loja.png\",\"width\":597,\"height\":114,\"caption\":\"Loja Melhor do Sul\"},\"image\":{\"@id\":\"https:\\\/\\\/www.lojamelhordosul.com.br\\\/site\\\/#\\\/schema\\\/logo\\\/image\\\/\"}}]}<\/script>\n<!-- \/ Yoast SEO plugin. -->","yoast_head_json":{"title":"CAMERA HDCVI BULLET 5MP - VHD 3530 B - Loja Melhor do Sul Sistemas de Seguran\u00e7a","robots":{"index":"index","follow":"follow","max-snippet":"max-snippet:-1","max-image-preview":"max-image-preview:large","max-video-preview":"max-video-preview:-1"},"canonical":"https:\/\/www.lojamelhordosul.com.br\/site\/produto\/14116\/","og_locale":"pt_BR","og_type":"article","og_title":"CAMERA HDCVI BULLET 5MP - VHD 3530 B - Loja Melhor do Sul Sistemas de Seguran\u00e7a","og_description":"* Imagem ilustrativa Imagens mais n\u00edtidas e detalhadas com a resolu\u00e7\u00e3o de 5 MP A resolu\u00e7\u00e3o de 5 MP capta detalhes nas imagens que resolu\u00e7\u00f5es inferiores n\u00e3o conseguem obter: nitidez m\u00e1xima em rostos, pele, objetos, entre outros. * Imagem ilustrativa M\u00faltiplos recursos com o menu OSD Fa\u00e7a os ajustes finos necess\u00e1rios para qualquer cen\u00e1rio de &hellip; Continuar lendo CAMERA HDCVI BULLET 5MP &#8211; VHD 3530 B","og_url":"https:\/\/www.lojamelhordosul.com.br\/site\/produto\/14116\/","og_site_name":"Loja Melhor do Sul Sistemas de Seguran\u00e7a","article_modified_time":"2026-03-16T17:40:14+00:00","og_image":[{"width":1000,"height":967,"url":"https:\/\/www.lojamelhordosul.com.br\/site\/wp-content\/uploads\/2023\/05\/vhd-3530-b-direita-baixo.png","type":"image\/png"}],"twitter_card":"summary_large_image","twitter_misc":{"Est. tempo de leitura":"3 minutos"},"schema":{"@context":"https:\/\/schema.org","@graph":[{"@type":"WebPage","@id":"https:\/\/www.lojamelhordosul.com.br\/site\/produto\/14116\/","url":"https:\/\/www.lojamelhordosul.com.br\/site\/produto\/14116\/","name":"CAMERA HDCVI BULLET 5MP - VHD 3530 B - Loja Melhor do Sul Sistemas de Seguran\u00e7a","isPartOf":{"@id":"https:\/\/www.lojamelhordosul.com.br\/site\/#website"},"primaryImageOfPage":{"@id":"https:\/\/www.lojamelhordosul.com.br\/site\/produto\/14116\/#primaryimage"},"image":{"@id":"https:\/\/www.lojamelhordosul.com.br\/site\/produto\/14116\/#primaryimage"},"thumbnailUrl":"https:\/\/www.lojamelhordosul.com.br\/site\/wp-content\/uploads\/2023\/05\/vhd-3530-b-direita-baixo.png","datePublished":"2023-05-23T18:55:54+00:00","dateModified":"2026-03-16T17:40:14+00:00","breadcrumb":{"@id":"https:\/\/www.lojamelhordosul.com.br\/site\/produto\/14116\/#breadcrumb"},"inLanguage":"pt-BR","potentialAction":[{"@type":"ReadAction","target":["https:\/\/www.lojamelhordosul.com.br\/site\/produto\/14116\/"]}]},{"@type":"ImageObject","inLanguage":"pt-BR","@id":"https:\/\/www.lojamelhordosul.com.br\/site\/produto\/14116\/#primaryimage","url":"https:\/\/www.lojamelhordosul.com.br\/site\/wp-content\/uploads\/2023\/05\/vhd-3530-b-direita-baixo.png","contentUrl":"https:\/\/www.lojamelhordosul.com.br\/site\/wp-content\/uploads\/2023\/05\/vhd-3530-b-direita-baixo.png","width":1000,"height":967},{"@type":"BreadcrumbList","@id":"https:\/\/www.lojamelhordosul.com.br\/site\/produto\/14116\/#breadcrumb","itemListElement":[{"@type":"ListItem","position":1,"name":"In\u00edcio","item":"https:\/\/www.lojamelhordosul.com.br\/site\/"},{"@type":"ListItem","position":2,"name":"Loja","item":"https:\/\/www.lojamelhordosul.com.br\/site\/loja\/"},{"@type":"ListItem","position":3,"name":"CAMERA HDCVI BULLET 5MP &#8211; VHD 3530 B"}]},{"@type":"WebSite","@id":"https:\/\/www.lojamelhordosul.com.br\/site\/#website","url":"https:\/\/www.lojamelhordosul.com.br\/site\/","name":"Loja Melhor do Sul Sistemas de Seguran\u00e7a","description":"Loja Melhor do Sul - Revenda Ouro Intelbras em Porto Alegre","publisher":{"@id":"https:\/\/www.lojamelhordosul.com.br\/site\/#organization"},"potentialAction":[{"@type":"SearchAction","target":{"@type":"EntryPoint","urlTemplate":"https:\/\/www.lojamelhordosul.com.br\/site\/?s={search_term_string}"},"query-input":{"@type":"PropertyValueSpecification","valueRequired":true,"valueName":"search_term_string"}}],"inLanguage":"pt-BR"},{"@type":"Organization","@id":"https:\/\/www.lojamelhordosul.com.br\/site\/#organization","name":"Loja Melhor do Sul","url":"https:\/\/www.lojamelhordosul.com.br\/site\/","logo":{"@type":"ImageObject","inLanguage":"pt-BR","@id":"https:\/\/www.lojamelhordosul.com.br\/site\/#\/schema\/logo\/image\/","url":"https:\/\/www.lojamelhordosul.com.br\/site\/wp-content\/uploads\/2019\/10\/logo-longo-da-loja.png","contentUrl":"https:\/\/www.lojamelhordosul.com.br\/site\/wp-content\/uploads\/2019\/10\/logo-longo-da-loja.png","width":597,"height":114,"caption":"Loja Melhor do Sul"},"image":{"@id":"https:\/\/www.lojamelhordosul.com.br\/site\/#\/schema\/logo\/image\/"}}]}},"_links":{"self":[{"href":"https:\/\/www.lojamelhordosul.com.br\/site\/wp-json\/wp\/v2\/product\/14116","targetHints":{"allow":["GET"]}}],"collection":[{"href":"https:\/\/www.lojamelhordosul.com.br\/site\/wp-json\/wp\/v2\/product"}],"about":[{"href":"https:\/\/www.lojamelhordosul.com.br\/site\/wp-json\/wp\/v2\/types\/product"}],"replies":[{"embeddable":true,"href":"https:\/\/www.lojamelhordosul.com.br\/site\/wp-json\/wp\/v2\/comments?post=14116"}],"wp:featuredmedia":[{"embeddable":true,"href":"https:\/\/www.lojamelhordosul.com.br\/site\/wp-json\/wp\/v2\/media\/14118"}],"wp:attachment":[{"href":"https:\/\/www.lojamelhordosul.com.br\/site\/wp-json\/wp\/v2\/media?parent=14116"}],"wp:term":[{"taxonomy":"product_brand","embeddable":true,"href":"https:\/\/www.lojamelhordosul.com.br\/site\/wp-json\/wp\/v2\/product_brand?post=14116"},{"taxonomy":"product_cat","embeddable":true,"href":"https:\/\/www.lojamelhordosul.com.br\/site\/wp-json\/wp\/v2\/product_cat?post=14116"},{"taxonomy":"product_tag","embeddable":true,"href":"https:\/\/www.lojamelhordosul.com.br\/site\/wp-json\/wp\/v2\/product_tag?post=14116"}],"curies":[{"name":"wp","href":"https:\/\/api.w.org\/{rel}","templated":true}]}}