{"id":14126,"date":"2023-05-24T16:25:52","date_gmt":"2023-05-24T19:25:52","guid":{"rendered":"https:\/\/www.lojamelhordosul.com.br\/site\/?post_type=product&#038;p=14126"},"modified":"2026-01-30T13:30:10","modified_gmt":"2026-01-30T16:30:10","slug":"pendrive-espiao-com-leitor-micro-sd-gravador-de-voz","status":"publish","type":"product","link":"https:\/\/www.lojamelhordosul.com.br\/site\/produto\/pendrive-espiao-com-leitor-micro-sd-gravador-de-voz\/","title":{"rendered":"PEN DRIVE ESPI\u00c3O GRAVADOR DE VOZ 8GB"},"content":{"rendered":"<p class=\"irIKAp\"><a href=\"https:\/\/www.lojamelhordosul.com.br\/site\/wp-content\/uploads\/2022\/12\/cropped-Favicon-LMS.png\"><img decoding=\"async\" class=\"size-medium wp-image-13560 aligncenter\" src=\"https:\/\/www.lojamelhordosul.com.br\/site\/wp-content\/uploads\/2022\/12\/cropped-Favicon-LMS-300x300.png\" alt=\"\" width=\"300\" height=\"300\" \/><\/a><\/p>\n<p class=\"irIKAp\">O\u00a0<strong>gravador de voz espi\u00e3o<\/strong>\u00a0\u00e9 um equipamento de espionagem 2 em 1, funciona como um pendrive comum e tamb\u00e9m como um dispositivo de grava\u00e7\u00e3o de \u00e1udio, isto torna seu m\u00e9todo de grava\u00e7\u00e3o muito discreto, acima de qualquer suspeita. Seja na escola, biblioteca ou escrit\u00f3rio, conversas e leituras agora s\u00e3o poss\u00edveis de serem registradas com esta pequena e discreta ferramenta, o\u00a0<em>gravador de voz espi\u00e3o<\/em>. Com uma mem\u00f3ria capaz de registrar at\u00e9 40 horas de \u00e1udio, voc\u00ea nunca mais perder\u00e1 uma chance de registrar algo importante. Este\u00a0<em>gravador de voz espi\u00e3o<\/em>\u00a0sem fios \u00e9 muito f\u00e1cil de ser ativado sempre que necess\u00e1rio.<\/p>\n<p><strong>Com suas medidas modestas, o pen drive espi\u00e3o pode ser colocado em diversos locais sem ser notado<\/strong>. Ele pode ser deixado em um escrit\u00f3rio, uma mesa, balc\u00e3o, sof\u00e1 ou qualquer outro lugar que voc\u00ea desejar.<\/p>\n<p><strong>A bateria <\/strong><strong>consegue gravar \u00e1udios por 15 horas ininterruptas<\/strong>\u00a0e se utilizado enquanto carrega, ele consegue gravar cerca de 140 horas.<\/p>\n<p><strong>Investigue e descubra a verdade sobre o que aconte\u00e7a a sua volta sem levantar suspeitas. Compre este pen drive espi\u00e3o e tenha garantia tomar as decis\u00f5es corretas.<\/strong><\/p>\n<ul>\n<li><strong>O aparelho j\u00e1 acompanha 8 GB de mem\u00f3ria interna.<\/strong><\/li>\n<li><strong>Este aparelho pode armazenar at\u00e9 140 horas de grava\u00e7\u00f5es em sua mem\u00f3ria.<\/strong><\/li>\n<li>O dispositivo pode gravar por 15 horas sem precisar ser recarregado e por at\u00e9 140 horas se sua bateria estiver sendo recarregada.<\/li>\n<li>Produto dispon\u00edvel a pronta entrega!<\/li>\n<\/ul>\n","protected":false},"excerpt":{"rendered":"<p>O\u00a0gravador de voz espi\u00e3o\u00a0\u00e9 um equipamento de espionagem 2 em 1, funciona como um pendrive comum e tamb\u00e9m como um dispositivo de grava\u00e7\u00e3o de \u00e1udio, isto torna seu m\u00e9todo de grava\u00e7\u00e3o muito discreto, acima de qualquer suspeita. Seja na escola, biblioteca ou escrit\u00f3rio, conversas e leituras agora s\u00e3o poss\u00edveis de serem registradas com esta pequena &hellip; <a href=\"https:\/\/www.lojamelhordosul.com.br\/site\/produto\/pendrive-espiao-com-leitor-micro-sd-gravador-de-voz\/\" class=\"more-link\">Continuar lendo <span class=\"screen-reader-text\">PEN DRIVE ESPI\u00c3O GRAVADOR DE VOZ 8GB<\/span><\/a><\/p>\n","protected":false},"featured_media":14129,"comment_status":"closed","ping_status":"closed","template":"","meta":[],"product_brand":[],"product_cat":[2735],"product_tag":[392,2830,2832,2831],"class_list":{"0":"post-14126","1":"product","2":"type-product","3":"status-publish","4":"has-post-thumbnail","6":"product_cat-linha-espia","7":"product_tag-camera-espia","8":"product_tag-gravador-espiao","9":"product_tag-pegar-traicao","10":"product_tag-pendrive","12":"first","13":"onbackorder","14":"shipping-taxable","15":"purchasable","16":"product-type-simple"},"yoast_head":"<!-- This site is optimized with the Yoast SEO plugin v27.6 - https:\/\/yoast.com\/product\/yoast-seo-wordpress\/ -->\n<title>PEN DRIVE ESPI\u00c3O GRAVADOR DE VOZ 8GB - Loja Melhor do Sul Sistemas de Seguran\u00e7a<\/title>\n<meta name=\"robots\" content=\"index, follow, max-snippet:-1, max-image-preview:large, max-video-preview:-1\" \/>\n<link rel=\"canonical\" href=\"https:\/\/www.lojamelhordosul.com.br\/site\/produto\/pendrive-espiao-com-leitor-micro-sd-gravador-de-voz\/\" \/>\n<meta property=\"og:locale\" content=\"pt_BR\" \/>\n<meta property=\"og:type\" content=\"article\" \/>\n<meta property=\"og:title\" content=\"PEN DRIVE ESPI\u00c3O GRAVADOR DE VOZ 8GB - Loja Melhor do Sul Sistemas de Seguran\u00e7a\" \/>\n<meta property=\"og:description\" content=\"O\u00a0gravador de voz espi\u00e3o\u00a0\u00e9 um equipamento de espionagem 2 em 1, funciona como um pendrive comum e tamb\u00e9m como um dispositivo de grava\u00e7\u00e3o de \u00e1udio, isto torna seu m\u00e9todo de grava\u00e7\u00e3o muito discreto, acima de qualquer suspeita. Seja na escola, biblioteca ou escrit\u00f3rio, conversas e leituras agora s\u00e3o poss\u00edveis de serem registradas com esta pequena &hellip; Continuar lendo PEN DRIVE ESPI\u00c3O GRAVADOR DE VOZ 8GB\" \/>\n<meta property=\"og:url\" content=\"https:\/\/www.lojamelhordosul.com.br\/site\/produto\/pendrive-espiao-com-leitor-micro-sd-gravador-de-voz\/\" \/>\n<meta property=\"og:site_name\" content=\"Loja Melhor do Sul Sistemas de Seguran\u00e7a\" \/>\n<meta property=\"article:modified_time\" content=\"2026-01-30T16:30:10+00:00\" \/>\n<meta property=\"og:image\" content=\"https:\/\/www.lojamelhordosul.com.br\/site\/wp-content\/uploads\/2023\/05\/5a96a797cfce9b144d028096df8443f6_tn.jpg\" \/>\n\t<meta property=\"og:image:width\" content=\"320\" \/>\n\t<meta property=\"og:image:height\" content=\"320\" \/>\n\t<meta property=\"og:image:type\" content=\"image\/jpeg\" \/>\n<meta name=\"twitter:card\" content=\"summary_large_image\" \/>\n<meta name=\"twitter:label1\" content=\"Est. tempo de leitura\" \/>\n\t<meta name=\"twitter:data1\" content=\"2 minutos\" \/>\n<script type=\"application\/ld+json\" class=\"yoast-schema-graph\">{\"@context\":\"https:\\\/\\\/schema.org\",\"@graph\":[{\"@type\":\"WebPage\",\"@id\":\"https:\\\/\\\/www.lojamelhordosul.com.br\\\/site\\\/produto\\\/pendrive-espiao-com-leitor-micro-sd-gravador-de-voz\\\/\",\"url\":\"https:\\\/\\\/www.lojamelhordosul.com.br\\\/site\\\/produto\\\/pendrive-espiao-com-leitor-micro-sd-gravador-de-voz\\\/\",\"name\":\"PEN DRIVE ESPI\u00c3O GRAVADOR DE VOZ 8GB - Loja Melhor do Sul Sistemas de Seguran\u00e7a\",\"isPartOf\":{\"@id\":\"https:\\\/\\\/www.lojamelhordosul.com.br\\\/site\\\/#website\"},\"primaryImageOfPage\":{\"@id\":\"https:\\\/\\\/www.lojamelhordosul.com.br\\\/site\\\/produto\\\/pendrive-espiao-com-leitor-micro-sd-gravador-de-voz\\\/#primaryimage\"},\"image\":{\"@id\":\"https:\\\/\\\/www.lojamelhordosul.com.br\\\/site\\\/produto\\\/pendrive-espiao-com-leitor-micro-sd-gravador-de-voz\\\/#primaryimage\"},\"thumbnailUrl\":\"https:\\\/\\\/www.lojamelhordosul.com.br\\\/site\\\/wp-content\\\/uploads\\\/2023\\\/05\\\/5a96a797cfce9b144d028096df8443f6_tn.jpg\",\"datePublished\":\"2023-05-24T19:25:52+00:00\",\"dateModified\":\"2026-01-30T16:30:10+00:00\",\"breadcrumb\":{\"@id\":\"https:\\\/\\\/www.lojamelhordosul.com.br\\\/site\\\/produto\\\/pendrive-espiao-com-leitor-micro-sd-gravador-de-voz\\\/#breadcrumb\"},\"inLanguage\":\"pt-BR\",\"potentialAction\":[{\"@type\":\"ReadAction\",\"target\":[\"https:\\\/\\\/www.lojamelhordosul.com.br\\\/site\\\/produto\\\/pendrive-espiao-com-leitor-micro-sd-gravador-de-voz\\\/\"]}]},{\"@type\":\"ImageObject\",\"inLanguage\":\"pt-BR\",\"@id\":\"https:\\\/\\\/www.lojamelhordosul.com.br\\\/site\\\/produto\\\/pendrive-espiao-com-leitor-micro-sd-gravador-de-voz\\\/#primaryimage\",\"url\":\"https:\\\/\\\/www.lojamelhordosul.com.br\\\/site\\\/wp-content\\\/uploads\\\/2023\\\/05\\\/5a96a797cfce9b144d028096df8443f6_tn.jpg\",\"contentUrl\":\"https:\\\/\\\/www.lojamelhordosul.com.br\\\/site\\\/wp-content\\\/uploads\\\/2023\\\/05\\\/5a96a797cfce9b144d028096df8443f6_tn.jpg\",\"width\":320,\"height\":320},{\"@type\":\"BreadcrumbList\",\"@id\":\"https:\\\/\\\/www.lojamelhordosul.com.br\\\/site\\\/produto\\\/pendrive-espiao-com-leitor-micro-sd-gravador-de-voz\\\/#breadcrumb\",\"itemListElement\":[{\"@type\":\"ListItem\",\"position\":1,\"name\":\"In\u00edcio\",\"item\":\"https:\\\/\\\/www.lojamelhordosul.com.br\\\/site\\\/\"},{\"@type\":\"ListItem\",\"position\":2,\"name\":\"Loja\",\"item\":\"https:\\\/\\\/www.lojamelhordosul.com.br\\\/site\\\/loja\\\/\"},{\"@type\":\"ListItem\",\"position\":3,\"name\":\"PEN DRIVE ESPI\u00c3O GRAVADOR DE VOZ 8GB\"}]},{\"@type\":\"WebSite\",\"@id\":\"https:\\\/\\\/www.lojamelhordosul.com.br\\\/site\\\/#website\",\"url\":\"https:\\\/\\\/www.lojamelhordosul.com.br\\\/site\\\/\",\"name\":\"Loja Melhor do Sul Sistemas de Seguran\u00e7a\",\"description\":\"Loja Melhor do Sul - Revenda Ouro Intelbras em Porto Alegre\",\"publisher\":{\"@id\":\"https:\\\/\\\/www.lojamelhordosul.com.br\\\/site\\\/#organization\"},\"potentialAction\":[{\"@type\":\"SearchAction\",\"target\":{\"@type\":\"EntryPoint\",\"urlTemplate\":\"https:\\\/\\\/www.lojamelhordosul.com.br\\\/site\\\/?s={search_term_string}\"},\"query-input\":{\"@type\":\"PropertyValueSpecification\",\"valueRequired\":true,\"valueName\":\"search_term_string\"}}],\"inLanguage\":\"pt-BR\"},{\"@type\":\"Organization\",\"@id\":\"https:\\\/\\\/www.lojamelhordosul.com.br\\\/site\\\/#organization\",\"name\":\"Loja Melhor do Sul\",\"url\":\"https:\\\/\\\/www.lojamelhordosul.com.br\\\/site\\\/\",\"logo\":{\"@type\":\"ImageObject\",\"inLanguage\":\"pt-BR\",\"@id\":\"https:\\\/\\\/www.lojamelhordosul.com.br\\\/site\\\/#\\\/schema\\\/logo\\\/image\\\/\",\"url\":\"https:\\\/\\\/www.lojamelhordosul.com.br\\\/site\\\/wp-content\\\/uploads\\\/2019\\\/10\\\/logo-longo-da-loja.png\",\"contentUrl\":\"https:\\\/\\\/www.lojamelhordosul.com.br\\\/site\\\/wp-content\\\/uploads\\\/2019\\\/10\\\/logo-longo-da-loja.png\",\"width\":597,\"height\":114,\"caption\":\"Loja Melhor do Sul\"},\"image\":{\"@id\":\"https:\\\/\\\/www.lojamelhordosul.com.br\\\/site\\\/#\\\/schema\\\/logo\\\/image\\\/\"}}]}<\/script>\n<!-- \/ Yoast SEO plugin. -->","yoast_head_json":{"title":"PEN DRIVE ESPI\u00c3O GRAVADOR DE VOZ 8GB - Loja Melhor do Sul Sistemas de Seguran\u00e7a","robots":{"index":"index","follow":"follow","max-snippet":"max-snippet:-1","max-image-preview":"max-image-preview:large","max-video-preview":"max-video-preview:-1"},"canonical":"https:\/\/www.lojamelhordosul.com.br\/site\/produto\/pendrive-espiao-com-leitor-micro-sd-gravador-de-voz\/","og_locale":"pt_BR","og_type":"article","og_title":"PEN DRIVE ESPI\u00c3O GRAVADOR DE VOZ 8GB - Loja Melhor do Sul Sistemas de Seguran\u00e7a","og_description":"O\u00a0gravador de voz espi\u00e3o\u00a0\u00e9 um equipamento de espionagem 2 em 1, funciona como um pendrive comum e tamb\u00e9m como um dispositivo de grava\u00e7\u00e3o de \u00e1udio, isto torna seu m\u00e9todo de grava\u00e7\u00e3o muito discreto, acima de qualquer suspeita. Seja na escola, biblioteca ou escrit\u00f3rio, conversas e leituras agora s\u00e3o poss\u00edveis de serem registradas com esta pequena &hellip; Continuar lendo PEN DRIVE ESPI\u00c3O GRAVADOR DE VOZ 8GB","og_url":"https:\/\/www.lojamelhordosul.com.br\/site\/produto\/pendrive-espiao-com-leitor-micro-sd-gravador-de-voz\/","og_site_name":"Loja Melhor do Sul Sistemas de Seguran\u00e7a","article_modified_time":"2026-01-30T16:30:10+00:00","og_image":[{"width":320,"height":320,"url":"https:\/\/www.lojamelhordosul.com.br\/site\/wp-content\/uploads\/2023\/05\/5a96a797cfce9b144d028096df8443f6_tn.jpg","type":"image\/jpeg"}],"twitter_card":"summary_large_image","twitter_misc":{"Est. tempo de leitura":"2 minutos"},"schema":{"@context":"https:\/\/schema.org","@graph":[{"@type":"WebPage","@id":"https:\/\/www.lojamelhordosul.com.br\/site\/produto\/pendrive-espiao-com-leitor-micro-sd-gravador-de-voz\/","url":"https:\/\/www.lojamelhordosul.com.br\/site\/produto\/pendrive-espiao-com-leitor-micro-sd-gravador-de-voz\/","name":"PEN DRIVE ESPI\u00c3O GRAVADOR DE VOZ 8GB - Loja Melhor do Sul Sistemas de Seguran\u00e7a","isPartOf":{"@id":"https:\/\/www.lojamelhordosul.com.br\/site\/#website"},"primaryImageOfPage":{"@id":"https:\/\/www.lojamelhordosul.com.br\/site\/produto\/pendrive-espiao-com-leitor-micro-sd-gravador-de-voz\/#primaryimage"},"image":{"@id":"https:\/\/www.lojamelhordosul.com.br\/site\/produto\/pendrive-espiao-com-leitor-micro-sd-gravador-de-voz\/#primaryimage"},"thumbnailUrl":"https:\/\/www.lojamelhordosul.com.br\/site\/wp-content\/uploads\/2023\/05\/5a96a797cfce9b144d028096df8443f6_tn.jpg","datePublished":"2023-05-24T19:25:52+00:00","dateModified":"2026-01-30T16:30:10+00:00","breadcrumb":{"@id":"https:\/\/www.lojamelhordosul.com.br\/site\/produto\/pendrive-espiao-com-leitor-micro-sd-gravador-de-voz\/#breadcrumb"},"inLanguage":"pt-BR","potentialAction":[{"@type":"ReadAction","target":["https:\/\/www.lojamelhordosul.com.br\/site\/produto\/pendrive-espiao-com-leitor-micro-sd-gravador-de-voz\/"]}]},{"@type":"ImageObject","inLanguage":"pt-BR","@id":"https:\/\/www.lojamelhordosul.com.br\/site\/produto\/pendrive-espiao-com-leitor-micro-sd-gravador-de-voz\/#primaryimage","url":"https:\/\/www.lojamelhordosul.com.br\/site\/wp-content\/uploads\/2023\/05\/5a96a797cfce9b144d028096df8443f6_tn.jpg","contentUrl":"https:\/\/www.lojamelhordosul.com.br\/site\/wp-content\/uploads\/2023\/05\/5a96a797cfce9b144d028096df8443f6_tn.jpg","width":320,"height":320},{"@type":"BreadcrumbList","@id":"https:\/\/www.lojamelhordosul.com.br\/site\/produto\/pendrive-espiao-com-leitor-micro-sd-gravador-de-voz\/#breadcrumb","itemListElement":[{"@type":"ListItem","position":1,"name":"In\u00edcio","item":"https:\/\/www.lojamelhordosul.com.br\/site\/"},{"@type":"ListItem","position":2,"name":"Loja","item":"https:\/\/www.lojamelhordosul.com.br\/site\/loja\/"},{"@type":"ListItem","position":3,"name":"PEN DRIVE ESPI\u00c3O GRAVADOR DE VOZ 8GB"}]},{"@type":"WebSite","@id":"https:\/\/www.lojamelhordosul.com.br\/site\/#website","url":"https:\/\/www.lojamelhordosul.com.br\/site\/","name":"Loja Melhor do Sul Sistemas de Seguran\u00e7a","description":"Loja Melhor do Sul - Revenda Ouro Intelbras em Porto Alegre","publisher":{"@id":"https:\/\/www.lojamelhordosul.com.br\/site\/#organization"},"potentialAction":[{"@type":"SearchAction","target":{"@type":"EntryPoint","urlTemplate":"https:\/\/www.lojamelhordosul.com.br\/site\/?s={search_term_string}"},"query-input":{"@type":"PropertyValueSpecification","valueRequired":true,"valueName":"search_term_string"}}],"inLanguage":"pt-BR"},{"@type":"Organization","@id":"https:\/\/www.lojamelhordosul.com.br\/site\/#organization","name":"Loja Melhor do Sul","url":"https:\/\/www.lojamelhordosul.com.br\/site\/","logo":{"@type":"ImageObject","inLanguage":"pt-BR","@id":"https:\/\/www.lojamelhordosul.com.br\/site\/#\/schema\/logo\/image\/","url":"https:\/\/www.lojamelhordosul.com.br\/site\/wp-content\/uploads\/2019\/10\/logo-longo-da-loja.png","contentUrl":"https:\/\/www.lojamelhordosul.com.br\/site\/wp-content\/uploads\/2019\/10\/logo-longo-da-loja.png","width":597,"height":114,"caption":"Loja Melhor do Sul"},"image":{"@id":"https:\/\/www.lojamelhordosul.com.br\/site\/#\/schema\/logo\/image\/"}}]}},"_links":{"self":[{"href":"https:\/\/www.lojamelhordosul.com.br\/site\/wp-json\/wp\/v2\/product\/14126","targetHints":{"allow":["GET"]}}],"collection":[{"href":"https:\/\/www.lojamelhordosul.com.br\/site\/wp-json\/wp\/v2\/product"}],"about":[{"href":"https:\/\/www.lojamelhordosul.com.br\/site\/wp-json\/wp\/v2\/types\/product"}],"replies":[{"embeddable":true,"href":"https:\/\/www.lojamelhordosul.com.br\/site\/wp-json\/wp\/v2\/comments?post=14126"}],"wp:featuredmedia":[{"embeddable":true,"href":"https:\/\/www.lojamelhordosul.com.br\/site\/wp-json\/wp\/v2\/media\/14129"}],"wp:attachment":[{"href":"https:\/\/www.lojamelhordosul.com.br\/site\/wp-json\/wp\/v2\/media?parent=14126"}],"wp:term":[{"taxonomy":"product_brand","embeddable":true,"href":"https:\/\/www.lojamelhordosul.com.br\/site\/wp-json\/wp\/v2\/product_brand?post=14126"},{"taxonomy":"product_cat","embeddable":true,"href":"https:\/\/www.lojamelhordosul.com.br\/site\/wp-json\/wp\/v2\/product_cat?post=14126"},{"taxonomy":"product_tag","embeddable":true,"href":"https:\/\/www.lojamelhordosul.com.br\/site\/wp-json\/wp\/v2\/product_tag?post=14126"}],"curies":[{"name":"wp","href":"https:\/\/api.w.org\/{rel}","templated":true}]}}