{"id":14149,"date":"2023-06-13T16:04:15","date_gmt":"2023-06-13T19:04:15","guid":{"rendered":"https:\/\/www.lojamelhordosul.com.br\/site\/?post_type=product&#038;p=14149"},"modified":"2026-03-17T15:04:55","modified_gmt":"2026-03-17T18:04:55","slug":"14149","status":"publish","type":"product","link":"https:\/\/www.lojamelhordosul.com.br\/site\/produto\/14149\/","title":{"rendered":"C\u00e2mera IP bullet da s\u00e9rie 1000 VIP 1220 B Full Color | Intelbras"},"content":{"rendered":"<div>\n<div class=\"z-index-4 internal-fixed-navigation\">\n<div class=\"grid-container \">\n<div class=\"navigation-sticky\"><\/div>\n<\/div>\n<\/div>\n<\/div>\n<div>\n<div class=\"grid-container \">\n<div class=\"mt2 mb2 \">\n<div class=\"grid-container \">\n<div class=\"block-mini-banner\" data-ga-name=\"section-mini-banner\">\n<div class=\"grid-x grid-margin-x align-middle\">\n<div class=\"cell medium-6 medium-order-2 large-offset-1\">\n<div class=\"block-mini-banner__media\">\n<figure class=\"text-center object-fit--contain\"><a href=\"https:\/\/www.lojamelhordosul.com.br\/site\/wp-content\/uploads\/2022\/12\/cropped-Favicon-LMS.png\"><img decoding=\"async\" class=\"size-medium wp-image-13560 aligncenter\" src=\"https:\/\/www.lojamelhordosul.com.br\/site\/wp-content\/uploads\/2022\/12\/cropped-Favicon-LMS-300x300.png\" alt=\"\" width=\"300\" height=\"300\" \/><\/a><img decoding=\"async\" class=\"aligncenter\" src=\"https:\/\/backend.intelbras.com\/sites\/default\/files\/styles\/large\/public\/2022-10\/monitoramento-com-alta-performance-durante-anoite-vip-1220-b-full-color-g4.jpg\" alt=\"monitoramento-com-alta-performance-durante-anoite-vip-1220-b-full-color-g4.jpg\" \/><\/figure>\n<p><span class=\"text text--300\"><em>* Imagem ilustrativa<\/em><\/span><\/p>\n<\/div>\n<\/div>\n<div class=\"cell medium-auto medium-order-1\">\n<div class=\"block-mini-banner__content\">\n<div class=\"mt2 mb2 \">\n<h2 class=\"weight--small-300 weight--large-200 h3\">Monitoramento com alta performance durante a noite<\/h2>\n<\/div>\n<div class=\"text text--300\">\n<div class=\"block-template overflow-hidden\">\n<p>O modelo possui sensor de imagem que apresenta alta sensibilidade noturna e luz vis\u00edvel, garantindo cenas coloridas mesmo em ambientes escuros.<\/p>\n<\/div>\n<\/div>\n<\/div>\n<\/div>\n<\/div>\n<\/div>\n<\/div>\n<\/div>\n<div class=\"mt2 mb2 \">\n<div class=\"grid-container \">\n<div class=\"block-mini-banner\" data-ga-name=\"section-mini-banner\">\n<div class=\"grid-x grid-margin-x align-middle\">\n<div class=\"cell medium-6\">\n<div class=\"block-mini-banner__media\">\n<figure class=\"text-center object-fit--contain\"><img decoding=\"async\" class=\"aligncenter\" src=\"https:\/\/backend.intelbras.com\/sites\/default\/files\/styles\/large\/public\/2022-10\/monitoramento-com-imagens-nitidas-e-detalhadas-vip-1220-b-full-color-g4.jpg\" alt=\"monitoramento-com-imagens-nitidas-e-detalhadas-vip-1220-b-full-color-g4.jpg\" \/><\/figure>\n<p><span class=\"text text--300\"><em>* Imagem ilustrativa<\/em><\/span><\/p>\n<\/div>\n<\/div>\n<div class=\"cell medium-auto\">\n<div class=\"block-mini-banner__content\">\n<div class=\"mt2 mb2 \">\n<h2 class=\"weight--small-300 weight--large-200 h3\">Monitoramento com imagens n\u00edtidas e detalhadas<\/h2>\n<\/div>\n<div class=\"text text--300\">\n<div class=\"block-template overflow-hidden\">\n<p>A c\u00e2mera capta imagens na resolu\u00e7\u00e3o Full HD (1080p), garantindo cenas n\u00edtidas e detalhadas. Tudo isso, por um custo-benef\u00edcio vantajoso.<\/p>\n<\/div>\n<\/div>\n<\/div>\n<\/div>\n<\/div>\n<\/div>\n<\/div>\n<\/div>\n<div class=\"mt2 mb2 \">\n<div class=\"grid-container \">\n<div class=\"block-mini-banner\" data-ga-name=\"section-mini-banner\">\n<div class=\"grid-x grid-margin-x align-middle\">\n<div class=\"cell medium-6 medium-order-2 large-offset-1\">\n<div class=\"block-mini-banner__media\">\n<figure class=\"text-center object-fit--contain\"><img decoding=\"async\" class=\"aligncenter\" src=\"https:\/\/backend.intelbras.com\/sites\/default\/files\/styles\/large\/public\/2022-10\/resolucao-incrivel-usando-menos-trafego-de-rede-vip-1220-b-full-color-g4.jpg\" alt=\"resolucao-incrivel-usando-menos-trafego-de-rede-vip-1220-b-full-color-g4.jpg\" \/><\/figure>\n<p><span class=\"text text--300\"><em>* Imagem ilustrativa<\/em><\/span><\/p>\n<\/div>\n<\/div>\n<div class=\"cell medium-auto medium-order-1\">\n<div class=\"block-mini-banner__content\">\n<div class=\"mt2 mb2 \">\n<h2 class=\"weight--small-300 weight--large-200 h3\">Resolu\u00e7\u00e3o incr\u00edvel usando menos tr\u00e1fego de rede<\/h2>\n<\/div>\n<div class=\"text text--300\">\n<div class=\"block-template overflow-hidden\">\n<p>A compress\u00e3o de v\u00eddeo H.265+ presente na c\u00e2mera permite a transmiss\u00e3o e visualiza\u00e7\u00e3o de imagens em alta resolu\u00e7\u00e3o, sem oscila\u00e7\u00e3o na rede.<\/p>\n<\/div>\n<\/div>\n<\/div>\n<\/div>\n<\/div>\n<\/div>\n<\/div>\n<\/div>\n<div class=\"mt2 mb2 \">\n<div class=\"grid-container \">\n<div class=\"block-mini-banner\" data-ga-name=\"section-mini-banner\">\n<div class=\"grid-x grid-margin-x align-middle\">\n<div class=\"cell medium-6\">\n<div class=\"block-mini-banner__media\">\n<figure class=\"text-center object-fit--contain\"><img decoding=\"async\" class=\"aligncenter\" src=\"https:\/\/backend.intelbras.com\/sites\/default\/files\/styles\/large\/public\/2022-10\/um-unico-cabo-para-multiplas-funcoes-vip-1220-b-full-color-g4.jpg\" alt=\"um-unico-cabo-para-multiplas-funcoes-vip-1220-b-full-color-g4.jpg\" \/><\/figure>\n<p><span class=\"text text--300\"><em>* Imagem ilustrativa<\/em><\/span><\/p>\n<\/div>\n<\/div>\n<div class=\"cell medium-auto\">\n<div class=\"block-mini-banner__content\">\n<div class=\"mt2 mb2 \">\n<h2 class=\"weight--small-300 weight--large-200 h3\">Um \u00fanico cabo para m\u00faltiplas fun\u00e7\u00f5es<\/h2>\n<\/div>\n<div class=\"text text--300\">\n<div class=\"block-template overflow-hidden\">\n<p>Com a tecnologia PoE presente no modelo, \u00e9 poss\u00edvel transmitir dados e corrente de energia por um \u00fanico cabo, dispensando o uso de fonte externa.<\/p>\n<\/div>\n<\/div>\n<\/div>\n<\/div>\n<\/div>\n<\/div>\n<\/div>\n<\/div>\n<div class=\"mt2 mb2 \">\n<div class=\"grid-container \">\n<div class=\"block-mini-banner\" data-ga-name=\"section-mini-banner\">\n<div class=\"grid-x grid-margin-x align-middle\">\n<div class=\"cell medium-6 medium-order-2 large-offset-1\">\n<div class=\"block-mini-banner__media\">\n<figure class=\"text-center object-fit--contain\"><img decoding=\"async\" class=\"aligncenter\" src=\"https:\/\/backend.intelbras.com\/sites\/default\/files\/styles\/large\/public\/2022-10\/inteligencia-de-video-vip-1220-b-full-color-g4.jpg\" alt=\"inteligencia-de-video-vip-1220-b-full-color-g4.jpg\" \/><\/figure>\n<p><span class=\"text text--300\"><em>* Imagem ilustrativa<\/em><\/span><\/p>\n<\/div>\n<\/div>\n<div class=\"cell medium-auto medium-order-1\">\n<div class=\"block-mini-banner__content\">\n<div class=\"mt2 mb2 \">\n<h2 class=\"weight--small-300 weight--large-200 h3\">Intelig\u00eancia de v\u00eddeo<\/h2>\n<\/div>\n<div class=\"text text--300\">\n<div class=\"block-template overflow-hidden\">\n<p>A fun\u00e7\u00e3o Regi\u00e3o de Interesse (ROI) permite o monitoramento de \u00e1reas espec\u00edficas de uma cena, mesmo enquanto ainda capta situa\u00e7\u00f5es menos importantes.<\/p>\n<\/div>\n<\/div>\n<\/div>\n<\/div>\n<\/div>\n<\/div>\n<\/div>\n<\/div>\n<\/div>\n<\/div>\n<div>\n<div class=\"grid-container \">\n<div class=\"mb3 \">\n<div class=\"block-tab\" data-ga-name=\"tab\">\n<div class=\"overflow-x-auto start\">\n<div class=\"overflow-x-auto__wrapper\">\n<div class=\"pb2\">\n<nav class=\"block-tab__header false\">\n<ul class=\"\">\n<li class=\"block-tab__header__item block-tab__header__item--actived\" data-ga-action=\"tab-item-especificacoes-tecnicas\">\n<div class=\"block-tab__header__item-tab\">\n<div class=\"block-tab__header__item-label\">Especifica\u00e7\u00f5es T\u00e9cnicas<\/div>\n<\/div>\n<\/li>\n<li class=\"block-tab__header__item \" data-ga-action=\"tab-item-arquivos-para-download\">\n<div class=\"block-tab__header__item-tab\">\n<div class=\"block-tab__header__item-label\">Arquivos para download<\/div>\n<\/div>\n<\/li>\n<\/ul>\n<\/nav>\n<\/div>\n<\/div>\n<\/div>\n<div class=\"block-tab__content\">\n<div class=\"block-tab__content__item block-tab__content__item--actived\" data-ga-name=\"especificacoes-tecnicas\">\n<div class=\"mt2 \"><a class=\" \" href=\"http:\/\/backend.intelbras.com\/sites\/default\/files\/2023-03\/Datasheet%20UNIFICADO%20-%20VIP%201220%20B.D%20Full%20Color%20G4.pdf\" target=\"_blank\" rel=\"noreferrer noopener\" data-ga-action=\"download-especificacoes-tecnicas\"><span class=\"link-text\">Ficha t\u00e9cnica \u2013 VIP 1220 B Full Color G4.pdf<\/span><img decoding=\"async\" class=\"ml1\" src=\"https:\/\/www.intelbras.com\/assets\/images\/icons\/icon_download.svg\" alt=\"download icon\" \/><\/a><\/div>\n<\/div>\n<\/div>\n<\/div>\n<\/div>\n<\/div>\n<\/div>\n","protected":false},"excerpt":{"rendered":"<p>* Imagem ilustrativa Monitoramento com alta performance durante a noite O modelo possui sensor de imagem que apresenta alta sensibilidade noturna e luz vis\u00edvel, garantindo cenas coloridas mesmo em ambientes escuros. * Imagem ilustrativa Monitoramento com imagens n\u00edtidas e detalhadas A c\u00e2mera capta imagens na resolu\u00e7\u00e3o Full HD (1080p), garantindo cenas n\u00edtidas e detalhadas. Tudo &hellip; <a href=\"https:\/\/www.lojamelhordosul.com.br\/site\/produto\/14149\/\" class=\"more-link\">Continuar lendo <span class=\"screen-reader-text\">C\u00e2mera IP bullet da s\u00e9rie 1000 VIP 1220 B Full Color | Intelbras<\/span><\/a><\/p>\n","protected":false},"featured_media":14151,"comment_status":"closed","ping_status":"closed","template":"","meta":[],"product_brand":[],"product_cat":[2641,1838,2640,2635,2638],"product_tag":[196,1255,640],"class_list":{"0":"post-14149","1":"product","2":"type-product","3":"status-publish","4":"has-post-thumbnail","6":"product_cat-bullet-via-ip","7":"product_cat-cameras-de-seguranca","8":"product_cat-cameras-via-ip","9":"product_cat-camera-de-seguranca-fullhd","10":"product_cat-camera-de-seguranca-full-color","11":"product_tag-camera-ip","12":"product_tag-intelbras","13":"product_tag-vip-1220","15":"first","16":"instock","17":"shipping-taxable","18":"purchasable","19":"product-type-simple"},"yoast_head":"<!-- This site is optimized with the Yoast SEO plugin v27.4 - https:\/\/yoast.com\/product\/yoast-seo-wordpress\/ -->\n<title>C\u00e2mera IP bullet da s\u00e9rie 1000 VIP 1220 B Full Color | Intelbras - Loja Melhor do Sul Sistemas de Seguran\u00e7a<\/title>\n<meta name=\"robots\" content=\"index, follow, max-snippet:-1, max-image-preview:large, max-video-preview:-1\" \/>\n<link rel=\"canonical\" href=\"https:\/\/www.lojamelhordosul.com.br\/site\/produto\/14149\/\" \/>\n<meta property=\"og:locale\" content=\"pt_BR\" \/>\n<meta property=\"og:type\" content=\"article\" \/>\n<meta property=\"og:title\" content=\"C\u00e2mera IP bullet da s\u00e9rie 1000 VIP 1220 B Full Color | Intelbras - Loja Melhor do Sul Sistemas de Seguran\u00e7a\" \/>\n<meta property=\"og:description\" content=\"* Imagem ilustrativa Monitoramento com alta performance durante a noite O modelo possui sensor de imagem que apresenta alta sensibilidade noturna e luz vis\u00edvel, garantindo cenas coloridas mesmo em ambientes escuros. * Imagem ilustrativa Monitoramento com imagens n\u00edtidas e detalhadas A c\u00e2mera capta imagens na resolu\u00e7\u00e3o Full HD (1080p), garantindo cenas n\u00edtidas e detalhadas. Tudo &hellip; Continuar lendo C\u00e2mera IP bullet da s\u00e9rie 1000 VIP 1220 B Full Color | Intelbras\" \/>\n<meta property=\"og:url\" content=\"https:\/\/www.lojamelhordosul.com.br\/site\/produto\/14149\/\" \/>\n<meta property=\"og:site_name\" content=\"Loja Melhor do Sul Sistemas de Seguran\u00e7a\" \/>\n<meta property=\"article:modified_time\" content=\"2026-03-17T18:04:55+00:00\" \/>\n<meta property=\"og:image\" content=\"https:\/\/www.lojamelhordosul.com.br\/site\/wp-content\/uploads\/2023\/06\/camera_ip_intelbras_full_hd_1080p_vip_1220_b_full_color_com_lente_3_6mm_bullet_compativel_com_a_tecn_20264_1_eedccbe39957c4b6d31608ed2453a0f4.webp\" \/>\n\t<meta property=\"og:image:width\" content=\"1200\" \/>\n\t<meta property=\"og:image:height\" content=\"1200\" \/>\n\t<meta property=\"og:image:type\" content=\"image\/webp\" \/>\n<meta name=\"twitter:card\" content=\"summary_large_image\" \/>\n<meta name=\"twitter:label1\" content=\"Est. tempo de leitura\" \/>\n\t<meta name=\"twitter:data1\" content=\"3 minutos\" \/>\n<script type=\"application\/ld+json\" class=\"yoast-schema-graph\">{\"@context\":\"https:\\\/\\\/schema.org\",\"@graph\":[{\"@type\":\"WebPage\",\"@id\":\"https:\\\/\\\/www.lojamelhordosul.com.br\\\/site\\\/produto\\\/14149\\\/\",\"url\":\"https:\\\/\\\/www.lojamelhordosul.com.br\\\/site\\\/produto\\\/14149\\\/\",\"name\":\"C\u00e2mera IP bullet da s\u00e9rie 1000 VIP 1220 B Full Color | Intelbras - Loja Melhor do Sul Sistemas de Seguran\u00e7a\",\"isPartOf\":{\"@id\":\"https:\\\/\\\/www.lojamelhordosul.com.br\\\/site\\\/#website\"},\"primaryImageOfPage\":{\"@id\":\"https:\\\/\\\/www.lojamelhordosul.com.br\\\/site\\\/produto\\\/14149\\\/#primaryimage\"},\"image\":{\"@id\":\"https:\\\/\\\/www.lojamelhordosul.com.br\\\/site\\\/produto\\\/14149\\\/#primaryimage\"},\"thumbnailUrl\":\"https:\\\/\\\/www.lojamelhordosul.com.br\\\/site\\\/wp-content\\\/uploads\\\/2023\\\/06\\\/camera_ip_intelbras_full_hd_1080p_vip_1220_b_full_color_com_lente_3_6mm_bullet_compativel_com_a_tecn_20264_1_eedccbe39957c4b6d31608ed2453a0f4.webp\",\"datePublished\":\"2023-06-13T19:04:15+00:00\",\"dateModified\":\"2026-03-17T18:04:55+00:00\",\"breadcrumb\":{\"@id\":\"https:\\\/\\\/www.lojamelhordosul.com.br\\\/site\\\/produto\\\/14149\\\/#breadcrumb\"},\"inLanguage\":\"pt-BR\",\"potentialAction\":[{\"@type\":\"ReadAction\",\"target\":[\"https:\\\/\\\/www.lojamelhordosul.com.br\\\/site\\\/produto\\\/14149\\\/\"]}]},{\"@type\":\"ImageObject\",\"inLanguage\":\"pt-BR\",\"@id\":\"https:\\\/\\\/www.lojamelhordosul.com.br\\\/site\\\/produto\\\/14149\\\/#primaryimage\",\"url\":\"https:\\\/\\\/www.lojamelhordosul.com.br\\\/site\\\/wp-content\\\/uploads\\\/2023\\\/06\\\/camera_ip_intelbras_full_hd_1080p_vip_1220_b_full_color_com_lente_3_6mm_bullet_compativel_com_a_tecn_20264_1_eedccbe39957c4b6d31608ed2453a0f4.webp\",\"contentUrl\":\"https:\\\/\\\/www.lojamelhordosul.com.br\\\/site\\\/wp-content\\\/uploads\\\/2023\\\/06\\\/camera_ip_intelbras_full_hd_1080p_vip_1220_b_full_color_com_lente_3_6mm_bullet_compativel_com_a_tecn_20264_1_eedccbe39957c4b6d31608ed2453a0f4.webp\",\"width\":1200,\"height\":1200},{\"@type\":\"BreadcrumbList\",\"@id\":\"https:\\\/\\\/www.lojamelhordosul.com.br\\\/site\\\/produto\\\/14149\\\/#breadcrumb\",\"itemListElement\":[{\"@type\":\"ListItem\",\"position\":1,\"name\":\"In\u00edcio\",\"item\":\"https:\\\/\\\/www.lojamelhordosul.com.br\\\/site\\\/\"},{\"@type\":\"ListItem\",\"position\":2,\"name\":\"Loja\",\"item\":\"https:\\\/\\\/www.lojamelhordosul.com.br\\\/site\\\/loja\\\/\"},{\"@type\":\"ListItem\",\"position\":3,\"name\":\"C\u00e2mera IP bullet da s\u00e9rie 1000 VIP 1220 B Full Color | Intelbras\"}]},{\"@type\":\"WebSite\",\"@id\":\"https:\\\/\\\/www.lojamelhordosul.com.br\\\/site\\\/#website\",\"url\":\"https:\\\/\\\/www.lojamelhordosul.com.br\\\/site\\\/\",\"name\":\"Loja Melhor do Sul Sistemas de Seguran\u00e7a\",\"description\":\"Loja Melhor do Sul - Revenda Ouro Intelbras em Porto Alegre\",\"publisher\":{\"@id\":\"https:\\\/\\\/www.lojamelhordosul.com.br\\\/site\\\/#organization\"},\"potentialAction\":[{\"@type\":\"SearchAction\",\"target\":{\"@type\":\"EntryPoint\",\"urlTemplate\":\"https:\\\/\\\/www.lojamelhordosul.com.br\\\/site\\\/?s={search_term_string}\"},\"query-input\":{\"@type\":\"PropertyValueSpecification\",\"valueRequired\":true,\"valueName\":\"search_term_string\"}}],\"inLanguage\":\"pt-BR\"},{\"@type\":\"Organization\",\"@id\":\"https:\\\/\\\/www.lojamelhordosul.com.br\\\/site\\\/#organization\",\"name\":\"Loja Melhor do Sul\",\"url\":\"https:\\\/\\\/www.lojamelhordosul.com.br\\\/site\\\/\",\"logo\":{\"@type\":\"ImageObject\",\"inLanguage\":\"pt-BR\",\"@id\":\"https:\\\/\\\/www.lojamelhordosul.com.br\\\/site\\\/#\\\/schema\\\/logo\\\/image\\\/\",\"url\":\"https:\\\/\\\/www.lojamelhordosul.com.br\\\/site\\\/wp-content\\\/uploads\\\/2019\\\/10\\\/logo-longo-da-loja.png\",\"contentUrl\":\"https:\\\/\\\/www.lojamelhordosul.com.br\\\/site\\\/wp-content\\\/uploads\\\/2019\\\/10\\\/logo-longo-da-loja.png\",\"width\":597,\"height\":114,\"caption\":\"Loja Melhor do Sul\"},\"image\":{\"@id\":\"https:\\\/\\\/www.lojamelhordosul.com.br\\\/site\\\/#\\\/schema\\\/logo\\\/image\\\/\"}}]}<\/script>\n<!-- \/ Yoast SEO plugin. -->","yoast_head_json":{"title":"C\u00e2mera IP bullet da s\u00e9rie 1000 VIP 1220 B Full Color | Intelbras - Loja Melhor do Sul Sistemas de Seguran\u00e7a","robots":{"index":"index","follow":"follow","max-snippet":"max-snippet:-1","max-image-preview":"max-image-preview:large","max-video-preview":"max-video-preview:-1"},"canonical":"https:\/\/www.lojamelhordosul.com.br\/site\/produto\/14149\/","og_locale":"pt_BR","og_type":"article","og_title":"C\u00e2mera IP bullet da s\u00e9rie 1000 VIP 1220 B Full Color | Intelbras - Loja Melhor do Sul Sistemas de Seguran\u00e7a","og_description":"* Imagem ilustrativa Monitoramento com alta performance durante a noite O modelo possui sensor de imagem que apresenta alta sensibilidade noturna e luz vis\u00edvel, garantindo cenas coloridas mesmo em ambientes escuros. * Imagem ilustrativa Monitoramento com imagens n\u00edtidas e detalhadas A c\u00e2mera capta imagens na resolu\u00e7\u00e3o Full HD (1080p), garantindo cenas n\u00edtidas e detalhadas. Tudo &hellip; Continuar lendo C\u00e2mera IP bullet da s\u00e9rie 1000 VIP 1220 B Full Color | Intelbras","og_url":"https:\/\/www.lojamelhordosul.com.br\/site\/produto\/14149\/","og_site_name":"Loja Melhor do Sul Sistemas de Seguran\u00e7a","article_modified_time":"2026-03-17T18:04:55+00:00","og_image":[{"width":1200,"height":1200,"url":"https:\/\/www.lojamelhordosul.com.br\/site\/wp-content\/uploads\/2023\/06\/camera_ip_intelbras_full_hd_1080p_vip_1220_b_full_color_com_lente_3_6mm_bullet_compativel_com_a_tecn_20264_1_eedccbe39957c4b6d31608ed2453a0f4.webp","type":"image\/webp"}],"twitter_card":"summary_large_image","twitter_misc":{"Est. tempo de leitura":"3 minutos"},"schema":{"@context":"https:\/\/schema.org","@graph":[{"@type":"WebPage","@id":"https:\/\/www.lojamelhordosul.com.br\/site\/produto\/14149\/","url":"https:\/\/www.lojamelhordosul.com.br\/site\/produto\/14149\/","name":"C\u00e2mera IP bullet da s\u00e9rie 1000 VIP 1220 B Full Color | Intelbras - Loja Melhor do Sul Sistemas de Seguran\u00e7a","isPartOf":{"@id":"https:\/\/www.lojamelhordosul.com.br\/site\/#website"},"primaryImageOfPage":{"@id":"https:\/\/www.lojamelhordosul.com.br\/site\/produto\/14149\/#primaryimage"},"image":{"@id":"https:\/\/www.lojamelhordosul.com.br\/site\/produto\/14149\/#primaryimage"},"thumbnailUrl":"https:\/\/www.lojamelhordosul.com.br\/site\/wp-content\/uploads\/2023\/06\/camera_ip_intelbras_full_hd_1080p_vip_1220_b_full_color_com_lente_3_6mm_bullet_compativel_com_a_tecn_20264_1_eedccbe39957c4b6d31608ed2453a0f4.webp","datePublished":"2023-06-13T19:04:15+00:00","dateModified":"2026-03-17T18:04:55+00:00","breadcrumb":{"@id":"https:\/\/www.lojamelhordosul.com.br\/site\/produto\/14149\/#breadcrumb"},"inLanguage":"pt-BR","potentialAction":[{"@type":"ReadAction","target":["https:\/\/www.lojamelhordosul.com.br\/site\/produto\/14149\/"]}]},{"@type":"ImageObject","inLanguage":"pt-BR","@id":"https:\/\/www.lojamelhordosul.com.br\/site\/produto\/14149\/#primaryimage","url":"https:\/\/www.lojamelhordosul.com.br\/site\/wp-content\/uploads\/2023\/06\/camera_ip_intelbras_full_hd_1080p_vip_1220_b_full_color_com_lente_3_6mm_bullet_compativel_com_a_tecn_20264_1_eedccbe39957c4b6d31608ed2453a0f4.webp","contentUrl":"https:\/\/www.lojamelhordosul.com.br\/site\/wp-content\/uploads\/2023\/06\/camera_ip_intelbras_full_hd_1080p_vip_1220_b_full_color_com_lente_3_6mm_bullet_compativel_com_a_tecn_20264_1_eedccbe39957c4b6d31608ed2453a0f4.webp","width":1200,"height":1200},{"@type":"BreadcrumbList","@id":"https:\/\/www.lojamelhordosul.com.br\/site\/produto\/14149\/#breadcrumb","itemListElement":[{"@type":"ListItem","position":1,"name":"In\u00edcio","item":"https:\/\/www.lojamelhordosul.com.br\/site\/"},{"@type":"ListItem","position":2,"name":"Loja","item":"https:\/\/www.lojamelhordosul.com.br\/site\/loja\/"},{"@type":"ListItem","position":3,"name":"C\u00e2mera IP bullet da s\u00e9rie 1000 VIP 1220 B Full Color | Intelbras"}]},{"@type":"WebSite","@id":"https:\/\/www.lojamelhordosul.com.br\/site\/#website","url":"https:\/\/www.lojamelhordosul.com.br\/site\/","name":"Loja Melhor do Sul Sistemas de Seguran\u00e7a","description":"Loja Melhor do Sul - Revenda Ouro Intelbras em Porto Alegre","publisher":{"@id":"https:\/\/www.lojamelhordosul.com.br\/site\/#organization"},"potentialAction":[{"@type":"SearchAction","target":{"@type":"EntryPoint","urlTemplate":"https:\/\/www.lojamelhordosul.com.br\/site\/?s={search_term_string}"},"query-input":{"@type":"PropertyValueSpecification","valueRequired":true,"valueName":"search_term_string"}}],"inLanguage":"pt-BR"},{"@type":"Organization","@id":"https:\/\/www.lojamelhordosul.com.br\/site\/#organization","name":"Loja Melhor do Sul","url":"https:\/\/www.lojamelhordosul.com.br\/site\/","logo":{"@type":"ImageObject","inLanguage":"pt-BR","@id":"https:\/\/www.lojamelhordosul.com.br\/site\/#\/schema\/logo\/image\/","url":"https:\/\/www.lojamelhordosul.com.br\/site\/wp-content\/uploads\/2019\/10\/logo-longo-da-loja.png","contentUrl":"https:\/\/www.lojamelhordosul.com.br\/site\/wp-content\/uploads\/2019\/10\/logo-longo-da-loja.png","width":597,"height":114,"caption":"Loja Melhor do Sul"},"image":{"@id":"https:\/\/www.lojamelhordosul.com.br\/site\/#\/schema\/logo\/image\/"}}]}},"_links":{"self":[{"href":"https:\/\/www.lojamelhordosul.com.br\/site\/wp-json\/wp\/v2\/product\/14149","targetHints":{"allow":["GET"]}}],"collection":[{"href":"https:\/\/www.lojamelhordosul.com.br\/site\/wp-json\/wp\/v2\/product"}],"about":[{"href":"https:\/\/www.lojamelhordosul.com.br\/site\/wp-json\/wp\/v2\/types\/product"}],"replies":[{"embeddable":true,"href":"https:\/\/www.lojamelhordosul.com.br\/site\/wp-json\/wp\/v2\/comments?post=14149"}],"wp:featuredmedia":[{"embeddable":true,"href":"https:\/\/www.lojamelhordosul.com.br\/site\/wp-json\/wp\/v2\/media\/14151"}],"wp:attachment":[{"href":"https:\/\/www.lojamelhordosul.com.br\/site\/wp-json\/wp\/v2\/media?parent=14149"}],"wp:term":[{"taxonomy":"product_brand","embeddable":true,"href":"https:\/\/www.lojamelhordosul.com.br\/site\/wp-json\/wp\/v2\/product_brand?post=14149"},{"taxonomy":"product_cat","embeddable":true,"href":"https:\/\/www.lojamelhordosul.com.br\/site\/wp-json\/wp\/v2\/product_cat?post=14149"},{"taxonomy":"product_tag","embeddable":true,"href":"https:\/\/www.lojamelhordosul.com.br\/site\/wp-json\/wp\/v2\/product_tag?post=14149"}],"curies":[{"name":"wp","href":"https:\/\/api.w.org\/{rel}","templated":true}]}}