{"id":14195,"date":"2023-07-07T15:51:49","date_gmt":"2023-07-07T18:51:49","guid":{"rendered":"https:\/\/www.lojamelhordosul.com.br\/site\/?post_type=product&#038;p=14195"},"modified":"2026-03-17T14:52:51","modified_gmt":"2026-03-17T17:52:51","slug":"cctv-camera-de-seguranca-sem-fio-a-prova-dagua-com-bateria-de-duracao-ate-2-meses","status":"publish","type":"product","link":"https:\/\/www.lojamelhordosul.com.br\/site\/produto\/cctv-camera-de-seguranca-sem-fio-a-prova-dagua-com-bateria-de-duracao-ate-2-meses\/","title":{"rendered":"CCTV C\u00e2mera De Seguran\u00e7a Sem Fio \u00c0 Prova D&#8217;\u00e1gua com bateria de dura\u00e7\u00e3o at\u00e9 2 MESES- inclui cart\u00e3o 32gb purple western"},"content":{"rendered":"<p>Descri\u00e7\u00e3o:<br \/>\nA c\u00e2mera de seguran\u00e7a sem fio vem com 2 unidades de bateria recarreg\u00e1vel que dura 2 meses quando totalmente carregada. Com resolu\u00e7\u00e3o de\u00a0 1080mp, a c\u00e2mera de seguran\u00e7a wifi captura v\u00eddeo cristalino de 2 MP. Quando a c\u00e2mera da bateria detecta movimento, uma notifica\u00e7\u00e3o de alarme ser\u00e1 enviada para o seu smartphone via APP, ent\u00e3o voc\u00ea pode acessar a c\u00e2mera remotamente para ver o que acontece em sua casa.<\/p>\n<p>Caracter\u00edstica:<br \/>\nAlimentado por bateria recarreg\u00e1vel: A c\u00e2mera de seguran\u00e7a sem fio vem com 2 unidades de bateria recarreg\u00e1ve (n\u00e3o suporta grava\u00e7\u00e3o 7\/24 durante todo o dia. Ele s\u00f3 come\u00e7a a gravar v\u00eddeos quando detecta os movimentos e a c\u00e2mera de acesso remoto (via telefone)<br \/>\nV\u00eddeo HD 1080mP e vis\u00e3o noturna: com resolu\u00e7\u00e3o de 1080mp, a c\u00e2mera de seguran\u00e7a wifi captura v\u00eddeo cristalino de 2 MP. O LED infravermelho embutido com filtro IR-Cut fornece vis\u00e3o noturna clara e vis\u00e3o noturna de at\u00e9 10 m\/33 p\u00e9s Dist\u00e2ncia. Mantenha sua casa segura dia e noite<br \/>\nDetec\u00e7\u00e3o inteligente de movimento PIR: A c\u00e2mera de seguran\u00e7a sem fio adota o sensor PIR que faz com que a c\u00e2mera de vigil\u00e2ncia externa capture qualquer atividade da forma do corpo humano em sua \u00e1rea de detec\u00e7\u00e3o. Quando o movimento \u00e9 detectado, uma notifica\u00e7\u00e3o de alarme ser\u00e1 enviada para o seu smartphone via APP<br \/>\nClear Two-Way Audio: a c\u00e2mera de seguran\u00e7a externa possui microfone e alto-falante, permitindo que voc\u00ea se comunique com sua fam\u00edlia ou animais de estima\u00e7\u00e3o em qualquer lugar via aplicativo. Voc\u00ea tamb\u00e9m pode dizer ao entregador como colocar seu pacote quando estiver N\u00e3o est\u00e1 em casa<br \/>\nIP66 Imperme\u00e1vel e f\u00e1cil instala\u00e7\u00e3o: a c\u00e2mera de seguran\u00e7a dom\u00e9stica alimentada por bateria e suporta conex\u00e3o Wi-Fi de 2,4 GHz, voc\u00ea pode instal\u00e1-la em qualquer lugar que quiser. Com design imperme\u00e1vel IP66, \u00f3timo para uso externo e interno, como villa, casa, escrit\u00f3rio, loja, armaz\u00e9m, garagem, quintal etc<\/p>\n<p>Especifica\u00e7\u00e3o:<br \/>\nSensor: sensor de imagem COMS 2.0MP de 1\/3<br \/>\nResolu\u00e7\u00e3o: 1920* 1080<br \/>\nLente: de 3,6 mm<br \/>\nLED IR de 30m<br \/>\nVis\u00e3o noturna: 10 m\/33 p\u00e9s<br \/>\nCompress\u00e3o de v\u00eddeo embutida: H.264 e<br \/>\narmazenamento: armazenamento em nuvem e armazenamento em cart\u00e3o TF (MAX 64 GB, cart\u00e3o TF n\u00e3o inclu\u00eddo)<br \/>\nWiFi: 2,4 GHz<br \/>\nPot\u00eancia: 2 unidades recarreg\u00e1veis bateria<br \/>\n\u00e0 prova d\u00e1gua: IP66<br \/>\nTemperatura de trabalho: -10 C 55 C<br \/>\nTamanho: cerca de 14,7* 8,9* 8,3 cm<\/p>\n<p>Lista de pacotes:<\/p>\n<p>1* c\u00e2mera 1* suporte<br \/>\n1* bolsa de parafuso<br \/>\n1* cabo USB<br \/>\n2* Bateria recarreg\u00e1vel<br \/>\n1* Guia do usu\u00e1rio<\/p>\n","protected":false},"excerpt":{"rendered":"<p>Descri\u00e7\u00e3o: A c\u00e2mera de seguran\u00e7a sem fio vem com 2 unidades de bateria recarreg\u00e1vel que dura 2 meses quando totalmente carregada. Com resolu\u00e7\u00e3o de\u00a0 1080mp, a c\u00e2mera de seguran\u00e7a wifi captura v\u00eddeo cristalino de 2 MP. Quando a c\u00e2mera da bateria detecta movimento, uma notifica\u00e7\u00e3o de alarme ser\u00e1 enviada para o seu smartphone via APP, &hellip; <a href=\"https:\/\/www.lojamelhordosul.com.br\/site\/produto\/cctv-camera-de-seguranca-sem-fio-a-prova-dagua-com-bateria-de-duracao-ate-2-meses\/\" class=\"more-link\">Continuar lendo <span class=\"screen-reader-text\">CCTV C\u00e2mera De Seguran\u00e7a Sem Fio \u00c0 Prova D&#8217;\u00e1gua com bateria de dura\u00e7\u00e3o at\u00e9 2 MESES- inclui cart\u00e3o 32gb purple western<\/span><\/a><\/p>\n","protected":false},"featured_media":14196,"comment_status":"closed","ping_status":"closed","template":"","meta":[],"product_brand":[],"product_cat":[1838,2643,2735],"product_tag":[2850,944,2849,968,405],"class_list":{"0":"post-14195","1":"product","2":"type-product","3":"status-publish","4":"has-post-thumbnail","6":"product_cat-cameras-de-seguranca","7":"product_cat-cameras-wifi-seguranca","8":"product_cat-linha-espia","9":"product_tag-3-meses-de-duracao","10":"product_tag-acessorio-da-camera-wifi","11":"product_tag-camera-autonoma","12":"product_tag-camera-protecao-ip66","13":"product_tag-camera-wifi-com-bateria","15":"first","16":"outofstock","17":"shipping-taxable","18":"purchasable","19":"product-type-simple"},"yoast_head":"<!-- This site is optimized with the Yoast SEO plugin v27.4 - https:\/\/yoast.com\/product\/yoast-seo-wordpress\/ -->\n<title>CCTV C\u00e2mera De Seguran\u00e7a Sem Fio \u00c0 Prova D&#039;\u00e1gua com bateria de dura\u00e7\u00e3o at\u00e9 2 MESES- inclui cart\u00e3o 32gb purple western - Loja Melhor do Sul Sistemas de Seguran\u00e7a<\/title>\n<meta name=\"robots\" content=\"index, follow, max-snippet:-1, max-image-preview:large, max-video-preview:-1\" \/>\n<link rel=\"canonical\" href=\"https:\/\/www.lojamelhordosul.com.br\/site\/produto\/cctv-camera-de-seguranca-sem-fio-a-prova-dagua-com-bateria-de-duracao-ate-2-meses\/\" \/>\n<meta property=\"og:locale\" content=\"pt_BR\" \/>\n<meta property=\"og:type\" content=\"article\" \/>\n<meta property=\"og:title\" content=\"CCTV C\u00e2mera De Seguran\u00e7a Sem Fio \u00c0 Prova D&#039;\u00e1gua com bateria de dura\u00e7\u00e3o at\u00e9 2 MESES- inclui cart\u00e3o 32gb purple western - Loja Melhor do Sul Sistemas de Seguran\u00e7a\" \/>\n<meta property=\"og:description\" content=\"Descri\u00e7\u00e3o: A c\u00e2mera de seguran\u00e7a sem fio vem com 2 unidades de bateria recarreg\u00e1vel que dura 2 meses quando totalmente carregada. Com resolu\u00e7\u00e3o de\u00a0 1080mp, a c\u00e2mera de seguran\u00e7a wifi captura v\u00eddeo cristalino de 2 MP. Quando a c\u00e2mera da bateria detecta movimento, uma notifica\u00e7\u00e3o de alarme ser\u00e1 enviada para o seu smartphone via APP, &hellip; Continuar lendo CCTV C\u00e2mera De Seguran\u00e7a Sem Fio \u00c0 Prova D&#8217;\u00e1gua com bateria de dura\u00e7\u00e3o at\u00e9 2 MESES- inclui cart\u00e3o 32gb purple western\" \/>\n<meta property=\"og:url\" content=\"https:\/\/www.lojamelhordosul.com.br\/site\/produto\/cctv-camera-de-seguranca-sem-fio-a-prova-dagua-com-bateria-de-duracao-ate-2-meses\/\" \/>\n<meta property=\"og:site_name\" content=\"Loja Melhor do Sul Sistemas de Seguran\u00e7a\" \/>\n<meta property=\"article:modified_time\" content=\"2026-03-17T17:52:51+00:00\" \/>\n<meta property=\"og:image\" content=\"https:\/\/www.lojamelhordosul.com.br\/site\/wp-content\/uploads\/2023\/07\/Low-Power-Intelligent-WiFi-Battery-Camera.webp\" \/>\n\t<meta property=\"og:image:width\" content=\"1000\" \/>\n\t<meta property=\"og:image:height\" content=\"1000\" \/>\n\t<meta property=\"og:image:type\" content=\"image\/webp\" \/>\n<meta name=\"twitter:card\" content=\"summary_large_image\" \/>\n<meta name=\"twitter:label1\" content=\"Est. tempo de leitura\" \/>\n\t<meta name=\"twitter:data1\" content=\"3 minutos\" \/>\n<script type=\"application\/ld+json\" class=\"yoast-schema-graph\">{\"@context\":\"https:\\\/\\\/schema.org\",\"@graph\":[{\"@type\":\"WebPage\",\"@id\":\"https:\\\/\\\/www.lojamelhordosul.com.br\\\/site\\\/produto\\\/cctv-camera-de-seguranca-sem-fio-a-prova-dagua-com-bateria-de-duracao-ate-2-meses\\\/\",\"url\":\"https:\\\/\\\/www.lojamelhordosul.com.br\\\/site\\\/produto\\\/cctv-camera-de-seguranca-sem-fio-a-prova-dagua-com-bateria-de-duracao-ate-2-meses\\\/\",\"name\":\"CCTV C\u00e2mera De Seguran\u00e7a Sem Fio \u00c0 Prova D'\u00e1gua com bateria de dura\u00e7\u00e3o at\u00e9 2 MESES- inclui cart\u00e3o 32gb purple western - Loja Melhor do Sul Sistemas de Seguran\u00e7a\",\"isPartOf\":{\"@id\":\"https:\\\/\\\/www.lojamelhordosul.com.br\\\/site\\\/#website\"},\"primaryImageOfPage\":{\"@id\":\"https:\\\/\\\/www.lojamelhordosul.com.br\\\/site\\\/produto\\\/cctv-camera-de-seguranca-sem-fio-a-prova-dagua-com-bateria-de-duracao-ate-2-meses\\\/#primaryimage\"},\"image\":{\"@id\":\"https:\\\/\\\/www.lojamelhordosul.com.br\\\/site\\\/produto\\\/cctv-camera-de-seguranca-sem-fio-a-prova-dagua-com-bateria-de-duracao-ate-2-meses\\\/#primaryimage\"},\"thumbnailUrl\":\"https:\\\/\\\/www.lojamelhordosul.com.br\\\/site\\\/wp-content\\\/uploads\\\/2023\\\/07\\\/Low-Power-Intelligent-WiFi-Battery-Camera.webp\",\"datePublished\":\"2023-07-07T18:51:49+00:00\",\"dateModified\":\"2026-03-17T17:52:51+00:00\",\"breadcrumb\":{\"@id\":\"https:\\\/\\\/www.lojamelhordosul.com.br\\\/site\\\/produto\\\/cctv-camera-de-seguranca-sem-fio-a-prova-dagua-com-bateria-de-duracao-ate-2-meses\\\/#breadcrumb\"},\"inLanguage\":\"pt-BR\",\"potentialAction\":[{\"@type\":\"ReadAction\",\"target\":[\"https:\\\/\\\/www.lojamelhordosul.com.br\\\/site\\\/produto\\\/cctv-camera-de-seguranca-sem-fio-a-prova-dagua-com-bateria-de-duracao-ate-2-meses\\\/\"]}]},{\"@type\":\"ImageObject\",\"inLanguage\":\"pt-BR\",\"@id\":\"https:\\\/\\\/www.lojamelhordosul.com.br\\\/site\\\/produto\\\/cctv-camera-de-seguranca-sem-fio-a-prova-dagua-com-bateria-de-duracao-ate-2-meses\\\/#primaryimage\",\"url\":\"https:\\\/\\\/www.lojamelhordosul.com.br\\\/site\\\/wp-content\\\/uploads\\\/2023\\\/07\\\/Low-Power-Intelligent-WiFi-Battery-Camera.webp\",\"contentUrl\":\"https:\\\/\\\/www.lojamelhordosul.com.br\\\/site\\\/wp-content\\\/uploads\\\/2023\\\/07\\\/Low-Power-Intelligent-WiFi-Battery-Camera.webp\",\"width\":1000,\"height\":1000},{\"@type\":\"BreadcrumbList\",\"@id\":\"https:\\\/\\\/www.lojamelhordosul.com.br\\\/site\\\/produto\\\/cctv-camera-de-seguranca-sem-fio-a-prova-dagua-com-bateria-de-duracao-ate-2-meses\\\/#breadcrumb\",\"itemListElement\":[{\"@type\":\"ListItem\",\"position\":1,\"name\":\"In\u00edcio\",\"item\":\"https:\\\/\\\/www.lojamelhordosul.com.br\\\/site\\\/\"},{\"@type\":\"ListItem\",\"position\":2,\"name\":\"Loja\",\"item\":\"https:\\\/\\\/www.lojamelhordosul.com.br\\\/site\\\/loja\\\/\"},{\"@type\":\"ListItem\",\"position\":3,\"name\":\"CCTV C\u00e2mera De Seguran\u00e7a Sem Fio \u00c0 Prova D&#8217;\u00e1gua com bateria de dura\u00e7\u00e3o at\u00e9 2 MESES- inclui cart\u00e3o 32gb purple western\"}]},{\"@type\":\"WebSite\",\"@id\":\"https:\\\/\\\/www.lojamelhordosul.com.br\\\/site\\\/#website\",\"url\":\"https:\\\/\\\/www.lojamelhordosul.com.br\\\/site\\\/\",\"name\":\"Loja Melhor do Sul Sistemas de Seguran\u00e7a\",\"description\":\"Loja Melhor do Sul - Revenda Ouro Intelbras em Porto Alegre\",\"publisher\":{\"@id\":\"https:\\\/\\\/www.lojamelhordosul.com.br\\\/site\\\/#organization\"},\"potentialAction\":[{\"@type\":\"SearchAction\",\"target\":{\"@type\":\"EntryPoint\",\"urlTemplate\":\"https:\\\/\\\/www.lojamelhordosul.com.br\\\/site\\\/?s={search_term_string}\"},\"query-input\":{\"@type\":\"PropertyValueSpecification\",\"valueRequired\":true,\"valueName\":\"search_term_string\"}}],\"inLanguage\":\"pt-BR\"},{\"@type\":\"Organization\",\"@id\":\"https:\\\/\\\/www.lojamelhordosul.com.br\\\/site\\\/#organization\",\"name\":\"Loja Melhor do Sul\",\"url\":\"https:\\\/\\\/www.lojamelhordosul.com.br\\\/site\\\/\",\"logo\":{\"@type\":\"ImageObject\",\"inLanguage\":\"pt-BR\",\"@id\":\"https:\\\/\\\/www.lojamelhordosul.com.br\\\/site\\\/#\\\/schema\\\/logo\\\/image\\\/\",\"url\":\"https:\\\/\\\/www.lojamelhordosul.com.br\\\/site\\\/wp-content\\\/uploads\\\/2019\\\/10\\\/logo-longo-da-loja.png\",\"contentUrl\":\"https:\\\/\\\/www.lojamelhordosul.com.br\\\/site\\\/wp-content\\\/uploads\\\/2019\\\/10\\\/logo-longo-da-loja.png\",\"width\":597,\"height\":114,\"caption\":\"Loja Melhor do Sul\"},\"image\":{\"@id\":\"https:\\\/\\\/www.lojamelhordosul.com.br\\\/site\\\/#\\\/schema\\\/logo\\\/image\\\/\"}}]}<\/script>\n<!-- \/ Yoast SEO plugin. -->","yoast_head_json":{"title":"CCTV C\u00e2mera De Seguran\u00e7a Sem Fio \u00c0 Prova D'\u00e1gua com bateria de dura\u00e7\u00e3o at\u00e9 2 MESES- inclui cart\u00e3o 32gb purple western - Loja Melhor do Sul Sistemas de Seguran\u00e7a","robots":{"index":"index","follow":"follow","max-snippet":"max-snippet:-1","max-image-preview":"max-image-preview:large","max-video-preview":"max-video-preview:-1"},"canonical":"https:\/\/www.lojamelhordosul.com.br\/site\/produto\/cctv-camera-de-seguranca-sem-fio-a-prova-dagua-com-bateria-de-duracao-ate-2-meses\/","og_locale":"pt_BR","og_type":"article","og_title":"CCTV C\u00e2mera De Seguran\u00e7a Sem Fio \u00c0 Prova D'\u00e1gua com bateria de dura\u00e7\u00e3o at\u00e9 2 MESES- inclui cart\u00e3o 32gb purple western - Loja Melhor do Sul Sistemas de Seguran\u00e7a","og_description":"Descri\u00e7\u00e3o: A c\u00e2mera de seguran\u00e7a sem fio vem com 2 unidades de bateria recarreg\u00e1vel que dura 2 meses quando totalmente carregada. Com resolu\u00e7\u00e3o de\u00a0 1080mp, a c\u00e2mera de seguran\u00e7a wifi captura v\u00eddeo cristalino de 2 MP. Quando a c\u00e2mera da bateria detecta movimento, uma notifica\u00e7\u00e3o de alarme ser\u00e1 enviada para o seu smartphone via APP, &hellip; Continuar lendo CCTV C\u00e2mera De Seguran\u00e7a Sem Fio \u00c0 Prova D&#8217;\u00e1gua com bateria de dura\u00e7\u00e3o at\u00e9 2 MESES- inclui cart\u00e3o 32gb purple western","og_url":"https:\/\/www.lojamelhordosul.com.br\/site\/produto\/cctv-camera-de-seguranca-sem-fio-a-prova-dagua-com-bateria-de-duracao-ate-2-meses\/","og_site_name":"Loja Melhor do Sul Sistemas de Seguran\u00e7a","article_modified_time":"2026-03-17T17:52:51+00:00","og_image":[{"width":1000,"height":1000,"url":"https:\/\/www.lojamelhordosul.com.br\/site\/wp-content\/uploads\/2023\/07\/Low-Power-Intelligent-WiFi-Battery-Camera.webp","type":"image\/webp"}],"twitter_card":"summary_large_image","twitter_misc":{"Est. tempo de leitura":"3 minutos"},"schema":{"@context":"https:\/\/schema.org","@graph":[{"@type":"WebPage","@id":"https:\/\/www.lojamelhordosul.com.br\/site\/produto\/cctv-camera-de-seguranca-sem-fio-a-prova-dagua-com-bateria-de-duracao-ate-2-meses\/","url":"https:\/\/www.lojamelhordosul.com.br\/site\/produto\/cctv-camera-de-seguranca-sem-fio-a-prova-dagua-com-bateria-de-duracao-ate-2-meses\/","name":"CCTV C\u00e2mera De Seguran\u00e7a Sem Fio \u00c0 Prova D'\u00e1gua com bateria de dura\u00e7\u00e3o at\u00e9 2 MESES- inclui cart\u00e3o 32gb purple western - Loja Melhor do Sul Sistemas de Seguran\u00e7a","isPartOf":{"@id":"https:\/\/www.lojamelhordosul.com.br\/site\/#website"},"primaryImageOfPage":{"@id":"https:\/\/www.lojamelhordosul.com.br\/site\/produto\/cctv-camera-de-seguranca-sem-fio-a-prova-dagua-com-bateria-de-duracao-ate-2-meses\/#primaryimage"},"image":{"@id":"https:\/\/www.lojamelhordosul.com.br\/site\/produto\/cctv-camera-de-seguranca-sem-fio-a-prova-dagua-com-bateria-de-duracao-ate-2-meses\/#primaryimage"},"thumbnailUrl":"https:\/\/www.lojamelhordosul.com.br\/site\/wp-content\/uploads\/2023\/07\/Low-Power-Intelligent-WiFi-Battery-Camera.webp","datePublished":"2023-07-07T18:51:49+00:00","dateModified":"2026-03-17T17:52:51+00:00","breadcrumb":{"@id":"https:\/\/www.lojamelhordosul.com.br\/site\/produto\/cctv-camera-de-seguranca-sem-fio-a-prova-dagua-com-bateria-de-duracao-ate-2-meses\/#breadcrumb"},"inLanguage":"pt-BR","potentialAction":[{"@type":"ReadAction","target":["https:\/\/www.lojamelhordosul.com.br\/site\/produto\/cctv-camera-de-seguranca-sem-fio-a-prova-dagua-com-bateria-de-duracao-ate-2-meses\/"]}]},{"@type":"ImageObject","inLanguage":"pt-BR","@id":"https:\/\/www.lojamelhordosul.com.br\/site\/produto\/cctv-camera-de-seguranca-sem-fio-a-prova-dagua-com-bateria-de-duracao-ate-2-meses\/#primaryimage","url":"https:\/\/www.lojamelhordosul.com.br\/site\/wp-content\/uploads\/2023\/07\/Low-Power-Intelligent-WiFi-Battery-Camera.webp","contentUrl":"https:\/\/www.lojamelhordosul.com.br\/site\/wp-content\/uploads\/2023\/07\/Low-Power-Intelligent-WiFi-Battery-Camera.webp","width":1000,"height":1000},{"@type":"BreadcrumbList","@id":"https:\/\/www.lojamelhordosul.com.br\/site\/produto\/cctv-camera-de-seguranca-sem-fio-a-prova-dagua-com-bateria-de-duracao-ate-2-meses\/#breadcrumb","itemListElement":[{"@type":"ListItem","position":1,"name":"In\u00edcio","item":"https:\/\/www.lojamelhordosul.com.br\/site\/"},{"@type":"ListItem","position":2,"name":"Loja","item":"https:\/\/www.lojamelhordosul.com.br\/site\/loja\/"},{"@type":"ListItem","position":3,"name":"CCTV C\u00e2mera De Seguran\u00e7a Sem Fio \u00c0 Prova D&#8217;\u00e1gua com bateria de dura\u00e7\u00e3o at\u00e9 2 MESES- inclui cart\u00e3o 32gb purple western"}]},{"@type":"WebSite","@id":"https:\/\/www.lojamelhordosul.com.br\/site\/#website","url":"https:\/\/www.lojamelhordosul.com.br\/site\/","name":"Loja Melhor do Sul Sistemas de Seguran\u00e7a","description":"Loja Melhor do Sul - Revenda Ouro Intelbras em Porto Alegre","publisher":{"@id":"https:\/\/www.lojamelhordosul.com.br\/site\/#organization"},"potentialAction":[{"@type":"SearchAction","target":{"@type":"EntryPoint","urlTemplate":"https:\/\/www.lojamelhordosul.com.br\/site\/?s={search_term_string}"},"query-input":{"@type":"PropertyValueSpecification","valueRequired":true,"valueName":"search_term_string"}}],"inLanguage":"pt-BR"},{"@type":"Organization","@id":"https:\/\/www.lojamelhordosul.com.br\/site\/#organization","name":"Loja Melhor do Sul","url":"https:\/\/www.lojamelhordosul.com.br\/site\/","logo":{"@type":"ImageObject","inLanguage":"pt-BR","@id":"https:\/\/www.lojamelhordosul.com.br\/site\/#\/schema\/logo\/image\/","url":"https:\/\/www.lojamelhordosul.com.br\/site\/wp-content\/uploads\/2019\/10\/logo-longo-da-loja.png","contentUrl":"https:\/\/www.lojamelhordosul.com.br\/site\/wp-content\/uploads\/2019\/10\/logo-longo-da-loja.png","width":597,"height":114,"caption":"Loja Melhor do Sul"},"image":{"@id":"https:\/\/www.lojamelhordosul.com.br\/site\/#\/schema\/logo\/image\/"}}]}},"_links":{"self":[{"href":"https:\/\/www.lojamelhordosul.com.br\/site\/wp-json\/wp\/v2\/product\/14195","targetHints":{"allow":["GET"]}}],"collection":[{"href":"https:\/\/www.lojamelhordosul.com.br\/site\/wp-json\/wp\/v2\/product"}],"about":[{"href":"https:\/\/www.lojamelhordosul.com.br\/site\/wp-json\/wp\/v2\/types\/product"}],"replies":[{"embeddable":true,"href":"https:\/\/www.lojamelhordosul.com.br\/site\/wp-json\/wp\/v2\/comments?post=14195"}],"wp:featuredmedia":[{"embeddable":true,"href":"https:\/\/www.lojamelhordosul.com.br\/site\/wp-json\/wp\/v2\/media\/14196"}],"wp:attachment":[{"href":"https:\/\/www.lojamelhordosul.com.br\/site\/wp-json\/wp\/v2\/media?parent=14195"}],"wp:term":[{"taxonomy":"product_brand","embeddable":true,"href":"https:\/\/www.lojamelhordosul.com.br\/site\/wp-json\/wp\/v2\/product_brand?post=14195"},{"taxonomy":"product_cat","embeddable":true,"href":"https:\/\/www.lojamelhordosul.com.br\/site\/wp-json\/wp\/v2\/product_cat?post=14195"},{"taxonomy":"product_tag","embeddable":true,"href":"https:\/\/www.lojamelhordosul.com.br\/site\/wp-json\/wp\/v2\/product_tag?post=14195"}],"curies":[{"name":"wp","href":"https:\/\/api.w.org\/{rel}","templated":true}]}}