{"id":14201,"date":"2023-07-12T14:59:54","date_gmt":"2023-07-12T17:59:54","guid":{"rendered":"https:\/\/www.lojamelhordosul.com.br\/site\/?post_type=product&#038;p=14201"},"modified":"2026-03-17T14:51:29","modified_gmt":"2026-03-17T17:51:29","slug":"fechadura-eletroima-150-kgf-fe-21150-d-c-sensor","status":"publish","type":"product","link":"https:\/\/www.lojamelhordosul.com.br\/site\/produto\/fechadura-eletroima-150-kgf-fe-21150-d-c-sensor\/","title":{"rendered":"Fechadura eletro\u00edm\u00e3 150 kgf- FE 21150 D C\/SENSOR"},"content":{"rendered":"<div>\n<div class=\"z-index-4 internal-fixed-navigation\">\n<div class=\"grid-container \">\n<div class=\"navigation-sticky\"><\/div>\n<\/div>\n<\/div>\n<\/div>\n<div>\n<div class=\"grid-container \">\n<div class=\"mt2 mb2 \">\n<div class=\"grid-container \">\n<div class=\"block-mini-banner\" data-ga-name=\"section-mini-banner\">\n<div class=\"grid-x grid-margin-x align-middle\">\n<div class=\"cell medium-6 medium-order-2 large-offset-1\">\n<div class=\"block-mini-banner__media\">\n<figure class=\"text-center object-fit--contain\"><a href=\"https:\/\/www.lojamelhordosul.com.br\/site\/wp-content\/uploads\/2023\/07\/Logo-do-Site-LMS.png\"><img decoding=\"async\" class=\"wp-image-14194 aligncenter\" src=\"https:\/\/www.lojamelhordosul.com.br\/site\/wp-content\/uploads\/2023\/07\/Logo-do-Site-LMS.png\" alt=\"\" width=\"462\" height=\"154\" \/><\/a><img decoding=\"async\" class=\"aligncenter\" src=\"https:\/\/backend.intelbras.com\/sites\/default\/files\/styles\/large\/public\/2021-03\/fe-21150-d-fechadura-eletroima-com-tampa-de-protecao.jpg\" alt=\"fe-21150-d-fechadura-eletroima-com-tampa-de-protecao\" \/><\/figure>\n<\/div>\n<\/div>\n<div class=\"cell medium-auto medium-order-1\">\n<div class=\"block-mini-banner__content\">\n<div class=\"mt2 mb2 \">\n<h2 class=\"weight--small-300 weight--large-200 h3\">Tampa de prote\u00e7\u00e3o<\/h2>\n<\/div>\n<div class=\"text text--300\">\n<div class=\"block-template overflow-hidden\">\n<p>Fechadura e suporte em a\u00e7o com tampa de prote\u00e7\u00e3o em ABS refor\u00e7ado e revestimento em inox, protegendo a fechadura contra tentativas de viola\u00e7\u00e3o.<\/p>\n<\/div>\n<\/div>\n<\/div>\n<\/div>\n<\/div>\n<\/div>\n<\/div>\n<\/div>\n<div class=\"mt2 mb2 \">\n<div class=\"grid-container \">\n<div class=\"block-mini-banner\" data-ga-name=\"section-mini-banner\">\n<div class=\"grid-x grid-margin-x align-middle\">\n<div class=\"cell medium-6\">\n<div class=\"block-mini-banner__media\">\n<figure class=\"text-center object-fit--contain\"><img decoding=\"async\" class=\"aligncenter\" src=\"https:\/\/backend.intelbras.com\/sites\/default\/files\/styles\/large\/public\/2021-03\/fe-21150-d-fechadura-eletroima-exclusivo-para-portas-com-abertura-para-dentro.jpg\" alt=\"fe-21150-d-fechadura-eletroima-exclusivo-para-portas-com-abertura-para-dentro\" \/><\/figure>\n<\/div>\n<\/div>\n<div class=\"cell medium-auto\">\n<div class=\"block-mini-banner__content\">\n<div class=\"mt2 mb2 \">\n<h2 class=\"weight--small-300 weight--large-200 h3\">Exclusiva para portas com abertura para dentro<\/h2>\n<\/div>\n<div class=\"text text--300\">\n<div class=\"block-template overflow-hidden\">\n<p>\u00c9 vers\u00e1til e adapt\u00e1vel, pode ser instada em portas de madeira, alum\u00ednio, a\u00e7o e vidro, oferecendo maior seguran\u00e7a ao ambiente.<\/p>\n<\/div>\n<\/div>\n<\/div>\n<\/div>\n<\/div>\n<\/div>\n<\/div>\n<\/div>\n<div class=\"mt2 mb2 \">\n<div class=\"grid-container \">\n<div class=\"block-mini-banner\" data-ga-name=\"section-mini-banner\">\n<div class=\"grid-x grid-margin-x align-middle\">\n<div class=\"cell medium-6 medium-order-2 large-offset-1\">\n<div class=\"block-mini-banner__media\">\n<figure class=\"text-center object-fit--contain\"><img decoding=\"async\" class=\"aligncenter\" src=\"https:\/\/backend.intelbras.com\/sites\/default\/files\/styles\/large\/public\/2021-11\/versoes-com-e-sem-sensor-fe-21150-d.jpg\" alt=\"versoes-com-e-sem-sensor-fe-21150-d\" \/><\/figure>\n<\/div>\n<\/div>\n<div class=\"cell medium-auto medium-order-1\">\n<div class=\"block-mini-banner__content\">\n<div class=\"mt2 mb2 \">\n<h2 class=\"weight--small-300 weight--large-200 h3\">Vers\u00f5es com e sem sensor<\/h2>\n<\/div>\n<div class=\"text text--300\">\n<div class=\"block-template overflow-hidden\">\n<p>Para aumentar a seguran\u00e7a e melhorar o controle de acesso, possui uma vers\u00e3o com sensor integrado que envia um sinal para o controlador de acesso ou alarme, informando se a porta est\u00e1 aberta.<\/p>\n<\/div>\n<\/div>\n<\/div>\n<\/div>\n<\/div>\n<\/div>\n<\/div>\n<\/div>\n<div class=\"mt2 mb2 \">\n<div class=\"grid-container \">\n<div class=\"block-mini-banner\" data-ga-name=\"section-mini-banner\">\n<div class=\"grid-x grid-margin-x align-middle\">\n<div class=\"cell medium-6\">\n<div class=\"block-mini-banner__media\">\n<figure class=\"text-center object-fit--contain\"><img decoding=\"async\" class=\"aligncenter\" src=\"https:\/\/backend.intelbras.com\/sites\/default\/files\/styles\/large\/public\/2021-03\/fe-21150-d-fechadura-eletroima-com-suporte-para-instalacao.jpg\" alt=\"fe-21150-d-fechadura-eletroima-com-suporte-para-instalacao\" \/><\/figure>\n<\/div>\n<\/div>\n<div class=\"cell medium-auto\">\n<div class=\"block-mini-banner__content\">\n<div class=\"mt2 mb2 \">\n<h2 class=\"weight--small-300 weight--large-200 h3\">Suporte para instala\u00e7\u00e3o em porta de vidro<\/h2>\n<\/div>\n<div class=\"text text--300\">\n<div class=\"block-template overflow-hidden\">\n<p>A FE 21150 D combina com todo tipo de porta. Com o suporte SV 21150 D (vendido separadamente), \u00e9 poss\u00edvel instalar tamb\u00e9m em portas de vidro.<\/p>\n<\/div>\n<\/div>\n<\/div>\n<\/div>\n<\/div>\n<\/div>\n<\/div>\n<\/div>\n<\/div>\n<div class=\"mb3 \">\n<section id=\"\" class=\"block--dark-gray\">\n<div class=\"grid-container \">\n<div class=\"pt3 pb1\">\n<div class=\"block-dynamic-list small\">\n<div class=\"mb2 \">\n<div class=\"pb1\">\n<h2 class=\"large-text-center weight--small-300 large-h3\">Onde pode ser utilizado?<\/h2>\n<\/div>\n<\/div>\n<div class=\"\">\n<div class=\"block-dynamic-list__content--carousel\">\n<div class=\"block-carousel\">\n<div class=\"block-carousel__container\">\n<div class=\"slick-slider slick-aligned slick-initialized\">\n<div class=\"slick-list\">\n<div class=\"slick-track\">\n<div class=\"slick-slide slick-active slick-current\" tabindex=\"-1\" data-index=\"0\" aria-hidden=\"false\">\n<div>\n<div class=\"block-carousel__item\" tabindex=\"-1\">\n<div class=\"card element-card small no-link\">\n<div class=\"grid-x\">\n<div class=\"cell\">\n<div class=\"element-card__media\">\n<div class=\"pt1 pb2\">\n<div class=\"card-image object-fit--cover\">\n<figure class=\"text-center \"><img decoding=\"async\" class=\"aligncenter\" src=\"https:\/\/backend.intelbras.com\/sites\/default\/files\/styles\/medium\/public\/2019-01\/Empresas_280x162px.jpg\" alt=\"\" \/><\/figure>\n<\/div>\n<\/div>\n<\/div>\n<\/div>\n<div class=\"cell\">\n<div class=\"element-card__content\">\n<div class=\"mb1 \">\n<h4 class=\"text--300\">Empresas<\/h4>\n<\/div>\n<\/div>\n<\/div>\n<\/div>\n<\/div>\n<\/div>\n<\/div>\n<\/div>\n<div class=\"slick-slide slick-active\" tabindex=\"-1\" data-index=\"1\" aria-hidden=\"false\">\n<div>\n<div class=\"block-carousel__item\" tabindex=\"-1\">\n<div class=\"card element-card small no-link\">\n<div class=\"grid-x\">\n<div class=\"cell\">\n<div class=\"element-card__media\">\n<div class=\"pt1 pb2\">\n<div class=\"card-image object-fit--cover\">\n<figure class=\"text-center \"><img decoding=\"async\" class=\"aligncenter\" src=\"https:\/\/backend.intelbras.com\/sites\/default\/files\/styles\/medium\/public\/2019-01\/Condominios_280x162px.jpg\" alt=\"\" \/><\/figure>\n<\/div>\n<\/div>\n<\/div>\n<\/div>\n<div class=\"cell\">\n<div class=\"element-card__content\">\n<div class=\"mb1 \">\n<h4 class=\"text--300\">Condom\u00ednios<\/h4>\n<\/div>\n<\/div>\n<\/div>\n<\/div>\n<\/div>\n<\/div>\n<\/div>\n<\/div>\n<div class=\"slick-slide slick-active\" tabindex=\"-1\" data-index=\"2\" aria-hidden=\"false\">\n<div>\n<div class=\"block-carousel__item\" tabindex=\"-1\">\n<div class=\"card element-card small no-link\">\n<div class=\"grid-x\">\n<div class=\"cell\">\n<div class=\"element-card__media\">\n<div class=\"pt1 pb2\">\n<div class=\"card-image object-fit--cover\">\n<figure class=\"text-center \"><img decoding=\"async\" class=\"aligncenter\" src=\"https:\/\/backend.intelbras.com\/sites\/default\/files\/styles\/medium\/public\/2019-03\/Universidades_280x162px.jpg\" alt=\"\" \/><\/figure>\n<\/div>\n<\/div>\n<\/div>\n<\/div>\n<div class=\"cell\">\n<div class=\"element-card__content\">\n<div class=\"mb1 \">\n<h4 class=\"text--300\">Universidades<\/h4>\n<\/div>\n<\/div>\n<\/div>\n<\/div>\n<\/div>\n<\/div>\n<\/div>\n<\/div>\n<\/div>\n<\/div>\n<\/div>\n<\/div>\n<\/div>\n<\/div>\n<\/div>\n<\/div>\n<\/div>\n<\/div>\n<\/section>\n<\/div>\n<\/div>\n<div>\n<div class=\"grid-container \">\n<div class=\"mb3 \">\n<div class=\"block-tab\" data-ga-name=\"tab\">\n<div class=\"overflow-x-auto start\">\n<div class=\"overflow-x-auto__wrapper\">\n<div class=\"pb2\">\n<nav class=\"block-tab__header false\">\n<ul class=\"\">\n<li class=\"block-tab__header__item block-tab__header__item--actived\" data-ga-action=\"tab-item-especificacoes-tecnicas\">\n<div class=\"block-tab__header__item-tab\">\n<div class=\"block-tab__header__item-label\">Especifica\u00e7\u00f5es T\u00e9cnicas<\/div>\n<\/div>\n<\/li>\n<li class=\"block-tab__header__item \" data-ga-action=\"tab-item-arquivos-para-download\">\n<div class=\"block-tab__header__item-tab\">\n<div class=\"block-tab__header__item-label\">Arquivos para download<\/div>\n<\/div>\n<\/li>\n<\/ul>\n<\/nav>\n<\/div>\n<\/div>\n<\/div>\n<div class=\"block-tab__content\">\n<div class=\"block-tab__content__item block-tab__content__item--actived\" data-ga-name=\"especificacoes-tecnicas\">\n<div class=\"mt2 \"><a class=\" \" href=\"http:\/\/backend.intelbras.com\/sites\/default\/files\/2023-04\/Datasheet_FE_21150_D_c%20e%20s%20-%20sensor.pdf\" target=\"_blank\" rel=\"noreferrer noopener\" data-ga-action=\"download-especificacoes-tecnicas\"><span class=\"link-text\">Ficha t\u00e9cnica \u2013 FE 21150 D.pdf<\/span><img decoding=\"async\" class=\"ml1\" src=\"https:\/\/www.intelbras.com\/assets\/images\/icons\/icon_download.svg\" alt=\"download icon\" \/><\/a><\/div>\n<\/div>\n<\/div>\n<\/div>\n<\/div>\n<\/div>\n<\/div>\n","protected":false},"excerpt":{"rendered":"<p>Tampa de prote\u00e7\u00e3o Fechadura e suporte em a\u00e7o com tampa de prote\u00e7\u00e3o em ABS refor\u00e7ado e revestimento em inox, protegendo a fechadura contra tentativas de viola\u00e7\u00e3o. Exclusiva para portas com abertura para dentro \u00c9 vers\u00e1til e adapt\u00e1vel, pode ser instada em portas de madeira, alum\u00ednio, a\u00e7o e vidro, oferecendo maior seguran\u00e7a ao ambiente. Vers\u00f5es com &hellip; <a href=\"https:\/\/www.lojamelhordosul.com.br\/site\/produto\/fechadura-eletroima-150-kgf-fe-21150-d-c-sensor\/\" class=\"more-link\">Continuar lendo <span class=\"screen-reader-text\">Fechadura eletro\u00edm\u00e3 150 kgf- FE 21150 D C\/SENSOR<\/span><\/a><\/p>\n","protected":false},"featured_media":14203,"comment_status":"closed","ping_status":"closed","template":"","meta":[],"product_brand":[],"product_cat":[2758,2756,2763,2760],"product_tag":[2061,2059],"class_list":{"0":"post-14201","1":"product","2":"type-product","3":"status-publish","4":"has-post-thumbnail","6":"product_cat-controladores-de-acessso","7":"product_cat-controle-acesso","8":"product_cat-fechadura-de-eletroima","9":"product_cat-controle-acesso-fechaduras","10":"product_tag-fechadura-eletroima-com-sensor","11":"product_tag-fechadura-eletroima-intelbras","13":"first","14":"instock","15":"shipping-taxable","16":"purchasable","17":"product-type-simple"},"yoast_head":"<!-- This site is optimized with the Yoast SEO plugin v27.4 - https:\/\/yoast.com\/product\/yoast-seo-wordpress\/ -->\n<title>Fechadura eletro\u00edm\u00e3 150 kgf- FE 21150 D C\/SENSOR - Loja Melhor do Sul Sistemas de Seguran\u00e7a<\/title>\n<meta name=\"robots\" content=\"index, follow, max-snippet:-1, max-image-preview:large, max-video-preview:-1\" \/>\n<link rel=\"canonical\" href=\"https:\/\/www.lojamelhordosul.com.br\/site\/produto\/fechadura-eletroima-150-kgf-fe-21150-d-c-sensor\/\" \/>\n<meta property=\"og:locale\" content=\"pt_BR\" \/>\n<meta property=\"og:type\" content=\"article\" \/>\n<meta property=\"og:title\" content=\"Fechadura eletro\u00edm\u00e3 150 kgf- FE 21150 D C\/SENSOR - Loja Melhor do Sul Sistemas de Seguran\u00e7a\" \/>\n<meta property=\"og:description\" content=\"Tampa de prote\u00e7\u00e3o Fechadura e suporte em a\u00e7o com tampa de prote\u00e7\u00e3o em ABS refor\u00e7ado e revestimento em inox, protegendo a fechadura contra tentativas de viola\u00e7\u00e3o. Exclusiva para portas com abertura para dentro \u00c9 vers\u00e1til e adapt\u00e1vel, pode ser instada em portas de madeira, alum\u00ednio, a\u00e7o e vidro, oferecendo maior seguran\u00e7a ao ambiente. Vers\u00f5es com &hellip; Continuar lendo Fechadura eletro\u00edm\u00e3 150 kgf- FE 21150 D C\/SENSOR\" \/>\n<meta property=\"og:url\" content=\"https:\/\/www.lojamelhordosul.com.br\/site\/produto\/fechadura-eletroima-150-kgf-fe-21150-d-c-sensor\/\" \/>\n<meta property=\"og:site_name\" content=\"Loja Melhor do Sul Sistemas de Seguran\u00e7a\" \/>\n<meta property=\"article:modified_time\" content=\"2026-03-17T17:51:29+00:00\" \/>\n<meta property=\"og:image\" content=\"https:\/\/www.lojamelhordosul.com.br\/site\/wp-content\/uploads\/2023\/07\/fe21150_fechadura_eletroima_vertical_fechado_perspec_esq_sem_peca_metalica.png\" \/>\n\t<meta property=\"og:image:width\" content=\"800\" \/>\n\t<meta property=\"og:image:height\" content=\"800\" \/>\n\t<meta property=\"og:image:type\" content=\"image\/png\" \/>\n<meta name=\"twitter:card\" content=\"summary_large_image\" \/>\n<meta name=\"twitter:label1\" content=\"Est. tempo de leitura\" \/>\n\t<meta name=\"twitter:data1\" content=\"3 minutos\" \/>\n<script type=\"application\/ld+json\" class=\"yoast-schema-graph\">{\"@context\":\"https:\\\/\\\/schema.org\",\"@graph\":[{\"@type\":\"WebPage\",\"@id\":\"https:\\\/\\\/www.lojamelhordosul.com.br\\\/site\\\/produto\\\/fechadura-eletroima-150-kgf-fe-21150-d-c-sensor\\\/\",\"url\":\"https:\\\/\\\/www.lojamelhordosul.com.br\\\/site\\\/produto\\\/fechadura-eletroima-150-kgf-fe-21150-d-c-sensor\\\/\",\"name\":\"Fechadura eletro\u00edm\u00e3 150 kgf- FE 21150 D C\\\/SENSOR - Loja Melhor do Sul Sistemas de Seguran\u00e7a\",\"isPartOf\":{\"@id\":\"https:\\\/\\\/www.lojamelhordosul.com.br\\\/site\\\/#website\"},\"primaryImageOfPage\":{\"@id\":\"https:\\\/\\\/www.lojamelhordosul.com.br\\\/site\\\/produto\\\/fechadura-eletroima-150-kgf-fe-21150-d-c-sensor\\\/#primaryimage\"},\"image\":{\"@id\":\"https:\\\/\\\/www.lojamelhordosul.com.br\\\/site\\\/produto\\\/fechadura-eletroima-150-kgf-fe-21150-d-c-sensor\\\/#primaryimage\"},\"thumbnailUrl\":\"https:\\\/\\\/www.lojamelhordosul.com.br\\\/site\\\/wp-content\\\/uploads\\\/2023\\\/07\\\/fe21150_fechadura_eletroima_vertical_fechado_perspec_esq_sem_peca_metalica.png\",\"datePublished\":\"2023-07-12T17:59:54+00:00\",\"dateModified\":\"2026-03-17T17:51:29+00:00\",\"breadcrumb\":{\"@id\":\"https:\\\/\\\/www.lojamelhordosul.com.br\\\/site\\\/produto\\\/fechadura-eletroima-150-kgf-fe-21150-d-c-sensor\\\/#breadcrumb\"},\"inLanguage\":\"pt-BR\",\"potentialAction\":[{\"@type\":\"ReadAction\",\"target\":[\"https:\\\/\\\/www.lojamelhordosul.com.br\\\/site\\\/produto\\\/fechadura-eletroima-150-kgf-fe-21150-d-c-sensor\\\/\"]}]},{\"@type\":\"ImageObject\",\"inLanguage\":\"pt-BR\",\"@id\":\"https:\\\/\\\/www.lojamelhordosul.com.br\\\/site\\\/produto\\\/fechadura-eletroima-150-kgf-fe-21150-d-c-sensor\\\/#primaryimage\",\"url\":\"https:\\\/\\\/www.lojamelhordosul.com.br\\\/site\\\/wp-content\\\/uploads\\\/2023\\\/07\\\/fe21150_fechadura_eletroima_vertical_fechado_perspec_esq_sem_peca_metalica.png\",\"contentUrl\":\"https:\\\/\\\/www.lojamelhordosul.com.br\\\/site\\\/wp-content\\\/uploads\\\/2023\\\/07\\\/fe21150_fechadura_eletroima_vertical_fechado_perspec_esq_sem_peca_metalica.png\",\"width\":800,\"height\":800},{\"@type\":\"BreadcrumbList\",\"@id\":\"https:\\\/\\\/www.lojamelhordosul.com.br\\\/site\\\/produto\\\/fechadura-eletroima-150-kgf-fe-21150-d-c-sensor\\\/#breadcrumb\",\"itemListElement\":[{\"@type\":\"ListItem\",\"position\":1,\"name\":\"In\u00edcio\",\"item\":\"https:\\\/\\\/www.lojamelhordosul.com.br\\\/site\\\/\"},{\"@type\":\"ListItem\",\"position\":2,\"name\":\"Loja\",\"item\":\"https:\\\/\\\/www.lojamelhordosul.com.br\\\/site\\\/loja\\\/\"},{\"@type\":\"ListItem\",\"position\":3,\"name\":\"Fechadura eletro\u00edm\u00e3 150 kgf- FE 21150 D C\\\/SENSOR\"}]},{\"@type\":\"WebSite\",\"@id\":\"https:\\\/\\\/www.lojamelhordosul.com.br\\\/site\\\/#website\",\"url\":\"https:\\\/\\\/www.lojamelhordosul.com.br\\\/site\\\/\",\"name\":\"Loja Melhor do Sul Sistemas de Seguran\u00e7a\",\"description\":\"Loja Melhor do Sul - Revenda Ouro Intelbras em Porto Alegre\",\"publisher\":{\"@id\":\"https:\\\/\\\/www.lojamelhordosul.com.br\\\/site\\\/#organization\"},\"potentialAction\":[{\"@type\":\"SearchAction\",\"target\":{\"@type\":\"EntryPoint\",\"urlTemplate\":\"https:\\\/\\\/www.lojamelhordosul.com.br\\\/site\\\/?s={search_term_string}\"},\"query-input\":{\"@type\":\"PropertyValueSpecification\",\"valueRequired\":true,\"valueName\":\"search_term_string\"}}],\"inLanguage\":\"pt-BR\"},{\"@type\":\"Organization\",\"@id\":\"https:\\\/\\\/www.lojamelhordosul.com.br\\\/site\\\/#organization\",\"name\":\"Loja Melhor do Sul\",\"url\":\"https:\\\/\\\/www.lojamelhordosul.com.br\\\/site\\\/\",\"logo\":{\"@type\":\"ImageObject\",\"inLanguage\":\"pt-BR\",\"@id\":\"https:\\\/\\\/www.lojamelhordosul.com.br\\\/site\\\/#\\\/schema\\\/logo\\\/image\\\/\",\"url\":\"https:\\\/\\\/www.lojamelhordosul.com.br\\\/site\\\/wp-content\\\/uploads\\\/2019\\\/10\\\/logo-longo-da-loja.png\",\"contentUrl\":\"https:\\\/\\\/www.lojamelhordosul.com.br\\\/site\\\/wp-content\\\/uploads\\\/2019\\\/10\\\/logo-longo-da-loja.png\",\"width\":597,\"height\":114,\"caption\":\"Loja Melhor do Sul\"},\"image\":{\"@id\":\"https:\\\/\\\/www.lojamelhordosul.com.br\\\/site\\\/#\\\/schema\\\/logo\\\/image\\\/\"}}]}<\/script>\n<!-- \/ Yoast SEO plugin. -->","yoast_head_json":{"title":"Fechadura eletro\u00edm\u00e3 150 kgf- FE 21150 D C\/SENSOR - Loja Melhor do Sul Sistemas de Seguran\u00e7a","robots":{"index":"index","follow":"follow","max-snippet":"max-snippet:-1","max-image-preview":"max-image-preview:large","max-video-preview":"max-video-preview:-1"},"canonical":"https:\/\/www.lojamelhordosul.com.br\/site\/produto\/fechadura-eletroima-150-kgf-fe-21150-d-c-sensor\/","og_locale":"pt_BR","og_type":"article","og_title":"Fechadura eletro\u00edm\u00e3 150 kgf- FE 21150 D C\/SENSOR - Loja Melhor do Sul Sistemas de Seguran\u00e7a","og_description":"Tampa de prote\u00e7\u00e3o Fechadura e suporte em a\u00e7o com tampa de prote\u00e7\u00e3o em ABS refor\u00e7ado e revestimento em inox, protegendo a fechadura contra tentativas de viola\u00e7\u00e3o. Exclusiva para portas com abertura para dentro \u00c9 vers\u00e1til e adapt\u00e1vel, pode ser instada em portas de madeira, alum\u00ednio, a\u00e7o e vidro, oferecendo maior seguran\u00e7a ao ambiente. Vers\u00f5es com &hellip; Continuar lendo Fechadura eletro\u00edm\u00e3 150 kgf- FE 21150 D C\/SENSOR","og_url":"https:\/\/www.lojamelhordosul.com.br\/site\/produto\/fechadura-eletroima-150-kgf-fe-21150-d-c-sensor\/","og_site_name":"Loja Melhor do Sul Sistemas de Seguran\u00e7a","article_modified_time":"2026-03-17T17:51:29+00:00","og_image":[{"width":800,"height":800,"url":"https:\/\/www.lojamelhordosul.com.br\/site\/wp-content\/uploads\/2023\/07\/fe21150_fechadura_eletroima_vertical_fechado_perspec_esq_sem_peca_metalica.png","type":"image\/png"}],"twitter_card":"summary_large_image","twitter_misc":{"Est. tempo de leitura":"3 minutos"},"schema":{"@context":"https:\/\/schema.org","@graph":[{"@type":"WebPage","@id":"https:\/\/www.lojamelhordosul.com.br\/site\/produto\/fechadura-eletroima-150-kgf-fe-21150-d-c-sensor\/","url":"https:\/\/www.lojamelhordosul.com.br\/site\/produto\/fechadura-eletroima-150-kgf-fe-21150-d-c-sensor\/","name":"Fechadura eletro\u00edm\u00e3 150 kgf- FE 21150 D C\/SENSOR - Loja Melhor do Sul Sistemas de Seguran\u00e7a","isPartOf":{"@id":"https:\/\/www.lojamelhordosul.com.br\/site\/#website"},"primaryImageOfPage":{"@id":"https:\/\/www.lojamelhordosul.com.br\/site\/produto\/fechadura-eletroima-150-kgf-fe-21150-d-c-sensor\/#primaryimage"},"image":{"@id":"https:\/\/www.lojamelhordosul.com.br\/site\/produto\/fechadura-eletroima-150-kgf-fe-21150-d-c-sensor\/#primaryimage"},"thumbnailUrl":"https:\/\/www.lojamelhordosul.com.br\/site\/wp-content\/uploads\/2023\/07\/fe21150_fechadura_eletroima_vertical_fechado_perspec_esq_sem_peca_metalica.png","datePublished":"2023-07-12T17:59:54+00:00","dateModified":"2026-03-17T17:51:29+00:00","breadcrumb":{"@id":"https:\/\/www.lojamelhordosul.com.br\/site\/produto\/fechadura-eletroima-150-kgf-fe-21150-d-c-sensor\/#breadcrumb"},"inLanguage":"pt-BR","potentialAction":[{"@type":"ReadAction","target":["https:\/\/www.lojamelhordosul.com.br\/site\/produto\/fechadura-eletroima-150-kgf-fe-21150-d-c-sensor\/"]}]},{"@type":"ImageObject","inLanguage":"pt-BR","@id":"https:\/\/www.lojamelhordosul.com.br\/site\/produto\/fechadura-eletroima-150-kgf-fe-21150-d-c-sensor\/#primaryimage","url":"https:\/\/www.lojamelhordosul.com.br\/site\/wp-content\/uploads\/2023\/07\/fe21150_fechadura_eletroima_vertical_fechado_perspec_esq_sem_peca_metalica.png","contentUrl":"https:\/\/www.lojamelhordosul.com.br\/site\/wp-content\/uploads\/2023\/07\/fe21150_fechadura_eletroima_vertical_fechado_perspec_esq_sem_peca_metalica.png","width":800,"height":800},{"@type":"BreadcrumbList","@id":"https:\/\/www.lojamelhordosul.com.br\/site\/produto\/fechadura-eletroima-150-kgf-fe-21150-d-c-sensor\/#breadcrumb","itemListElement":[{"@type":"ListItem","position":1,"name":"In\u00edcio","item":"https:\/\/www.lojamelhordosul.com.br\/site\/"},{"@type":"ListItem","position":2,"name":"Loja","item":"https:\/\/www.lojamelhordosul.com.br\/site\/loja\/"},{"@type":"ListItem","position":3,"name":"Fechadura eletro\u00edm\u00e3 150 kgf- FE 21150 D C\/SENSOR"}]},{"@type":"WebSite","@id":"https:\/\/www.lojamelhordosul.com.br\/site\/#website","url":"https:\/\/www.lojamelhordosul.com.br\/site\/","name":"Loja Melhor do Sul Sistemas de Seguran\u00e7a","description":"Loja Melhor do Sul - Revenda Ouro Intelbras em Porto Alegre","publisher":{"@id":"https:\/\/www.lojamelhordosul.com.br\/site\/#organization"},"potentialAction":[{"@type":"SearchAction","target":{"@type":"EntryPoint","urlTemplate":"https:\/\/www.lojamelhordosul.com.br\/site\/?s={search_term_string}"},"query-input":{"@type":"PropertyValueSpecification","valueRequired":true,"valueName":"search_term_string"}}],"inLanguage":"pt-BR"},{"@type":"Organization","@id":"https:\/\/www.lojamelhordosul.com.br\/site\/#organization","name":"Loja Melhor do Sul","url":"https:\/\/www.lojamelhordosul.com.br\/site\/","logo":{"@type":"ImageObject","inLanguage":"pt-BR","@id":"https:\/\/www.lojamelhordosul.com.br\/site\/#\/schema\/logo\/image\/","url":"https:\/\/www.lojamelhordosul.com.br\/site\/wp-content\/uploads\/2019\/10\/logo-longo-da-loja.png","contentUrl":"https:\/\/www.lojamelhordosul.com.br\/site\/wp-content\/uploads\/2019\/10\/logo-longo-da-loja.png","width":597,"height":114,"caption":"Loja Melhor do Sul"},"image":{"@id":"https:\/\/www.lojamelhordosul.com.br\/site\/#\/schema\/logo\/image\/"}}]}},"_links":{"self":[{"href":"https:\/\/www.lojamelhordosul.com.br\/site\/wp-json\/wp\/v2\/product\/14201","targetHints":{"allow":["GET"]}}],"collection":[{"href":"https:\/\/www.lojamelhordosul.com.br\/site\/wp-json\/wp\/v2\/product"}],"about":[{"href":"https:\/\/www.lojamelhordosul.com.br\/site\/wp-json\/wp\/v2\/types\/product"}],"replies":[{"embeddable":true,"href":"https:\/\/www.lojamelhordosul.com.br\/site\/wp-json\/wp\/v2\/comments?post=14201"}],"wp:featuredmedia":[{"embeddable":true,"href":"https:\/\/www.lojamelhordosul.com.br\/site\/wp-json\/wp\/v2\/media\/14203"}],"wp:attachment":[{"href":"https:\/\/www.lojamelhordosul.com.br\/site\/wp-json\/wp\/v2\/media?parent=14201"}],"wp:term":[{"taxonomy":"product_brand","embeddable":true,"href":"https:\/\/www.lojamelhordosul.com.br\/site\/wp-json\/wp\/v2\/product_brand?post=14201"},{"taxonomy":"product_cat","embeddable":true,"href":"https:\/\/www.lojamelhordosul.com.br\/site\/wp-json\/wp\/v2\/product_cat?post=14201"},{"taxonomy":"product_tag","embeddable":true,"href":"https:\/\/www.lojamelhordosul.com.br\/site\/wp-json\/wp\/v2\/product_tag?post=14201"}],"curies":[{"name":"wp","href":"https:\/\/api.w.org\/{rel}","templated":true}]}}