{"id":14239,"date":"2023-08-09T16:50:22","date_gmt":"2023-08-09T19:50:22","guid":{"rendered":"https:\/\/www.lojamelhordosul.com.br\/site\/?post_type=product&#038;p=14239"},"modified":"2025-10-24T13:47:19","modified_gmt":"2025-10-24T16:47:19","slug":"kit-receptor-xar-3060-xac-4000","status":"publish","type":"product","link":"https:\/\/www.lojamelhordosul.com.br\/site\/produto\/kit-receptor-xar-3060-xac-4000\/","title":{"rendered":"KIT RECEPTOR XAR 3060  + XAC 4000"},"content":{"rendered":"<div>\n<div class=\"z-index-4 internal-fixed-navigation\">\n<div class=\"grid-container \">\n<div class=\"navigation-sticky\">\n<div class=\"grid-x align-middle\"><a href=\"https:\/\/www.lojamelhordosul.com.br\/site\/wp-content\/uploads\/2023\/07\/Logo-do-Site-LMS.png\"><img decoding=\"async\" class=\"wp-image-14194 aligncenter\" src=\"https:\/\/www.lojamelhordosul.com.br\/site\/wp-content\/uploads\/2023\/07\/Logo-do-Site-LMS.png\" alt=\"\" width=\"423\" height=\"141\" \/><\/a><\/div>\n<\/div>\n<\/div>\n<\/div>\n<\/div>\n<div>\n<div class=\"grid-container \">\n<div class=\"mt2 mb2 \">\n<div class=\"grid-container \">\n<div class=\"block-template overflow-hidden\">\n<div class=\"field field-name-field-description field-type-text-with-summary field-label-hidden wysiwyg_filtered\">\n<div class=\"field-items\">\n<div class=\"field-item even\">\n<table cellspacing=\"0\" cellpadding=\"0\">\n<tbody>\n<tr>\n<td class=\"cke-align-top\"><img decoding=\"async\" class=\"media-element file-default aligncenter\" title=\"Alarme\" src=\"https:\/\/suporte-tecnico.intelbras.com.br\/sites\/default\/files\/flyer_digital_alarmes_1_1.png\" alt=\"Alarme\" \/><\/p>\n<h2>Seguran\u00e7a, flexibilidade e precis\u00e3o para atender todos os tipos de projeto<\/h2>\n<p>Os sistemas de alarme Intelbras atendem as mais diversas necessidades. Sua tecnologia de ponta, permite repartir zonas com precis\u00e3o, monitorar aberturas e automatizar ambientes ou sistemas de seguran\u00e7a com um custo-benef\u00edcio atrativo.<\/td>\n<\/tr>\n<\/tbody>\n<\/table>\n<table cellspacing=\"0\" cellpadding=\"0\">\n<tbody>\n<tr>\n<td class=\"cke-align-top\"><img decoding=\"async\" class=\"media-element file-default aligncenter\" title=\"Alarme\" src=\"https:\/\/suporte-tecnico.intelbras.com.br\/sites\/default\/files\/flyer_digital_alarmes_2_0.png\" alt=\"Alarme\" \/><\/p>\n<p>Centrais de alarme monitorado<\/p>\n<p>Com a alta flexibilidade da linha de alarmes monitorados Intelbras, \u00e9 poss\u00edvel atender a projetos de pequeno, m\u00e9dio e grande porte. Os produtos s\u00e3o homologados pela Anatel e utilizam todos os meios de comunica\u00e7\u00e3o de eventos dispon\u00edveis: linha telef\u00f4nica, Ethernet, GPRS e r\u00e1dio (AMT 4010 Smart).<\/td>\n<\/tr>\n<\/tbody>\n<\/table>\n<table cellspacing=\"0\" cellpadding=\"0\">\n<tbody>\n<tr>\n<td class=\"cke-align-top\"><img decoding=\"async\" class=\"media-element file-default aligncenter\" title=\"Alarme\" src=\"https:\/\/suporte-tecnico.intelbras.com.br\/sites\/default\/files\/flyer_digital_alarmes_3_2.png\" alt=\"Alarme\" \/><\/p>\n<p>Centrais de alarme n\u00e3o monitorado<\/p>\n<p>Uma linha para clientes que procuram por confiabilidade com alto desempenho, mas priorizam o custo-benef\u00edcio. Produto de fabrica\u00e7\u00e3o 100% nacional, de f\u00e1cil opera\u00e7\u00e3o e com v\u00e1rias possibilidades de intera\u00e7\u00e3o com o cliente.<\/td>\n<\/tr>\n<\/tbody>\n<\/table>\n<table cellspacing=\"0\" cellpadding=\"0\">\n<tbody>\n<tr>\n<td class=\"cke-align-top\"><img decoding=\"async\" class=\"media-element file-default aligncenter\" title=\"Alarme\" src=\"https:\/\/suporte-tecnico.intelbras.com.br\/sites\/default\/files\/flyer_digital_alarmes_4_1.png\" alt=\"Alarme\" \/><\/p>\n<p>Software AMT Mobile V3<\/p>\n<p>O AMT Mobile permite interatividade com as centrais de alarmes Intelbras\u00b9, tornando poss\u00edvel a ativa\u00e7\u00e3o\/desativa\u00e7\u00e3o, visualiza\u00e7\u00e3o de status, anula\u00e7\u00e3o de zonas.<\/p>\n<p><span class=\"cke-font-size-small\">\u00b9 AMT 2018 E, AMT 2018 EG, AMT 1016 NET, AMT 2118 EG, AMT 4010 SMART + XEG 4000 SMART e AMT 4010 SMART NET<\/span><\/td>\n<\/tr>\n<\/tbody>\n<\/table>\n<table cellspacing=\"0\" cellpadding=\"0\">\n<tbody>\n<tr>\n<td class=\"cke-align-top\"><img decoding=\"async\" class=\"media-element file-default aligncenter\" title=\"Alarme\" src=\"https:\/\/suporte-tecnico.intelbras.com.br\/sites\/default\/files\/flyer_digital_alarmes_5_3.png\" alt=\"Alarme\" \/>Acess\u00f3rios<\/p>\n<p>A linha de acess\u00f3rios Intelbras \u00e9 vers\u00e1til e utiliza tecnologias que permitem atender \u00e0s necessidades de cada ambiente. Com eles, a solu\u00e7\u00e3o fica completa. S\u00e3o teclados, receptores, controles remotos e expansores desenvolvidos para que seu cliente explore ao m\u00e1ximo todo potencial dos sistemas de alarme Intelbras.<\/p>\n<p>&nbsp;<\/p>\n<p><em>Produto beneficiado pela legisla\u00e7\u00e3o da inform\u00e1tica.<\/em><\/td>\n<\/tr>\n<\/tbody>\n<\/table>\n<\/div>\n<\/div>\n<\/div>\n<\/div>\n<\/div>\n<\/div>\n<\/div>\n<\/div>\n<div>\n<div class=\"grid-container \">\n<div class=\"mb3 \">\n<div class=\"block-tab\" data-ga-name=\"tab\">\n<div class=\"block-tab__content\">\n<div class=\"block-tab__content__item block-tab__content__item--actived\" data-ga-name=\"arquivos-para-download\">\n<div class=\"product-help-and-download\">\n<div class=\"mt3 \">\n<div class=\"grid-x\">\n<div class=\"cell small-12 large-12 product-help-and-download--info\">\n<div class=\"ml3 mr3 \">\n<div class=\"grid-container container--medium-without-padding-right\">\n<div class=\"mb2 \">\n<form>\n<div class=\"\"><\/div>\n<div><\/div>\n<\/form>\n<\/div>\n<\/div>\n<div class=\"mb2 \">\n<div class=\"mb3 \">\n<div class=\"block-accordion\">\n<div class=\"table-scroll\">\n<p><a href=\"https:\/\/www.lojamelhordosul.com.br\/site\/wp-content\/uploads\/2023\/08\/XAC-4000.jpg\"><img decoding=\"async\" class=\"size-full wp-image-14241 aligncenter\" src=\"https:\/\/www.lojamelhordosul.com.br\/site\/wp-content\/uploads\/2023\/08\/XAC-4000.jpg\" alt=\"\" width=\"187\" height=\"269\" \/><\/a>O controle remoto XAC 4000 Smart Control, possui bateria de l\u00edtio de longa dura\u00e7\u00e3o, 3 bot\u00f5es (canais) independentes, design moderno e antitravamento de teclas. Acompanha cord\u00e3o e clipe. Dispon\u00edvel nas cores azul, preto e rosa.<\/p>\n<p>\u00bb\u00a0Frequ\u00eancia de opera\u00e7\u00e3o 433,92 Mhz com ressonador SAW (n\u00e3o perde a calibra\u00e7\u00e3o)<br \/>\n\u00bb\u00a0Modula\u00e7\u00e3o OOK\/FSK<br \/>\n\u00bb\u00a0Design diferenciado<br \/>\n\u00bb\u00a0Bateria de l\u00edtio de longa dura\u00e7\u00e3o<br \/>\n\u00bb\u00a0Antitravamento de teclas<br \/>\n\u00bb\u00a0Acompanha cord\u00e3o e clipe<\/p>\n<p>&nbsp;<\/p>\n<p>Produto beneficiado pela legisla\u00e7\u00e3o da inform\u00e1tica.<\/p>\n<\/div>\n<\/div>\n<\/div>\n<div class=\"mb3 \">\n<div class=\"block-accordion\"><\/div>\n<\/div>\n<\/div>\n<\/div>\n<\/div>\n<\/div>\n<\/div>\n<\/div>\n<\/div>\n<\/div>\n<\/div>\n<\/div>\n<\/div>\n<\/div>\n","protected":false},"excerpt":{"rendered":"<p>Seguran\u00e7a, flexibilidade e precis\u00e3o para atender todos os tipos de projeto Os sistemas de alarme Intelbras atendem as mais diversas necessidades. Sua tecnologia de ponta, permite repartir zonas com precis\u00e3o, monitorar aberturas e automatizar ambientes ou sistemas de seguran\u00e7a com um custo-benef\u00edcio atrativo. Centrais de alarme monitorado Com a alta flexibilidade da linha de alarmes &hellip; <a href=\"https:\/\/www.lojamelhordosul.com.br\/site\/produto\/kit-receptor-xar-3060-xac-4000\/\" class=\"more-link\">Continuar lendo <span class=\"screen-reader-text\">KIT RECEPTOR XAR 3060  + XAC 4000<\/span><\/a><\/p>\n","protected":false},"featured_media":14243,"comment_status":"closed","ping_status":"closed","template":"","meta":[],"product_brand":[],"product_cat":[2737],"product_tag":[],"class_list":{"0":"post-14239","1":"product","2":"type-product","3":"status-publish","4":"has-post-thumbnail","6":"product_cat-kits-de-alarme","8":"first","9":"instock","10":"sale","11":"shipping-taxable","12":"purchasable","13":"product-type-simple"},"yoast_head":"<!-- This site is optimized with the Yoast SEO plugin v27.4 - https:\/\/yoast.com\/product\/yoast-seo-wordpress\/ -->\n<title>KIT RECEPTOR XAR 3060 + XAC 4000 - Loja Melhor do Sul Sistemas de Seguran\u00e7a<\/title>\n<meta name=\"robots\" content=\"index, follow, max-snippet:-1, max-image-preview:large, max-video-preview:-1\" \/>\n<link rel=\"canonical\" href=\"https:\/\/www.lojamelhordosul.com.br\/site\/produto\/kit-receptor-xar-3060-xac-4000\/\" \/>\n<meta property=\"og:locale\" content=\"pt_BR\" \/>\n<meta property=\"og:type\" content=\"article\" \/>\n<meta property=\"og:title\" content=\"KIT RECEPTOR XAR 3060 + XAC 4000 - Loja Melhor do Sul Sistemas de Seguran\u00e7a\" \/>\n<meta property=\"og:description\" content=\"Seguran\u00e7a, flexibilidade e precis\u00e3o para atender todos os tipos de projeto Os sistemas de alarme Intelbras atendem as mais diversas necessidades. Sua tecnologia de ponta, permite repartir zonas com precis\u00e3o, monitorar aberturas e automatizar ambientes ou sistemas de seguran\u00e7a com um custo-benef\u00edcio atrativo. Centrais de alarme monitorado Com a alta flexibilidade da linha de alarmes &hellip; Continuar lendo KIT RECEPTOR XAR 3060 + XAC 4000\" \/>\n<meta property=\"og:url\" content=\"https:\/\/www.lojamelhordosul.com.br\/site\/produto\/kit-receptor-xar-3060-xac-4000\/\" \/>\n<meta property=\"og:site_name\" content=\"Loja Melhor do Sul Sistemas de Seguran\u00e7a\" \/>\n<meta property=\"article:modified_time\" content=\"2025-10-24T16:47:19+00:00\" \/>\n<meta property=\"og:image\" content=\"https:\/\/www.lojamelhordosul.com.br\/site\/wp-content\/uploads\/2023\/08\/Untitled-design-14.png\" \/>\n\t<meta property=\"og:image:width\" content=\"1920\" \/>\n\t<meta property=\"og:image:height\" content=\"1080\" \/>\n\t<meta property=\"og:image:type\" content=\"image\/png\" \/>\n<meta name=\"twitter:card\" content=\"summary_large_image\" \/>\n<meta name=\"twitter:label1\" content=\"Est. tempo de leitura\" \/>\n\t<meta name=\"twitter:data1\" content=\"4 minutos\" \/>\n<script type=\"application\/ld+json\" class=\"yoast-schema-graph\">{\"@context\":\"https:\\\/\\\/schema.org\",\"@graph\":[{\"@type\":\"WebPage\",\"@id\":\"https:\\\/\\\/www.lojamelhordosul.com.br\\\/site\\\/produto\\\/kit-receptor-xar-3060-xac-4000\\\/\",\"url\":\"https:\\\/\\\/www.lojamelhordosul.com.br\\\/site\\\/produto\\\/kit-receptor-xar-3060-xac-4000\\\/\",\"name\":\"KIT RECEPTOR XAR 3060 + XAC 4000 - Loja Melhor do Sul Sistemas de Seguran\u00e7a\",\"isPartOf\":{\"@id\":\"https:\\\/\\\/www.lojamelhordosul.com.br\\\/site\\\/#website\"},\"primaryImageOfPage\":{\"@id\":\"https:\\\/\\\/www.lojamelhordosul.com.br\\\/site\\\/produto\\\/kit-receptor-xar-3060-xac-4000\\\/#primaryimage\"},\"image\":{\"@id\":\"https:\\\/\\\/www.lojamelhordosul.com.br\\\/site\\\/produto\\\/kit-receptor-xar-3060-xac-4000\\\/#primaryimage\"},\"thumbnailUrl\":\"https:\\\/\\\/www.lojamelhordosul.com.br\\\/site\\\/wp-content\\\/uploads\\\/2023\\\/08\\\/Untitled-design-14.png\",\"datePublished\":\"2023-08-09T19:50:22+00:00\",\"dateModified\":\"2025-10-24T16:47:19+00:00\",\"breadcrumb\":{\"@id\":\"https:\\\/\\\/www.lojamelhordosul.com.br\\\/site\\\/produto\\\/kit-receptor-xar-3060-xac-4000\\\/#breadcrumb\"},\"inLanguage\":\"pt-BR\",\"potentialAction\":[{\"@type\":\"ReadAction\",\"target\":[\"https:\\\/\\\/www.lojamelhordosul.com.br\\\/site\\\/produto\\\/kit-receptor-xar-3060-xac-4000\\\/\"]}]},{\"@type\":\"ImageObject\",\"inLanguage\":\"pt-BR\",\"@id\":\"https:\\\/\\\/www.lojamelhordosul.com.br\\\/site\\\/produto\\\/kit-receptor-xar-3060-xac-4000\\\/#primaryimage\",\"url\":\"https:\\\/\\\/www.lojamelhordosul.com.br\\\/site\\\/wp-content\\\/uploads\\\/2023\\\/08\\\/Untitled-design-14.png\",\"contentUrl\":\"https:\\\/\\\/www.lojamelhordosul.com.br\\\/site\\\/wp-content\\\/uploads\\\/2023\\\/08\\\/Untitled-design-14.png\",\"width\":1920,\"height\":1080},{\"@type\":\"BreadcrumbList\",\"@id\":\"https:\\\/\\\/www.lojamelhordosul.com.br\\\/site\\\/produto\\\/kit-receptor-xar-3060-xac-4000\\\/#breadcrumb\",\"itemListElement\":[{\"@type\":\"ListItem\",\"position\":1,\"name\":\"In\u00edcio\",\"item\":\"https:\\\/\\\/www.lojamelhordosul.com.br\\\/site\\\/\"},{\"@type\":\"ListItem\",\"position\":2,\"name\":\"Loja\",\"item\":\"https:\\\/\\\/www.lojamelhordosul.com.br\\\/site\\\/loja\\\/\"},{\"@type\":\"ListItem\",\"position\":3,\"name\":\"KIT RECEPTOR XAR 3060 + XAC 4000\"}]},{\"@type\":\"WebSite\",\"@id\":\"https:\\\/\\\/www.lojamelhordosul.com.br\\\/site\\\/#website\",\"url\":\"https:\\\/\\\/www.lojamelhordosul.com.br\\\/site\\\/\",\"name\":\"Loja Melhor do Sul Sistemas de Seguran\u00e7a\",\"description\":\"Loja Melhor do Sul - Revenda Ouro Intelbras em Porto Alegre\",\"publisher\":{\"@id\":\"https:\\\/\\\/www.lojamelhordosul.com.br\\\/site\\\/#organization\"},\"potentialAction\":[{\"@type\":\"SearchAction\",\"target\":{\"@type\":\"EntryPoint\",\"urlTemplate\":\"https:\\\/\\\/www.lojamelhordosul.com.br\\\/site\\\/?s={search_term_string}\"},\"query-input\":{\"@type\":\"PropertyValueSpecification\",\"valueRequired\":true,\"valueName\":\"search_term_string\"}}],\"inLanguage\":\"pt-BR\"},{\"@type\":\"Organization\",\"@id\":\"https:\\\/\\\/www.lojamelhordosul.com.br\\\/site\\\/#organization\",\"name\":\"Loja Melhor do Sul\",\"url\":\"https:\\\/\\\/www.lojamelhordosul.com.br\\\/site\\\/\",\"logo\":{\"@type\":\"ImageObject\",\"inLanguage\":\"pt-BR\",\"@id\":\"https:\\\/\\\/www.lojamelhordosul.com.br\\\/site\\\/#\\\/schema\\\/logo\\\/image\\\/\",\"url\":\"https:\\\/\\\/www.lojamelhordosul.com.br\\\/site\\\/wp-content\\\/uploads\\\/2019\\\/10\\\/logo-longo-da-loja.png\",\"contentUrl\":\"https:\\\/\\\/www.lojamelhordosul.com.br\\\/site\\\/wp-content\\\/uploads\\\/2019\\\/10\\\/logo-longo-da-loja.png\",\"width\":597,\"height\":114,\"caption\":\"Loja Melhor do Sul\"},\"image\":{\"@id\":\"https:\\\/\\\/www.lojamelhordosul.com.br\\\/site\\\/#\\\/schema\\\/logo\\\/image\\\/\"}}]}<\/script>\n<!-- \/ Yoast SEO plugin. -->","yoast_head_json":{"title":"KIT RECEPTOR XAR 3060 + XAC 4000 - Loja Melhor do Sul Sistemas de Seguran\u00e7a","robots":{"index":"index","follow":"follow","max-snippet":"max-snippet:-1","max-image-preview":"max-image-preview:large","max-video-preview":"max-video-preview:-1"},"canonical":"https:\/\/www.lojamelhordosul.com.br\/site\/produto\/kit-receptor-xar-3060-xac-4000\/","og_locale":"pt_BR","og_type":"article","og_title":"KIT RECEPTOR XAR 3060 + XAC 4000 - Loja Melhor do Sul Sistemas de Seguran\u00e7a","og_description":"Seguran\u00e7a, flexibilidade e precis\u00e3o para atender todos os tipos de projeto Os sistemas de alarme Intelbras atendem as mais diversas necessidades. Sua tecnologia de ponta, permite repartir zonas com precis\u00e3o, monitorar aberturas e automatizar ambientes ou sistemas de seguran\u00e7a com um custo-benef\u00edcio atrativo. Centrais de alarme monitorado Com a alta flexibilidade da linha de alarmes &hellip; Continuar lendo KIT RECEPTOR XAR 3060 + XAC 4000","og_url":"https:\/\/www.lojamelhordosul.com.br\/site\/produto\/kit-receptor-xar-3060-xac-4000\/","og_site_name":"Loja Melhor do Sul Sistemas de Seguran\u00e7a","article_modified_time":"2025-10-24T16:47:19+00:00","og_image":[{"width":1920,"height":1080,"url":"https:\/\/www.lojamelhordosul.com.br\/site\/wp-content\/uploads\/2023\/08\/Untitled-design-14.png","type":"image\/png"}],"twitter_card":"summary_large_image","twitter_misc":{"Est. tempo de leitura":"4 minutos"},"schema":{"@context":"https:\/\/schema.org","@graph":[{"@type":"WebPage","@id":"https:\/\/www.lojamelhordosul.com.br\/site\/produto\/kit-receptor-xar-3060-xac-4000\/","url":"https:\/\/www.lojamelhordosul.com.br\/site\/produto\/kit-receptor-xar-3060-xac-4000\/","name":"KIT RECEPTOR XAR 3060 + XAC 4000 - Loja Melhor do Sul Sistemas de Seguran\u00e7a","isPartOf":{"@id":"https:\/\/www.lojamelhordosul.com.br\/site\/#website"},"primaryImageOfPage":{"@id":"https:\/\/www.lojamelhordosul.com.br\/site\/produto\/kit-receptor-xar-3060-xac-4000\/#primaryimage"},"image":{"@id":"https:\/\/www.lojamelhordosul.com.br\/site\/produto\/kit-receptor-xar-3060-xac-4000\/#primaryimage"},"thumbnailUrl":"https:\/\/www.lojamelhordosul.com.br\/site\/wp-content\/uploads\/2023\/08\/Untitled-design-14.png","datePublished":"2023-08-09T19:50:22+00:00","dateModified":"2025-10-24T16:47:19+00:00","breadcrumb":{"@id":"https:\/\/www.lojamelhordosul.com.br\/site\/produto\/kit-receptor-xar-3060-xac-4000\/#breadcrumb"},"inLanguage":"pt-BR","potentialAction":[{"@type":"ReadAction","target":["https:\/\/www.lojamelhordosul.com.br\/site\/produto\/kit-receptor-xar-3060-xac-4000\/"]}]},{"@type":"ImageObject","inLanguage":"pt-BR","@id":"https:\/\/www.lojamelhordosul.com.br\/site\/produto\/kit-receptor-xar-3060-xac-4000\/#primaryimage","url":"https:\/\/www.lojamelhordosul.com.br\/site\/wp-content\/uploads\/2023\/08\/Untitled-design-14.png","contentUrl":"https:\/\/www.lojamelhordosul.com.br\/site\/wp-content\/uploads\/2023\/08\/Untitled-design-14.png","width":1920,"height":1080},{"@type":"BreadcrumbList","@id":"https:\/\/www.lojamelhordosul.com.br\/site\/produto\/kit-receptor-xar-3060-xac-4000\/#breadcrumb","itemListElement":[{"@type":"ListItem","position":1,"name":"In\u00edcio","item":"https:\/\/www.lojamelhordosul.com.br\/site\/"},{"@type":"ListItem","position":2,"name":"Loja","item":"https:\/\/www.lojamelhordosul.com.br\/site\/loja\/"},{"@type":"ListItem","position":3,"name":"KIT RECEPTOR XAR 3060 + XAC 4000"}]},{"@type":"WebSite","@id":"https:\/\/www.lojamelhordosul.com.br\/site\/#website","url":"https:\/\/www.lojamelhordosul.com.br\/site\/","name":"Loja Melhor do Sul Sistemas de Seguran\u00e7a","description":"Loja Melhor do Sul - Revenda Ouro Intelbras em Porto Alegre","publisher":{"@id":"https:\/\/www.lojamelhordosul.com.br\/site\/#organization"},"potentialAction":[{"@type":"SearchAction","target":{"@type":"EntryPoint","urlTemplate":"https:\/\/www.lojamelhordosul.com.br\/site\/?s={search_term_string}"},"query-input":{"@type":"PropertyValueSpecification","valueRequired":true,"valueName":"search_term_string"}}],"inLanguage":"pt-BR"},{"@type":"Organization","@id":"https:\/\/www.lojamelhordosul.com.br\/site\/#organization","name":"Loja Melhor do Sul","url":"https:\/\/www.lojamelhordosul.com.br\/site\/","logo":{"@type":"ImageObject","inLanguage":"pt-BR","@id":"https:\/\/www.lojamelhordosul.com.br\/site\/#\/schema\/logo\/image\/","url":"https:\/\/www.lojamelhordosul.com.br\/site\/wp-content\/uploads\/2019\/10\/logo-longo-da-loja.png","contentUrl":"https:\/\/www.lojamelhordosul.com.br\/site\/wp-content\/uploads\/2019\/10\/logo-longo-da-loja.png","width":597,"height":114,"caption":"Loja Melhor do Sul"},"image":{"@id":"https:\/\/www.lojamelhordosul.com.br\/site\/#\/schema\/logo\/image\/"}}]}},"_links":{"self":[{"href":"https:\/\/www.lojamelhordosul.com.br\/site\/wp-json\/wp\/v2\/product\/14239","targetHints":{"allow":["GET"]}}],"collection":[{"href":"https:\/\/www.lojamelhordosul.com.br\/site\/wp-json\/wp\/v2\/product"}],"about":[{"href":"https:\/\/www.lojamelhordosul.com.br\/site\/wp-json\/wp\/v2\/types\/product"}],"replies":[{"embeddable":true,"href":"https:\/\/www.lojamelhordosul.com.br\/site\/wp-json\/wp\/v2\/comments?post=14239"}],"wp:featuredmedia":[{"embeddable":true,"href":"https:\/\/www.lojamelhordosul.com.br\/site\/wp-json\/wp\/v2\/media\/14243"}],"wp:attachment":[{"href":"https:\/\/www.lojamelhordosul.com.br\/site\/wp-json\/wp\/v2\/media?parent=14239"}],"wp:term":[{"taxonomy":"product_brand","embeddable":true,"href":"https:\/\/www.lojamelhordosul.com.br\/site\/wp-json\/wp\/v2\/product_brand?post=14239"},{"taxonomy":"product_cat","embeddable":true,"href":"https:\/\/www.lojamelhordosul.com.br\/site\/wp-json\/wp\/v2\/product_cat?post=14239"},{"taxonomy":"product_tag","embeddable":true,"href":"https:\/\/www.lojamelhordosul.com.br\/site\/wp-json\/wp\/v2\/product_tag?post=14239"}],"curies":[{"name":"wp","href":"https:\/\/api.w.org\/{rel}","templated":true}]}}