{"id":14374,"date":"2023-12-13T14:53:56","date_gmt":"2023-12-13T17:53:56","guid":{"rendered":"https:\/\/www.lojamelhordosul.com.br\/site\/?post_type=product&#038;p=14374"},"modified":"2026-03-17T14:25:10","modified_gmt":"2026-03-17T17:25:10","slug":"camera-bullet-starlight-com-30-metros-de-alcance-ir-vhd-3230-b-sl","status":"publish","type":"product","link":"https:\/\/www.lojamelhordosul.com.br\/site\/produto\/camera-bullet-starlight-com-30-metros-de-alcance-ir-vhd-3230-b-sl\/","title":{"rendered":"C\u00e2mera bullet starlight com 30 metros de alcance IR VHD 3230 B SL"},"content":{"rendered":"<div>\n<div class=\"z-index-4 internal-fixed-navigation\">\n<div class=\"grid-container  \">\n<div class=\"navigation-sticky\">\n<div class=\"grid-x align-middle\"><\/div>\n<\/div>\n<\/div>\n<\/div>\n<\/div>\n<div>\n<div class=\"grid-container  \">\n<div class=\"mt2 mb2  \">\n<div class=\"grid-container  \">\n<div class=\"block-mini-banner is-product-page\" data-ga-name=\"section-mini-banner\">\n<div class=\"grid-x grid-container align-middle\">\n<div class=\"cell media-cell medium-6 medium-order-2 large-offset-1\">\n<div class=\"block-mini-banner__media\">\n<figure class=\"text-center  object-fit--contain\"><img decoding=\"async\" src=\"https:\/\/backend.intelbras.com\/sites\/default\/files\/styles\/large\/public\/2022-09\/imagens-coloridas-com-pouca-iluminacao-vhd-3230-b-sl.jpg\" alt=\"imagens-coloridas-com-pouca-iluminacao-vhd-3230-b-sl.jpg\" \/><\/figure>\n<p><span class=\"text text--300\"><em>* Imagem ilustrativa<\/em><\/span><\/div>\n<\/div>\n<div class=\"cell medium-auto medium-order-1\">\n<div class=\"block-mini-banner__content\">\n<div class=\"mt2 mb2 \">\n<h2 class=\"weight--small-300 weight--large-200 block-mini-banner__title h3\">Imagens coloridas com pouca ilumina\u00e7\u00e3o<\/h2>\n<\/div>\n<div class=\"text text--300\">\n<div class=\"block-template overflow-hidden\">\n<p>A VHD 3230 B SL conta com sensor de imagem de alta sensibilidade noturna, captando imagens coloridas mesmo em cen\u00e1rios com o m\u00ednimo de claridade.<\/p>\n<\/div>\n<\/div>\n<\/div>\n<\/div>\n<\/div>\n<\/div>\n<\/div>\n<\/div>\n<div class=\"mt2 mb2  \">\n<div class=\"grid-container  \">\n<div class=\"block-mini-banner is-product-page\" data-ga-name=\"section-mini-banner\">\n<div class=\"grid-x grid-container align-middle\">\n<div class=\"cell media-cell medium-6\">\n<div class=\"block-mini-banner__media\">\n<figure class=\"text-center  object-fit--contain\"><img decoding=\"async\" src=\"https:\/\/backend.intelbras.com\/sites\/default\/files\/styles\/large\/public\/2022-09\/infravermelho-com-alcance-de-ate-30-metros-vhd-3230-b-sl.jpg\" alt=\"infravermelho-com-alcance-de-ate-30-metros-vhd-3230-b-sl.jpg\" \/><\/figure>\n<p><span class=\"text text--300\"><em>* Imagem ilustrativa<\/em><\/span><\/div>\n<\/div>\n<div class=\"cell medium-auto\">\n<div class=\"block-mini-banner__content\">\n<div class=\"mt2 mb2 \">\n<h2 class=\"weight--small-300 weight--large-200 block-mini-banner__title h3\">Infravermelho com alcance de at\u00e9 30 metros<\/h2>\n<\/div>\n<div class=\"text text--300\">\n<div class=\"block-template overflow-hidden\">\n<p>Para garantir o monitoramento cont\u00ednuo e de alta qualidade em ambientes sem nenhuma ilumina\u00e7\u00e3o, o modelo possui um infravermelho de 30 metros.<\/p>\n<\/div>\n<\/div>\n<\/div>\n<\/div>\n<\/div>\n<\/div>\n<\/div>\n<\/div>\n<div class=\"mt2 mb2  \">\n<div class=\"grid-container  \">\n<div class=\"block-mini-banner is-product-page\" data-ga-name=\"section-mini-banner\">\n<div class=\"grid-x grid-container align-middle\">\n<div class=\"cell media-cell medium-6 medium-order-2 large-offset-1\">\n<div class=\"block-mini-banner__media\">\n<figure class=\"text-center  object-fit--contain\"><img decoding=\"async\" src=\"https:\/\/backend.intelbras.com\/sites\/default\/files\/styles\/large\/public\/2022-09\/imagens-em-full-hd-para-captar-cada-detalhe-vhd-3230-b-sl.jpg\" alt=\"imagens-em-full-hd-para-captar-cada-detalhe-vhd-3230-b-sl.jpg\" \/><\/figure>\n<p><span class=\"text text--300\"><em>* Imagem ilustrativa<\/em><\/span><\/div>\n<\/div>\n<div class=\"cell medium-auto medium-order-1\">\n<div class=\"block-mini-banner__content\">\n<div class=\"mt2 mb2 \">\n<h2 class=\"weight--small-300 weight--large-200 block-mini-banner__title h3\">Imagens em Full HD para captar cada detalhe<\/h2>\n<\/div>\n<div class=\"text text--300\">\n<div class=\"block-template overflow-hidden\">\n<p>Com resolu\u00e7\u00e3o Full HD (1080p), a VHD 3230 B SL proporciona imagens sempre n\u00edtidas, ricas em detalhes e em \u00f3tima defini\u00e7\u00e3o.<\/p>\n<\/div>\n<\/div>\n<\/div>\n<\/div>\n<\/div>\n<\/div>\n<\/div>\n<\/div>\n<div class=\"mt2 mb2  \">\n<div class=\"grid-container  \">\n<div class=\"block-mini-banner is-product-page\" data-ga-name=\"section-mini-banner\">\n<div class=\"grid-x grid-container align-middle\">\n<div class=\"cell media-cell medium-6\">\n<div class=\"block-mini-banner__media\">\n<figure class=\"text-center  object-fit--contain\"><img decoding=\"async\" src=\"https:\/\/backend.intelbras.com\/sites\/default\/files\/styles\/large\/public\/2022-09\/multiplas-possibilidades-com-o-menu-osd-vhd-3230-b-sl.jpg\" alt=\"multiplas-possibilidades-com-o-menu-osd-vhd-3230-b-sl.jpg\" \/><\/figure>\n<p><span class=\"text text--300\"><em>* Imagem ilustrativa<\/em><\/span><\/div>\n<\/div>\n<div class=\"cell medium-auto\">\n<div class=\"block-mini-banner__content\">\n<div class=\"mt2 mb2 \">\n<h2 class=\"weight--small-300 weight--large-200 block-mini-banner__title h3\">M\u00faltiplas possibilidades com o menu OSD<\/h2>\n<\/div>\n<div class=\"text text--300\">\n<div class=\"block-template overflow-hidden\">\n<p>Fa\u00e7a os ajustes finos necess\u00e1rios para qualquer cen\u00e1rio de instala\u00e7\u00e3o utilizando o menu OSD das c\u00e2meras.<\/p>\n<\/div>\n<\/div>\n<\/div>\n<\/div>\n<\/div>\n<\/div>\n<\/div>\n<\/div>\n<div class=\"mt2 mb2  \">\n<div class=\"grid-container  \">\n<div class=\"block-mini-banner is-product-page\" data-ga-name=\"section-mini-banner\">\n<div class=\"grid-x grid-container align-middle\">\n<div class=\"cell media-cell medium-6 medium-order-2 large-offset-1\">\n<div class=\"block-mini-banner__media\">\n<figure class=\"text-center  object-fit--contain\"><img decoding=\"async\" src=\"https:\/\/backend.intelbras.com\/sites\/default\/files\/styles\/large\/public\/2022-09\/mais-protecao-e-durabilidade-vhd-3230-b-sl.jpg\" alt=\"mais-protecao-e-durabilidade-vhd-3230-b-sl.jpg\" \/><\/figure>\n<p><span class=\"text text--300\"><em>* Imagem ilustrativa<\/em><\/span><\/div>\n<\/div>\n<div class=\"cell medium-auto medium-order-1\">\n<div class=\"block-mini-banner__content\">\n<div class=\"mt2 mb2 \">\n<h2 class=\"weight--small-300 weight--large-200 block-mini-banner__title h3\">Mais prote\u00e7\u00e3o e durabilidade<\/h2>\n<\/div>\n<div class=\"text text--300\">\n<div class=\"block-template overflow-hidden\">\n<p>O modelo possui circuito adicional de prote\u00e7\u00e3o contra surtos de tens\u00e3o, garantindo a continuidade no sinal de v\u00eddeo e na alimenta\u00e7\u00e3o de energia.<\/p>\n<\/div>\n<\/div>\n<\/div>\n<\/div>\n<\/div>\n<\/div>\n<\/div>\n<\/div>\n<\/div>\n<\/div>\n<div>\n<div class=\"grid-container  \">\n<div class=\"mb3 \">\n<div class=\"block-tab\" data-ga-name=\"tab\">\n<div class=\"overflow-x-auto start\">\n<div class=\"overflow-x-auto__wrapper\">\n<div class=\"pb2\">\n<nav class=\"block-tab__header false\">&nbsp;<\/p>\n<div class=\"block-tab__header__item-tab\"><\/div>\n<\/nav>\n<\/div>\n<\/div>\n<\/div>\n<\/div>\n<\/div>\n<\/div>\n<\/div>\n","protected":false},"excerpt":{"rendered":"<p>* Imagem ilustrativa Imagens coloridas com pouca ilumina\u00e7\u00e3o A VHD 3230 B SL conta com sensor de imagem de alta sensibilidade noturna, captando imagens coloridas mesmo em cen\u00e1rios com o m\u00ednimo de claridade. * Imagem ilustrativa Infravermelho com alcance de at\u00e9 30 metros Para garantir o monitoramento cont\u00ednuo e de alta qualidade em ambientes sem &hellip; <a href=\"https:\/\/www.lojamelhordosul.com.br\/site\/produto\/camera-bullet-starlight-com-30-metros-de-alcance-ir-vhd-3230-b-sl\/\" class=\"more-link\">Continuar lendo <span class=\"screen-reader-text\">C\u00e2mera bullet starlight com 30 metros de alcance IR VHD 3230 B SL<\/span><\/a><\/p>\n","protected":false},"featured_media":14375,"comment_status":"closed","ping_status":"closed","template":"","meta":[],"product_brand":[],"product_cat":[2636,1838,2635],"product_tag":[],"class_list":{"0":"post-14374","1":"product","2":"type-product","3":"status-publish","4":"has-post-thumbnail","6":"product_cat-bullet-fullhd","7":"product_cat-cameras-de-seguranca","8":"product_cat-camera-de-seguranca-fullhd","10":"first","11":"instock","12":"shipping-taxable","13":"purchasable","14":"product-type-simple"},"yoast_head":"<!-- This site is optimized with the Yoast SEO plugin v27.5 - https:\/\/yoast.com\/product\/yoast-seo-wordpress\/ -->\n<title>C\u00e2mera bullet starlight com 30 metros de alcance IR VHD 3230 B SL - Loja Melhor do Sul Sistemas de Seguran\u00e7a<\/title>\n<meta name=\"robots\" content=\"index, follow, max-snippet:-1, max-image-preview:large, max-video-preview:-1\" \/>\n<link rel=\"canonical\" href=\"https:\/\/www.lojamelhordosul.com.br\/site\/produto\/camera-bullet-starlight-com-30-metros-de-alcance-ir-vhd-3230-b-sl\/\" \/>\n<meta property=\"og:locale\" content=\"pt_BR\" \/>\n<meta property=\"og:type\" content=\"article\" \/>\n<meta property=\"og:title\" content=\"C\u00e2mera bullet starlight com 30 metros de alcance IR VHD 3230 B SL - Loja Melhor do Sul Sistemas de Seguran\u00e7a\" \/>\n<meta property=\"og:description\" content=\"* Imagem ilustrativa Imagens coloridas com pouca ilumina\u00e7\u00e3o A VHD 3230 B SL conta com sensor de imagem de alta sensibilidade noturna, captando imagens coloridas mesmo em cen\u00e1rios com o m\u00ednimo de claridade. * Imagem ilustrativa Infravermelho com alcance de at\u00e9 30 metros Para garantir o monitoramento cont\u00ednuo e de alta qualidade em ambientes sem &hellip; Continuar lendo C\u00e2mera bullet starlight com 30 metros de alcance IR VHD 3230 B SL\" \/>\n<meta property=\"og:url\" content=\"https:\/\/www.lojamelhordosul.com.br\/site\/produto\/camera-bullet-starlight-com-30-metros-de-alcance-ir-vhd-3230-b-sl\/\" \/>\n<meta property=\"og:site_name\" content=\"Loja Melhor do Sul Sistemas de Seguran\u00e7a\" \/>\n<meta property=\"article:modified_time\" content=\"2026-03-17T17:25:10+00:00\" \/>\n<meta property=\"og:image\" content=\"https:\/\/www.lojamelhordosul.com.br\/site\/wp-content\/uploads\/2023\/12\/Captura-de-tela-2023-12-13-145315.png\" \/>\n\t<meta property=\"og:image:width\" content=\"571\" \/>\n\t<meta property=\"og:image:height\" content=\"405\" \/>\n\t<meta property=\"og:image:type\" content=\"image\/png\" \/>\n<meta name=\"twitter:card\" content=\"summary_large_image\" \/>\n<meta name=\"twitter:label1\" content=\"Est. tempo de leitura\" \/>\n\t<meta name=\"twitter:data1\" content=\"3 minutos\" \/>\n<script type=\"application\/ld+json\" class=\"yoast-schema-graph\">{\"@context\":\"https:\\\/\\\/schema.org\",\"@graph\":[{\"@type\":\"WebPage\",\"@id\":\"https:\\\/\\\/www.lojamelhordosul.com.br\\\/site\\\/produto\\\/camera-bullet-starlight-com-30-metros-de-alcance-ir-vhd-3230-b-sl\\\/\",\"url\":\"https:\\\/\\\/www.lojamelhordosul.com.br\\\/site\\\/produto\\\/camera-bullet-starlight-com-30-metros-de-alcance-ir-vhd-3230-b-sl\\\/\",\"name\":\"C\u00e2mera bullet starlight com 30 metros de alcance IR VHD 3230 B SL - Loja Melhor do Sul Sistemas de Seguran\u00e7a\",\"isPartOf\":{\"@id\":\"https:\\\/\\\/www.lojamelhordosul.com.br\\\/site\\\/#website\"},\"primaryImageOfPage\":{\"@id\":\"https:\\\/\\\/www.lojamelhordosul.com.br\\\/site\\\/produto\\\/camera-bullet-starlight-com-30-metros-de-alcance-ir-vhd-3230-b-sl\\\/#primaryimage\"},\"image\":{\"@id\":\"https:\\\/\\\/www.lojamelhordosul.com.br\\\/site\\\/produto\\\/camera-bullet-starlight-com-30-metros-de-alcance-ir-vhd-3230-b-sl\\\/#primaryimage\"},\"thumbnailUrl\":\"https:\\\/\\\/www.lojamelhordosul.com.br\\\/site\\\/wp-content\\\/uploads\\\/2023\\\/12\\\/Captura-de-tela-2023-12-13-145315.png\",\"datePublished\":\"2023-12-13T17:53:56+00:00\",\"dateModified\":\"2026-03-17T17:25:10+00:00\",\"breadcrumb\":{\"@id\":\"https:\\\/\\\/www.lojamelhordosul.com.br\\\/site\\\/produto\\\/camera-bullet-starlight-com-30-metros-de-alcance-ir-vhd-3230-b-sl\\\/#breadcrumb\"},\"inLanguage\":\"pt-BR\",\"potentialAction\":[{\"@type\":\"ReadAction\",\"target\":[\"https:\\\/\\\/www.lojamelhordosul.com.br\\\/site\\\/produto\\\/camera-bullet-starlight-com-30-metros-de-alcance-ir-vhd-3230-b-sl\\\/\"]}]},{\"@type\":\"ImageObject\",\"inLanguage\":\"pt-BR\",\"@id\":\"https:\\\/\\\/www.lojamelhordosul.com.br\\\/site\\\/produto\\\/camera-bullet-starlight-com-30-metros-de-alcance-ir-vhd-3230-b-sl\\\/#primaryimage\",\"url\":\"https:\\\/\\\/www.lojamelhordosul.com.br\\\/site\\\/wp-content\\\/uploads\\\/2023\\\/12\\\/Captura-de-tela-2023-12-13-145315.png\",\"contentUrl\":\"https:\\\/\\\/www.lojamelhordosul.com.br\\\/site\\\/wp-content\\\/uploads\\\/2023\\\/12\\\/Captura-de-tela-2023-12-13-145315.png\",\"width\":571,\"height\":405},{\"@type\":\"BreadcrumbList\",\"@id\":\"https:\\\/\\\/www.lojamelhordosul.com.br\\\/site\\\/produto\\\/camera-bullet-starlight-com-30-metros-de-alcance-ir-vhd-3230-b-sl\\\/#breadcrumb\",\"itemListElement\":[{\"@type\":\"ListItem\",\"position\":1,\"name\":\"In\u00edcio\",\"item\":\"https:\\\/\\\/www.lojamelhordosul.com.br\\\/site\\\/\"},{\"@type\":\"ListItem\",\"position\":2,\"name\":\"Loja\",\"item\":\"https:\\\/\\\/www.lojamelhordosul.com.br\\\/site\\\/loja\\\/\"},{\"@type\":\"ListItem\",\"position\":3,\"name\":\"C\u00e2mera bullet starlight com 30 metros de alcance IR VHD 3230 B SL\"}]},{\"@type\":\"WebSite\",\"@id\":\"https:\\\/\\\/www.lojamelhordosul.com.br\\\/site\\\/#website\",\"url\":\"https:\\\/\\\/www.lojamelhordosul.com.br\\\/site\\\/\",\"name\":\"Loja Melhor do Sul Sistemas de Seguran\u00e7a\",\"description\":\"Loja Melhor do Sul - Revenda Ouro Intelbras em Porto Alegre\",\"publisher\":{\"@id\":\"https:\\\/\\\/www.lojamelhordosul.com.br\\\/site\\\/#organization\"},\"potentialAction\":[{\"@type\":\"SearchAction\",\"target\":{\"@type\":\"EntryPoint\",\"urlTemplate\":\"https:\\\/\\\/www.lojamelhordosul.com.br\\\/site\\\/?s={search_term_string}\"},\"query-input\":{\"@type\":\"PropertyValueSpecification\",\"valueRequired\":true,\"valueName\":\"search_term_string\"}}],\"inLanguage\":\"pt-BR\"},{\"@type\":\"Organization\",\"@id\":\"https:\\\/\\\/www.lojamelhordosul.com.br\\\/site\\\/#organization\",\"name\":\"Loja Melhor do Sul\",\"url\":\"https:\\\/\\\/www.lojamelhordosul.com.br\\\/site\\\/\",\"logo\":{\"@type\":\"ImageObject\",\"inLanguage\":\"pt-BR\",\"@id\":\"https:\\\/\\\/www.lojamelhordosul.com.br\\\/site\\\/#\\\/schema\\\/logo\\\/image\\\/\",\"url\":\"https:\\\/\\\/www.lojamelhordosul.com.br\\\/site\\\/wp-content\\\/uploads\\\/2019\\\/10\\\/logo-longo-da-loja.png\",\"contentUrl\":\"https:\\\/\\\/www.lojamelhordosul.com.br\\\/site\\\/wp-content\\\/uploads\\\/2019\\\/10\\\/logo-longo-da-loja.png\",\"width\":597,\"height\":114,\"caption\":\"Loja Melhor do Sul\"},\"image\":{\"@id\":\"https:\\\/\\\/www.lojamelhordosul.com.br\\\/site\\\/#\\\/schema\\\/logo\\\/image\\\/\"}}]}<\/script>\n<!-- \/ Yoast SEO plugin. -->","yoast_head_json":{"title":"C\u00e2mera bullet starlight com 30 metros de alcance IR VHD 3230 B SL - Loja Melhor do Sul Sistemas de Seguran\u00e7a","robots":{"index":"index","follow":"follow","max-snippet":"max-snippet:-1","max-image-preview":"max-image-preview:large","max-video-preview":"max-video-preview:-1"},"canonical":"https:\/\/www.lojamelhordosul.com.br\/site\/produto\/camera-bullet-starlight-com-30-metros-de-alcance-ir-vhd-3230-b-sl\/","og_locale":"pt_BR","og_type":"article","og_title":"C\u00e2mera bullet starlight com 30 metros de alcance IR VHD 3230 B SL - Loja Melhor do Sul Sistemas de Seguran\u00e7a","og_description":"* Imagem ilustrativa Imagens coloridas com pouca ilumina\u00e7\u00e3o A VHD 3230 B SL conta com sensor de imagem de alta sensibilidade noturna, captando imagens coloridas mesmo em cen\u00e1rios com o m\u00ednimo de claridade. * Imagem ilustrativa Infravermelho com alcance de at\u00e9 30 metros Para garantir o monitoramento cont\u00ednuo e de alta qualidade em ambientes sem &hellip; Continuar lendo C\u00e2mera bullet starlight com 30 metros de alcance IR VHD 3230 B SL","og_url":"https:\/\/www.lojamelhordosul.com.br\/site\/produto\/camera-bullet-starlight-com-30-metros-de-alcance-ir-vhd-3230-b-sl\/","og_site_name":"Loja Melhor do Sul Sistemas de Seguran\u00e7a","article_modified_time":"2026-03-17T17:25:10+00:00","og_image":[{"width":571,"height":405,"url":"https:\/\/www.lojamelhordosul.com.br\/site\/wp-content\/uploads\/2023\/12\/Captura-de-tela-2023-12-13-145315.png","type":"image\/png"}],"twitter_card":"summary_large_image","twitter_misc":{"Est. tempo de leitura":"3 minutos"},"schema":{"@context":"https:\/\/schema.org","@graph":[{"@type":"WebPage","@id":"https:\/\/www.lojamelhordosul.com.br\/site\/produto\/camera-bullet-starlight-com-30-metros-de-alcance-ir-vhd-3230-b-sl\/","url":"https:\/\/www.lojamelhordosul.com.br\/site\/produto\/camera-bullet-starlight-com-30-metros-de-alcance-ir-vhd-3230-b-sl\/","name":"C\u00e2mera bullet starlight com 30 metros de alcance IR VHD 3230 B SL - Loja Melhor do Sul Sistemas de Seguran\u00e7a","isPartOf":{"@id":"https:\/\/www.lojamelhordosul.com.br\/site\/#website"},"primaryImageOfPage":{"@id":"https:\/\/www.lojamelhordosul.com.br\/site\/produto\/camera-bullet-starlight-com-30-metros-de-alcance-ir-vhd-3230-b-sl\/#primaryimage"},"image":{"@id":"https:\/\/www.lojamelhordosul.com.br\/site\/produto\/camera-bullet-starlight-com-30-metros-de-alcance-ir-vhd-3230-b-sl\/#primaryimage"},"thumbnailUrl":"https:\/\/www.lojamelhordosul.com.br\/site\/wp-content\/uploads\/2023\/12\/Captura-de-tela-2023-12-13-145315.png","datePublished":"2023-12-13T17:53:56+00:00","dateModified":"2026-03-17T17:25:10+00:00","breadcrumb":{"@id":"https:\/\/www.lojamelhordosul.com.br\/site\/produto\/camera-bullet-starlight-com-30-metros-de-alcance-ir-vhd-3230-b-sl\/#breadcrumb"},"inLanguage":"pt-BR","potentialAction":[{"@type":"ReadAction","target":["https:\/\/www.lojamelhordosul.com.br\/site\/produto\/camera-bullet-starlight-com-30-metros-de-alcance-ir-vhd-3230-b-sl\/"]}]},{"@type":"ImageObject","inLanguage":"pt-BR","@id":"https:\/\/www.lojamelhordosul.com.br\/site\/produto\/camera-bullet-starlight-com-30-metros-de-alcance-ir-vhd-3230-b-sl\/#primaryimage","url":"https:\/\/www.lojamelhordosul.com.br\/site\/wp-content\/uploads\/2023\/12\/Captura-de-tela-2023-12-13-145315.png","contentUrl":"https:\/\/www.lojamelhordosul.com.br\/site\/wp-content\/uploads\/2023\/12\/Captura-de-tela-2023-12-13-145315.png","width":571,"height":405},{"@type":"BreadcrumbList","@id":"https:\/\/www.lojamelhordosul.com.br\/site\/produto\/camera-bullet-starlight-com-30-metros-de-alcance-ir-vhd-3230-b-sl\/#breadcrumb","itemListElement":[{"@type":"ListItem","position":1,"name":"In\u00edcio","item":"https:\/\/www.lojamelhordosul.com.br\/site\/"},{"@type":"ListItem","position":2,"name":"Loja","item":"https:\/\/www.lojamelhordosul.com.br\/site\/loja\/"},{"@type":"ListItem","position":3,"name":"C\u00e2mera bullet starlight com 30 metros de alcance IR VHD 3230 B SL"}]},{"@type":"WebSite","@id":"https:\/\/www.lojamelhordosul.com.br\/site\/#website","url":"https:\/\/www.lojamelhordosul.com.br\/site\/","name":"Loja Melhor do Sul Sistemas de Seguran\u00e7a","description":"Loja Melhor do Sul - Revenda Ouro Intelbras em Porto Alegre","publisher":{"@id":"https:\/\/www.lojamelhordosul.com.br\/site\/#organization"},"potentialAction":[{"@type":"SearchAction","target":{"@type":"EntryPoint","urlTemplate":"https:\/\/www.lojamelhordosul.com.br\/site\/?s={search_term_string}"},"query-input":{"@type":"PropertyValueSpecification","valueRequired":true,"valueName":"search_term_string"}}],"inLanguage":"pt-BR"},{"@type":"Organization","@id":"https:\/\/www.lojamelhordosul.com.br\/site\/#organization","name":"Loja Melhor do Sul","url":"https:\/\/www.lojamelhordosul.com.br\/site\/","logo":{"@type":"ImageObject","inLanguage":"pt-BR","@id":"https:\/\/www.lojamelhordosul.com.br\/site\/#\/schema\/logo\/image\/","url":"https:\/\/www.lojamelhordosul.com.br\/site\/wp-content\/uploads\/2019\/10\/logo-longo-da-loja.png","contentUrl":"https:\/\/www.lojamelhordosul.com.br\/site\/wp-content\/uploads\/2019\/10\/logo-longo-da-loja.png","width":597,"height":114,"caption":"Loja Melhor do Sul"},"image":{"@id":"https:\/\/www.lojamelhordosul.com.br\/site\/#\/schema\/logo\/image\/"}}]}},"_links":{"self":[{"href":"https:\/\/www.lojamelhordosul.com.br\/site\/wp-json\/wp\/v2\/product\/14374","targetHints":{"allow":["GET"]}}],"collection":[{"href":"https:\/\/www.lojamelhordosul.com.br\/site\/wp-json\/wp\/v2\/product"}],"about":[{"href":"https:\/\/www.lojamelhordosul.com.br\/site\/wp-json\/wp\/v2\/types\/product"}],"replies":[{"embeddable":true,"href":"https:\/\/www.lojamelhordosul.com.br\/site\/wp-json\/wp\/v2\/comments?post=14374"}],"wp:featuredmedia":[{"embeddable":true,"href":"https:\/\/www.lojamelhordosul.com.br\/site\/wp-json\/wp\/v2\/media\/14375"}],"wp:attachment":[{"href":"https:\/\/www.lojamelhordosul.com.br\/site\/wp-json\/wp\/v2\/media?parent=14374"}],"wp:term":[{"taxonomy":"product_brand","embeddable":true,"href":"https:\/\/www.lojamelhordosul.com.br\/site\/wp-json\/wp\/v2\/product_brand?post=14374"},{"taxonomy":"product_cat","embeddable":true,"href":"https:\/\/www.lojamelhordosul.com.br\/site\/wp-json\/wp\/v2\/product_cat?post=14374"},{"taxonomy":"product_tag","embeddable":true,"href":"https:\/\/www.lojamelhordosul.com.br\/site\/wp-json\/wp\/v2\/product_tag?post=14374"}],"curies":[{"name":"wp","href":"https:\/\/api.w.org\/{rel}","templated":true}]}}