{"id":14417,"date":"2023-12-28T16:14:25","date_gmt":"2023-12-28T19:14:25","guid":{"rendered":"https:\/\/www.lojamelhordosul.com.br\/site\/?post_type=product&#038;p=14417"},"modified":"2026-04-30T11:35:29","modified_gmt":"2026-04-30T14:35:29","slug":"acessorio-para-camera-speed-dome-xsd-101","status":"publish","type":"product","link":"https:\/\/www.lojamelhordosul.com.br\/site\/produto\/acessorio-para-camera-speed-dome-xsd-101\/","title":{"rendered":"Acess\u00f3rio para c\u00e2mera speed dome XSD 101"},"content":{"rendered":"<div>\n<div class=\"z-index-4 internal-fixed-navigation\">\n<div class=\"grid-container  \">\n<div class=\"navigation-sticky\">\n<div class=\"grid-x align-middle\">\n<div class=\"cell navigation__cell-first large-auto text-left\">\n<div class=\"overflow-x-auto start\">\n<div class=\"overflow-x-auto__wrapper\"><\/div>\n<\/div>\n<\/div>\n<\/div>\n<\/div>\n<\/div>\n<\/div>\n<\/div>\n<div>\n<div class=\"grid-container  \">\n<div class=\"mt2 mb2  \">\n<div class=\"grid-container  \">\n<div class=\"block-template overflow-hidden\">\n<div class=\"field field-name-field-description field-type-text-with-summary field-label-hidden wysiwyg_filtered\">\n<div class=\"field-items\">\n<div class=\"field-item even\">\n<table cellspacing=\"0\" cellpadding=\"0\">\n<tbody>\n<tr>\n<td class=\"cke-align-top\"><img decoding=\"async\" class=\"media-element file-default\" title=\"XSD 101\" src=\"https:\/\/suporte-tecnico.intelbras.com.br\/sites\/default\/files\/flyer_xsd_101_01.png\" alt=\"XSD 101\" \/><\/p>\n<p>Com o suporte XSD 101, voc\u00ea pode instalar as speed domes em paredes sem perder a eleg\u00e2ncia e adapt\u00e1-las aos mais variados cen\u00e1rios de aplica\u00e7\u00e3o.<\/p>\n<p><em><span class=\"cke-font-size-small\">* Alguns modelos de speed domes j\u00e1 acompanham o XSD 101.<\/span><\/em><\/td>\n<\/tr>\n<\/tbody>\n<\/table>\n<table cellspacing=\"0\" cellpadding=\"0\">\n<tbody>\n<tr>\n<td class=\"cke-align-top\"><img decoding=\"async\" class=\"media-element file-default\" title=\"XSD 101\" src=\"https:\/\/suporte-tecnico.intelbras.com.br\/sites\/default\/files\/flyer_xsd_101_02.png\" alt=\"XSD 101\" \/><\/p>\n<p>Robusto e produzido com materiais de qualidade, o suporte XSD 101 profissionaliza o seu projeto e traz mais seguran\u00e7a e versatilidade.<\/td>\n<\/tr>\n<\/tbody>\n<\/table>\n<\/div>\n<\/div>\n<\/div>\n<\/div>\n<\/div>\n<\/div>\n<\/div>\n<\/div>\n","protected":false},"excerpt":{"rendered":"<p>Com o suporte XSD 101, voc\u00ea pode instalar as speed domes em paredes sem perder a eleg\u00e2ncia e adapt\u00e1-las aos mais variados cen\u00e1rios de aplica\u00e7\u00e3o. * Alguns modelos de speed domes j\u00e1 acompanham o XSD 101. Robusto e produzido com materiais de qualidade, o suporte XSD 101 profissionaliza o seu projeto e traz mais seguran\u00e7a &hellip; <a href=\"https:\/\/www.lojamelhordosul.com.br\/site\/produto\/acessorio-para-camera-speed-dome-xsd-101\/\" class=\"more-link\">Continuar lendo <span class=\"screen-reader-text\">Acess\u00f3rio para c\u00e2mera speed dome XSD 101<\/span><\/a><\/p>\n","protected":false},"featured_media":14418,"comment_status":"closed","ping_status":"closed","template":"","meta":[],"product_brand":[],"product_cat":[2719,2639,2723],"product_tag":[],"class_list":{"0":"post-14417","1":"product","2":"type-product","3":"status-publish","4":"has-post-thumbnail","6":"product_cat-acessorios-cftv","7":"product_cat-camera-de-seguranca-speed-dome","8":"product_cat-acessorios-suportes","10":"first","11":"outofstock","12":"shipping-taxable","13":"purchasable","14":"product-type-simple"},"yoast_head":"<!-- This site is optimized with the Yoast SEO plugin v27.5 - https:\/\/yoast.com\/product\/yoast-seo-wordpress\/ -->\n<title>Acess\u00f3rio para c\u00e2mera speed dome XSD 101 - Loja Melhor do Sul Sistemas de Seguran\u00e7a<\/title>\n<meta name=\"robots\" content=\"index, follow, max-snippet:-1, max-image-preview:large, max-video-preview:-1\" \/>\n<link rel=\"canonical\" href=\"https:\/\/www.lojamelhordosul.com.br\/site\/produto\/acessorio-para-camera-speed-dome-xsd-101\/\" \/>\n<meta property=\"og:locale\" content=\"pt_BR\" \/>\n<meta property=\"og:type\" content=\"article\" \/>\n<meta property=\"og:title\" content=\"Acess\u00f3rio para c\u00e2mera speed dome XSD 101 - Loja Melhor do Sul Sistemas de Seguran\u00e7a\" \/>\n<meta property=\"og:description\" content=\"Com o suporte XSD 101, voc\u00ea pode instalar as speed domes em paredes sem perder a eleg\u00e2ncia e adapt\u00e1-las aos mais variados cen\u00e1rios de aplica\u00e7\u00e3o. * Alguns modelos de speed domes j\u00e1 acompanham o XSD 101. Robusto e produzido com materiais de qualidade, o suporte XSD 101 profissionaliza o seu projeto e traz mais seguran\u00e7a &hellip; Continuar lendo Acess\u00f3rio para c\u00e2mera speed dome XSD 101\" \/>\n<meta property=\"og:url\" content=\"https:\/\/www.lojamelhordosul.com.br\/site\/produto\/acessorio-para-camera-speed-dome-xsd-101\/\" \/>\n<meta property=\"og:site_name\" content=\"Loja Melhor do Sul Sistemas de Seguran\u00e7a\" \/>\n<meta property=\"article:modified_time\" content=\"2026-04-30T14:35:29+00:00\" \/>\n<meta property=\"og:image\" content=\"https:\/\/www.lojamelhordosul.com.br\/site\/wp-content\/uploads\/2023\/12\/Captura-de-tela-2023-12-28-161354.png\" \/>\n\t<meta property=\"og:image:width\" content=\"520\" \/>\n\t<meta property=\"og:image:height\" content=\"420\" \/>\n\t<meta property=\"og:image:type\" content=\"image\/png\" \/>\n<meta name=\"twitter:card\" content=\"summary_large_image\" \/>\n<meta name=\"twitter:label1\" content=\"Est. tempo de leitura\" \/>\n\t<meta name=\"twitter:data1\" content=\"1 minuto\" \/>\n<script type=\"application\/ld+json\" class=\"yoast-schema-graph\">{\"@context\":\"https:\\\/\\\/schema.org\",\"@graph\":[{\"@type\":\"WebPage\",\"@id\":\"https:\\\/\\\/www.lojamelhordosul.com.br\\\/site\\\/produto\\\/acessorio-para-camera-speed-dome-xsd-101\\\/\",\"url\":\"https:\\\/\\\/www.lojamelhordosul.com.br\\\/site\\\/produto\\\/acessorio-para-camera-speed-dome-xsd-101\\\/\",\"name\":\"Acess\u00f3rio para c\u00e2mera speed dome XSD 101 - Loja Melhor do Sul Sistemas de Seguran\u00e7a\",\"isPartOf\":{\"@id\":\"https:\\\/\\\/www.lojamelhordosul.com.br\\\/site\\\/#website\"},\"primaryImageOfPage\":{\"@id\":\"https:\\\/\\\/www.lojamelhordosul.com.br\\\/site\\\/produto\\\/acessorio-para-camera-speed-dome-xsd-101\\\/#primaryimage\"},\"image\":{\"@id\":\"https:\\\/\\\/www.lojamelhordosul.com.br\\\/site\\\/produto\\\/acessorio-para-camera-speed-dome-xsd-101\\\/#primaryimage\"},\"thumbnailUrl\":\"https:\\\/\\\/www.lojamelhordosul.com.br\\\/site\\\/wp-content\\\/uploads\\\/2023\\\/12\\\/Captura-de-tela-2023-12-28-161354.png\",\"datePublished\":\"2023-12-28T19:14:25+00:00\",\"dateModified\":\"2026-04-30T14:35:29+00:00\",\"breadcrumb\":{\"@id\":\"https:\\\/\\\/www.lojamelhordosul.com.br\\\/site\\\/produto\\\/acessorio-para-camera-speed-dome-xsd-101\\\/#breadcrumb\"},\"inLanguage\":\"pt-BR\",\"potentialAction\":[{\"@type\":\"ReadAction\",\"target\":[\"https:\\\/\\\/www.lojamelhordosul.com.br\\\/site\\\/produto\\\/acessorio-para-camera-speed-dome-xsd-101\\\/\"]}]},{\"@type\":\"ImageObject\",\"inLanguage\":\"pt-BR\",\"@id\":\"https:\\\/\\\/www.lojamelhordosul.com.br\\\/site\\\/produto\\\/acessorio-para-camera-speed-dome-xsd-101\\\/#primaryimage\",\"url\":\"https:\\\/\\\/www.lojamelhordosul.com.br\\\/site\\\/wp-content\\\/uploads\\\/2023\\\/12\\\/Captura-de-tela-2023-12-28-161354.png\",\"contentUrl\":\"https:\\\/\\\/www.lojamelhordosul.com.br\\\/site\\\/wp-content\\\/uploads\\\/2023\\\/12\\\/Captura-de-tela-2023-12-28-161354.png\",\"width\":520,\"height\":420},{\"@type\":\"BreadcrumbList\",\"@id\":\"https:\\\/\\\/www.lojamelhordosul.com.br\\\/site\\\/produto\\\/acessorio-para-camera-speed-dome-xsd-101\\\/#breadcrumb\",\"itemListElement\":[{\"@type\":\"ListItem\",\"position\":1,\"name\":\"In\u00edcio\",\"item\":\"https:\\\/\\\/www.lojamelhordosul.com.br\\\/site\\\/\"},{\"@type\":\"ListItem\",\"position\":2,\"name\":\"Loja\",\"item\":\"https:\\\/\\\/www.lojamelhordosul.com.br\\\/site\\\/loja\\\/\"},{\"@type\":\"ListItem\",\"position\":3,\"name\":\"Acess\u00f3rio para c\u00e2mera speed dome XSD 101\"}]},{\"@type\":\"WebSite\",\"@id\":\"https:\\\/\\\/www.lojamelhordosul.com.br\\\/site\\\/#website\",\"url\":\"https:\\\/\\\/www.lojamelhordosul.com.br\\\/site\\\/\",\"name\":\"Loja Melhor do Sul Sistemas de Seguran\u00e7a\",\"description\":\"Loja Melhor do Sul - Revenda Ouro Intelbras em Porto Alegre\",\"publisher\":{\"@id\":\"https:\\\/\\\/www.lojamelhordosul.com.br\\\/site\\\/#organization\"},\"potentialAction\":[{\"@type\":\"SearchAction\",\"target\":{\"@type\":\"EntryPoint\",\"urlTemplate\":\"https:\\\/\\\/www.lojamelhordosul.com.br\\\/site\\\/?s={search_term_string}\"},\"query-input\":{\"@type\":\"PropertyValueSpecification\",\"valueRequired\":true,\"valueName\":\"search_term_string\"}}],\"inLanguage\":\"pt-BR\"},{\"@type\":\"Organization\",\"@id\":\"https:\\\/\\\/www.lojamelhordosul.com.br\\\/site\\\/#organization\",\"name\":\"Loja Melhor do Sul\",\"url\":\"https:\\\/\\\/www.lojamelhordosul.com.br\\\/site\\\/\",\"logo\":{\"@type\":\"ImageObject\",\"inLanguage\":\"pt-BR\",\"@id\":\"https:\\\/\\\/www.lojamelhordosul.com.br\\\/site\\\/#\\\/schema\\\/logo\\\/image\\\/\",\"url\":\"https:\\\/\\\/www.lojamelhordosul.com.br\\\/site\\\/wp-content\\\/uploads\\\/2019\\\/10\\\/logo-longo-da-loja.png\",\"contentUrl\":\"https:\\\/\\\/www.lojamelhordosul.com.br\\\/site\\\/wp-content\\\/uploads\\\/2019\\\/10\\\/logo-longo-da-loja.png\",\"width\":597,\"height\":114,\"caption\":\"Loja Melhor do Sul\"},\"image\":{\"@id\":\"https:\\\/\\\/www.lojamelhordosul.com.br\\\/site\\\/#\\\/schema\\\/logo\\\/image\\\/\"}}]}<\/script>\n<!-- \/ Yoast SEO plugin. -->","yoast_head_json":{"title":"Acess\u00f3rio para c\u00e2mera speed dome XSD 101 - Loja Melhor do Sul Sistemas de Seguran\u00e7a","robots":{"index":"index","follow":"follow","max-snippet":"max-snippet:-1","max-image-preview":"max-image-preview:large","max-video-preview":"max-video-preview:-1"},"canonical":"https:\/\/www.lojamelhordosul.com.br\/site\/produto\/acessorio-para-camera-speed-dome-xsd-101\/","og_locale":"pt_BR","og_type":"article","og_title":"Acess\u00f3rio para c\u00e2mera speed dome XSD 101 - Loja Melhor do Sul Sistemas de Seguran\u00e7a","og_description":"Com o suporte XSD 101, voc\u00ea pode instalar as speed domes em paredes sem perder a eleg\u00e2ncia e adapt\u00e1-las aos mais variados cen\u00e1rios de aplica\u00e7\u00e3o. * Alguns modelos de speed domes j\u00e1 acompanham o XSD 101. Robusto e produzido com materiais de qualidade, o suporte XSD 101 profissionaliza o seu projeto e traz mais seguran\u00e7a &hellip; Continuar lendo Acess\u00f3rio para c\u00e2mera speed dome XSD 101","og_url":"https:\/\/www.lojamelhordosul.com.br\/site\/produto\/acessorio-para-camera-speed-dome-xsd-101\/","og_site_name":"Loja Melhor do Sul Sistemas de Seguran\u00e7a","article_modified_time":"2026-04-30T14:35:29+00:00","og_image":[{"width":520,"height":420,"url":"https:\/\/www.lojamelhordosul.com.br\/site\/wp-content\/uploads\/2023\/12\/Captura-de-tela-2023-12-28-161354.png","type":"image\/png"}],"twitter_card":"summary_large_image","twitter_misc":{"Est. tempo de leitura":"1 minuto"},"schema":{"@context":"https:\/\/schema.org","@graph":[{"@type":"WebPage","@id":"https:\/\/www.lojamelhordosul.com.br\/site\/produto\/acessorio-para-camera-speed-dome-xsd-101\/","url":"https:\/\/www.lojamelhordosul.com.br\/site\/produto\/acessorio-para-camera-speed-dome-xsd-101\/","name":"Acess\u00f3rio para c\u00e2mera speed dome XSD 101 - Loja Melhor do Sul Sistemas de Seguran\u00e7a","isPartOf":{"@id":"https:\/\/www.lojamelhordosul.com.br\/site\/#website"},"primaryImageOfPage":{"@id":"https:\/\/www.lojamelhordosul.com.br\/site\/produto\/acessorio-para-camera-speed-dome-xsd-101\/#primaryimage"},"image":{"@id":"https:\/\/www.lojamelhordosul.com.br\/site\/produto\/acessorio-para-camera-speed-dome-xsd-101\/#primaryimage"},"thumbnailUrl":"https:\/\/www.lojamelhordosul.com.br\/site\/wp-content\/uploads\/2023\/12\/Captura-de-tela-2023-12-28-161354.png","datePublished":"2023-12-28T19:14:25+00:00","dateModified":"2026-04-30T14:35:29+00:00","breadcrumb":{"@id":"https:\/\/www.lojamelhordosul.com.br\/site\/produto\/acessorio-para-camera-speed-dome-xsd-101\/#breadcrumb"},"inLanguage":"pt-BR","potentialAction":[{"@type":"ReadAction","target":["https:\/\/www.lojamelhordosul.com.br\/site\/produto\/acessorio-para-camera-speed-dome-xsd-101\/"]}]},{"@type":"ImageObject","inLanguage":"pt-BR","@id":"https:\/\/www.lojamelhordosul.com.br\/site\/produto\/acessorio-para-camera-speed-dome-xsd-101\/#primaryimage","url":"https:\/\/www.lojamelhordosul.com.br\/site\/wp-content\/uploads\/2023\/12\/Captura-de-tela-2023-12-28-161354.png","contentUrl":"https:\/\/www.lojamelhordosul.com.br\/site\/wp-content\/uploads\/2023\/12\/Captura-de-tela-2023-12-28-161354.png","width":520,"height":420},{"@type":"BreadcrumbList","@id":"https:\/\/www.lojamelhordosul.com.br\/site\/produto\/acessorio-para-camera-speed-dome-xsd-101\/#breadcrumb","itemListElement":[{"@type":"ListItem","position":1,"name":"In\u00edcio","item":"https:\/\/www.lojamelhordosul.com.br\/site\/"},{"@type":"ListItem","position":2,"name":"Loja","item":"https:\/\/www.lojamelhordosul.com.br\/site\/loja\/"},{"@type":"ListItem","position":3,"name":"Acess\u00f3rio para c\u00e2mera speed dome XSD 101"}]},{"@type":"WebSite","@id":"https:\/\/www.lojamelhordosul.com.br\/site\/#website","url":"https:\/\/www.lojamelhordosul.com.br\/site\/","name":"Loja Melhor do Sul Sistemas de Seguran\u00e7a","description":"Loja Melhor do Sul - Revenda Ouro Intelbras em Porto Alegre","publisher":{"@id":"https:\/\/www.lojamelhordosul.com.br\/site\/#organization"},"potentialAction":[{"@type":"SearchAction","target":{"@type":"EntryPoint","urlTemplate":"https:\/\/www.lojamelhordosul.com.br\/site\/?s={search_term_string}"},"query-input":{"@type":"PropertyValueSpecification","valueRequired":true,"valueName":"search_term_string"}}],"inLanguage":"pt-BR"},{"@type":"Organization","@id":"https:\/\/www.lojamelhordosul.com.br\/site\/#organization","name":"Loja Melhor do Sul","url":"https:\/\/www.lojamelhordosul.com.br\/site\/","logo":{"@type":"ImageObject","inLanguage":"pt-BR","@id":"https:\/\/www.lojamelhordosul.com.br\/site\/#\/schema\/logo\/image\/","url":"https:\/\/www.lojamelhordosul.com.br\/site\/wp-content\/uploads\/2019\/10\/logo-longo-da-loja.png","contentUrl":"https:\/\/www.lojamelhordosul.com.br\/site\/wp-content\/uploads\/2019\/10\/logo-longo-da-loja.png","width":597,"height":114,"caption":"Loja Melhor do Sul"},"image":{"@id":"https:\/\/www.lojamelhordosul.com.br\/site\/#\/schema\/logo\/image\/"}}]}},"_links":{"self":[{"href":"https:\/\/www.lojamelhordosul.com.br\/site\/wp-json\/wp\/v2\/product\/14417","targetHints":{"allow":["GET"]}}],"collection":[{"href":"https:\/\/www.lojamelhordosul.com.br\/site\/wp-json\/wp\/v2\/product"}],"about":[{"href":"https:\/\/www.lojamelhordosul.com.br\/site\/wp-json\/wp\/v2\/types\/product"}],"replies":[{"embeddable":true,"href":"https:\/\/www.lojamelhordosul.com.br\/site\/wp-json\/wp\/v2\/comments?post=14417"}],"wp:featuredmedia":[{"embeddable":true,"href":"https:\/\/www.lojamelhordosul.com.br\/site\/wp-json\/wp\/v2\/media\/14418"}],"wp:attachment":[{"href":"https:\/\/www.lojamelhordosul.com.br\/site\/wp-json\/wp\/v2\/media?parent=14417"}],"wp:term":[{"taxonomy":"product_brand","embeddable":true,"href":"https:\/\/www.lojamelhordosul.com.br\/site\/wp-json\/wp\/v2\/product_brand?post=14417"},{"taxonomy":"product_cat","embeddable":true,"href":"https:\/\/www.lojamelhordosul.com.br\/site\/wp-json\/wp\/v2\/product_cat?post=14417"},{"taxonomy":"product_tag","embeddable":true,"href":"https:\/\/www.lojamelhordosul.com.br\/site\/wp-json\/wp\/v2\/product_tag?post=14417"}],"curies":[{"name":"wp","href":"https:\/\/api.w.org\/{rel}","templated":true}]}}