{"id":14438,"date":"2023-12-29T11:53:50","date_gmt":"2023-12-29T14:53:50","guid":{"rendered":"https:\/\/www.lojamelhordosul.com.br\/site\/?post_type=product&#038;p=14438"},"modified":"2026-04-30T11:18:25","modified_gmt":"2026-04-30T14:18:25","slug":"extensor-de-audio-e-videohdmi-e-dados-usb-vex-3060-kvm","status":"publish","type":"product","link":"https:\/\/www.lojamelhordosul.com.br\/site\/produto\/extensor-de-audio-e-videohdmi-e-dados-usb-vex-3060-kvm\/","title":{"rendered":"Extensor de \u00e1udio e v\u00eddeo(hdmi) e dados (usb) VEX 3060 KVM"},"content":{"rendered":"<div>\n<div class=\"z-index-4 internal-fixed-navigation\">\n<div class=\"grid-container  \">\n<div class=\"navigation-sticky\">\n<div class=\"grid-x align-middle\">\n<div class=\"cell navigation__cell-first large-auto text-left is-sticky\">\n<div class=\"overflow-x-auto start\">\n<div class=\"overflow-x-auto__wrapper\"><\/div>\n<\/div>\n<\/div>\n<\/div>\n<\/div>\n<\/div>\n<\/div>\n<\/div>\n<div>\n<div class=\"grid-container  \">\n<div class=\"mt2 mb2  \">\n<div class=\"grid-container  \">\n<div class=\"block-mini-banner is-product-page\" data-ga-name=\"section-mini-banner\">\n<div class=\"grid-x grid-container align-middle\">\n<div class=\"cell media-cell medium-6 medium-order-2 large-offset-1\">\n<div class=\"block-mini-banner__media\">\n<figure class=\"text-center  object-fit--contain\"><img decoding=\"async\" src=\"https:\/\/backend.intelbras.com\/sites\/default\/files\/styles\/large\/public\/2021-09\/facilidade-nas-instalacoes-a-longas-distancias-vex-3060-kvm-g2.jpg\" alt=\"facilidade-nas-instalacoes-a-longas-distancias-vex-3060-kvm-g2\" \/><\/figure>\n<\/div>\n<\/div>\n<div class=\"cell medium-auto medium-order-1\">\n<div class=\"block-mini-banner__content\">\n<div class=\"mt2 mb2 \">\n<h2 class=\"weight--small-300 weight--large-200 block-mini-banner__title h3\">Facilidade nas instala\u00e7\u00f5es a longas dist\u00e2ncias<\/h2>\n<\/div>\n<div class=\"text text--300\">\n<div class=\"block-template overflow-hidden\">\n<p>Transmite o sinal de v\u00eddeo (HDMI) e dados (mouse e teclado) a dist\u00e2ncias superiores a 10 metros, com facilidade e robustez nas instala\u00e7\u00f5es.<\/p>\n<\/div>\n<\/div>\n<\/div>\n<\/div>\n<\/div>\n<\/div>\n<\/div>\n<\/div>\n<div class=\"mt2 mb2  \">\n<div class=\"grid-container  \">\n<div class=\"block-mini-banner is-product-page\" data-ga-name=\"section-mini-banner\">\n<div class=\"grid-x grid-container align-middle\">\n<div class=\"cell media-cell medium-6\">\n<div class=\"block-mini-banner__media\">\n<figure class=\"text-center  object-fit--contain\"><img decoding=\"async\" src=\"https:\/\/backend.intelbras.com\/sites\/default\/files\/styles\/large\/public\/2022-05\/riqueza-nos-detalhes-com-imagens-em-alta-resolucao-vex-3060-kvm-g2.jpg\" alt=\"riqueza-nos-detalhes-com-imagens-em-alta-resolucao-vex-3060-kvm-g2.jpg\" \/><\/figure>\n<\/div>\n<\/div>\n<div class=\"cell medium-auto\">\n<div class=\"block-mini-banner__content\">\n<div class=\"mt2 mb2 \">\n<h2 class=\"weight--small-300 weight--large-200 block-mini-banner__title h3\">Riqueza nos detalhes com imagens em alta resolu\u00e7\u00e3o<\/h2>\n<\/div>\n<div class=\"text text--300\">\n<div class=\"block-template overflow-hidden\">\n<p>Considerando dist\u00e2ncias de at\u00e9 40 metros, o equipamento oferece imagens em alta defini\u00e7\u00e3o 4K, permitindo explorar cada detalhe do jeito que voc\u00ea precisa.<\/p>\n<\/div>\n<\/div>\n<\/div>\n<\/div>\n<\/div>\n<\/div>\n<\/div>\n<\/div>\n<div class=\"mt2 mb2  \">\n<div class=\"grid-container  \">\n<div class=\"block-mini-banner is-product-page\" data-ga-name=\"section-mini-banner\">\n<div class=\"grid-x grid-container align-middle\">\n<div class=\"cell media-cell medium-6 medium-order-2 large-offset-1\">\n<div class=\"block-mini-banner__media\">\n<figure class=\"text-center  object-fit--contain\"><img decoding=\"async\" src=\"https:\/\/backend.intelbras.com\/sites\/default\/files\/styles\/large\/public\/2021-09\/suas-necessidades-atendidas-domesticas-ou-comerciais-vex-3060-kvm-g2.jpg\" alt=\"suas-necessidades-atendidas-domesticas-ou-comerciais-vex-3060-kvm-g2\" \/><\/figure>\n<\/div>\n<\/div>\n<div class=\"cell medium-auto medium-order-1\">\n<div class=\"block-mini-banner__content\">\n<div class=\"mt2 mb2 \">\n<h2 class=\"weight--small-300 weight--large-200 block-mini-banner__title h3\">Suas necessidades atendidas, dom\u00e9sticas ou comerciais<\/h2>\n<\/div>\n<div class=\"text text--300\">\n<div class=\"block-template overflow-hidden\">\n<p>F\u00e1cil instala\u00e7\u00e3o em aplica\u00e7\u00f5es de CFTV (DVRs e NVRs) e aparelhos de entretenimento (projetores, salas de confer\u00eancia, home theater, videogame).<\/p>\n<\/div>\n<\/div>\n<\/div>\n<\/div>\n<\/div>\n<\/div>\n<\/div>\n<\/div>\n<div class=\"mt2 mb2  \">\n<div class=\"grid-container  \">\n<div class=\"block-mini-banner is-product-page\" data-ga-name=\"section-mini-banner\">\n<div class=\"grid-x grid-container align-middle\">\n<div class=\"cell media-cell medium-6\">\n<div class=\"block-mini-banner__media\">\n<figure class=\"text-center  object-fit--contain\"><img decoding=\"async\" src=\"https:\/\/backend.intelbras.com\/sites\/default\/files\/styles\/large\/public\/2021-09\/alcance-maximo-para-conexao-a-longas-distancias-vex-3060-kvm-g2.jpg\" alt=\"alcance-maximo-para-conexao-a-longas-distancias-vex-3060-kvm-g2\" \/><\/figure>\n<\/div>\n<\/div>\n<div class=\"cell medium-auto\">\n<div class=\"block-mini-banner__content\">\n<div class=\"mt2 mb2 \">\n<h2 class=\"weight--small-300 weight--large-200 block-mini-banner__title h3\">Alcance m\u00e1ximo para conex\u00e3o a longas dist\u00e2ncias<\/h2>\n<\/div>\n<div class=\"text text--300\">\n<div class=\"block-template overflow-hidden\">\n<p>Conex\u00e3o ponto a ponto por um \u00fanico cabo de rede, a uma dist\u00e2ncia de 60 m no cabo Cat6 e 50 m no Cat5e para envio de sinal de v\u00eddeo e dados.<\/p>\n<\/div>\n<\/div>\n<\/div>\n<\/div>\n<\/div>\n<\/div>\n<\/div>\n<\/div>\n<div class=\"mt2 mb2  \">\n<div class=\"grid-container  \">\n<div class=\"block-mini-banner is-product-page\" data-ga-name=\"section-mini-banner\">\n<div class=\"grid-x grid-container align-middle\">\n<div class=\"cell media-cell medium-6 medium-order-2 large-offset-1\">\n<div class=\"block-mini-banner__media\">\n<figure class=\"text-center  object-fit--contain\"><img decoding=\"async\" src=\"https:\/\/backend.intelbras.com\/sites\/default\/files\/styles\/large\/public\/2021-09\/seu-equipamento-mais-protegido-e-duravel-vex-3060-kvm-g2.jpg\" alt=\"seu-equipamento-mais-protegido-e-duravel-vex-3060-kvm-g2\" \/><\/figure>\n<\/div>\n<\/div>\n<div class=\"cell medium-auto medium-order-1\">\n<div class=\"block-mini-banner__content\">\n<div class=\"mt2 mb2 \">\n<h2 class=\"weight--small-300 weight--large-200 block-mini-banner__title h3\">Seu equipamento mais protegido e dur\u00e1vel<\/h2>\n<\/div>\n<div class=\"text text--300\">\n<div class=\"block-template overflow-hidden\">\n<p>Projetado para ambientes internos, o extensor possui case met\u00e1lico e um circuito adicional de prote\u00e7\u00e3o contra surtos de tens\u00e3o.<\/p>\n<\/div>\n<\/div>\n<\/div>\n<\/div>\n<\/div>\n<\/div>\n<\/div>\n<\/div>\n<\/div>\n<\/div>\n<div>\n<div class=\"grid-container  \">\n<div class=\"mb3 \">\n<div class=\"block-tab\" data-ga-name=\"tab\">\n<div class=\"overflow-x-auto start\">\n<div class=\"overflow-x-auto__wrapper\">\n<div class=\"pb2\">\n<nav class=\"block-tab__header false\">&nbsp;<\/p>\n<div class=\"block-tab__header__item-tab\"><\/div>\n<\/nav>\n<\/div>\n<\/div>\n<\/div>\n<\/div>\n<\/div>\n<\/div>\n<\/div>\n","protected":false},"excerpt":{"rendered":"<p>Facilidade nas instala\u00e7\u00f5es a longas dist\u00e2ncias Transmite o sinal de v\u00eddeo (HDMI) e dados (mouse e teclado) a dist\u00e2ncias superiores a 10 metros, com facilidade e robustez nas instala\u00e7\u00f5es. Riqueza nos detalhes com imagens em alta resolu\u00e7\u00e3o Considerando dist\u00e2ncias de at\u00e9 40 metros, o equipamento oferece imagens em alta defini\u00e7\u00e3o 4K, permitindo explorar cada detalhe &hellip; <a href=\"https:\/\/www.lojamelhordosul.com.br\/site\/produto\/extensor-de-audio-e-videohdmi-e-dados-usb-vex-3060-kvm\/\" class=\"more-link\">Continuar lendo <span class=\"screen-reader-text\">Extensor de \u00e1udio e v\u00eddeo(hdmi) e dados (usb) VEX 3060 KVM<\/span><\/a><\/p>\n","protected":false},"featured_media":14439,"comment_status":"closed","ping_status":"closed","template":"","meta":[],"product_brand":[],"product_cat":[2719,2725],"product_tag":[],"class_list":{"0":"post-14438","1":"product","2":"type-product","3":"status-publish","4":"has-post-thumbnail","6":"product_cat-acessorios-cftv","7":"product_cat-acessorios-diversos","9":"first","10":"instock","11":"shipping-taxable","12":"purchasable","13":"product-type-simple"},"yoast_head":"<!-- This site is optimized with the Yoast SEO plugin v27.5 - https:\/\/yoast.com\/product\/yoast-seo-wordpress\/ -->\n<title>Extensor de \u00e1udio e v\u00eddeo(hdmi) e dados (usb) VEX 3060 KVM - Loja Melhor do Sul Sistemas de Seguran\u00e7a<\/title>\n<meta name=\"robots\" content=\"index, follow, max-snippet:-1, max-image-preview:large, max-video-preview:-1\" \/>\n<link rel=\"canonical\" href=\"https:\/\/www.lojamelhordosul.com.br\/site\/produto\/extensor-de-audio-e-videohdmi-e-dados-usb-vex-3060-kvm\/\" \/>\n<meta property=\"og:locale\" content=\"pt_BR\" \/>\n<meta property=\"og:type\" content=\"article\" \/>\n<meta property=\"og:title\" content=\"Extensor de \u00e1udio e v\u00eddeo(hdmi) e dados (usb) VEX 3060 KVM - Loja Melhor do Sul Sistemas de Seguran\u00e7a\" \/>\n<meta property=\"og:description\" content=\"Facilidade nas instala\u00e7\u00f5es a longas dist\u00e2ncias Transmite o sinal de v\u00eddeo (HDMI) e dados (mouse e teclado) a dist\u00e2ncias superiores a 10 metros, com facilidade e robustez nas instala\u00e7\u00f5es. Riqueza nos detalhes com imagens em alta resolu\u00e7\u00e3o Considerando dist\u00e2ncias de at\u00e9 40 metros, o equipamento oferece imagens em alta defini\u00e7\u00e3o 4K, permitindo explorar cada detalhe &hellip; Continuar lendo Extensor de \u00e1udio e v\u00eddeo(hdmi) e dados (usb) VEX 3060 KVM\" \/>\n<meta property=\"og:url\" content=\"https:\/\/www.lojamelhordosul.com.br\/site\/produto\/extensor-de-audio-e-videohdmi-e-dados-usb-vex-3060-kvm\/\" \/>\n<meta property=\"og:site_name\" content=\"Loja Melhor do Sul Sistemas de Seguran\u00e7a\" \/>\n<meta property=\"article:modified_time\" content=\"2026-04-30T14:18:25+00:00\" \/>\n<meta property=\"og:image\" content=\"https:\/\/www.lojamelhordosul.com.br\/site\/wp-content\/uploads\/2023\/12\/Captura-de-tela-2023-12-29-115305.png\" \/>\n\t<meta property=\"og:image:width\" content=\"662\" \/>\n\t<meta property=\"og:image:height\" content=\"372\" \/>\n\t<meta property=\"og:image:type\" content=\"image\/png\" \/>\n<meta name=\"twitter:card\" content=\"summary_large_image\" \/>\n<meta name=\"twitter:label1\" content=\"Est. tempo de leitura\" \/>\n\t<meta name=\"twitter:data1\" content=\"3 minutos\" \/>\n<script type=\"application\/ld+json\" class=\"yoast-schema-graph\">{\"@context\":\"https:\\\/\\\/schema.org\",\"@graph\":[{\"@type\":\"WebPage\",\"@id\":\"https:\\\/\\\/www.lojamelhordosul.com.br\\\/site\\\/produto\\\/extensor-de-audio-e-videohdmi-e-dados-usb-vex-3060-kvm\\\/\",\"url\":\"https:\\\/\\\/www.lojamelhordosul.com.br\\\/site\\\/produto\\\/extensor-de-audio-e-videohdmi-e-dados-usb-vex-3060-kvm\\\/\",\"name\":\"Extensor de \u00e1udio e v\u00eddeo(hdmi) e dados (usb) VEX 3060 KVM - Loja Melhor do Sul Sistemas de Seguran\u00e7a\",\"isPartOf\":{\"@id\":\"https:\\\/\\\/www.lojamelhordosul.com.br\\\/site\\\/#website\"},\"primaryImageOfPage\":{\"@id\":\"https:\\\/\\\/www.lojamelhordosul.com.br\\\/site\\\/produto\\\/extensor-de-audio-e-videohdmi-e-dados-usb-vex-3060-kvm\\\/#primaryimage\"},\"image\":{\"@id\":\"https:\\\/\\\/www.lojamelhordosul.com.br\\\/site\\\/produto\\\/extensor-de-audio-e-videohdmi-e-dados-usb-vex-3060-kvm\\\/#primaryimage\"},\"thumbnailUrl\":\"https:\\\/\\\/www.lojamelhordosul.com.br\\\/site\\\/wp-content\\\/uploads\\\/2023\\\/12\\\/Captura-de-tela-2023-12-29-115305.png\",\"datePublished\":\"2023-12-29T14:53:50+00:00\",\"dateModified\":\"2026-04-30T14:18:25+00:00\",\"breadcrumb\":{\"@id\":\"https:\\\/\\\/www.lojamelhordosul.com.br\\\/site\\\/produto\\\/extensor-de-audio-e-videohdmi-e-dados-usb-vex-3060-kvm\\\/#breadcrumb\"},\"inLanguage\":\"pt-BR\",\"potentialAction\":[{\"@type\":\"ReadAction\",\"target\":[\"https:\\\/\\\/www.lojamelhordosul.com.br\\\/site\\\/produto\\\/extensor-de-audio-e-videohdmi-e-dados-usb-vex-3060-kvm\\\/\"]}]},{\"@type\":\"ImageObject\",\"inLanguage\":\"pt-BR\",\"@id\":\"https:\\\/\\\/www.lojamelhordosul.com.br\\\/site\\\/produto\\\/extensor-de-audio-e-videohdmi-e-dados-usb-vex-3060-kvm\\\/#primaryimage\",\"url\":\"https:\\\/\\\/www.lojamelhordosul.com.br\\\/site\\\/wp-content\\\/uploads\\\/2023\\\/12\\\/Captura-de-tela-2023-12-29-115305.png\",\"contentUrl\":\"https:\\\/\\\/www.lojamelhordosul.com.br\\\/site\\\/wp-content\\\/uploads\\\/2023\\\/12\\\/Captura-de-tela-2023-12-29-115305.png\",\"width\":662,\"height\":372},{\"@type\":\"BreadcrumbList\",\"@id\":\"https:\\\/\\\/www.lojamelhordosul.com.br\\\/site\\\/produto\\\/extensor-de-audio-e-videohdmi-e-dados-usb-vex-3060-kvm\\\/#breadcrumb\",\"itemListElement\":[{\"@type\":\"ListItem\",\"position\":1,\"name\":\"In\u00edcio\",\"item\":\"https:\\\/\\\/www.lojamelhordosul.com.br\\\/site\\\/\"},{\"@type\":\"ListItem\",\"position\":2,\"name\":\"Loja\",\"item\":\"https:\\\/\\\/www.lojamelhordosul.com.br\\\/site\\\/loja\\\/\"},{\"@type\":\"ListItem\",\"position\":3,\"name\":\"Extensor de \u00e1udio e v\u00eddeo(hdmi) e dados (usb) VEX 3060 KVM\"}]},{\"@type\":\"WebSite\",\"@id\":\"https:\\\/\\\/www.lojamelhordosul.com.br\\\/site\\\/#website\",\"url\":\"https:\\\/\\\/www.lojamelhordosul.com.br\\\/site\\\/\",\"name\":\"Loja Melhor do Sul Sistemas de Seguran\u00e7a\",\"description\":\"Loja Melhor do Sul - Revenda Ouro Intelbras em Porto Alegre\",\"publisher\":{\"@id\":\"https:\\\/\\\/www.lojamelhordosul.com.br\\\/site\\\/#organization\"},\"potentialAction\":[{\"@type\":\"SearchAction\",\"target\":{\"@type\":\"EntryPoint\",\"urlTemplate\":\"https:\\\/\\\/www.lojamelhordosul.com.br\\\/site\\\/?s={search_term_string}\"},\"query-input\":{\"@type\":\"PropertyValueSpecification\",\"valueRequired\":true,\"valueName\":\"search_term_string\"}}],\"inLanguage\":\"pt-BR\"},{\"@type\":\"Organization\",\"@id\":\"https:\\\/\\\/www.lojamelhordosul.com.br\\\/site\\\/#organization\",\"name\":\"Loja Melhor do Sul\",\"url\":\"https:\\\/\\\/www.lojamelhordosul.com.br\\\/site\\\/\",\"logo\":{\"@type\":\"ImageObject\",\"inLanguage\":\"pt-BR\",\"@id\":\"https:\\\/\\\/www.lojamelhordosul.com.br\\\/site\\\/#\\\/schema\\\/logo\\\/image\\\/\",\"url\":\"https:\\\/\\\/www.lojamelhordosul.com.br\\\/site\\\/wp-content\\\/uploads\\\/2019\\\/10\\\/logo-longo-da-loja.png\",\"contentUrl\":\"https:\\\/\\\/www.lojamelhordosul.com.br\\\/site\\\/wp-content\\\/uploads\\\/2019\\\/10\\\/logo-longo-da-loja.png\",\"width\":597,\"height\":114,\"caption\":\"Loja Melhor do Sul\"},\"image\":{\"@id\":\"https:\\\/\\\/www.lojamelhordosul.com.br\\\/site\\\/#\\\/schema\\\/logo\\\/image\\\/\"}}]}<\/script>\n<!-- \/ Yoast SEO plugin. -->","yoast_head_json":{"title":"Extensor de \u00e1udio e v\u00eddeo(hdmi) e dados (usb) VEX 3060 KVM - Loja Melhor do Sul Sistemas de Seguran\u00e7a","robots":{"index":"index","follow":"follow","max-snippet":"max-snippet:-1","max-image-preview":"max-image-preview:large","max-video-preview":"max-video-preview:-1"},"canonical":"https:\/\/www.lojamelhordosul.com.br\/site\/produto\/extensor-de-audio-e-videohdmi-e-dados-usb-vex-3060-kvm\/","og_locale":"pt_BR","og_type":"article","og_title":"Extensor de \u00e1udio e v\u00eddeo(hdmi) e dados (usb) VEX 3060 KVM - Loja Melhor do Sul Sistemas de Seguran\u00e7a","og_description":"Facilidade nas instala\u00e7\u00f5es a longas dist\u00e2ncias Transmite o sinal de v\u00eddeo (HDMI) e dados (mouse e teclado) a dist\u00e2ncias superiores a 10 metros, com facilidade e robustez nas instala\u00e7\u00f5es. Riqueza nos detalhes com imagens em alta resolu\u00e7\u00e3o Considerando dist\u00e2ncias de at\u00e9 40 metros, o equipamento oferece imagens em alta defini\u00e7\u00e3o 4K, permitindo explorar cada detalhe &hellip; Continuar lendo Extensor de \u00e1udio e v\u00eddeo(hdmi) e dados (usb) VEX 3060 KVM","og_url":"https:\/\/www.lojamelhordosul.com.br\/site\/produto\/extensor-de-audio-e-videohdmi-e-dados-usb-vex-3060-kvm\/","og_site_name":"Loja Melhor do Sul Sistemas de Seguran\u00e7a","article_modified_time":"2026-04-30T14:18:25+00:00","og_image":[{"width":662,"height":372,"url":"https:\/\/www.lojamelhordosul.com.br\/site\/wp-content\/uploads\/2023\/12\/Captura-de-tela-2023-12-29-115305.png","type":"image\/png"}],"twitter_card":"summary_large_image","twitter_misc":{"Est. tempo de leitura":"3 minutos"},"schema":{"@context":"https:\/\/schema.org","@graph":[{"@type":"WebPage","@id":"https:\/\/www.lojamelhordosul.com.br\/site\/produto\/extensor-de-audio-e-videohdmi-e-dados-usb-vex-3060-kvm\/","url":"https:\/\/www.lojamelhordosul.com.br\/site\/produto\/extensor-de-audio-e-videohdmi-e-dados-usb-vex-3060-kvm\/","name":"Extensor de \u00e1udio e v\u00eddeo(hdmi) e dados (usb) VEX 3060 KVM - Loja Melhor do Sul Sistemas de Seguran\u00e7a","isPartOf":{"@id":"https:\/\/www.lojamelhordosul.com.br\/site\/#website"},"primaryImageOfPage":{"@id":"https:\/\/www.lojamelhordosul.com.br\/site\/produto\/extensor-de-audio-e-videohdmi-e-dados-usb-vex-3060-kvm\/#primaryimage"},"image":{"@id":"https:\/\/www.lojamelhordosul.com.br\/site\/produto\/extensor-de-audio-e-videohdmi-e-dados-usb-vex-3060-kvm\/#primaryimage"},"thumbnailUrl":"https:\/\/www.lojamelhordosul.com.br\/site\/wp-content\/uploads\/2023\/12\/Captura-de-tela-2023-12-29-115305.png","datePublished":"2023-12-29T14:53:50+00:00","dateModified":"2026-04-30T14:18:25+00:00","breadcrumb":{"@id":"https:\/\/www.lojamelhordosul.com.br\/site\/produto\/extensor-de-audio-e-videohdmi-e-dados-usb-vex-3060-kvm\/#breadcrumb"},"inLanguage":"pt-BR","potentialAction":[{"@type":"ReadAction","target":["https:\/\/www.lojamelhordosul.com.br\/site\/produto\/extensor-de-audio-e-videohdmi-e-dados-usb-vex-3060-kvm\/"]}]},{"@type":"ImageObject","inLanguage":"pt-BR","@id":"https:\/\/www.lojamelhordosul.com.br\/site\/produto\/extensor-de-audio-e-videohdmi-e-dados-usb-vex-3060-kvm\/#primaryimage","url":"https:\/\/www.lojamelhordosul.com.br\/site\/wp-content\/uploads\/2023\/12\/Captura-de-tela-2023-12-29-115305.png","contentUrl":"https:\/\/www.lojamelhordosul.com.br\/site\/wp-content\/uploads\/2023\/12\/Captura-de-tela-2023-12-29-115305.png","width":662,"height":372},{"@type":"BreadcrumbList","@id":"https:\/\/www.lojamelhordosul.com.br\/site\/produto\/extensor-de-audio-e-videohdmi-e-dados-usb-vex-3060-kvm\/#breadcrumb","itemListElement":[{"@type":"ListItem","position":1,"name":"In\u00edcio","item":"https:\/\/www.lojamelhordosul.com.br\/site\/"},{"@type":"ListItem","position":2,"name":"Loja","item":"https:\/\/www.lojamelhordosul.com.br\/site\/loja\/"},{"@type":"ListItem","position":3,"name":"Extensor de \u00e1udio e v\u00eddeo(hdmi) e dados (usb) VEX 3060 KVM"}]},{"@type":"WebSite","@id":"https:\/\/www.lojamelhordosul.com.br\/site\/#website","url":"https:\/\/www.lojamelhordosul.com.br\/site\/","name":"Loja Melhor do Sul Sistemas de Seguran\u00e7a","description":"Loja Melhor do Sul - Revenda Ouro Intelbras em Porto Alegre","publisher":{"@id":"https:\/\/www.lojamelhordosul.com.br\/site\/#organization"},"potentialAction":[{"@type":"SearchAction","target":{"@type":"EntryPoint","urlTemplate":"https:\/\/www.lojamelhordosul.com.br\/site\/?s={search_term_string}"},"query-input":{"@type":"PropertyValueSpecification","valueRequired":true,"valueName":"search_term_string"}}],"inLanguage":"pt-BR"},{"@type":"Organization","@id":"https:\/\/www.lojamelhordosul.com.br\/site\/#organization","name":"Loja Melhor do Sul","url":"https:\/\/www.lojamelhordosul.com.br\/site\/","logo":{"@type":"ImageObject","inLanguage":"pt-BR","@id":"https:\/\/www.lojamelhordosul.com.br\/site\/#\/schema\/logo\/image\/","url":"https:\/\/www.lojamelhordosul.com.br\/site\/wp-content\/uploads\/2019\/10\/logo-longo-da-loja.png","contentUrl":"https:\/\/www.lojamelhordosul.com.br\/site\/wp-content\/uploads\/2019\/10\/logo-longo-da-loja.png","width":597,"height":114,"caption":"Loja Melhor do Sul"},"image":{"@id":"https:\/\/www.lojamelhordosul.com.br\/site\/#\/schema\/logo\/image\/"}}]}},"_links":{"self":[{"href":"https:\/\/www.lojamelhordosul.com.br\/site\/wp-json\/wp\/v2\/product\/14438","targetHints":{"allow":["GET"]}}],"collection":[{"href":"https:\/\/www.lojamelhordosul.com.br\/site\/wp-json\/wp\/v2\/product"}],"about":[{"href":"https:\/\/www.lojamelhordosul.com.br\/site\/wp-json\/wp\/v2\/types\/product"}],"replies":[{"embeddable":true,"href":"https:\/\/www.lojamelhordosul.com.br\/site\/wp-json\/wp\/v2\/comments?post=14438"}],"wp:featuredmedia":[{"embeddable":true,"href":"https:\/\/www.lojamelhordosul.com.br\/site\/wp-json\/wp\/v2\/media\/14439"}],"wp:attachment":[{"href":"https:\/\/www.lojamelhordosul.com.br\/site\/wp-json\/wp\/v2\/media?parent=14438"}],"wp:term":[{"taxonomy":"product_brand","embeddable":true,"href":"https:\/\/www.lojamelhordosul.com.br\/site\/wp-json\/wp\/v2\/product_brand?post=14438"},{"taxonomy":"product_cat","embeddable":true,"href":"https:\/\/www.lojamelhordosul.com.br\/site\/wp-json\/wp\/v2\/product_cat?post=14438"},{"taxonomy":"product_tag","embeddable":true,"href":"https:\/\/www.lojamelhordosul.com.br\/site\/wp-json\/wp\/v2\/product_tag?post=14438"}],"curies":[{"name":"wp","href":"https:\/\/api.w.org\/{rel}","templated":true}]}}