{"id":14467,"date":"2024-01-03T16:59:52","date_gmt":"2024-01-03T19:59:52","guid":{"rendered":"https:\/\/www.lojamelhordosul.com.br\/site\/?post_type=product&#038;p=14467"},"modified":"2026-03-17T16:47:20","modified_gmt":"2026-03-17T19:47:20","slug":"telefone-sem-fio-com-ramal-externo-tis-5010","status":"publish","type":"product","link":"https:\/\/www.lojamelhordosul.com.br\/site\/produto\/telefone-sem-fio-com-ramal-externo-tis-5010\/","title":{"rendered":"Telefone sem fio com ramal externo TIS 5010"},"content":{"rendered":"<div>\n<div class=\"z-index-4 internal-fixed-navigation\">\n<div class=\"grid-container  \">\n<div class=\"navigation-sticky\">\n<div class=\"grid-x align-middle\">\n<div class=\"cell navigation__cell-first large-auto text-left is-sticky\">\n<div class=\"overflow-x-auto start\">\n<div class=\"overflow-x-auto__wrapper\"><\/div>\n<\/div>\n<\/div>\n<\/div>\n<\/div>\n<\/div>\n<\/div>\n<\/div>\n<div>\n<div class=\"grid-container  \">\n<div class=\"mt2 mb2  \">\n<div class=\"grid-container  \">\n<div class=\"block-template overflow-hidden\">\n<div class=\"field field-name-field-description field-type-text-with-summary field-label-hidden wysiwyg_filtered\">\n<div class=\"field-items\">\n<div class=\"field-item even\">\n<table cellspacing=\"0\" cellpadding=\"0\">\n<tbody>\n<tr>\n<td class=\"cke-align-top\"><img decoding=\"async\" class=\"media-element file-default\" title=\"KIT completo\" src=\"https:\/\/suporte-tecnico.intelbras.com.br\/sites\/default\/files\/flyer_digital_tis_5010_03.png\" alt=\"KIT completo\" \/><\/p>\n<p>O TIS 5010 une a mobilidade de um telefone sem fio com a seguran\u00e7a de um ramal externo para atender suas visitas com mais praticidade. Sem precisar passar fios entre os ambientes externo e interno, tem a instala\u00e7\u00e3o facilitada e \u00e9 completo para a sua casa: abre at\u00e9 dois port\u00f5es, emite aviso sonoro se o visitante deixar o port\u00e3o aberto e possui a fun\u00e7\u00e3o Siga-me. \u00c9 o telefone sem fio perfeito para te deixar mais seguro e ainda fazer suas liga\u00e7\u00f5es.<\/td>\n<\/tr>\n<\/tbody>\n<\/table>\n<table cellspacing=\"0\" cellpadding=\"0\">\n<tbody>\n<tr>\n<td class=\"cke-align-top\"><img decoding=\"async\" class=\"media-element file-default\" title=\"Mais mobilidade\" src=\"https:\/\/suporte-tecnico.intelbras.com.br\/sites\/default\/files\/flyer_digital_tis_5010_11.png\" alt=\"Mais mobilidade\" \/><\/p>\n<h2><\/h2>\n<h2>Mais mobilidade<\/h2>\n<p>Chega de correria na hora de atender \u00e0s visitas. O telefone base \u00e9 sem fio, permitindo que o usu\u00e1rio atenda suas visitas ou liga\u00e7\u00f5es de qualquer lugar, sem precisar interromper suas atividades.<\/td>\n<\/tr>\n<\/tbody>\n<\/table>\n<table cellspacing=\"0\" cellpadding=\"0\">\n<tbody>\n<tr>\n<td class=\"cke-align-top\"><img decoding=\"async\" class=\"media-element file-default\" title=\"Instala\u00e7\u00e3o sem complica\u00e7\u00e3o\" src=\"https:\/\/suporte-tecnico.intelbras.com.br\/sites\/default\/files\/flyer_digital_tis_5010_15.png\" alt=\"Instala\u00e7\u00e3o sem complica\u00e7\u00e3o\" \/><\/p>\n<h2>Instala\u00e7\u00e3o sem complica\u00e7\u00e3o<\/h2>\n<p>O TIS 5010 \u00e9 ideal para quem n\u00e3o quer ou n\u00e3o pode mexer na estrutura do im\u00f3vel, como no caso de espa\u00e7os alugados, por exemplo. Com ele, a comunica\u00e7\u00e3o entre ramal externo e o telefone \u00e9 sem fio (DECT 6.0) com alcance de at\u00e9 300 metros em campo aberto, ou seja, n\u00e3o precisa reformar o ambiente para instalar o produto.<\/td>\n<\/tr>\n<\/tbody>\n<\/table>\n<table cellspacing=\"0\" cellpadding=\"0\">\n<tbody>\n<tr>\n<td class=\"cke-align-top\"><img decoding=\"async\" class=\"media-element file-default\" title=\"Fun\u00e7\u00e3o Siga-me \" src=\"https:\/\/suporte-tecnico.intelbras.com.br\/sites\/default\/files\/flyer_digital_tis_5010_19.png\" alt=\"Fun\u00e7\u00e3o Siga-me \" \/><\/p>\n<h2>Fun\u00e7\u00e3o Siga-me<\/h2>\n<p>Quando algum visitante tocar o ramal externo, a chamada poder\u00e1 ser encaminhada para um n\u00famero pr\u00e9-programado. Assim, do seu celular, por exemplo, voc\u00ea pode conversar e abrir a porta para o visitante de onde voc\u00ea estiver.<\/td>\n<\/tr>\n<\/tbody>\n<\/table>\n<table cellspacing=\"0\" cellpadding=\"0\">\n<tbody>\n<tr>\n<td class=\"cke-align-top\"><img decoding=\"async\" class=\"media-element file-default\" title=\"Registro de chamadas \" src=\"https:\/\/suporte-tecnico.intelbras.com.br\/sites\/default\/files\/flyer_digital_tis_5010_23.png\" alt=\"Registro de chamadas \" \/><\/p>\n<h2><\/h2>\n<h2>Registro de chamadas<\/h2>\n<p>O TIS 5010 registra as liga\u00e7\u00f5es atendidas e perdidas do telefone e do ramal externo, permitindo que o usu\u00e1rio saiba que recebeu visitas ou quem ligou, mesmo enquanto esteve ausente.<\/td>\n<\/tr>\n<\/tbody>\n<\/table>\n<table cellspacing=\"0\" cellpadding=\"0\">\n<tbody>\n<tr>\n<td class=\"cke-align-top\"><img decoding=\"async\" class=\"media-element file-default\" title=\"Expans\u00edvel para at\u00e9 7 dispositivos sem fio \" src=\"http:\/\/backend.intelbras.com\/sites\/default\/files\/2021-12\/8e26ae4f.png\" alt=\"Expans\u00edvel para at\u00e9 7 dispositivos sem fio \" \/><\/p>\n<h2>Expans\u00edvel para at\u00e9 7<br \/>\ndispositivos sem fio<\/h2>\n<p>\u00c9 poss\u00edvel registrar at\u00e9 6 dispositivos sem fio (entre ramais internos e externos) no telefone base, tendo acesso \u00e0 fun\u00e7\u00f5es como transfer\u00eancia de chamadas, comunica\u00e7\u00e3o interna e confer\u00eancia a tr\u00eas. Instalando mais ramais externos voc\u00ea aumenta o n\u00famero de port\u00f5es que ser\u00e3o monitorados.<\/p>\n<p>* Compat\u00edvel com o ramal interno TS 5121 e\/ou TS 2511 e ramais externos TIS 5000.<\/td>\n<\/tr>\n<\/tbody>\n<\/table>\n<h2><\/h2>\n<h4><span class=\"cke-color-green\">Veja o v\u00eddeo e saiba mais sobre o produto<\/span><\/h4>\n<div class=\"media-youtube-video media-element file-default media-youtube-1\"><iframe loading=\"lazy\" class=\"media-youtube-player\" title=\"Seguran\u00e7a | TIS 5010 \u2013 Telefone sem fio com ramal externo\" src=\"https:\/\/www.youtube.com\/embed\/outUm4Mq7AA?wmode=opaque&amp;modestbranding=1&amp;rel=0\" width=\"640\" height=\"390\" frameborder=\"0\" allowfullscreen=\"allowfullscreen\" data-mce-fragment=\"1\"><\/iframe><\/div>\n<\/div>\n<\/div>\n<\/div>\n<\/div>\n<\/div>\n<\/div>\n<\/div>\n<\/div>\n<div>\n<div class=\"grid-container  \">\n<div class=\"mb3 \">\n<div class=\"block-tab\" data-ga-name=\"tab\">\n<div class=\"overflow-x-auto start\">\n<div class=\"overflow-x-auto__wrapper\">\n<div class=\"pb2\">\n<nav class=\"block-tab__header false\">&nbsp;<\/p>\n<div class=\"block-tab__header__item-tab\"><\/div>\n<\/nav>\n<\/div>\n<\/div>\n<\/div>\n<\/div>\n<\/div>\n<\/div>\n<\/div>\n","protected":false},"excerpt":{"rendered":"<p>O TIS 5010 une a mobilidade de um telefone sem fio com a seguran\u00e7a de um ramal externo para atender suas visitas com mais praticidade. Sem precisar passar fios entre os ambientes externo e interno, tem a instala\u00e7\u00e3o facilitada e \u00e9 completo para a sua casa: abre at\u00e9 dois port\u00f5es, emite aviso sonoro se o &hellip; <a href=\"https:\/\/www.lojamelhordosul.com.br\/site\/produto\/telefone-sem-fio-com-ramal-externo-tis-5010\/\" class=\"more-link\">Continuar lendo <span class=\"screen-reader-text\">Telefone sem fio com ramal externo TIS 5010<\/span><\/a><\/p>\n","protected":false},"featured_media":14468,"comment_status":"closed","ping_status":"closed","template":"","meta":[],"product_brand":[],"product_cat":[2773,2784,2767,2769,2789,2787,2785],"product_tag":[],"class_list":{"0":"post-14467","1":"product","2":"type-product","3":"status-publish","4":"has-post-thumbnail","6":"product_cat-interffonia-acessorios","7":"product_cat-area-comunicacao","8":"product_cat-interfonia","9":"product_cat-porteiros-eletronicos","10":"product_cat-telefones-sem-fio","11":"product_cat-telefonia-telefones","12":"product_cat-comunicacao-telefonia","14":"first","15":"instock","16":"shipping-taxable","17":"purchasable","18":"product-type-simple"},"yoast_head":"<!-- This site is optimized with the Yoast SEO plugin v27.4 - https:\/\/yoast.com\/product\/yoast-seo-wordpress\/ -->\n<title>Telefone sem fio com ramal externo TIS 5010 - Loja Melhor do Sul Sistemas de Seguran\u00e7a<\/title>\n<meta name=\"robots\" content=\"index, follow, max-snippet:-1, max-image-preview:large, max-video-preview:-1\" \/>\n<link rel=\"canonical\" href=\"https:\/\/www.lojamelhordosul.com.br\/site\/produto\/telefone-sem-fio-com-ramal-externo-tis-5010\/\" \/>\n<meta property=\"og:locale\" content=\"pt_BR\" \/>\n<meta property=\"og:type\" content=\"article\" \/>\n<meta property=\"og:title\" content=\"Telefone sem fio com ramal externo TIS 5010 - Loja Melhor do Sul Sistemas de Seguran\u00e7a\" \/>\n<meta property=\"og:description\" content=\"O TIS 5010 une a mobilidade de um telefone sem fio com a seguran\u00e7a de um ramal externo para atender suas visitas com mais praticidade. Sem precisar passar fios entre os ambientes externo e interno, tem a instala\u00e7\u00e3o facilitada e \u00e9 completo para a sua casa: abre at\u00e9 dois port\u00f5es, emite aviso sonoro se o &hellip; Continuar lendo Telefone sem fio com ramal externo TIS 5010\" \/>\n<meta property=\"og:url\" content=\"https:\/\/www.lojamelhordosul.com.br\/site\/produto\/telefone-sem-fio-com-ramal-externo-tis-5010\/\" \/>\n<meta property=\"og:site_name\" content=\"Loja Melhor do Sul Sistemas de Seguran\u00e7a\" \/>\n<meta property=\"article:modified_time\" content=\"2026-03-17T19:47:20+00:00\" \/>\n<meta property=\"og:image\" content=\"https:\/\/www.lojamelhordosul.com.br\/site\/wp-content\/uploads\/2024\/01\/Captura-de-tela-2024-01-03-165858.png\" \/>\n\t<meta property=\"og:image:width\" content=\"504\" \/>\n\t<meta property=\"og:image:height\" content=\"382\" \/>\n\t<meta property=\"og:image:type\" content=\"image\/png\" \/>\n<meta name=\"twitter:card\" content=\"summary_large_image\" \/>\n<meta name=\"twitter:label1\" content=\"Est. tempo de leitura\" \/>\n\t<meta name=\"twitter:data1\" content=\"4 minutos\" \/>\n<script type=\"application\/ld+json\" class=\"yoast-schema-graph\">{\"@context\":\"https:\\\/\\\/schema.org\",\"@graph\":[{\"@type\":\"WebPage\",\"@id\":\"https:\\\/\\\/www.lojamelhordosul.com.br\\\/site\\\/produto\\\/telefone-sem-fio-com-ramal-externo-tis-5010\\\/\",\"url\":\"https:\\\/\\\/www.lojamelhordosul.com.br\\\/site\\\/produto\\\/telefone-sem-fio-com-ramal-externo-tis-5010\\\/\",\"name\":\"Telefone sem fio com ramal externo TIS 5010 - Loja Melhor do Sul Sistemas de Seguran\u00e7a\",\"isPartOf\":{\"@id\":\"https:\\\/\\\/www.lojamelhordosul.com.br\\\/site\\\/#website\"},\"primaryImageOfPage\":{\"@id\":\"https:\\\/\\\/www.lojamelhordosul.com.br\\\/site\\\/produto\\\/telefone-sem-fio-com-ramal-externo-tis-5010\\\/#primaryimage\"},\"image\":{\"@id\":\"https:\\\/\\\/www.lojamelhordosul.com.br\\\/site\\\/produto\\\/telefone-sem-fio-com-ramal-externo-tis-5010\\\/#primaryimage\"},\"thumbnailUrl\":\"https:\\\/\\\/www.lojamelhordosul.com.br\\\/site\\\/wp-content\\\/uploads\\\/2024\\\/01\\\/Captura-de-tela-2024-01-03-165858.png\",\"datePublished\":\"2024-01-03T19:59:52+00:00\",\"dateModified\":\"2026-03-17T19:47:20+00:00\",\"breadcrumb\":{\"@id\":\"https:\\\/\\\/www.lojamelhordosul.com.br\\\/site\\\/produto\\\/telefone-sem-fio-com-ramal-externo-tis-5010\\\/#breadcrumb\"},\"inLanguage\":\"pt-BR\",\"potentialAction\":[{\"@type\":\"ReadAction\",\"target\":[\"https:\\\/\\\/www.lojamelhordosul.com.br\\\/site\\\/produto\\\/telefone-sem-fio-com-ramal-externo-tis-5010\\\/\"]}]},{\"@type\":\"ImageObject\",\"inLanguage\":\"pt-BR\",\"@id\":\"https:\\\/\\\/www.lojamelhordosul.com.br\\\/site\\\/produto\\\/telefone-sem-fio-com-ramal-externo-tis-5010\\\/#primaryimage\",\"url\":\"https:\\\/\\\/www.lojamelhordosul.com.br\\\/site\\\/wp-content\\\/uploads\\\/2024\\\/01\\\/Captura-de-tela-2024-01-03-165858.png\",\"contentUrl\":\"https:\\\/\\\/www.lojamelhordosul.com.br\\\/site\\\/wp-content\\\/uploads\\\/2024\\\/01\\\/Captura-de-tela-2024-01-03-165858.png\",\"width\":504,\"height\":382},{\"@type\":\"BreadcrumbList\",\"@id\":\"https:\\\/\\\/www.lojamelhordosul.com.br\\\/site\\\/produto\\\/telefone-sem-fio-com-ramal-externo-tis-5010\\\/#breadcrumb\",\"itemListElement\":[{\"@type\":\"ListItem\",\"position\":1,\"name\":\"In\u00edcio\",\"item\":\"https:\\\/\\\/www.lojamelhordosul.com.br\\\/site\\\/\"},{\"@type\":\"ListItem\",\"position\":2,\"name\":\"Loja\",\"item\":\"https:\\\/\\\/www.lojamelhordosul.com.br\\\/site\\\/loja\\\/\"},{\"@type\":\"ListItem\",\"position\":3,\"name\":\"Telefone sem fio com ramal externo TIS 5010\"}]},{\"@type\":\"WebSite\",\"@id\":\"https:\\\/\\\/www.lojamelhordosul.com.br\\\/site\\\/#website\",\"url\":\"https:\\\/\\\/www.lojamelhordosul.com.br\\\/site\\\/\",\"name\":\"Loja Melhor do Sul Sistemas de Seguran\u00e7a\",\"description\":\"Loja Melhor do Sul - Revenda Ouro Intelbras em Porto Alegre\",\"publisher\":{\"@id\":\"https:\\\/\\\/www.lojamelhordosul.com.br\\\/site\\\/#organization\"},\"potentialAction\":[{\"@type\":\"SearchAction\",\"target\":{\"@type\":\"EntryPoint\",\"urlTemplate\":\"https:\\\/\\\/www.lojamelhordosul.com.br\\\/site\\\/?s={search_term_string}\"},\"query-input\":{\"@type\":\"PropertyValueSpecification\",\"valueRequired\":true,\"valueName\":\"search_term_string\"}}],\"inLanguage\":\"pt-BR\"},{\"@type\":\"Organization\",\"@id\":\"https:\\\/\\\/www.lojamelhordosul.com.br\\\/site\\\/#organization\",\"name\":\"Loja Melhor do Sul\",\"url\":\"https:\\\/\\\/www.lojamelhordosul.com.br\\\/site\\\/\",\"logo\":{\"@type\":\"ImageObject\",\"inLanguage\":\"pt-BR\",\"@id\":\"https:\\\/\\\/www.lojamelhordosul.com.br\\\/site\\\/#\\\/schema\\\/logo\\\/image\\\/\",\"url\":\"https:\\\/\\\/www.lojamelhordosul.com.br\\\/site\\\/wp-content\\\/uploads\\\/2019\\\/10\\\/logo-longo-da-loja.png\",\"contentUrl\":\"https:\\\/\\\/www.lojamelhordosul.com.br\\\/site\\\/wp-content\\\/uploads\\\/2019\\\/10\\\/logo-longo-da-loja.png\",\"width\":597,\"height\":114,\"caption\":\"Loja Melhor do Sul\"},\"image\":{\"@id\":\"https:\\\/\\\/www.lojamelhordosul.com.br\\\/site\\\/#\\\/schema\\\/logo\\\/image\\\/\"}}]}<\/script>\n<!-- \/ Yoast SEO plugin. -->","yoast_head_json":{"title":"Telefone sem fio com ramal externo TIS 5010 - Loja Melhor do Sul Sistemas de Seguran\u00e7a","robots":{"index":"index","follow":"follow","max-snippet":"max-snippet:-1","max-image-preview":"max-image-preview:large","max-video-preview":"max-video-preview:-1"},"canonical":"https:\/\/www.lojamelhordosul.com.br\/site\/produto\/telefone-sem-fio-com-ramal-externo-tis-5010\/","og_locale":"pt_BR","og_type":"article","og_title":"Telefone sem fio com ramal externo TIS 5010 - Loja Melhor do Sul Sistemas de Seguran\u00e7a","og_description":"O TIS 5010 une a mobilidade de um telefone sem fio com a seguran\u00e7a de um ramal externo para atender suas visitas com mais praticidade. Sem precisar passar fios entre os ambientes externo e interno, tem a instala\u00e7\u00e3o facilitada e \u00e9 completo para a sua casa: abre at\u00e9 dois port\u00f5es, emite aviso sonoro se o &hellip; Continuar lendo Telefone sem fio com ramal externo TIS 5010","og_url":"https:\/\/www.lojamelhordosul.com.br\/site\/produto\/telefone-sem-fio-com-ramal-externo-tis-5010\/","og_site_name":"Loja Melhor do Sul Sistemas de Seguran\u00e7a","article_modified_time":"2026-03-17T19:47:20+00:00","og_image":[{"width":504,"height":382,"url":"https:\/\/www.lojamelhordosul.com.br\/site\/wp-content\/uploads\/2024\/01\/Captura-de-tela-2024-01-03-165858.png","type":"image\/png"}],"twitter_card":"summary_large_image","twitter_misc":{"Est. tempo de leitura":"4 minutos"},"schema":{"@context":"https:\/\/schema.org","@graph":[{"@type":"WebPage","@id":"https:\/\/www.lojamelhordosul.com.br\/site\/produto\/telefone-sem-fio-com-ramal-externo-tis-5010\/","url":"https:\/\/www.lojamelhordosul.com.br\/site\/produto\/telefone-sem-fio-com-ramal-externo-tis-5010\/","name":"Telefone sem fio com ramal externo TIS 5010 - Loja Melhor do Sul Sistemas de Seguran\u00e7a","isPartOf":{"@id":"https:\/\/www.lojamelhordosul.com.br\/site\/#website"},"primaryImageOfPage":{"@id":"https:\/\/www.lojamelhordosul.com.br\/site\/produto\/telefone-sem-fio-com-ramal-externo-tis-5010\/#primaryimage"},"image":{"@id":"https:\/\/www.lojamelhordosul.com.br\/site\/produto\/telefone-sem-fio-com-ramal-externo-tis-5010\/#primaryimage"},"thumbnailUrl":"https:\/\/www.lojamelhordosul.com.br\/site\/wp-content\/uploads\/2024\/01\/Captura-de-tela-2024-01-03-165858.png","datePublished":"2024-01-03T19:59:52+00:00","dateModified":"2026-03-17T19:47:20+00:00","breadcrumb":{"@id":"https:\/\/www.lojamelhordosul.com.br\/site\/produto\/telefone-sem-fio-com-ramal-externo-tis-5010\/#breadcrumb"},"inLanguage":"pt-BR","potentialAction":[{"@type":"ReadAction","target":["https:\/\/www.lojamelhordosul.com.br\/site\/produto\/telefone-sem-fio-com-ramal-externo-tis-5010\/"]}]},{"@type":"ImageObject","inLanguage":"pt-BR","@id":"https:\/\/www.lojamelhordosul.com.br\/site\/produto\/telefone-sem-fio-com-ramal-externo-tis-5010\/#primaryimage","url":"https:\/\/www.lojamelhordosul.com.br\/site\/wp-content\/uploads\/2024\/01\/Captura-de-tela-2024-01-03-165858.png","contentUrl":"https:\/\/www.lojamelhordosul.com.br\/site\/wp-content\/uploads\/2024\/01\/Captura-de-tela-2024-01-03-165858.png","width":504,"height":382},{"@type":"BreadcrumbList","@id":"https:\/\/www.lojamelhordosul.com.br\/site\/produto\/telefone-sem-fio-com-ramal-externo-tis-5010\/#breadcrumb","itemListElement":[{"@type":"ListItem","position":1,"name":"In\u00edcio","item":"https:\/\/www.lojamelhordosul.com.br\/site\/"},{"@type":"ListItem","position":2,"name":"Loja","item":"https:\/\/www.lojamelhordosul.com.br\/site\/loja\/"},{"@type":"ListItem","position":3,"name":"Telefone sem fio com ramal externo TIS 5010"}]},{"@type":"WebSite","@id":"https:\/\/www.lojamelhordosul.com.br\/site\/#website","url":"https:\/\/www.lojamelhordosul.com.br\/site\/","name":"Loja Melhor do Sul Sistemas de Seguran\u00e7a","description":"Loja Melhor do Sul - Revenda Ouro Intelbras em Porto Alegre","publisher":{"@id":"https:\/\/www.lojamelhordosul.com.br\/site\/#organization"},"potentialAction":[{"@type":"SearchAction","target":{"@type":"EntryPoint","urlTemplate":"https:\/\/www.lojamelhordosul.com.br\/site\/?s={search_term_string}"},"query-input":{"@type":"PropertyValueSpecification","valueRequired":true,"valueName":"search_term_string"}}],"inLanguage":"pt-BR"},{"@type":"Organization","@id":"https:\/\/www.lojamelhordosul.com.br\/site\/#organization","name":"Loja Melhor do Sul","url":"https:\/\/www.lojamelhordosul.com.br\/site\/","logo":{"@type":"ImageObject","inLanguage":"pt-BR","@id":"https:\/\/www.lojamelhordosul.com.br\/site\/#\/schema\/logo\/image\/","url":"https:\/\/www.lojamelhordosul.com.br\/site\/wp-content\/uploads\/2019\/10\/logo-longo-da-loja.png","contentUrl":"https:\/\/www.lojamelhordosul.com.br\/site\/wp-content\/uploads\/2019\/10\/logo-longo-da-loja.png","width":597,"height":114,"caption":"Loja Melhor do Sul"},"image":{"@id":"https:\/\/www.lojamelhordosul.com.br\/site\/#\/schema\/logo\/image\/"}}]}},"_links":{"self":[{"href":"https:\/\/www.lojamelhordosul.com.br\/site\/wp-json\/wp\/v2\/product\/14467","targetHints":{"allow":["GET"]}}],"collection":[{"href":"https:\/\/www.lojamelhordosul.com.br\/site\/wp-json\/wp\/v2\/product"}],"about":[{"href":"https:\/\/www.lojamelhordosul.com.br\/site\/wp-json\/wp\/v2\/types\/product"}],"replies":[{"embeddable":true,"href":"https:\/\/www.lojamelhordosul.com.br\/site\/wp-json\/wp\/v2\/comments?post=14467"}],"wp:featuredmedia":[{"embeddable":true,"href":"https:\/\/www.lojamelhordosul.com.br\/site\/wp-json\/wp\/v2\/media\/14468"}],"wp:attachment":[{"href":"https:\/\/www.lojamelhordosul.com.br\/site\/wp-json\/wp\/v2\/media?parent=14467"}],"wp:term":[{"taxonomy":"product_brand","embeddable":true,"href":"https:\/\/www.lojamelhordosul.com.br\/site\/wp-json\/wp\/v2\/product_brand?post=14467"},{"taxonomy":"product_cat","embeddable":true,"href":"https:\/\/www.lojamelhordosul.com.br\/site\/wp-json\/wp\/v2\/product_cat?post=14467"},{"taxonomy":"product_tag","embeddable":true,"href":"https:\/\/www.lojamelhordosul.com.br\/site\/wp-json\/wp\/v2\/product_tag?post=14467"}],"curies":[{"name":"wp","href":"https:\/\/api.w.org\/{rel}","templated":true}]}}