{"id":14491,"date":"2024-01-12T15:43:02","date_gmt":"2024-01-12T18:43:02","guid":{"rendered":"https:\/\/www.lojamelhordosul.com.br\/site\/?post_type=product&#038;p=14491"},"modified":"2025-10-15T14:55:17","modified_gmt":"2025-10-15T17:55:17","slug":"camera-de-seguranca-wi-fi-externa-visao-noturna-com-cartao-32gb-hz-a9-haiz","status":"publish","type":"product","link":"https:\/\/www.lojamelhordosul.com.br\/site\/produto\/camera-de-seguranca-wi-fi-externa-visao-noturna-com-cartao-32gb-hz-a9-haiz\/","title":{"rendered":"C\u00e2mera Externa Wifi Ip Prova D&#8217;\u00e1gua Infravermelho Cart\u00e3o Intelbras 32GB HZ-A9 Haiz"},"content":{"rendered":"<p><img decoding=\"async\" class=\"emoji\" role=\"img\" draggable=\"false\" src=\"https:\/\/s.w.org\/images\/core\/emoji\/14.0.0\/svg\/1f512.svg\" alt=\"\" \/>\u00a0C\u00e2mera de seguran\u00e7a HZ-A9B Vers\u00e3o Black Exclusiva: Apresentamos a c\u00e2mera que vai revolucionar a sua prote\u00e7\u00e3o. Com a exclusiva vers\u00e3o Black, esta c\u00e2mera de seguran\u00e7a \u00e9 perfeita para quem busca estilo e desempenho em um \u00fanico dispositivo.<\/p>\n<p><img decoding=\"async\" class=\"emoji\" role=\"img\" draggable=\"false\" src=\"https:\/\/s.w.org\/images\/core\/emoji\/14.0.0\/svg\/1f50e.svg\" alt=\"\" \/>\u00a0Imagine ter acesso remoto ao seu sistema de seguran\u00e7a direto no seu celular, utilizando o aplicativo ICSee dispon\u00edvel para Android e iOS.<\/p>\n<p><img decoding=\"async\" class=\"emoji\" role=\"img\" draggable=\"false\" src=\"https:\/\/s.w.org\/images\/core\/emoji\/14.0.0\/svg\/1f4a7.svg\" alt=\"\" \/>\u00a0E a\u00ed vem a pergunta que todos fazem: \u201cO equipamento pode tomar chuva?\u201d Sim, sem problemas! Essa c\u00e2mera foi projetada para suportar as intemp\u00e9ries do tempo, podendo ser instalada em \u00e1reas externas sem preocupa\u00e7\u00f5es.<\/p>\n<p><img decoding=\"async\" class=\"emoji\" role=\"img\" draggable=\"false\" src=\"https:\/\/s.w.org\/images\/core\/emoji\/14.0.0\/svg\/1f440.svg\" alt=\"\" \/>\u00a0E o destaque vai para o recurso de Auto Tracking! Configur\u00e1vel no aplicativo, essa c\u00e2mera detecta movimentos de corpos humanos e permite ajustar a sensibilidade. Uma verdadeira aliada na sua seguran\u00e7a, acompanhando cada movimento com precis\u00e3o.<\/p>\n<p><img decoding=\"async\" class=\"emoji\" role=\"img\" draggable=\"false\" src=\"https:\/\/s.w.org\/images\/core\/emoji\/14.0.0\/svg\/1f4f6.svg\" alt=\"\" \/>\u00a0Com uma configura\u00e7\u00e3o f\u00e1cil via Wi-Fi ou cabo de rede padr\u00e3o RJ45, a praticidade est\u00e1 garantida. E voc\u00ea n\u00e3o precisa se preocupar com as redes 5GHz, pois o equipamento funciona perfeitamente em redes de 2.4GHz.\u00a0<img decoding=\"async\" class=\"emoji\" role=\"img\" draggable=\"false\" src=\"https:\/\/s.w.org\/images\/core\/emoji\/14.0.0\/svg\/1f4f9.svg\" alt=\"\" \/>\u00a0Falando em grava\u00e7\u00e3o, voc\u00ea vai se surpreender com a capacidade dessa c\u00e2mera. Utilizando um cart\u00e3o de mem\u00f3ria de 64 GB, ela pode gravar aproximadamente 15 dias, oferecendo uma \u00f3tima cobertura para monitorar tudo o que \u00e9 importante para voc\u00ea.<\/p>\n<p><img decoding=\"async\" class=\"emoji\" role=\"img\" draggable=\"false\" src=\"https:\/\/s.w.org\/images\/core\/emoji\/14.0.0\/svg\/1f319.svg\" alt=\"\" \/>\u00a0Durante a noite, a vis\u00e3o noturna inteligente proporciona imagens n\u00edtidas e claras. Com 4 l\u00e2mpadas infravermelhas que alcan\u00e7am at\u00e9 50 metros de dist\u00e2ncia, voc\u00ea ter\u00e1 uma vis\u00e3o completa mesmo nas condi\u00e7\u00f5es mais escuras.<\/p>\n<p><img decoding=\"async\" class=\"emoji\" role=\"img\" draggable=\"false\" src=\"https:\/\/s.w.org\/images\/core\/emoji\/14.0.0\/svg\/1f3a5.svg\" alt=\"\" \/>\u00a0Com um \u00e2ngulo de rota\u00e7\u00e3o de 0-355\u00b0 na horizontal e 0-90\u00b0 na vertical, voc\u00ea ter\u00e1 uma cobertura abrangente de toda a \u00e1rea que deseja monitorar. Al\u00e9m disso, a interface de rede 10\/100M Base Ethernet e a interface RJ45 garantem uma conex\u00e3o est\u00e1vel e confi\u00e1vel.<\/p>\n<p><img decoding=\"async\" class=\"emoji\" role=\"img\" draggable=\"false\" src=\"https:\/\/s.w.org\/images\/core\/emoji\/14.0.0\/svg\/26a1.svg\" alt=\"\u26a1\" \/>\u00a0A c\u00e2mera de seguran\u00e7a HZ-A9B Vers\u00e3o Black \u00e9 eficiente, confi\u00e1vel e conta com um consumo de energia de apenas 10W, proporcionando uma opera\u00e7\u00e3o econ\u00f4mica e sustent\u00e1vel.<\/p>\n<p><img decoding=\"async\" class=\"emoji\" role=\"img\" draggable=\"false\" src=\"https:\/\/s.w.org\/images\/core\/emoji\/14.0.0\/svg\/1f381.svg\" alt=\"\" \/>\u00a0Adquira agora mesmo o seu kit que inclui 1 Fonte Blindada 12V 2A, 1 C\u00e2mera WiFi, 2 Antenas WiFi, 1 Conjunto de fixa\u00e7\u00e3o e 1 Manual do usu\u00e1rio em portugu\u00eas do Brasil. Proteja o que \u00e9 mais importante para voc\u00ea e tenha tranquilidade em todos os momentos. Aproveite essa oferta e garanta sua seguran\u00e7a com estilo!<\/p>\n<p>F\u00e1cil Configura\u00e7\u00e3o Via WIFI ou Cabo de Rede Padr\u00e3o RJ45<\/p>\n<p>Detalhes do produto:<br \/>\nModelo: HZ-A9 Black<br \/>\nSensor de imagem: 1\/3 CMOS<br \/>\nQualidade de Imagem: FHD 1080p \/ SD 640\u00d7320<br \/>\nLentes: 3.6mm<br \/>\nModo dia e noite: comuta\u00e7\u00e3o autom\u00e1tica IR-CUT.<br \/>\nN\u00famero de l\u00e2mpadas infravermelhas: 4 At\u00e9 50 Metros<br \/>\nDistancia Infravermelho com Detalhes: 15 M<br \/>\nVis\u00e3o Noturna: vis\u00e3o noturna de cor inteligente<br \/>\nB\/W \/Color\/Smart Dual Light Source 4 white Light+ 4 IR<br \/>\n\u00c2ngulo de rota\u00e7\u00e3o: Pan 0-355 \u00b0, inclina\u00e7\u00e3o 0-90 \u00b0<br \/>\nInterface de rede: 10 \/ 100M Base Ethernet, interface RJ45<br \/>\nDetec\u00e7\u00e3o de Movimento: Rastreamento Inteligente<br \/>\nConsumo de energia: 10W<\/p>\n","protected":false},"excerpt":{"rendered":"<p>\u00a0C\u00e2mera de seguran\u00e7a HZ-A9B Vers\u00e3o Black Exclusiva: Apresentamos a c\u00e2mera que vai revolucionar a sua prote\u00e7\u00e3o. Com a exclusiva vers\u00e3o Black, esta c\u00e2mera de seguran\u00e7a \u00e9 perfeita para quem busca estilo e desempenho em um \u00fanico dispositivo. \u00a0Imagine ter acesso remoto ao seu sistema de seguran\u00e7a direto no seu celular, utilizando o aplicativo ICSee dispon\u00edvel &hellip; <a href=\"https:\/\/www.lojamelhordosul.com.br\/site\/produto\/camera-de-seguranca-wi-fi-externa-visao-noturna-com-cartao-32gb-hz-a9-haiz\/\" class=\"more-link\">Continuar lendo <span class=\"screen-reader-text\">C\u00e2mera Externa Wifi Ip Prova D&#8217;\u00e1gua Infravermelho Cart\u00e3o Intelbras 32GB HZ-A9 Haiz<\/span><\/a><\/p>\n","protected":false},"featured_media":14492,"comment_status":"closed","ping_status":"closed","template":"","meta":[],"product_brand":[],"product_cat":[1838,2643,2644],"product_tag":[],"class_list":{"0":"post-14491","1":"product","2":"type-product","3":"status-publish","4":"has-post-thumbnail","6":"product_cat-cameras-de-seguranca","7":"product_cat-cameras-wifi-seguranca","8":"product_cat-cameras-wifi-mibo","10":"first","11":"instock","12":"shipping-taxable","13":"purchasable","14":"product-type-simple"},"yoast_head":"<!-- This site is optimized with the Yoast SEO plugin v27.5 - https:\/\/yoast.com\/product\/yoast-seo-wordpress\/ -->\n<title>C\u00e2mera Externa Wifi Ip Prova D&#039;\u00e1gua Infravermelho Cart\u00e3o Intelbras 32GB HZ-A9 Haiz - Loja Melhor do Sul Sistemas de Seguran\u00e7a<\/title>\n<meta name=\"robots\" content=\"index, follow, max-snippet:-1, max-image-preview:large, max-video-preview:-1\" \/>\n<link rel=\"canonical\" href=\"https:\/\/www.lojamelhordosul.com.br\/site\/produto\/camera-de-seguranca-wi-fi-externa-visao-noturna-com-cartao-32gb-hz-a9-haiz\/\" \/>\n<meta property=\"og:locale\" content=\"pt_BR\" \/>\n<meta property=\"og:type\" content=\"article\" \/>\n<meta property=\"og:title\" content=\"C\u00e2mera Externa Wifi Ip Prova D&#039;\u00e1gua Infravermelho Cart\u00e3o Intelbras 32GB HZ-A9 Haiz - Loja Melhor do Sul Sistemas de Seguran\u00e7a\" \/>\n<meta property=\"og:description\" content=\"\u00a0C\u00e2mera de seguran\u00e7a HZ-A9B Vers\u00e3o Black Exclusiva: Apresentamos a c\u00e2mera que vai revolucionar a sua prote\u00e7\u00e3o. Com a exclusiva vers\u00e3o Black, esta c\u00e2mera de seguran\u00e7a \u00e9 perfeita para quem busca estilo e desempenho em um \u00fanico dispositivo. \u00a0Imagine ter acesso remoto ao seu sistema de seguran\u00e7a direto no seu celular, utilizando o aplicativo ICSee dispon\u00edvel &hellip; Continuar lendo C\u00e2mera Externa Wifi Ip Prova D&#8217;\u00e1gua Infravermelho Cart\u00e3o Intelbras 32GB HZ-A9 Haiz\" \/>\n<meta property=\"og:url\" content=\"https:\/\/www.lojamelhordosul.com.br\/site\/produto\/camera-de-seguranca-wi-fi-externa-visao-noturna-com-cartao-32gb-hz-a9-haiz\/\" \/>\n<meta property=\"og:site_name\" content=\"Loja Melhor do Sul Sistemas de Seguran\u00e7a\" \/>\n<meta property=\"article:modified_time\" content=\"2025-10-15T17:55:17+00:00\" \/>\n<meta property=\"og:image\" content=\"https:\/\/www.lojamelhordosul.com.br\/site\/wp-content\/uploads\/2024\/01\/Captura-de-tela-2024-01-12-154021.png\" \/>\n\t<meta property=\"og:image:width\" content=\"499\" \/>\n\t<meta property=\"og:image:height\" content=\"495\" \/>\n\t<meta property=\"og:image:type\" content=\"image\/png\" \/>\n<meta name=\"twitter:card\" content=\"summary_large_image\" \/>\n<meta name=\"twitter:label1\" content=\"Est. tempo de leitura\" \/>\n\t<meta name=\"twitter:data1\" content=\"5 minutos\" \/>\n<script type=\"application\/ld+json\" class=\"yoast-schema-graph\">{\"@context\":\"https:\\\/\\\/schema.org\",\"@graph\":[{\"@type\":\"WebPage\",\"@id\":\"https:\\\/\\\/www.lojamelhordosul.com.br\\\/site\\\/produto\\\/camera-de-seguranca-wi-fi-externa-visao-noturna-com-cartao-32gb-hz-a9-haiz\\\/\",\"url\":\"https:\\\/\\\/www.lojamelhordosul.com.br\\\/site\\\/produto\\\/camera-de-seguranca-wi-fi-externa-visao-noturna-com-cartao-32gb-hz-a9-haiz\\\/\",\"name\":\"C\u00e2mera Externa Wifi Ip Prova D'\u00e1gua Infravermelho Cart\u00e3o Intelbras 32GB HZ-A9 Haiz - Loja Melhor do Sul Sistemas de Seguran\u00e7a\",\"isPartOf\":{\"@id\":\"https:\\\/\\\/www.lojamelhordosul.com.br\\\/site\\\/#website\"},\"primaryImageOfPage\":{\"@id\":\"https:\\\/\\\/www.lojamelhordosul.com.br\\\/site\\\/produto\\\/camera-de-seguranca-wi-fi-externa-visao-noturna-com-cartao-32gb-hz-a9-haiz\\\/#primaryimage\"},\"image\":{\"@id\":\"https:\\\/\\\/www.lojamelhordosul.com.br\\\/site\\\/produto\\\/camera-de-seguranca-wi-fi-externa-visao-noturna-com-cartao-32gb-hz-a9-haiz\\\/#primaryimage\"},\"thumbnailUrl\":\"https:\\\/\\\/www.lojamelhordosul.com.br\\\/site\\\/wp-content\\\/uploads\\\/2024\\\/01\\\/Captura-de-tela-2024-01-12-154021.png\",\"datePublished\":\"2024-01-12T18:43:02+00:00\",\"dateModified\":\"2025-10-15T17:55:17+00:00\",\"breadcrumb\":{\"@id\":\"https:\\\/\\\/www.lojamelhordosul.com.br\\\/site\\\/produto\\\/camera-de-seguranca-wi-fi-externa-visao-noturna-com-cartao-32gb-hz-a9-haiz\\\/#breadcrumb\"},\"inLanguage\":\"pt-BR\",\"potentialAction\":[{\"@type\":\"ReadAction\",\"target\":[\"https:\\\/\\\/www.lojamelhordosul.com.br\\\/site\\\/produto\\\/camera-de-seguranca-wi-fi-externa-visao-noturna-com-cartao-32gb-hz-a9-haiz\\\/\"]}]},{\"@type\":\"ImageObject\",\"inLanguage\":\"pt-BR\",\"@id\":\"https:\\\/\\\/www.lojamelhordosul.com.br\\\/site\\\/produto\\\/camera-de-seguranca-wi-fi-externa-visao-noturna-com-cartao-32gb-hz-a9-haiz\\\/#primaryimage\",\"url\":\"https:\\\/\\\/www.lojamelhordosul.com.br\\\/site\\\/wp-content\\\/uploads\\\/2024\\\/01\\\/Captura-de-tela-2024-01-12-154021.png\",\"contentUrl\":\"https:\\\/\\\/www.lojamelhordosul.com.br\\\/site\\\/wp-content\\\/uploads\\\/2024\\\/01\\\/Captura-de-tela-2024-01-12-154021.png\",\"width\":499,\"height\":495},{\"@type\":\"BreadcrumbList\",\"@id\":\"https:\\\/\\\/www.lojamelhordosul.com.br\\\/site\\\/produto\\\/camera-de-seguranca-wi-fi-externa-visao-noturna-com-cartao-32gb-hz-a9-haiz\\\/#breadcrumb\",\"itemListElement\":[{\"@type\":\"ListItem\",\"position\":1,\"name\":\"In\u00edcio\",\"item\":\"https:\\\/\\\/www.lojamelhordosul.com.br\\\/site\\\/\"},{\"@type\":\"ListItem\",\"position\":2,\"name\":\"Loja\",\"item\":\"https:\\\/\\\/www.lojamelhordosul.com.br\\\/site\\\/loja\\\/\"},{\"@type\":\"ListItem\",\"position\":3,\"name\":\"C\u00e2mera Externa Wifi Ip Prova D&#8217;\u00e1gua Infravermelho Cart\u00e3o Intelbras 32GB HZ-A9 Haiz\"}]},{\"@type\":\"WebSite\",\"@id\":\"https:\\\/\\\/www.lojamelhordosul.com.br\\\/site\\\/#website\",\"url\":\"https:\\\/\\\/www.lojamelhordosul.com.br\\\/site\\\/\",\"name\":\"Loja Melhor do Sul Sistemas de Seguran\u00e7a\",\"description\":\"Loja Melhor do Sul - Revenda Ouro Intelbras em Porto Alegre\",\"publisher\":{\"@id\":\"https:\\\/\\\/www.lojamelhordosul.com.br\\\/site\\\/#organization\"},\"potentialAction\":[{\"@type\":\"SearchAction\",\"target\":{\"@type\":\"EntryPoint\",\"urlTemplate\":\"https:\\\/\\\/www.lojamelhordosul.com.br\\\/site\\\/?s={search_term_string}\"},\"query-input\":{\"@type\":\"PropertyValueSpecification\",\"valueRequired\":true,\"valueName\":\"search_term_string\"}}],\"inLanguage\":\"pt-BR\"},{\"@type\":\"Organization\",\"@id\":\"https:\\\/\\\/www.lojamelhordosul.com.br\\\/site\\\/#organization\",\"name\":\"Loja Melhor do Sul\",\"url\":\"https:\\\/\\\/www.lojamelhordosul.com.br\\\/site\\\/\",\"logo\":{\"@type\":\"ImageObject\",\"inLanguage\":\"pt-BR\",\"@id\":\"https:\\\/\\\/www.lojamelhordosul.com.br\\\/site\\\/#\\\/schema\\\/logo\\\/image\\\/\",\"url\":\"https:\\\/\\\/www.lojamelhordosul.com.br\\\/site\\\/wp-content\\\/uploads\\\/2019\\\/10\\\/logo-longo-da-loja.png\",\"contentUrl\":\"https:\\\/\\\/www.lojamelhordosul.com.br\\\/site\\\/wp-content\\\/uploads\\\/2019\\\/10\\\/logo-longo-da-loja.png\",\"width\":597,\"height\":114,\"caption\":\"Loja Melhor do Sul\"},\"image\":{\"@id\":\"https:\\\/\\\/www.lojamelhordosul.com.br\\\/site\\\/#\\\/schema\\\/logo\\\/image\\\/\"}}]}<\/script>\n<!-- \/ Yoast SEO plugin. -->","yoast_head_json":{"title":"C\u00e2mera Externa Wifi Ip Prova D'\u00e1gua Infravermelho Cart\u00e3o Intelbras 32GB HZ-A9 Haiz - Loja Melhor do Sul Sistemas de Seguran\u00e7a","robots":{"index":"index","follow":"follow","max-snippet":"max-snippet:-1","max-image-preview":"max-image-preview:large","max-video-preview":"max-video-preview:-1"},"canonical":"https:\/\/www.lojamelhordosul.com.br\/site\/produto\/camera-de-seguranca-wi-fi-externa-visao-noturna-com-cartao-32gb-hz-a9-haiz\/","og_locale":"pt_BR","og_type":"article","og_title":"C\u00e2mera Externa Wifi Ip Prova D'\u00e1gua Infravermelho Cart\u00e3o Intelbras 32GB HZ-A9 Haiz - Loja Melhor do Sul Sistemas de Seguran\u00e7a","og_description":"\u00a0C\u00e2mera de seguran\u00e7a HZ-A9B Vers\u00e3o Black Exclusiva: Apresentamos a c\u00e2mera que vai revolucionar a sua prote\u00e7\u00e3o. Com a exclusiva vers\u00e3o Black, esta c\u00e2mera de seguran\u00e7a \u00e9 perfeita para quem busca estilo e desempenho em um \u00fanico dispositivo. \u00a0Imagine ter acesso remoto ao seu sistema de seguran\u00e7a direto no seu celular, utilizando o aplicativo ICSee dispon\u00edvel &hellip; Continuar lendo C\u00e2mera Externa Wifi Ip Prova D&#8217;\u00e1gua Infravermelho Cart\u00e3o Intelbras 32GB HZ-A9 Haiz","og_url":"https:\/\/www.lojamelhordosul.com.br\/site\/produto\/camera-de-seguranca-wi-fi-externa-visao-noturna-com-cartao-32gb-hz-a9-haiz\/","og_site_name":"Loja Melhor do Sul Sistemas de Seguran\u00e7a","article_modified_time":"2025-10-15T17:55:17+00:00","og_image":[{"width":499,"height":495,"url":"https:\/\/www.lojamelhordosul.com.br\/site\/wp-content\/uploads\/2024\/01\/Captura-de-tela-2024-01-12-154021.png","type":"image\/png"}],"twitter_card":"summary_large_image","twitter_misc":{"Est. tempo de leitura":"5 minutos"},"schema":{"@context":"https:\/\/schema.org","@graph":[{"@type":"WebPage","@id":"https:\/\/www.lojamelhordosul.com.br\/site\/produto\/camera-de-seguranca-wi-fi-externa-visao-noturna-com-cartao-32gb-hz-a9-haiz\/","url":"https:\/\/www.lojamelhordosul.com.br\/site\/produto\/camera-de-seguranca-wi-fi-externa-visao-noturna-com-cartao-32gb-hz-a9-haiz\/","name":"C\u00e2mera Externa Wifi Ip Prova D'\u00e1gua Infravermelho Cart\u00e3o Intelbras 32GB HZ-A9 Haiz - Loja Melhor do Sul Sistemas de Seguran\u00e7a","isPartOf":{"@id":"https:\/\/www.lojamelhordosul.com.br\/site\/#website"},"primaryImageOfPage":{"@id":"https:\/\/www.lojamelhordosul.com.br\/site\/produto\/camera-de-seguranca-wi-fi-externa-visao-noturna-com-cartao-32gb-hz-a9-haiz\/#primaryimage"},"image":{"@id":"https:\/\/www.lojamelhordosul.com.br\/site\/produto\/camera-de-seguranca-wi-fi-externa-visao-noturna-com-cartao-32gb-hz-a9-haiz\/#primaryimage"},"thumbnailUrl":"https:\/\/www.lojamelhordosul.com.br\/site\/wp-content\/uploads\/2024\/01\/Captura-de-tela-2024-01-12-154021.png","datePublished":"2024-01-12T18:43:02+00:00","dateModified":"2025-10-15T17:55:17+00:00","breadcrumb":{"@id":"https:\/\/www.lojamelhordosul.com.br\/site\/produto\/camera-de-seguranca-wi-fi-externa-visao-noturna-com-cartao-32gb-hz-a9-haiz\/#breadcrumb"},"inLanguage":"pt-BR","potentialAction":[{"@type":"ReadAction","target":["https:\/\/www.lojamelhordosul.com.br\/site\/produto\/camera-de-seguranca-wi-fi-externa-visao-noturna-com-cartao-32gb-hz-a9-haiz\/"]}]},{"@type":"ImageObject","inLanguage":"pt-BR","@id":"https:\/\/www.lojamelhordosul.com.br\/site\/produto\/camera-de-seguranca-wi-fi-externa-visao-noturna-com-cartao-32gb-hz-a9-haiz\/#primaryimage","url":"https:\/\/www.lojamelhordosul.com.br\/site\/wp-content\/uploads\/2024\/01\/Captura-de-tela-2024-01-12-154021.png","contentUrl":"https:\/\/www.lojamelhordosul.com.br\/site\/wp-content\/uploads\/2024\/01\/Captura-de-tela-2024-01-12-154021.png","width":499,"height":495},{"@type":"BreadcrumbList","@id":"https:\/\/www.lojamelhordosul.com.br\/site\/produto\/camera-de-seguranca-wi-fi-externa-visao-noturna-com-cartao-32gb-hz-a9-haiz\/#breadcrumb","itemListElement":[{"@type":"ListItem","position":1,"name":"In\u00edcio","item":"https:\/\/www.lojamelhordosul.com.br\/site\/"},{"@type":"ListItem","position":2,"name":"Loja","item":"https:\/\/www.lojamelhordosul.com.br\/site\/loja\/"},{"@type":"ListItem","position":3,"name":"C\u00e2mera Externa Wifi Ip Prova D&#8217;\u00e1gua Infravermelho Cart\u00e3o Intelbras 32GB HZ-A9 Haiz"}]},{"@type":"WebSite","@id":"https:\/\/www.lojamelhordosul.com.br\/site\/#website","url":"https:\/\/www.lojamelhordosul.com.br\/site\/","name":"Loja Melhor do Sul Sistemas de Seguran\u00e7a","description":"Loja Melhor do Sul - Revenda Ouro Intelbras em Porto Alegre","publisher":{"@id":"https:\/\/www.lojamelhordosul.com.br\/site\/#organization"},"potentialAction":[{"@type":"SearchAction","target":{"@type":"EntryPoint","urlTemplate":"https:\/\/www.lojamelhordosul.com.br\/site\/?s={search_term_string}"},"query-input":{"@type":"PropertyValueSpecification","valueRequired":true,"valueName":"search_term_string"}}],"inLanguage":"pt-BR"},{"@type":"Organization","@id":"https:\/\/www.lojamelhordosul.com.br\/site\/#organization","name":"Loja Melhor do Sul","url":"https:\/\/www.lojamelhordosul.com.br\/site\/","logo":{"@type":"ImageObject","inLanguage":"pt-BR","@id":"https:\/\/www.lojamelhordosul.com.br\/site\/#\/schema\/logo\/image\/","url":"https:\/\/www.lojamelhordosul.com.br\/site\/wp-content\/uploads\/2019\/10\/logo-longo-da-loja.png","contentUrl":"https:\/\/www.lojamelhordosul.com.br\/site\/wp-content\/uploads\/2019\/10\/logo-longo-da-loja.png","width":597,"height":114,"caption":"Loja Melhor do Sul"},"image":{"@id":"https:\/\/www.lojamelhordosul.com.br\/site\/#\/schema\/logo\/image\/"}}]}},"_links":{"self":[{"href":"https:\/\/www.lojamelhordosul.com.br\/site\/wp-json\/wp\/v2\/product\/14491","targetHints":{"allow":["GET"]}}],"collection":[{"href":"https:\/\/www.lojamelhordosul.com.br\/site\/wp-json\/wp\/v2\/product"}],"about":[{"href":"https:\/\/www.lojamelhordosul.com.br\/site\/wp-json\/wp\/v2\/types\/product"}],"replies":[{"embeddable":true,"href":"https:\/\/www.lojamelhordosul.com.br\/site\/wp-json\/wp\/v2\/comments?post=14491"}],"wp:featuredmedia":[{"embeddable":true,"href":"https:\/\/www.lojamelhordosul.com.br\/site\/wp-json\/wp\/v2\/media\/14492"}],"wp:attachment":[{"href":"https:\/\/www.lojamelhordosul.com.br\/site\/wp-json\/wp\/v2\/media?parent=14491"}],"wp:term":[{"taxonomy":"product_brand","embeddable":true,"href":"https:\/\/www.lojamelhordosul.com.br\/site\/wp-json\/wp\/v2\/product_brand?post=14491"},{"taxonomy":"product_cat","embeddable":true,"href":"https:\/\/www.lojamelhordosul.com.br\/site\/wp-json\/wp\/v2\/product_cat?post=14491"},{"taxonomy":"product_tag","embeddable":true,"href":"https:\/\/www.lojamelhordosul.com.br\/site\/wp-json\/wp\/v2\/product_tag?post=14491"}],"curies":[{"name":"wp","href":"https:\/\/api.w.org\/{rel}","templated":true}]}}