{"id":14536,"date":"2024-02-21T14:05:42","date_gmt":"2024-02-21T17:05:42","guid":{"rendered":"https:\/\/www.lojamelhordosul.com.br\/site\/?post_type=product&#038;p=14536"},"modified":"2025-12-16T09:52:35","modified_gmt":"2025-12-16T12:52:35","slug":"interruptor-touch-smart-wi-fi-com-6-teclas-ews-1006","status":"publish","type":"product","link":"https:\/\/www.lojamelhordosul.com.br\/site\/produto\/interruptor-touch-smart-wi-fi-com-6-teclas-ews-1006\/","title":{"rendered":"Interruptor touch smart wi-fi com 6 teclas EWS 1006"},"content":{"rendered":"<p>&nbsp;<\/p>\n<p><span style=\"font-weight: 300 !important;\"><i><em>* Imagem ilustrativa<\/em><\/i><\/span><\/p>\n<h2 style=\"font-weight: 200;\">Casa inteligente e sofisticada<\/h2>\n<p style=\"font-weight: 300;\">Com interruptor touch smart voc\u00ea pode controlar a ilumina\u00e7\u00e3o da sua casa de onde estiver, atrav\u00e9s do aplicativo Izy Smart ou assistentes de voz como Alexa e Google Assistente.<\/p>\n<h2 style=\"font-weight: 200;\">Programe rotinas de acionamento<\/h2>\n<p style=\"font-weight: 300;\">Com o interruptor inteligente voc\u00ea pode programar o acionamento das luzes para per\u00edodos espec\u00edficos, simulando presen\u00e7a ao viajar, por exemplo. Voc\u00ea tamb\u00e9m pode agendar o acionamento quando anoitecer ou em sincronia com o seu despertador, al\u00e9m de integrar o interruptor com outros dispositivos da linha Izy.<\/p>\n<h2 style=\"font-weight: 200;\">Design sofisticado e funcional<\/h2>\n<p style=\"font-weight: 300;\">Bot\u00f5es de alta sensibilidade, com design discreto e acabamento elegante, transformam o interruptor em um complemento diferencial para controlar mais de um ambiente. Al\u00e9m disso, o produto tem ilumina\u00e7\u00e3o pr\u00f3pria para facilitar a utiliza\u00e7\u00e3o no escuro.<\/p>\n<h2 style=\"font-weight: 200;\">Instala\u00e7\u00e3o descomplicada<\/h2>\n<p style=\"font-weight: 300;\">Instale em caixa para interruptor (4&#215;4). Para isso, basta plugar os fios de carga, fase e neutro, e ter disponibilidade de Wi-Fi, sem necessidade de hub.<\/p>\n<ul>\n<li data-ga-action=\"tab-item-arquivos-para-download\">Arquivos para download<\/li>\n<\/ul>\n","protected":false},"excerpt":{"rendered":"<p>&nbsp; * Imagem ilustrativa Casa inteligente e sofisticada Com interruptor touch smart voc\u00ea pode controlar a ilumina\u00e7\u00e3o da sua casa de onde estiver, atrav\u00e9s do aplicativo Izy Smart ou assistentes de voz como Alexa e Google Assistente. Programe rotinas de acionamento Com o interruptor inteligente voc\u00ea pode programar o acionamento das luzes para per\u00edodos espec\u00edficos, &hellip; <a href=\"https:\/\/www.lojamelhordosul.com.br\/site\/produto\/interruptor-touch-smart-wi-fi-com-6-teclas-ews-1006\/\" class=\"more-link\">Continuar lendo <span class=\"screen-reader-text\">Interruptor touch smart wi-fi com 6 teclas EWS 1006<\/span><\/a><\/p>\n","protected":false},"featured_media":14537,"comment_status":"closed","ping_status":"closed","template":"","meta":[],"product_brand":[],"product_cat":[2799,2861,2800],"product_tag":[],"class_list":{"0":"post-14536","1":"product","2":"type-product","3":"status-publish","4":"has-post-thumbnail","6":"product_cat-linha-de-energia","7":"product_cat-linha-izy-smart","8":"product_cat-energia-linha-smart","10":"first","11":"instock","12":"shipping-taxable","13":"purchasable","14":"product-type-simple"},"yoast_head":"<!-- This site is optimized with the Yoast SEO plugin v27.5 - https:\/\/yoast.com\/product\/yoast-seo-wordpress\/ -->\n<title>Interruptor touch smart wi-fi com 6 teclas EWS 1006 - Loja Melhor do Sul Sistemas de Seguran\u00e7a<\/title>\n<meta name=\"robots\" content=\"index, follow, max-snippet:-1, max-image-preview:large, max-video-preview:-1\" \/>\n<link rel=\"canonical\" href=\"https:\/\/www.lojamelhordosul.com.br\/site\/produto\/interruptor-touch-smart-wi-fi-com-6-teclas-ews-1006\/\" \/>\n<meta property=\"og:locale\" content=\"pt_BR\" \/>\n<meta property=\"og:type\" content=\"article\" \/>\n<meta property=\"og:title\" content=\"Interruptor touch smart wi-fi com 6 teclas EWS 1006 - Loja Melhor do Sul Sistemas de Seguran\u00e7a\" \/>\n<meta property=\"og:description\" content=\"&nbsp; * Imagem ilustrativa Casa inteligente e sofisticada Com interruptor touch smart voc\u00ea pode controlar a ilumina\u00e7\u00e3o da sua casa de onde estiver, atrav\u00e9s do aplicativo Izy Smart ou assistentes de voz como Alexa e Google Assistente. Programe rotinas de acionamento Com o interruptor inteligente voc\u00ea pode programar o acionamento das luzes para per\u00edodos espec\u00edficos, &hellip; Continuar lendo Interruptor touch smart wi-fi com 6 teclas EWS 1006\" \/>\n<meta property=\"og:url\" content=\"https:\/\/www.lojamelhordosul.com.br\/site\/produto\/interruptor-touch-smart-wi-fi-com-6-teclas-ews-1006\/\" \/>\n<meta property=\"og:site_name\" content=\"Loja Melhor do Sul Sistemas de Seguran\u00e7a\" \/>\n<meta property=\"article:modified_time\" content=\"2025-12-16T12:52:35+00:00\" \/>\n<meta property=\"og:image\" content=\"https:\/\/www.lojamelhordosul.com.br\/site\/wp-content\/uploads\/2024\/02\/Captura-de-tela-2024-02-21-140523.png\" \/>\n\t<meta property=\"og:image:width\" content=\"451\" \/>\n\t<meta property=\"og:image:height\" content=\"427\" \/>\n\t<meta property=\"og:image:type\" content=\"image\/png\" \/>\n<meta name=\"twitter:card\" content=\"summary_large_image\" \/>\n<meta name=\"twitter:label1\" content=\"Est. tempo de leitura\" \/>\n\t<meta name=\"twitter:data1\" content=\"2 minutos\" \/>\n<script type=\"application\/ld+json\" class=\"yoast-schema-graph\">{\"@context\":\"https:\\\/\\\/schema.org\",\"@graph\":[{\"@type\":\"WebPage\",\"@id\":\"https:\\\/\\\/www.lojamelhordosul.com.br\\\/site\\\/produto\\\/interruptor-touch-smart-wi-fi-com-6-teclas-ews-1006\\\/\",\"url\":\"https:\\\/\\\/www.lojamelhordosul.com.br\\\/site\\\/produto\\\/interruptor-touch-smart-wi-fi-com-6-teclas-ews-1006\\\/\",\"name\":\"Interruptor touch smart wi-fi com 6 teclas EWS 1006 - Loja Melhor do Sul Sistemas de Seguran\u00e7a\",\"isPartOf\":{\"@id\":\"https:\\\/\\\/www.lojamelhordosul.com.br\\\/site\\\/#website\"},\"primaryImageOfPage\":{\"@id\":\"https:\\\/\\\/www.lojamelhordosul.com.br\\\/site\\\/produto\\\/interruptor-touch-smart-wi-fi-com-6-teclas-ews-1006\\\/#primaryimage\"},\"image\":{\"@id\":\"https:\\\/\\\/www.lojamelhordosul.com.br\\\/site\\\/produto\\\/interruptor-touch-smart-wi-fi-com-6-teclas-ews-1006\\\/#primaryimage\"},\"thumbnailUrl\":\"https:\\\/\\\/www.lojamelhordosul.com.br\\\/site\\\/wp-content\\\/uploads\\\/2024\\\/02\\\/Captura-de-tela-2024-02-21-140523.png\",\"datePublished\":\"2024-02-21T17:05:42+00:00\",\"dateModified\":\"2025-12-16T12:52:35+00:00\",\"breadcrumb\":{\"@id\":\"https:\\\/\\\/www.lojamelhordosul.com.br\\\/site\\\/produto\\\/interruptor-touch-smart-wi-fi-com-6-teclas-ews-1006\\\/#breadcrumb\"},\"inLanguage\":\"pt-BR\",\"potentialAction\":[{\"@type\":\"ReadAction\",\"target\":[\"https:\\\/\\\/www.lojamelhordosul.com.br\\\/site\\\/produto\\\/interruptor-touch-smart-wi-fi-com-6-teclas-ews-1006\\\/\"]}]},{\"@type\":\"ImageObject\",\"inLanguage\":\"pt-BR\",\"@id\":\"https:\\\/\\\/www.lojamelhordosul.com.br\\\/site\\\/produto\\\/interruptor-touch-smart-wi-fi-com-6-teclas-ews-1006\\\/#primaryimage\",\"url\":\"https:\\\/\\\/www.lojamelhordosul.com.br\\\/site\\\/wp-content\\\/uploads\\\/2024\\\/02\\\/Captura-de-tela-2024-02-21-140523.png\",\"contentUrl\":\"https:\\\/\\\/www.lojamelhordosul.com.br\\\/site\\\/wp-content\\\/uploads\\\/2024\\\/02\\\/Captura-de-tela-2024-02-21-140523.png\",\"width\":451,\"height\":427},{\"@type\":\"BreadcrumbList\",\"@id\":\"https:\\\/\\\/www.lojamelhordosul.com.br\\\/site\\\/produto\\\/interruptor-touch-smart-wi-fi-com-6-teclas-ews-1006\\\/#breadcrumb\",\"itemListElement\":[{\"@type\":\"ListItem\",\"position\":1,\"name\":\"In\u00edcio\",\"item\":\"https:\\\/\\\/www.lojamelhordosul.com.br\\\/site\\\/\"},{\"@type\":\"ListItem\",\"position\":2,\"name\":\"Loja\",\"item\":\"https:\\\/\\\/www.lojamelhordosul.com.br\\\/site\\\/loja\\\/\"},{\"@type\":\"ListItem\",\"position\":3,\"name\":\"Interruptor touch smart wi-fi com 6 teclas EWS 1006\"}]},{\"@type\":\"WebSite\",\"@id\":\"https:\\\/\\\/www.lojamelhordosul.com.br\\\/site\\\/#website\",\"url\":\"https:\\\/\\\/www.lojamelhordosul.com.br\\\/site\\\/\",\"name\":\"Loja Melhor do Sul Sistemas de Seguran\u00e7a\",\"description\":\"Loja Melhor do Sul - Revenda Ouro Intelbras em Porto Alegre\",\"publisher\":{\"@id\":\"https:\\\/\\\/www.lojamelhordosul.com.br\\\/site\\\/#organization\"},\"potentialAction\":[{\"@type\":\"SearchAction\",\"target\":{\"@type\":\"EntryPoint\",\"urlTemplate\":\"https:\\\/\\\/www.lojamelhordosul.com.br\\\/site\\\/?s={search_term_string}\"},\"query-input\":{\"@type\":\"PropertyValueSpecification\",\"valueRequired\":true,\"valueName\":\"search_term_string\"}}],\"inLanguage\":\"pt-BR\"},{\"@type\":\"Organization\",\"@id\":\"https:\\\/\\\/www.lojamelhordosul.com.br\\\/site\\\/#organization\",\"name\":\"Loja Melhor do Sul\",\"url\":\"https:\\\/\\\/www.lojamelhordosul.com.br\\\/site\\\/\",\"logo\":{\"@type\":\"ImageObject\",\"inLanguage\":\"pt-BR\",\"@id\":\"https:\\\/\\\/www.lojamelhordosul.com.br\\\/site\\\/#\\\/schema\\\/logo\\\/image\\\/\",\"url\":\"https:\\\/\\\/www.lojamelhordosul.com.br\\\/site\\\/wp-content\\\/uploads\\\/2019\\\/10\\\/logo-longo-da-loja.png\",\"contentUrl\":\"https:\\\/\\\/www.lojamelhordosul.com.br\\\/site\\\/wp-content\\\/uploads\\\/2019\\\/10\\\/logo-longo-da-loja.png\",\"width\":597,\"height\":114,\"caption\":\"Loja Melhor do Sul\"},\"image\":{\"@id\":\"https:\\\/\\\/www.lojamelhordosul.com.br\\\/site\\\/#\\\/schema\\\/logo\\\/image\\\/\"}}]}<\/script>\n<!-- \/ Yoast SEO plugin. -->","yoast_head_json":{"title":"Interruptor touch smart wi-fi com 6 teclas EWS 1006 - Loja Melhor do Sul Sistemas de Seguran\u00e7a","robots":{"index":"index","follow":"follow","max-snippet":"max-snippet:-1","max-image-preview":"max-image-preview:large","max-video-preview":"max-video-preview:-1"},"canonical":"https:\/\/www.lojamelhordosul.com.br\/site\/produto\/interruptor-touch-smart-wi-fi-com-6-teclas-ews-1006\/","og_locale":"pt_BR","og_type":"article","og_title":"Interruptor touch smart wi-fi com 6 teclas EWS 1006 - Loja Melhor do Sul Sistemas de Seguran\u00e7a","og_description":"&nbsp; * Imagem ilustrativa Casa inteligente e sofisticada Com interruptor touch smart voc\u00ea pode controlar a ilumina\u00e7\u00e3o da sua casa de onde estiver, atrav\u00e9s do aplicativo Izy Smart ou assistentes de voz como Alexa e Google Assistente. Programe rotinas de acionamento Com o interruptor inteligente voc\u00ea pode programar o acionamento das luzes para per\u00edodos espec\u00edficos, &hellip; Continuar lendo Interruptor touch smart wi-fi com 6 teclas EWS 1006","og_url":"https:\/\/www.lojamelhordosul.com.br\/site\/produto\/interruptor-touch-smart-wi-fi-com-6-teclas-ews-1006\/","og_site_name":"Loja Melhor do Sul Sistemas de Seguran\u00e7a","article_modified_time":"2025-12-16T12:52:35+00:00","og_image":[{"width":451,"height":427,"url":"https:\/\/www.lojamelhordosul.com.br\/site\/wp-content\/uploads\/2024\/02\/Captura-de-tela-2024-02-21-140523.png","type":"image\/png"}],"twitter_card":"summary_large_image","twitter_misc":{"Est. tempo de leitura":"2 minutos"},"schema":{"@context":"https:\/\/schema.org","@graph":[{"@type":"WebPage","@id":"https:\/\/www.lojamelhordosul.com.br\/site\/produto\/interruptor-touch-smart-wi-fi-com-6-teclas-ews-1006\/","url":"https:\/\/www.lojamelhordosul.com.br\/site\/produto\/interruptor-touch-smart-wi-fi-com-6-teclas-ews-1006\/","name":"Interruptor touch smart wi-fi com 6 teclas EWS 1006 - Loja Melhor do Sul Sistemas de Seguran\u00e7a","isPartOf":{"@id":"https:\/\/www.lojamelhordosul.com.br\/site\/#website"},"primaryImageOfPage":{"@id":"https:\/\/www.lojamelhordosul.com.br\/site\/produto\/interruptor-touch-smart-wi-fi-com-6-teclas-ews-1006\/#primaryimage"},"image":{"@id":"https:\/\/www.lojamelhordosul.com.br\/site\/produto\/interruptor-touch-smart-wi-fi-com-6-teclas-ews-1006\/#primaryimage"},"thumbnailUrl":"https:\/\/www.lojamelhordosul.com.br\/site\/wp-content\/uploads\/2024\/02\/Captura-de-tela-2024-02-21-140523.png","datePublished":"2024-02-21T17:05:42+00:00","dateModified":"2025-12-16T12:52:35+00:00","breadcrumb":{"@id":"https:\/\/www.lojamelhordosul.com.br\/site\/produto\/interruptor-touch-smart-wi-fi-com-6-teclas-ews-1006\/#breadcrumb"},"inLanguage":"pt-BR","potentialAction":[{"@type":"ReadAction","target":["https:\/\/www.lojamelhordosul.com.br\/site\/produto\/interruptor-touch-smart-wi-fi-com-6-teclas-ews-1006\/"]}]},{"@type":"ImageObject","inLanguage":"pt-BR","@id":"https:\/\/www.lojamelhordosul.com.br\/site\/produto\/interruptor-touch-smart-wi-fi-com-6-teclas-ews-1006\/#primaryimage","url":"https:\/\/www.lojamelhordosul.com.br\/site\/wp-content\/uploads\/2024\/02\/Captura-de-tela-2024-02-21-140523.png","contentUrl":"https:\/\/www.lojamelhordosul.com.br\/site\/wp-content\/uploads\/2024\/02\/Captura-de-tela-2024-02-21-140523.png","width":451,"height":427},{"@type":"BreadcrumbList","@id":"https:\/\/www.lojamelhordosul.com.br\/site\/produto\/interruptor-touch-smart-wi-fi-com-6-teclas-ews-1006\/#breadcrumb","itemListElement":[{"@type":"ListItem","position":1,"name":"In\u00edcio","item":"https:\/\/www.lojamelhordosul.com.br\/site\/"},{"@type":"ListItem","position":2,"name":"Loja","item":"https:\/\/www.lojamelhordosul.com.br\/site\/loja\/"},{"@type":"ListItem","position":3,"name":"Interruptor touch smart wi-fi com 6 teclas EWS 1006"}]},{"@type":"WebSite","@id":"https:\/\/www.lojamelhordosul.com.br\/site\/#website","url":"https:\/\/www.lojamelhordosul.com.br\/site\/","name":"Loja Melhor do Sul Sistemas de Seguran\u00e7a","description":"Loja Melhor do Sul - Revenda Ouro Intelbras em Porto Alegre","publisher":{"@id":"https:\/\/www.lojamelhordosul.com.br\/site\/#organization"},"potentialAction":[{"@type":"SearchAction","target":{"@type":"EntryPoint","urlTemplate":"https:\/\/www.lojamelhordosul.com.br\/site\/?s={search_term_string}"},"query-input":{"@type":"PropertyValueSpecification","valueRequired":true,"valueName":"search_term_string"}}],"inLanguage":"pt-BR"},{"@type":"Organization","@id":"https:\/\/www.lojamelhordosul.com.br\/site\/#organization","name":"Loja Melhor do Sul","url":"https:\/\/www.lojamelhordosul.com.br\/site\/","logo":{"@type":"ImageObject","inLanguage":"pt-BR","@id":"https:\/\/www.lojamelhordosul.com.br\/site\/#\/schema\/logo\/image\/","url":"https:\/\/www.lojamelhordosul.com.br\/site\/wp-content\/uploads\/2019\/10\/logo-longo-da-loja.png","contentUrl":"https:\/\/www.lojamelhordosul.com.br\/site\/wp-content\/uploads\/2019\/10\/logo-longo-da-loja.png","width":597,"height":114,"caption":"Loja Melhor do Sul"},"image":{"@id":"https:\/\/www.lojamelhordosul.com.br\/site\/#\/schema\/logo\/image\/"}}]}},"_links":{"self":[{"href":"https:\/\/www.lojamelhordosul.com.br\/site\/wp-json\/wp\/v2\/product\/14536","targetHints":{"allow":["GET"]}}],"collection":[{"href":"https:\/\/www.lojamelhordosul.com.br\/site\/wp-json\/wp\/v2\/product"}],"about":[{"href":"https:\/\/www.lojamelhordosul.com.br\/site\/wp-json\/wp\/v2\/types\/product"}],"replies":[{"embeddable":true,"href":"https:\/\/www.lojamelhordosul.com.br\/site\/wp-json\/wp\/v2\/comments?post=14536"}],"wp:featuredmedia":[{"embeddable":true,"href":"https:\/\/www.lojamelhordosul.com.br\/site\/wp-json\/wp\/v2\/media\/14537"}],"wp:attachment":[{"href":"https:\/\/www.lojamelhordosul.com.br\/site\/wp-json\/wp\/v2\/media?parent=14536"}],"wp:term":[{"taxonomy":"product_brand","embeddable":true,"href":"https:\/\/www.lojamelhordosul.com.br\/site\/wp-json\/wp\/v2\/product_brand?post=14536"},{"taxonomy":"product_cat","embeddable":true,"href":"https:\/\/www.lojamelhordosul.com.br\/site\/wp-json\/wp\/v2\/product_cat?post=14536"},{"taxonomy":"product_tag","embeddable":true,"href":"https:\/\/www.lojamelhordosul.com.br\/site\/wp-json\/wp\/v2\/product_tag?post=14536"}],"curies":[{"name":"wp","href":"https:\/\/api.w.org\/{rel}","templated":true}]}}