{"id":14643,"date":"2024-02-28T15:42:26","date_gmt":"2024-02-28T18:42:26","guid":{"rendered":"https:\/\/www.lojamelhordosul.com.br\/site\/?post_type=product&#038;p=14643"},"modified":"2026-03-17T15:50:34","modified_gmt":"2026-03-17T18:50:34","slug":"ramal-externo-para-telefone-sem-fio-tis-5000","status":"publish","type":"product","link":"https:\/\/www.lojamelhordosul.com.br\/site\/produto\/ramal-externo-para-telefone-sem-fio-tis-5000\/","title":{"rendered":"Ramal externo para telefone sem fio TIS 5000"},"content":{"rendered":"<div>\n<div class=\"z-index-4 internal-fixed-navigation\">\n<div class=\"grid-container  \">\n<div class=\"navigation-sticky\">\n<div class=\"grid-x align-middle\"><\/div>\n<\/div>\n<\/div>\n<\/div>\n<\/div>\n<div>\n<div class=\"grid-container  \">\n<div class=\"mt2 mb2  \">\n<div class=\"grid-container  \">\n<div class=\"block-template overflow-hidden\">\n<div class=\"field field-name-field-description field-type-text-with-summary field-label-hidden wysiwyg_filtered\">\n<div class=\"field-items\">\n<div class=\"field-item even\">\n<table cellspacing=\"0\" cellpadding=\"0\">\n<tbody>\n<tr>\n<td class=\"cke-align-top\"><img decoding=\"async\" class=\"media-element file-default\" title=\"TIS_5000\" src=\"https:\/\/suporte-tecnico.intelbras.com.br\/sites\/default\/files\/flyer_digital_tis_5000_03.png\" alt=\"TIS_5000\" \/><\/p>\n<p>&nbsp;<\/p>\n<p>O ramal externo sem fio TIS 5000 foi desenvolvido para unir seguran\u00e7a, praticidade e mobilidade. Compat\u00edvel com as linhas de telefone sem fio da fam\u00edlia TS 51, permite a comunica\u00e7\u00e3o entre morador e visitante e abre at\u00e9 dois port\u00f5es atrav\u00e9s do telefone. N\u00e3o h\u00e1 necessidade de passar fios entre o m\u00f3dulo externo (TIS 5000) e interno (telefones sem fio) e o sistema pode ser expandido para at\u00e9 7 extens\u00f5es, combinando m\u00f3dulo interno e externo. O TIS 5000 permite atender chamadas e abrir os port\u00f5es remotamente atrav\u00e9s da fun\u00e7\u00e3o Siga-me, e ainda mais, possui entrada para botoeira, central de alarme, sensor magn\u00e9tico e alarme contra viola\u00e7\u00e3o.<\/td>\n<\/tr>\n<\/tbody>\n<\/table>\n<table cellspacing=\"0\" cellpadding=\"0\">\n<tbody>\n<tr>\n<td class=\"cke-align-top\"><img decoding=\"async\" class=\"media-element file-default\" title=\"TIS_5000\" src=\"https:\/\/suporte-tecnico.intelbras.com.br\/sites\/default\/files\/flyer_digital_tis_5000_07.png\" alt=\"TIS_5000\" \/><\/p>\n<h2><\/h2>\n<h2>Abre at\u00e9 2 port\u00f5es<\/h2>\n<p>O ramal externo TIS 5000 possui sa\u00edda para 2 port\u00f5es\/fechaduras.\u00a0<span class=\"cke-bold\">Voc\u00ea pode escolher abrir port\u00f5es individuais com fechaduras eletromec\u00e2nicas e\/ou port\u00f5es de garagem<\/span>, pois ele permite acionamento de rel\u00e9, que pode ser interligado a automatizadores e port\u00e3o.<\/td>\n<\/tr>\n<\/tbody>\n<\/table>\n<table cellspacing=\"0\" cellpadding=\"0\">\n<tbody>\n<tr>\n<td class=\"cke-align-top\"><img decoding=\"async\" class=\"media-element file-default\" title=\"TIS_5000\" src=\"https:\/\/suporte-tecnico.intelbras.com.br\/sites\/default\/files\/flyer_digital_tis_5000_11_0.png\" alt=\"TIS_5000\" \/><\/p>\n<h2><\/h2>\n<h2>Tecnologia sem fios<\/h2>\n<p>Mais\u00a0<span class=\"cke-bold\">economia e praticidade na instala\u00e7\u00e3o<\/span>\u00a0atrav\u00e9s da tecnologia DECT 6.0. N\u00e3o \u00e9 necess\u00e1rio passar fios entre o m\u00f3dulo interno e externo.<\/td>\n<\/tr>\n<\/tbody>\n<\/table>\n<table cellspacing=\"0\" cellpadding=\"0\">\n<tbody>\n<tr>\n<td class=\"cke-align-top\"><img decoding=\"async\" class=\"media-element file-default\" title=\"TIS_5000\" src=\"https:\/\/suporte-tecnico.intelbras.com.br\/sites\/default\/files\/flyer_digital_tis_5000_15.png\" alt=\"TIS_5000\" \/><\/p>\n<h2><\/h2>\n<h2>Aviso de porta aberta<\/h2>\n<p>Se a sua visita sair e deixar o port\u00e3o aberto, n\u00e3o se preocupe, o TIS 5000 possui entrada para\u00a0<span class=\"cke-bold\">sensor magn\u00e9tico que avisa emitindo um alarme sonoro<\/span>.<\/td>\n<\/tr>\n<\/tbody>\n<\/table>\n<table cellspacing=\"0\" cellpadding=\"0\">\n<tbody>\n<tr>\n<td class=\"cke-align-top\"><img decoding=\"async\" class=\"media-element file-default\" title=\"TIS_5000\" src=\"https:\/\/suporte-tecnico.intelbras.com.br\/sites\/default\/files\/flyer_digital_tis_5000_18.png\" alt=\"TIS_5000\" \/><\/p>\n<p>&nbsp;<\/p>\n<h2>Fun\u00e7\u00e3o Siga-me<\/h2>\n<p>Quando um visitante tocar o ramal externo, a<span class=\"cke-bold\">\u00a0chamada poder\u00e1 ser encaminhada para um n\u00famero pr\u00e9-programado<\/span>. Assim, do seu celular, por exemplo, voc\u00ea pode conversar com o visitante e abrir a porta de onde estiver.<\/td>\n<\/tr>\n<\/tbody>\n<\/table>\n<table cellspacing=\"0\" cellpadding=\"0\">\n<tbody>\n<tr>\n<td class=\"cke-align-top\"><img decoding=\"async\" class=\"media-element file-default\" title=\"TIS_5000\" src=\"https:\/\/suporte-tecnico.intelbras.com.br\/sites\/default\/files\/flyer_digital_tis_5000_22.png\" alt=\"TIS_5000\" \/><\/p>\n<h2><\/h2>\n<h2>Dist\u00e2ncia entre m\u00f3dulos<\/h2>\n<p>A dist\u00e2ncia de comunica\u00e7\u00e3o entre o telefone base e o ramal externo \u00e9 similar \u00e0 dist\u00e2ncia entre a base e as extens\u00f5es dos telefones Intelbras, podendo variar de acordo com as caracter\u00edsticas do cen\u00e1rio de instala\u00e7\u00e3o, como a quantidade de paredes entre um m\u00f3dulo e outro.<\/td>\n<\/tr>\n<\/tbody>\n<\/table>\n<table cellspacing=\"0\" cellpadding=\"0\">\n<tbody>\n<tr>\n<td class=\"cke-align-top\"><img decoding=\"async\" class=\"media-element file-default\" title=\"TIS_5000\" src=\"https:\/\/suporte-tecnico.intelbras.com.br\/sites\/default\/files\/flyer_digital_tis_5000_24.png\" alt=\"TIS_5000\" \/><\/p>\n<h2><\/h2>\n<h2>Expans\u00edvel para at\u00e9 7 dispositivos sem fio<\/h2>\n<p><span class=\"cke-bold\">\u00c9 poss\u00edvel registrar at\u00e9 6 dispositivos sem fio<\/span>\u00a0(telefones sem fio internos da linha TS 51) e\/ou outros m\u00f3dulos externos (TIS 5000) na base principal, tendo acesso a fun\u00e7\u00f5es como comunica\u00e7\u00e3o interna e transfer\u00eancia de chamadas.<\/td>\n<\/tr>\n<\/tbody>\n<\/table>\n<\/div>\n<\/div>\n<\/div>\n<\/div>\n<\/div>\n<\/div>\n<\/div>\n<\/div>\n","protected":false},"excerpt":{"rendered":"<p>&nbsp; O ramal externo sem fio TIS 5000 foi desenvolvido para unir seguran\u00e7a, praticidade e mobilidade. Compat\u00edvel com as linhas de telefone sem fio da fam\u00edlia TS 51, permite a comunica\u00e7\u00e3o entre morador e visitante e abre at\u00e9 dois port\u00f5es atrav\u00e9s do telefone. N\u00e3o h\u00e1 necessidade de passar fios entre o m\u00f3dulo externo (TIS 5000) &hellip; <a href=\"https:\/\/www.lojamelhordosul.com.br\/site\/produto\/ramal-externo-para-telefone-sem-fio-tis-5000\/\" class=\"more-link\">Continuar lendo <span class=\"screen-reader-text\">Ramal externo para telefone sem fio TIS 5000<\/span><\/a><\/p>\n","protected":false},"featured_media":14644,"comment_status":"closed","ping_status":"closed","template":"","meta":[],"product_brand":[],"product_cat":[2773,2784,2767,2789,2787,2785],"product_tag":[],"class_list":{"0":"post-14643","1":"product","2":"type-product","3":"status-publish","4":"has-post-thumbnail","6":"product_cat-interffonia-acessorios","7":"product_cat-area-comunicacao","8":"product_cat-interfonia","9":"product_cat-telefones-sem-fio","10":"product_cat-telefonia-telefones","11":"product_cat-comunicacao-telefonia","13":"first","14":"instock","15":"shipping-taxable","16":"purchasable","17":"product-type-simple"},"yoast_head":"<!-- This site is optimized with the Yoast SEO plugin v27.3 - https:\/\/yoast.com\/product\/yoast-seo-wordpress\/ -->\n<title>Ramal externo para telefone sem fio TIS 5000 - Loja Melhor do Sul Sistemas de Seguran\u00e7a<\/title>\n<meta name=\"robots\" content=\"index, follow, max-snippet:-1, max-image-preview:large, max-video-preview:-1\" \/>\n<link rel=\"canonical\" href=\"https:\/\/www.lojamelhordosul.com.br\/site\/produto\/ramal-externo-para-telefone-sem-fio-tis-5000\/\" \/>\n<meta property=\"og:locale\" content=\"pt_BR\" \/>\n<meta property=\"og:type\" content=\"article\" \/>\n<meta property=\"og:title\" content=\"Ramal externo para telefone sem fio TIS 5000 - Loja Melhor do Sul Sistemas de Seguran\u00e7a\" \/>\n<meta property=\"og:description\" content=\"&nbsp; O ramal externo sem fio TIS 5000 foi desenvolvido para unir seguran\u00e7a, praticidade e mobilidade. Compat\u00edvel com as linhas de telefone sem fio da fam\u00edlia TS 51, permite a comunica\u00e7\u00e3o entre morador e visitante e abre at\u00e9 dois port\u00f5es atrav\u00e9s do telefone. N\u00e3o h\u00e1 necessidade de passar fios entre o m\u00f3dulo externo (TIS 5000) &hellip; Continuar lendo Ramal externo para telefone sem fio TIS 5000\" \/>\n<meta property=\"og:url\" content=\"https:\/\/www.lojamelhordosul.com.br\/site\/produto\/ramal-externo-para-telefone-sem-fio-tis-5000\/\" \/>\n<meta property=\"og:site_name\" content=\"Loja Melhor do Sul Sistemas de Seguran\u00e7a\" \/>\n<meta property=\"article:modified_time\" content=\"2026-03-17T18:50:34+00:00\" \/>\n<meta property=\"og:image\" content=\"https:\/\/www.lojamelhordosul.com.br\/site\/wp-content\/uploads\/2024\/02\/Captura-de-tela-2024-02-28-154135.png\" \/>\n\t<meta property=\"og:image:width\" content=\"446\" \/>\n\t<meta property=\"og:image:height\" content=\"455\" \/>\n\t<meta property=\"og:image:type\" content=\"image\/png\" \/>\n<meta name=\"twitter:card\" content=\"summary_large_image\" \/>\n<meta name=\"twitter:label1\" content=\"Est. tempo de leitura\" \/>\n\t<meta name=\"twitter:data1\" content=\"4 minutos\" \/>\n<script type=\"application\/ld+json\" class=\"yoast-schema-graph\">{\"@context\":\"https:\\\/\\\/schema.org\",\"@graph\":[{\"@type\":\"WebPage\",\"@id\":\"https:\\\/\\\/www.lojamelhordosul.com.br\\\/site\\\/produto\\\/ramal-externo-para-telefone-sem-fio-tis-5000\\\/\",\"url\":\"https:\\\/\\\/www.lojamelhordosul.com.br\\\/site\\\/produto\\\/ramal-externo-para-telefone-sem-fio-tis-5000\\\/\",\"name\":\"Ramal externo para telefone sem fio TIS 5000 - Loja Melhor do Sul Sistemas de Seguran\u00e7a\",\"isPartOf\":{\"@id\":\"https:\\\/\\\/www.lojamelhordosul.com.br\\\/site\\\/#website\"},\"primaryImageOfPage\":{\"@id\":\"https:\\\/\\\/www.lojamelhordosul.com.br\\\/site\\\/produto\\\/ramal-externo-para-telefone-sem-fio-tis-5000\\\/#primaryimage\"},\"image\":{\"@id\":\"https:\\\/\\\/www.lojamelhordosul.com.br\\\/site\\\/produto\\\/ramal-externo-para-telefone-sem-fio-tis-5000\\\/#primaryimage\"},\"thumbnailUrl\":\"https:\\\/\\\/www.lojamelhordosul.com.br\\\/site\\\/wp-content\\\/uploads\\\/2024\\\/02\\\/Captura-de-tela-2024-02-28-154135.png\",\"datePublished\":\"2024-02-28T18:42:26+00:00\",\"dateModified\":\"2026-03-17T18:50:34+00:00\",\"breadcrumb\":{\"@id\":\"https:\\\/\\\/www.lojamelhordosul.com.br\\\/site\\\/produto\\\/ramal-externo-para-telefone-sem-fio-tis-5000\\\/#breadcrumb\"},\"inLanguage\":\"pt-BR\",\"potentialAction\":[{\"@type\":\"ReadAction\",\"target\":[\"https:\\\/\\\/www.lojamelhordosul.com.br\\\/site\\\/produto\\\/ramal-externo-para-telefone-sem-fio-tis-5000\\\/\"]}]},{\"@type\":\"ImageObject\",\"inLanguage\":\"pt-BR\",\"@id\":\"https:\\\/\\\/www.lojamelhordosul.com.br\\\/site\\\/produto\\\/ramal-externo-para-telefone-sem-fio-tis-5000\\\/#primaryimage\",\"url\":\"https:\\\/\\\/www.lojamelhordosul.com.br\\\/site\\\/wp-content\\\/uploads\\\/2024\\\/02\\\/Captura-de-tela-2024-02-28-154135.png\",\"contentUrl\":\"https:\\\/\\\/www.lojamelhordosul.com.br\\\/site\\\/wp-content\\\/uploads\\\/2024\\\/02\\\/Captura-de-tela-2024-02-28-154135.png\",\"width\":446,\"height\":455},{\"@type\":\"BreadcrumbList\",\"@id\":\"https:\\\/\\\/www.lojamelhordosul.com.br\\\/site\\\/produto\\\/ramal-externo-para-telefone-sem-fio-tis-5000\\\/#breadcrumb\",\"itemListElement\":[{\"@type\":\"ListItem\",\"position\":1,\"name\":\"In\u00edcio\",\"item\":\"https:\\\/\\\/www.lojamelhordosul.com.br\\\/site\\\/\"},{\"@type\":\"ListItem\",\"position\":2,\"name\":\"Loja\",\"item\":\"https:\\\/\\\/www.lojamelhordosul.com.br\\\/site\\\/loja\\\/\"},{\"@type\":\"ListItem\",\"position\":3,\"name\":\"Ramal externo para telefone sem fio TIS 5000\"}]},{\"@type\":\"WebSite\",\"@id\":\"https:\\\/\\\/www.lojamelhordosul.com.br\\\/site\\\/#website\",\"url\":\"https:\\\/\\\/www.lojamelhordosul.com.br\\\/site\\\/\",\"name\":\"Loja Melhor do Sul Sistemas de Seguran\u00e7a\",\"description\":\"Loja Melhor do Sul - Revenda Ouro Intelbras em Porto Alegre\",\"publisher\":{\"@id\":\"https:\\\/\\\/www.lojamelhordosul.com.br\\\/site\\\/#organization\"},\"potentialAction\":[{\"@type\":\"SearchAction\",\"target\":{\"@type\":\"EntryPoint\",\"urlTemplate\":\"https:\\\/\\\/www.lojamelhordosul.com.br\\\/site\\\/?s={search_term_string}\"},\"query-input\":{\"@type\":\"PropertyValueSpecification\",\"valueRequired\":true,\"valueName\":\"search_term_string\"}}],\"inLanguage\":\"pt-BR\"},{\"@type\":\"Organization\",\"@id\":\"https:\\\/\\\/www.lojamelhordosul.com.br\\\/site\\\/#organization\",\"name\":\"Loja Melhor do Sul\",\"url\":\"https:\\\/\\\/www.lojamelhordosul.com.br\\\/site\\\/\",\"logo\":{\"@type\":\"ImageObject\",\"inLanguage\":\"pt-BR\",\"@id\":\"https:\\\/\\\/www.lojamelhordosul.com.br\\\/site\\\/#\\\/schema\\\/logo\\\/image\\\/\",\"url\":\"https:\\\/\\\/www.lojamelhordosul.com.br\\\/site\\\/wp-content\\\/uploads\\\/2019\\\/10\\\/logo-longo-da-loja.png\",\"contentUrl\":\"https:\\\/\\\/www.lojamelhordosul.com.br\\\/site\\\/wp-content\\\/uploads\\\/2019\\\/10\\\/logo-longo-da-loja.png\",\"width\":597,\"height\":114,\"caption\":\"Loja Melhor do Sul\"},\"image\":{\"@id\":\"https:\\\/\\\/www.lojamelhordosul.com.br\\\/site\\\/#\\\/schema\\\/logo\\\/image\\\/\"}}]}<\/script>\n<!-- \/ Yoast SEO plugin. -->","yoast_head_json":{"title":"Ramal externo para telefone sem fio TIS 5000 - Loja Melhor do Sul Sistemas de Seguran\u00e7a","robots":{"index":"index","follow":"follow","max-snippet":"max-snippet:-1","max-image-preview":"max-image-preview:large","max-video-preview":"max-video-preview:-1"},"canonical":"https:\/\/www.lojamelhordosul.com.br\/site\/produto\/ramal-externo-para-telefone-sem-fio-tis-5000\/","og_locale":"pt_BR","og_type":"article","og_title":"Ramal externo para telefone sem fio TIS 5000 - Loja Melhor do Sul Sistemas de Seguran\u00e7a","og_description":"&nbsp; O ramal externo sem fio TIS 5000 foi desenvolvido para unir seguran\u00e7a, praticidade e mobilidade. Compat\u00edvel com as linhas de telefone sem fio da fam\u00edlia TS 51, permite a comunica\u00e7\u00e3o entre morador e visitante e abre at\u00e9 dois port\u00f5es atrav\u00e9s do telefone. N\u00e3o h\u00e1 necessidade de passar fios entre o m\u00f3dulo externo (TIS 5000) &hellip; Continuar lendo Ramal externo para telefone sem fio TIS 5000","og_url":"https:\/\/www.lojamelhordosul.com.br\/site\/produto\/ramal-externo-para-telefone-sem-fio-tis-5000\/","og_site_name":"Loja Melhor do Sul Sistemas de Seguran\u00e7a","article_modified_time":"2026-03-17T18:50:34+00:00","og_image":[{"width":446,"height":455,"url":"https:\/\/www.lojamelhordosul.com.br\/site\/wp-content\/uploads\/2024\/02\/Captura-de-tela-2024-02-28-154135.png","type":"image\/png"}],"twitter_card":"summary_large_image","twitter_misc":{"Est. tempo de leitura":"4 minutos"},"schema":{"@context":"https:\/\/schema.org","@graph":[{"@type":"WebPage","@id":"https:\/\/www.lojamelhordosul.com.br\/site\/produto\/ramal-externo-para-telefone-sem-fio-tis-5000\/","url":"https:\/\/www.lojamelhordosul.com.br\/site\/produto\/ramal-externo-para-telefone-sem-fio-tis-5000\/","name":"Ramal externo para telefone sem fio TIS 5000 - Loja Melhor do Sul Sistemas de Seguran\u00e7a","isPartOf":{"@id":"https:\/\/www.lojamelhordosul.com.br\/site\/#website"},"primaryImageOfPage":{"@id":"https:\/\/www.lojamelhordosul.com.br\/site\/produto\/ramal-externo-para-telefone-sem-fio-tis-5000\/#primaryimage"},"image":{"@id":"https:\/\/www.lojamelhordosul.com.br\/site\/produto\/ramal-externo-para-telefone-sem-fio-tis-5000\/#primaryimage"},"thumbnailUrl":"https:\/\/www.lojamelhordosul.com.br\/site\/wp-content\/uploads\/2024\/02\/Captura-de-tela-2024-02-28-154135.png","datePublished":"2024-02-28T18:42:26+00:00","dateModified":"2026-03-17T18:50:34+00:00","breadcrumb":{"@id":"https:\/\/www.lojamelhordosul.com.br\/site\/produto\/ramal-externo-para-telefone-sem-fio-tis-5000\/#breadcrumb"},"inLanguage":"pt-BR","potentialAction":[{"@type":"ReadAction","target":["https:\/\/www.lojamelhordosul.com.br\/site\/produto\/ramal-externo-para-telefone-sem-fio-tis-5000\/"]}]},{"@type":"ImageObject","inLanguage":"pt-BR","@id":"https:\/\/www.lojamelhordosul.com.br\/site\/produto\/ramal-externo-para-telefone-sem-fio-tis-5000\/#primaryimage","url":"https:\/\/www.lojamelhordosul.com.br\/site\/wp-content\/uploads\/2024\/02\/Captura-de-tela-2024-02-28-154135.png","contentUrl":"https:\/\/www.lojamelhordosul.com.br\/site\/wp-content\/uploads\/2024\/02\/Captura-de-tela-2024-02-28-154135.png","width":446,"height":455},{"@type":"BreadcrumbList","@id":"https:\/\/www.lojamelhordosul.com.br\/site\/produto\/ramal-externo-para-telefone-sem-fio-tis-5000\/#breadcrumb","itemListElement":[{"@type":"ListItem","position":1,"name":"In\u00edcio","item":"https:\/\/www.lojamelhordosul.com.br\/site\/"},{"@type":"ListItem","position":2,"name":"Loja","item":"https:\/\/www.lojamelhordosul.com.br\/site\/loja\/"},{"@type":"ListItem","position":3,"name":"Ramal externo para telefone sem fio TIS 5000"}]},{"@type":"WebSite","@id":"https:\/\/www.lojamelhordosul.com.br\/site\/#website","url":"https:\/\/www.lojamelhordosul.com.br\/site\/","name":"Loja Melhor do Sul Sistemas de Seguran\u00e7a","description":"Loja Melhor do Sul - Revenda Ouro Intelbras em Porto Alegre","publisher":{"@id":"https:\/\/www.lojamelhordosul.com.br\/site\/#organization"},"potentialAction":[{"@type":"SearchAction","target":{"@type":"EntryPoint","urlTemplate":"https:\/\/www.lojamelhordosul.com.br\/site\/?s={search_term_string}"},"query-input":{"@type":"PropertyValueSpecification","valueRequired":true,"valueName":"search_term_string"}}],"inLanguage":"pt-BR"},{"@type":"Organization","@id":"https:\/\/www.lojamelhordosul.com.br\/site\/#organization","name":"Loja Melhor do Sul","url":"https:\/\/www.lojamelhordosul.com.br\/site\/","logo":{"@type":"ImageObject","inLanguage":"pt-BR","@id":"https:\/\/www.lojamelhordosul.com.br\/site\/#\/schema\/logo\/image\/","url":"https:\/\/www.lojamelhordosul.com.br\/site\/wp-content\/uploads\/2019\/10\/logo-longo-da-loja.png","contentUrl":"https:\/\/www.lojamelhordosul.com.br\/site\/wp-content\/uploads\/2019\/10\/logo-longo-da-loja.png","width":597,"height":114,"caption":"Loja Melhor do Sul"},"image":{"@id":"https:\/\/www.lojamelhordosul.com.br\/site\/#\/schema\/logo\/image\/"}}]}},"_links":{"self":[{"href":"https:\/\/www.lojamelhordosul.com.br\/site\/wp-json\/wp\/v2\/product\/14643","targetHints":{"allow":["GET"]}}],"collection":[{"href":"https:\/\/www.lojamelhordosul.com.br\/site\/wp-json\/wp\/v2\/product"}],"about":[{"href":"https:\/\/www.lojamelhordosul.com.br\/site\/wp-json\/wp\/v2\/types\/product"}],"replies":[{"embeddable":true,"href":"https:\/\/www.lojamelhordosul.com.br\/site\/wp-json\/wp\/v2\/comments?post=14643"}],"wp:featuredmedia":[{"embeddable":true,"href":"https:\/\/www.lojamelhordosul.com.br\/site\/wp-json\/wp\/v2\/media\/14644"}],"wp:attachment":[{"href":"https:\/\/www.lojamelhordosul.com.br\/site\/wp-json\/wp\/v2\/media?parent=14643"}],"wp:term":[{"taxonomy":"product_brand","embeddable":true,"href":"https:\/\/www.lojamelhordosul.com.br\/site\/wp-json\/wp\/v2\/product_brand?post=14643"},{"taxonomy":"product_cat","embeddable":true,"href":"https:\/\/www.lojamelhordosul.com.br\/site\/wp-json\/wp\/v2\/product_cat?post=14643"},{"taxonomy":"product_tag","embeddable":true,"href":"https:\/\/www.lojamelhordosul.com.br\/site\/wp-json\/wp\/v2\/product_tag?post=14643"}],"curies":[{"name":"wp","href":"https:\/\/api.w.org\/{rel}","templated":true}]}}