{"id":14645,"date":"2024-02-28T15:45:48","date_gmt":"2024-02-28T18:45:48","guid":{"rendered":"https:\/\/www.lojamelhordosul.com.br\/site\/?post_type=product&#038;p=14645"},"modified":"2025-12-16T11:26:28","modified_gmt":"2025-12-16T14:26:28","slug":"modulo-externo-para-expansao-cib-101-me","status":"publish","type":"product","link":"https:\/\/www.lojamelhordosul.com.br\/site\/produto\/modulo-externo-para-expansao-cib-101-me\/","title":{"rendered":"M\u00f3dulo externo para expans\u00e3o CIB 101 ME"},"content":{"rendered":"<p>&nbsp;<\/p>\n<p><span style=\"font-weight: 300 !important;\"><i><em>* Imagem ilustrativa<\/em><\/i><\/span><\/p>\n<h2 style=\"font-weight: 200;\">Bateria de longa dura\u00e7\u00e3o<\/h2>\n<p style=\"font-weight: 300;\">O modelo j\u00e1 vem equipado com uma bateria de alta performance que tem dura\u00e7\u00e3o estimada de at\u00e9 5 anos.<\/p>\n<h2 style=\"font-weight: 200;\">Expans\u00e3o para at\u00e9 10 novos acessos<\/h2>\n<p style=\"font-weight: 300;\">Perfeito para quem tem mais de uma entrada de acesso, pois integra at\u00e9 10 m\u00f3dulos transmissores e in\u00fameros m\u00f3dulos receptores.<\/p>\n<p><span style=\"font-weight: 300 !important;\"><i><em>* Imagem ilustrativa<\/em><\/i><\/span><\/p>\n<h2 style=\"font-weight: 200;\">Instala\u00e7\u00e3o f\u00e1cil e r\u00e1pida<\/h2>\n<p style=\"font-weight: 300;\">Com instala\u00e7\u00e3o Plug &amp; Play, a CIB 101 ME pode ser fixada com dupla face ou at\u00e9 mesmo com o kit de parafusos (que acompanha o produto).<\/p>\n<p><span style=\"font-weight: 300 !important;\"><i><em>* Imagem ilustrativa<\/em><\/i><\/span><\/p>\n<h2 style=\"font-weight: 200;\">Resist\u00eancia clim\u00e1tica<\/h2>\n<p style=\"font-weight: 300;\">Produzida com material de alt\u00edssima qualidade, a CIB 101 \u00e9 totalmente preparada para uso externo, sendo resistente a mudan\u00e7as clim\u00e1ticas.<\/p>\n<p style=\"font-weight: 300;\">\n<p style=\"font-weight: 300;\"><i><em>*Produto beneficiado pela Lei de Inform\u00e1tica.<\/em><\/i><\/p>\n","protected":false},"excerpt":{"rendered":"<p>&nbsp; * Imagem ilustrativa Bateria de longa dura\u00e7\u00e3o O modelo j\u00e1 vem equipado com uma bateria de alta performance que tem dura\u00e7\u00e3o estimada de at\u00e9 5 anos. Expans\u00e3o para at\u00e9 10 novos acessos Perfeito para quem tem mais de uma entrada de acesso, pois integra at\u00e9 10 m\u00f3dulos transmissores e in\u00fameros m\u00f3dulos receptores. * Imagem &hellip; <a href=\"https:\/\/www.lojamelhordosul.com.br\/site\/produto\/modulo-externo-para-expansao-cib-101-me\/\" class=\"more-link\">Continuar lendo <span class=\"screen-reader-text\">M\u00f3dulo externo para expans\u00e3o CIB 101 ME<\/span><\/a><\/p>\n","protected":false},"featured_media":14646,"comment_status":"closed","ping_status":"closed","template":"","meta":[],"product_brand":[],"product_cat":[2773,2767],"product_tag":[],"class_list":{"0":"post-14645","1":"product","2":"type-product","3":"status-publish","4":"has-post-thumbnail","6":"product_cat-interffonia-acessorios","7":"product_cat-interfonia","9":"first","10":"instock","11":"shipping-taxable","12":"purchasable","13":"product-type-simple"},"yoast_head":"<!-- This site is optimized with the Yoast SEO plugin v27.4 - https:\/\/yoast.com\/product\/yoast-seo-wordpress\/ -->\n<title>M\u00f3dulo externo para expans\u00e3o CIB 101 ME - Loja Melhor do Sul Sistemas de Seguran\u00e7a<\/title>\n<meta name=\"robots\" content=\"index, follow, max-snippet:-1, max-image-preview:large, max-video-preview:-1\" \/>\n<link rel=\"canonical\" href=\"https:\/\/www.lojamelhordosul.com.br\/site\/produto\/modulo-externo-para-expansao-cib-101-me\/\" \/>\n<meta property=\"og:locale\" content=\"pt_BR\" \/>\n<meta property=\"og:type\" content=\"article\" \/>\n<meta property=\"og:title\" content=\"M\u00f3dulo externo para expans\u00e3o CIB 101 ME - Loja Melhor do Sul Sistemas de Seguran\u00e7a\" \/>\n<meta property=\"og:description\" content=\"&nbsp; * Imagem ilustrativa Bateria de longa dura\u00e7\u00e3o O modelo j\u00e1 vem equipado com uma bateria de alta performance que tem dura\u00e7\u00e3o estimada de at\u00e9 5 anos. Expans\u00e3o para at\u00e9 10 novos acessos Perfeito para quem tem mais de uma entrada de acesso, pois integra at\u00e9 10 m\u00f3dulos transmissores e in\u00fameros m\u00f3dulos receptores. * Imagem &hellip; Continuar lendo M\u00f3dulo externo para expans\u00e3o CIB 101 ME\" \/>\n<meta property=\"og:url\" content=\"https:\/\/www.lojamelhordosul.com.br\/site\/produto\/modulo-externo-para-expansao-cib-101-me\/\" \/>\n<meta property=\"og:site_name\" content=\"Loja Melhor do Sul Sistemas de Seguran\u00e7a\" \/>\n<meta property=\"article:modified_time\" content=\"2025-12-16T14:26:28+00:00\" \/>\n<meta property=\"og:image\" content=\"https:\/\/www.lojamelhordosul.com.br\/site\/wp-content\/uploads\/2024\/02\/Captura-de-tela-2024-02-28-154515.png\" \/>\n\t<meta property=\"og:image:width\" content=\"536\" \/>\n\t<meta property=\"og:image:height\" content=\"460\" \/>\n\t<meta property=\"og:image:type\" content=\"image\/png\" \/>\n<meta name=\"twitter:card\" content=\"summary_large_image\" \/>\n<meta name=\"twitter:label1\" content=\"Est. tempo de leitura\" \/>\n\t<meta name=\"twitter:data1\" content=\"1 minuto\" \/>\n<script type=\"application\/ld+json\" class=\"yoast-schema-graph\">{\"@context\":\"https:\\\/\\\/schema.org\",\"@graph\":[{\"@type\":\"WebPage\",\"@id\":\"https:\\\/\\\/www.lojamelhordosul.com.br\\\/site\\\/produto\\\/modulo-externo-para-expansao-cib-101-me\\\/\",\"url\":\"https:\\\/\\\/www.lojamelhordosul.com.br\\\/site\\\/produto\\\/modulo-externo-para-expansao-cib-101-me\\\/\",\"name\":\"M\u00f3dulo externo para expans\u00e3o CIB 101 ME - Loja Melhor do Sul Sistemas de Seguran\u00e7a\",\"isPartOf\":{\"@id\":\"https:\\\/\\\/www.lojamelhordosul.com.br\\\/site\\\/#website\"},\"primaryImageOfPage\":{\"@id\":\"https:\\\/\\\/www.lojamelhordosul.com.br\\\/site\\\/produto\\\/modulo-externo-para-expansao-cib-101-me\\\/#primaryimage\"},\"image\":{\"@id\":\"https:\\\/\\\/www.lojamelhordosul.com.br\\\/site\\\/produto\\\/modulo-externo-para-expansao-cib-101-me\\\/#primaryimage\"},\"thumbnailUrl\":\"https:\\\/\\\/www.lojamelhordosul.com.br\\\/site\\\/wp-content\\\/uploads\\\/2024\\\/02\\\/Captura-de-tela-2024-02-28-154515.png\",\"datePublished\":\"2024-02-28T18:45:48+00:00\",\"dateModified\":\"2025-12-16T14:26:28+00:00\",\"breadcrumb\":{\"@id\":\"https:\\\/\\\/www.lojamelhordosul.com.br\\\/site\\\/produto\\\/modulo-externo-para-expansao-cib-101-me\\\/#breadcrumb\"},\"inLanguage\":\"pt-BR\",\"potentialAction\":[{\"@type\":\"ReadAction\",\"target\":[\"https:\\\/\\\/www.lojamelhordosul.com.br\\\/site\\\/produto\\\/modulo-externo-para-expansao-cib-101-me\\\/\"]}]},{\"@type\":\"ImageObject\",\"inLanguage\":\"pt-BR\",\"@id\":\"https:\\\/\\\/www.lojamelhordosul.com.br\\\/site\\\/produto\\\/modulo-externo-para-expansao-cib-101-me\\\/#primaryimage\",\"url\":\"https:\\\/\\\/www.lojamelhordosul.com.br\\\/site\\\/wp-content\\\/uploads\\\/2024\\\/02\\\/Captura-de-tela-2024-02-28-154515.png\",\"contentUrl\":\"https:\\\/\\\/www.lojamelhordosul.com.br\\\/site\\\/wp-content\\\/uploads\\\/2024\\\/02\\\/Captura-de-tela-2024-02-28-154515.png\",\"width\":536,\"height\":460},{\"@type\":\"BreadcrumbList\",\"@id\":\"https:\\\/\\\/www.lojamelhordosul.com.br\\\/site\\\/produto\\\/modulo-externo-para-expansao-cib-101-me\\\/#breadcrumb\",\"itemListElement\":[{\"@type\":\"ListItem\",\"position\":1,\"name\":\"In\u00edcio\",\"item\":\"https:\\\/\\\/www.lojamelhordosul.com.br\\\/site\\\/\"},{\"@type\":\"ListItem\",\"position\":2,\"name\":\"Loja\",\"item\":\"https:\\\/\\\/www.lojamelhordosul.com.br\\\/site\\\/loja\\\/\"},{\"@type\":\"ListItem\",\"position\":3,\"name\":\"M\u00f3dulo externo para expans\u00e3o CIB 101 ME\"}]},{\"@type\":\"WebSite\",\"@id\":\"https:\\\/\\\/www.lojamelhordosul.com.br\\\/site\\\/#website\",\"url\":\"https:\\\/\\\/www.lojamelhordosul.com.br\\\/site\\\/\",\"name\":\"Loja Melhor do Sul Sistemas de Seguran\u00e7a\",\"description\":\"Loja Melhor do Sul - Revenda Ouro Intelbras em Porto Alegre\",\"publisher\":{\"@id\":\"https:\\\/\\\/www.lojamelhordosul.com.br\\\/site\\\/#organization\"},\"potentialAction\":[{\"@type\":\"SearchAction\",\"target\":{\"@type\":\"EntryPoint\",\"urlTemplate\":\"https:\\\/\\\/www.lojamelhordosul.com.br\\\/site\\\/?s={search_term_string}\"},\"query-input\":{\"@type\":\"PropertyValueSpecification\",\"valueRequired\":true,\"valueName\":\"search_term_string\"}}],\"inLanguage\":\"pt-BR\"},{\"@type\":\"Organization\",\"@id\":\"https:\\\/\\\/www.lojamelhordosul.com.br\\\/site\\\/#organization\",\"name\":\"Loja Melhor do Sul\",\"url\":\"https:\\\/\\\/www.lojamelhordosul.com.br\\\/site\\\/\",\"logo\":{\"@type\":\"ImageObject\",\"inLanguage\":\"pt-BR\",\"@id\":\"https:\\\/\\\/www.lojamelhordosul.com.br\\\/site\\\/#\\\/schema\\\/logo\\\/image\\\/\",\"url\":\"https:\\\/\\\/www.lojamelhordosul.com.br\\\/site\\\/wp-content\\\/uploads\\\/2019\\\/10\\\/logo-longo-da-loja.png\",\"contentUrl\":\"https:\\\/\\\/www.lojamelhordosul.com.br\\\/site\\\/wp-content\\\/uploads\\\/2019\\\/10\\\/logo-longo-da-loja.png\",\"width\":597,\"height\":114,\"caption\":\"Loja Melhor do Sul\"},\"image\":{\"@id\":\"https:\\\/\\\/www.lojamelhordosul.com.br\\\/site\\\/#\\\/schema\\\/logo\\\/image\\\/\"}}]}<\/script>\n<!-- \/ Yoast SEO plugin. -->","yoast_head_json":{"title":"M\u00f3dulo externo para expans\u00e3o CIB 101 ME - Loja Melhor do Sul Sistemas de Seguran\u00e7a","robots":{"index":"index","follow":"follow","max-snippet":"max-snippet:-1","max-image-preview":"max-image-preview:large","max-video-preview":"max-video-preview:-1"},"canonical":"https:\/\/www.lojamelhordosul.com.br\/site\/produto\/modulo-externo-para-expansao-cib-101-me\/","og_locale":"pt_BR","og_type":"article","og_title":"M\u00f3dulo externo para expans\u00e3o CIB 101 ME - Loja Melhor do Sul Sistemas de Seguran\u00e7a","og_description":"&nbsp; * Imagem ilustrativa Bateria de longa dura\u00e7\u00e3o O modelo j\u00e1 vem equipado com uma bateria de alta performance que tem dura\u00e7\u00e3o estimada de at\u00e9 5 anos. Expans\u00e3o para at\u00e9 10 novos acessos Perfeito para quem tem mais de uma entrada de acesso, pois integra at\u00e9 10 m\u00f3dulos transmissores e in\u00fameros m\u00f3dulos receptores. * Imagem &hellip; Continuar lendo M\u00f3dulo externo para expans\u00e3o CIB 101 ME","og_url":"https:\/\/www.lojamelhordosul.com.br\/site\/produto\/modulo-externo-para-expansao-cib-101-me\/","og_site_name":"Loja Melhor do Sul Sistemas de Seguran\u00e7a","article_modified_time":"2025-12-16T14:26:28+00:00","og_image":[{"width":536,"height":460,"url":"https:\/\/www.lojamelhordosul.com.br\/site\/wp-content\/uploads\/2024\/02\/Captura-de-tela-2024-02-28-154515.png","type":"image\/png"}],"twitter_card":"summary_large_image","twitter_misc":{"Est. tempo de leitura":"1 minuto"},"schema":{"@context":"https:\/\/schema.org","@graph":[{"@type":"WebPage","@id":"https:\/\/www.lojamelhordosul.com.br\/site\/produto\/modulo-externo-para-expansao-cib-101-me\/","url":"https:\/\/www.lojamelhordosul.com.br\/site\/produto\/modulo-externo-para-expansao-cib-101-me\/","name":"M\u00f3dulo externo para expans\u00e3o CIB 101 ME - Loja Melhor do Sul Sistemas de Seguran\u00e7a","isPartOf":{"@id":"https:\/\/www.lojamelhordosul.com.br\/site\/#website"},"primaryImageOfPage":{"@id":"https:\/\/www.lojamelhordosul.com.br\/site\/produto\/modulo-externo-para-expansao-cib-101-me\/#primaryimage"},"image":{"@id":"https:\/\/www.lojamelhordosul.com.br\/site\/produto\/modulo-externo-para-expansao-cib-101-me\/#primaryimage"},"thumbnailUrl":"https:\/\/www.lojamelhordosul.com.br\/site\/wp-content\/uploads\/2024\/02\/Captura-de-tela-2024-02-28-154515.png","datePublished":"2024-02-28T18:45:48+00:00","dateModified":"2025-12-16T14:26:28+00:00","breadcrumb":{"@id":"https:\/\/www.lojamelhordosul.com.br\/site\/produto\/modulo-externo-para-expansao-cib-101-me\/#breadcrumb"},"inLanguage":"pt-BR","potentialAction":[{"@type":"ReadAction","target":["https:\/\/www.lojamelhordosul.com.br\/site\/produto\/modulo-externo-para-expansao-cib-101-me\/"]}]},{"@type":"ImageObject","inLanguage":"pt-BR","@id":"https:\/\/www.lojamelhordosul.com.br\/site\/produto\/modulo-externo-para-expansao-cib-101-me\/#primaryimage","url":"https:\/\/www.lojamelhordosul.com.br\/site\/wp-content\/uploads\/2024\/02\/Captura-de-tela-2024-02-28-154515.png","contentUrl":"https:\/\/www.lojamelhordosul.com.br\/site\/wp-content\/uploads\/2024\/02\/Captura-de-tela-2024-02-28-154515.png","width":536,"height":460},{"@type":"BreadcrumbList","@id":"https:\/\/www.lojamelhordosul.com.br\/site\/produto\/modulo-externo-para-expansao-cib-101-me\/#breadcrumb","itemListElement":[{"@type":"ListItem","position":1,"name":"In\u00edcio","item":"https:\/\/www.lojamelhordosul.com.br\/site\/"},{"@type":"ListItem","position":2,"name":"Loja","item":"https:\/\/www.lojamelhordosul.com.br\/site\/loja\/"},{"@type":"ListItem","position":3,"name":"M\u00f3dulo externo para expans\u00e3o CIB 101 ME"}]},{"@type":"WebSite","@id":"https:\/\/www.lojamelhordosul.com.br\/site\/#website","url":"https:\/\/www.lojamelhordosul.com.br\/site\/","name":"Loja Melhor do Sul Sistemas de Seguran\u00e7a","description":"Loja Melhor do Sul - Revenda Ouro Intelbras em Porto Alegre","publisher":{"@id":"https:\/\/www.lojamelhordosul.com.br\/site\/#organization"},"potentialAction":[{"@type":"SearchAction","target":{"@type":"EntryPoint","urlTemplate":"https:\/\/www.lojamelhordosul.com.br\/site\/?s={search_term_string}"},"query-input":{"@type":"PropertyValueSpecification","valueRequired":true,"valueName":"search_term_string"}}],"inLanguage":"pt-BR"},{"@type":"Organization","@id":"https:\/\/www.lojamelhordosul.com.br\/site\/#organization","name":"Loja Melhor do Sul","url":"https:\/\/www.lojamelhordosul.com.br\/site\/","logo":{"@type":"ImageObject","inLanguage":"pt-BR","@id":"https:\/\/www.lojamelhordosul.com.br\/site\/#\/schema\/logo\/image\/","url":"https:\/\/www.lojamelhordosul.com.br\/site\/wp-content\/uploads\/2019\/10\/logo-longo-da-loja.png","contentUrl":"https:\/\/www.lojamelhordosul.com.br\/site\/wp-content\/uploads\/2019\/10\/logo-longo-da-loja.png","width":597,"height":114,"caption":"Loja Melhor do Sul"},"image":{"@id":"https:\/\/www.lojamelhordosul.com.br\/site\/#\/schema\/logo\/image\/"}}]}},"_links":{"self":[{"href":"https:\/\/www.lojamelhordosul.com.br\/site\/wp-json\/wp\/v2\/product\/14645","targetHints":{"allow":["GET"]}}],"collection":[{"href":"https:\/\/www.lojamelhordosul.com.br\/site\/wp-json\/wp\/v2\/product"}],"about":[{"href":"https:\/\/www.lojamelhordosul.com.br\/site\/wp-json\/wp\/v2\/types\/product"}],"replies":[{"embeddable":true,"href":"https:\/\/www.lojamelhordosul.com.br\/site\/wp-json\/wp\/v2\/comments?post=14645"}],"wp:featuredmedia":[{"embeddable":true,"href":"https:\/\/www.lojamelhordosul.com.br\/site\/wp-json\/wp\/v2\/media\/14646"}],"wp:attachment":[{"href":"https:\/\/www.lojamelhordosul.com.br\/site\/wp-json\/wp\/v2\/media?parent=14645"}],"wp:term":[{"taxonomy":"product_brand","embeddable":true,"href":"https:\/\/www.lojamelhordosul.com.br\/site\/wp-json\/wp\/v2\/product_brand?post=14645"},{"taxonomy":"product_cat","embeddable":true,"href":"https:\/\/www.lojamelhordosul.com.br\/site\/wp-json\/wp\/v2\/product_cat?post=14645"},{"taxonomy":"product_tag","embeddable":true,"href":"https:\/\/www.lojamelhordosul.com.br\/site\/wp-json\/wp\/v2\/product_tag?post=14645"}],"curies":[{"name":"wp","href":"https:\/\/api.w.org\/{rel}","templated":true}]}}