{"id":14705,"date":"2024-05-09T15:25:33","date_gmt":"2024-05-09T18:25:33","guid":{"rendered":"https:\/\/www.lojamelhordosul.com.br\/site\/?post_type=product&#038;p=14705"},"modified":"2026-03-17T15:52:30","modified_gmt":"2026-03-17T18:52:30","slug":"fechadura-solenoide-de-embutir-fs1010","status":"publish","type":"product","link":"https:\/\/www.lojamelhordosul.com.br\/site\/produto\/fechadura-solenoide-de-embutir-fs1010\/","title":{"rendered":"Fechadura solenoide de embutir FS1010"},"content":{"rendered":"<table cellspacing=\"0\" cellpadding=\"0\">\n<tbody>\n<tr>\n<td class=\"cke-align-top\"><img decoding=\"async\" class=\"media-element file-default\" title=\"FS 1010\" src=\"https:\/\/suporte-tecnico.intelbras.com.br\/sites\/default\/files\/flyer_digital_fs_1010_02.png\" alt=\"FS 1010\" \/><\/td>\n<td class=\"cke-align-top\">N\u00e3o importa qual o ambiente, a FS 1010 est\u00e1 preparada para proteger qualquer patrim\u00f4nio. Com\u00a0<span class=\"cke-bold\">acabamento em a\u00e7o de alta resist\u00eancia e design supercompacto<\/span>, a nova fechadura solenoide \u00e9 ideal\u00a0<span class=\"cke-bold\">para quem deseja investir em seguran\u00e7a sem abrir m\u00e3o do bom gosto.<\/span><\/td>\n<\/tr>\n<\/tbody>\n<\/table>\n<hr \/>\n<table cellspacing=\"0\" cellpadding=\"0\">\n<tbody>\n<tr>\n<td class=\"cke-align-top\">\n<h2><\/h2>\n<h2>2 em 1: Fail safe e Fail secure<\/h2>\n<p>Voc\u00ea escolhe o modo de utiliza\u00e7\u00e3o. A FS 1010 funciona tanto no modo\u00a0<em>Fail safe<\/em>, que abre a fechadura na falta de energia, como no modo\u00a0<em>Fail secure<\/em>, que mant\u00e9m a fechadura travada na falta de energia.<\/td>\n<td class=\"cke-align-top\"><img decoding=\"async\" class=\"media-element file-default\" title=\"FS 2010\" src=\"https:\/\/suporte-tecnico.intelbras.com.br\/sites\/default\/files\/flyer_digital_fs_1010_05.png\" alt=\"FS 2010\" \/><\/td>\n<\/tr>\n<\/tbody>\n<\/table>\n<hr \/>\n<table cellspacing=\"0\" cellpadding=\"0\">\n<tbody>\n<tr>\n<td class=\"cke-align-top\"><img decoding=\"async\" class=\"media-element file-default\" title=\"FS 1010\" src=\"https:\/\/suporte-tecnico.intelbras.com.br\/sites\/default\/files\/flyer_digital_fs_1010_07.png\" alt=\"FS 1010\" \/><\/td>\n<td class=\"cke-align-top\">\n<h2>Seguran\u00e7a a toda prova<\/h2>\n<p>A FS 1010 possui resist\u00eancia de 1.200 kgf, compatibilidade com controladores de acesso, estrutura em alum\u00ednio e acabamento em a\u00e7o inox,\u00a0<span class=\"cke-bold\">garantindo total resist\u00eancia a corros\u00e3o<\/span>. Al\u00e9m disso, ela conta tamb\u00e9m com sensor de fechamento autom\u00e1tico configur\u00e1vel (0, 3, 6, 9 segundos) e modo adicional de abertura\/travamento por chave.*<\/p>\n<p><span class=\"cke-font-size-small\">* Acompanha o produto (3 unidades)<\/span><\/td>\n<\/tr>\n<\/tbody>\n<\/table>\n<hr \/>\n<table cellspacing=\"0\" cellpadding=\"0\">\n<tbody>\n<tr>\n<td class=\"cke-align-top\">\n<h2><\/h2>\n<h2>Instala\u00e7\u00e3o sem complica\u00e7\u00e3o<\/h2>\n<p>A fechadura solenoide FS 1010\u00a0<span class=\"cke-bold\">pode ser instalada na vertical ou na horizontal<\/span>, em portas de madeira com espessuras de 35 a 50 mm e abertura para os dois lados.<\/td>\n<td class=\"cke-align-top\"><img decoding=\"async\" class=\"media-element file-default\" title=\"FS 1010\" src=\"https:\/\/suporte-tecnico.intelbras.com.br\/sites\/default\/files\/flyer_digital_fs_1010_11.png\" alt=\"FS 1010\" \/><\/td>\n<\/tr>\n<\/tbody>\n<\/table>\n<hr \/>\n<table cellspacing=\"0\" cellpadding=\"0\">\n<tbody>\n<tr>\n<td class=\"cke-align-top\"><img decoding=\"async\" class=\"media-element file-default\" title=\"FS 1010\" src=\"https:\/\/suporte-tecnico.intelbras.com.br\/sites\/default\/files\/flyer_digital_fs_1010_15.png\" alt=\"FS 1010\" \/><\/td>\n<td class=\"cke-align-top\">\n<h2><\/h2>\n<h2>Solu\u00e7\u00e3o de controle de acesso<\/h2>\n<p>Para uma solu\u00e7\u00e3o completa, utilize sua fechadura solenoide FS 1010<span class=\"cke-bold\">\u00a0integrada com controladores de acesso<\/span>, interfones e videoporteiros.<\/td>\n<\/tr>\n<\/tbody>\n<\/table>\n","protected":false},"excerpt":{"rendered":"<p>N\u00e3o importa qual o ambiente, a FS 1010 est\u00e1 preparada para proteger qualquer patrim\u00f4nio. Com\u00a0acabamento em a\u00e7o de alta resist\u00eancia e design supercompacto, a nova fechadura solenoide \u00e9 ideal\u00a0para quem deseja investir em seguran\u00e7a sem abrir m\u00e3o do bom gosto. 2 em 1: Fail safe e Fail secure Voc\u00ea escolhe o modo de utiliza\u00e7\u00e3o. A &hellip; <a href=\"https:\/\/www.lojamelhordosul.com.br\/site\/produto\/fechadura-solenoide-de-embutir-fs1010\/\" class=\"more-link\">Continuar lendo <span class=\"screen-reader-text\">Fechadura solenoide de embutir FS1010<\/span><\/a><\/p>\n","protected":false},"featured_media":14706,"comment_status":"closed","ping_status":"closed","template":"","meta":[],"product_brand":[],"product_cat":[2758,2756,2762,2760],"product_tag":[],"class_list":{"0":"post-14705","1":"product","2":"type-product","3":"status-publish","4":"has-post-thumbnail","6":"product_cat-controladores-de-acessso","7":"product_cat-controle-acesso","8":"product_cat-fechadura-eletrica","9":"product_cat-controle-acesso-fechaduras","11":"first","12":"instock","13":"shipping-taxable","14":"purchasable","15":"product-type-simple"},"yoast_head":"<!-- This site is optimized with the Yoast SEO plugin v27.4 - https:\/\/yoast.com\/product\/yoast-seo-wordpress\/ -->\n<title>Fechadura solenoide de embutir FS1010 - Loja Melhor do Sul Sistemas de Seguran\u00e7a<\/title>\n<meta name=\"robots\" content=\"index, follow, max-snippet:-1, max-image-preview:large, max-video-preview:-1\" \/>\n<link rel=\"canonical\" href=\"https:\/\/www.lojamelhordosul.com.br\/site\/produto\/fechadura-solenoide-de-embutir-fs1010\/\" \/>\n<meta property=\"og:locale\" content=\"pt_BR\" \/>\n<meta property=\"og:type\" content=\"article\" \/>\n<meta property=\"og:title\" content=\"Fechadura solenoide de embutir FS1010 - Loja Melhor do Sul Sistemas de Seguran\u00e7a\" \/>\n<meta property=\"og:description\" content=\"N\u00e3o importa qual o ambiente, a FS 1010 est\u00e1 preparada para proteger qualquer patrim\u00f4nio. Com\u00a0acabamento em a\u00e7o de alta resist\u00eancia e design supercompacto, a nova fechadura solenoide \u00e9 ideal\u00a0para quem deseja investir em seguran\u00e7a sem abrir m\u00e3o do bom gosto. 2 em 1: Fail safe e Fail secure Voc\u00ea escolhe o modo de utiliza\u00e7\u00e3o. A &hellip; Continuar lendo Fechadura solenoide de embutir FS1010\" \/>\n<meta property=\"og:url\" content=\"https:\/\/www.lojamelhordosul.com.br\/site\/produto\/fechadura-solenoide-de-embutir-fs1010\/\" \/>\n<meta property=\"og:site_name\" content=\"Loja Melhor do Sul Sistemas de Seguran\u00e7a\" \/>\n<meta property=\"article:modified_time\" content=\"2026-03-17T18:52:30+00:00\" \/>\n<meta property=\"og:image\" content=\"https:\/\/www.lojamelhordosul.com.br\/site\/wp-content\/uploads\/2024\/05\/Captura-de-tela-2024-05-09-152456.png\" \/>\n\t<meta property=\"og:image:width\" content=\"319\" \/>\n\t<meta property=\"og:image:height\" content=\"433\" \/>\n\t<meta property=\"og:image:type\" content=\"image\/png\" \/>\n<meta name=\"twitter:card\" content=\"summary_large_image\" \/>\n<meta name=\"twitter:label1\" content=\"Est. tempo de leitura\" \/>\n\t<meta name=\"twitter:data1\" content=\"3 minutos\" \/>\n<script type=\"application\/ld+json\" class=\"yoast-schema-graph\">{\"@context\":\"https:\\\/\\\/schema.org\",\"@graph\":[{\"@type\":\"WebPage\",\"@id\":\"https:\\\/\\\/www.lojamelhordosul.com.br\\\/site\\\/produto\\\/fechadura-solenoide-de-embutir-fs1010\\\/\",\"url\":\"https:\\\/\\\/www.lojamelhordosul.com.br\\\/site\\\/produto\\\/fechadura-solenoide-de-embutir-fs1010\\\/\",\"name\":\"Fechadura solenoide de embutir FS1010 - Loja Melhor do Sul Sistemas de Seguran\u00e7a\",\"isPartOf\":{\"@id\":\"https:\\\/\\\/www.lojamelhordosul.com.br\\\/site\\\/#website\"},\"primaryImageOfPage\":{\"@id\":\"https:\\\/\\\/www.lojamelhordosul.com.br\\\/site\\\/produto\\\/fechadura-solenoide-de-embutir-fs1010\\\/#primaryimage\"},\"image\":{\"@id\":\"https:\\\/\\\/www.lojamelhordosul.com.br\\\/site\\\/produto\\\/fechadura-solenoide-de-embutir-fs1010\\\/#primaryimage\"},\"thumbnailUrl\":\"https:\\\/\\\/www.lojamelhordosul.com.br\\\/site\\\/wp-content\\\/uploads\\\/2024\\\/05\\\/Captura-de-tela-2024-05-09-152456.png\",\"datePublished\":\"2024-05-09T18:25:33+00:00\",\"dateModified\":\"2026-03-17T18:52:30+00:00\",\"breadcrumb\":{\"@id\":\"https:\\\/\\\/www.lojamelhordosul.com.br\\\/site\\\/produto\\\/fechadura-solenoide-de-embutir-fs1010\\\/#breadcrumb\"},\"inLanguage\":\"pt-BR\",\"potentialAction\":[{\"@type\":\"ReadAction\",\"target\":[\"https:\\\/\\\/www.lojamelhordosul.com.br\\\/site\\\/produto\\\/fechadura-solenoide-de-embutir-fs1010\\\/\"]}]},{\"@type\":\"ImageObject\",\"inLanguage\":\"pt-BR\",\"@id\":\"https:\\\/\\\/www.lojamelhordosul.com.br\\\/site\\\/produto\\\/fechadura-solenoide-de-embutir-fs1010\\\/#primaryimage\",\"url\":\"https:\\\/\\\/www.lojamelhordosul.com.br\\\/site\\\/wp-content\\\/uploads\\\/2024\\\/05\\\/Captura-de-tela-2024-05-09-152456.png\",\"contentUrl\":\"https:\\\/\\\/www.lojamelhordosul.com.br\\\/site\\\/wp-content\\\/uploads\\\/2024\\\/05\\\/Captura-de-tela-2024-05-09-152456.png\",\"width\":319,\"height\":433},{\"@type\":\"BreadcrumbList\",\"@id\":\"https:\\\/\\\/www.lojamelhordosul.com.br\\\/site\\\/produto\\\/fechadura-solenoide-de-embutir-fs1010\\\/#breadcrumb\",\"itemListElement\":[{\"@type\":\"ListItem\",\"position\":1,\"name\":\"In\u00edcio\",\"item\":\"https:\\\/\\\/www.lojamelhordosul.com.br\\\/site\\\/\"},{\"@type\":\"ListItem\",\"position\":2,\"name\":\"Loja\",\"item\":\"https:\\\/\\\/www.lojamelhordosul.com.br\\\/site\\\/loja\\\/\"},{\"@type\":\"ListItem\",\"position\":3,\"name\":\"Fechadura solenoide de embutir FS1010\"}]},{\"@type\":\"WebSite\",\"@id\":\"https:\\\/\\\/www.lojamelhordosul.com.br\\\/site\\\/#website\",\"url\":\"https:\\\/\\\/www.lojamelhordosul.com.br\\\/site\\\/\",\"name\":\"Loja Melhor do Sul Sistemas de Seguran\u00e7a\",\"description\":\"Loja Melhor do Sul - Revenda Ouro Intelbras em Porto Alegre\",\"publisher\":{\"@id\":\"https:\\\/\\\/www.lojamelhordosul.com.br\\\/site\\\/#organization\"},\"potentialAction\":[{\"@type\":\"SearchAction\",\"target\":{\"@type\":\"EntryPoint\",\"urlTemplate\":\"https:\\\/\\\/www.lojamelhordosul.com.br\\\/site\\\/?s={search_term_string}\"},\"query-input\":{\"@type\":\"PropertyValueSpecification\",\"valueRequired\":true,\"valueName\":\"search_term_string\"}}],\"inLanguage\":\"pt-BR\"},{\"@type\":\"Organization\",\"@id\":\"https:\\\/\\\/www.lojamelhordosul.com.br\\\/site\\\/#organization\",\"name\":\"Loja Melhor do Sul\",\"url\":\"https:\\\/\\\/www.lojamelhordosul.com.br\\\/site\\\/\",\"logo\":{\"@type\":\"ImageObject\",\"inLanguage\":\"pt-BR\",\"@id\":\"https:\\\/\\\/www.lojamelhordosul.com.br\\\/site\\\/#\\\/schema\\\/logo\\\/image\\\/\",\"url\":\"https:\\\/\\\/www.lojamelhordosul.com.br\\\/site\\\/wp-content\\\/uploads\\\/2019\\\/10\\\/logo-longo-da-loja.png\",\"contentUrl\":\"https:\\\/\\\/www.lojamelhordosul.com.br\\\/site\\\/wp-content\\\/uploads\\\/2019\\\/10\\\/logo-longo-da-loja.png\",\"width\":597,\"height\":114,\"caption\":\"Loja Melhor do Sul\"},\"image\":{\"@id\":\"https:\\\/\\\/www.lojamelhordosul.com.br\\\/site\\\/#\\\/schema\\\/logo\\\/image\\\/\"}}]}<\/script>\n<!-- \/ Yoast SEO plugin. -->","yoast_head_json":{"title":"Fechadura solenoide de embutir FS1010 - Loja Melhor do Sul Sistemas de Seguran\u00e7a","robots":{"index":"index","follow":"follow","max-snippet":"max-snippet:-1","max-image-preview":"max-image-preview:large","max-video-preview":"max-video-preview:-1"},"canonical":"https:\/\/www.lojamelhordosul.com.br\/site\/produto\/fechadura-solenoide-de-embutir-fs1010\/","og_locale":"pt_BR","og_type":"article","og_title":"Fechadura solenoide de embutir FS1010 - Loja Melhor do Sul Sistemas de Seguran\u00e7a","og_description":"N\u00e3o importa qual o ambiente, a FS 1010 est\u00e1 preparada para proteger qualquer patrim\u00f4nio. Com\u00a0acabamento em a\u00e7o de alta resist\u00eancia e design supercompacto, a nova fechadura solenoide \u00e9 ideal\u00a0para quem deseja investir em seguran\u00e7a sem abrir m\u00e3o do bom gosto. 2 em 1: Fail safe e Fail secure Voc\u00ea escolhe o modo de utiliza\u00e7\u00e3o. A &hellip; Continuar lendo Fechadura solenoide de embutir FS1010","og_url":"https:\/\/www.lojamelhordosul.com.br\/site\/produto\/fechadura-solenoide-de-embutir-fs1010\/","og_site_name":"Loja Melhor do Sul Sistemas de Seguran\u00e7a","article_modified_time":"2026-03-17T18:52:30+00:00","og_image":[{"width":319,"height":433,"url":"https:\/\/www.lojamelhordosul.com.br\/site\/wp-content\/uploads\/2024\/05\/Captura-de-tela-2024-05-09-152456.png","type":"image\/png"}],"twitter_card":"summary_large_image","twitter_misc":{"Est. tempo de leitura":"3 minutos"},"schema":{"@context":"https:\/\/schema.org","@graph":[{"@type":"WebPage","@id":"https:\/\/www.lojamelhordosul.com.br\/site\/produto\/fechadura-solenoide-de-embutir-fs1010\/","url":"https:\/\/www.lojamelhordosul.com.br\/site\/produto\/fechadura-solenoide-de-embutir-fs1010\/","name":"Fechadura solenoide de embutir FS1010 - Loja Melhor do Sul Sistemas de Seguran\u00e7a","isPartOf":{"@id":"https:\/\/www.lojamelhordosul.com.br\/site\/#website"},"primaryImageOfPage":{"@id":"https:\/\/www.lojamelhordosul.com.br\/site\/produto\/fechadura-solenoide-de-embutir-fs1010\/#primaryimage"},"image":{"@id":"https:\/\/www.lojamelhordosul.com.br\/site\/produto\/fechadura-solenoide-de-embutir-fs1010\/#primaryimage"},"thumbnailUrl":"https:\/\/www.lojamelhordosul.com.br\/site\/wp-content\/uploads\/2024\/05\/Captura-de-tela-2024-05-09-152456.png","datePublished":"2024-05-09T18:25:33+00:00","dateModified":"2026-03-17T18:52:30+00:00","breadcrumb":{"@id":"https:\/\/www.lojamelhordosul.com.br\/site\/produto\/fechadura-solenoide-de-embutir-fs1010\/#breadcrumb"},"inLanguage":"pt-BR","potentialAction":[{"@type":"ReadAction","target":["https:\/\/www.lojamelhordosul.com.br\/site\/produto\/fechadura-solenoide-de-embutir-fs1010\/"]}]},{"@type":"ImageObject","inLanguage":"pt-BR","@id":"https:\/\/www.lojamelhordosul.com.br\/site\/produto\/fechadura-solenoide-de-embutir-fs1010\/#primaryimage","url":"https:\/\/www.lojamelhordosul.com.br\/site\/wp-content\/uploads\/2024\/05\/Captura-de-tela-2024-05-09-152456.png","contentUrl":"https:\/\/www.lojamelhordosul.com.br\/site\/wp-content\/uploads\/2024\/05\/Captura-de-tela-2024-05-09-152456.png","width":319,"height":433},{"@type":"BreadcrumbList","@id":"https:\/\/www.lojamelhordosul.com.br\/site\/produto\/fechadura-solenoide-de-embutir-fs1010\/#breadcrumb","itemListElement":[{"@type":"ListItem","position":1,"name":"In\u00edcio","item":"https:\/\/www.lojamelhordosul.com.br\/site\/"},{"@type":"ListItem","position":2,"name":"Loja","item":"https:\/\/www.lojamelhordosul.com.br\/site\/loja\/"},{"@type":"ListItem","position":3,"name":"Fechadura solenoide de embutir FS1010"}]},{"@type":"WebSite","@id":"https:\/\/www.lojamelhordosul.com.br\/site\/#website","url":"https:\/\/www.lojamelhordosul.com.br\/site\/","name":"Loja Melhor do Sul Sistemas de Seguran\u00e7a","description":"Loja Melhor do Sul - Revenda Ouro Intelbras em Porto Alegre","publisher":{"@id":"https:\/\/www.lojamelhordosul.com.br\/site\/#organization"},"potentialAction":[{"@type":"SearchAction","target":{"@type":"EntryPoint","urlTemplate":"https:\/\/www.lojamelhordosul.com.br\/site\/?s={search_term_string}"},"query-input":{"@type":"PropertyValueSpecification","valueRequired":true,"valueName":"search_term_string"}}],"inLanguage":"pt-BR"},{"@type":"Organization","@id":"https:\/\/www.lojamelhordosul.com.br\/site\/#organization","name":"Loja Melhor do Sul","url":"https:\/\/www.lojamelhordosul.com.br\/site\/","logo":{"@type":"ImageObject","inLanguage":"pt-BR","@id":"https:\/\/www.lojamelhordosul.com.br\/site\/#\/schema\/logo\/image\/","url":"https:\/\/www.lojamelhordosul.com.br\/site\/wp-content\/uploads\/2019\/10\/logo-longo-da-loja.png","contentUrl":"https:\/\/www.lojamelhordosul.com.br\/site\/wp-content\/uploads\/2019\/10\/logo-longo-da-loja.png","width":597,"height":114,"caption":"Loja Melhor do Sul"},"image":{"@id":"https:\/\/www.lojamelhordosul.com.br\/site\/#\/schema\/logo\/image\/"}}]}},"_links":{"self":[{"href":"https:\/\/www.lojamelhordosul.com.br\/site\/wp-json\/wp\/v2\/product\/14705","targetHints":{"allow":["GET"]}}],"collection":[{"href":"https:\/\/www.lojamelhordosul.com.br\/site\/wp-json\/wp\/v2\/product"}],"about":[{"href":"https:\/\/www.lojamelhordosul.com.br\/site\/wp-json\/wp\/v2\/types\/product"}],"replies":[{"embeddable":true,"href":"https:\/\/www.lojamelhordosul.com.br\/site\/wp-json\/wp\/v2\/comments?post=14705"}],"wp:featuredmedia":[{"embeddable":true,"href":"https:\/\/www.lojamelhordosul.com.br\/site\/wp-json\/wp\/v2\/media\/14706"}],"wp:attachment":[{"href":"https:\/\/www.lojamelhordosul.com.br\/site\/wp-json\/wp\/v2\/media?parent=14705"}],"wp:term":[{"taxonomy":"product_brand","embeddable":true,"href":"https:\/\/www.lojamelhordosul.com.br\/site\/wp-json\/wp\/v2\/product_brand?post=14705"},{"taxonomy":"product_cat","embeddable":true,"href":"https:\/\/www.lojamelhordosul.com.br\/site\/wp-json\/wp\/v2\/product_cat?post=14705"},{"taxonomy":"product_tag","embeddable":true,"href":"https:\/\/www.lojamelhordosul.com.br\/site\/wp-json\/wp\/v2\/product_tag?post=14705"}],"curies":[{"name":"wp","href":"https:\/\/api.w.org\/{rel}","templated":true}]}}