{"id":14717,"date":"2024-05-24T16:47:42","date_gmt":"2024-05-24T19:47:42","guid":{"rendered":"https:\/\/www.lojamelhordosul.com.br\/site\/?post_type=product&#038;p=14717"},"modified":"2026-03-18T15:23:26","modified_gmt":"2026-03-18T18:23:26","slug":"porteiro-residencial-com-acesso-via-tag-rfid-ipr-1010-id","status":"publish","type":"product","link":"https:\/\/www.lojamelhordosul.com.br\/site\/produto\/porteiro-residencial-com-acesso-via-tag-rfid-ipr-1010-id\/","title":{"rendered":"Porteiro residencial com acesso via tag RFID IPR 1010 ID"},"content":{"rendered":"<div>\n<div class=\"z-index-4 internal-fixed-navigation\">\n<div class=\"grid-container  \">\n<div class=\"navigation-sticky\">\n<div class=\"grid-x align-middle\"><\/div>\n<\/div>\n<\/div>\n<\/div>\n<\/div>\n<div>\n<div class=\"grid-container  \">\n<div class=\"mt2 mb2  \">\n<div class=\"grid-container  \">\n<div class=\"block-mini-banner is-product-page\" data-ga-name=\"section-mini-banner\">\n<div class=\"grid-x grid-container align-middle\">\n<div class=\"cell media-cell medium-6 medium-order-2 large-offset-1\">\n<div class=\"block-mini-banner__media\">\n<figure class=\"text-center  object-fit--contain\"><img decoding=\"async\" src=\"https:\/\/backend.intelbras.com\/sites\/default\/files\/styles\/large\/public\/2023-07\/Acesso-via-TAG.png\" alt=\"Acesso-via-TAG\" \/><\/figure>\n<\/div>\n<\/div>\n<div class=\"cell medium-auto medium-order-1\">\n<div class=\"block-mini-banner__content\">\n<div class=\"mt2 mb2 \">\n<h2 class=\"weight--small-300 weight--large-200 block-mini-banner__title h3\">Acesso via TAG<\/h2>\n<\/div>\n<div class=\"text text--300\">\n<div class=\"block-template overflow-hidden\">\n<p>A TAG de acesso permite a praticidade de uma vida sem chaves. Com uma \u00fanica tag \u00e9 poss\u00edvel abrir o port\u00e3o, fechadura digital e controlador de acesso.<\/p>\n<\/div>\n<\/div>\n<\/div>\n<\/div>\n<\/div>\n<\/div>\n<\/div>\n<\/div>\n<div class=\"mt2 mb2  \">\n<div class=\"grid-container  \">\n<div class=\"block-mini-banner is-product-page\" data-ga-name=\"section-mini-banner\">\n<div class=\"grid-x grid-container align-middle\">\n<div class=\"cell media-cell medium-6\">\n<div class=\"block-mini-banner__media\">\n<figure class=\"text-center  object-fit--contain\"><img decoding=\"async\" src=\"https:\/\/backend.intelbras.com\/sites\/default\/files\/styles\/large\/public\/2023-07\/Mais-seguran%C3%A7a-e-conforto-no-dia-a-dia.png\" alt=\"Mais-seguran\u00e7a-e-conforto-no-dia-a-dia\" \/><\/figure>\n<\/div>\n<\/div>\n<div class=\"cell medium-auto\">\n<div class=\"block-mini-banner__content\">\n<div class=\"mt2 mb2 \">\n<h2 class=\"weight--small-300 weight--large-200 block-mini-banner__title h3\">Mais seguran\u00e7a e conforto no dia a dia<\/h2>\n<\/div>\n<div class=\"text text--300\">\n<div class=\"block-template overflow-hidden\">\n<p>Interaja com visitantes, abra e feche o port\u00e3o de dentro da sua casa, sem exposi\u00e7\u00e3o a chuva ou pessoas indesejadas.<\/p>\n<\/div>\n<\/div>\n<\/div>\n<\/div>\n<\/div>\n<\/div>\n<\/div>\n<\/div>\n<div class=\"mt2 mb2  \">\n<div class=\"grid-container  \">\n<div class=\"block-mini-banner is-product-page\" data-ga-name=\"section-mini-banner\">\n<div class=\"grid-x grid-container align-middle\">\n<div class=\"cell media-cell medium-6 medium-order-2 large-offset-1\">\n<div class=\"block-mini-banner__media\">\n<figure class=\"text-center  object-fit--contain\"><img decoding=\"async\" src=\"https:\/\/backend.intelbras.com\/sites\/default\/files\/styles\/large\/public\/2023-07\/F%C3%A1cil-instala%C3%A7%C3%A3o.png\" alt=\"F\u00e1cil-instala\u00e7\u00e3o\" \/><\/figure>\n<\/div>\n<\/div>\n<div class=\"cell medium-auto medium-order-1\">\n<div class=\"block-mini-banner__content\">\n<div class=\"mt2 mb2 \">\n<h2 class=\"weight--small-300 weight--large-200 block-mini-banner__title h3\">F\u00e1cil instala\u00e7\u00e3o<\/h2>\n<\/div>\n<div class=\"text text--300\">\n<div class=\"block-template overflow-hidden\">\n<p>O IPR 1010 ID possui alimenta\u00e7\u00e3o por m\u00f3dulo interno, ideal para locais sem entrada de energia na \u00e1rea externa. Instala\u00e7\u00e3o sem complica\u00e7\u00e3o.<\/p>\n<\/div>\n<\/div>\n<\/div>\n<\/div>\n<\/div>\n<\/div>\n<\/div>\n<\/div>\n<div class=\"mt2 mb2  \">\n<div class=\"grid-container  \">\n<div class=\"block-mini-banner is-product-page\" data-ga-name=\"section-mini-banner\">\n<div class=\"grid-x grid-container align-middle\">\n<div class=\"cell media-cell medium-6\">\n<div class=\"block-mini-banner__media\">\n<figure class=\"text-center  object-fit--contain\"><img decoding=\"async\" src=\"https:\/\/backend.intelbras.com\/sites\/default\/files\/styles\/large\/public\/2023-07\/Instala%C3%A7%C3%A3o-r%C3%A1pida-e-pr%C3%A1tica-com-port%C3%A3o-de-garagem.png\" alt=\"Instala\u00e7\u00e3o-r\u00e1pida-e-pr\u00e1tica-com-port\u00e3o-de-garagem\" \/><\/figure>\n<\/div>\n<\/div>\n<div class=\"cell medium-auto\">\n<div class=\"block-mini-banner__content\">\n<div class=\"mt2 mb2 \">\n<h2 class=\"weight--small-300 weight--large-200 block-mini-banner__title h3\">Instala\u00e7\u00e3o r\u00e1pida e pr\u00e1tica com port\u00e3o de garagem<\/h2>\n<\/div>\n<div class=\"text text--300\">\n<div class=\"block-template overflow-hidden\">\n<p>Conecte o IPR 1010 ID ao motor do port\u00e3o de garagem sem necessidade de conex\u00e3o com fios. Consulte compatibilidade no manual do produto.<\/p>\n<\/div>\n<\/div>\n<\/div>\n<\/div>\n<\/div>\n<\/div>\n<\/div>\n<\/div>\n<\/div>\n<\/div>\n","protected":false},"excerpt":{"rendered":"<p>Acesso via TAG A TAG de acesso permite a praticidade de uma vida sem chaves. Com uma \u00fanica tag \u00e9 poss\u00edvel abrir o port\u00e3o, fechadura digital e controlador de acesso. Mais seguran\u00e7a e conforto no dia a dia Interaja com visitantes, abra e feche o port\u00e3o de dentro da sua casa, sem exposi\u00e7\u00e3o a chuva &hellip; <a href=\"https:\/\/www.lojamelhordosul.com.br\/site\/produto\/porteiro-residencial-com-acesso-via-tag-rfid-ipr-1010-id\/\" class=\"more-link\">Continuar lendo <span class=\"screen-reader-text\">Porteiro residencial com acesso via tag RFID IPR 1010 ID<\/span><\/a><\/p>\n","protected":false},"featured_media":14718,"comment_status":"closed","ping_status":"closed","template":"","meta":[],"product_brand":[],"product_cat":[2758,2756,2767,2769],"product_tag":[],"class_list":{"0":"post-14717","1":"product","2":"type-product","3":"status-publish","4":"has-post-thumbnail","6":"product_cat-controladores-de-acessso","7":"product_cat-controle-acesso","8":"product_cat-interfonia","9":"product_cat-porteiros-eletronicos","11":"first","12":"instock","13":"shipping-taxable","14":"purchasable","15":"product-type-simple"},"yoast_head":"<!-- This site is optimized with the Yoast SEO plugin v27.4 - https:\/\/yoast.com\/product\/yoast-seo-wordpress\/ -->\n<title>Porteiro residencial com acesso via tag RFID IPR 1010 ID - Loja Melhor do Sul Sistemas de Seguran\u00e7a<\/title>\n<meta name=\"robots\" content=\"index, follow, max-snippet:-1, max-image-preview:large, max-video-preview:-1\" \/>\n<link rel=\"canonical\" href=\"https:\/\/www.lojamelhordosul.com.br\/site\/produto\/porteiro-residencial-com-acesso-via-tag-rfid-ipr-1010-id\/\" \/>\n<meta property=\"og:locale\" content=\"pt_BR\" \/>\n<meta property=\"og:type\" content=\"article\" \/>\n<meta property=\"og:title\" content=\"Porteiro residencial com acesso via tag RFID IPR 1010 ID - Loja Melhor do Sul Sistemas de Seguran\u00e7a\" \/>\n<meta property=\"og:description\" content=\"Acesso via TAG A TAG de acesso permite a praticidade de uma vida sem chaves. Com uma \u00fanica tag \u00e9 poss\u00edvel abrir o port\u00e3o, fechadura digital e controlador de acesso. Mais seguran\u00e7a e conforto no dia a dia Interaja com visitantes, abra e feche o port\u00e3o de dentro da sua casa, sem exposi\u00e7\u00e3o a chuva &hellip; Continuar lendo Porteiro residencial com acesso via tag RFID IPR 1010 ID\" \/>\n<meta property=\"og:url\" content=\"https:\/\/www.lojamelhordosul.com.br\/site\/produto\/porteiro-residencial-com-acesso-via-tag-rfid-ipr-1010-id\/\" \/>\n<meta property=\"og:site_name\" content=\"Loja Melhor do Sul Sistemas de Seguran\u00e7a\" \/>\n<meta property=\"article:modified_time\" content=\"2026-03-18T18:23:26+00:00\" \/>\n<meta property=\"og:image\" content=\"https:\/\/www.lojamelhordosul.com.br\/site\/wp-content\/uploads\/2024\/05\/Captura-de-tela-2024-05-24-162657.png\" \/>\n\t<meta property=\"og:image:width\" content=\"547\" \/>\n\t<meta property=\"og:image:height\" content=\"438\" \/>\n\t<meta property=\"og:image:type\" content=\"image\/png\" \/>\n<meta name=\"twitter:card\" content=\"summary_large_image\" \/>\n<meta name=\"twitter:label1\" content=\"Est. tempo de leitura\" \/>\n\t<meta name=\"twitter:data1\" content=\"2 minutos\" \/>\n<script type=\"application\/ld+json\" class=\"yoast-schema-graph\">{\"@context\":\"https:\\\/\\\/schema.org\",\"@graph\":[{\"@type\":\"WebPage\",\"@id\":\"https:\\\/\\\/www.lojamelhordosul.com.br\\\/site\\\/produto\\\/porteiro-residencial-com-acesso-via-tag-rfid-ipr-1010-id\\\/\",\"url\":\"https:\\\/\\\/www.lojamelhordosul.com.br\\\/site\\\/produto\\\/porteiro-residencial-com-acesso-via-tag-rfid-ipr-1010-id\\\/\",\"name\":\"Porteiro residencial com acesso via tag RFID IPR 1010 ID - Loja Melhor do Sul Sistemas de Seguran\u00e7a\",\"isPartOf\":{\"@id\":\"https:\\\/\\\/www.lojamelhordosul.com.br\\\/site\\\/#website\"},\"primaryImageOfPage\":{\"@id\":\"https:\\\/\\\/www.lojamelhordosul.com.br\\\/site\\\/produto\\\/porteiro-residencial-com-acesso-via-tag-rfid-ipr-1010-id\\\/#primaryimage\"},\"image\":{\"@id\":\"https:\\\/\\\/www.lojamelhordosul.com.br\\\/site\\\/produto\\\/porteiro-residencial-com-acesso-via-tag-rfid-ipr-1010-id\\\/#primaryimage\"},\"thumbnailUrl\":\"https:\\\/\\\/www.lojamelhordosul.com.br\\\/site\\\/wp-content\\\/uploads\\\/2024\\\/05\\\/Captura-de-tela-2024-05-24-162657.png\",\"datePublished\":\"2024-05-24T19:47:42+00:00\",\"dateModified\":\"2026-03-18T18:23:26+00:00\",\"breadcrumb\":{\"@id\":\"https:\\\/\\\/www.lojamelhordosul.com.br\\\/site\\\/produto\\\/porteiro-residencial-com-acesso-via-tag-rfid-ipr-1010-id\\\/#breadcrumb\"},\"inLanguage\":\"pt-BR\",\"potentialAction\":[{\"@type\":\"ReadAction\",\"target\":[\"https:\\\/\\\/www.lojamelhordosul.com.br\\\/site\\\/produto\\\/porteiro-residencial-com-acesso-via-tag-rfid-ipr-1010-id\\\/\"]}]},{\"@type\":\"ImageObject\",\"inLanguage\":\"pt-BR\",\"@id\":\"https:\\\/\\\/www.lojamelhordosul.com.br\\\/site\\\/produto\\\/porteiro-residencial-com-acesso-via-tag-rfid-ipr-1010-id\\\/#primaryimage\",\"url\":\"https:\\\/\\\/www.lojamelhordosul.com.br\\\/site\\\/wp-content\\\/uploads\\\/2024\\\/05\\\/Captura-de-tela-2024-05-24-162657.png\",\"contentUrl\":\"https:\\\/\\\/www.lojamelhordosul.com.br\\\/site\\\/wp-content\\\/uploads\\\/2024\\\/05\\\/Captura-de-tela-2024-05-24-162657.png\",\"width\":547,\"height\":438},{\"@type\":\"BreadcrumbList\",\"@id\":\"https:\\\/\\\/www.lojamelhordosul.com.br\\\/site\\\/produto\\\/porteiro-residencial-com-acesso-via-tag-rfid-ipr-1010-id\\\/#breadcrumb\",\"itemListElement\":[{\"@type\":\"ListItem\",\"position\":1,\"name\":\"In\u00edcio\",\"item\":\"https:\\\/\\\/www.lojamelhordosul.com.br\\\/site\\\/\"},{\"@type\":\"ListItem\",\"position\":2,\"name\":\"Loja\",\"item\":\"https:\\\/\\\/www.lojamelhordosul.com.br\\\/site\\\/loja\\\/\"},{\"@type\":\"ListItem\",\"position\":3,\"name\":\"Porteiro residencial com acesso via tag RFID IPR 1010 ID\"}]},{\"@type\":\"WebSite\",\"@id\":\"https:\\\/\\\/www.lojamelhordosul.com.br\\\/site\\\/#website\",\"url\":\"https:\\\/\\\/www.lojamelhordosul.com.br\\\/site\\\/\",\"name\":\"Loja Melhor do Sul Sistemas de Seguran\u00e7a\",\"description\":\"Loja Melhor do Sul - Revenda Ouro Intelbras em Porto Alegre\",\"publisher\":{\"@id\":\"https:\\\/\\\/www.lojamelhordosul.com.br\\\/site\\\/#organization\"},\"potentialAction\":[{\"@type\":\"SearchAction\",\"target\":{\"@type\":\"EntryPoint\",\"urlTemplate\":\"https:\\\/\\\/www.lojamelhordosul.com.br\\\/site\\\/?s={search_term_string}\"},\"query-input\":{\"@type\":\"PropertyValueSpecification\",\"valueRequired\":true,\"valueName\":\"search_term_string\"}}],\"inLanguage\":\"pt-BR\"},{\"@type\":\"Organization\",\"@id\":\"https:\\\/\\\/www.lojamelhordosul.com.br\\\/site\\\/#organization\",\"name\":\"Loja Melhor do Sul\",\"url\":\"https:\\\/\\\/www.lojamelhordosul.com.br\\\/site\\\/\",\"logo\":{\"@type\":\"ImageObject\",\"inLanguage\":\"pt-BR\",\"@id\":\"https:\\\/\\\/www.lojamelhordosul.com.br\\\/site\\\/#\\\/schema\\\/logo\\\/image\\\/\",\"url\":\"https:\\\/\\\/www.lojamelhordosul.com.br\\\/site\\\/wp-content\\\/uploads\\\/2019\\\/10\\\/logo-longo-da-loja.png\",\"contentUrl\":\"https:\\\/\\\/www.lojamelhordosul.com.br\\\/site\\\/wp-content\\\/uploads\\\/2019\\\/10\\\/logo-longo-da-loja.png\",\"width\":597,\"height\":114,\"caption\":\"Loja Melhor do Sul\"},\"image\":{\"@id\":\"https:\\\/\\\/www.lojamelhordosul.com.br\\\/site\\\/#\\\/schema\\\/logo\\\/image\\\/\"}}]}<\/script>\n<!-- \/ Yoast SEO plugin. -->","yoast_head_json":{"title":"Porteiro residencial com acesso via tag RFID IPR 1010 ID - Loja Melhor do Sul Sistemas de Seguran\u00e7a","robots":{"index":"index","follow":"follow","max-snippet":"max-snippet:-1","max-image-preview":"max-image-preview:large","max-video-preview":"max-video-preview:-1"},"canonical":"https:\/\/www.lojamelhordosul.com.br\/site\/produto\/porteiro-residencial-com-acesso-via-tag-rfid-ipr-1010-id\/","og_locale":"pt_BR","og_type":"article","og_title":"Porteiro residencial com acesso via tag RFID IPR 1010 ID - Loja Melhor do Sul Sistemas de Seguran\u00e7a","og_description":"Acesso via TAG A TAG de acesso permite a praticidade de uma vida sem chaves. Com uma \u00fanica tag \u00e9 poss\u00edvel abrir o port\u00e3o, fechadura digital e controlador de acesso. Mais seguran\u00e7a e conforto no dia a dia Interaja com visitantes, abra e feche o port\u00e3o de dentro da sua casa, sem exposi\u00e7\u00e3o a chuva &hellip; Continuar lendo Porteiro residencial com acesso via tag RFID IPR 1010 ID","og_url":"https:\/\/www.lojamelhordosul.com.br\/site\/produto\/porteiro-residencial-com-acesso-via-tag-rfid-ipr-1010-id\/","og_site_name":"Loja Melhor do Sul Sistemas de Seguran\u00e7a","article_modified_time":"2026-03-18T18:23:26+00:00","og_image":[{"width":547,"height":438,"url":"https:\/\/www.lojamelhordosul.com.br\/site\/wp-content\/uploads\/2024\/05\/Captura-de-tela-2024-05-24-162657.png","type":"image\/png"}],"twitter_card":"summary_large_image","twitter_misc":{"Est. tempo de leitura":"2 minutos"},"schema":{"@context":"https:\/\/schema.org","@graph":[{"@type":"WebPage","@id":"https:\/\/www.lojamelhordosul.com.br\/site\/produto\/porteiro-residencial-com-acesso-via-tag-rfid-ipr-1010-id\/","url":"https:\/\/www.lojamelhordosul.com.br\/site\/produto\/porteiro-residencial-com-acesso-via-tag-rfid-ipr-1010-id\/","name":"Porteiro residencial com acesso via tag RFID IPR 1010 ID - Loja Melhor do Sul Sistemas de Seguran\u00e7a","isPartOf":{"@id":"https:\/\/www.lojamelhordosul.com.br\/site\/#website"},"primaryImageOfPage":{"@id":"https:\/\/www.lojamelhordosul.com.br\/site\/produto\/porteiro-residencial-com-acesso-via-tag-rfid-ipr-1010-id\/#primaryimage"},"image":{"@id":"https:\/\/www.lojamelhordosul.com.br\/site\/produto\/porteiro-residencial-com-acesso-via-tag-rfid-ipr-1010-id\/#primaryimage"},"thumbnailUrl":"https:\/\/www.lojamelhordosul.com.br\/site\/wp-content\/uploads\/2024\/05\/Captura-de-tela-2024-05-24-162657.png","datePublished":"2024-05-24T19:47:42+00:00","dateModified":"2026-03-18T18:23:26+00:00","breadcrumb":{"@id":"https:\/\/www.lojamelhordosul.com.br\/site\/produto\/porteiro-residencial-com-acesso-via-tag-rfid-ipr-1010-id\/#breadcrumb"},"inLanguage":"pt-BR","potentialAction":[{"@type":"ReadAction","target":["https:\/\/www.lojamelhordosul.com.br\/site\/produto\/porteiro-residencial-com-acesso-via-tag-rfid-ipr-1010-id\/"]}]},{"@type":"ImageObject","inLanguage":"pt-BR","@id":"https:\/\/www.lojamelhordosul.com.br\/site\/produto\/porteiro-residencial-com-acesso-via-tag-rfid-ipr-1010-id\/#primaryimage","url":"https:\/\/www.lojamelhordosul.com.br\/site\/wp-content\/uploads\/2024\/05\/Captura-de-tela-2024-05-24-162657.png","contentUrl":"https:\/\/www.lojamelhordosul.com.br\/site\/wp-content\/uploads\/2024\/05\/Captura-de-tela-2024-05-24-162657.png","width":547,"height":438},{"@type":"BreadcrumbList","@id":"https:\/\/www.lojamelhordosul.com.br\/site\/produto\/porteiro-residencial-com-acesso-via-tag-rfid-ipr-1010-id\/#breadcrumb","itemListElement":[{"@type":"ListItem","position":1,"name":"In\u00edcio","item":"https:\/\/www.lojamelhordosul.com.br\/site\/"},{"@type":"ListItem","position":2,"name":"Loja","item":"https:\/\/www.lojamelhordosul.com.br\/site\/loja\/"},{"@type":"ListItem","position":3,"name":"Porteiro residencial com acesso via tag RFID IPR 1010 ID"}]},{"@type":"WebSite","@id":"https:\/\/www.lojamelhordosul.com.br\/site\/#website","url":"https:\/\/www.lojamelhordosul.com.br\/site\/","name":"Loja Melhor do Sul Sistemas de Seguran\u00e7a","description":"Loja Melhor do Sul - Revenda Ouro Intelbras em Porto Alegre","publisher":{"@id":"https:\/\/www.lojamelhordosul.com.br\/site\/#organization"},"potentialAction":[{"@type":"SearchAction","target":{"@type":"EntryPoint","urlTemplate":"https:\/\/www.lojamelhordosul.com.br\/site\/?s={search_term_string}"},"query-input":{"@type":"PropertyValueSpecification","valueRequired":true,"valueName":"search_term_string"}}],"inLanguage":"pt-BR"},{"@type":"Organization","@id":"https:\/\/www.lojamelhordosul.com.br\/site\/#organization","name":"Loja Melhor do Sul","url":"https:\/\/www.lojamelhordosul.com.br\/site\/","logo":{"@type":"ImageObject","inLanguage":"pt-BR","@id":"https:\/\/www.lojamelhordosul.com.br\/site\/#\/schema\/logo\/image\/","url":"https:\/\/www.lojamelhordosul.com.br\/site\/wp-content\/uploads\/2019\/10\/logo-longo-da-loja.png","contentUrl":"https:\/\/www.lojamelhordosul.com.br\/site\/wp-content\/uploads\/2019\/10\/logo-longo-da-loja.png","width":597,"height":114,"caption":"Loja Melhor do Sul"},"image":{"@id":"https:\/\/www.lojamelhordosul.com.br\/site\/#\/schema\/logo\/image\/"}}]}},"_links":{"self":[{"href":"https:\/\/www.lojamelhordosul.com.br\/site\/wp-json\/wp\/v2\/product\/14717","targetHints":{"allow":["GET"]}}],"collection":[{"href":"https:\/\/www.lojamelhordosul.com.br\/site\/wp-json\/wp\/v2\/product"}],"about":[{"href":"https:\/\/www.lojamelhordosul.com.br\/site\/wp-json\/wp\/v2\/types\/product"}],"replies":[{"embeddable":true,"href":"https:\/\/www.lojamelhordosul.com.br\/site\/wp-json\/wp\/v2\/comments?post=14717"}],"wp:featuredmedia":[{"embeddable":true,"href":"https:\/\/www.lojamelhordosul.com.br\/site\/wp-json\/wp\/v2\/media\/14718"}],"wp:attachment":[{"href":"https:\/\/www.lojamelhordosul.com.br\/site\/wp-json\/wp\/v2\/media?parent=14717"}],"wp:term":[{"taxonomy":"product_brand","embeddable":true,"href":"https:\/\/www.lojamelhordosul.com.br\/site\/wp-json\/wp\/v2\/product_brand?post=14717"},{"taxonomy":"product_cat","embeddable":true,"href":"https:\/\/www.lojamelhordosul.com.br\/site\/wp-json\/wp\/v2\/product_cat?post=14717"},{"taxonomy":"product_tag","embeddable":true,"href":"https:\/\/www.lojamelhordosul.com.br\/site\/wp-json\/wp\/v2\/product_tag?post=14717"}],"curies":[{"name":"wp","href":"https:\/\/api.w.org\/{rel}","templated":true}]}}