{"id":14770,"date":"2024-08-02T15:55:08","date_gmt":"2024-08-02T18:55:08","guid":{"rendered":"https:\/\/www.lojamelhordosul.com.br\/site\/?post_type=product&#038;p=14770"},"modified":"2026-03-17T17:57:28","modified_gmt":"2026-03-17T20:57:28","slug":"fonte-ac-dc-128v-5a-metalica-efm-1205-g2-intelbras","status":"publish","type":"product","link":"https:\/\/www.lojamelhordosul.com.br\/site\/produto\/fonte-ac-dc-128v-5a-metalica-efm-1205-g2-intelbras\/","title":{"rendered":"Fonte chaveada colmeia AC\/DC 12,8V 5A met\u00e1lica &#8211; Intelbras EFM 1205 G2"},"content":{"rendered":"<div class=\"mt2 mb2 \">\n<div class=\"grid-container \">\n<div class=\"block-mini-banner is-product-page\" data-ga-name=\"section-mini-banner\">\n<div class=\"grid-x grid-container align-middle\">\n<div class=\"cell medium-auto medium-order-1\">\n<div class=\"block-mini-banner__content\">\n<div class=\"mt2 mb2 \">\n<h2 class=\"weight--small-300 weight--large-200 block-mini-banner__title h3\">Livre de ru\u00eddos e prote\u00e7\u00e3o contra curto-circuito, sobrecarga e sobretens\u00e3o<\/h2>\n<\/div>\n<div class=\"text text--300\">\n<div class=\"block-template overflow-hidden\">\n<p>A EFM 1205 G2 proporciona mais qualidade para imagens de CFTV, atrav\u00e9s do filtro contra ru\u00eddos e interfer\u00eancias na imagem. Al\u00e9m de prevenir danos decorrentes de avarias el\u00e9tricas e problemas causados por descargas atmosf\u00e9ricas.<\/p>\n<p><img decoding=\"async\" src=\"https:\/\/backend.intelbras.com\/sites\/default\/files\/styles\/large\/public\/2023-03\/1_8.jpg\" alt=\"Sin ruido y con protecci\u00f3n contra cortocircuitos, sobrecargas y sobretensiones\" \/><\/p>\n<\/div>\n<\/div>\n<\/div>\n<\/div>\n<\/div>\n<\/div>\n<\/div>\n<\/div>\n<div class=\"mt2 mb2 \">\n<div class=\"grid-container \">\n<div class=\"block-mini-banner is-product-page\" data-ga-name=\"section-mini-banner\">\n<div class=\"grid-x grid-container align-middle\">\n<div class=\"cell media-cell medium-6\">\n<div class=\"block-mini-banner__media\">\n<figure class=\"text-center object-fit--contain\"><img decoding=\"async\" src=\"https:\/\/backend.intelbras.com\/sites\/default\/files\/styles\/large\/public\/2023-04\/2.jpg\" alt=\"2.jpg (52.54 KB) \" \/><\/figure>\n<\/div>\n<\/div>\n<div class=\"cell medium-auto\">\n<div class=\"block-mini-banner__content\">\n<div class=\"mt2 mb2 \">\n<h2 class=\"weight--small-300 weight--large-200 block-mini-banner__title h3\">Instala\u00e7\u00e3o sem complica\u00e7\u00f5es<\/h2>\n<\/div>\n<div class=\"text text--300\">\n<div class=\"block-template overflow-hidden\">\n<p>A EFM 1205 G2 permite conex\u00e3o de c\u00e2meras CFTV diretamente na fonte e pode ser fixada em parede ou trilho DIN em racks.<\/p>\n<\/div>\n<\/div>\n<\/div>\n<\/div>\n<\/div>\n<\/div>\n<\/div>\n<\/div>\n<div class=\"mt2 mb2 \">\n<div class=\"grid-container \">\n<div class=\"block-mini-banner is-product-page\" data-ga-name=\"section-mini-banner\">\n<div class=\"grid-x grid-container align-middle\">\n<div class=\"cell media-cell medium-6 medium-order-2 large-offset-1\">\n<div class=\"block-mini-banner__media\">\n<figure class=\"text-center object-fit--contain\"><img decoding=\"async\" src=\"https:\/\/backend.intelbras.com\/sites\/default\/files\/styles\/large\/public\/2023-03\/3_8.jpg\" alt=\"Suministra energ\u00eda para hasta 20 c\u00e1maras HD\" \/><\/figure>\n<\/div>\n<\/div>\n<div class=\"cell medium-auto medium-order-1\">\n<div class=\"block-mini-banner__content\">\n<div class=\"mt2 mb2 \">\n<h2 class=\"weight--small-300 weight--large-200 block-mini-banner__title h3\">Fornece energia para at\u00e9 20 c\u00e2meras HD<\/h2>\n<\/div>\n<div class=\"text text--300\">\n<div class=\"block-template overflow-hidden\">\n<p>A fonte \u00e9 capaz de alimentar at\u00e9 20 c\u00e2meras HD\u00b9 e as sa\u00eddas com bornes permitem conectar mais de um dispositivo diretamente no equipamento.<br \/>\n* Recomendamos a utiliza\u00e7\u00e3o de cabos UTP de qualidade e dist\u00e2ncia de at\u00e9 150 metros para cada c\u00e2mera.<\/p>\n<\/div>\n<\/div>\n<\/div>\n<\/div>\n<\/div>\n<\/div>\n<\/div>\n<\/div>\n<div class=\"mt2 mb2 \">\n<div class=\"grid-container \">\n<div class=\"block-mini-banner is-product-page\" data-ga-name=\"section-mini-banner\">\n<div class=\"grid-x grid-container align-middle\">\n<div class=\"cell media-cell medium-6\">\n<div class=\"block-mini-banner__media\">\n<figure class=\"text-center object-fit--contain\"><img decoding=\"async\" src=\"https:\/\/backend.intelbras.com\/sites\/default\/files\/styles\/large\/public\/2023-03\/4_8.jpg\" alt=\"La p\u00e9rdida de tensi\u00f3n ya no es un problema\" \/><\/figure>\n<\/div>\n<\/div>\n<div class=\"cell medium-auto\">\n<div class=\"block-mini-banner__content\">\n<div class=\"mt2 mb2 \">\n<h2 class=\"weight--small-300 weight--large-200 block-mini-banner__title h3\">Perda de tens\u00e3o n\u00e3o \u00e9 mais problema<\/h2>\n<\/div>\n<div class=\"text text--300\">\n<div class=\"block-template overflow-hidden\">\n<p>A fonte EFM 1205 G2 tem tens\u00e3o de sa\u00edda ajust\u00e1vel, que garante o funcionamento de c\u00e2meras CFTV mesmo quando instaladas a dist\u00e2ncias maiores.<\/p>\n<\/div>\n<\/div>\n<\/div>\n<\/div>\n<\/div>\n<\/div>\n<\/div>\n<\/div>\n","protected":false},"excerpt":{"rendered":"<p>Livre de ru\u00eddos e prote\u00e7\u00e3o contra curto-circuito, sobrecarga e sobretens\u00e3o A EFM 1205 G2 proporciona mais qualidade para imagens de CFTV, atrav\u00e9s do filtro contra ru\u00eddos e interfer\u00eancias na imagem. Al\u00e9m de prevenir danos decorrentes de avarias el\u00e9tricas e problemas causados por descargas atmosf\u00e9ricas. Instala\u00e7\u00e3o sem complica\u00e7\u00f5es A EFM 1205 G2 permite conex\u00e3o de c\u00e2meras &hellip; <a href=\"https:\/\/www.lojamelhordosul.com.br\/site\/produto\/fonte-ac-dc-128v-5a-metalica-efm-1205-g2-intelbras\/\" class=\"more-link\">Continuar lendo <span class=\"screen-reader-text\">Fonte chaveada colmeia AC\/DC 12,8V 5A met\u00e1lica &#8211; Intelbras EFM 1205 G2<\/span><\/a><\/p>\n","protected":false},"featured_media":14771,"comment_status":"closed","ping_status":"closed","template":"","meta":[],"product_brand":[],"product_cat":[2719,2799,2802,2721],"product_tag":[],"class_list":{"0":"post-14770","1":"product","2":"type-product","3":"status-publish","4":"has-post-thumbnail","6":"product_cat-acessorios-cftv","7":"product_cat-linha-de-energia","8":"product_cat-energia-fontes","9":"product_cat-acessorios-fontes","11":"first","12":"instock","13":"shipping-taxable","14":"purchasable","15":"product-type-simple"},"yoast_head":"<!-- This site is optimized with the Yoast SEO plugin v27.4 - https:\/\/yoast.com\/product\/yoast-seo-wordpress\/ -->\n<title>Fonte chaveada colmeia AC\/DC 12,8V 5A met\u00e1lica - Intelbras EFM 1205 G2 - Loja Melhor do Sul Sistemas de Seguran\u00e7a<\/title>\n<meta name=\"robots\" content=\"index, follow, max-snippet:-1, max-image-preview:large, max-video-preview:-1\" \/>\n<link rel=\"canonical\" href=\"https:\/\/www.lojamelhordosul.com.br\/site\/produto\/fonte-ac-dc-128v-5a-metalica-efm-1205-g2-intelbras\/\" \/>\n<meta property=\"og:locale\" content=\"pt_BR\" \/>\n<meta property=\"og:type\" content=\"article\" \/>\n<meta property=\"og:title\" content=\"Fonte chaveada colmeia AC\/DC 12,8V 5A met\u00e1lica - Intelbras EFM 1205 G2 - Loja Melhor do Sul Sistemas de Seguran\u00e7a\" \/>\n<meta property=\"og:description\" content=\"Livre de ru\u00eddos e prote\u00e7\u00e3o contra curto-circuito, sobrecarga e sobretens\u00e3o A EFM 1205 G2 proporciona mais qualidade para imagens de CFTV, atrav\u00e9s do filtro contra ru\u00eddos e interfer\u00eancias na imagem. Al\u00e9m de prevenir danos decorrentes de avarias el\u00e9tricas e problemas causados por descargas atmosf\u00e9ricas. Instala\u00e7\u00e3o sem complica\u00e7\u00f5es A EFM 1205 G2 permite conex\u00e3o de c\u00e2meras &hellip; Continuar lendo Fonte chaveada colmeia AC\/DC 12,8V 5A met\u00e1lica &#8211; Intelbras EFM 1205 G2\" \/>\n<meta property=\"og:url\" content=\"https:\/\/www.lojamelhordosul.com.br\/site\/produto\/fonte-ac-dc-128v-5a-metalica-efm-1205-g2-intelbras\/\" \/>\n<meta property=\"og:site_name\" content=\"Loja Melhor do Sul Sistemas de Seguran\u00e7a\" \/>\n<meta property=\"article:modified_time\" content=\"2026-03-17T20:57:28+00:00\" \/>\n<meta property=\"og:image\" content=\"https:\/\/www.lojamelhordosul.com.br\/site\/wp-content\/uploads\/2024\/08\/Captura-de-tela-2024-08-02-155428.png\" \/>\n\t<meta property=\"og:image:width\" content=\"614\" \/>\n\t<meta property=\"og:image:height\" content=\"515\" \/>\n\t<meta property=\"og:image:type\" content=\"image\/png\" \/>\n<meta name=\"twitter:card\" content=\"summary_large_image\" \/>\n<meta name=\"twitter:label1\" content=\"Est. tempo de leitura\" \/>\n\t<meta name=\"twitter:data1\" content=\"2 minutos\" \/>\n<script type=\"application\/ld+json\" class=\"yoast-schema-graph\">{\"@context\":\"https:\\\/\\\/schema.org\",\"@graph\":[{\"@type\":\"WebPage\",\"@id\":\"https:\\\/\\\/www.lojamelhordosul.com.br\\\/site\\\/produto\\\/fonte-ac-dc-128v-5a-metalica-efm-1205-g2-intelbras\\\/\",\"url\":\"https:\\\/\\\/www.lojamelhordosul.com.br\\\/site\\\/produto\\\/fonte-ac-dc-128v-5a-metalica-efm-1205-g2-intelbras\\\/\",\"name\":\"Fonte chaveada colmeia AC\\\/DC 12,8V 5A met\u00e1lica - Intelbras EFM 1205 G2 - Loja Melhor do Sul Sistemas de Seguran\u00e7a\",\"isPartOf\":{\"@id\":\"https:\\\/\\\/www.lojamelhordosul.com.br\\\/site\\\/#website\"},\"primaryImageOfPage\":{\"@id\":\"https:\\\/\\\/www.lojamelhordosul.com.br\\\/site\\\/produto\\\/fonte-ac-dc-128v-5a-metalica-efm-1205-g2-intelbras\\\/#primaryimage\"},\"image\":{\"@id\":\"https:\\\/\\\/www.lojamelhordosul.com.br\\\/site\\\/produto\\\/fonte-ac-dc-128v-5a-metalica-efm-1205-g2-intelbras\\\/#primaryimage\"},\"thumbnailUrl\":\"https:\\\/\\\/www.lojamelhordosul.com.br\\\/site\\\/wp-content\\\/uploads\\\/2024\\\/08\\\/Captura-de-tela-2024-08-02-155428.png\",\"datePublished\":\"2024-08-02T18:55:08+00:00\",\"dateModified\":\"2026-03-17T20:57:28+00:00\",\"breadcrumb\":{\"@id\":\"https:\\\/\\\/www.lojamelhordosul.com.br\\\/site\\\/produto\\\/fonte-ac-dc-128v-5a-metalica-efm-1205-g2-intelbras\\\/#breadcrumb\"},\"inLanguage\":\"pt-BR\",\"potentialAction\":[{\"@type\":\"ReadAction\",\"target\":[\"https:\\\/\\\/www.lojamelhordosul.com.br\\\/site\\\/produto\\\/fonte-ac-dc-128v-5a-metalica-efm-1205-g2-intelbras\\\/\"]}]},{\"@type\":\"ImageObject\",\"inLanguage\":\"pt-BR\",\"@id\":\"https:\\\/\\\/www.lojamelhordosul.com.br\\\/site\\\/produto\\\/fonte-ac-dc-128v-5a-metalica-efm-1205-g2-intelbras\\\/#primaryimage\",\"url\":\"https:\\\/\\\/www.lojamelhordosul.com.br\\\/site\\\/wp-content\\\/uploads\\\/2024\\\/08\\\/Captura-de-tela-2024-08-02-155428.png\",\"contentUrl\":\"https:\\\/\\\/www.lojamelhordosul.com.br\\\/site\\\/wp-content\\\/uploads\\\/2024\\\/08\\\/Captura-de-tela-2024-08-02-155428.png\",\"width\":614,\"height\":515},{\"@type\":\"BreadcrumbList\",\"@id\":\"https:\\\/\\\/www.lojamelhordosul.com.br\\\/site\\\/produto\\\/fonte-ac-dc-128v-5a-metalica-efm-1205-g2-intelbras\\\/#breadcrumb\",\"itemListElement\":[{\"@type\":\"ListItem\",\"position\":1,\"name\":\"In\u00edcio\",\"item\":\"https:\\\/\\\/www.lojamelhordosul.com.br\\\/site\\\/\"},{\"@type\":\"ListItem\",\"position\":2,\"name\":\"Loja\",\"item\":\"https:\\\/\\\/www.lojamelhordosul.com.br\\\/site\\\/loja\\\/\"},{\"@type\":\"ListItem\",\"position\":3,\"name\":\"Fonte chaveada colmeia AC\\\/DC 12,8V 5A met\u00e1lica &#8211; Intelbras EFM 1205 G2\"}]},{\"@type\":\"WebSite\",\"@id\":\"https:\\\/\\\/www.lojamelhordosul.com.br\\\/site\\\/#website\",\"url\":\"https:\\\/\\\/www.lojamelhordosul.com.br\\\/site\\\/\",\"name\":\"Loja Melhor do Sul Sistemas de Seguran\u00e7a\",\"description\":\"Loja Melhor do Sul - Revenda Ouro Intelbras em Porto Alegre\",\"publisher\":{\"@id\":\"https:\\\/\\\/www.lojamelhordosul.com.br\\\/site\\\/#organization\"},\"potentialAction\":[{\"@type\":\"SearchAction\",\"target\":{\"@type\":\"EntryPoint\",\"urlTemplate\":\"https:\\\/\\\/www.lojamelhordosul.com.br\\\/site\\\/?s={search_term_string}\"},\"query-input\":{\"@type\":\"PropertyValueSpecification\",\"valueRequired\":true,\"valueName\":\"search_term_string\"}}],\"inLanguage\":\"pt-BR\"},{\"@type\":\"Organization\",\"@id\":\"https:\\\/\\\/www.lojamelhordosul.com.br\\\/site\\\/#organization\",\"name\":\"Loja Melhor do Sul\",\"url\":\"https:\\\/\\\/www.lojamelhordosul.com.br\\\/site\\\/\",\"logo\":{\"@type\":\"ImageObject\",\"inLanguage\":\"pt-BR\",\"@id\":\"https:\\\/\\\/www.lojamelhordosul.com.br\\\/site\\\/#\\\/schema\\\/logo\\\/image\\\/\",\"url\":\"https:\\\/\\\/www.lojamelhordosul.com.br\\\/site\\\/wp-content\\\/uploads\\\/2019\\\/10\\\/logo-longo-da-loja.png\",\"contentUrl\":\"https:\\\/\\\/www.lojamelhordosul.com.br\\\/site\\\/wp-content\\\/uploads\\\/2019\\\/10\\\/logo-longo-da-loja.png\",\"width\":597,\"height\":114,\"caption\":\"Loja Melhor do Sul\"},\"image\":{\"@id\":\"https:\\\/\\\/www.lojamelhordosul.com.br\\\/site\\\/#\\\/schema\\\/logo\\\/image\\\/\"}}]}<\/script>\n<!-- \/ Yoast SEO plugin. -->","yoast_head_json":{"title":"Fonte chaveada colmeia AC\/DC 12,8V 5A met\u00e1lica - Intelbras EFM 1205 G2 - Loja Melhor do Sul Sistemas de Seguran\u00e7a","robots":{"index":"index","follow":"follow","max-snippet":"max-snippet:-1","max-image-preview":"max-image-preview:large","max-video-preview":"max-video-preview:-1"},"canonical":"https:\/\/www.lojamelhordosul.com.br\/site\/produto\/fonte-ac-dc-128v-5a-metalica-efm-1205-g2-intelbras\/","og_locale":"pt_BR","og_type":"article","og_title":"Fonte chaveada colmeia AC\/DC 12,8V 5A met\u00e1lica - Intelbras EFM 1205 G2 - Loja Melhor do Sul Sistemas de Seguran\u00e7a","og_description":"Livre de ru\u00eddos e prote\u00e7\u00e3o contra curto-circuito, sobrecarga e sobretens\u00e3o A EFM 1205 G2 proporciona mais qualidade para imagens de CFTV, atrav\u00e9s do filtro contra ru\u00eddos e interfer\u00eancias na imagem. Al\u00e9m de prevenir danos decorrentes de avarias el\u00e9tricas e problemas causados por descargas atmosf\u00e9ricas. Instala\u00e7\u00e3o sem complica\u00e7\u00f5es A EFM 1205 G2 permite conex\u00e3o de c\u00e2meras &hellip; Continuar lendo Fonte chaveada colmeia AC\/DC 12,8V 5A met\u00e1lica &#8211; Intelbras EFM 1205 G2","og_url":"https:\/\/www.lojamelhordosul.com.br\/site\/produto\/fonte-ac-dc-128v-5a-metalica-efm-1205-g2-intelbras\/","og_site_name":"Loja Melhor do Sul Sistemas de Seguran\u00e7a","article_modified_time":"2026-03-17T20:57:28+00:00","og_image":[{"width":614,"height":515,"url":"https:\/\/www.lojamelhordosul.com.br\/site\/wp-content\/uploads\/2024\/08\/Captura-de-tela-2024-08-02-155428.png","type":"image\/png"}],"twitter_card":"summary_large_image","twitter_misc":{"Est. tempo de leitura":"2 minutos"},"schema":{"@context":"https:\/\/schema.org","@graph":[{"@type":"WebPage","@id":"https:\/\/www.lojamelhordosul.com.br\/site\/produto\/fonte-ac-dc-128v-5a-metalica-efm-1205-g2-intelbras\/","url":"https:\/\/www.lojamelhordosul.com.br\/site\/produto\/fonte-ac-dc-128v-5a-metalica-efm-1205-g2-intelbras\/","name":"Fonte chaveada colmeia AC\/DC 12,8V 5A met\u00e1lica - Intelbras EFM 1205 G2 - Loja Melhor do Sul Sistemas de Seguran\u00e7a","isPartOf":{"@id":"https:\/\/www.lojamelhordosul.com.br\/site\/#website"},"primaryImageOfPage":{"@id":"https:\/\/www.lojamelhordosul.com.br\/site\/produto\/fonte-ac-dc-128v-5a-metalica-efm-1205-g2-intelbras\/#primaryimage"},"image":{"@id":"https:\/\/www.lojamelhordosul.com.br\/site\/produto\/fonte-ac-dc-128v-5a-metalica-efm-1205-g2-intelbras\/#primaryimage"},"thumbnailUrl":"https:\/\/www.lojamelhordosul.com.br\/site\/wp-content\/uploads\/2024\/08\/Captura-de-tela-2024-08-02-155428.png","datePublished":"2024-08-02T18:55:08+00:00","dateModified":"2026-03-17T20:57:28+00:00","breadcrumb":{"@id":"https:\/\/www.lojamelhordosul.com.br\/site\/produto\/fonte-ac-dc-128v-5a-metalica-efm-1205-g2-intelbras\/#breadcrumb"},"inLanguage":"pt-BR","potentialAction":[{"@type":"ReadAction","target":["https:\/\/www.lojamelhordosul.com.br\/site\/produto\/fonte-ac-dc-128v-5a-metalica-efm-1205-g2-intelbras\/"]}]},{"@type":"ImageObject","inLanguage":"pt-BR","@id":"https:\/\/www.lojamelhordosul.com.br\/site\/produto\/fonte-ac-dc-128v-5a-metalica-efm-1205-g2-intelbras\/#primaryimage","url":"https:\/\/www.lojamelhordosul.com.br\/site\/wp-content\/uploads\/2024\/08\/Captura-de-tela-2024-08-02-155428.png","contentUrl":"https:\/\/www.lojamelhordosul.com.br\/site\/wp-content\/uploads\/2024\/08\/Captura-de-tela-2024-08-02-155428.png","width":614,"height":515},{"@type":"BreadcrumbList","@id":"https:\/\/www.lojamelhordosul.com.br\/site\/produto\/fonte-ac-dc-128v-5a-metalica-efm-1205-g2-intelbras\/#breadcrumb","itemListElement":[{"@type":"ListItem","position":1,"name":"In\u00edcio","item":"https:\/\/www.lojamelhordosul.com.br\/site\/"},{"@type":"ListItem","position":2,"name":"Loja","item":"https:\/\/www.lojamelhordosul.com.br\/site\/loja\/"},{"@type":"ListItem","position":3,"name":"Fonte chaveada colmeia AC\/DC 12,8V 5A met\u00e1lica &#8211; Intelbras EFM 1205 G2"}]},{"@type":"WebSite","@id":"https:\/\/www.lojamelhordosul.com.br\/site\/#website","url":"https:\/\/www.lojamelhordosul.com.br\/site\/","name":"Loja Melhor do Sul Sistemas de Seguran\u00e7a","description":"Loja Melhor do Sul - Revenda Ouro Intelbras em Porto Alegre","publisher":{"@id":"https:\/\/www.lojamelhordosul.com.br\/site\/#organization"},"potentialAction":[{"@type":"SearchAction","target":{"@type":"EntryPoint","urlTemplate":"https:\/\/www.lojamelhordosul.com.br\/site\/?s={search_term_string}"},"query-input":{"@type":"PropertyValueSpecification","valueRequired":true,"valueName":"search_term_string"}}],"inLanguage":"pt-BR"},{"@type":"Organization","@id":"https:\/\/www.lojamelhordosul.com.br\/site\/#organization","name":"Loja Melhor do Sul","url":"https:\/\/www.lojamelhordosul.com.br\/site\/","logo":{"@type":"ImageObject","inLanguage":"pt-BR","@id":"https:\/\/www.lojamelhordosul.com.br\/site\/#\/schema\/logo\/image\/","url":"https:\/\/www.lojamelhordosul.com.br\/site\/wp-content\/uploads\/2019\/10\/logo-longo-da-loja.png","contentUrl":"https:\/\/www.lojamelhordosul.com.br\/site\/wp-content\/uploads\/2019\/10\/logo-longo-da-loja.png","width":597,"height":114,"caption":"Loja Melhor do Sul"},"image":{"@id":"https:\/\/www.lojamelhordosul.com.br\/site\/#\/schema\/logo\/image\/"}}]}},"_links":{"self":[{"href":"https:\/\/www.lojamelhordosul.com.br\/site\/wp-json\/wp\/v2\/product\/14770","targetHints":{"allow":["GET"]}}],"collection":[{"href":"https:\/\/www.lojamelhordosul.com.br\/site\/wp-json\/wp\/v2\/product"}],"about":[{"href":"https:\/\/www.lojamelhordosul.com.br\/site\/wp-json\/wp\/v2\/types\/product"}],"replies":[{"embeddable":true,"href":"https:\/\/www.lojamelhordosul.com.br\/site\/wp-json\/wp\/v2\/comments?post=14770"}],"wp:featuredmedia":[{"embeddable":true,"href":"https:\/\/www.lojamelhordosul.com.br\/site\/wp-json\/wp\/v2\/media\/14771"}],"wp:attachment":[{"href":"https:\/\/www.lojamelhordosul.com.br\/site\/wp-json\/wp\/v2\/media?parent=14770"}],"wp:term":[{"taxonomy":"product_brand","embeddable":true,"href":"https:\/\/www.lojamelhordosul.com.br\/site\/wp-json\/wp\/v2\/product_brand?post=14770"},{"taxonomy":"product_cat","embeddable":true,"href":"https:\/\/www.lojamelhordosul.com.br\/site\/wp-json\/wp\/v2\/product_cat?post=14770"},{"taxonomy":"product_tag","embeddable":true,"href":"https:\/\/www.lojamelhordosul.com.br\/site\/wp-json\/wp\/v2\/product_tag?post=14770"}],"curies":[{"name":"wp","href":"https:\/\/api.w.org\/{rel}","templated":true}]}}