{"id":14933,"date":"2024-10-19T09:37:17","date_gmt":"2024-10-19T12:37:17","guid":{"rendered":"https:\/\/www.lojamelhordosul.com.br\/site\/?post_type=product&#038;p=14933"},"modified":"2026-02-12T11:28:32","modified_gmt":"2026-02-12T14:28:32","slug":"camera-externa-inteligente-wi-fi-full-hd-360-im7-s-full-color-micro-sd-32gb","status":"publish","type":"product","link":"https:\/\/www.lojamelhordosul.com.br\/site\/produto\/camera-externa-inteligente-wi-fi-full-hd-360-im7-s-full-color-micro-sd-32gb\/","title":{"rendered":"C\u00e2mera externa inteligente Wi-Fi Full HD 360\u00b0 IM7 S Full Color Micro SD 32GB"},"content":{"rendered":"<div class=\"mt2 mb2 \">\n<div class=\"grid-container \">\n<div class=\"block-mini-banner is-product-page\" data-ga-name=\"section-mini-banner\">\n<div class=\"grid-x grid-container align-middle\">\n<div class=\"cell medium-auto medium-order-1\">\n<div class=\"block-mini-banner__content\">\n<div class=\"mt2 mb2 \">\n<h2 class=\"weight--small-300 weight--large-200 block-mini-banner__title h3\">Tecnologia Full Color<\/h2>\n<\/div>\n<div class=\"text text--300\">\n<div class=\"block-template overflow-hidden\">\n<p>Acompanhe tudo ao vivo e em cores! Com o holofote aceso, a iM7 S Full Color captura imagens coloridas 24 horas por dia, mesmo em ambientes sem luminosidade e j\u00e1 acompanha cart\u00e3o Intelbras 32GB para n\u00e3o perder nenhuma imagem!<\/p>\n<p><img decoding=\"async\" src=\"https:\/\/backend.intelbras.com\/sites\/default\/files\/styles\/large\/public\/2024-08\/Tecnologia-Full-Color_iM7-S-Full-Color.jpg\" alt=\"Tecnologia Full Color \" \/><\/p>\n<\/div>\n<\/div>\n<\/div>\n<\/div>\n<\/div>\n<\/div>\n<\/div>\n<\/div>\n<div class=\"mt2 mb2 \">\n<div class=\"grid-container \">\n<div class=\"block-mini-banner is-product-page\" data-ga-name=\"section-mini-banner\">\n<div class=\"grid-x grid-container align-middle\">\n<div class=\"cell media-cell medium-6\">\n<div class=\"block-mini-banner__media\">\n<figure class=\"text-center object-fit--contain\"><img decoding=\"async\" src=\"https:\/\/backend.intelbras.com\/sites\/default\/files\/styles\/large\/public\/2024-08\/Campo-de-visao-360-e-resolucao-full-hd_iM7-S-Full-Color_1.png\" alt=\"Campo de vis\u00e3o 360\u00b0 e resolu\u00e7\u00e3o Full HD\" \/><\/figure>\n<p><span class=\"text text--300\"><em>* Imagem ilustrativa<\/em><\/span><\/p>\n<\/div>\n<\/div>\n<div class=\"cell medium-auto\">\n<div class=\"block-mini-banner__content\">\n<div class=\"mt2 mb2 \">\n<h2 class=\"weight--small-300 weight--large-200 block-mini-banner__title h3\">Campo de vis\u00e3o 360\u00b0 e resolu\u00e7\u00e3o Full HD<\/h2>\n<\/div>\n<div class=\"text text--300\">\n<div class=\"block-template overflow-hidden\">\n<p>Com o campo de vis\u00e3o de 360\u00b0 \u00e9 poss\u00edvel capturar imagens de todo o ambiente com resolu\u00e7\u00e3o Full HD, para voc\u00ea acompanhar tudo o que acontece no ambiente monitorado, movimentando a c\u00e2mera pelo aplicativo Mibo Smart.<\/p>\n<\/div>\n<\/div>\n<\/div>\n<\/div>\n<\/div>\n<\/div>\n<\/div>\n<\/div>\n<div class=\"mt2 mb2 \">\n<div class=\"grid-container \">\n<div class=\"block-mini-banner is-product-page\" data-ga-name=\"section-mini-banner\">\n<div class=\"grid-x grid-container align-middle\">\n<div class=\"cell media-cell medium-6 medium-order-2 large-offset-1\">\n<div class=\"block-mini-banner__media\">\n<figure class=\"text-center object-fit--contain\"><img decoding=\"async\" src=\"https:\/\/backend.intelbras.com\/sites\/default\/files\/styles\/large\/public\/2024-08\/Protecao-contra-chuva-e-poeira_iM7-S-Full-Color_1.jpg\" alt=\"Prote\u00e7\u00e3o contra chuva e poeira\" \/><\/figure>\n<p><span class=\"text text--300\"><em>* Imagem ilustrativa<\/em><\/span><\/p>\n<\/div>\n<\/div>\n<div class=\"cell medium-auto medium-order-1\">\n<div class=\"block-mini-banner__content\">\n<div class=\"mt2 mb2 \">\n<h2 class=\"weight--small-300 weight--large-200 block-mini-banner__title h3\">Prote\u00e7\u00e3o contra chuva e poeira<\/h2>\n<\/div>\n<div class=\"text text--300\">\n<div class=\"block-template overflow-hidden\">\n<p>O modelo conta com prote\u00e7\u00e3o contra chuva e poeira, para que voc\u00ea tenha um monitoramento de qualidade e em todas as ocasi\u00f5es, fa\u00e7a chuva ou fa\u00e7a sol.<\/p>\n<\/div>\n<\/div>\n<\/div>\n<\/div>\n<\/div>\n<\/div>\n<\/div>\n<\/div>\n<div class=\"mt2 mb2 \">\n<div class=\"grid-container \">\n<div class=\"block-mini-banner is-product-page\" data-ga-name=\"section-mini-banner\">\n<div class=\"grid-x grid-container align-middle\">\n<div class=\"cell media-cell medium-6\">\n<div class=\"block-mini-banner__media\">\n<figure class=\"text-center object-fit--contain\"><img decoding=\"async\" src=\"https:\/\/backend.intelbras.com\/sites\/default\/files\/styles\/large\/public\/2024-08\/Microfone-interno_iM7-S-Full-Color_1.jpg\" alt=\"Microfone interno\" \/><\/figure>\n<p><span class=\"text text--300\"><em>* Imagem ilustrativa<\/em><\/span><\/p>\n<\/div>\n<\/div>\n<div class=\"cell medium-auto\">\n<div class=\"block-mini-banner__content\">\n<div class=\"mt2 mb2 \">\n<h2 class=\"weight--small-300 weight--large-200 block-mini-banner__title h3\">Microfone interno<\/h2>\n<\/div>\n<div class=\"text text--300\">\n<div class=\"block-template overflow-hidden\">\n<p>A iM7 S Full Color conta com microfone interno para que voc\u00ea fique por dentro de tudo o que acontece do lado de fora da sua resid\u00eancia.<\/p>\n<\/div>\n<\/div>\n<\/div>\n<\/div>\n<\/div>\n<\/div>\n<\/div>\n<\/div>\n<div class=\"mt2 mb2 \">\n<div class=\"grid-container \">\n<div class=\"block-mini-banner is-product-page\" data-ga-name=\"section-mini-banner\">\n<div class=\"grid-x grid-container align-middle\">\n<div class=\"cell media-cell medium-6 medium-order-2 large-offset-1\">\n<div class=\"block-mini-banner__media\">\n<figure class=\"text-center object-fit--contain\"><\/figure>\n<p><span class=\"text text--300\"><em>* Imagem ilustrativa<\/em><\/span><\/p>\n<\/div>\n<\/div>\n<div class=\"cell medium-auto medium-order-1\">\n<div class=\"block-mini-banner__content\">\n<div class=\"mt2 mb2 \">\n<h2 class=\"weight--small-300 weight--large-200 block-mini-banner__title h3\">Multiarmazenamento, acompanha cart\u00e3o 32GB original WD<\/h2>\n<\/div>\n<div class=\"text text--300\">\n<div class=\"block-template overflow-hidden\">\n<p>Armazene os momentos importantes com seguran\u00e7a no cart\u00e3o micro-SD\u00b9, em DVR\/NVR com tecnologia Onvif ou pelo servi\u00e7o de grava\u00e7\u00e3o em nuvem Mibo Cloud.<\/p>\n<\/div>\n<\/div>\n<\/div>\n<\/div>\n<\/div>\n<\/div>\n<\/div>\n<\/div>\n","protected":false},"excerpt":{"rendered":"<p>Com vis\u00e3o 360\u00b0, prote\u00e7\u00e3o contra chuva e poeira, imagens em alta defini\u00e7\u00e3o e coloridas durante a noite, para voc\u00ea ficar por dentro de tudo que acontece no ambiente&#8230;<\/p>\n","protected":false},"featured_media":14838,"comment_status":"closed","ping_status":"closed","template":"","meta":[],"product_brand":[],"product_cat":[1838,2643,2638,2644],"product_tag":[],"class_list":{"0":"post-14933","1":"product","2":"type-product","3":"status-publish","4":"has-post-thumbnail","6":"product_cat-cameras-de-seguranca","7":"product_cat-cameras-wifi-seguranca","8":"product_cat-camera-de-seguranca-full-color","9":"product_cat-cameras-wifi-mibo","11":"first","12":"instock","13":"shipping-taxable","14":"purchasable","15":"product-type-simple"},"yoast_head":"<!-- This site is optimized with the Yoast SEO plugin v27.3 - https:\/\/yoast.com\/product\/yoast-seo-wordpress\/ -->\n<title>C\u00e2mera externa inteligente Wi-Fi Full HD 360\u00b0 IM7 S Full Color Micro SD 32GB - Loja Melhor do Sul Sistemas de Seguran\u00e7a<\/title>\n<meta name=\"robots\" content=\"index, follow, max-snippet:-1, max-image-preview:large, max-video-preview:-1\" \/>\n<link rel=\"canonical\" href=\"https:\/\/www.lojamelhordosul.com.br\/site\/produto\/camera-externa-inteligente-wi-fi-full-hd-360-im7-s-full-color-micro-sd-32gb\/\" \/>\n<meta property=\"og:locale\" content=\"pt_BR\" \/>\n<meta property=\"og:type\" content=\"article\" \/>\n<meta property=\"og:title\" content=\"C\u00e2mera externa inteligente Wi-Fi Full HD 360\u00b0 IM7 S Full Color Micro SD 32GB - Loja Melhor do Sul Sistemas de Seguran\u00e7a\" \/>\n<meta property=\"og:description\" content=\"Com vis\u00e3o 360\u00b0, prote\u00e7\u00e3o contra chuva e poeira, imagens em alta defini\u00e7\u00e3o e coloridas durante a noite, para voc\u00ea ficar por dentro de tudo que acontece no ambiente...\" \/>\n<meta property=\"og:url\" content=\"https:\/\/www.lojamelhordosul.com.br\/site\/produto\/camera-externa-inteligente-wi-fi-full-hd-360-im7-s-full-color-micro-sd-32gb\/\" \/>\n<meta property=\"og:site_name\" content=\"Loja Melhor do Sul Sistemas de Seguran\u00e7a\" \/>\n<meta property=\"article:modified_time\" content=\"2026-02-12T14:28:32+00:00\" \/>\n<meta property=\"og:image\" content=\"https:\/\/www.lojamelhordosul.com.br\/site\/wp-content\/uploads\/2024\/10\/im7-s.png\" \/>\n\t<meta property=\"og:image:width\" content=\"406\" \/>\n\t<meta property=\"og:image:height\" content=\"389\" \/>\n\t<meta property=\"og:image:type\" content=\"image\/png\" \/>\n<meta name=\"twitter:card\" content=\"summary_large_image\" \/>\n<meta name=\"twitter:label1\" content=\"Est. tempo de leitura\" \/>\n\t<meta name=\"twitter:data1\" content=\"3 minutos\" \/>\n<script type=\"application\/ld+json\" class=\"yoast-schema-graph\">{\"@context\":\"https:\\\/\\\/schema.org\",\"@graph\":[{\"@type\":\"WebPage\",\"@id\":\"https:\\\/\\\/www.lojamelhordosul.com.br\\\/site\\\/produto\\\/camera-externa-inteligente-wi-fi-full-hd-360-im7-s-full-color-micro-sd-32gb\\\/\",\"url\":\"https:\\\/\\\/www.lojamelhordosul.com.br\\\/site\\\/produto\\\/camera-externa-inteligente-wi-fi-full-hd-360-im7-s-full-color-micro-sd-32gb\\\/\",\"name\":\"C\u00e2mera externa inteligente Wi-Fi Full HD 360\u00b0 IM7 S Full Color Micro SD 32GB - Loja Melhor do Sul Sistemas de Seguran\u00e7a\",\"isPartOf\":{\"@id\":\"https:\\\/\\\/www.lojamelhordosul.com.br\\\/site\\\/#website\"},\"primaryImageOfPage\":{\"@id\":\"https:\\\/\\\/www.lojamelhordosul.com.br\\\/site\\\/produto\\\/camera-externa-inteligente-wi-fi-full-hd-360-im7-s-full-color-micro-sd-32gb\\\/#primaryimage\"},\"image\":{\"@id\":\"https:\\\/\\\/www.lojamelhordosul.com.br\\\/site\\\/produto\\\/camera-externa-inteligente-wi-fi-full-hd-360-im7-s-full-color-micro-sd-32gb\\\/#primaryimage\"},\"thumbnailUrl\":\"https:\\\/\\\/www.lojamelhordosul.com.br\\\/site\\\/wp-content\\\/uploads\\\/2024\\\/10\\\/im7-s.png\",\"datePublished\":\"2024-10-19T12:37:17+00:00\",\"dateModified\":\"2026-02-12T14:28:32+00:00\",\"breadcrumb\":{\"@id\":\"https:\\\/\\\/www.lojamelhordosul.com.br\\\/site\\\/produto\\\/camera-externa-inteligente-wi-fi-full-hd-360-im7-s-full-color-micro-sd-32gb\\\/#breadcrumb\"},\"inLanguage\":\"pt-BR\",\"potentialAction\":[{\"@type\":\"ReadAction\",\"target\":[\"https:\\\/\\\/www.lojamelhordosul.com.br\\\/site\\\/produto\\\/camera-externa-inteligente-wi-fi-full-hd-360-im7-s-full-color-micro-sd-32gb\\\/\"]}]},{\"@type\":\"ImageObject\",\"inLanguage\":\"pt-BR\",\"@id\":\"https:\\\/\\\/www.lojamelhordosul.com.br\\\/site\\\/produto\\\/camera-externa-inteligente-wi-fi-full-hd-360-im7-s-full-color-micro-sd-32gb\\\/#primaryimage\",\"url\":\"https:\\\/\\\/www.lojamelhordosul.com.br\\\/site\\\/wp-content\\\/uploads\\\/2024\\\/10\\\/im7-s.png\",\"contentUrl\":\"https:\\\/\\\/www.lojamelhordosul.com.br\\\/site\\\/wp-content\\\/uploads\\\/2024\\\/10\\\/im7-s.png\",\"width\":406,\"height\":389},{\"@type\":\"BreadcrumbList\",\"@id\":\"https:\\\/\\\/www.lojamelhordosul.com.br\\\/site\\\/produto\\\/camera-externa-inteligente-wi-fi-full-hd-360-im7-s-full-color-micro-sd-32gb\\\/#breadcrumb\",\"itemListElement\":[{\"@type\":\"ListItem\",\"position\":1,\"name\":\"In\u00edcio\",\"item\":\"https:\\\/\\\/www.lojamelhordosul.com.br\\\/site\\\/\"},{\"@type\":\"ListItem\",\"position\":2,\"name\":\"Loja\",\"item\":\"https:\\\/\\\/www.lojamelhordosul.com.br\\\/site\\\/loja\\\/\"},{\"@type\":\"ListItem\",\"position\":3,\"name\":\"C\u00e2mera externa inteligente Wi-Fi Full HD 360\u00b0 IM7 S Full Color Micro SD 32GB\"}]},{\"@type\":\"WebSite\",\"@id\":\"https:\\\/\\\/www.lojamelhordosul.com.br\\\/site\\\/#website\",\"url\":\"https:\\\/\\\/www.lojamelhordosul.com.br\\\/site\\\/\",\"name\":\"Loja Melhor do Sul Sistemas de Seguran\u00e7a\",\"description\":\"Loja Melhor do Sul - Revenda Ouro Intelbras em Porto Alegre\",\"publisher\":{\"@id\":\"https:\\\/\\\/www.lojamelhordosul.com.br\\\/site\\\/#organization\"},\"potentialAction\":[{\"@type\":\"SearchAction\",\"target\":{\"@type\":\"EntryPoint\",\"urlTemplate\":\"https:\\\/\\\/www.lojamelhordosul.com.br\\\/site\\\/?s={search_term_string}\"},\"query-input\":{\"@type\":\"PropertyValueSpecification\",\"valueRequired\":true,\"valueName\":\"search_term_string\"}}],\"inLanguage\":\"pt-BR\"},{\"@type\":\"Organization\",\"@id\":\"https:\\\/\\\/www.lojamelhordosul.com.br\\\/site\\\/#organization\",\"name\":\"Loja Melhor do Sul\",\"url\":\"https:\\\/\\\/www.lojamelhordosul.com.br\\\/site\\\/\",\"logo\":{\"@type\":\"ImageObject\",\"inLanguage\":\"pt-BR\",\"@id\":\"https:\\\/\\\/www.lojamelhordosul.com.br\\\/site\\\/#\\\/schema\\\/logo\\\/image\\\/\",\"url\":\"https:\\\/\\\/www.lojamelhordosul.com.br\\\/site\\\/wp-content\\\/uploads\\\/2019\\\/10\\\/logo-longo-da-loja.png\",\"contentUrl\":\"https:\\\/\\\/www.lojamelhordosul.com.br\\\/site\\\/wp-content\\\/uploads\\\/2019\\\/10\\\/logo-longo-da-loja.png\",\"width\":597,\"height\":114,\"caption\":\"Loja Melhor do Sul\"},\"image\":{\"@id\":\"https:\\\/\\\/www.lojamelhordosul.com.br\\\/site\\\/#\\\/schema\\\/logo\\\/image\\\/\"}}]}<\/script>\n<!-- \/ Yoast SEO plugin. -->","yoast_head_json":{"title":"C\u00e2mera externa inteligente Wi-Fi Full HD 360\u00b0 IM7 S Full Color Micro SD 32GB - Loja Melhor do Sul Sistemas de Seguran\u00e7a","robots":{"index":"index","follow":"follow","max-snippet":"max-snippet:-1","max-image-preview":"max-image-preview:large","max-video-preview":"max-video-preview:-1"},"canonical":"https:\/\/www.lojamelhordosul.com.br\/site\/produto\/camera-externa-inteligente-wi-fi-full-hd-360-im7-s-full-color-micro-sd-32gb\/","og_locale":"pt_BR","og_type":"article","og_title":"C\u00e2mera externa inteligente Wi-Fi Full HD 360\u00b0 IM7 S Full Color Micro SD 32GB - Loja Melhor do Sul Sistemas de Seguran\u00e7a","og_description":"Com vis\u00e3o 360\u00b0, prote\u00e7\u00e3o contra chuva e poeira, imagens em alta defini\u00e7\u00e3o e coloridas durante a noite, para voc\u00ea ficar por dentro de tudo que acontece no ambiente...","og_url":"https:\/\/www.lojamelhordosul.com.br\/site\/produto\/camera-externa-inteligente-wi-fi-full-hd-360-im7-s-full-color-micro-sd-32gb\/","og_site_name":"Loja Melhor do Sul Sistemas de Seguran\u00e7a","article_modified_time":"2026-02-12T14:28:32+00:00","og_image":[{"width":406,"height":389,"url":"https:\/\/www.lojamelhordosul.com.br\/site\/wp-content\/uploads\/2024\/10\/im7-s.png","type":"image\/png"}],"twitter_card":"summary_large_image","twitter_misc":{"Est. tempo de leitura":"3 minutos"},"schema":{"@context":"https:\/\/schema.org","@graph":[{"@type":"WebPage","@id":"https:\/\/www.lojamelhordosul.com.br\/site\/produto\/camera-externa-inteligente-wi-fi-full-hd-360-im7-s-full-color-micro-sd-32gb\/","url":"https:\/\/www.lojamelhordosul.com.br\/site\/produto\/camera-externa-inteligente-wi-fi-full-hd-360-im7-s-full-color-micro-sd-32gb\/","name":"C\u00e2mera externa inteligente Wi-Fi Full HD 360\u00b0 IM7 S Full Color Micro SD 32GB - Loja Melhor do Sul Sistemas de Seguran\u00e7a","isPartOf":{"@id":"https:\/\/www.lojamelhordosul.com.br\/site\/#website"},"primaryImageOfPage":{"@id":"https:\/\/www.lojamelhordosul.com.br\/site\/produto\/camera-externa-inteligente-wi-fi-full-hd-360-im7-s-full-color-micro-sd-32gb\/#primaryimage"},"image":{"@id":"https:\/\/www.lojamelhordosul.com.br\/site\/produto\/camera-externa-inteligente-wi-fi-full-hd-360-im7-s-full-color-micro-sd-32gb\/#primaryimage"},"thumbnailUrl":"https:\/\/www.lojamelhordosul.com.br\/site\/wp-content\/uploads\/2024\/10\/im7-s.png","datePublished":"2024-10-19T12:37:17+00:00","dateModified":"2026-02-12T14:28:32+00:00","breadcrumb":{"@id":"https:\/\/www.lojamelhordosul.com.br\/site\/produto\/camera-externa-inteligente-wi-fi-full-hd-360-im7-s-full-color-micro-sd-32gb\/#breadcrumb"},"inLanguage":"pt-BR","potentialAction":[{"@type":"ReadAction","target":["https:\/\/www.lojamelhordosul.com.br\/site\/produto\/camera-externa-inteligente-wi-fi-full-hd-360-im7-s-full-color-micro-sd-32gb\/"]}]},{"@type":"ImageObject","inLanguage":"pt-BR","@id":"https:\/\/www.lojamelhordosul.com.br\/site\/produto\/camera-externa-inteligente-wi-fi-full-hd-360-im7-s-full-color-micro-sd-32gb\/#primaryimage","url":"https:\/\/www.lojamelhordosul.com.br\/site\/wp-content\/uploads\/2024\/10\/im7-s.png","contentUrl":"https:\/\/www.lojamelhordosul.com.br\/site\/wp-content\/uploads\/2024\/10\/im7-s.png","width":406,"height":389},{"@type":"BreadcrumbList","@id":"https:\/\/www.lojamelhordosul.com.br\/site\/produto\/camera-externa-inteligente-wi-fi-full-hd-360-im7-s-full-color-micro-sd-32gb\/#breadcrumb","itemListElement":[{"@type":"ListItem","position":1,"name":"In\u00edcio","item":"https:\/\/www.lojamelhordosul.com.br\/site\/"},{"@type":"ListItem","position":2,"name":"Loja","item":"https:\/\/www.lojamelhordosul.com.br\/site\/loja\/"},{"@type":"ListItem","position":3,"name":"C\u00e2mera externa inteligente Wi-Fi Full HD 360\u00b0 IM7 S Full Color Micro SD 32GB"}]},{"@type":"WebSite","@id":"https:\/\/www.lojamelhordosul.com.br\/site\/#website","url":"https:\/\/www.lojamelhordosul.com.br\/site\/","name":"Loja Melhor do Sul Sistemas de Seguran\u00e7a","description":"Loja Melhor do Sul - Revenda Ouro Intelbras em Porto Alegre","publisher":{"@id":"https:\/\/www.lojamelhordosul.com.br\/site\/#organization"},"potentialAction":[{"@type":"SearchAction","target":{"@type":"EntryPoint","urlTemplate":"https:\/\/www.lojamelhordosul.com.br\/site\/?s={search_term_string}"},"query-input":{"@type":"PropertyValueSpecification","valueRequired":true,"valueName":"search_term_string"}}],"inLanguage":"pt-BR"},{"@type":"Organization","@id":"https:\/\/www.lojamelhordosul.com.br\/site\/#organization","name":"Loja Melhor do Sul","url":"https:\/\/www.lojamelhordosul.com.br\/site\/","logo":{"@type":"ImageObject","inLanguage":"pt-BR","@id":"https:\/\/www.lojamelhordosul.com.br\/site\/#\/schema\/logo\/image\/","url":"https:\/\/www.lojamelhordosul.com.br\/site\/wp-content\/uploads\/2019\/10\/logo-longo-da-loja.png","contentUrl":"https:\/\/www.lojamelhordosul.com.br\/site\/wp-content\/uploads\/2019\/10\/logo-longo-da-loja.png","width":597,"height":114,"caption":"Loja Melhor do Sul"},"image":{"@id":"https:\/\/www.lojamelhordosul.com.br\/site\/#\/schema\/logo\/image\/"}}]}},"_links":{"self":[{"href":"https:\/\/www.lojamelhordosul.com.br\/site\/wp-json\/wp\/v2\/product\/14933","targetHints":{"allow":["GET"]}}],"collection":[{"href":"https:\/\/www.lojamelhordosul.com.br\/site\/wp-json\/wp\/v2\/product"}],"about":[{"href":"https:\/\/www.lojamelhordosul.com.br\/site\/wp-json\/wp\/v2\/types\/product"}],"replies":[{"embeddable":true,"href":"https:\/\/www.lojamelhordosul.com.br\/site\/wp-json\/wp\/v2\/comments?post=14933"}],"wp:featuredmedia":[{"embeddable":true,"href":"https:\/\/www.lojamelhordosul.com.br\/site\/wp-json\/wp\/v2\/media\/14838"}],"wp:attachment":[{"href":"https:\/\/www.lojamelhordosul.com.br\/site\/wp-json\/wp\/v2\/media?parent=14933"}],"wp:term":[{"taxonomy":"product_brand","embeddable":true,"href":"https:\/\/www.lojamelhordosul.com.br\/site\/wp-json\/wp\/v2\/product_brand?post=14933"},{"taxonomy":"product_cat","embeddable":true,"href":"https:\/\/www.lojamelhordosul.com.br\/site\/wp-json\/wp\/v2\/product_cat?post=14933"},{"taxonomy":"product_tag","embeddable":true,"href":"https:\/\/www.lojamelhordosul.com.br\/site\/wp-json\/wp\/v2\/product_tag?post=14933"}],"curies":[{"name":"wp","href":"https:\/\/api.w.org\/{rel}","templated":true}]}}