{"id":14959,"date":"2024-11-14T12:19:09","date_gmt":"2024-11-14T15:19:09","guid":{"rendered":"https:\/\/www.lojamelhordosul.com.br\/site\/?post_type=product&#038;p=14959"},"modified":"2026-03-18T17:14:47","modified_gmt":"2026-03-18T20:14:47","slug":"gravador-digital-de-video-intelbras-8-canais-nvd-1408","status":"publish","type":"product","link":"https:\/\/www.lojamelhordosul.com.br\/site\/produto\/gravador-digital-de-video-intelbras-8-canais-nvd-1408\/","title":{"rendered":"Gravador Digital de V\u00eddeo Intelbras 8 canais &#8211; NVD 1408"},"content":{"rendered":"<div>\n<div class=\"z-index-4 internal-fixed-navigation\">\n<div class=\"grid-container \">\n<div class=\"navigation-sticky\">\n<div class=\"grid-x align-middle\">\n<p><img decoding=\"async\" class=\"entered lazyloaded\" src=\"https:\/\/backend.intelbras.com\/sites\/default\/files\/styles\/large\/public\/2021-07\/excelente-custo-beneficio-nvd-1408.jpg\" alt=\"excelente-custo-beneficio-nvd-1408\" data-lazy-src=\"https:\/\/backend.intelbras.com\/sites\/default\/files\/styles\/large\/public\/2021-07\/excelente-custo-beneficio-nvd-1408.jpg\" data-ll-status=\"loaded\" \/><\/p>\n<\/div>\n<\/div>\n<\/div>\n<\/div>\n<\/div>\n<div>\n<div class=\"grid-container \">\n<div class=\"mt2 mb2 \">\n<div class=\"grid-container \">\n<div class=\"block-mini-banner is-product-page\" data-ga-name=\"section-mini-banner\">\n<div class=\"grid-x grid-container align-middle\">\n<div class=\"cell media-cell medium-6 medium-order-2 large-offset-1\">\n<div class=\"block-mini-banner__media\"><span class=\"text text--300\"><em>* Imagem ilustrativa<\/em><\/span><\/div>\n<\/div>\n<div class=\"cell medium-auto medium-order-1\">\n<div class=\"block-mini-banner__content\">\n<div class=\"mt2 mb2 \">\n<h2 class=\"weight--small-300 weight--large-200 block-mini-banner__title h3\">Excelente custo-benef\u00edcio<\/h2>\n<\/div>\n<div class=\"text text--300\">\n<div class=\"block-template overflow-hidden\">\n<p>Com qualidade da marca l\u00edder em seguran\u00e7a, o NVD 1408 possui fun\u00e7\u00f5es \u00fanicas para tornar seu projeto de CFTV mais completo.<\/p>\n<\/div>\n<\/div>\n<\/div>\n<\/div>\n<\/div>\n<\/div>\n<\/div>\n<\/div>\n<div class=\"mt2 mb2 \">\n<div class=\"grid-container \">\n<div class=\"block-mini-banner is-product-page\" data-ga-name=\"section-mini-banner\">\n<div class=\"grid-x grid-container align-middle\">\n<div class=\"cell media-cell medium-6\">\n<div class=\"block-mini-banner__media\">\n<figure class=\"text-center object-fit--contain\"><img decoding=\"async\" class=\"entered lazyloaded\" src=\"https:\/\/backend.intelbras.com\/sites\/default\/files\/styles\/large\/public\/2021-07\/altissima-resolucao-nvd-1408.jpg\" alt=\"altissima-resolucao-nvd-1408\" data-lazy-src=\"https:\/\/backend.intelbras.com\/sites\/default\/files\/styles\/large\/public\/2021-07\/altissima-resolucao-nvd-1408.jpg\" data-ll-status=\"loaded\" \/><\/figure>\n<p><span class=\"text text--300\"><em>* Imagem ilustrativa<\/em><\/span><\/p>\n<\/div>\n<\/div>\n<div class=\"cell medium-auto\">\n<div class=\"block-mini-banner__content\">\n<div class=\"mt2 mb2 \">\n<h2 class=\"weight--small-300 weight--large-200 block-mini-banner__title h3\">Alt\u00edssima resolu\u00e7\u00e3o<\/h2>\n<\/div>\n<div class=\"text text--300\">\n<div class=\"block-template overflow-hidden\">\n<p>Grave e tenha todos os detalhes em resolu\u00e7\u00e3o 4K. \u00c9 qualidade Ultra HD para o seu monitoramento.<\/p>\n<\/div>\n<\/div>\n<\/div>\n<\/div>\n<\/div>\n<\/div>\n<\/div>\n<\/div>\n<div class=\"mt2 mb2 \">\n<div class=\"grid-container \">\n<div class=\"block-mini-banner is-product-page\" data-ga-name=\"section-mini-banner\">\n<div class=\"grid-x grid-container align-middle\">\n<div class=\"cell media-cell medium-6 medium-order-2 large-offset-1\">\n<div class=\"block-mini-banner__media\">\n<figure class=\"text-center object-fit--contain\"><img decoding=\"async\" class=\"entered lazyloaded\" src=\"https:\/\/backend.intelbras.com\/sites\/default\/files\/styles\/large\/public\/2023-06\/maior-capacidade-de-armazenamento-do-mercado-nvd-1408.jpg\" alt=\"maior-capacidade-de-armazenamento-do-mercado-nvd-1408.jpg\" data-lazy-src=\"https:\/\/backend.intelbras.com\/sites\/default\/files\/styles\/large\/public\/2023-06\/maior-capacidade-de-armazenamento-do-mercado-nvd-1408.jpg\" data-ll-status=\"loaded\" \/><\/figure>\n<p><span class=\"text text--300\"><em>* Imagem ilustrativa<\/em><\/span><\/p>\n<\/div>\n<\/div>\n<div class=\"cell medium-auto medium-order-1\">\n<div class=\"block-mini-banner__content\">\n<div class=\"mt2 mb2 \">\n<h2 class=\"weight--small-300 weight--large-200 block-mini-banner__title h3\">Maior capacidade de armazenamento do mercado<\/h2>\n<\/div>\n<div class=\"text text--300\">\n<div class=\"block-template overflow-hidden\">\n<p>O NVD possui 18 TB de armazenamento, o que garante maior suporte para os seus v\u00eddeos e arquivos.<\/p>\n<\/div>\n<\/div>\n<\/div>\n<\/div>\n<\/div>\n<\/div>\n<\/div>\n<\/div>\n<div class=\"mt2 mb2 \">\n<div class=\"grid-container \">\n<div class=\"block-mini-banner is-product-page\" data-ga-name=\"section-mini-banner\">\n<div class=\"grid-x grid-container align-middle\">\n<div class=\"cell media-cell medium-6\">\n<div class=\"block-mini-banner__media\">\n<figure class=\"text-center object-fit--contain\"><img decoding=\"async\" class=\"entered lazyloaded\" src=\"https:\/\/backend.intelbras.com\/sites\/default\/files\/styles\/large\/public\/2021-07\/adequado-aos-padroes-lgpd-nvd-1408.jpg\" alt=\"adequado-aos-padroes-lgpd-nvd-1408\" data-lazy-src=\"https:\/\/backend.intelbras.com\/sites\/default\/files\/styles\/large\/public\/2021-07\/adequado-aos-padroes-lgpd-nvd-1408.jpg\" data-ll-status=\"loaded\" \/><\/figure>\n<p><span class=\"text text--300\"><em>* Imagem ilustrativa<\/em><\/span><\/p>\n<\/div>\n<\/div>\n<div class=\"cell medium-auto\">\n<div class=\"block-mini-banner__content\">\n<div class=\"mt2 mb2 \">\n<h2 class=\"weight--small-300 weight--large-200 block-mini-banner__title h3\">Adequado aos padr\u00f5es LGPD<\/h2>\n<\/div>\n<div class=\"text text--300\">\n<div class=\"block-template overflow-hidden\">\n<p>Seguran\u00e7a de dados: o modelo tem criptografias de \u00e1udio e v\u00eddeo otimizadas e adequadas aos padr\u00f5es mais avan\u00e7ados do mercado.<\/p>\n<\/div>\n<\/div>\n<\/div>\n<\/div>\n<\/div>\n<\/div>\n<\/div>\n<\/div>\n<div class=\"mt2 mb2 \">\n<div class=\"grid-container \">\n<div class=\"block-mini-banner is-product-page\" data-ga-name=\"section-mini-banner\">\n<div class=\"grid-x grid-container align-middle\">\n<div class=\"cell media-cell medium-6 medium-order-2 large-offset-1\">\n<div class=\"block-mini-banner__media\">\n<figure class=\"text-center object-fit--contain\"><img decoding=\"async\" class=\"entered lazyloaded\" src=\"https:\/\/backend.intelbras.com\/sites\/default\/files\/styles\/large\/public\/2021-07\/suporte-aos-protocolos-nvd-1408.jpg\" alt=\"suporte-aos-protocolos-nvd-1408\" data-lazy-src=\"https:\/\/backend.intelbras.com\/sites\/default\/files\/styles\/large\/public\/2021-07\/suporte-aos-protocolos-nvd-1408.jpg\" data-ll-status=\"loaded\" \/><\/figure>\n<\/div>\n<\/div>\n<\/div>\n<\/div>\n<\/div>\n<\/div>\n<\/div>\n<\/div>\n","protected":false},"excerpt":{"rendered":"<p>* Imagem ilustrativa Excelente custo-benef\u00edcio Com qualidade da marca l\u00edder em seguran\u00e7a, o NVD 1408 possui fun\u00e7\u00f5es \u00fanicas para tornar seu projeto de CFTV mais completo. * Imagem ilustrativa Alt\u00edssima resolu\u00e7\u00e3o Grave e tenha todos os detalhes em resolu\u00e7\u00e3o 4K. \u00c9 qualidade Ultra HD para o seu monitoramento. * Imagem ilustrativa Maior capacidade de armazenamento &hellip; <a href=\"https:\/\/www.lojamelhordosul.com.br\/site\/produto\/gravador-digital-de-video-intelbras-8-canais-nvd-1408\/\" class=\"more-link\">Continuar lendo <span class=\"screen-reader-text\">Gravador Digital de V\u00eddeo Intelbras 8 canais &#8211; NVD 1408<\/span><\/a><\/p>\n","protected":false},"featured_media":14960,"comment_status":"closed","ping_status":"closed","template":"","meta":[],"product_brand":[],"product_cat":[2664],"product_tag":[],"class_list":{"0":"post-14959","1":"product","2":"type-product","3":"status-publish","4":"has-post-thumbnail","6":"product_cat-nvr-gravador-seguranca","8":"first","9":"instock","10":"shipping-taxable","11":"purchasable","12":"product-type-simple"},"yoast_head":"<!-- This site is optimized with the Yoast SEO plugin v27.5 - https:\/\/yoast.com\/product\/yoast-seo-wordpress\/ -->\n<title>Gravador Digital de V\u00eddeo Intelbras 8 canais - NVD 1408 - Loja Melhor do Sul Sistemas de Seguran\u00e7a<\/title>\n<meta name=\"robots\" content=\"index, follow, max-snippet:-1, max-image-preview:large, max-video-preview:-1\" \/>\n<link rel=\"canonical\" href=\"https:\/\/www.lojamelhordosul.com.br\/site\/produto\/gravador-digital-de-video-intelbras-8-canais-nvd-1408\/\" \/>\n<meta property=\"og:locale\" content=\"pt_BR\" \/>\n<meta property=\"og:type\" content=\"article\" \/>\n<meta property=\"og:title\" content=\"Gravador Digital de V\u00eddeo Intelbras 8 canais - NVD 1408 - Loja Melhor do Sul Sistemas de Seguran\u00e7a\" \/>\n<meta property=\"og:description\" content=\"* Imagem ilustrativa Excelente custo-benef\u00edcio Com qualidade da marca l\u00edder em seguran\u00e7a, o NVD 1408 possui fun\u00e7\u00f5es \u00fanicas para tornar seu projeto de CFTV mais completo. * Imagem ilustrativa Alt\u00edssima resolu\u00e7\u00e3o Grave e tenha todos os detalhes em resolu\u00e7\u00e3o 4K. \u00c9 qualidade Ultra HD para o seu monitoramento. * Imagem ilustrativa Maior capacidade de armazenamento &hellip; Continuar lendo Gravador Digital de V\u00eddeo Intelbras 8 canais &#8211; NVD 1408\" \/>\n<meta property=\"og:url\" content=\"https:\/\/www.lojamelhordosul.com.br\/site\/produto\/gravador-digital-de-video-intelbras-8-canais-nvd-1408\/\" \/>\n<meta property=\"og:site_name\" content=\"Loja Melhor do Sul Sistemas de Seguran\u00e7a\" \/>\n<meta property=\"article:modified_time\" content=\"2026-03-18T20:14:47+00:00\" \/>\n<meta property=\"og:image\" content=\"https:\/\/www.lojamelhordosul.com.br\/site\/wp-content\/uploads\/2024\/11\/Captura-de-tela-2024-11-14-121837.png\" \/>\n\t<meta property=\"og:image:width\" content=\"509\" \/>\n\t<meta property=\"og:image:height\" content=\"334\" \/>\n\t<meta property=\"og:image:type\" content=\"image\/png\" \/>\n<meta name=\"twitter:card\" content=\"summary_large_image\" \/>\n<meta name=\"twitter:label1\" content=\"Est. tempo de leitura\" \/>\n\t<meta name=\"twitter:data1\" content=\"2 minutos\" \/>\n<script type=\"application\/ld+json\" class=\"yoast-schema-graph\">{\"@context\":\"https:\\\/\\\/schema.org\",\"@graph\":[{\"@type\":\"WebPage\",\"@id\":\"https:\\\/\\\/www.lojamelhordosul.com.br\\\/site\\\/produto\\\/gravador-digital-de-video-intelbras-8-canais-nvd-1408\\\/\",\"url\":\"https:\\\/\\\/www.lojamelhordosul.com.br\\\/site\\\/produto\\\/gravador-digital-de-video-intelbras-8-canais-nvd-1408\\\/\",\"name\":\"Gravador Digital de V\u00eddeo Intelbras 8 canais - NVD 1408 - Loja Melhor do Sul Sistemas de Seguran\u00e7a\",\"isPartOf\":{\"@id\":\"https:\\\/\\\/www.lojamelhordosul.com.br\\\/site\\\/#website\"},\"primaryImageOfPage\":{\"@id\":\"https:\\\/\\\/www.lojamelhordosul.com.br\\\/site\\\/produto\\\/gravador-digital-de-video-intelbras-8-canais-nvd-1408\\\/#primaryimage\"},\"image\":{\"@id\":\"https:\\\/\\\/www.lojamelhordosul.com.br\\\/site\\\/produto\\\/gravador-digital-de-video-intelbras-8-canais-nvd-1408\\\/#primaryimage\"},\"thumbnailUrl\":\"https:\\\/\\\/www.lojamelhordosul.com.br\\\/site\\\/wp-content\\\/uploads\\\/2024\\\/11\\\/Captura-de-tela-2024-11-14-121837.png\",\"datePublished\":\"2024-11-14T15:19:09+00:00\",\"dateModified\":\"2026-03-18T20:14:47+00:00\",\"breadcrumb\":{\"@id\":\"https:\\\/\\\/www.lojamelhordosul.com.br\\\/site\\\/produto\\\/gravador-digital-de-video-intelbras-8-canais-nvd-1408\\\/#breadcrumb\"},\"inLanguage\":\"pt-BR\",\"potentialAction\":[{\"@type\":\"ReadAction\",\"target\":[\"https:\\\/\\\/www.lojamelhordosul.com.br\\\/site\\\/produto\\\/gravador-digital-de-video-intelbras-8-canais-nvd-1408\\\/\"]}]},{\"@type\":\"ImageObject\",\"inLanguage\":\"pt-BR\",\"@id\":\"https:\\\/\\\/www.lojamelhordosul.com.br\\\/site\\\/produto\\\/gravador-digital-de-video-intelbras-8-canais-nvd-1408\\\/#primaryimage\",\"url\":\"https:\\\/\\\/www.lojamelhordosul.com.br\\\/site\\\/wp-content\\\/uploads\\\/2024\\\/11\\\/Captura-de-tela-2024-11-14-121837.png\",\"contentUrl\":\"https:\\\/\\\/www.lojamelhordosul.com.br\\\/site\\\/wp-content\\\/uploads\\\/2024\\\/11\\\/Captura-de-tela-2024-11-14-121837.png\",\"width\":509,\"height\":334},{\"@type\":\"BreadcrumbList\",\"@id\":\"https:\\\/\\\/www.lojamelhordosul.com.br\\\/site\\\/produto\\\/gravador-digital-de-video-intelbras-8-canais-nvd-1408\\\/#breadcrumb\",\"itemListElement\":[{\"@type\":\"ListItem\",\"position\":1,\"name\":\"In\u00edcio\",\"item\":\"https:\\\/\\\/www.lojamelhordosul.com.br\\\/site\\\/\"},{\"@type\":\"ListItem\",\"position\":2,\"name\":\"Loja\",\"item\":\"https:\\\/\\\/www.lojamelhordosul.com.br\\\/site\\\/loja\\\/\"},{\"@type\":\"ListItem\",\"position\":3,\"name\":\"Gravador Digital de V\u00eddeo Intelbras 8 canais &#8211; NVD 1408\"}]},{\"@type\":\"WebSite\",\"@id\":\"https:\\\/\\\/www.lojamelhordosul.com.br\\\/site\\\/#website\",\"url\":\"https:\\\/\\\/www.lojamelhordosul.com.br\\\/site\\\/\",\"name\":\"Loja Melhor do Sul Sistemas de Seguran\u00e7a\",\"description\":\"Loja Melhor do Sul - Revenda Ouro Intelbras em Porto Alegre\",\"publisher\":{\"@id\":\"https:\\\/\\\/www.lojamelhordosul.com.br\\\/site\\\/#organization\"},\"potentialAction\":[{\"@type\":\"SearchAction\",\"target\":{\"@type\":\"EntryPoint\",\"urlTemplate\":\"https:\\\/\\\/www.lojamelhordosul.com.br\\\/site\\\/?s={search_term_string}\"},\"query-input\":{\"@type\":\"PropertyValueSpecification\",\"valueRequired\":true,\"valueName\":\"search_term_string\"}}],\"inLanguage\":\"pt-BR\"},{\"@type\":\"Organization\",\"@id\":\"https:\\\/\\\/www.lojamelhordosul.com.br\\\/site\\\/#organization\",\"name\":\"Loja Melhor do Sul\",\"url\":\"https:\\\/\\\/www.lojamelhordosul.com.br\\\/site\\\/\",\"logo\":{\"@type\":\"ImageObject\",\"inLanguage\":\"pt-BR\",\"@id\":\"https:\\\/\\\/www.lojamelhordosul.com.br\\\/site\\\/#\\\/schema\\\/logo\\\/image\\\/\",\"url\":\"https:\\\/\\\/www.lojamelhordosul.com.br\\\/site\\\/wp-content\\\/uploads\\\/2019\\\/10\\\/logo-longo-da-loja.png\",\"contentUrl\":\"https:\\\/\\\/www.lojamelhordosul.com.br\\\/site\\\/wp-content\\\/uploads\\\/2019\\\/10\\\/logo-longo-da-loja.png\",\"width\":597,\"height\":114,\"caption\":\"Loja Melhor do Sul\"},\"image\":{\"@id\":\"https:\\\/\\\/www.lojamelhordosul.com.br\\\/site\\\/#\\\/schema\\\/logo\\\/image\\\/\"}}]}<\/script>\n<!-- \/ Yoast SEO plugin. -->","yoast_head_json":{"title":"Gravador Digital de V\u00eddeo Intelbras 8 canais - NVD 1408 - Loja Melhor do Sul Sistemas de Seguran\u00e7a","robots":{"index":"index","follow":"follow","max-snippet":"max-snippet:-1","max-image-preview":"max-image-preview:large","max-video-preview":"max-video-preview:-1"},"canonical":"https:\/\/www.lojamelhordosul.com.br\/site\/produto\/gravador-digital-de-video-intelbras-8-canais-nvd-1408\/","og_locale":"pt_BR","og_type":"article","og_title":"Gravador Digital de V\u00eddeo Intelbras 8 canais - NVD 1408 - Loja Melhor do Sul Sistemas de Seguran\u00e7a","og_description":"* Imagem ilustrativa Excelente custo-benef\u00edcio Com qualidade da marca l\u00edder em seguran\u00e7a, o NVD 1408 possui fun\u00e7\u00f5es \u00fanicas para tornar seu projeto de CFTV mais completo. * Imagem ilustrativa Alt\u00edssima resolu\u00e7\u00e3o Grave e tenha todos os detalhes em resolu\u00e7\u00e3o 4K. \u00c9 qualidade Ultra HD para o seu monitoramento. * Imagem ilustrativa Maior capacidade de armazenamento &hellip; Continuar lendo Gravador Digital de V\u00eddeo Intelbras 8 canais &#8211; NVD 1408","og_url":"https:\/\/www.lojamelhordosul.com.br\/site\/produto\/gravador-digital-de-video-intelbras-8-canais-nvd-1408\/","og_site_name":"Loja Melhor do Sul Sistemas de Seguran\u00e7a","article_modified_time":"2026-03-18T20:14:47+00:00","og_image":[{"width":509,"height":334,"url":"https:\/\/www.lojamelhordosul.com.br\/site\/wp-content\/uploads\/2024\/11\/Captura-de-tela-2024-11-14-121837.png","type":"image\/png"}],"twitter_card":"summary_large_image","twitter_misc":{"Est. tempo de leitura":"2 minutos"},"schema":{"@context":"https:\/\/schema.org","@graph":[{"@type":"WebPage","@id":"https:\/\/www.lojamelhordosul.com.br\/site\/produto\/gravador-digital-de-video-intelbras-8-canais-nvd-1408\/","url":"https:\/\/www.lojamelhordosul.com.br\/site\/produto\/gravador-digital-de-video-intelbras-8-canais-nvd-1408\/","name":"Gravador Digital de V\u00eddeo Intelbras 8 canais - NVD 1408 - Loja Melhor do Sul Sistemas de Seguran\u00e7a","isPartOf":{"@id":"https:\/\/www.lojamelhordosul.com.br\/site\/#website"},"primaryImageOfPage":{"@id":"https:\/\/www.lojamelhordosul.com.br\/site\/produto\/gravador-digital-de-video-intelbras-8-canais-nvd-1408\/#primaryimage"},"image":{"@id":"https:\/\/www.lojamelhordosul.com.br\/site\/produto\/gravador-digital-de-video-intelbras-8-canais-nvd-1408\/#primaryimage"},"thumbnailUrl":"https:\/\/www.lojamelhordosul.com.br\/site\/wp-content\/uploads\/2024\/11\/Captura-de-tela-2024-11-14-121837.png","datePublished":"2024-11-14T15:19:09+00:00","dateModified":"2026-03-18T20:14:47+00:00","breadcrumb":{"@id":"https:\/\/www.lojamelhordosul.com.br\/site\/produto\/gravador-digital-de-video-intelbras-8-canais-nvd-1408\/#breadcrumb"},"inLanguage":"pt-BR","potentialAction":[{"@type":"ReadAction","target":["https:\/\/www.lojamelhordosul.com.br\/site\/produto\/gravador-digital-de-video-intelbras-8-canais-nvd-1408\/"]}]},{"@type":"ImageObject","inLanguage":"pt-BR","@id":"https:\/\/www.lojamelhordosul.com.br\/site\/produto\/gravador-digital-de-video-intelbras-8-canais-nvd-1408\/#primaryimage","url":"https:\/\/www.lojamelhordosul.com.br\/site\/wp-content\/uploads\/2024\/11\/Captura-de-tela-2024-11-14-121837.png","contentUrl":"https:\/\/www.lojamelhordosul.com.br\/site\/wp-content\/uploads\/2024\/11\/Captura-de-tela-2024-11-14-121837.png","width":509,"height":334},{"@type":"BreadcrumbList","@id":"https:\/\/www.lojamelhordosul.com.br\/site\/produto\/gravador-digital-de-video-intelbras-8-canais-nvd-1408\/#breadcrumb","itemListElement":[{"@type":"ListItem","position":1,"name":"In\u00edcio","item":"https:\/\/www.lojamelhordosul.com.br\/site\/"},{"@type":"ListItem","position":2,"name":"Loja","item":"https:\/\/www.lojamelhordosul.com.br\/site\/loja\/"},{"@type":"ListItem","position":3,"name":"Gravador Digital de V\u00eddeo Intelbras 8 canais &#8211; NVD 1408"}]},{"@type":"WebSite","@id":"https:\/\/www.lojamelhordosul.com.br\/site\/#website","url":"https:\/\/www.lojamelhordosul.com.br\/site\/","name":"Loja Melhor do Sul Sistemas de Seguran\u00e7a","description":"Loja Melhor do Sul - Revenda Ouro Intelbras em Porto Alegre","publisher":{"@id":"https:\/\/www.lojamelhordosul.com.br\/site\/#organization"},"potentialAction":[{"@type":"SearchAction","target":{"@type":"EntryPoint","urlTemplate":"https:\/\/www.lojamelhordosul.com.br\/site\/?s={search_term_string}"},"query-input":{"@type":"PropertyValueSpecification","valueRequired":true,"valueName":"search_term_string"}}],"inLanguage":"pt-BR"},{"@type":"Organization","@id":"https:\/\/www.lojamelhordosul.com.br\/site\/#organization","name":"Loja Melhor do Sul","url":"https:\/\/www.lojamelhordosul.com.br\/site\/","logo":{"@type":"ImageObject","inLanguage":"pt-BR","@id":"https:\/\/www.lojamelhordosul.com.br\/site\/#\/schema\/logo\/image\/","url":"https:\/\/www.lojamelhordosul.com.br\/site\/wp-content\/uploads\/2019\/10\/logo-longo-da-loja.png","contentUrl":"https:\/\/www.lojamelhordosul.com.br\/site\/wp-content\/uploads\/2019\/10\/logo-longo-da-loja.png","width":597,"height":114,"caption":"Loja Melhor do Sul"},"image":{"@id":"https:\/\/www.lojamelhordosul.com.br\/site\/#\/schema\/logo\/image\/"}}]}},"_links":{"self":[{"href":"https:\/\/www.lojamelhordosul.com.br\/site\/wp-json\/wp\/v2\/product\/14959","targetHints":{"allow":["GET"]}}],"collection":[{"href":"https:\/\/www.lojamelhordosul.com.br\/site\/wp-json\/wp\/v2\/product"}],"about":[{"href":"https:\/\/www.lojamelhordosul.com.br\/site\/wp-json\/wp\/v2\/types\/product"}],"replies":[{"embeddable":true,"href":"https:\/\/www.lojamelhordosul.com.br\/site\/wp-json\/wp\/v2\/comments?post=14959"}],"wp:featuredmedia":[{"embeddable":true,"href":"https:\/\/www.lojamelhordosul.com.br\/site\/wp-json\/wp\/v2\/media\/14960"}],"wp:attachment":[{"href":"https:\/\/www.lojamelhordosul.com.br\/site\/wp-json\/wp\/v2\/media?parent=14959"}],"wp:term":[{"taxonomy":"product_brand","embeddable":true,"href":"https:\/\/www.lojamelhordosul.com.br\/site\/wp-json\/wp\/v2\/product_brand?post=14959"},{"taxonomy":"product_cat","embeddable":true,"href":"https:\/\/www.lojamelhordosul.com.br\/site\/wp-json\/wp\/v2\/product_cat?post=14959"},{"taxonomy":"product_tag","embeddable":true,"href":"https:\/\/www.lojamelhordosul.com.br\/site\/wp-json\/wp\/v2\/product_tag?post=14959"}],"curies":[{"name":"wp","href":"https:\/\/api.w.org\/{rel}","templated":true}]}}