{"id":15113,"date":"2025-05-13T15:32:49","date_gmt":"2025-05-13T18:32:49","guid":{"rendered":"https:\/\/www.lojamelhordosul.com.br\/site\/?post_type=product&#038;p=15113"},"modified":"2026-01-30T13:31:26","modified_gmt":"2026-01-30T16:31:26","slug":"camera-espia-camuflada-de-sensor-de-fumaca","status":"publish","type":"product","link":"https:\/\/www.lojamelhordosul.com.br\/site\/produto\/camera-espia-camuflada-de-sensor-de-fumaca\/","title":{"rendered":"C\u00e2mera Espi\u00e3 &#8211; Camuflada de Sensor de Fuma\u00e7a"},"content":{"rendered":"<p><strong>Especifica\u00e7\u00f5es:<\/strong><\/p>\n<table border=\"1\" cellspacing=\"0\" cellpadding=\"0\">\n<tbody>\n<tr>\n<td width=\"234\">\n<table border=\"1\" cellspacing=\"0\" cellpadding=\"0\">\n<tbody>\n<tr>\n<td valign=\"top\" width=\"196\">Compensa\u00e7\u00e3o m\u00ednima<\/td>\n<td valign=\"top\" width=\"380\">0.3 lux (f1.+2)<\/td>\n<\/tr>\n<tr>\n<td valign=\"top\" width=\"196\">Dispositivo de Imagem<\/td>\n<td valign=\"top\" width=\"380\">Nextchip DSP<\/td>\n<\/tr>\n<tr>\n<td valign=\"top\" width=\"196\">\n<p class=\"Default\">N\u00famero de Pixels<\/p>\n<\/td>\n<td valign=\"top\" width=\"380\">NTSC: 510(H) X 492 (V)<\/td>\n<\/tr>\n<tr>\n<td valign=\"top\" width=\"196\">\n<p class=\"Default\">Resolu\u00e7\u00e3o Horizontal<\/p>\n<\/td>\n<td valign=\"top\" width=\"380\">420 TV linhas<\/td>\n<\/tr>\n<tr>\n<td valign=\"top\" width=\"196\">Sinal de Video<\/td>\n<td valign=\"top\" width=\"380\">1.0 Vp-p75<\/td>\n<\/tr>\n<tr>\n<td valign=\"top\" width=\"196\">S\/N Ratio<\/td>\n<td valign=\"top\" width=\"380\">Maior 45dB<\/td>\n<\/tr>\n<tr>\n<td valign=\"top\" width=\"196\">\n<p class=\"Default\">Caracter\u00edsticas de ganho<\/p>\n<\/td>\n<td valign=\"top\" width=\"380\">0,45<\/td>\n<\/tr>\n<tr>\n<td valign=\"top\" width=\"196\">\n<p class=\"Default\">Compensa\u00e7\u00e3o Blacklight<\/p>\n<\/td>\n<td valign=\"top\" width=\"380\">Auto<\/td>\n<\/tr>\n<tr>\n<td valign=\"top\" width=\"196\">\n<p class=\"Default\">Shutter Eletr\u00f4nico<\/p>\n<\/td>\n<td valign=\"top\" width=\"380\">Auto (1\/60 (50) ~ 1\/110,000)<\/td>\n<\/tr>\n<tr>\n<td valign=\"top\" width=\"196\">\n<p class=\"Default\">Consumo<\/p>\n<\/td>\n<td valign=\"top\" width=\"380\">DC 12v \/ 125 mA<\/td>\n<\/tr>\n<tr>\n<td valign=\"top\" width=\"196\">\n<p class=\"Default\">Temperatura de opera\u00e7\u00e3o<\/p>\n<\/td>\n<td valign=\"top\" width=\"380\">\n<p class=\"Default\">-10\u00baC ~ +50\u00baC<\/p>\n<\/td>\n<\/tr>\n<tr>\n<td valign=\"top\" width=\"196\">\n<p class=\"Default\">Montagem de Lente<\/p>\n<\/td>\n<td valign=\"top\" width=\"380\">\n<p class=\"Default\">3,7 mm<\/p>\n<\/td>\n<\/tr>\n<\/tbody>\n<\/table>\n<\/td>\n<\/tr>\n<\/tbody>\n<\/table>\n","protected":false},"excerpt":{"rendered":"<p>C\u00e2mera de seguran\u00e7a com formato de sensor de fuma\u00e7a, ideal para espionar. Muito discreto e de alta qualidade. Essa c\u00e2mera n\u00e3o funciona com cart\u00e3o de memoria ou memoria interna, ela precisar ser alimentada com energia 12v at\u00e9 1 amperes, O cabo de imagem e BNC. Para gravar as imagens voc\u00ea precisa ter um circuito de c\u00e2meras instalado.<\/p>\n","protected":false},"featured_media":15114,"comment_status":"closed","ping_status":"closed","template":"","meta":[],"product_brand":[],"product_cat":[2735],"product_tag":[],"class_list":{"0":"post-15113","1":"product","2":"type-product","3":"status-publish","4":"has-post-thumbnail","6":"product_cat-linha-espia","8":"first","9":"onbackorder","10":"shipping-taxable","11":"purchasable","12":"product-type-simple"},"yoast_head":"<!-- This site is optimized with the Yoast SEO plugin v27.3 - https:\/\/yoast.com\/product\/yoast-seo-wordpress\/ -->\n<title>C\u00e2mera Espi\u00e3 - Camuflada de Sensor de Fuma\u00e7a - Loja Melhor do Sul Sistemas de Seguran\u00e7a<\/title>\n<meta name=\"robots\" content=\"index, follow, max-snippet:-1, max-image-preview:large, max-video-preview:-1\" \/>\n<link rel=\"canonical\" href=\"https:\/\/www.lojamelhordosul.com.br\/site\/produto\/camera-espia-camuflada-de-sensor-de-fumaca\/\" \/>\n<meta property=\"og:locale\" content=\"pt_BR\" \/>\n<meta property=\"og:type\" content=\"article\" \/>\n<meta property=\"og:title\" content=\"C\u00e2mera Espi\u00e3 - Camuflada de Sensor de Fuma\u00e7a - Loja Melhor do Sul Sistemas de Seguran\u00e7a\" \/>\n<meta property=\"og:description\" content=\"C\u00e2mera de seguran\u00e7a com formato de sensor de fuma\u00e7a, ideal para espionar. Muito discreto e de alta qualidade. Essa c\u00e2mera n\u00e3o funciona com cart\u00e3o de memoria ou memoria interna, ela precisar ser alimentada com energia 12v at\u00e9 1 amperes, O cabo de imagem e BNC. Para gravar as imagens voc\u00ea precisa ter um circuito de c\u00e2meras instalado.\" \/>\n<meta property=\"og:url\" content=\"https:\/\/www.lojamelhordosul.com.br\/site\/produto\/camera-espia-camuflada-de-sensor-de-fumaca\/\" \/>\n<meta property=\"og:site_name\" content=\"Loja Melhor do Sul Sistemas de Seguran\u00e7a\" \/>\n<meta property=\"article:modified_time\" content=\"2026-01-30T16:31:26+00:00\" \/>\n<meta property=\"og:image\" content=\"https:\/\/www.lojamelhordosul.com.br\/site\/wp-content\/uploads\/2025\/05\/camera-camuflada-espi-sensor-fumaca-sharp-14-420l-stilus__81679_std.webp\" \/>\n\t<meta property=\"og:image:width\" content=\"500\" \/>\n\t<meta property=\"og:image:height\" content=\"255\" \/>\n\t<meta property=\"og:image:type\" content=\"image\/webp\" \/>\n<meta name=\"twitter:card\" content=\"summary_large_image\" \/>\n<meta name=\"twitter:label1\" content=\"Est. tempo de leitura\" \/>\n\t<meta name=\"twitter:data1\" content=\"1 minuto\" \/>\n<script type=\"application\/ld+json\" class=\"yoast-schema-graph\">{\"@context\":\"https:\\\/\\\/schema.org\",\"@graph\":[{\"@type\":\"WebPage\",\"@id\":\"https:\\\/\\\/www.lojamelhordosul.com.br\\\/site\\\/produto\\\/camera-espia-camuflada-de-sensor-de-fumaca\\\/\",\"url\":\"https:\\\/\\\/www.lojamelhordosul.com.br\\\/site\\\/produto\\\/camera-espia-camuflada-de-sensor-de-fumaca\\\/\",\"name\":\"C\u00e2mera Espi\u00e3 - Camuflada de Sensor de Fuma\u00e7a - Loja Melhor do Sul Sistemas de Seguran\u00e7a\",\"isPartOf\":{\"@id\":\"https:\\\/\\\/www.lojamelhordosul.com.br\\\/site\\\/#website\"},\"primaryImageOfPage\":{\"@id\":\"https:\\\/\\\/www.lojamelhordosul.com.br\\\/site\\\/produto\\\/camera-espia-camuflada-de-sensor-de-fumaca\\\/#primaryimage\"},\"image\":{\"@id\":\"https:\\\/\\\/www.lojamelhordosul.com.br\\\/site\\\/produto\\\/camera-espia-camuflada-de-sensor-de-fumaca\\\/#primaryimage\"},\"thumbnailUrl\":\"https:\\\/\\\/www.lojamelhordosul.com.br\\\/site\\\/wp-content\\\/uploads\\\/2025\\\/05\\\/camera-camuflada-espi-sensor-fumaca-sharp-14-420l-stilus__81679_std.webp\",\"datePublished\":\"2025-05-13T18:32:49+00:00\",\"dateModified\":\"2026-01-30T16:31:26+00:00\",\"breadcrumb\":{\"@id\":\"https:\\\/\\\/www.lojamelhordosul.com.br\\\/site\\\/produto\\\/camera-espia-camuflada-de-sensor-de-fumaca\\\/#breadcrumb\"},\"inLanguage\":\"pt-BR\",\"potentialAction\":[{\"@type\":\"ReadAction\",\"target\":[\"https:\\\/\\\/www.lojamelhordosul.com.br\\\/site\\\/produto\\\/camera-espia-camuflada-de-sensor-de-fumaca\\\/\"]}]},{\"@type\":\"ImageObject\",\"inLanguage\":\"pt-BR\",\"@id\":\"https:\\\/\\\/www.lojamelhordosul.com.br\\\/site\\\/produto\\\/camera-espia-camuflada-de-sensor-de-fumaca\\\/#primaryimage\",\"url\":\"https:\\\/\\\/www.lojamelhordosul.com.br\\\/site\\\/wp-content\\\/uploads\\\/2025\\\/05\\\/camera-camuflada-espi-sensor-fumaca-sharp-14-420l-stilus__81679_std.webp\",\"contentUrl\":\"https:\\\/\\\/www.lojamelhordosul.com.br\\\/site\\\/wp-content\\\/uploads\\\/2025\\\/05\\\/camera-camuflada-espi-sensor-fumaca-sharp-14-420l-stilus__81679_std.webp\",\"width\":500,\"height\":255},{\"@type\":\"BreadcrumbList\",\"@id\":\"https:\\\/\\\/www.lojamelhordosul.com.br\\\/site\\\/produto\\\/camera-espia-camuflada-de-sensor-de-fumaca\\\/#breadcrumb\",\"itemListElement\":[{\"@type\":\"ListItem\",\"position\":1,\"name\":\"In\u00edcio\",\"item\":\"https:\\\/\\\/www.lojamelhordosul.com.br\\\/site\\\/\"},{\"@type\":\"ListItem\",\"position\":2,\"name\":\"Loja\",\"item\":\"https:\\\/\\\/www.lojamelhordosul.com.br\\\/site\\\/loja\\\/\"},{\"@type\":\"ListItem\",\"position\":3,\"name\":\"C\u00e2mera Espi\u00e3 &#8211; Camuflada de Sensor de Fuma\u00e7a\"}]},{\"@type\":\"WebSite\",\"@id\":\"https:\\\/\\\/www.lojamelhordosul.com.br\\\/site\\\/#website\",\"url\":\"https:\\\/\\\/www.lojamelhordosul.com.br\\\/site\\\/\",\"name\":\"Loja Melhor do Sul Sistemas de Seguran\u00e7a\",\"description\":\"Loja Melhor do Sul - Revenda Ouro Intelbras em Porto Alegre\",\"publisher\":{\"@id\":\"https:\\\/\\\/www.lojamelhordosul.com.br\\\/site\\\/#organization\"},\"potentialAction\":[{\"@type\":\"SearchAction\",\"target\":{\"@type\":\"EntryPoint\",\"urlTemplate\":\"https:\\\/\\\/www.lojamelhordosul.com.br\\\/site\\\/?s={search_term_string}\"},\"query-input\":{\"@type\":\"PropertyValueSpecification\",\"valueRequired\":true,\"valueName\":\"search_term_string\"}}],\"inLanguage\":\"pt-BR\"},{\"@type\":\"Organization\",\"@id\":\"https:\\\/\\\/www.lojamelhordosul.com.br\\\/site\\\/#organization\",\"name\":\"Loja Melhor do Sul\",\"url\":\"https:\\\/\\\/www.lojamelhordosul.com.br\\\/site\\\/\",\"logo\":{\"@type\":\"ImageObject\",\"inLanguage\":\"pt-BR\",\"@id\":\"https:\\\/\\\/www.lojamelhordosul.com.br\\\/site\\\/#\\\/schema\\\/logo\\\/image\\\/\",\"url\":\"https:\\\/\\\/www.lojamelhordosul.com.br\\\/site\\\/wp-content\\\/uploads\\\/2019\\\/10\\\/logo-longo-da-loja.png\",\"contentUrl\":\"https:\\\/\\\/www.lojamelhordosul.com.br\\\/site\\\/wp-content\\\/uploads\\\/2019\\\/10\\\/logo-longo-da-loja.png\",\"width\":597,\"height\":114,\"caption\":\"Loja Melhor do Sul\"},\"image\":{\"@id\":\"https:\\\/\\\/www.lojamelhordosul.com.br\\\/site\\\/#\\\/schema\\\/logo\\\/image\\\/\"}}]}<\/script>\n<!-- \/ Yoast SEO plugin. -->","yoast_head_json":{"title":"C\u00e2mera Espi\u00e3 - Camuflada de Sensor de Fuma\u00e7a - Loja Melhor do Sul Sistemas de Seguran\u00e7a","robots":{"index":"index","follow":"follow","max-snippet":"max-snippet:-1","max-image-preview":"max-image-preview:large","max-video-preview":"max-video-preview:-1"},"canonical":"https:\/\/www.lojamelhordosul.com.br\/site\/produto\/camera-espia-camuflada-de-sensor-de-fumaca\/","og_locale":"pt_BR","og_type":"article","og_title":"C\u00e2mera Espi\u00e3 - Camuflada de Sensor de Fuma\u00e7a - Loja Melhor do Sul Sistemas de Seguran\u00e7a","og_description":"C\u00e2mera de seguran\u00e7a com formato de sensor de fuma\u00e7a, ideal para espionar. Muito discreto e de alta qualidade. Essa c\u00e2mera n\u00e3o funciona com cart\u00e3o de memoria ou memoria interna, ela precisar ser alimentada com energia 12v at\u00e9 1 amperes, O cabo de imagem e BNC. Para gravar as imagens voc\u00ea precisa ter um circuito de c\u00e2meras instalado.","og_url":"https:\/\/www.lojamelhordosul.com.br\/site\/produto\/camera-espia-camuflada-de-sensor-de-fumaca\/","og_site_name":"Loja Melhor do Sul Sistemas de Seguran\u00e7a","article_modified_time":"2026-01-30T16:31:26+00:00","og_image":[{"width":500,"height":255,"url":"https:\/\/www.lojamelhordosul.com.br\/site\/wp-content\/uploads\/2025\/05\/camera-camuflada-espi-sensor-fumaca-sharp-14-420l-stilus__81679_std.webp","type":"image\/webp"}],"twitter_card":"summary_large_image","twitter_misc":{"Est. tempo de leitura":"1 minuto"},"schema":{"@context":"https:\/\/schema.org","@graph":[{"@type":"WebPage","@id":"https:\/\/www.lojamelhordosul.com.br\/site\/produto\/camera-espia-camuflada-de-sensor-de-fumaca\/","url":"https:\/\/www.lojamelhordosul.com.br\/site\/produto\/camera-espia-camuflada-de-sensor-de-fumaca\/","name":"C\u00e2mera Espi\u00e3 - Camuflada de Sensor de Fuma\u00e7a - Loja Melhor do Sul Sistemas de Seguran\u00e7a","isPartOf":{"@id":"https:\/\/www.lojamelhordosul.com.br\/site\/#website"},"primaryImageOfPage":{"@id":"https:\/\/www.lojamelhordosul.com.br\/site\/produto\/camera-espia-camuflada-de-sensor-de-fumaca\/#primaryimage"},"image":{"@id":"https:\/\/www.lojamelhordosul.com.br\/site\/produto\/camera-espia-camuflada-de-sensor-de-fumaca\/#primaryimage"},"thumbnailUrl":"https:\/\/www.lojamelhordosul.com.br\/site\/wp-content\/uploads\/2025\/05\/camera-camuflada-espi-sensor-fumaca-sharp-14-420l-stilus__81679_std.webp","datePublished":"2025-05-13T18:32:49+00:00","dateModified":"2026-01-30T16:31:26+00:00","breadcrumb":{"@id":"https:\/\/www.lojamelhordosul.com.br\/site\/produto\/camera-espia-camuflada-de-sensor-de-fumaca\/#breadcrumb"},"inLanguage":"pt-BR","potentialAction":[{"@type":"ReadAction","target":["https:\/\/www.lojamelhordosul.com.br\/site\/produto\/camera-espia-camuflada-de-sensor-de-fumaca\/"]}]},{"@type":"ImageObject","inLanguage":"pt-BR","@id":"https:\/\/www.lojamelhordosul.com.br\/site\/produto\/camera-espia-camuflada-de-sensor-de-fumaca\/#primaryimage","url":"https:\/\/www.lojamelhordosul.com.br\/site\/wp-content\/uploads\/2025\/05\/camera-camuflada-espi-sensor-fumaca-sharp-14-420l-stilus__81679_std.webp","contentUrl":"https:\/\/www.lojamelhordosul.com.br\/site\/wp-content\/uploads\/2025\/05\/camera-camuflada-espi-sensor-fumaca-sharp-14-420l-stilus__81679_std.webp","width":500,"height":255},{"@type":"BreadcrumbList","@id":"https:\/\/www.lojamelhordosul.com.br\/site\/produto\/camera-espia-camuflada-de-sensor-de-fumaca\/#breadcrumb","itemListElement":[{"@type":"ListItem","position":1,"name":"In\u00edcio","item":"https:\/\/www.lojamelhordosul.com.br\/site\/"},{"@type":"ListItem","position":2,"name":"Loja","item":"https:\/\/www.lojamelhordosul.com.br\/site\/loja\/"},{"@type":"ListItem","position":3,"name":"C\u00e2mera Espi\u00e3 &#8211; Camuflada de Sensor de Fuma\u00e7a"}]},{"@type":"WebSite","@id":"https:\/\/www.lojamelhordosul.com.br\/site\/#website","url":"https:\/\/www.lojamelhordosul.com.br\/site\/","name":"Loja Melhor do Sul Sistemas de Seguran\u00e7a","description":"Loja Melhor do Sul - Revenda Ouro Intelbras em Porto Alegre","publisher":{"@id":"https:\/\/www.lojamelhordosul.com.br\/site\/#organization"},"potentialAction":[{"@type":"SearchAction","target":{"@type":"EntryPoint","urlTemplate":"https:\/\/www.lojamelhordosul.com.br\/site\/?s={search_term_string}"},"query-input":{"@type":"PropertyValueSpecification","valueRequired":true,"valueName":"search_term_string"}}],"inLanguage":"pt-BR"},{"@type":"Organization","@id":"https:\/\/www.lojamelhordosul.com.br\/site\/#organization","name":"Loja Melhor do Sul","url":"https:\/\/www.lojamelhordosul.com.br\/site\/","logo":{"@type":"ImageObject","inLanguage":"pt-BR","@id":"https:\/\/www.lojamelhordosul.com.br\/site\/#\/schema\/logo\/image\/","url":"https:\/\/www.lojamelhordosul.com.br\/site\/wp-content\/uploads\/2019\/10\/logo-longo-da-loja.png","contentUrl":"https:\/\/www.lojamelhordosul.com.br\/site\/wp-content\/uploads\/2019\/10\/logo-longo-da-loja.png","width":597,"height":114,"caption":"Loja Melhor do Sul"},"image":{"@id":"https:\/\/www.lojamelhordosul.com.br\/site\/#\/schema\/logo\/image\/"}}]}},"_links":{"self":[{"href":"https:\/\/www.lojamelhordosul.com.br\/site\/wp-json\/wp\/v2\/product\/15113","targetHints":{"allow":["GET"]}}],"collection":[{"href":"https:\/\/www.lojamelhordosul.com.br\/site\/wp-json\/wp\/v2\/product"}],"about":[{"href":"https:\/\/www.lojamelhordosul.com.br\/site\/wp-json\/wp\/v2\/types\/product"}],"replies":[{"embeddable":true,"href":"https:\/\/www.lojamelhordosul.com.br\/site\/wp-json\/wp\/v2\/comments?post=15113"}],"wp:featuredmedia":[{"embeddable":true,"href":"https:\/\/www.lojamelhordosul.com.br\/site\/wp-json\/wp\/v2\/media\/15114"}],"wp:attachment":[{"href":"https:\/\/www.lojamelhordosul.com.br\/site\/wp-json\/wp\/v2\/media?parent=15113"}],"wp:term":[{"taxonomy":"product_brand","embeddable":true,"href":"https:\/\/www.lojamelhordosul.com.br\/site\/wp-json\/wp\/v2\/product_brand?post=15113"},{"taxonomy":"product_cat","embeddable":true,"href":"https:\/\/www.lojamelhordosul.com.br\/site\/wp-json\/wp\/v2\/product_cat?post=15113"},{"taxonomy":"product_tag","embeddable":true,"href":"https:\/\/www.lojamelhordosul.com.br\/site\/wp-json\/wp\/v2\/product_tag?post=15113"}],"curies":[{"name":"wp","href":"https:\/\/api.w.org\/{rel}","templated":true}]}}