{"id":15118,"date":"2025-05-20T14:26:30","date_gmt":"2025-05-20T17:26:30","guid":{"rendered":"https:\/\/www.lojamelhordosul.com.br\/site\/?post_type=product&#038;p=15118"},"modified":"2026-03-12T15:13:37","modified_gmt":"2026-03-12T18:13:37","slug":"switch-poe-10-100-1000-hz-1008-gb-poe-haiz","status":"publish","type":"product","link":"https:\/\/www.lojamelhordosul.com.br\/site\/produto\/switch-poe-10-100-1000-hz-1008-gb-poe-haiz\/","title":{"rendered":"SWITCH POE 10\/100\/1000 HZ- 1008 GB-POE Haiz"},"content":{"rendered":"<div id=\"description\" class=\"ui-pdp-container__row ui-pdp-container__row--description\">\n<div class=\"ui-pdp-collapsable ui-pdp-description-collapse\">\n<div class=\"ui-pdp-collapsable__container\">\n<div class=\"ui-pdp-description\">\n<p class=\"ui-pdp-description__content\" data-testid=\"content\">08 portas de 10\/100\/1000 Mbps<br \/>\nDesign Plug &amp; Play<br \/>\nSwitch de Mesa<\/p>\n<p>Com desempenho excepcional<br \/>\nO Switch HZ-1008GB oferece 08 portas Gigabit RJ-45 capazes de transferir arquivos grandes e compat\u00edveis com dispositivos Ethernet de 10Mbps a 1000Mbps.<\/p>\n<p>F\u00e1cil de Usar<br \/>\nOs recursos autom\u00e1ticos deste switch gigabit tornam a instala\u00e7\u00e3o f\u00e1cil e sem complica\u00e7\u00f5es. Nenhuma configura\u00e7\u00e3o \u00e9 necess\u00e1ria. Com MDI\/MDIX autom\u00e1tico elimina a necessidade de cabos cruzados. A negocia\u00e7\u00e3o autom\u00e1tica em cada porta detecta a velocidade do link de um dispositivo de rede (10, 100 ou 1000 Mbps) e ajusta-se de forma inteligente para compatibilidade e desempenho ideal.<\/p>\n<p>Datasheet<br \/>\nPadr\u00f5es e Protocolos:<br \/>\nIEEE 802.3i, IEEE 802.3u, IEEE 802.3ab , IEEE 802.3x<\/p>\n<p>Interface<br \/>\n08 portas RJ45 10\/100\/1000Mbps (Auto Negocia\u00e7\u00e3o\/Auto MDI\/MDIX)<\/p>\n<p>M\u00eddia de Rede<br \/>\n10Base-T: UTP (m\u00e1ximo 100m)<br \/>\n100Base-TX\/1000Base-T: UTP (m\u00e1ximo 100m)<\/p>\n<p>Fonte de Alimenta\u00e7\u00e3o<br \/>\nBivolt: 100-240VAC, 50\/60Hz<\/p>\n<p>M\u00e9todo de Transfer\u00eancia<br \/>\nStore-and-Forward<\/p>\n<p>Garantia do vendedor: 90 dias<\/p>\n<\/div>\n<\/div>\n<\/div>\n<\/div>\n<div class=\"ui-vip-core-spot-middle\">\n<section class=\"ui-recommendations-carousel-wrapper-ref ui-recommendations-over-white-background\">\n<div class=\"ui-recommendations-carousel-snapped ui-pdp-with--separator-top ui-pdp-with--separator-top--full mb-40 recos-override__card-vertical\">\n<div class=\"ui-recommendations-carousel-snapped__header\">\n<div class=\"ui-recommendations-carousel-snapped__header-titles\"><\/div>\n<\/div>\n<\/div>\n<\/section>\n<\/div>\n","protected":false},"excerpt":{"rendered":"<p>O Switch Haiz HZ-1008GB oferece uma solu\u00e7\u00e3o de rede de alto desempenho, acess\u00edvel e f\u00e1cil de usar, sendo perfeito para melhorar sua conex\u00e3o com velocidades de at\u00e9 1000 Mbps. Com suas 08 portas, todas com suporte a MDI\/MDIX autom\u00e1tico, voc\u00ea n\u00e3o precisa se preocupar com o tipo de cabo a ser utilizado, pois \u00e9 simplesmente plug and play.<\/p>\n","protected":false},"featured_media":16312,"comment_status":"closed","ping_status":"closed","template":"","meta":[],"product_brand":[],"product_cat":[2774,2781],"product_tag":[],"class_list":{"0":"post-15118","1":"product","2":"type-product","3":"status-publish","4":"has-post-thumbnail","6":"product_cat-redes","7":"product_cat-redes-switches","9":"first","10":"instock","11":"shipping-taxable","12":"purchasable","13":"product-type-simple"},"yoast_head":"<!-- This site is optimized with the Yoast SEO plugin v27.5 - https:\/\/yoast.com\/product\/yoast-seo-wordpress\/ -->\n<title>SWITCH POE 10\/100\/1000 HZ- 1008 GB-POE Haiz - Loja Melhor do Sul Sistemas de Seguran\u00e7a<\/title>\n<meta name=\"robots\" content=\"index, follow, max-snippet:-1, max-image-preview:large, max-video-preview:-1\" \/>\n<link rel=\"canonical\" href=\"https:\/\/www.lojamelhordosul.com.br\/site\/produto\/switch-poe-10-100-1000-hz-1008-gb-poe-haiz\/\" \/>\n<meta property=\"og:locale\" content=\"pt_BR\" \/>\n<meta property=\"og:type\" content=\"article\" \/>\n<meta property=\"og:title\" content=\"SWITCH POE 10\/100\/1000 HZ- 1008 GB-POE Haiz - Loja Melhor do Sul Sistemas de Seguran\u00e7a\" \/>\n<meta property=\"og:description\" content=\"O Switch Haiz HZ-1008GB oferece uma solu\u00e7\u00e3o de rede de alto desempenho, acess\u00edvel e f\u00e1cil de usar, sendo perfeito para melhorar sua conex\u00e3o com velocidades de at\u00e9 1000 Mbps. Com suas 08 portas, todas com suporte a MDI\/MDIX autom\u00e1tico, voc\u00ea n\u00e3o precisa se preocupar com o tipo de cabo a ser utilizado, pois \u00e9 simplesmente plug and play.\" \/>\n<meta property=\"og:url\" content=\"https:\/\/www.lojamelhordosul.com.br\/site\/produto\/switch-poe-10-100-1000-hz-1008-gb-poe-haiz\/\" \/>\n<meta property=\"og:site_name\" content=\"Loja Melhor do Sul Sistemas de Seguran\u00e7a\" \/>\n<meta property=\"article:modified_time\" content=\"2026-03-12T18:13:37+00:00\" \/>\n<meta property=\"og:image\" content=\"https:\/\/www.lojamelhordosul.com.br\/site\/wp-content\/uploads\/2025\/05\/haz.png\" \/>\n\t<meta property=\"og:image:width\" content=\"627\" \/>\n\t<meta property=\"og:image:height\" content=\"282\" \/>\n\t<meta property=\"og:image:type\" content=\"image\/png\" \/>\n<meta name=\"twitter:card\" content=\"summary_large_image\" \/>\n<meta name=\"twitter:label1\" content=\"Est. tempo de leitura\" \/>\n\t<meta name=\"twitter:data1\" content=\"1 minuto\" \/>\n<script type=\"application\/ld+json\" class=\"yoast-schema-graph\">{\"@context\":\"https:\\\/\\\/schema.org\",\"@graph\":[{\"@type\":\"WebPage\",\"@id\":\"https:\\\/\\\/www.lojamelhordosul.com.br\\\/site\\\/produto\\\/switch-poe-10-100-1000-hz-1008-gb-poe-haiz\\\/\",\"url\":\"https:\\\/\\\/www.lojamelhordosul.com.br\\\/site\\\/produto\\\/switch-poe-10-100-1000-hz-1008-gb-poe-haiz\\\/\",\"name\":\"SWITCH POE 10\\\/100\\\/1000 HZ- 1008 GB-POE Haiz - Loja Melhor do Sul Sistemas de Seguran\u00e7a\",\"isPartOf\":{\"@id\":\"https:\\\/\\\/www.lojamelhordosul.com.br\\\/site\\\/#website\"},\"primaryImageOfPage\":{\"@id\":\"https:\\\/\\\/www.lojamelhordosul.com.br\\\/site\\\/produto\\\/switch-poe-10-100-1000-hz-1008-gb-poe-haiz\\\/#primaryimage\"},\"image\":{\"@id\":\"https:\\\/\\\/www.lojamelhordosul.com.br\\\/site\\\/produto\\\/switch-poe-10-100-1000-hz-1008-gb-poe-haiz\\\/#primaryimage\"},\"thumbnailUrl\":\"https:\\\/\\\/www.lojamelhordosul.com.br\\\/site\\\/wp-content\\\/uploads\\\/2025\\\/05\\\/haz.png\",\"datePublished\":\"2025-05-20T17:26:30+00:00\",\"dateModified\":\"2026-03-12T18:13:37+00:00\",\"breadcrumb\":{\"@id\":\"https:\\\/\\\/www.lojamelhordosul.com.br\\\/site\\\/produto\\\/switch-poe-10-100-1000-hz-1008-gb-poe-haiz\\\/#breadcrumb\"},\"inLanguage\":\"pt-BR\",\"potentialAction\":[{\"@type\":\"ReadAction\",\"target\":[\"https:\\\/\\\/www.lojamelhordosul.com.br\\\/site\\\/produto\\\/switch-poe-10-100-1000-hz-1008-gb-poe-haiz\\\/\"]}]},{\"@type\":\"ImageObject\",\"inLanguage\":\"pt-BR\",\"@id\":\"https:\\\/\\\/www.lojamelhordosul.com.br\\\/site\\\/produto\\\/switch-poe-10-100-1000-hz-1008-gb-poe-haiz\\\/#primaryimage\",\"url\":\"https:\\\/\\\/www.lojamelhordosul.com.br\\\/site\\\/wp-content\\\/uploads\\\/2025\\\/05\\\/haz.png\",\"contentUrl\":\"https:\\\/\\\/www.lojamelhordosul.com.br\\\/site\\\/wp-content\\\/uploads\\\/2025\\\/05\\\/haz.png\",\"width\":627,\"height\":282},{\"@type\":\"BreadcrumbList\",\"@id\":\"https:\\\/\\\/www.lojamelhordosul.com.br\\\/site\\\/produto\\\/switch-poe-10-100-1000-hz-1008-gb-poe-haiz\\\/#breadcrumb\",\"itemListElement\":[{\"@type\":\"ListItem\",\"position\":1,\"name\":\"In\u00edcio\",\"item\":\"https:\\\/\\\/www.lojamelhordosul.com.br\\\/site\\\/\"},{\"@type\":\"ListItem\",\"position\":2,\"name\":\"Loja\",\"item\":\"https:\\\/\\\/www.lojamelhordosul.com.br\\\/site\\\/loja\\\/\"},{\"@type\":\"ListItem\",\"position\":3,\"name\":\"SWITCH POE 10\\\/100\\\/1000 HZ- 1008 GB-POE Haiz\"}]},{\"@type\":\"WebSite\",\"@id\":\"https:\\\/\\\/www.lojamelhordosul.com.br\\\/site\\\/#website\",\"url\":\"https:\\\/\\\/www.lojamelhordosul.com.br\\\/site\\\/\",\"name\":\"Loja Melhor do Sul Sistemas de Seguran\u00e7a\",\"description\":\"Loja Melhor do Sul - Revenda Ouro Intelbras em Porto Alegre\",\"publisher\":{\"@id\":\"https:\\\/\\\/www.lojamelhordosul.com.br\\\/site\\\/#organization\"},\"potentialAction\":[{\"@type\":\"SearchAction\",\"target\":{\"@type\":\"EntryPoint\",\"urlTemplate\":\"https:\\\/\\\/www.lojamelhordosul.com.br\\\/site\\\/?s={search_term_string}\"},\"query-input\":{\"@type\":\"PropertyValueSpecification\",\"valueRequired\":true,\"valueName\":\"search_term_string\"}}],\"inLanguage\":\"pt-BR\"},{\"@type\":\"Organization\",\"@id\":\"https:\\\/\\\/www.lojamelhordosul.com.br\\\/site\\\/#organization\",\"name\":\"Loja Melhor do Sul\",\"url\":\"https:\\\/\\\/www.lojamelhordosul.com.br\\\/site\\\/\",\"logo\":{\"@type\":\"ImageObject\",\"inLanguage\":\"pt-BR\",\"@id\":\"https:\\\/\\\/www.lojamelhordosul.com.br\\\/site\\\/#\\\/schema\\\/logo\\\/image\\\/\",\"url\":\"https:\\\/\\\/www.lojamelhordosul.com.br\\\/site\\\/wp-content\\\/uploads\\\/2019\\\/10\\\/logo-longo-da-loja.png\",\"contentUrl\":\"https:\\\/\\\/www.lojamelhordosul.com.br\\\/site\\\/wp-content\\\/uploads\\\/2019\\\/10\\\/logo-longo-da-loja.png\",\"width\":597,\"height\":114,\"caption\":\"Loja Melhor do Sul\"},\"image\":{\"@id\":\"https:\\\/\\\/www.lojamelhordosul.com.br\\\/site\\\/#\\\/schema\\\/logo\\\/image\\\/\"}}]}<\/script>\n<!-- \/ Yoast SEO plugin. -->","yoast_head_json":{"title":"SWITCH POE 10\/100\/1000 HZ- 1008 GB-POE Haiz - Loja Melhor do Sul Sistemas de Seguran\u00e7a","robots":{"index":"index","follow":"follow","max-snippet":"max-snippet:-1","max-image-preview":"max-image-preview:large","max-video-preview":"max-video-preview:-1"},"canonical":"https:\/\/www.lojamelhordosul.com.br\/site\/produto\/switch-poe-10-100-1000-hz-1008-gb-poe-haiz\/","og_locale":"pt_BR","og_type":"article","og_title":"SWITCH POE 10\/100\/1000 HZ- 1008 GB-POE Haiz - Loja Melhor do Sul Sistemas de Seguran\u00e7a","og_description":"O Switch Haiz HZ-1008GB oferece uma solu\u00e7\u00e3o de rede de alto desempenho, acess\u00edvel e f\u00e1cil de usar, sendo perfeito para melhorar sua conex\u00e3o com velocidades de at\u00e9 1000 Mbps. Com suas 08 portas, todas com suporte a MDI\/MDIX autom\u00e1tico, voc\u00ea n\u00e3o precisa se preocupar com o tipo de cabo a ser utilizado, pois \u00e9 simplesmente plug and play.","og_url":"https:\/\/www.lojamelhordosul.com.br\/site\/produto\/switch-poe-10-100-1000-hz-1008-gb-poe-haiz\/","og_site_name":"Loja Melhor do Sul Sistemas de Seguran\u00e7a","article_modified_time":"2026-03-12T18:13:37+00:00","og_image":[{"width":627,"height":282,"url":"https:\/\/www.lojamelhordosul.com.br\/site\/wp-content\/uploads\/2025\/05\/haz.png","type":"image\/png"}],"twitter_card":"summary_large_image","twitter_misc":{"Est. tempo de leitura":"1 minuto"},"schema":{"@context":"https:\/\/schema.org","@graph":[{"@type":"WebPage","@id":"https:\/\/www.lojamelhordosul.com.br\/site\/produto\/switch-poe-10-100-1000-hz-1008-gb-poe-haiz\/","url":"https:\/\/www.lojamelhordosul.com.br\/site\/produto\/switch-poe-10-100-1000-hz-1008-gb-poe-haiz\/","name":"SWITCH POE 10\/100\/1000 HZ- 1008 GB-POE Haiz - Loja Melhor do Sul Sistemas de Seguran\u00e7a","isPartOf":{"@id":"https:\/\/www.lojamelhordosul.com.br\/site\/#website"},"primaryImageOfPage":{"@id":"https:\/\/www.lojamelhordosul.com.br\/site\/produto\/switch-poe-10-100-1000-hz-1008-gb-poe-haiz\/#primaryimage"},"image":{"@id":"https:\/\/www.lojamelhordosul.com.br\/site\/produto\/switch-poe-10-100-1000-hz-1008-gb-poe-haiz\/#primaryimage"},"thumbnailUrl":"https:\/\/www.lojamelhordosul.com.br\/site\/wp-content\/uploads\/2025\/05\/haz.png","datePublished":"2025-05-20T17:26:30+00:00","dateModified":"2026-03-12T18:13:37+00:00","breadcrumb":{"@id":"https:\/\/www.lojamelhordosul.com.br\/site\/produto\/switch-poe-10-100-1000-hz-1008-gb-poe-haiz\/#breadcrumb"},"inLanguage":"pt-BR","potentialAction":[{"@type":"ReadAction","target":["https:\/\/www.lojamelhordosul.com.br\/site\/produto\/switch-poe-10-100-1000-hz-1008-gb-poe-haiz\/"]}]},{"@type":"ImageObject","inLanguage":"pt-BR","@id":"https:\/\/www.lojamelhordosul.com.br\/site\/produto\/switch-poe-10-100-1000-hz-1008-gb-poe-haiz\/#primaryimage","url":"https:\/\/www.lojamelhordosul.com.br\/site\/wp-content\/uploads\/2025\/05\/haz.png","contentUrl":"https:\/\/www.lojamelhordosul.com.br\/site\/wp-content\/uploads\/2025\/05\/haz.png","width":627,"height":282},{"@type":"BreadcrumbList","@id":"https:\/\/www.lojamelhordosul.com.br\/site\/produto\/switch-poe-10-100-1000-hz-1008-gb-poe-haiz\/#breadcrumb","itemListElement":[{"@type":"ListItem","position":1,"name":"In\u00edcio","item":"https:\/\/www.lojamelhordosul.com.br\/site\/"},{"@type":"ListItem","position":2,"name":"Loja","item":"https:\/\/www.lojamelhordosul.com.br\/site\/loja\/"},{"@type":"ListItem","position":3,"name":"SWITCH POE 10\/100\/1000 HZ- 1008 GB-POE Haiz"}]},{"@type":"WebSite","@id":"https:\/\/www.lojamelhordosul.com.br\/site\/#website","url":"https:\/\/www.lojamelhordosul.com.br\/site\/","name":"Loja Melhor do Sul Sistemas de Seguran\u00e7a","description":"Loja Melhor do Sul - Revenda Ouro Intelbras em Porto Alegre","publisher":{"@id":"https:\/\/www.lojamelhordosul.com.br\/site\/#organization"},"potentialAction":[{"@type":"SearchAction","target":{"@type":"EntryPoint","urlTemplate":"https:\/\/www.lojamelhordosul.com.br\/site\/?s={search_term_string}"},"query-input":{"@type":"PropertyValueSpecification","valueRequired":true,"valueName":"search_term_string"}}],"inLanguage":"pt-BR"},{"@type":"Organization","@id":"https:\/\/www.lojamelhordosul.com.br\/site\/#organization","name":"Loja Melhor do Sul","url":"https:\/\/www.lojamelhordosul.com.br\/site\/","logo":{"@type":"ImageObject","inLanguage":"pt-BR","@id":"https:\/\/www.lojamelhordosul.com.br\/site\/#\/schema\/logo\/image\/","url":"https:\/\/www.lojamelhordosul.com.br\/site\/wp-content\/uploads\/2019\/10\/logo-longo-da-loja.png","contentUrl":"https:\/\/www.lojamelhordosul.com.br\/site\/wp-content\/uploads\/2019\/10\/logo-longo-da-loja.png","width":597,"height":114,"caption":"Loja Melhor do Sul"},"image":{"@id":"https:\/\/www.lojamelhordosul.com.br\/site\/#\/schema\/logo\/image\/"}}]}},"_links":{"self":[{"href":"https:\/\/www.lojamelhordosul.com.br\/site\/wp-json\/wp\/v2\/product\/15118","targetHints":{"allow":["GET"]}}],"collection":[{"href":"https:\/\/www.lojamelhordosul.com.br\/site\/wp-json\/wp\/v2\/product"}],"about":[{"href":"https:\/\/www.lojamelhordosul.com.br\/site\/wp-json\/wp\/v2\/types\/product"}],"replies":[{"embeddable":true,"href":"https:\/\/www.lojamelhordosul.com.br\/site\/wp-json\/wp\/v2\/comments?post=15118"}],"wp:featuredmedia":[{"embeddable":true,"href":"https:\/\/www.lojamelhordosul.com.br\/site\/wp-json\/wp\/v2\/media\/16312"}],"wp:attachment":[{"href":"https:\/\/www.lojamelhordosul.com.br\/site\/wp-json\/wp\/v2\/media?parent=15118"}],"wp:term":[{"taxonomy":"product_brand","embeddable":true,"href":"https:\/\/www.lojamelhordosul.com.br\/site\/wp-json\/wp\/v2\/product_brand?post=15118"},{"taxonomy":"product_cat","embeddable":true,"href":"https:\/\/www.lojamelhordosul.com.br\/site\/wp-json\/wp\/v2\/product_cat?post=15118"},{"taxonomy":"product_tag","embeddable":true,"href":"https:\/\/www.lojamelhordosul.com.br\/site\/wp-json\/wp\/v2\/product_tag?post=15118"}],"curies":[{"name":"wp","href":"https:\/\/api.w.org\/{rel}","templated":true}]}}