{"id":15126,"date":"2025-05-20T14:34:26","date_gmt":"2025-05-20T17:34:26","guid":{"rendered":"https:\/\/www.lojamelhordosul.com.br\/site\/?post_type=product&#038;p=15126"},"modified":"2025-12-16T17:07:50","modified_gmt":"2025-12-16T20:07:50","slug":"switch-poe-gerenciado-8-portas-hz-g0802gm-poe","status":"publish","type":"product","link":"https:\/\/www.lojamelhordosul.com.br\/site\/produto\/switch-poe-gerenciado-8-portas-hz-g0802gm-poe\/","title":{"rendered":"Switch Poe Gerenciado 8 Portas Hz -g0802gm-poe Haiz"},"content":{"rendered":"<p>Switch PoE gerenciado HZ-G0802GM-POE<\/p>\n<p>Principais recursos:<\/p>\n<p>\u2013 Power over Ethernet ativo (PoE+): Suporta IEEE 802.3af\/at, fornecendo at\u00e9 30 W por porta para dispositivos PoE.<br \/>\n\u2013 Conectividade de alta velocidade: 8 portas Gigabit Ethernet com suporte a PoE e 2 portas SFP para conectividade de fibra.<br \/>\n\u2013 Gerenciamento avan\u00e7ado: Gerenciamento baseado na Web, suporte a VLAN e recursos de comuta\u00e7\u00e3o padr\u00e3o para f\u00e1cil administra\u00e7\u00e3o de rede.<br \/>\n\u2013 Seguran\u00e7a robusta: mecanismos de seguran\u00e7a abrangentes, incluindo autentica\u00e7\u00e3o de porta 802.1X, prote\u00e7\u00e3o ARP e limita\u00e7\u00e3o de taxa de CPU.<br \/>\n\u2013 Qualidade de servi\u00e7o (QoS): pol\u00edticas avan\u00e7adas de QoS para prioriza\u00e7\u00e3o de tr\u00e1fego e controle de largura de banda.<br \/>\n\u2013 Suporte a VLAN escal\u00e1vel: suporta at\u00e9 4K VLANs, incluindo VLANs de voz e registro de VLAN din\u00e2mico.<br \/>\n\u2013 Desempenho confi\u00e1vel: capacidade de comuta\u00e7\u00e3o de 20 Gbps e taxa de encaminhamento de 14,88 Mpps garantem alto desempenho para ambientes de rede exigentes.<br \/>\n\u2013 Durabilidade ambiental: opera em uma ampla faixa de temperatura de -10 \u00b0C a 55 \u00b0C, tornando-o adequado para v\u00e1rios ambientes.<\/p>\n<p>Hardware:<\/p>\n<p>8*10\/100\/1000Mbps RJ45 portas com PoE+<br \/>\n2*1000Mbps SFP uplink portas<br \/>\n1*RJ45 console porta<br \/>\n20 Gbps capacidade de comuta\u00e7\u00e3o<br \/>\n8K tabela de endere\u00e7os MAC<br \/>\n4M buffer de pacote<br \/>\n4K tabela VLAN<br \/>\n10K suporte Jumbo frame<\/p>\n<p>Software:<\/p>\n<p>Gerenciamento de porta: Habilitar\/desabilitar portas, configura\u00e7\u00e3o de velocidade\/duplex, controle de fluxo<br \/>\nEspelhamento de porta, limita\u00e7\u00e3o de velocidade e isolamento<br \/>\nControle de tempestade para tr\u00e1fego unicast, multicast e broadcast<br \/>\nAgrega\u00e7\u00e3o de link com suporte LACP est\u00e1tico e din\u00e2mico<br \/>\nVLAN: Modos de acesso\/tronco\/h\u00edbrido, protocolo e VLANs baseadas em MAC, QINQ, GVRP<br \/>\nGerenciamento de endere\u00e7o MAC: Adi\u00e7\u00e3o\/exclus\u00e3o est\u00e1tica, configura\u00e7\u00e3o de tempo de envelhecimento din\u00e2mico<br \/>\nProtocolo Spanning Tree: 802.1d (STP), 802.1s (MSTP), IGMP snooping<br \/>\nMulticast: IGMP snooping, MLD snooping, multicast din\u00e2mico<br \/>\nSuporte DDM para m\u00f3dulos SFP\/SFP+<br \/>\nL2-L4 ACL com base em MAC, IP, tipo de protocolo e n\u00famero de porta<br \/>\nQoS: 802.1p (COS), DSCP, agendamento SP\/WRR, modelagem de tr\u00e1fego CAR<br \/>\nLLDP para descoberta de link<br \/>\nConfigura\u00e7\u00e3o e registro do usu\u00e1rio<br \/>\nRecursos anti-ataque: defesa DOS, prote\u00e7\u00e3o de CPU, vincula\u00e7\u00e3o ARP<br \/>\nDiagn\u00f3stico de rede: Ping, Telnet, Trace<br \/>\nAdministra\u00e7\u00e3o do sistema: Reinicializar, salvar\/reverter configura\u00e7\u00e3o, atualiza\u00e7\u00e3o de firmware<\/p>\n<p>Garantia do vendedor: 90 dias<\/p>\n","protected":false},"excerpt":{"rendered":"<p>O HZ-G0802GM-POE \u00e9 um switch PoE gerenciado compacto e de alto desempenho, projetado para atender \u00e0s demandas de ambientes de rede de pequeno a m\u00e9dio porte. Com portas RJ45 de 8* 10\/100\/1000 Mbps com suporte a PoE+, portas de uplink SFP de 2*1000 Mbps e uma porta de console, este switch oferece acesso gigabit flex\u00edvel e econ\u00f4mico. \u00c9 ideal para v\u00e1rias aplica\u00e7\u00f5es, incluindo redes de pequenos escrit\u00f3rios, ambientes de varejo e configura\u00e7\u00f5es de pequenas empresas.<\/p>\n","protected":false},"featured_media":0,"comment_status":"closed","ping_status":"closed","template":"","meta":[],"product_brand":[],"product_cat":[2774,2781],"product_tag":[],"class_list":{"0":"post-15126","1":"product","2":"type-product","3":"status-publish","5":"product_cat-redes","6":"product_cat-redes-switches","8":"first","9":"onbackorder","10":"shipping-taxable","11":"purchasable","12":"product-type-simple"},"yoast_head":"<!-- This site is optimized with the Yoast SEO plugin v27.5 - https:\/\/yoast.com\/product\/yoast-seo-wordpress\/ -->\n<title>Switch Poe Gerenciado 8 Portas Hz -g0802gm-poe Haiz - Loja Melhor do Sul Sistemas de Seguran\u00e7a<\/title>\n<meta name=\"robots\" content=\"index, follow, max-snippet:-1, max-image-preview:large, max-video-preview:-1\" \/>\n<link rel=\"canonical\" href=\"https:\/\/www.lojamelhordosul.com.br\/site\/produto\/switch-poe-gerenciado-8-portas-hz-g0802gm-poe\/\" \/>\n<meta property=\"og:locale\" content=\"pt_BR\" \/>\n<meta property=\"og:type\" content=\"article\" \/>\n<meta property=\"og:title\" content=\"Switch Poe Gerenciado 8 Portas Hz -g0802gm-poe Haiz - Loja Melhor do Sul Sistemas de Seguran\u00e7a\" \/>\n<meta property=\"og:description\" content=\"O HZ-G0802GM-POE \u00e9 um switch PoE gerenciado compacto e de alto desempenho, projetado para atender \u00e0s demandas de ambientes de rede de pequeno a m\u00e9dio porte. Com portas RJ45 de 8* 10\/100\/1000 Mbps com suporte a PoE+, portas de uplink SFP de 2*1000 Mbps e uma porta de console, este switch oferece acesso gigabit flex\u00edvel e econ\u00f4mico. \u00c9 ideal para v\u00e1rias aplica\u00e7\u00f5es, incluindo redes de pequenos escrit\u00f3rios, ambientes de varejo e configura\u00e7\u00f5es de pequenas empresas.\" \/>\n<meta property=\"og:url\" content=\"https:\/\/www.lojamelhordosul.com.br\/site\/produto\/switch-poe-gerenciado-8-portas-hz-g0802gm-poe\/\" \/>\n<meta property=\"og:site_name\" content=\"Loja Melhor do Sul Sistemas de Seguran\u00e7a\" \/>\n<meta property=\"article:modified_time\" content=\"2025-12-16T20:07:50+00:00\" \/>\n<meta name=\"twitter:card\" content=\"summary_large_image\" \/>\n<meta name=\"twitter:label1\" content=\"Est. tempo de leitura\" \/>\n\t<meta name=\"twitter:data1\" content=\"2 minutos\" \/>\n<script type=\"application\/ld+json\" class=\"yoast-schema-graph\">{\"@context\":\"https:\\\/\\\/schema.org\",\"@graph\":[{\"@type\":\"WebPage\",\"@id\":\"https:\\\/\\\/www.lojamelhordosul.com.br\\\/site\\\/produto\\\/switch-poe-gerenciado-8-portas-hz-g0802gm-poe\\\/\",\"url\":\"https:\\\/\\\/www.lojamelhordosul.com.br\\\/site\\\/produto\\\/switch-poe-gerenciado-8-portas-hz-g0802gm-poe\\\/\",\"name\":\"Switch Poe Gerenciado 8 Portas Hz -g0802gm-poe Haiz - Loja Melhor do Sul Sistemas de Seguran\u00e7a\",\"isPartOf\":{\"@id\":\"https:\\\/\\\/www.lojamelhordosul.com.br\\\/site\\\/#website\"},\"datePublished\":\"2025-05-20T17:34:26+00:00\",\"dateModified\":\"2025-12-16T20:07:50+00:00\",\"breadcrumb\":{\"@id\":\"https:\\\/\\\/www.lojamelhordosul.com.br\\\/site\\\/produto\\\/switch-poe-gerenciado-8-portas-hz-g0802gm-poe\\\/#breadcrumb\"},\"inLanguage\":\"pt-BR\",\"potentialAction\":[{\"@type\":\"ReadAction\",\"target\":[\"https:\\\/\\\/www.lojamelhordosul.com.br\\\/site\\\/produto\\\/switch-poe-gerenciado-8-portas-hz-g0802gm-poe\\\/\"]}]},{\"@type\":\"BreadcrumbList\",\"@id\":\"https:\\\/\\\/www.lojamelhordosul.com.br\\\/site\\\/produto\\\/switch-poe-gerenciado-8-portas-hz-g0802gm-poe\\\/#breadcrumb\",\"itemListElement\":[{\"@type\":\"ListItem\",\"position\":1,\"name\":\"In\u00edcio\",\"item\":\"https:\\\/\\\/www.lojamelhordosul.com.br\\\/site\\\/\"},{\"@type\":\"ListItem\",\"position\":2,\"name\":\"Loja\",\"item\":\"https:\\\/\\\/www.lojamelhordosul.com.br\\\/site\\\/loja\\\/\"},{\"@type\":\"ListItem\",\"position\":3,\"name\":\"Switch Poe Gerenciado 8 Portas Hz -g0802gm-poe Haiz\"}]},{\"@type\":\"WebSite\",\"@id\":\"https:\\\/\\\/www.lojamelhordosul.com.br\\\/site\\\/#website\",\"url\":\"https:\\\/\\\/www.lojamelhordosul.com.br\\\/site\\\/\",\"name\":\"Loja Melhor do Sul Sistemas de Seguran\u00e7a\",\"description\":\"Loja Melhor do Sul - Revenda Ouro Intelbras em Porto Alegre\",\"publisher\":{\"@id\":\"https:\\\/\\\/www.lojamelhordosul.com.br\\\/site\\\/#organization\"},\"potentialAction\":[{\"@type\":\"SearchAction\",\"target\":{\"@type\":\"EntryPoint\",\"urlTemplate\":\"https:\\\/\\\/www.lojamelhordosul.com.br\\\/site\\\/?s={search_term_string}\"},\"query-input\":{\"@type\":\"PropertyValueSpecification\",\"valueRequired\":true,\"valueName\":\"search_term_string\"}}],\"inLanguage\":\"pt-BR\"},{\"@type\":\"Organization\",\"@id\":\"https:\\\/\\\/www.lojamelhordosul.com.br\\\/site\\\/#organization\",\"name\":\"Loja Melhor do Sul\",\"url\":\"https:\\\/\\\/www.lojamelhordosul.com.br\\\/site\\\/\",\"logo\":{\"@type\":\"ImageObject\",\"inLanguage\":\"pt-BR\",\"@id\":\"https:\\\/\\\/www.lojamelhordosul.com.br\\\/site\\\/#\\\/schema\\\/logo\\\/image\\\/\",\"url\":\"https:\\\/\\\/www.lojamelhordosul.com.br\\\/site\\\/wp-content\\\/uploads\\\/2019\\\/10\\\/logo-longo-da-loja.png\",\"contentUrl\":\"https:\\\/\\\/www.lojamelhordosul.com.br\\\/site\\\/wp-content\\\/uploads\\\/2019\\\/10\\\/logo-longo-da-loja.png\",\"width\":597,\"height\":114,\"caption\":\"Loja Melhor do Sul\"},\"image\":{\"@id\":\"https:\\\/\\\/www.lojamelhordosul.com.br\\\/site\\\/#\\\/schema\\\/logo\\\/image\\\/\"}}]}<\/script>\n<!-- \/ Yoast SEO plugin. -->","yoast_head_json":{"title":"Switch Poe Gerenciado 8 Portas Hz -g0802gm-poe Haiz - Loja Melhor do Sul Sistemas de Seguran\u00e7a","robots":{"index":"index","follow":"follow","max-snippet":"max-snippet:-1","max-image-preview":"max-image-preview:large","max-video-preview":"max-video-preview:-1"},"canonical":"https:\/\/www.lojamelhordosul.com.br\/site\/produto\/switch-poe-gerenciado-8-portas-hz-g0802gm-poe\/","og_locale":"pt_BR","og_type":"article","og_title":"Switch Poe Gerenciado 8 Portas Hz -g0802gm-poe Haiz - Loja Melhor do Sul Sistemas de Seguran\u00e7a","og_description":"O HZ-G0802GM-POE \u00e9 um switch PoE gerenciado compacto e de alto desempenho, projetado para atender \u00e0s demandas de ambientes de rede de pequeno a m\u00e9dio porte. Com portas RJ45 de 8* 10\/100\/1000 Mbps com suporte a PoE+, portas de uplink SFP de 2*1000 Mbps e uma porta de console, este switch oferece acesso gigabit flex\u00edvel e econ\u00f4mico. \u00c9 ideal para v\u00e1rias aplica\u00e7\u00f5es, incluindo redes de pequenos escrit\u00f3rios, ambientes de varejo e configura\u00e7\u00f5es de pequenas empresas.","og_url":"https:\/\/www.lojamelhordosul.com.br\/site\/produto\/switch-poe-gerenciado-8-portas-hz-g0802gm-poe\/","og_site_name":"Loja Melhor do Sul Sistemas de Seguran\u00e7a","article_modified_time":"2025-12-16T20:07:50+00:00","twitter_card":"summary_large_image","twitter_misc":{"Est. tempo de leitura":"2 minutos"},"schema":{"@context":"https:\/\/schema.org","@graph":[{"@type":"WebPage","@id":"https:\/\/www.lojamelhordosul.com.br\/site\/produto\/switch-poe-gerenciado-8-portas-hz-g0802gm-poe\/","url":"https:\/\/www.lojamelhordosul.com.br\/site\/produto\/switch-poe-gerenciado-8-portas-hz-g0802gm-poe\/","name":"Switch Poe Gerenciado 8 Portas Hz -g0802gm-poe Haiz - Loja Melhor do Sul Sistemas de Seguran\u00e7a","isPartOf":{"@id":"https:\/\/www.lojamelhordosul.com.br\/site\/#website"},"datePublished":"2025-05-20T17:34:26+00:00","dateModified":"2025-12-16T20:07:50+00:00","breadcrumb":{"@id":"https:\/\/www.lojamelhordosul.com.br\/site\/produto\/switch-poe-gerenciado-8-portas-hz-g0802gm-poe\/#breadcrumb"},"inLanguage":"pt-BR","potentialAction":[{"@type":"ReadAction","target":["https:\/\/www.lojamelhordosul.com.br\/site\/produto\/switch-poe-gerenciado-8-portas-hz-g0802gm-poe\/"]}]},{"@type":"BreadcrumbList","@id":"https:\/\/www.lojamelhordosul.com.br\/site\/produto\/switch-poe-gerenciado-8-portas-hz-g0802gm-poe\/#breadcrumb","itemListElement":[{"@type":"ListItem","position":1,"name":"In\u00edcio","item":"https:\/\/www.lojamelhordosul.com.br\/site\/"},{"@type":"ListItem","position":2,"name":"Loja","item":"https:\/\/www.lojamelhordosul.com.br\/site\/loja\/"},{"@type":"ListItem","position":3,"name":"Switch Poe Gerenciado 8 Portas Hz -g0802gm-poe Haiz"}]},{"@type":"WebSite","@id":"https:\/\/www.lojamelhordosul.com.br\/site\/#website","url":"https:\/\/www.lojamelhordosul.com.br\/site\/","name":"Loja Melhor do Sul Sistemas de Seguran\u00e7a","description":"Loja Melhor do Sul - Revenda Ouro Intelbras em Porto Alegre","publisher":{"@id":"https:\/\/www.lojamelhordosul.com.br\/site\/#organization"},"potentialAction":[{"@type":"SearchAction","target":{"@type":"EntryPoint","urlTemplate":"https:\/\/www.lojamelhordosul.com.br\/site\/?s={search_term_string}"},"query-input":{"@type":"PropertyValueSpecification","valueRequired":true,"valueName":"search_term_string"}}],"inLanguage":"pt-BR"},{"@type":"Organization","@id":"https:\/\/www.lojamelhordosul.com.br\/site\/#organization","name":"Loja Melhor do Sul","url":"https:\/\/www.lojamelhordosul.com.br\/site\/","logo":{"@type":"ImageObject","inLanguage":"pt-BR","@id":"https:\/\/www.lojamelhordosul.com.br\/site\/#\/schema\/logo\/image\/","url":"https:\/\/www.lojamelhordosul.com.br\/site\/wp-content\/uploads\/2019\/10\/logo-longo-da-loja.png","contentUrl":"https:\/\/www.lojamelhordosul.com.br\/site\/wp-content\/uploads\/2019\/10\/logo-longo-da-loja.png","width":597,"height":114,"caption":"Loja Melhor do Sul"},"image":{"@id":"https:\/\/www.lojamelhordosul.com.br\/site\/#\/schema\/logo\/image\/"}}]}},"_links":{"self":[{"href":"https:\/\/www.lojamelhordosul.com.br\/site\/wp-json\/wp\/v2\/product\/15126","targetHints":{"allow":["GET"]}}],"collection":[{"href":"https:\/\/www.lojamelhordosul.com.br\/site\/wp-json\/wp\/v2\/product"}],"about":[{"href":"https:\/\/www.lojamelhordosul.com.br\/site\/wp-json\/wp\/v2\/types\/product"}],"replies":[{"embeddable":true,"href":"https:\/\/www.lojamelhordosul.com.br\/site\/wp-json\/wp\/v2\/comments?post=15126"}],"wp:attachment":[{"href":"https:\/\/www.lojamelhordosul.com.br\/site\/wp-json\/wp\/v2\/media?parent=15126"}],"wp:term":[{"taxonomy":"product_brand","embeddable":true,"href":"https:\/\/www.lojamelhordosul.com.br\/site\/wp-json\/wp\/v2\/product_brand?post=15126"},{"taxonomy":"product_cat","embeddable":true,"href":"https:\/\/www.lojamelhordosul.com.br\/site\/wp-json\/wp\/v2\/product_cat?post=15126"},{"taxonomy":"product_tag","embeddable":true,"href":"https:\/\/www.lojamelhordosul.com.br\/site\/wp-json\/wp\/v2\/product_tag?post=15126"}],"curies":[{"name":"wp","href":"https:\/\/api.w.org\/{rel}","templated":true}]}}