{"id":15133,"date":"2025-05-20T14:53:22","date_gmt":"2025-05-20T17:53:22","guid":{"rendered":"https:\/\/www.lojamelhordosul.com.br\/site\/?post_type=product&#038;p=15133"},"modified":"2025-12-16T17:05:35","modified_gmt":"2025-12-16T20:05:35","slug":"switch-de-rede-gigabit-haiz-8-portas-e-2-uplink-hz-1010gbpoe","status":"publish","type":"product","link":"https:\/\/www.lojamelhordosul.com.br\/site\/produto\/switch-de-rede-gigabit-haiz-8-portas-e-2-uplink-hz-1010gbpoe\/","title":{"rendered":"Switch De Rede Gigabit Haiz 8 Portas E 2 Uplink Hz-1010gbpoe"},"content":{"rendered":"<p>Nome do produto<br \/>\nSwitch POE Gigabit completo de 8 portas (8 + 2)<\/p>\n<p>Modelo do produto<br \/>\n1010GBPOE<\/p>\n<p>PIN DE DADOS<br \/>\n1\/2+ 3\/6-, 4\/5+ 7\/8-<\/p>\n<p>Tipo de fonte de alimenta\u00e7\u00e3o<br \/>\nConstruir em, 1\/2+, 3\/6-<\/p>\n<p>Max. Alimenta\u00e7\u00e3o PoE para porta<br \/>\n30W \u00fanica<\/p>\n<p>Conector<br \/>\nPorta POE de 8 * 1000 mbps, porta de uplink de 2 * 1000 mbps<\/p>\n<p>Rede M\u00e9dia<br \/>\nCat5 (UTP) ou mais<\/p>\n<p>Padr\u00f5es de rede<br \/>\nIEEE 802.3i 10BASE-T, IEEE 802.3u 100BASE-TX, IEEE 802.3z IEEE 802.3ab<br \/>\n1000BASE-T IEEE 802.3x IEEE 802.3 af at Power over Ethernet<\/p>\n<p>Pot\u00eancia PoE<br \/>\n30 W por porta (IEEE802.3 af at)<\/p>\n<p>Fia\u00e7\u00e3o<br \/>\nEnergia fornecida pelos pares 1\/2 e 3\/6<\/p>\n<p>Tipos de processamento<br \/>\nArmazenar e encaminhar Contrapress\u00e3o Half-duplex e controle de fluxo fullduplex IEEE 802.3x<\/p>\n<p>Banco de dados de endere\u00e7os<br \/>\nEndere\u00e7o MAC de 2K<\/p>\n<p>Mem\u00f3ria buffer<br \/>\nMem\u00f3ria incorporada de 48Kb por unidade<\/p>\n<p>Largura de banda da tabela<br \/>\n20Gbps Full duplex<\/p>\n<p>Lat\u00eancia de rede<br \/>\nMenos de 20us para quadros de 64 bytes no modo de armazenamento e encaminhamento para transmiss\u00e3o de 1000 Mbps 1000 Mbps<\/p>\n<p>Entrada<br \/>\nCA 110-240 V, 50\/60 Hz<\/p>\n<p>Consumo de energia PoE<br \/>\n30W por porta (IEEE802.3 af at)<\/p>\n<p>Prote\u00e7\u00e3o contra sobrecarga de corrente<br \/>\nPresente<\/p>\n<p>Caixa<br \/>\nMetal<\/p>\n<p>Instala\u00e7\u00e3o<br \/>\nMontagem na parede\/ Desktop<\/p>\n<p>Sistema: Pot\u00eancia, PoE Pot\u00eancia m\u00e1xima Por porta: Link, Atividade, Velocidade,<\/p>\n<p>PoE ativo<\/p>\n<p>Temperatura de opera\u00e7\u00e3o<br \/>\n-10-55\u00b0C<\/p>\n<p>Temperatura de armazenamento<br \/>\n-40-70\u00b0C<\/p>\n<p>Umidade operacional<br \/>\n90% de umidade relativa m\u00e1xima, sem condensa\u00e7\u00e3o<\/p>\n<p>Umidade de armazenamento<br \/>\n95% de umidade relativa m\u00e1xima, sem condensa\u00e7\u00e3o<\/p>\n<p>ISO<br \/>\nFabricado em ISO9001 instala\u00e7\u00e3o<\/p>\n<p>Seguran\u00e7a<br \/>\nCE\/CCC\/FCC<\/p>\n<p>Dimens\u00f5es<br \/>\n202140 45mm (LW H)<\/p>\n<p>Peso<br \/>\nN.W: 0.9Kg G.W: 1.1Kg<\/p>\n<p>Garantia do vendedor: 90 dias<\/p>\n","protected":false},"excerpt":{"rendered":"<p>Switch H\u00edbrido 8 Portas Poe + 2 Portas Gigabits HZ-1010GBPOE<\/p>\n","protected":false},"featured_media":0,"comment_status":"closed","ping_status":"closed","template":"","meta":[],"product_brand":[],"product_cat":[2774,2781],"product_tag":[],"class_list":{"0":"post-15133","1":"product","2":"type-product","3":"status-publish","5":"product_cat-redes","6":"product_cat-redes-switches","8":"first","9":"outofstock","10":"shipping-taxable","11":"purchasable","12":"product-type-simple"},"yoast_head":"<!-- This site is optimized with the Yoast SEO plugin v27.5 - https:\/\/yoast.com\/product\/yoast-seo-wordpress\/ -->\n<title>Switch De Rede Gigabit Haiz 8 Portas E 2 Uplink Hz-1010gbpoe - Loja Melhor do Sul Sistemas de Seguran\u00e7a<\/title>\n<meta name=\"robots\" content=\"index, follow, max-snippet:-1, max-image-preview:large, max-video-preview:-1\" \/>\n<link rel=\"canonical\" href=\"https:\/\/www.lojamelhordosul.com.br\/site\/produto\/switch-de-rede-gigabit-haiz-8-portas-e-2-uplink-hz-1010gbpoe\/\" \/>\n<meta property=\"og:locale\" content=\"pt_BR\" \/>\n<meta property=\"og:type\" content=\"article\" \/>\n<meta property=\"og:title\" content=\"Switch De Rede Gigabit Haiz 8 Portas E 2 Uplink Hz-1010gbpoe - Loja Melhor do Sul Sistemas de Seguran\u00e7a\" \/>\n<meta property=\"og:description\" content=\"Switch H\u00edbrido 8 Portas Poe + 2 Portas Gigabits HZ-1010GBPOE\" \/>\n<meta property=\"og:url\" content=\"https:\/\/www.lojamelhordosul.com.br\/site\/produto\/switch-de-rede-gigabit-haiz-8-portas-e-2-uplink-hz-1010gbpoe\/\" \/>\n<meta property=\"og:site_name\" content=\"Loja Melhor do Sul Sistemas de Seguran\u00e7a\" \/>\n<meta property=\"article:modified_time\" content=\"2025-12-16T20:05:35+00:00\" \/>\n<meta name=\"twitter:card\" content=\"summary_large_image\" \/>\n<meta name=\"twitter:label1\" content=\"Est. tempo de leitura\" \/>\n\t<meta name=\"twitter:data1\" content=\"1 minuto\" \/>\n<script type=\"application\/ld+json\" class=\"yoast-schema-graph\">{\"@context\":\"https:\\\/\\\/schema.org\",\"@graph\":[{\"@type\":\"WebPage\",\"@id\":\"https:\\\/\\\/www.lojamelhordosul.com.br\\\/site\\\/produto\\\/switch-de-rede-gigabit-haiz-8-portas-e-2-uplink-hz-1010gbpoe\\\/\",\"url\":\"https:\\\/\\\/www.lojamelhordosul.com.br\\\/site\\\/produto\\\/switch-de-rede-gigabit-haiz-8-portas-e-2-uplink-hz-1010gbpoe\\\/\",\"name\":\"Switch De Rede Gigabit Haiz 8 Portas E 2 Uplink Hz-1010gbpoe - Loja Melhor do Sul Sistemas de Seguran\u00e7a\",\"isPartOf\":{\"@id\":\"https:\\\/\\\/www.lojamelhordosul.com.br\\\/site\\\/#website\"},\"datePublished\":\"2025-05-20T17:53:22+00:00\",\"dateModified\":\"2025-12-16T20:05:35+00:00\",\"breadcrumb\":{\"@id\":\"https:\\\/\\\/www.lojamelhordosul.com.br\\\/site\\\/produto\\\/switch-de-rede-gigabit-haiz-8-portas-e-2-uplink-hz-1010gbpoe\\\/#breadcrumb\"},\"inLanguage\":\"pt-BR\",\"potentialAction\":[{\"@type\":\"ReadAction\",\"target\":[\"https:\\\/\\\/www.lojamelhordosul.com.br\\\/site\\\/produto\\\/switch-de-rede-gigabit-haiz-8-portas-e-2-uplink-hz-1010gbpoe\\\/\"]}]},{\"@type\":\"BreadcrumbList\",\"@id\":\"https:\\\/\\\/www.lojamelhordosul.com.br\\\/site\\\/produto\\\/switch-de-rede-gigabit-haiz-8-portas-e-2-uplink-hz-1010gbpoe\\\/#breadcrumb\",\"itemListElement\":[{\"@type\":\"ListItem\",\"position\":1,\"name\":\"In\u00edcio\",\"item\":\"https:\\\/\\\/www.lojamelhordosul.com.br\\\/site\\\/\"},{\"@type\":\"ListItem\",\"position\":2,\"name\":\"Loja\",\"item\":\"https:\\\/\\\/www.lojamelhordosul.com.br\\\/site\\\/loja\\\/\"},{\"@type\":\"ListItem\",\"position\":3,\"name\":\"Switch De Rede Gigabit Haiz 8 Portas E 2 Uplink Hz-1010gbpoe\"}]},{\"@type\":\"WebSite\",\"@id\":\"https:\\\/\\\/www.lojamelhordosul.com.br\\\/site\\\/#website\",\"url\":\"https:\\\/\\\/www.lojamelhordosul.com.br\\\/site\\\/\",\"name\":\"Loja Melhor do Sul Sistemas de Seguran\u00e7a\",\"description\":\"Loja Melhor do Sul - Revenda Ouro Intelbras em Porto Alegre\",\"publisher\":{\"@id\":\"https:\\\/\\\/www.lojamelhordosul.com.br\\\/site\\\/#organization\"},\"potentialAction\":[{\"@type\":\"SearchAction\",\"target\":{\"@type\":\"EntryPoint\",\"urlTemplate\":\"https:\\\/\\\/www.lojamelhordosul.com.br\\\/site\\\/?s={search_term_string}\"},\"query-input\":{\"@type\":\"PropertyValueSpecification\",\"valueRequired\":true,\"valueName\":\"search_term_string\"}}],\"inLanguage\":\"pt-BR\"},{\"@type\":\"Organization\",\"@id\":\"https:\\\/\\\/www.lojamelhordosul.com.br\\\/site\\\/#organization\",\"name\":\"Loja Melhor do Sul\",\"url\":\"https:\\\/\\\/www.lojamelhordosul.com.br\\\/site\\\/\",\"logo\":{\"@type\":\"ImageObject\",\"inLanguage\":\"pt-BR\",\"@id\":\"https:\\\/\\\/www.lojamelhordosul.com.br\\\/site\\\/#\\\/schema\\\/logo\\\/image\\\/\",\"url\":\"https:\\\/\\\/www.lojamelhordosul.com.br\\\/site\\\/wp-content\\\/uploads\\\/2019\\\/10\\\/logo-longo-da-loja.png\",\"contentUrl\":\"https:\\\/\\\/www.lojamelhordosul.com.br\\\/site\\\/wp-content\\\/uploads\\\/2019\\\/10\\\/logo-longo-da-loja.png\",\"width\":597,\"height\":114,\"caption\":\"Loja Melhor do Sul\"},\"image\":{\"@id\":\"https:\\\/\\\/www.lojamelhordosul.com.br\\\/site\\\/#\\\/schema\\\/logo\\\/image\\\/\"}}]}<\/script>\n<!-- \/ Yoast SEO plugin. -->","yoast_head_json":{"title":"Switch De Rede Gigabit Haiz 8 Portas E 2 Uplink Hz-1010gbpoe - Loja Melhor do Sul Sistemas de Seguran\u00e7a","robots":{"index":"index","follow":"follow","max-snippet":"max-snippet:-1","max-image-preview":"max-image-preview:large","max-video-preview":"max-video-preview:-1"},"canonical":"https:\/\/www.lojamelhordosul.com.br\/site\/produto\/switch-de-rede-gigabit-haiz-8-portas-e-2-uplink-hz-1010gbpoe\/","og_locale":"pt_BR","og_type":"article","og_title":"Switch De Rede Gigabit Haiz 8 Portas E 2 Uplink Hz-1010gbpoe - Loja Melhor do Sul Sistemas de Seguran\u00e7a","og_description":"Switch H\u00edbrido 8 Portas Poe + 2 Portas Gigabits HZ-1010GBPOE","og_url":"https:\/\/www.lojamelhordosul.com.br\/site\/produto\/switch-de-rede-gigabit-haiz-8-portas-e-2-uplink-hz-1010gbpoe\/","og_site_name":"Loja Melhor do Sul Sistemas de Seguran\u00e7a","article_modified_time":"2025-12-16T20:05:35+00:00","twitter_card":"summary_large_image","twitter_misc":{"Est. tempo de leitura":"1 minuto"},"schema":{"@context":"https:\/\/schema.org","@graph":[{"@type":"WebPage","@id":"https:\/\/www.lojamelhordosul.com.br\/site\/produto\/switch-de-rede-gigabit-haiz-8-portas-e-2-uplink-hz-1010gbpoe\/","url":"https:\/\/www.lojamelhordosul.com.br\/site\/produto\/switch-de-rede-gigabit-haiz-8-portas-e-2-uplink-hz-1010gbpoe\/","name":"Switch De Rede Gigabit Haiz 8 Portas E 2 Uplink Hz-1010gbpoe - Loja Melhor do Sul Sistemas de Seguran\u00e7a","isPartOf":{"@id":"https:\/\/www.lojamelhordosul.com.br\/site\/#website"},"datePublished":"2025-05-20T17:53:22+00:00","dateModified":"2025-12-16T20:05:35+00:00","breadcrumb":{"@id":"https:\/\/www.lojamelhordosul.com.br\/site\/produto\/switch-de-rede-gigabit-haiz-8-portas-e-2-uplink-hz-1010gbpoe\/#breadcrumb"},"inLanguage":"pt-BR","potentialAction":[{"@type":"ReadAction","target":["https:\/\/www.lojamelhordosul.com.br\/site\/produto\/switch-de-rede-gigabit-haiz-8-portas-e-2-uplink-hz-1010gbpoe\/"]}]},{"@type":"BreadcrumbList","@id":"https:\/\/www.lojamelhordosul.com.br\/site\/produto\/switch-de-rede-gigabit-haiz-8-portas-e-2-uplink-hz-1010gbpoe\/#breadcrumb","itemListElement":[{"@type":"ListItem","position":1,"name":"In\u00edcio","item":"https:\/\/www.lojamelhordosul.com.br\/site\/"},{"@type":"ListItem","position":2,"name":"Loja","item":"https:\/\/www.lojamelhordosul.com.br\/site\/loja\/"},{"@type":"ListItem","position":3,"name":"Switch De Rede Gigabit Haiz 8 Portas E 2 Uplink Hz-1010gbpoe"}]},{"@type":"WebSite","@id":"https:\/\/www.lojamelhordosul.com.br\/site\/#website","url":"https:\/\/www.lojamelhordosul.com.br\/site\/","name":"Loja Melhor do Sul Sistemas de Seguran\u00e7a","description":"Loja Melhor do Sul - Revenda Ouro Intelbras em Porto Alegre","publisher":{"@id":"https:\/\/www.lojamelhordosul.com.br\/site\/#organization"},"potentialAction":[{"@type":"SearchAction","target":{"@type":"EntryPoint","urlTemplate":"https:\/\/www.lojamelhordosul.com.br\/site\/?s={search_term_string}"},"query-input":{"@type":"PropertyValueSpecification","valueRequired":true,"valueName":"search_term_string"}}],"inLanguage":"pt-BR"},{"@type":"Organization","@id":"https:\/\/www.lojamelhordosul.com.br\/site\/#organization","name":"Loja Melhor do Sul","url":"https:\/\/www.lojamelhordosul.com.br\/site\/","logo":{"@type":"ImageObject","inLanguage":"pt-BR","@id":"https:\/\/www.lojamelhordosul.com.br\/site\/#\/schema\/logo\/image\/","url":"https:\/\/www.lojamelhordosul.com.br\/site\/wp-content\/uploads\/2019\/10\/logo-longo-da-loja.png","contentUrl":"https:\/\/www.lojamelhordosul.com.br\/site\/wp-content\/uploads\/2019\/10\/logo-longo-da-loja.png","width":597,"height":114,"caption":"Loja Melhor do Sul"},"image":{"@id":"https:\/\/www.lojamelhordosul.com.br\/site\/#\/schema\/logo\/image\/"}}]}},"_links":{"self":[{"href":"https:\/\/www.lojamelhordosul.com.br\/site\/wp-json\/wp\/v2\/product\/15133","targetHints":{"allow":["GET"]}}],"collection":[{"href":"https:\/\/www.lojamelhordosul.com.br\/site\/wp-json\/wp\/v2\/product"}],"about":[{"href":"https:\/\/www.lojamelhordosul.com.br\/site\/wp-json\/wp\/v2\/types\/product"}],"replies":[{"embeddable":true,"href":"https:\/\/www.lojamelhordosul.com.br\/site\/wp-json\/wp\/v2\/comments?post=15133"}],"wp:attachment":[{"href":"https:\/\/www.lojamelhordosul.com.br\/site\/wp-json\/wp\/v2\/media?parent=15133"}],"wp:term":[{"taxonomy":"product_brand","embeddable":true,"href":"https:\/\/www.lojamelhordosul.com.br\/site\/wp-json\/wp\/v2\/product_brand?post=15133"},{"taxonomy":"product_cat","embeddable":true,"href":"https:\/\/www.lojamelhordosul.com.br\/site\/wp-json\/wp\/v2\/product_cat?post=15133"},{"taxonomy":"product_tag","embeddable":true,"href":"https:\/\/www.lojamelhordosul.com.br\/site\/wp-json\/wp\/v2\/product_tag?post=15133"}],"curies":[{"name":"wp","href":"https:\/\/api.w.org\/{rel}","templated":true}]}}