{"id":15134,"date":"2025-05-20T14:57:10","date_gmt":"2025-05-20T17:57:10","guid":{"rendered":"https:\/\/www.lojamelhordosul.com.br\/site\/?post_type=product&#038;p=15134"},"modified":"2025-12-16T17:03:58","modified_gmt":"2025-12-16T20:03:58","slug":"switch-4-portas-poe-2-uplinks-hz-ef1006p-ea2-2","status":"publish","type":"product","link":"https:\/\/www.lojamelhordosul.com.br\/site\/produto\/switch-4-portas-poe-2-uplinks-hz-ef1006p-ea2-2\/","title":{"rendered":"Switch 4 Portas Poe + 2 Uplinks Hz-ef1006p Ea2 Haiz"},"content":{"rendered":"<p>Switch 4 Portas Poe Ativo + 2 Uplink Fast 10\/100 Mbps<\/p>\n<p>Marca: Haiz<br \/>\nModelo: HZ-1006P-EA2<br \/>\nPse Output 52V 65W<br \/>\nS\u00e9rie: POE<br \/>\nPadr\u00e3o POE \u2013 IEEE802.3AF, IEEE802.3AT<br \/>\nPortas inclu\u00eddas 4 portas POE<br \/>\nTipo de telecomunica\u00e7\u00e3o Store and forward<br \/>\nCapacidade de comuta\u00e7\u00e3o 1.6 GBs<br \/>\nAdministr\u00e1vel: N\u00e3o<br \/>\nMontado em rack: N\u00e3o<\/p>\n<p>Caracter\u00edsticas<br \/>\n\u2013 Descri\u00e7\u00e3o: Switch de Mesa com 4 portas<br \/>\n\u2013 Em concord\u00e2ncia com IEEE 802.3, IEEE 802.3u, IEEE 802.3ab.<br \/>\n\u2013 POE internacional de padr\u00e3o IEEE 802.3af\/at, suporta full port funcionalidade de padr\u00e3o de detec\u00e7\u00e3o<br \/>\n\u2013 Poe Ativo nos pinos +1\/2, -3\/6<br \/>\n\u2013 Controle de fluxo: full duplex utiliza padr\u00e3o IEEE 802.3x, half duplex utiliza padr\u00e3o de press\u00e3o reversa<br \/>\n\u2013 Suporta port auto MDI\/MDIX<br \/>\n\u2013 Voltagem de porta POE \u00fanica 30W<br \/>\n\u2013 Suporta modo de monitoramento e modo de rede de troca.<br \/>\n\u2013 Todas portas suportam linha r\u00e1pida de troca e transmiss\u00e3o jumbo frame.<br \/>\n\u2013 Plug-and-play<br \/>\n\u2013 Painel indicador de luzes que indica esta\u00e7\u00f5es de trabalho e ajuda na resolu\u00e7\u00e3o de problemas.<\/p>\n<p>Modos:<\/p>\n<p>Switch de Longa Distancia (E) \u2013 Ligado<br \/>\nPortas POE come\u00e7a com longa dist\u00e2ncia de transmiss\u00e3o de no m\u00e1ximo 250 metros,<br \/>\ntaxa de transmiss\u00e3o inferior a 10Mbps<\/p>\n<p>Switch de Longa Distancia (N) \u2013 Modo Normal<br \/>\nPortas POE perto de transmiss\u00f5es de longa dist\u00e2ncia, taxa de transmiss\u00e3o a 100Mbps<\/p>\n<p>Fonte de Alimenta\u00e7\u00e3o Interna \u2013 Bivolt<\/p>\n<p>Garantia do vendedor: 90 dias<\/p>\n","protected":false},"excerpt":{"rendered":"<p>Especialmente desenvolvido e adaptado para coberturas Wireless AP,<br \/>\nRedes de vigil\u00e2ncia, fins de troca de dados da central. Com portas Rj45 que suportam<br \/>\nsaidas POE com padr\u00f5es internacionais. Porta \u00fanica com voltagem 30W e que podem<br \/>\nautomaticamente detectar e suprir energia para dispositivos que combinem com<br \/>\npadr\u00e3o IEEE 802.3af\/at. Utilizando o produto de maneira s\u00e9ria voc\u00ea pode acessar e<br \/>\nmanusear Redes POE e dispositivos como pontos de acesso wireless (APS) e<br \/>\nc\u00e2meras de vigil\u00e2ncia IPC.<\/p>\n","protected":false},"featured_media":15135,"comment_status":"closed","ping_status":"closed","template":"","meta":[],"product_brand":[],"product_cat":[2774,2781],"product_tag":[],"class_list":{"0":"post-15134","1":"product","2":"type-product","3":"status-publish","4":"has-post-thumbnail","6":"product_cat-redes","7":"product_cat-redes-switches","9":"first","10":"outofstock","11":"shipping-taxable","12":"purchasable","13":"product-type-simple"},"yoast_head":"<!-- This site is optimized with the Yoast SEO plugin v27.5 - https:\/\/yoast.com\/product\/yoast-seo-wordpress\/ -->\n<title>Switch 4 Portas Poe + 2 Uplinks Hz-ef1006p Ea2 Haiz - Loja Melhor do Sul Sistemas de Seguran\u00e7a<\/title>\n<meta name=\"robots\" content=\"index, follow, max-snippet:-1, max-image-preview:large, max-video-preview:-1\" \/>\n<link rel=\"canonical\" href=\"https:\/\/www.lojamelhordosul.com.br\/site\/produto\/switch-4-portas-poe-2-uplinks-hz-ef1006p-ea2-2\/\" \/>\n<meta property=\"og:locale\" content=\"pt_BR\" \/>\n<meta property=\"og:type\" content=\"article\" \/>\n<meta property=\"og:title\" content=\"Switch 4 Portas Poe + 2 Uplinks Hz-ef1006p Ea2 Haiz - Loja Melhor do Sul Sistemas de Seguran\u00e7a\" \/>\n<meta property=\"og:description\" content=\"Especialmente desenvolvido e adaptado para coberturas Wireless AP, Redes de vigil\u00e2ncia, fins de troca de dados da central. Com portas Rj45 que suportam saidas POE com padr\u00f5es internacionais. Porta \u00fanica com voltagem 30W e que podem automaticamente detectar e suprir energia para dispositivos que combinem com padr\u00e3o IEEE 802.3af\/at. Utilizando o produto de maneira s\u00e9ria voc\u00ea pode acessar e manusear Redes POE e dispositivos como pontos de acesso wireless (APS) e c\u00e2meras de vigil\u00e2ncia IPC.\" \/>\n<meta property=\"og:url\" content=\"https:\/\/www.lojamelhordosul.com.br\/site\/produto\/switch-4-portas-poe-2-uplinks-hz-ef1006p-ea2-2\/\" \/>\n<meta property=\"og:site_name\" content=\"Loja Melhor do Sul Sistemas de Seguran\u00e7a\" \/>\n<meta property=\"article:modified_time\" content=\"2025-12-16T20:03:58+00:00\" \/>\n<meta property=\"og:image\" content=\"https:\/\/www.lojamelhordosul.com.br\/site\/wp-content\/uploads\/2025\/05\/Captura-de-tela-2025-05-20-145632.png\" \/>\n\t<meta property=\"og:image:width\" content=\"695\" \/>\n\t<meta property=\"og:image:height\" content=\"381\" \/>\n\t<meta property=\"og:image:type\" content=\"image\/png\" \/>\n<meta name=\"twitter:card\" content=\"summary_large_image\" \/>\n<meta name=\"twitter:label1\" content=\"Est. tempo de leitura\" \/>\n\t<meta name=\"twitter:data1\" content=\"2 minutos\" \/>\n<script type=\"application\/ld+json\" class=\"yoast-schema-graph\">{\"@context\":\"https:\\\/\\\/schema.org\",\"@graph\":[{\"@type\":\"WebPage\",\"@id\":\"https:\\\/\\\/www.lojamelhordosul.com.br\\\/site\\\/produto\\\/switch-4-portas-poe-2-uplinks-hz-ef1006p-ea2-2\\\/\",\"url\":\"https:\\\/\\\/www.lojamelhordosul.com.br\\\/site\\\/produto\\\/switch-4-portas-poe-2-uplinks-hz-ef1006p-ea2-2\\\/\",\"name\":\"Switch 4 Portas Poe + 2 Uplinks Hz-ef1006p Ea2 Haiz - Loja Melhor do Sul Sistemas de Seguran\u00e7a\",\"isPartOf\":{\"@id\":\"https:\\\/\\\/www.lojamelhordosul.com.br\\\/site\\\/#website\"},\"primaryImageOfPage\":{\"@id\":\"https:\\\/\\\/www.lojamelhordosul.com.br\\\/site\\\/produto\\\/switch-4-portas-poe-2-uplinks-hz-ef1006p-ea2-2\\\/#primaryimage\"},\"image\":{\"@id\":\"https:\\\/\\\/www.lojamelhordosul.com.br\\\/site\\\/produto\\\/switch-4-portas-poe-2-uplinks-hz-ef1006p-ea2-2\\\/#primaryimage\"},\"thumbnailUrl\":\"https:\\\/\\\/www.lojamelhordosul.com.br\\\/site\\\/wp-content\\\/uploads\\\/2025\\\/05\\\/Captura-de-tela-2025-05-20-145632.png\",\"datePublished\":\"2025-05-20T17:57:10+00:00\",\"dateModified\":\"2025-12-16T20:03:58+00:00\",\"breadcrumb\":{\"@id\":\"https:\\\/\\\/www.lojamelhordosul.com.br\\\/site\\\/produto\\\/switch-4-portas-poe-2-uplinks-hz-ef1006p-ea2-2\\\/#breadcrumb\"},\"inLanguage\":\"pt-BR\",\"potentialAction\":[{\"@type\":\"ReadAction\",\"target\":[\"https:\\\/\\\/www.lojamelhordosul.com.br\\\/site\\\/produto\\\/switch-4-portas-poe-2-uplinks-hz-ef1006p-ea2-2\\\/\"]}]},{\"@type\":\"ImageObject\",\"inLanguage\":\"pt-BR\",\"@id\":\"https:\\\/\\\/www.lojamelhordosul.com.br\\\/site\\\/produto\\\/switch-4-portas-poe-2-uplinks-hz-ef1006p-ea2-2\\\/#primaryimage\",\"url\":\"https:\\\/\\\/www.lojamelhordosul.com.br\\\/site\\\/wp-content\\\/uploads\\\/2025\\\/05\\\/Captura-de-tela-2025-05-20-145632.png\",\"contentUrl\":\"https:\\\/\\\/www.lojamelhordosul.com.br\\\/site\\\/wp-content\\\/uploads\\\/2025\\\/05\\\/Captura-de-tela-2025-05-20-145632.png\",\"width\":695,\"height\":381},{\"@type\":\"BreadcrumbList\",\"@id\":\"https:\\\/\\\/www.lojamelhordosul.com.br\\\/site\\\/produto\\\/switch-4-portas-poe-2-uplinks-hz-ef1006p-ea2-2\\\/#breadcrumb\",\"itemListElement\":[{\"@type\":\"ListItem\",\"position\":1,\"name\":\"In\u00edcio\",\"item\":\"https:\\\/\\\/www.lojamelhordosul.com.br\\\/site\\\/\"},{\"@type\":\"ListItem\",\"position\":2,\"name\":\"Loja\",\"item\":\"https:\\\/\\\/www.lojamelhordosul.com.br\\\/site\\\/loja\\\/\"},{\"@type\":\"ListItem\",\"position\":3,\"name\":\"Switch 4 Portas Poe + 2 Uplinks Hz-ef1006p Ea2 Haiz\"}]},{\"@type\":\"WebSite\",\"@id\":\"https:\\\/\\\/www.lojamelhordosul.com.br\\\/site\\\/#website\",\"url\":\"https:\\\/\\\/www.lojamelhordosul.com.br\\\/site\\\/\",\"name\":\"Loja Melhor do Sul Sistemas de Seguran\u00e7a\",\"description\":\"Loja Melhor do Sul - Revenda Ouro Intelbras em Porto Alegre\",\"publisher\":{\"@id\":\"https:\\\/\\\/www.lojamelhordosul.com.br\\\/site\\\/#organization\"},\"potentialAction\":[{\"@type\":\"SearchAction\",\"target\":{\"@type\":\"EntryPoint\",\"urlTemplate\":\"https:\\\/\\\/www.lojamelhordosul.com.br\\\/site\\\/?s={search_term_string}\"},\"query-input\":{\"@type\":\"PropertyValueSpecification\",\"valueRequired\":true,\"valueName\":\"search_term_string\"}}],\"inLanguage\":\"pt-BR\"},{\"@type\":\"Organization\",\"@id\":\"https:\\\/\\\/www.lojamelhordosul.com.br\\\/site\\\/#organization\",\"name\":\"Loja Melhor do Sul\",\"url\":\"https:\\\/\\\/www.lojamelhordosul.com.br\\\/site\\\/\",\"logo\":{\"@type\":\"ImageObject\",\"inLanguage\":\"pt-BR\",\"@id\":\"https:\\\/\\\/www.lojamelhordosul.com.br\\\/site\\\/#\\\/schema\\\/logo\\\/image\\\/\",\"url\":\"https:\\\/\\\/www.lojamelhordosul.com.br\\\/site\\\/wp-content\\\/uploads\\\/2019\\\/10\\\/logo-longo-da-loja.png\",\"contentUrl\":\"https:\\\/\\\/www.lojamelhordosul.com.br\\\/site\\\/wp-content\\\/uploads\\\/2019\\\/10\\\/logo-longo-da-loja.png\",\"width\":597,\"height\":114,\"caption\":\"Loja Melhor do Sul\"},\"image\":{\"@id\":\"https:\\\/\\\/www.lojamelhordosul.com.br\\\/site\\\/#\\\/schema\\\/logo\\\/image\\\/\"}}]}<\/script>\n<!-- \/ Yoast SEO plugin. -->","yoast_head_json":{"title":"Switch 4 Portas Poe + 2 Uplinks Hz-ef1006p Ea2 Haiz - Loja Melhor do Sul Sistemas de Seguran\u00e7a","robots":{"index":"index","follow":"follow","max-snippet":"max-snippet:-1","max-image-preview":"max-image-preview:large","max-video-preview":"max-video-preview:-1"},"canonical":"https:\/\/www.lojamelhordosul.com.br\/site\/produto\/switch-4-portas-poe-2-uplinks-hz-ef1006p-ea2-2\/","og_locale":"pt_BR","og_type":"article","og_title":"Switch 4 Portas Poe + 2 Uplinks Hz-ef1006p Ea2 Haiz - Loja Melhor do Sul Sistemas de Seguran\u00e7a","og_description":"Especialmente desenvolvido e adaptado para coberturas Wireless AP, Redes de vigil\u00e2ncia, fins de troca de dados da central. Com portas Rj45 que suportam saidas POE com padr\u00f5es internacionais. Porta \u00fanica com voltagem 30W e que podem automaticamente detectar e suprir energia para dispositivos que combinem com padr\u00e3o IEEE 802.3af\/at. Utilizando o produto de maneira s\u00e9ria voc\u00ea pode acessar e manusear Redes POE e dispositivos como pontos de acesso wireless (APS) e c\u00e2meras de vigil\u00e2ncia IPC.","og_url":"https:\/\/www.lojamelhordosul.com.br\/site\/produto\/switch-4-portas-poe-2-uplinks-hz-ef1006p-ea2-2\/","og_site_name":"Loja Melhor do Sul Sistemas de Seguran\u00e7a","article_modified_time":"2025-12-16T20:03:58+00:00","og_image":[{"width":695,"height":381,"url":"https:\/\/www.lojamelhordosul.com.br\/site\/wp-content\/uploads\/2025\/05\/Captura-de-tela-2025-05-20-145632.png","type":"image\/png"}],"twitter_card":"summary_large_image","twitter_misc":{"Est. tempo de leitura":"2 minutos"},"schema":{"@context":"https:\/\/schema.org","@graph":[{"@type":"WebPage","@id":"https:\/\/www.lojamelhordosul.com.br\/site\/produto\/switch-4-portas-poe-2-uplinks-hz-ef1006p-ea2-2\/","url":"https:\/\/www.lojamelhordosul.com.br\/site\/produto\/switch-4-portas-poe-2-uplinks-hz-ef1006p-ea2-2\/","name":"Switch 4 Portas Poe + 2 Uplinks Hz-ef1006p Ea2 Haiz - Loja Melhor do Sul Sistemas de Seguran\u00e7a","isPartOf":{"@id":"https:\/\/www.lojamelhordosul.com.br\/site\/#website"},"primaryImageOfPage":{"@id":"https:\/\/www.lojamelhordosul.com.br\/site\/produto\/switch-4-portas-poe-2-uplinks-hz-ef1006p-ea2-2\/#primaryimage"},"image":{"@id":"https:\/\/www.lojamelhordosul.com.br\/site\/produto\/switch-4-portas-poe-2-uplinks-hz-ef1006p-ea2-2\/#primaryimage"},"thumbnailUrl":"https:\/\/www.lojamelhordosul.com.br\/site\/wp-content\/uploads\/2025\/05\/Captura-de-tela-2025-05-20-145632.png","datePublished":"2025-05-20T17:57:10+00:00","dateModified":"2025-12-16T20:03:58+00:00","breadcrumb":{"@id":"https:\/\/www.lojamelhordosul.com.br\/site\/produto\/switch-4-portas-poe-2-uplinks-hz-ef1006p-ea2-2\/#breadcrumb"},"inLanguage":"pt-BR","potentialAction":[{"@type":"ReadAction","target":["https:\/\/www.lojamelhordosul.com.br\/site\/produto\/switch-4-portas-poe-2-uplinks-hz-ef1006p-ea2-2\/"]}]},{"@type":"ImageObject","inLanguage":"pt-BR","@id":"https:\/\/www.lojamelhordosul.com.br\/site\/produto\/switch-4-portas-poe-2-uplinks-hz-ef1006p-ea2-2\/#primaryimage","url":"https:\/\/www.lojamelhordosul.com.br\/site\/wp-content\/uploads\/2025\/05\/Captura-de-tela-2025-05-20-145632.png","contentUrl":"https:\/\/www.lojamelhordosul.com.br\/site\/wp-content\/uploads\/2025\/05\/Captura-de-tela-2025-05-20-145632.png","width":695,"height":381},{"@type":"BreadcrumbList","@id":"https:\/\/www.lojamelhordosul.com.br\/site\/produto\/switch-4-portas-poe-2-uplinks-hz-ef1006p-ea2-2\/#breadcrumb","itemListElement":[{"@type":"ListItem","position":1,"name":"In\u00edcio","item":"https:\/\/www.lojamelhordosul.com.br\/site\/"},{"@type":"ListItem","position":2,"name":"Loja","item":"https:\/\/www.lojamelhordosul.com.br\/site\/loja\/"},{"@type":"ListItem","position":3,"name":"Switch 4 Portas Poe + 2 Uplinks Hz-ef1006p Ea2 Haiz"}]},{"@type":"WebSite","@id":"https:\/\/www.lojamelhordosul.com.br\/site\/#website","url":"https:\/\/www.lojamelhordosul.com.br\/site\/","name":"Loja Melhor do Sul Sistemas de Seguran\u00e7a","description":"Loja Melhor do Sul - Revenda Ouro Intelbras em Porto Alegre","publisher":{"@id":"https:\/\/www.lojamelhordosul.com.br\/site\/#organization"},"potentialAction":[{"@type":"SearchAction","target":{"@type":"EntryPoint","urlTemplate":"https:\/\/www.lojamelhordosul.com.br\/site\/?s={search_term_string}"},"query-input":{"@type":"PropertyValueSpecification","valueRequired":true,"valueName":"search_term_string"}}],"inLanguage":"pt-BR"},{"@type":"Organization","@id":"https:\/\/www.lojamelhordosul.com.br\/site\/#organization","name":"Loja Melhor do Sul","url":"https:\/\/www.lojamelhordosul.com.br\/site\/","logo":{"@type":"ImageObject","inLanguage":"pt-BR","@id":"https:\/\/www.lojamelhordosul.com.br\/site\/#\/schema\/logo\/image\/","url":"https:\/\/www.lojamelhordosul.com.br\/site\/wp-content\/uploads\/2019\/10\/logo-longo-da-loja.png","contentUrl":"https:\/\/www.lojamelhordosul.com.br\/site\/wp-content\/uploads\/2019\/10\/logo-longo-da-loja.png","width":597,"height":114,"caption":"Loja Melhor do Sul"},"image":{"@id":"https:\/\/www.lojamelhordosul.com.br\/site\/#\/schema\/logo\/image\/"}}]}},"_links":{"self":[{"href":"https:\/\/www.lojamelhordosul.com.br\/site\/wp-json\/wp\/v2\/product\/15134","targetHints":{"allow":["GET"]}}],"collection":[{"href":"https:\/\/www.lojamelhordosul.com.br\/site\/wp-json\/wp\/v2\/product"}],"about":[{"href":"https:\/\/www.lojamelhordosul.com.br\/site\/wp-json\/wp\/v2\/types\/product"}],"replies":[{"embeddable":true,"href":"https:\/\/www.lojamelhordosul.com.br\/site\/wp-json\/wp\/v2\/comments?post=15134"}],"wp:featuredmedia":[{"embeddable":true,"href":"https:\/\/www.lojamelhordosul.com.br\/site\/wp-json\/wp\/v2\/media\/15135"}],"wp:attachment":[{"href":"https:\/\/www.lojamelhordosul.com.br\/site\/wp-json\/wp\/v2\/media?parent=15134"}],"wp:term":[{"taxonomy":"product_brand","embeddable":true,"href":"https:\/\/www.lojamelhordosul.com.br\/site\/wp-json\/wp\/v2\/product_brand?post=15134"},{"taxonomy":"product_cat","embeddable":true,"href":"https:\/\/www.lojamelhordosul.com.br\/site\/wp-json\/wp\/v2\/product_cat?post=15134"},{"taxonomy":"product_tag","embeddable":true,"href":"https:\/\/www.lojamelhordosul.com.br\/site\/wp-json\/wp\/v2\/product_tag?post=15134"}],"curies":[{"name":"wp","href":"https:\/\/api.w.org\/{rel}","templated":true}]}}