{"id":15136,"date":"2025-05-20T15:04:50","date_gmt":"2025-05-20T18:04:50","guid":{"rendered":"https:\/\/www.lojamelhordosul.com.br\/site\/?post_type=product&#038;p=15136"},"modified":"2025-12-16T17:06:55","modified_gmt":"2025-12-16T20:06:55","slug":"switch-haiz-gigabit-5-portas-hz-1005g","status":"publish","type":"product","link":"https:\/\/www.lojamelhordosul.com.br\/site\/produto\/switch-haiz-gigabit-5-portas-hz-1005g\/","title":{"rendered":"Switch Haiz Gigabit 5 Portas Hz-1005g"},"content":{"rendered":"<p>\u2013 5 portas Gigabit RJ45 de Auto-Negocia\u00e7\u00e3o, Suporta Auto MDI \/ MDIX<br \/>\n\u2013 Controle de fluxo IEEE 802.3x fornece transfer\u00eancia confi\u00e1vel de dados<br \/>\n\u2013 Plug and play, nenhuma configura\u00e7\u00e3o necess\u00e1ria.<\/p>\n<p>Ideal para uso em resid\u00eancias ou no seu neg\u00f3cio.<\/p>\n<p>CARACTER\u00cdSTICAS DE HARDWARE<\/p>\n<p>\u2013 Interface 5 portas RJ45 10\/100\/1000Mbps<br \/>\n\u2013 Auto Negocia\u00e7\u00e3o \/ AUTO MDI \/ MDIX<br \/>\n\u2013 Consumo de Energia M\u00e1ximo: 3W (220V\/50Hz)<br \/>\n\u2013 Fonte de Alimenta\u00e7\u00e3o Externa (Sa\u00edda: 9VDC \/ 0.6A)<br \/>\n\u2013 802.3X Flow Control<\/p>\n<p>\u2013 Conte\u00fado do Pacote<br \/>\n\u2013 Switch Gigabit de Mesa de 5 Portas HZ-1005G<br \/>\n\u2013 Adaptador de Energia Bivolt<\/p>\n<p>Garantia do vendedor: 90 dias<\/p>\n","protected":false},"excerpt":{"rendered":"<p>O que esse produto faz:<br \/>\nO switch Gigabit de mesa de 5 portas Gigabit da Haiz oferece uma maneira f\u00e1cil de fazer a transi\u00e7\u00e3o para a Ethernet Gigabit<\/p>\n","protected":false},"featured_media":15138,"comment_status":"closed","ping_status":"closed","template":"","meta":{"rs_blank_template":"","rs_page_bg_color":"","slide_template_v7":""},"product_brand":[],"product_cat":[2774,2781],"product_tag":[],"class_list":{"0":"post-15136","1":"product","2":"type-product","3":"status-publish","4":"has-post-thumbnail","6":"product_cat-redes","7":"product_cat-redes-switches","9":"first","10":"outofstock","11":"shipping-taxable","12":"purchasable","13":"product-type-simple"},"yoast_head":"<!-- This site is optimized with the Yoast SEO plugin v27.6 - https:\/\/yoast.com\/product\/yoast-seo-wordpress\/ -->\n<title>Switch Haiz Gigabit 5 Portas Hz-1005g - Loja Melhor do Sul Sistemas de Seguran\u00e7a<\/title>\n<meta name=\"robots\" content=\"index, follow, max-snippet:-1, max-image-preview:large, max-video-preview:-1\" \/>\n<link rel=\"canonical\" href=\"https:\/\/www.lojamelhordosul.com.br\/site\/produto\/switch-haiz-gigabit-5-portas-hz-1005g\/\" \/>\n<meta property=\"og:locale\" content=\"pt_BR\" \/>\n<meta property=\"og:type\" content=\"article\" \/>\n<meta property=\"og:title\" content=\"Switch Haiz Gigabit 5 Portas Hz-1005g - Loja Melhor do Sul Sistemas de Seguran\u00e7a\" \/>\n<meta property=\"og:description\" content=\"O que esse produto faz: O switch Gigabit de mesa de 5 portas Gigabit da Haiz oferece uma maneira f\u00e1cil de fazer a transi\u00e7\u00e3o para a Ethernet Gigabit\" \/>\n<meta property=\"og:url\" content=\"https:\/\/www.lojamelhordosul.com.br\/site\/produto\/switch-haiz-gigabit-5-portas-hz-1005g\/\" \/>\n<meta property=\"og:site_name\" content=\"Loja Melhor do Sul Sistemas de Seguran\u00e7a\" \/>\n<meta property=\"article:modified_time\" content=\"2025-12-16T20:06:55+00:00\" \/>\n<meta property=\"og:image\" content=\"https:\/\/www.lojamelhordosul.com.br\/site\/wp-content\/uploads\/2025\/05\/Captura-de-tela-2025-05-20-150341.png\" \/>\n\t<meta property=\"og:image:width\" content=\"707\" \/>\n\t<meta property=\"og:image:height\" content=\"393\" \/>\n\t<meta property=\"og:image:type\" content=\"image\/png\" \/>\n<meta name=\"twitter:card\" content=\"summary_large_image\" \/>\n<meta name=\"twitter:label1\" content=\"Est. tempo de leitura\" \/>\n\t<meta name=\"twitter:data1\" content=\"1 minuto\" \/>\n<script type=\"application\/ld+json\" class=\"yoast-schema-graph\">{\"@context\":\"https:\\\/\\\/schema.org\",\"@graph\":[{\"@type\":\"WebPage\",\"@id\":\"https:\\\/\\\/www.lojamelhordosul.com.br\\\/site\\\/produto\\\/switch-haiz-gigabit-5-portas-hz-1005g\\\/\",\"url\":\"https:\\\/\\\/www.lojamelhordosul.com.br\\\/site\\\/produto\\\/switch-haiz-gigabit-5-portas-hz-1005g\\\/\",\"name\":\"Switch Haiz Gigabit 5 Portas Hz-1005g - Loja Melhor do Sul Sistemas de Seguran\u00e7a\",\"isPartOf\":{\"@id\":\"https:\\\/\\\/www.lojamelhordosul.com.br\\\/site\\\/#website\"},\"primaryImageOfPage\":{\"@id\":\"https:\\\/\\\/www.lojamelhordosul.com.br\\\/site\\\/produto\\\/switch-haiz-gigabit-5-portas-hz-1005g\\\/#primaryimage\"},\"image\":{\"@id\":\"https:\\\/\\\/www.lojamelhordosul.com.br\\\/site\\\/produto\\\/switch-haiz-gigabit-5-portas-hz-1005g\\\/#primaryimage\"},\"thumbnailUrl\":\"https:\\\/\\\/www.lojamelhordosul.com.br\\\/site\\\/wp-content\\\/uploads\\\/2025\\\/05\\\/Captura-de-tela-2025-05-20-150341.png\",\"datePublished\":\"2025-05-20T18:04:50+00:00\",\"dateModified\":\"2025-12-16T20:06:55+00:00\",\"breadcrumb\":{\"@id\":\"https:\\\/\\\/www.lojamelhordosul.com.br\\\/site\\\/produto\\\/switch-haiz-gigabit-5-portas-hz-1005g\\\/#breadcrumb\"},\"inLanguage\":\"pt-BR\",\"potentialAction\":[{\"@type\":\"ReadAction\",\"target\":[\"https:\\\/\\\/www.lojamelhordosul.com.br\\\/site\\\/produto\\\/switch-haiz-gigabit-5-portas-hz-1005g\\\/\"]}]},{\"@type\":\"ImageObject\",\"inLanguage\":\"pt-BR\",\"@id\":\"https:\\\/\\\/www.lojamelhordosul.com.br\\\/site\\\/produto\\\/switch-haiz-gigabit-5-portas-hz-1005g\\\/#primaryimage\",\"url\":\"https:\\\/\\\/www.lojamelhordosul.com.br\\\/site\\\/wp-content\\\/uploads\\\/2025\\\/05\\\/Captura-de-tela-2025-05-20-150341.png\",\"contentUrl\":\"https:\\\/\\\/www.lojamelhordosul.com.br\\\/site\\\/wp-content\\\/uploads\\\/2025\\\/05\\\/Captura-de-tela-2025-05-20-150341.png\",\"width\":707,\"height\":393},{\"@type\":\"BreadcrumbList\",\"@id\":\"https:\\\/\\\/www.lojamelhordosul.com.br\\\/site\\\/produto\\\/switch-haiz-gigabit-5-portas-hz-1005g\\\/#breadcrumb\",\"itemListElement\":[{\"@type\":\"ListItem\",\"position\":1,\"name\":\"In\u00edcio\",\"item\":\"https:\\\/\\\/www.lojamelhordosul.com.br\\\/site\\\/\"},{\"@type\":\"ListItem\",\"position\":2,\"name\":\"Loja\",\"item\":\"https:\\\/\\\/www.lojamelhordosul.com.br\\\/site\\\/loja\\\/\"},{\"@type\":\"ListItem\",\"position\":3,\"name\":\"Switch Haiz Gigabit 5 Portas Hz-1005g\"}]},{\"@type\":\"WebSite\",\"@id\":\"https:\\\/\\\/www.lojamelhordosul.com.br\\\/site\\\/#website\",\"url\":\"https:\\\/\\\/www.lojamelhordosul.com.br\\\/site\\\/\",\"name\":\"Loja Melhor do Sul Sistemas de Seguran\u00e7a\",\"description\":\"Loja Melhor do Sul - Revenda Ouro Intelbras em Porto Alegre\",\"publisher\":{\"@id\":\"https:\\\/\\\/www.lojamelhordosul.com.br\\\/site\\\/#organization\"},\"potentialAction\":[{\"@type\":\"SearchAction\",\"target\":{\"@type\":\"EntryPoint\",\"urlTemplate\":\"https:\\\/\\\/www.lojamelhordosul.com.br\\\/site\\\/?s={search_term_string}\"},\"query-input\":{\"@type\":\"PropertyValueSpecification\",\"valueRequired\":true,\"valueName\":\"search_term_string\"}}],\"inLanguage\":\"pt-BR\"},{\"@type\":\"Organization\",\"@id\":\"https:\\\/\\\/www.lojamelhordosul.com.br\\\/site\\\/#organization\",\"name\":\"Loja Melhor do Sul\",\"url\":\"https:\\\/\\\/www.lojamelhordosul.com.br\\\/site\\\/\",\"logo\":{\"@type\":\"ImageObject\",\"inLanguage\":\"pt-BR\",\"@id\":\"https:\\\/\\\/www.lojamelhordosul.com.br\\\/site\\\/#\\\/schema\\\/logo\\\/image\\\/\",\"url\":\"https:\\\/\\\/www.lojamelhordosul.com.br\\\/site\\\/wp-content\\\/uploads\\\/2019\\\/10\\\/logo-longo-da-loja.png\",\"contentUrl\":\"https:\\\/\\\/www.lojamelhordosul.com.br\\\/site\\\/wp-content\\\/uploads\\\/2019\\\/10\\\/logo-longo-da-loja.png\",\"width\":597,\"height\":114,\"caption\":\"Loja Melhor do Sul\"},\"image\":{\"@id\":\"https:\\\/\\\/www.lojamelhordosul.com.br\\\/site\\\/#\\\/schema\\\/logo\\\/image\\\/\"}}]}<\/script>\n<!-- \/ Yoast SEO plugin. -->","yoast_head_json":{"title":"Switch Haiz Gigabit 5 Portas Hz-1005g - Loja Melhor do Sul Sistemas de Seguran\u00e7a","robots":{"index":"index","follow":"follow","max-snippet":"max-snippet:-1","max-image-preview":"max-image-preview:large","max-video-preview":"max-video-preview:-1"},"canonical":"https:\/\/www.lojamelhordosul.com.br\/site\/produto\/switch-haiz-gigabit-5-portas-hz-1005g\/","og_locale":"pt_BR","og_type":"article","og_title":"Switch Haiz Gigabit 5 Portas Hz-1005g - Loja Melhor do Sul Sistemas de Seguran\u00e7a","og_description":"O que esse produto faz: O switch Gigabit de mesa de 5 portas Gigabit da Haiz oferece uma maneira f\u00e1cil de fazer a transi\u00e7\u00e3o para a Ethernet Gigabit","og_url":"https:\/\/www.lojamelhordosul.com.br\/site\/produto\/switch-haiz-gigabit-5-portas-hz-1005g\/","og_site_name":"Loja Melhor do Sul Sistemas de Seguran\u00e7a","article_modified_time":"2025-12-16T20:06:55+00:00","og_image":[{"width":707,"height":393,"url":"https:\/\/www.lojamelhordosul.com.br\/site\/wp-content\/uploads\/2025\/05\/Captura-de-tela-2025-05-20-150341.png","type":"image\/png"}],"twitter_card":"summary_large_image","twitter_misc":{"Est. tempo de leitura":"1 minuto"},"schema":{"@context":"https:\/\/schema.org","@graph":[{"@type":"WebPage","@id":"https:\/\/www.lojamelhordosul.com.br\/site\/produto\/switch-haiz-gigabit-5-portas-hz-1005g\/","url":"https:\/\/www.lojamelhordosul.com.br\/site\/produto\/switch-haiz-gigabit-5-portas-hz-1005g\/","name":"Switch Haiz Gigabit 5 Portas Hz-1005g - Loja Melhor do Sul Sistemas de Seguran\u00e7a","isPartOf":{"@id":"https:\/\/www.lojamelhordosul.com.br\/site\/#website"},"primaryImageOfPage":{"@id":"https:\/\/www.lojamelhordosul.com.br\/site\/produto\/switch-haiz-gigabit-5-portas-hz-1005g\/#primaryimage"},"image":{"@id":"https:\/\/www.lojamelhordosul.com.br\/site\/produto\/switch-haiz-gigabit-5-portas-hz-1005g\/#primaryimage"},"thumbnailUrl":"https:\/\/www.lojamelhordosul.com.br\/site\/wp-content\/uploads\/2025\/05\/Captura-de-tela-2025-05-20-150341.png","datePublished":"2025-05-20T18:04:50+00:00","dateModified":"2025-12-16T20:06:55+00:00","breadcrumb":{"@id":"https:\/\/www.lojamelhordosul.com.br\/site\/produto\/switch-haiz-gigabit-5-portas-hz-1005g\/#breadcrumb"},"inLanguage":"pt-BR","potentialAction":[{"@type":"ReadAction","target":["https:\/\/www.lojamelhordosul.com.br\/site\/produto\/switch-haiz-gigabit-5-portas-hz-1005g\/"]}]},{"@type":"ImageObject","inLanguage":"pt-BR","@id":"https:\/\/www.lojamelhordosul.com.br\/site\/produto\/switch-haiz-gigabit-5-portas-hz-1005g\/#primaryimage","url":"https:\/\/www.lojamelhordosul.com.br\/site\/wp-content\/uploads\/2025\/05\/Captura-de-tela-2025-05-20-150341.png","contentUrl":"https:\/\/www.lojamelhordosul.com.br\/site\/wp-content\/uploads\/2025\/05\/Captura-de-tela-2025-05-20-150341.png","width":707,"height":393},{"@type":"BreadcrumbList","@id":"https:\/\/www.lojamelhordosul.com.br\/site\/produto\/switch-haiz-gigabit-5-portas-hz-1005g\/#breadcrumb","itemListElement":[{"@type":"ListItem","position":1,"name":"In\u00edcio","item":"https:\/\/www.lojamelhordosul.com.br\/site\/"},{"@type":"ListItem","position":2,"name":"Loja","item":"https:\/\/www.lojamelhordosul.com.br\/site\/loja\/"},{"@type":"ListItem","position":3,"name":"Switch Haiz Gigabit 5 Portas Hz-1005g"}]},{"@type":"WebSite","@id":"https:\/\/www.lojamelhordosul.com.br\/site\/#website","url":"https:\/\/www.lojamelhordosul.com.br\/site\/","name":"Loja Melhor do Sul Sistemas de Seguran\u00e7a","description":"Loja Melhor do Sul - Revenda Ouro Intelbras em Porto Alegre","publisher":{"@id":"https:\/\/www.lojamelhordosul.com.br\/site\/#organization"},"potentialAction":[{"@type":"SearchAction","target":{"@type":"EntryPoint","urlTemplate":"https:\/\/www.lojamelhordosul.com.br\/site\/?s={search_term_string}"},"query-input":{"@type":"PropertyValueSpecification","valueRequired":true,"valueName":"search_term_string"}}],"inLanguage":"pt-BR"},{"@type":"Organization","@id":"https:\/\/www.lojamelhordosul.com.br\/site\/#organization","name":"Loja Melhor do Sul","url":"https:\/\/www.lojamelhordosul.com.br\/site\/","logo":{"@type":"ImageObject","inLanguage":"pt-BR","@id":"https:\/\/www.lojamelhordosul.com.br\/site\/#\/schema\/logo\/image\/","url":"https:\/\/www.lojamelhordosul.com.br\/site\/wp-content\/uploads\/2019\/10\/logo-longo-da-loja.png","contentUrl":"https:\/\/www.lojamelhordosul.com.br\/site\/wp-content\/uploads\/2019\/10\/logo-longo-da-loja.png","width":597,"height":114,"caption":"Loja Melhor do Sul"},"image":{"@id":"https:\/\/www.lojamelhordosul.com.br\/site\/#\/schema\/logo\/image\/"}}]}},"_links":{"self":[{"href":"https:\/\/www.lojamelhordosul.com.br\/site\/wp-json\/wp\/v2\/product\/15136","targetHints":{"allow":["GET"]}}],"collection":[{"href":"https:\/\/www.lojamelhordosul.com.br\/site\/wp-json\/wp\/v2\/product"}],"about":[{"href":"https:\/\/www.lojamelhordosul.com.br\/site\/wp-json\/wp\/v2\/types\/product"}],"replies":[{"embeddable":true,"href":"https:\/\/www.lojamelhordosul.com.br\/site\/wp-json\/wp\/v2\/comments?post=15136"}],"wp:featuredmedia":[{"embeddable":true,"href":"https:\/\/www.lojamelhordosul.com.br\/site\/wp-json\/wp\/v2\/media\/15138"}],"wp:attachment":[{"href":"https:\/\/www.lojamelhordosul.com.br\/site\/wp-json\/wp\/v2\/media?parent=15136"}],"wp:term":[{"taxonomy":"product_brand","embeddable":true,"href":"https:\/\/www.lojamelhordosul.com.br\/site\/wp-json\/wp\/v2\/product_brand?post=15136"},{"taxonomy":"product_cat","embeddable":true,"href":"https:\/\/www.lojamelhordosul.com.br\/site\/wp-json\/wp\/v2\/product_cat?post=15136"},{"taxonomy":"product_tag","embeddable":true,"href":"https:\/\/www.lojamelhordosul.com.br\/site\/wp-json\/wp\/v2\/product_tag?post=15136"}],"curies":[{"name":"wp","href":"https:\/\/api.w.org\/{rel}","templated":true}]}}