{"id":15148,"date":"2025-06-06T17:12:07","date_gmt":"2025-06-06T20:12:07","guid":{"rendered":"https:\/\/www.lojamelhordosul.com.br\/site\/?post_type=product&#038;p=15148"},"modified":"2026-03-20T15:18:05","modified_gmt":"2026-03-20T18:18:05","slug":"gravador-ip-com-16-canais-nvd-1516","status":"publish","type":"product","link":"https:\/\/www.lojamelhordosul.com.br\/site\/produto\/gravador-ip-com-16-canais-nvd-1516\/","title":{"rendered":"Gravador IP com 16 canais NVD 1516"},"content":{"rendered":"<div class=\"mt2 mb2 \">\n<h2 class=\"weight--small-300 weight--large-200 block-mini-banner__title h3\">Detec\u00e7\u00e3o Inteligente de Pessoas e Ve\u00edculos<\/h2>\n<\/div>\n<div class=\"text text--300\">\n<div class=\"block-template overflow-hidden\">\n<p>Detec\u00e7\u00e3o em at\u00e9 4 canais via gravador ou recebimento em todos os canais quando utilizado com c\u00e2meras inteligentes compat\u00edveis.<\/p>\n<p>*Quantidade de canais com essa intelig\u00eancia pode variar conforme combina\u00e7\u00e3o de intelig\u00eancias.<\/p>\n<p><img decoding=\"async\" src=\"https:\/\/backend.intelbras.com\/sites\/default\/files\/styles\/large\/public\/2025-04\/deteccao-inteligente-de-pessoas-e-veiculos-nvd-1516.jpg\" alt=\"deteccao-inteligente-de-pessoas-e-veiculos-nvd-1516.jpg\" \/><\/p>\n<div class=\"mt2 mb2 \">\n<div class=\"grid-container \">\n<div class=\"block-mini-banner is-product-page\" data-ga-name=\"section-mini-banner\">\n<div class=\"grid-x grid-container align-middle\">\n<div class=\"cell media-cell medium-6\">\n<div class=\"block-mini-banner__media\">\n<figure class=\"text-center object-fit--contain\"><img decoding=\"async\" src=\"https:\/\/backend.intelbras.com\/sites\/default\/files\/styles\/large\/public\/2025-04\/linha-cerca-virtual-nvd-1516.png\" alt=\"linha-cerca-virtual-nvd-1516.png\" \/><\/figure>\n<p><span class=\"text text--300\"><em>* Imagem ilustrativa<\/em><\/span><\/p>\n<\/div>\n<\/div>\n<div class=\"cell medium-auto\">\n<div class=\"block-mini-banner__content\">\n<div class=\"mt2 mb2 \">\n<h2 class=\"weight--small-300 weight--large-200 block-mini-banner__title h3\">Linha e Cerca Virtual<\/h2>\n<\/div>\n<div class=\"text text--300\">\n<div class=\"block-template overflow-hidden\">\n<p>Capacidade de receber Linha e Cerca em todos os canais. Monitore, defina limites e receba alertas instant\u00e2neos ao detectar invas\u00f5es.<\/p>\n<p>&nbsp;<\/p>\n<p>*Quantidade de canais com essa intelig\u00eancia pode variar conforme combina\u00e7\u00e3o de intelig\u00eancias.<\/p>\n<\/div>\n<\/div>\n<\/div>\n<\/div>\n<\/div>\n<\/div>\n<\/div>\n<\/div>\n<div class=\"mt2 mb2 \">\n<div class=\"grid-container \">\n<div class=\"block-mini-banner is-product-page\" data-ga-name=\"section-mini-banner\">\n<div class=\"grid-x grid-container align-middle\">\n<div class=\"cell media-cell medium-6 medium-order-2 large-offset-1\">\n<div class=\"block-mini-banner__media\">\n<figure class=\"text-center object-fit--contain\"><img decoding=\"async\" src=\"https:\/\/backend.intelbras.com\/sites\/default\/files\/styles\/large\/public\/2025-04\/alta-resolucao-nvd-1516_1.png\" alt=\"alta-resolucao-nvd-1516_1.png\" \/><\/figure>\n<p><span class=\"text text--300\"><em>* Imagem ilustrativa<\/em><\/span><\/p>\n<\/div>\n<\/div>\n<div class=\"cell medium-auto medium-order-1\">\n<div class=\"block-mini-banner__content\">\n<div class=\"mt2 mb2 \">\n<h2 class=\"weight--small-300 weight--large-200 block-mini-banner__title h3\">Alta resolu\u00e7\u00e3o<\/h2>\n<\/div>\n<div class=\"text text--300\">\n<div class=\"block-template overflow-hidden\">\n<p>Grave e tenha todos os detalhes em resolu\u00e7\u00e3o 4K. \u00c9 qualidade Ultra HD para o seu monitoramento e sistema de seguran\u00e7a.<\/p>\n<\/div>\n<\/div>\n<\/div>\n<\/div>\n<\/div>\n<\/div>\n<\/div>\n<\/div>\n<div class=\"mt2 mb2 \">\n<div class=\"grid-container \">\n<div class=\"block-mini-banner is-product-page\" data-ga-name=\"section-mini-banner\">\n<div class=\"grid-x grid-container align-middle\">\n<div class=\"cell media-cell medium-6\">\n<div class=\"block-mini-banner__media\">\n<figure class=\"text-center object-fit--contain\"><img decoding=\"async\" src=\"https:\/\/backend.intelbras.com\/sites\/default\/files\/styles\/large\/public\/2025-04\/excelente-custo-beneficio-nvd-1516_1.png\" alt=\"excelente-custo-beneficio-nvd-1516_1.png\" \/><\/figure>\n<p><span class=\"text text--300\"><em>* Imagem ilustrativa<\/em><\/span><\/p>\n<\/div>\n<\/div>\n<div class=\"cell medium-auto\">\n<div class=\"block-mini-banner__content\">\n<div class=\"mt2 mb2 \">\n<h2 class=\"weight--small-300 weight--large-200 block-mini-banner__title h3\">Excelente Custo-benef\u00edcio<\/h2>\n<\/div>\n<div class=\"text text--300\">\n<div class=\"block-template overflow-hidden\">\n<p>Com qualidade da marca l\u00edder em seguran\u00e7a, o NVD 1516 conta com mais intelig\u00eancia para tornar seu projeto de CFTV mais completo.<\/p>\n<\/div>\n<\/div>\n<\/div>\n<\/div>\n<\/div>\n<\/div>\n<\/div>\n<\/div>\n<div class=\"mt2 mb2 \">\n<div class=\"grid-container \">\n<div class=\"block-mini-banner is-product-page\" data-ga-name=\"section-mini-banner\">\n<div class=\"grid-x grid-container align-middle\">\n<div class=\"cell media-cell medium-6 medium-order-2 large-offset-1\">\n<div class=\"block-mini-banner__media\">\n<figure class=\"text-center object-fit--contain\"><img decoding=\"async\" src=\"https:\/\/backend.intelbras.com\/sites\/default\/files\/styles\/large\/public\/2025-04\/monitore-onde-estiver-nvd-1516.png\" alt=\"monitore-onde-estiver-nvd-1516.png\" \/><\/figure>\n<p><span class=\"text text--300\"><em>* Imagem ilustrativa<\/em><\/span><\/p>\n<\/div>\n<\/div>\n<div class=\"cell medium-auto medium-order-1\">\n<div class=\"block-mini-banner__content\">\n<div class=\"mt2 mb2 \">\n<h2 class=\"weight--small-300 weight--large-200 block-mini-banner__title h3\">Monitore de onde estiver<\/h2>\n<\/div>\n<div class=\"text text--300\">\n<div class=\"block-template overflow-hidden\">\n<p>Acesse as imagens do gravador atrav\u00e9s do seu computador, tablet ou smartphone de maneira r\u00e1pida e pr\u00e1tica. Conhe\u00e7a nossos softwares e aplicativos.<\/p>\n<\/div>\n<\/div>\n<\/div>\n<\/div>\n<\/div>\n<\/div>\n<\/div>\n<\/div>\n<\/div>\n<\/div>\n","protected":false},"excerpt":{"rendered":"<p>\u00bbIA pela c\u00e2mera: Intelig\u00eancias de v\u00eddeo, Detec\u00e7\u00e3o Inteligente de<br \/>\npessoas e ve\u00edculos.<\/p>\n<p>\u00bb IA pelo gravador: Detec\u00e7\u00e3o Inteligente de pessoas e ve\u00edculos<\/p>\n<p>\u00bb Suporta 1 HD SATA<\/p>\n<p>\u00bb Compress\u00e3o de v\u00eddeo H.265 \/ H.265+ \/ H.264 \/ H.264+ \/ MJPEG<\/p>\n<p>\u00bb Throughput de 144 Mbps<\/p>\n<p>\u00bb Resolu\u00e7\u00e3o at\u00e9 12MP<\/p>\n<p>\u00bb Compatibilidade com protocolo Onvif<\/p>\n","protected":false},"featured_media":15149,"comment_status":"closed","ping_status":"closed","template":"","meta":[],"product_brand":[],"product_cat":[2664],"product_tag":[],"class_list":{"0":"post-15148","1":"product","2":"type-product","3":"status-publish","4":"has-post-thumbnail","6":"product_cat-nvr-gravador-seguranca","8":"first","9":"instock","10":"shipping-taxable","11":"purchasable","12":"product-type-simple"},"yoast_head":"<!-- This site is optimized with the Yoast SEO plugin v27.5 - https:\/\/yoast.com\/product\/yoast-seo-wordpress\/ -->\n<title>Gravador IP com 16 canais NVD 1516 - Loja Melhor do Sul Sistemas de Seguran\u00e7a<\/title>\n<meta name=\"robots\" content=\"index, follow, max-snippet:-1, max-image-preview:large, max-video-preview:-1\" \/>\n<link rel=\"canonical\" href=\"https:\/\/www.lojamelhordosul.com.br\/site\/produto\/gravador-ip-com-16-canais-nvd-1516\/\" \/>\n<meta property=\"og:locale\" content=\"pt_BR\" \/>\n<meta property=\"og:type\" content=\"article\" \/>\n<meta property=\"og:title\" content=\"Gravador IP com 16 canais NVD 1516 - Loja Melhor do Sul Sistemas de Seguran\u00e7a\" \/>\n<meta property=\"og:description\" content=\"\u00bbIA pela c\u00e2mera: Intelig\u00eancias de v\u00eddeo, Detec\u00e7\u00e3o Inteligente de pessoas e ve\u00edculos.  \u00bb IA pelo gravador: Detec\u00e7\u00e3o Inteligente de pessoas e ve\u00edculos  \u00bb Suporta 1 HD SATA  \u00bb Compress\u00e3o de v\u00eddeo H.265 \/ H.265+ \/ H.264 \/ H.264+ \/ MJPEG  \u00bb Throughput de 144 Mbps  \u00bb Resolu\u00e7\u00e3o at\u00e9 12MP  \u00bb Compatibilidade com protocolo Onvif\" \/>\n<meta property=\"og:url\" content=\"https:\/\/www.lojamelhordosul.com.br\/site\/produto\/gravador-ip-com-16-canais-nvd-1516\/\" \/>\n<meta property=\"og:site_name\" content=\"Loja Melhor do Sul Sistemas de Seguran\u00e7a\" \/>\n<meta property=\"article:modified_time\" content=\"2026-03-20T18:18:05+00:00\" \/>\n<meta property=\"og:image\" content=\"https:\/\/www.lojamelhordosul.com.br\/site\/wp-content\/uploads\/2025\/06\/nvd-1516-1.png\" \/>\n\t<meta property=\"og:image:width\" content=\"591\" \/>\n\t<meta property=\"og:image:height\" content=\"469\" \/>\n\t<meta property=\"og:image:type\" content=\"image\/png\" \/>\n<meta name=\"twitter:card\" content=\"summary_large_image\" \/>\n<meta name=\"twitter:label1\" content=\"Est. tempo de leitura\" \/>\n\t<meta name=\"twitter:data1\" content=\"3 minutos\" \/>\n<script type=\"application\/ld+json\" class=\"yoast-schema-graph\">{\"@context\":\"https:\\\/\\\/schema.org\",\"@graph\":[{\"@type\":\"WebPage\",\"@id\":\"https:\\\/\\\/www.lojamelhordosul.com.br\\\/site\\\/produto\\\/gravador-ip-com-16-canais-nvd-1516\\\/\",\"url\":\"https:\\\/\\\/www.lojamelhordosul.com.br\\\/site\\\/produto\\\/gravador-ip-com-16-canais-nvd-1516\\\/\",\"name\":\"Gravador IP com 16 canais NVD 1516 - Loja Melhor do Sul Sistemas de Seguran\u00e7a\",\"isPartOf\":{\"@id\":\"https:\\\/\\\/www.lojamelhordosul.com.br\\\/site\\\/#website\"},\"primaryImageOfPage\":{\"@id\":\"https:\\\/\\\/www.lojamelhordosul.com.br\\\/site\\\/produto\\\/gravador-ip-com-16-canais-nvd-1516\\\/#primaryimage\"},\"image\":{\"@id\":\"https:\\\/\\\/www.lojamelhordosul.com.br\\\/site\\\/produto\\\/gravador-ip-com-16-canais-nvd-1516\\\/#primaryimage\"},\"thumbnailUrl\":\"https:\\\/\\\/www.lojamelhordosul.com.br\\\/site\\\/wp-content\\\/uploads\\\/2025\\\/06\\\/nvd-1516-1.png\",\"datePublished\":\"2025-06-06T20:12:07+00:00\",\"dateModified\":\"2026-03-20T18:18:05+00:00\",\"breadcrumb\":{\"@id\":\"https:\\\/\\\/www.lojamelhordosul.com.br\\\/site\\\/produto\\\/gravador-ip-com-16-canais-nvd-1516\\\/#breadcrumb\"},\"inLanguage\":\"pt-BR\",\"potentialAction\":[{\"@type\":\"ReadAction\",\"target\":[\"https:\\\/\\\/www.lojamelhordosul.com.br\\\/site\\\/produto\\\/gravador-ip-com-16-canais-nvd-1516\\\/\"]}]},{\"@type\":\"ImageObject\",\"inLanguage\":\"pt-BR\",\"@id\":\"https:\\\/\\\/www.lojamelhordosul.com.br\\\/site\\\/produto\\\/gravador-ip-com-16-canais-nvd-1516\\\/#primaryimage\",\"url\":\"https:\\\/\\\/www.lojamelhordosul.com.br\\\/site\\\/wp-content\\\/uploads\\\/2025\\\/06\\\/nvd-1516-1.png\",\"contentUrl\":\"https:\\\/\\\/www.lojamelhordosul.com.br\\\/site\\\/wp-content\\\/uploads\\\/2025\\\/06\\\/nvd-1516-1.png\",\"width\":591,\"height\":469},{\"@type\":\"BreadcrumbList\",\"@id\":\"https:\\\/\\\/www.lojamelhordosul.com.br\\\/site\\\/produto\\\/gravador-ip-com-16-canais-nvd-1516\\\/#breadcrumb\",\"itemListElement\":[{\"@type\":\"ListItem\",\"position\":1,\"name\":\"In\u00edcio\",\"item\":\"https:\\\/\\\/www.lojamelhordosul.com.br\\\/site\\\/\"},{\"@type\":\"ListItem\",\"position\":2,\"name\":\"Loja\",\"item\":\"https:\\\/\\\/www.lojamelhordosul.com.br\\\/site\\\/loja\\\/\"},{\"@type\":\"ListItem\",\"position\":3,\"name\":\"Gravador IP com 16 canais NVD 1516\"}]},{\"@type\":\"WebSite\",\"@id\":\"https:\\\/\\\/www.lojamelhordosul.com.br\\\/site\\\/#website\",\"url\":\"https:\\\/\\\/www.lojamelhordosul.com.br\\\/site\\\/\",\"name\":\"Loja Melhor do Sul Sistemas de Seguran\u00e7a\",\"description\":\"Loja Melhor do Sul - Revenda Ouro Intelbras em Porto Alegre\",\"publisher\":{\"@id\":\"https:\\\/\\\/www.lojamelhordosul.com.br\\\/site\\\/#organization\"},\"potentialAction\":[{\"@type\":\"SearchAction\",\"target\":{\"@type\":\"EntryPoint\",\"urlTemplate\":\"https:\\\/\\\/www.lojamelhordosul.com.br\\\/site\\\/?s={search_term_string}\"},\"query-input\":{\"@type\":\"PropertyValueSpecification\",\"valueRequired\":true,\"valueName\":\"search_term_string\"}}],\"inLanguage\":\"pt-BR\"},{\"@type\":\"Organization\",\"@id\":\"https:\\\/\\\/www.lojamelhordosul.com.br\\\/site\\\/#organization\",\"name\":\"Loja Melhor do Sul\",\"url\":\"https:\\\/\\\/www.lojamelhordosul.com.br\\\/site\\\/\",\"logo\":{\"@type\":\"ImageObject\",\"inLanguage\":\"pt-BR\",\"@id\":\"https:\\\/\\\/www.lojamelhordosul.com.br\\\/site\\\/#\\\/schema\\\/logo\\\/image\\\/\",\"url\":\"https:\\\/\\\/www.lojamelhordosul.com.br\\\/site\\\/wp-content\\\/uploads\\\/2019\\\/10\\\/logo-longo-da-loja.png\",\"contentUrl\":\"https:\\\/\\\/www.lojamelhordosul.com.br\\\/site\\\/wp-content\\\/uploads\\\/2019\\\/10\\\/logo-longo-da-loja.png\",\"width\":597,\"height\":114,\"caption\":\"Loja Melhor do Sul\"},\"image\":{\"@id\":\"https:\\\/\\\/www.lojamelhordosul.com.br\\\/site\\\/#\\\/schema\\\/logo\\\/image\\\/\"}}]}<\/script>\n<!-- \/ Yoast SEO plugin. -->","yoast_head_json":{"title":"Gravador IP com 16 canais NVD 1516 - Loja Melhor do Sul Sistemas de Seguran\u00e7a","robots":{"index":"index","follow":"follow","max-snippet":"max-snippet:-1","max-image-preview":"max-image-preview:large","max-video-preview":"max-video-preview:-1"},"canonical":"https:\/\/www.lojamelhordosul.com.br\/site\/produto\/gravador-ip-com-16-canais-nvd-1516\/","og_locale":"pt_BR","og_type":"article","og_title":"Gravador IP com 16 canais NVD 1516 - Loja Melhor do Sul Sistemas de Seguran\u00e7a","og_description":"\u00bbIA pela c\u00e2mera: Intelig\u00eancias de v\u00eddeo, Detec\u00e7\u00e3o Inteligente de pessoas e ve\u00edculos.  \u00bb IA pelo gravador: Detec\u00e7\u00e3o Inteligente de pessoas e ve\u00edculos  \u00bb Suporta 1 HD SATA  \u00bb Compress\u00e3o de v\u00eddeo H.265 \/ H.265+ \/ H.264 \/ H.264+ \/ MJPEG  \u00bb Throughput de 144 Mbps  \u00bb Resolu\u00e7\u00e3o at\u00e9 12MP  \u00bb Compatibilidade com protocolo Onvif","og_url":"https:\/\/www.lojamelhordosul.com.br\/site\/produto\/gravador-ip-com-16-canais-nvd-1516\/","og_site_name":"Loja Melhor do Sul Sistemas de Seguran\u00e7a","article_modified_time":"2026-03-20T18:18:05+00:00","og_image":[{"width":591,"height":469,"url":"https:\/\/www.lojamelhordosul.com.br\/site\/wp-content\/uploads\/2025\/06\/nvd-1516-1.png","type":"image\/png"}],"twitter_card":"summary_large_image","twitter_misc":{"Est. tempo de leitura":"3 minutos"},"schema":{"@context":"https:\/\/schema.org","@graph":[{"@type":"WebPage","@id":"https:\/\/www.lojamelhordosul.com.br\/site\/produto\/gravador-ip-com-16-canais-nvd-1516\/","url":"https:\/\/www.lojamelhordosul.com.br\/site\/produto\/gravador-ip-com-16-canais-nvd-1516\/","name":"Gravador IP com 16 canais NVD 1516 - Loja Melhor do Sul Sistemas de Seguran\u00e7a","isPartOf":{"@id":"https:\/\/www.lojamelhordosul.com.br\/site\/#website"},"primaryImageOfPage":{"@id":"https:\/\/www.lojamelhordosul.com.br\/site\/produto\/gravador-ip-com-16-canais-nvd-1516\/#primaryimage"},"image":{"@id":"https:\/\/www.lojamelhordosul.com.br\/site\/produto\/gravador-ip-com-16-canais-nvd-1516\/#primaryimage"},"thumbnailUrl":"https:\/\/www.lojamelhordosul.com.br\/site\/wp-content\/uploads\/2025\/06\/nvd-1516-1.png","datePublished":"2025-06-06T20:12:07+00:00","dateModified":"2026-03-20T18:18:05+00:00","breadcrumb":{"@id":"https:\/\/www.lojamelhordosul.com.br\/site\/produto\/gravador-ip-com-16-canais-nvd-1516\/#breadcrumb"},"inLanguage":"pt-BR","potentialAction":[{"@type":"ReadAction","target":["https:\/\/www.lojamelhordosul.com.br\/site\/produto\/gravador-ip-com-16-canais-nvd-1516\/"]}]},{"@type":"ImageObject","inLanguage":"pt-BR","@id":"https:\/\/www.lojamelhordosul.com.br\/site\/produto\/gravador-ip-com-16-canais-nvd-1516\/#primaryimage","url":"https:\/\/www.lojamelhordosul.com.br\/site\/wp-content\/uploads\/2025\/06\/nvd-1516-1.png","contentUrl":"https:\/\/www.lojamelhordosul.com.br\/site\/wp-content\/uploads\/2025\/06\/nvd-1516-1.png","width":591,"height":469},{"@type":"BreadcrumbList","@id":"https:\/\/www.lojamelhordosul.com.br\/site\/produto\/gravador-ip-com-16-canais-nvd-1516\/#breadcrumb","itemListElement":[{"@type":"ListItem","position":1,"name":"In\u00edcio","item":"https:\/\/www.lojamelhordosul.com.br\/site\/"},{"@type":"ListItem","position":2,"name":"Loja","item":"https:\/\/www.lojamelhordosul.com.br\/site\/loja\/"},{"@type":"ListItem","position":3,"name":"Gravador IP com 16 canais NVD 1516"}]},{"@type":"WebSite","@id":"https:\/\/www.lojamelhordosul.com.br\/site\/#website","url":"https:\/\/www.lojamelhordosul.com.br\/site\/","name":"Loja Melhor do Sul Sistemas de Seguran\u00e7a","description":"Loja Melhor do Sul - Revenda Ouro Intelbras em Porto Alegre","publisher":{"@id":"https:\/\/www.lojamelhordosul.com.br\/site\/#organization"},"potentialAction":[{"@type":"SearchAction","target":{"@type":"EntryPoint","urlTemplate":"https:\/\/www.lojamelhordosul.com.br\/site\/?s={search_term_string}"},"query-input":{"@type":"PropertyValueSpecification","valueRequired":true,"valueName":"search_term_string"}}],"inLanguage":"pt-BR"},{"@type":"Organization","@id":"https:\/\/www.lojamelhordosul.com.br\/site\/#organization","name":"Loja Melhor do Sul","url":"https:\/\/www.lojamelhordosul.com.br\/site\/","logo":{"@type":"ImageObject","inLanguage":"pt-BR","@id":"https:\/\/www.lojamelhordosul.com.br\/site\/#\/schema\/logo\/image\/","url":"https:\/\/www.lojamelhordosul.com.br\/site\/wp-content\/uploads\/2019\/10\/logo-longo-da-loja.png","contentUrl":"https:\/\/www.lojamelhordosul.com.br\/site\/wp-content\/uploads\/2019\/10\/logo-longo-da-loja.png","width":597,"height":114,"caption":"Loja Melhor do Sul"},"image":{"@id":"https:\/\/www.lojamelhordosul.com.br\/site\/#\/schema\/logo\/image\/"}}]}},"_links":{"self":[{"href":"https:\/\/www.lojamelhordosul.com.br\/site\/wp-json\/wp\/v2\/product\/15148","targetHints":{"allow":["GET"]}}],"collection":[{"href":"https:\/\/www.lojamelhordosul.com.br\/site\/wp-json\/wp\/v2\/product"}],"about":[{"href":"https:\/\/www.lojamelhordosul.com.br\/site\/wp-json\/wp\/v2\/types\/product"}],"replies":[{"embeddable":true,"href":"https:\/\/www.lojamelhordosul.com.br\/site\/wp-json\/wp\/v2\/comments?post=15148"}],"wp:featuredmedia":[{"embeddable":true,"href":"https:\/\/www.lojamelhordosul.com.br\/site\/wp-json\/wp\/v2\/media\/15149"}],"wp:attachment":[{"href":"https:\/\/www.lojamelhordosul.com.br\/site\/wp-json\/wp\/v2\/media?parent=15148"}],"wp:term":[{"taxonomy":"product_brand","embeddable":true,"href":"https:\/\/www.lojamelhordosul.com.br\/site\/wp-json\/wp\/v2\/product_brand?post=15148"},{"taxonomy":"product_cat","embeddable":true,"href":"https:\/\/www.lojamelhordosul.com.br\/site\/wp-json\/wp\/v2\/product_cat?post=15148"},{"taxonomy":"product_tag","embeddable":true,"href":"https:\/\/www.lojamelhordosul.com.br\/site\/wp-json\/wp\/v2\/product_tag?post=15148"}],"curies":[{"name":"wp","href":"https:\/\/api.w.org\/{rel}","templated":true}]}}