{"id":15159,"date":"2025-06-20T15:01:23","date_gmt":"2025-06-20T18:01:23","guid":{"rendered":"https:\/\/www.lojamelhordosul.com.br\/site\/?post_type=product&#038;p=15159"},"modified":"2026-03-13T13:38:52","modified_gmt":"2026-03-13T16:38:52","slug":"camera-externa-inteligente-wi-fi-3mp-360-im9-full-color","status":"publish","type":"product","link":"https:\/\/www.lojamelhordosul.com.br\/site\/produto\/camera-externa-inteligente-wi-fi-3mp-360-im9-full-color\/","title":{"rendered":"C\u00e2mera externa inteligente Wi-Fi 3MP 360\u00b0 iM9+ Full Color"},"content":{"rendered":"<div class=\"mt2 mb2 \">\n<figure class=\"text-center object-fit--contain\"><img decoding=\"async\" src=\"https:\/\/backend.intelbras.com\/sites\/default\/files\/styles\/large\/public\/2024-11\/Duas-cameras-em-um-unico-produto_iM9%2B3MP-Full-Color.jpg\" alt=\"Duas c\u00e2meras em um \u00fanico produto\" \/><\/figure>\n<p><span class=\"text text--300\"><em>* Imagem ilustrativa<\/em><\/span><\/p>\n<h2 class=\"weight--small-300 weight--large-200 block-mini-banner__title h3\">Duas c\u00e2meras em um \u00fanico produto<\/h2>\n<\/div>\n<div class=\"text text--300\">\n<div class=\"block-template overflow-hidden\">\n<p>A iM9+ Full Color apresenta uma solu\u00e7\u00e3o ainda mais abrangente, unindo duas c\u00e2meras em um \u00fanico dispositivo. As lentes trabalham em conjunto para expandir a \u00e1rea monitorada, proporcionando uma vis\u00e3o completa\u00b9 de todo o ambiente.<\/p>\n<p>\u00b9\u00c2ngulo de vis\u00e3o diagonal de 109\u00b0 para cada lente.<\/p>\n<div class=\"mt2 mb2 \">\n<div class=\"grid-container \">\n<div class=\"block-mini-banner is-product-page\" data-ga-name=\"section-mini-banner\">\n<div class=\"grid-x grid-container align-middle\">\n<div class=\"cell media-cell medium-6\">\n<div class=\"block-mini-banner__media\">\n<figure class=\"text-center object-fit--contain\"><img decoding=\"async\" src=\"https:\/\/backend.intelbras.com\/sites\/default\/files\/styles\/large\/public\/2024-11\/Monitoramento-360%C2%B0-com-resolucao-3MP_iM9%2B3MP-Full-Color.jpg\" alt=\"Monitoramento 360\u00b0 com resolu\u00e7\u00e3o 3MP \" \/><\/figure>\n<p><span class=\"text text--300\"><em>* Imagem ilustrativa<\/em><\/span><\/p>\n<\/div>\n<\/div>\n<div class=\"cell medium-auto\">\n<div class=\"block-mini-banner__content\">\n<div class=\"mt2 mb2 \">\n<h2 class=\"weight--small-300 weight--large-200 block-mini-banner__title h3\">Monitoramento 360\u00b0 com resolu\u00e7\u00e3o 3MP<\/h2>\n<\/div>\n<div class=\"text text--300\">\n<div class=\"block-template overflow-hidden\">\n<p>A resolu\u00e7\u00e3o de 3MP em ambas as c\u00e2meras oferece imagens detalhadas, assegurando que nenhum detalhe passe despercebido. O campo de vis\u00e3o de 360\u00b0 complementa essa qualidade, permitindo a captura de todos os \u00e2ngulos com perfei\u00e7\u00e3o.<\/p>\n<\/div>\n<\/div>\n<\/div>\n<\/div>\n<\/div>\n<\/div>\n<\/div>\n<\/div>\n<div class=\"mt2 mb2 \">\n<div class=\"grid-container \">\n<div class=\"block-mini-banner is-product-page\" data-ga-name=\"section-mini-banner\">\n<div class=\"grid-x grid-container align-middle\">\n<div class=\"cell media-cell medium-6 medium-order-2 large-offset-1\">\n<div class=\"block-mini-banner__media\">\n<figure class=\"text-center object-fit--contain\"><img decoding=\"async\" src=\"https:\/\/backend.intelbras.com\/sites\/default\/files\/styles\/large\/public\/2024-11\/Tecnologia-Full-Color_iM9%2B3MP-Full-Color.jpg\" alt=\"Tecnologia Full Color\" \/><\/figure>\n<p><span class=\"text text--300\"><em>* Imagem ilustrativa<\/em><\/span><\/p>\n<\/div>\n<\/div>\n<div class=\"cell medium-auto medium-order-1\">\n<div class=\"block-mini-banner__content\">\n<div class=\"mt2 mb2 \">\n<h2 class=\"weight--small-300 weight--large-200 block-mini-banner__title h3\">Tecnologia Full Color<\/h2>\n<\/div>\n<div class=\"text text--300\">\n<div class=\"block-template overflow-hidden\">\n<p>Acompanhe tudo ao vivo e em cores! A iM9+ Full Color conta com holofotes nas duas c\u00e2meras e captura imagens coloridas 24 horas por dia, mesmo em ambientes sem luminosidade.<\/p>\n<\/div>\n<\/div>\n<\/div>\n<\/div>\n<\/div>\n<\/div>\n<\/div>\n<\/div>\n<div class=\"mt2 mb2 \">\n<div class=\"grid-container \">\n<div class=\"block-mini-banner is-product-page\" data-ga-name=\"section-mini-banner\">\n<div class=\"grid-x grid-container align-middle\">\n<div class=\"cell media-cell medium-6\">\n<div class=\"block-mini-banner__media\">\n<figure class=\"text-center object-fit--contain\"><img decoding=\"async\" src=\"https:\/\/backend.intelbras.com\/sites\/default\/files\/styles\/large\/public\/2024-11\/Interacao-por-voz_iM9%2B3MP-Full-Color.jpg\" alt=\"Intera\u00e7\u00e3o por voz\" \/><\/figure>\n<p><span class=\"text text--300\"><em>* Imagem ilustrativa<\/em><\/span><\/p>\n<\/div>\n<\/div>\n<div class=\"cell medium-auto\">\n<div class=\"block-mini-banner__content\">\n<div class=\"mt2 mb2 \">\n<h2 class=\"weight--small-300 weight--large-200 block-mini-banner__title h3\">Intera\u00e7\u00e3o por voz<\/h2>\n<\/div>\n<div class=\"text text--300\">\n<div class=\"block-template overflow-hidden\">\n<p>Al\u00e9m de ver, \u00e9 poss\u00edvel ouvir e falar com quem est\u00e1 no ambiente monitorado.<\/p>\n<\/div>\n<\/div>\n<\/div>\n<\/div>\n<\/div>\n<\/div>\n<\/div>\n<\/div>\n<div class=\"mt2 mb2 \">\n<div class=\"grid-container \">\n<div class=\"block-mini-banner is-product-page\" data-ga-name=\"section-mini-banner\">\n<div class=\"grid-x grid-container align-middle\">\n<div class=\"cell media-cell medium-6 medium-order-2 large-offset-1\">\n<div class=\"block-mini-banner__media\">\n<figure class=\"text-center object-fit--contain\"><img decoding=\"async\" src=\"https:\/\/backend.intelbras.com\/sites\/default\/files\/styles\/large\/public\/2024-11\/Multiarmazenamento_iM9%2B3MP-Full-Color.jpg\" alt=\"Salve os melhores momentos\" \/><\/figure>\n<p><span class=\"text text--300\"><em>* Imagem ilustrativa<\/em><\/span><\/p>\n<\/div>\n<\/div>\n<div class=\"cell medium-auto medium-order-1\">\n<div class=\"block-mini-banner__content\">\n<div class=\"mt2 mb2 \">\n<h2 class=\"weight--small-300 weight--large-200 block-mini-banner__title h3\">Salve os melhores momentos<\/h2>\n<\/div>\n<div class=\"text text--300\">\n<div class=\"block-template overflow-hidden\">\n<p>Armazene os momentos importantes com seguran\u00e7a no cart\u00e3o microSD\u00b9 de at\u00e9 256GB, em DVR\/NVR com tecnologia Onvif ou pelo servi\u00e7o de grava\u00e7\u00e3o em nuvem Mibo Cloud\u00b2.<\/p>\n<p>\u00b9 Vendido separadamente.<br \/>\n\u00b2 Servi\u00e7o dispon\u00edvel atrav\u00e9s de aquisi\u00e7\u00e3o, n\u00e3o faz parte das funcionalidades padr\u00e3o do produto. Os planos s\u00e3o individuais, ou seja, \u00e9 necess\u00e1rio contratar um plano para cada c\u00e2mera Mibo.<\/p>\n<\/div>\n<\/div>\n<\/div>\n<\/div>\n<\/div>\n<\/div>\n<\/div>\n<\/div>\n<\/div>\n<\/div>\n","protected":false},"excerpt":{"rendered":"<p>A c\u00e2mera de seguran\u00e7a iM9+ Full Color foi desenvolvida para cuidar de sua resid\u00eancia e sua fam\u00edlia mesmo quando<br \/>\nvoc\u00ea estiver ausente. Com as duas lentes, o modelo possibilita que voc\u00ea vigie dois \u00e2ngulos de um mesmo ambiente<br \/>\ncom resolu\u00e7\u00e3o 3MP. Al\u00e9m disso, a iM9+ possui tecnologia Full Color que possibilita a grava\u00e7\u00e3o de imagens coloridas<br \/>\nmesmo em ambientes sem luminosidade. Todo o controle necess\u00e1rio estar\u00e1 nas m\u00e3os do cliente, em qualquer lugar,<br \/>\natrav\u00e9s do smartphone, desde a instala\u00e7\u00e3o e grava\u00e7\u00e3o at\u00e9 o recebimento de notifica\u00e7\u00f5es.<\/p>\n<p>\u00bb Resolu\u00e7\u00e3o 3MP em cada c\u00e2mera<\/p>\n<p>\u00bb Imagens coloridas durante a noite<\/p>\n<p>\u00bb Microfone e alto falante internos<\/p>\n<p>\u00bb Prote\u00e7\u00e3o contra chuva e poeira<\/p>\n<p>\u00bb Aplicativo Mibo Smart<\/p>\n<p>\u00bb Armazenamento em nuvem, microSD ou gravadores<br \/>\nde v\u00eddeo<\/p>\n","protected":false},"featured_media":15160,"comment_status":"closed","ping_status":"closed","template":"","meta":[],"product_brand":[],"product_cat":[1838,2643,2638,2644],"product_tag":[],"class_list":{"0":"post-15159","1":"product","2":"type-product","3":"status-publish","4":"has-post-thumbnail","6":"product_cat-cameras-de-seguranca","7":"product_cat-cameras-wifi-seguranca","8":"product_cat-camera-de-seguranca-full-color","9":"product_cat-cameras-wifi-mibo","11":"first","12":"instock","13":"sale","14":"shipping-taxable","15":"purchasable","16":"product-type-simple"},"yoast_head":"<!-- This site is optimized with the Yoast SEO plugin v27.4 - https:\/\/yoast.com\/product\/yoast-seo-wordpress\/ -->\n<title>C\u00e2mera externa inteligente Wi-Fi 3MP 360\u00b0 iM9+ Full Color - Loja Melhor do Sul Sistemas de Seguran\u00e7a<\/title>\n<meta name=\"robots\" content=\"index, follow, max-snippet:-1, max-image-preview:large, max-video-preview:-1\" \/>\n<link rel=\"canonical\" href=\"https:\/\/www.lojamelhordosul.com.br\/site\/produto\/camera-externa-inteligente-wi-fi-3mp-360-im9-full-color\/\" \/>\n<meta property=\"og:locale\" content=\"pt_BR\" \/>\n<meta property=\"og:type\" content=\"article\" \/>\n<meta property=\"og:title\" content=\"C\u00e2mera externa inteligente Wi-Fi 3MP 360\u00b0 iM9+ Full Color - Loja Melhor do Sul Sistemas de Seguran\u00e7a\" \/>\n<meta property=\"og:description\" content=\"A c\u00e2mera de seguran\u00e7a iM9+ Full Color foi desenvolvida para cuidar de sua resid\u00eancia e sua fam\u00edlia mesmo quando voc\u00ea estiver ausente. Com as duas lentes, o modelo possibilita que voc\u00ea vigie dois \u00e2ngulos de um mesmo ambiente com resolu\u00e7\u00e3o 3MP. Al\u00e9m disso, a iM9+ possui tecnologia Full Color que possibilita a grava\u00e7\u00e3o de imagens coloridas mesmo em ambientes sem luminosidade. Todo o controle necess\u00e1rio estar\u00e1 nas m\u00e3os do cliente, em qualquer lugar, atrav\u00e9s do smartphone, desde a instala\u00e7\u00e3o e grava\u00e7\u00e3o at\u00e9 o recebimento de notifica\u00e7\u00f5es.  \u00bb Resolu\u00e7\u00e3o 3MP em cada c\u00e2mera  \u00bb Imagens coloridas durante a noite  \u00bb Microfone e alto falante internos  \u00bb Prote\u00e7\u00e3o contra chuva e poeira  \u00bb Aplicativo Mibo Smart  \u00bb Armazenamento em nuvem, microSD ou gravadores de v\u00eddeo\" \/>\n<meta property=\"og:url\" content=\"https:\/\/www.lojamelhordosul.com.br\/site\/produto\/camera-externa-inteligente-wi-fi-3mp-360-im9-full-color\/\" \/>\n<meta property=\"og:site_name\" content=\"Loja Melhor do Sul Sistemas de Seguran\u00e7a\" \/>\n<meta property=\"article:modified_time\" content=\"2026-03-13T16:38:52+00:00\" \/>\n<meta property=\"og:image\" content=\"https:\/\/www.lojamelhordosul.com.br\/site\/wp-content\/uploads\/2025\/06\/IM9-.png\" \/>\n\t<meta property=\"og:image:width\" content=\"582\" \/>\n\t<meta property=\"og:image:height\" content=\"492\" \/>\n\t<meta property=\"og:image:type\" content=\"image\/png\" \/>\n<meta name=\"twitter:card\" content=\"summary_large_image\" \/>\n<meta name=\"twitter:label1\" content=\"Est. tempo de leitura\" \/>\n\t<meta name=\"twitter:data1\" content=\"3 minutos\" \/>\n<script type=\"application\/ld+json\" class=\"yoast-schema-graph\">{\"@context\":\"https:\\\/\\\/schema.org\",\"@graph\":[{\"@type\":\"WebPage\",\"@id\":\"https:\\\/\\\/www.lojamelhordosul.com.br\\\/site\\\/produto\\\/camera-externa-inteligente-wi-fi-3mp-360-im9-full-color\\\/\",\"url\":\"https:\\\/\\\/www.lojamelhordosul.com.br\\\/site\\\/produto\\\/camera-externa-inteligente-wi-fi-3mp-360-im9-full-color\\\/\",\"name\":\"C\u00e2mera externa inteligente Wi-Fi 3MP 360\u00b0 iM9+ Full Color - Loja Melhor do Sul Sistemas de Seguran\u00e7a\",\"isPartOf\":{\"@id\":\"https:\\\/\\\/www.lojamelhordosul.com.br\\\/site\\\/#website\"},\"primaryImageOfPage\":{\"@id\":\"https:\\\/\\\/www.lojamelhordosul.com.br\\\/site\\\/produto\\\/camera-externa-inteligente-wi-fi-3mp-360-im9-full-color\\\/#primaryimage\"},\"image\":{\"@id\":\"https:\\\/\\\/www.lojamelhordosul.com.br\\\/site\\\/produto\\\/camera-externa-inteligente-wi-fi-3mp-360-im9-full-color\\\/#primaryimage\"},\"thumbnailUrl\":\"https:\\\/\\\/www.lojamelhordosul.com.br\\\/site\\\/wp-content\\\/uploads\\\/2025\\\/06\\\/IM9-.png\",\"datePublished\":\"2025-06-20T18:01:23+00:00\",\"dateModified\":\"2026-03-13T16:38:52+00:00\",\"breadcrumb\":{\"@id\":\"https:\\\/\\\/www.lojamelhordosul.com.br\\\/site\\\/produto\\\/camera-externa-inteligente-wi-fi-3mp-360-im9-full-color\\\/#breadcrumb\"},\"inLanguage\":\"pt-BR\",\"potentialAction\":[{\"@type\":\"ReadAction\",\"target\":[\"https:\\\/\\\/www.lojamelhordosul.com.br\\\/site\\\/produto\\\/camera-externa-inteligente-wi-fi-3mp-360-im9-full-color\\\/\"]}]},{\"@type\":\"ImageObject\",\"inLanguage\":\"pt-BR\",\"@id\":\"https:\\\/\\\/www.lojamelhordosul.com.br\\\/site\\\/produto\\\/camera-externa-inteligente-wi-fi-3mp-360-im9-full-color\\\/#primaryimage\",\"url\":\"https:\\\/\\\/www.lojamelhordosul.com.br\\\/site\\\/wp-content\\\/uploads\\\/2025\\\/06\\\/IM9-.png\",\"contentUrl\":\"https:\\\/\\\/www.lojamelhordosul.com.br\\\/site\\\/wp-content\\\/uploads\\\/2025\\\/06\\\/IM9-.png\",\"width\":582,\"height\":492},{\"@type\":\"BreadcrumbList\",\"@id\":\"https:\\\/\\\/www.lojamelhordosul.com.br\\\/site\\\/produto\\\/camera-externa-inteligente-wi-fi-3mp-360-im9-full-color\\\/#breadcrumb\",\"itemListElement\":[{\"@type\":\"ListItem\",\"position\":1,\"name\":\"In\u00edcio\",\"item\":\"https:\\\/\\\/www.lojamelhordosul.com.br\\\/site\\\/\"},{\"@type\":\"ListItem\",\"position\":2,\"name\":\"Loja\",\"item\":\"https:\\\/\\\/www.lojamelhordosul.com.br\\\/site\\\/loja\\\/\"},{\"@type\":\"ListItem\",\"position\":3,\"name\":\"C\u00e2mera externa inteligente Wi-Fi 3MP 360\u00b0 iM9+ Full Color\"}]},{\"@type\":\"WebSite\",\"@id\":\"https:\\\/\\\/www.lojamelhordosul.com.br\\\/site\\\/#website\",\"url\":\"https:\\\/\\\/www.lojamelhordosul.com.br\\\/site\\\/\",\"name\":\"Loja Melhor do Sul Sistemas de Seguran\u00e7a\",\"description\":\"Loja Melhor do Sul - Revenda Ouro Intelbras em Porto Alegre\",\"publisher\":{\"@id\":\"https:\\\/\\\/www.lojamelhordosul.com.br\\\/site\\\/#organization\"},\"potentialAction\":[{\"@type\":\"SearchAction\",\"target\":{\"@type\":\"EntryPoint\",\"urlTemplate\":\"https:\\\/\\\/www.lojamelhordosul.com.br\\\/site\\\/?s={search_term_string}\"},\"query-input\":{\"@type\":\"PropertyValueSpecification\",\"valueRequired\":true,\"valueName\":\"search_term_string\"}}],\"inLanguage\":\"pt-BR\"},{\"@type\":\"Organization\",\"@id\":\"https:\\\/\\\/www.lojamelhordosul.com.br\\\/site\\\/#organization\",\"name\":\"Loja Melhor do Sul\",\"url\":\"https:\\\/\\\/www.lojamelhordosul.com.br\\\/site\\\/\",\"logo\":{\"@type\":\"ImageObject\",\"inLanguage\":\"pt-BR\",\"@id\":\"https:\\\/\\\/www.lojamelhordosul.com.br\\\/site\\\/#\\\/schema\\\/logo\\\/image\\\/\",\"url\":\"https:\\\/\\\/www.lojamelhordosul.com.br\\\/site\\\/wp-content\\\/uploads\\\/2019\\\/10\\\/logo-longo-da-loja.png\",\"contentUrl\":\"https:\\\/\\\/www.lojamelhordosul.com.br\\\/site\\\/wp-content\\\/uploads\\\/2019\\\/10\\\/logo-longo-da-loja.png\",\"width\":597,\"height\":114,\"caption\":\"Loja Melhor do Sul\"},\"image\":{\"@id\":\"https:\\\/\\\/www.lojamelhordosul.com.br\\\/site\\\/#\\\/schema\\\/logo\\\/image\\\/\"}}]}<\/script>\n<!-- \/ Yoast SEO plugin. -->","yoast_head_json":{"title":"C\u00e2mera externa inteligente Wi-Fi 3MP 360\u00b0 iM9+ Full Color - Loja Melhor do Sul Sistemas de Seguran\u00e7a","robots":{"index":"index","follow":"follow","max-snippet":"max-snippet:-1","max-image-preview":"max-image-preview:large","max-video-preview":"max-video-preview:-1"},"canonical":"https:\/\/www.lojamelhordosul.com.br\/site\/produto\/camera-externa-inteligente-wi-fi-3mp-360-im9-full-color\/","og_locale":"pt_BR","og_type":"article","og_title":"C\u00e2mera externa inteligente Wi-Fi 3MP 360\u00b0 iM9+ Full Color - Loja Melhor do Sul Sistemas de Seguran\u00e7a","og_description":"A c\u00e2mera de seguran\u00e7a iM9+ Full Color foi desenvolvida para cuidar de sua resid\u00eancia e sua fam\u00edlia mesmo quando voc\u00ea estiver ausente. Com as duas lentes, o modelo possibilita que voc\u00ea vigie dois \u00e2ngulos de um mesmo ambiente com resolu\u00e7\u00e3o 3MP. Al\u00e9m disso, a iM9+ possui tecnologia Full Color que possibilita a grava\u00e7\u00e3o de imagens coloridas mesmo em ambientes sem luminosidade. Todo o controle necess\u00e1rio estar\u00e1 nas m\u00e3os do cliente, em qualquer lugar, atrav\u00e9s do smartphone, desde a instala\u00e7\u00e3o e grava\u00e7\u00e3o at\u00e9 o recebimento de notifica\u00e7\u00f5es.  \u00bb Resolu\u00e7\u00e3o 3MP em cada c\u00e2mera  \u00bb Imagens coloridas durante a noite  \u00bb Microfone e alto falante internos  \u00bb Prote\u00e7\u00e3o contra chuva e poeira  \u00bb Aplicativo Mibo Smart  \u00bb Armazenamento em nuvem, microSD ou gravadores de v\u00eddeo","og_url":"https:\/\/www.lojamelhordosul.com.br\/site\/produto\/camera-externa-inteligente-wi-fi-3mp-360-im9-full-color\/","og_site_name":"Loja Melhor do Sul Sistemas de Seguran\u00e7a","article_modified_time":"2026-03-13T16:38:52+00:00","og_image":[{"width":582,"height":492,"url":"https:\/\/www.lojamelhordosul.com.br\/site\/wp-content\/uploads\/2025\/06\/IM9-.png","type":"image\/png"}],"twitter_card":"summary_large_image","twitter_misc":{"Est. tempo de leitura":"3 minutos"},"schema":{"@context":"https:\/\/schema.org","@graph":[{"@type":"WebPage","@id":"https:\/\/www.lojamelhordosul.com.br\/site\/produto\/camera-externa-inteligente-wi-fi-3mp-360-im9-full-color\/","url":"https:\/\/www.lojamelhordosul.com.br\/site\/produto\/camera-externa-inteligente-wi-fi-3mp-360-im9-full-color\/","name":"C\u00e2mera externa inteligente Wi-Fi 3MP 360\u00b0 iM9+ Full Color - Loja Melhor do Sul Sistemas de Seguran\u00e7a","isPartOf":{"@id":"https:\/\/www.lojamelhordosul.com.br\/site\/#website"},"primaryImageOfPage":{"@id":"https:\/\/www.lojamelhordosul.com.br\/site\/produto\/camera-externa-inteligente-wi-fi-3mp-360-im9-full-color\/#primaryimage"},"image":{"@id":"https:\/\/www.lojamelhordosul.com.br\/site\/produto\/camera-externa-inteligente-wi-fi-3mp-360-im9-full-color\/#primaryimage"},"thumbnailUrl":"https:\/\/www.lojamelhordosul.com.br\/site\/wp-content\/uploads\/2025\/06\/IM9-.png","datePublished":"2025-06-20T18:01:23+00:00","dateModified":"2026-03-13T16:38:52+00:00","breadcrumb":{"@id":"https:\/\/www.lojamelhordosul.com.br\/site\/produto\/camera-externa-inteligente-wi-fi-3mp-360-im9-full-color\/#breadcrumb"},"inLanguage":"pt-BR","potentialAction":[{"@type":"ReadAction","target":["https:\/\/www.lojamelhordosul.com.br\/site\/produto\/camera-externa-inteligente-wi-fi-3mp-360-im9-full-color\/"]}]},{"@type":"ImageObject","inLanguage":"pt-BR","@id":"https:\/\/www.lojamelhordosul.com.br\/site\/produto\/camera-externa-inteligente-wi-fi-3mp-360-im9-full-color\/#primaryimage","url":"https:\/\/www.lojamelhordosul.com.br\/site\/wp-content\/uploads\/2025\/06\/IM9-.png","contentUrl":"https:\/\/www.lojamelhordosul.com.br\/site\/wp-content\/uploads\/2025\/06\/IM9-.png","width":582,"height":492},{"@type":"BreadcrumbList","@id":"https:\/\/www.lojamelhordosul.com.br\/site\/produto\/camera-externa-inteligente-wi-fi-3mp-360-im9-full-color\/#breadcrumb","itemListElement":[{"@type":"ListItem","position":1,"name":"In\u00edcio","item":"https:\/\/www.lojamelhordosul.com.br\/site\/"},{"@type":"ListItem","position":2,"name":"Loja","item":"https:\/\/www.lojamelhordosul.com.br\/site\/loja\/"},{"@type":"ListItem","position":3,"name":"C\u00e2mera externa inteligente Wi-Fi 3MP 360\u00b0 iM9+ Full Color"}]},{"@type":"WebSite","@id":"https:\/\/www.lojamelhordosul.com.br\/site\/#website","url":"https:\/\/www.lojamelhordosul.com.br\/site\/","name":"Loja Melhor do Sul Sistemas de Seguran\u00e7a","description":"Loja Melhor do Sul - Revenda Ouro Intelbras em Porto Alegre","publisher":{"@id":"https:\/\/www.lojamelhordosul.com.br\/site\/#organization"},"potentialAction":[{"@type":"SearchAction","target":{"@type":"EntryPoint","urlTemplate":"https:\/\/www.lojamelhordosul.com.br\/site\/?s={search_term_string}"},"query-input":{"@type":"PropertyValueSpecification","valueRequired":true,"valueName":"search_term_string"}}],"inLanguage":"pt-BR"},{"@type":"Organization","@id":"https:\/\/www.lojamelhordosul.com.br\/site\/#organization","name":"Loja Melhor do Sul","url":"https:\/\/www.lojamelhordosul.com.br\/site\/","logo":{"@type":"ImageObject","inLanguage":"pt-BR","@id":"https:\/\/www.lojamelhordosul.com.br\/site\/#\/schema\/logo\/image\/","url":"https:\/\/www.lojamelhordosul.com.br\/site\/wp-content\/uploads\/2019\/10\/logo-longo-da-loja.png","contentUrl":"https:\/\/www.lojamelhordosul.com.br\/site\/wp-content\/uploads\/2019\/10\/logo-longo-da-loja.png","width":597,"height":114,"caption":"Loja Melhor do Sul"},"image":{"@id":"https:\/\/www.lojamelhordosul.com.br\/site\/#\/schema\/logo\/image\/"}}]}},"_links":{"self":[{"href":"https:\/\/www.lojamelhordosul.com.br\/site\/wp-json\/wp\/v2\/product\/15159","targetHints":{"allow":["GET"]}}],"collection":[{"href":"https:\/\/www.lojamelhordosul.com.br\/site\/wp-json\/wp\/v2\/product"}],"about":[{"href":"https:\/\/www.lojamelhordosul.com.br\/site\/wp-json\/wp\/v2\/types\/product"}],"replies":[{"embeddable":true,"href":"https:\/\/www.lojamelhordosul.com.br\/site\/wp-json\/wp\/v2\/comments?post=15159"}],"wp:featuredmedia":[{"embeddable":true,"href":"https:\/\/www.lojamelhordosul.com.br\/site\/wp-json\/wp\/v2\/media\/15160"}],"wp:attachment":[{"href":"https:\/\/www.lojamelhordosul.com.br\/site\/wp-json\/wp\/v2\/media?parent=15159"}],"wp:term":[{"taxonomy":"product_brand","embeddable":true,"href":"https:\/\/www.lojamelhordosul.com.br\/site\/wp-json\/wp\/v2\/product_brand?post=15159"},{"taxonomy":"product_cat","embeddable":true,"href":"https:\/\/www.lojamelhordosul.com.br\/site\/wp-json\/wp\/v2\/product_cat?post=15159"},{"taxonomy":"product_tag","embeddable":true,"href":"https:\/\/www.lojamelhordosul.com.br\/site\/wp-json\/wp\/v2\/product_tag?post=15159"}],"curies":[{"name":"wp","href":"https:\/\/api.w.org\/{rel}","templated":true}]}}